{"id":4129,"date":"2022-12-13T16:07:31","date_gmt":"2022-12-13T16:07:31","guid":{"rendered":"https:\/\/motoleonardo.com\/?page_id=4129"},"modified":"2025-05-19T08:36:39","modified_gmt":"2025-05-19T08:36:39","slug":"politica-de-devolucao-e-reembolso","status":"publish","type":"page","link":"https:\/\/motoleonardo.com\/?page_id=4129","title":{"rendered":"Pol\u00edtica de Devolu\u00e7\u00e3o e Reembolso"},"content":{"rendered":"\t\t<div data-elementor-type=\"wp-page\" data-elementor-id=\"4129\" class=\"elementor elementor-4129\">\n\t\t\t\t\t\t<section class=\"elementor-section elementor-top-section elementor-element elementor-element-a19aadf elementor-section-boxed elementor-section-height-default elementor-section-height-default wpr-particle-no wpr-jarallax-no wpr-parallax-no wpr-sticky-section-no wpr-equal-height-no\" data-id=\"a19aadf\" data-element_type=\"section\" data-e-type=\"section\">\n\t\t\t\t\t\t<div class=\"elementor-container elementor-column-gap-default\">\n\t\t\t\t\t<div class=\"elementor-column elementor-col-100 elementor-top-column elementor-element elementor-element-211673e\" data-id=\"211673e\" data-element_type=\"column\" data-e-type=\"column\">\n\t\t\t<div class=\"elementor-widget-wrap elementor-element-populated\">\n\t\t\t\t\t\t<div class=\"elementor-element elementor-element-b966b98 elementor-widget elementor-widget-heading\" data-id=\"b966b98\" data-element_type=\"widget\" data-e-type=\"widget\" data-widget_type=\"heading.default\">\n\t\t\t\t<div class=\"elementor-widget-container\">\n\t\t\t\t\t<h2 class=\"elementor-heading-title elementor-size-default\">Pol\u00edtica de Devolu\u00e7\u00f5es e Reembolso<\/h2>\t\t\t\t<\/div>\n\t\t\t\t<\/div>\n\t\t\t\t\t<\/div>\n\t\t<\/div>\n\t\t\t\t\t<\/div>\n\t\t<\/section>\n\t\t\t\t<section class=\"elementor-section elementor-top-section elementor-element elementor-element-9bd8c4f elementor-section-boxed elementor-section-height-default elementor-section-height-default wpr-particle-no wpr-jarallax-no wpr-parallax-no wpr-sticky-section-no wpr-equal-height-no\" data-id=\"9bd8c4f\" data-element_type=\"section\" data-e-type=\"section\">\n\t\t\t\t\t\t<div class=\"elementor-container elementor-column-gap-default\">\n\t\t\t\t\t<div class=\"elementor-column elementor-col-100 elementor-top-column elementor-element elementor-element-9defb85\" data-id=\"9defb85\" data-element_type=\"column\" data-e-type=\"column\">\n\t\t\t<div class=\"elementor-widget-wrap elementor-element-populated\">\n\t\t\t\t\t\t<div class=\"elementor-element elementor-element-85a9eca elementor-widget elementor-widget-text-editor\" data-id=\"85a9eca\" data-element_type=\"widget\" data-e-type=\"widget\" data-widget_type=\"text-editor.default\">\n\t\t\t\t<div class=\"elementor-widget-container\">\n\t\t\t\t\t\t\t\t\t<p>Tem o direito de cancelar o seu pedido dentro de 30 dias, sem fornecer nenhum motivo para faz\u00ea-lo, caso esteja ainda pendente de env\u00edo.<\/p>\n<p>O prazo para cancelar uma encomenda \u00e9 de 14 dias a partir da data de recep\u00e7\u00e3o da mercadoria ou em que um terceiro por si designado, que n\u00e3o seja o transportador, se apodere da mercadoria entregue.<\/p>\n<p>Para exercer o seu direito de cancelamento, dever\u00e1 comunicar-nos a sua decis\u00e3o atrav\u00e9s de uma declara\u00e7\u00e3o clara.<\/p>\n<p>Pode-nos informar da sua decis\u00e3o por email para o geral@motoleonardo.com<\/p>\n<p>N\u00f3s o reembolsaremos em at\u00e9 14 dias a partir do dia em que recebermos os produtos devolvidos. Usaremos o mesmo meio de pagamento que usou para o pedido e n\u00e3o incorrer\u00e1 em nenhuma taxa por esse reembolso.<\/p>\n<h4>Condi\u00e7\u00f5es para devolu\u00e7\u00f5es:<\/h4>\n<p>Para que os bens sejam eleg\u00edveis para devolu\u00e7\u00e3o, certifique-se de que:<\/p>\n<ul>\n<li>Os bens foram adquiridos nos \u00faltimos 14 dias<\/li>\n<li>Os produtos est\u00e3o na embalagem original<\/li>\n<\/ul>\n<p>Os seguintes produtos n\u00e3o podem ser devolvidos:<\/p>\n<ul>\n<li>O fornecimento de produtos feitos de acordo com suas especifica\u00e7\u00f5es ou claramente personalizados.<\/li>\n<li>O fornecimento de bens que, pela sua natureza, n\u00e3o sejam suscet\u00edveis de devolu\u00e7\u00e3o, por exemplo bens que se deteriorem rapidamente ou cujo prazo de validade tenha expirado.<\/li>\n<li>O fornecimento de bens que n\u00e3o sejam suscet\u00edveis de devolu\u00e7\u00e3o por raz\u00f5es de prote\u00e7\u00e3o da sa\u00fade ou higiene e que n\u00e3o tenham selo ap\u00f3s a entrega.<\/li>\n<li>O fornecimento de bens que, ap\u00f3s a entrega, segundo a sua natureza, se misturem indissociavelmente com outros bens.<\/li>\n<\/ul>\n<p>Reservamos o direito de recusar a devolu\u00e7\u00e3o de qualquer mercadoria que n\u00e3o atenda \u00e0s condi\u00e7\u00f5es de devolu\u00e7\u00e3o acima, a nosso exclusivo crit\u00e9rio.<\/p>\n<h4>Devolu\u00e7\u00e3o de mercadorias<\/h4>\n<p>\u00c9 respons\u00e1vel pelo custo total de despesas em portes e do risco na devolu\u00e7\u00e3o da mercadoria. Deve enviar a mercadoria para a seguinte morada:<\/p>\n<p>Rua 1\u00ba de Maio, 2468, 4445-247 Alfena (Concelho de Valongo)<\/p>\n<p>N\u00e3o podemos ser responsabilizados por mercadorias danificadas ou perdidas na devolu\u00e7\u00e3o. Portanto, recomendamos um servi\u00e7o de correio seguro e rastre\u00e1vel. N\u00e3o podemos emitir um reembolso sem o recebimento real das mercadorias ou prova de entrega de devolu\u00e7\u00e3o recebida.<\/p>\n<h4>Presentes:<\/h4>\n<p>Se os produtos foram marcados como um presente quando comprados e enviados diretamente para si, receber\u00e1 um cr\u00e9dito de oferta no valor da sua devolu\u00e7\u00e3o. Assim que o produto devolvido for recebido, um certificado de oferta ser\u00e1 enviado.<\/p>\n<p>Se os produtos n\u00e3o foram marcados como um presente ao serem comprados, ou se o comprador mandou o pedido para si mesmo para entreg\u00e1-lo a outro mais tarde, enviaremos o reembolso ao comprador.<\/p>\n<h4>Fale conosco<\/h4>\n<p>Se tiver alguma d\u00favida sobre a nossa Pol\u00edtica de Devolu\u00e7\u00f5es e Reembolsos, entre em contacto conosco pelo email geral@motoleonardo.com<\/p>\t\t\t\t\t\t\t\t<\/div>\n\t\t\t\t<\/div>\n\t\t\t\t\t<\/div>\n\t\t<\/div>\n\t\t\t\t\t<\/div>\n\t\t<\/section>\n\t\t\t\t<\/div>\n\t\t","protected":false},"excerpt":{"rendered":"<p>Pol\u00edtica de Devolu\u00e7\u00f5es e Reembolso Tem o direito de cancelar o seu pedido dentro de 30 dias, sem fornecer nenhum motivo para faz\u00ea-lo, caso esteja ainda pendente de env\u00edo. O prazo para cancelar uma encomenda \u00e9 de 14 dias a partir da data de recep\u00e7\u00e3o da mercadoria ou em que um terceiro por si designado, que n\u00e3o seja o transportador, se apodere da mercadoria entregue. Para exercer o seu direito de cancelamento, dever\u00e1 comunicar-nos a sua decis\u00e3o atrav\u00e9s de uma declara\u00e7\u00e3o clara. Pode-nos informar da sua decis\u00e3o por email para o geral@motoleonardo.com N\u00f3s o reembolsaremos em at\u00e9 14 dias a partir do dia em que recebermos os produtos devolvidos. Usaremos o mesmo meio de pagamento que usou para o pedido e n\u00e3o incorrer\u00e1 em nenhuma taxa por esse reembolso. Condi\u00e7\u00f5es para devolu\u00e7\u00f5es: Para que os bens sejam eleg\u00edveis para devolu\u00e7\u00e3o, certifique-se de que: Os bens foram adquiridos nos \u00faltimos 14 dias Os produtos est\u00e3o na embalagem original Os seguintes produtos n\u00e3o podem ser devolvidos: O fornecimento de produtos feitos de acordo com suas especifica\u00e7\u00f5es ou claramente personalizados. O fornecimento de bens que, pela sua natureza, n\u00e3o sejam suscet\u00edveis de devolu\u00e7\u00e3o, por exemplo bens que se deteriorem rapidamente ou cujo prazo de validade tenha expirado. O fornecimento de bens que n\u00e3o sejam suscet\u00edveis de devolu\u00e7\u00e3o por raz\u00f5es de prote\u00e7\u00e3o da sa\u00fade ou higiene e que n\u00e3o tenham selo ap\u00f3s a entrega. O fornecimento de bens que, ap\u00f3s a entrega, segundo a sua natureza, se misturem indissociavelmente com outros bens. Reservamos o direito de recusar a devolu\u00e7\u00e3o de qualquer mercadoria que n\u00e3o atenda \u00e0s condi\u00e7\u00f5es de devolu\u00e7\u00e3o acima, a nosso exclusivo crit\u00e9rio. Devolu\u00e7\u00e3o de mercadorias \u00c9 respons\u00e1vel pelo custo total de despesas em portes e do risco na devolu\u00e7\u00e3o da mercadoria. Deve enviar a mercadoria para a seguinte morada: Rua 1\u00ba de Maio, 2468, 4445-247 Alfena (Concelho de Valongo) N\u00e3o podemos ser responsabilizados por mercadorias danificadas ou perdidas na devolu\u00e7\u00e3o. Portanto, recomendamos um servi\u00e7o de correio seguro e rastre\u00e1vel. N\u00e3o podemos emitir um reembolso sem o recebimento real das mercadorias ou prova de entrega de devolu\u00e7\u00e3o recebida. Presentes: Se os produtos foram marcados como um presente quando comprados e enviados diretamente para si, receber\u00e1 um cr\u00e9dito de oferta no valor da sua devolu\u00e7\u00e3o. Assim que o produto devolvido for recebido, um certificado de oferta ser\u00e1 enviado. Se os produtos n\u00e3o foram marcados como um presente ao serem comprados, ou se o comprador mandou o pedido para si mesmo para entreg\u00e1-lo a outro mais tarde, enviaremos o reembolso ao comprador. Fale conosco Se tiver alguma d\u00favida sobre a nossa Pol\u00edtica de Devolu\u00e7\u00f5es e Reembolsos, entre em contacto conosco pelo email geral@motoleonardo.com<\/p>\n","protected":false},"author":1,"featured_media":0,"parent":0,"menu_order":0,"comment_status":"closed","ping_status":"closed","template":"","meta":{"ocean_post_layout":"","ocean_both_sidebars_style":"","ocean_both_sidebars_content_width":0,"ocean_both_sidebars_sidebars_width":0,"ocean_sidebar":"0","ocean_second_sidebar":"0","ocean_disable_margins":"enable","ocean_add_body_class":"","ocean_shortcode_before_top_bar":"","ocean_shortcode_after_top_bar":"","ocean_shortcode_before_header":"","ocean_shortcode_after_header":"","ocean_has_shortcode":"","ocean_shortcode_after_title":"","ocean_shortcode_before_footer_widgets":"","ocean_shortcode_after_footer_widgets":"","ocean_shortcode_before_footer_bottom":"","ocean_shortcode_after_footer_bottom":"","ocean_display_top_bar":"default","ocean_display_header":"default","ocean_header_style":"","ocean_center_header_left_menu":"0","ocean_custom_header_template":"0","ocean_custom_logo":0,"ocean_custom_retina_logo":0,"ocean_custom_logo_max_width":0,"ocean_custom_logo_tablet_max_width":0,"ocean_custom_logo_mobile_max_width":0,"ocean_custom_logo_max_height":0,"ocean_custom_logo_tablet_max_height":0,"ocean_custom_logo_mobile_max_height":0,"ocean_header_custom_menu":"0","ocean_menu_typo_font_family":"0","ocean_menu_typo_font_subset":"","ocean_menu_typo_font_size":0,"ocean_menu_typo_font_size_tablet":0,"ocean_menu_typo_font_size_mobile":0,"ocean_menu_typo_font_size_unit":"px","ocean_menu_typo_font_weight":"","ocean_menu_typo_font_weight_tablet":"","ocean_menu_typo_font_weight_mobile":"","ocean_menu_typo_transform":"","ocean_menu_typo_transform_tablet":"","ocean_menu_typo_transform_mobile":"","ocean_menu_typo_line_height":0,"ocean_menu_typo_line_height_tablet":0,"ocean_menu_typo_line_height_mobile":0,"ocean_menu_typo_line_height_unit":"","ocean_menu_typo_spacing":0,"ocean_menu_typo_spacing_tablet":0,"ocean_menu_typo_spacing_mobile":0,"ocean_menu_typo_spacing_unit":"","ocean_menu_link_color":"","ocean_menu_link_color_hover":"","ocean_menu_link_color_active":"","ocean_menu_link_background":"","ocean_menu_link_hover_background":"","ocean_menu_link_active_background":"","ocean_menu_social_links_bg":"","ocean_menu_social_hover_links_bg":"","ocean_menu_social_links_color":"","ocean_menu_social_hover_links_color":"","ocean_disable_title":"default","ocean_disable_heading":"default","ocean_post_title":"","ocean_post_subheading":"","ocean_post_title_style":"","ocean_post_title_background_color":"","ocean_post_title_background":0,"ocean_post_title_bg_image_position":"","ocean_post_title_bg_image_attachment":"","ocean_post_title_bg_image_repeat":"","ocean_post_title_bg_image_size":"","ocean_post_title_height":0,"ocean_post_title_bg_overlay":0.5,"ocean_post_title_bg_overlay_color":"","ocean_disable_breadcrumbs":"default","ocean_breadcrumbs_color":"","ocean_breadcrumbs_separator_color":"","ocean_breadcrumbs_links_color":"","ocean_breadcrumbs_links_hover_color":"","ocean_display_footer_widgets":"default","ocean_display_footer_bottom":"default","ocean_custom_footer_template":"0","omw_enable_modal_window":"enable","footnotes":""},"class_list":["post-4129","page","type-page","status-publish","hentry","entry","owp-thumbs-layout-horizontal","owp-btn-normal","owp-tabs-layout-horizontal","has-no-thumbnails","has-product-nav"],"yoast_head":"<!-- This site is optimized with the Yoast SEO plugin v27.4 - https:\/\/yoast.com\/product\/yoast-seo-wordpress\/ -->\n<title>Pol\u00edtica de Devolu\u00e7\u00e3o e Reembolso - Moto Leonardo<\/title>\n<meta name=\"robots\" content=\"index, follow, max-snippet:-1, max-image-preview:large, max-video-preview:-1\" \/>\n<link rel=\"canonical\" href=\"https:\/\/motoleonardo.com\/?page_id=4129\" \/>\n<meta property=\"og:locale\" content=\"pt_PT\" \/>\n<meta property=\"og:type\" content=\"article\" \/>\n<meta property=\"og:title\" content=\"Pol\u00edtica de Devolu\u00e7\u00e3o e Reembolso - Moto Leonardo\" \/>\n<meta property=\"og:description\" content=\"Pol\u00edtica de Devolu\u00e7\u00f5es e Reembolso Tem o direito de cancelar o seu pedido dentro de 30 dias, sem fornecer nenhum motivo para faz\u00ea-lo, caso esteja ainda pendente de env\u00edo. O prazo para cancelar uma encomenda \u00e9 de 14 dias a partir da data de recep\u00e7\u00e3o da mercadoria ou em que um terceiro por si designado, que n\u00e3o seja o transportador, se apodere da mercadoria entregue. Para exercer o seu direito de cancelamento, dever\u00e1 comunicar-nos a sua decis\u00e3o atrav\u00e9s de uma declara\u00e7\u00e3o clara. Pode-nos informar da sua decis\u00e3o por email para o geral@motoleonardo.com N\u00f3s o reembolsaremos em at\u00e9 14 dias a partir do dia em que recebermos os produtos devolvidos. Usaremos o mesmo meio de pagamento que usou para o pedido e n\u00e3o incorrer\u00e1 em nenhuma taxa por esse reembolso. Condi\u00e7\u00f5es para devolu\u00e7\u00f5es: Para que os bens sejam eleg\u00edveis para devolu\u00e7\u00e3o, certifique-se de que: Os bens foram adquiridos nos \u00faltimos 14 dias Os produtos est\u00e3o na embalagem original Os seguintes produtos n\u00e3o podem ser devolvidos: O fornecimento de produtos feitos de acordo com suas especifica\u00e7\u00f5es ou claramente personalizados. O fornecimento de bens que, pela sua natureza, n\u00e3o sejam suscet\u00edveis de devolu\u00e7\u00e3o, por exemplo bens que se deteriorem rapidamente ou cujo prazo de validade tenha expirado. O fornecimento de bens que n\u00e3o sejam suscet\u00edveis de devolu\u00e7\u00e3o por raz\u00f5es de prote\u00e7\u00e3o da sa\u00fade ou higiene e que n\u00e3o tenham selo ap\u00f3s a entrega. O fornecimento de bens que, ap\u00f3s a entrega, segundo a sua natureza, se misturem indissociavelmente com outros bens. Reservamos o direito de recusar a devolu\u00e7\u00e3o de qualquer mercadoria que n\u00e3o atenda \u00e0s condi\u00e7\u00f5es de devolu\u00e7\u00e3o acima, a nosso exclusivo crit\u00e9rio. Devolu\u00e7\u00e3o de mercadorias \u00c9 respons\u00e1vel pelo custo total de despesas em portes e do risco na devolu\u00e7\u00e3o da mercadoria. Deve enviar a mercadoria para a seguinte morada: Rua 1\u00ba de Maio, 2468, 4445-247 Alfena (Concelho de Valongo) N\u00e3o podemos ser responsabilizados por mercadorias danificadas ou perdidas na devolu\u00e7\u00e3o. Portanto, recomendamos um servi\u00e7o de correio seguro e rastre\u00e1vel. N\u00e3o podemos emitir um reembolso sem o recebimento real das mercadorias ou prova de entrega de devolu\u00e7\u00e3o recebida. Presentes: Se os produtos foram marcados como um presente quando comprados e enviados diretamente para si, receber\u00e1 um cr\u00e9dito de oferta no valor da sua devolu\u00e7\u00e3o. Assim que o produto devolvido for recebido, um certificado de oferta ser\u00e1 enviado. Se os produtos n\u00e3o foram marcados como um presente ao serem comprados, ou se o comprador mandou o pedido para si mesmo para entreg\u00e1-lo a outro mais tarde, enviaremos o reembolso ao comprador. Fale conosco Se tiver alguma d\u00favida sobre a nossa Pol\u00edtica de Devolu\u00e7\u00f5es e Reembolsos, entre em contacto conosco pelo email geral@motoleonardo.com\" \/>\n<meta property=\"og:url\" content=\"https:\/\/motoleonardo.com\/?page_id=4129\" \/>\n<meta property=\"og:site_name\" content=\"Moto Leonardo\" \/>\n<meta property=\"article:publisher\" content=\"https:\/\/www.facebook.com\/motoleonardopt\" \/>\n<meta property=\"article:modified_time\" content=\"2025-05-19T08:36:39+00:00\" \/>\n<meta property=\"og:image\" content=\"https:\/\/i0.wp.com\/motoleonardo.com\/wp-content\/uploads\/2022\/10\/Professional-Initial-Letter-Typography-Logo.png?fit=500%2C500&ssl=1\" \/>\n\t<meta property=\"og:image:width\" content=\"500\" \/>\n\t<meta property=\"og:image:height\" content=\"500\" \/>\n\t<meta property=\"og:image:type\" content=\"image\/png\" \/>\n<meta name=\"twitter:card\" content=\"summary_large_image\" \/>\n<meta name=\"twitter:label1\" content=\"Tempo estimado de leitura\" \/>\n\t<meta name=\"twitter:data1\" content=\"2 minutos\" \/>\n<script type=\"application\/ld+json\" class=\"yoast-schema-graph\">{\"@context\":\"https:\\\/\\\/schema.org\",\"@graph\":[{\"@type\":\"WebPage\",\"@id\":\"https:\\\/\\\/motoleonardo.com\\\/?page_id=4129\",\"url\":\"https:\\\/\\\/motoleonardo.com\\\/?page_id=4129\",\"name\":\"Pol\u00edtica de Devolu\u00e7\u00e3o e Reembolso - Moto Leonardo\",\"isPartOf\":{\"@id\":\"https:\\\/\\\/motoleonardo.com\\\/#website\"},\"datePublished\":\"2022-12-13T16:07:31+00:00\",\"dateModified\":\"2025-05-19T08:36:39+00:00\",\"breadcrumb\":{\"@id\":\"https:\\\/\\\/motoleonardo.com\\\/?page_id=4129#breadcrumb\"},\"inLanguage\":\"pt-PT\",\"potentialAction\":[{\"@type\":\"ReadAction\",\"target\":[\"https:\\\/\\\/motoleonardo.com\\\/?page_id=4129\"]}]},{\"@type\":\"BreadcrumbList\",\"@id\":\"https:\\\/\\\/motoleonardo.com\\\/?page_id=4129#breadcrumb\",\"itemListElement\":[{\"@type\":\"ListItem\",\"position\":1,\"name\":\"In\u00edcio\",\"item\":\"https:\\\/\\\/motoleonardo.com\\\/\"},{\"@type\":\"ListItem\",\"position\":2,\"name\":\"Pol\u00edtica de Devolu\u00e7\u00e3o e Reembolso\"}]},{\"@type\":\"WebSite\",\"@id\":\"https:\\\/\\\/motoleonardo.com\\\/#website\",\"url\":\"https:\\\/\\\/motoleonardo.com\\\/\",\"name\":\"Moto Leonardo\",\"description\":\"Motas Novas e Usadas - Oficina Multimarcas - Pe\u00e7as, Acess\u00f3rios e Equipamento\",\"publisher\":{\"@id\":\"https:\\\/\\\/motoleonardo.com\\\/#organization\"},\"potentialAction\":[{\"@type\":\"SearchAction\",\"target\":{\"@type\":\"EntryPoint\",\"urlTemplate\":\"https:\\\/\\\/motoleonardo.com\\\/?s={search_term_string}\"},\"query-input\":{\"@type\":\"PropertyValueSpecification\",\"valueRequired\":true,\"valueName\":\"search_term_string\"}}],\"inLanguage\":\"pt-PT\"},{\"@type\":\"Organization\",\"@id\":\"https:\\\/\\\/motoleonardo.com\\\/#organization\",\"name\":\"Moto Leonardo\",\"url\":\"https:\\\/\\\/motoleonardo.com\\\/\",\"logo\":{\"@type\":\"ImageObject\",\"inLanguage\":\"pt-PT\",\"@id\":\"https:\\\/\\\/motoleonardo.com\\\/#\\\/schema\\\/logo\\\/image\\\/\",\"url\":\"https:\\\/\\\/i0.wp.com\\\/motoleonardo.com\\\/wp-content\\\/uploads\\\/2022\\\/10\\\/cropped-Professional-Initial-Letter-Typography-Logo.png?fit=512%2C512&ssl=1\",\"contentUrl\":\"https:\\\/\\\/i0.wp.com\\\/motoleonardo.com\\\/wp-content\\\/uploads\\\/2022\\\/10\\\/cropped-Professional-Initial-Letter-Typography-Logo.png?fit=512%2C512&ssl=1\",\"width\":512,\"height\":512,\"caption\":\"Moto Leonardo\"},\"image\":{\"@id\":\"https:\\\/\\\/motoleonardo.com\\\/#\\\/schema\\\/logo\\\/image\\\/\"},\"sameAs\":[\"https:\\\/\\\/www.facebook.com\\\/motoleonardopt\",\"https:\\\/\\\/www.instagram.com\\\/moto_leonardo\\\/\"]}]}<\/script>\n<!-- \/ Yoast SEO plugin. -->","yoast_head_json":{"title":"Pol\u00edtica de Devolu\u00e7\u00e3o e Reembolso - Moto Leonardo","robots":{"index":"index","follow":"follow","max-snippet":"max-snippet:-1","max-image-preview":"max-image-preview:large","max-video-preview":"max-video-preview:-1"},"canonical":"https:\/\/motoleonardo.com\/?page_id=4129","og_locale":"pt_PT","og_type":"article","og_title":"Pol\u00edtica de Devolu\u00e7\u00e3o e Reembolso - Moto Leonardo","og_description":"Pol\u00edtica de Devolu\u00e7\u00f5es e Reembolso Tem o direito de cancelar o seu pedido dentro de 30 dias, sem fornecer nenhum motivo para faz\u00ea-lo, caso esteja ainda pendente de env\u00edo. O prazo para cancelar uma encomenda \u00e9 de 14 dias a partir da data de recep\u00e7\u00e3o da mercadoria ou em que um terceiro por si designado, que n\u00e3o seja o transportador, se apodere da mercadoria entregue. Para exercer o seu direito de cancelamento, dever\u00e1 comunicar-nos a sua decis\u00e3o atrav\u00e9s de uma declara\u00e7\u00e3o clara. Pode-nos informar da sua decis\u00e3o por email para o geral@motoleonardo.com N\u00f3s o reembolsaremos em at\u00e9 14 dias a partir do dia em que recebermos os produtos devolvidos. Usaremos o mesmo meio de pagamento que usou para o pedido e n\u00e3o incorrer\u00e1 em nenhuma taxa por esse reembolso. Condi\u00e7\u00f5es para devolu\u00e7\u00f5es: Para que os bens sejam eleg\u00edveis para devolu\u00e7\u00e3o, certifique-se de que: Os bens foram adquiridos nos \u00faltimos 14 dias Os produtos est\u00e3o na embalagem original Os seguintes produtos n\u00e3o podem ser devolvidos: O fornecimento de produtos feitos de acordo com suas especifica\u00e7\u00f5es ou claramente personalizados. O fornecimento de bens que, pela sua natureza, n\u00e3o sejam suscet\u00edveis de devolu\u00e7\u00e3o, por exemplo bens que se deteriorem rapidamente ou cujo prazo de validade tenha expirado. O fornecimento de bens que n\u00e3o sejam suscet\u00edveis de devolu\u00e7\u00e3o por raz\u00f5es de prote\u00e7\u00e3o da sa\u00fade ou higiene e que n\u00e3o tenham selo ap\u00f3s a entrega. O fornecimento de bens que, ap\u00f3s a entrega, segundo a sua natureza, se misturem indissociavelmente com outros bens. Reservamos o direito de recusar a devolu\u00e7\u00e3o de qualquer mercadoria que n\u00e3o atenda \u00e0s condi\u00e7\u00f5es de devolu\u00e7\u00e3o acima, a nosso exclusivo crit\u00e9rio. Devolu\u00e7\u00e3o de mercadorias \u00c9 respons\u00e1vel pelo custo total de despesas em portes e do risco na devolu\u00e7\u00e3o da mercadoria. Deve enviar a mercadoria para a seguinte morada: Rua 1\u00ba de Maio, 2468, 4445-247 Alfena (Concelho de Valongo) N\u00e3o podemos ser responsabilizados por mercadorias danificadas ou perdidas na devolu\u00e7\u00e3o. Portanto, recomendamos um servi\u00e7o de correio seguro e rastre\u00e1vel. N\u00e3o podemos emitir um reembolso sem o recebimento real das mercadorias ou prova de entrega de devolu\u00e7\u00e3o recebida. Presentes: Se os produtos foram marcados como um presente quando comprados e enviados diretamente para si, receber\u00e1 um cr\u00e9dito de oferta no valor da sua devolu\u00e7\u00e3o. Assim que o produto devolvido for recebido, um certificado de oferta ser\u00e1 enviado. Se os produtos n\u00e3o foram marcados como um presente ao serem comprados, ou se o comprador mandou o pedido para si mesmo para entreg\u00e1-lo a outro mais tarde, enviaremos o reembolso ao comprador. Fale conosco Se tiver alguma d\u00favida sobre a nossa Pol\u00edtica de Devolu\u00e7\u00f5es e Reembolsos, entre em contacto conosco pelo email geral@motoleonardo.com","og_url":"https:\/\/motoleonardo.com\/?page_id=4129","og_site_name":"Moto Leonardo","article_publisher":"https:\/\/www.facebook.com\/motoleonardopt","article_modified_time":"2025-05-19T08:36:39+00:00","og_image":[{"width":500,"height":500,"url":"https:\/\/i0.wp.com\/motoleonardo.com\/wp-content\/uploads\/2022\/10\/Professional-Initial-Letter-Typography-Logo.png?fit=500%2C500&ssl=1","type":"image\/png"}],"twitter_card":"summary_large_image","twitter_misc":{"Tempo estimado de leitura":"2 minutos"},"schema":{"@context":"https:\/\/schema.org","@graph":[{"@type":"WebPage","@id":"https:\/\/motoleonardo.com\/?page_id=4129","url":"https:\/\/motoleonardo.com\/?page_id=4129","name":"Pol\u00edtica de Devolu\u00e7\u00e3o e Reembolso - Moto Leonardo","isPartOf":{"@id":"https:\/\/motoleonardo.com\/#website"},"datePublished":"2022-12-13T16:07:31+00:00","dateModified":"2025-05-19T08:36:39+00:00","breadcrumb":{"@id":"https:\/\/motoleonardo.com\/?page_id=4129#breadcrumb"},"inLanguage":"pt-PT","potentialAction":[{"@type":"ReadAction","target":["https:\/\/motoleonardo.com\/?page_id=4129"]}]},{"@type":"BreadcrumbList","@id":"https:\/\/motoleonardo.com\/?page_id=4129#breadcrumb","itemListElement":[{"@type":"ListItem","position":1,"name":"In\u00edcio","item":"https:\/\/motoleonardo.com\/"},{"@type":"ListItem","position":2,"name":"Pol\u00edtica de Devolu\u00e7\u00e3o e Reembolso"}]},{"@type":"WebSite","@id":"https:\/\/motoleonardo.com\/#website","url":"https:\/\/motoleonardo.com\/","name":"Moto Leonardo","description":"Motas Novas e Usadas - Oficina Multimarcas - Pe\u00e7as, Acess\u00f3rios e Equipamento","publisher":{"@id":"https:\/\/motoleonardo.com\/#organization"},"potentialAction":[{"@type":"SearchAction","target":{"@type":"EntryPoint","urlTemplate":"https:\/\/motoleonardo.com\/?s={search_term_string}"},"query-input":{"@type":"PropertyValueSpecification","valueRequired":true,"valueName":"search_term_string"}}],"inLanguage":"pt-PT"},{"@type":"Organization","@id":"https:\/\/motoleonardo.com\/#organization","name":"Moto Leonardo","url":"https:\/\/motoleonardo.com\/","logo":{"@type":"ImageObject","inLanguage":"pt-PT","@id":"https:\/\/motoleonardo.com\/#\/schema\/logo\/image\/","url":"https:\/\/i0.wp.com\/motoleonardo.com\/wp-content\/uploads\/2022\/10\/cropped-Professional-Initial-Letter-Typography-Logo.png?fit=512%2C512&ssl=1","contentUrl":"https:\/\/i0.wp.com\/motoleonardo.com\/wp-content\/uploads\/2022\/10\/cropped-Professional-Initial-Letter-Typography-Logo.png?fit=512%2C512&ssl=1","width":512,"height":512,"caption":"Moto Leonardo"},"image":{"@id":"https:\/\/motoleonardo.com\/#\/schema\/logo\/image\/"},"sameAs":["https:\/\/www.facebook.com\/motoleonardopt","https:\/\/www.instagram.com\/moto_leonardo\/"]}]}},"jetpack_sharing_enabled":true,"_links":{"self":[{"href":"https:\/\/motoleonardo.com\/index.php?rest_route=\/wp\/v2\/pages\/4129","targetHints":{"allow":["GET"]}}],"collection":[{"href":"https:\/\/motoleonardo.com\/index.php?rest_route=\/wp\/v2\/pages"}],"about":[{"href":"https:\/\/motoleonardo.com\/index.php?rest_route=\/wp\/v2\/types\/page"}],"author":[{"embeddable":true,"href":"https:\/\/motoleonardo.com\/index.php?rest_route=\/wp\/v2\/users\/1"}],"replies":[{"embeddable":true,"href":"https:\/\/motoleonardo.com\/index.php?rest_route=%2Fwp%2Fv2%2Fcomments&post=4129"}],"version-history":[{"count":6,"href":"https:\/\/motoleonardo.com\/index.php?rest_route=\/wp\/v2\/pages\/4129\/revisions"}],"predecessor-version":[{"id":7951,"href":"https:\/\/motoleonardo.com\/index.php?rest_route=\/wp\/v2\/pages\/4129\/revisions\/7951"}],"wp:attachment":[{"href":"https:\/\/motoleonardo.com\/index.php?rest_route=%2Fwp%2Fv2%2Fmedia&parent=4129"}],"curies":[{"name":"wp","href":"https:\/\/api.w.org\/{rel}","templated":true}]}}