{"id":3400,"date":"2022-10-24T21:32:40","date_gmt":"2022-10-24T21:32:40","guid":{"rendered":"https:\/\/motoleonardo.com\/?post_type=product&#038;p=3400"},"modified":"2022-10-28T08:04:03","modified_gmt":"2022-10-28T08:04:03","slug":"filtro-oleo-kn-kn-138","status":"publish","type":"product","link":"https:\/\/motoleonardo.com\/?product=filtro-oleo-kn-kn-138","title":{"rendered":"K&#038;N Filtro \u00d3leo KN-138"},"content":{"rendered":"<p>Os filtros de \u00f3leo premium da K&amp;N\u00ae para ve\u00edculos powersports utilizam uma inovadora e altamente eficiente m\u00eddia de filtragem de mistura sint\u00e9tica projetada para ser compat\u00edvel com \u00f3leos sint\u00e9ticos, \u00e0 base de petr\u00f3leo e misturados, incluindo as altas concentra\u00e7\u00f5es de \u00f3leos de corrida sint\u00e9ticos. O recipiente pesado \u00e9 projetado para ser excepcionalmente dur\u00e1vel, e uma porca de hex\u00e1lida soldada de 17 mm pode ser usada para uma remo\u00e7\u00e3o r\u00e1pida e f\u00e1cil do filtro. Projetado para suportar taxas de fluxo excepcionalmente altas, ao mesmo tempo em que oferece prote\u00e7\u00e3o excepcional contra contaminantes nocivos do motor, cada filtro foi projetado especificamente para suportar os intervalos de servi\u00e7o recomendados pelos fabricantes de ve\u00edculos e \u00e9 protegido pela Garantia Limitada de 1 Ano da K&amp;N\u00ae.<\/p>\n<p><strong>Verifica qual \u00e9 o filtro de \u00f3leo que a tua mota utiliza em:<\/strong><br \/>\n<a href=\"https:\/\/www.knfilters.com\/oil-filters\">High Flow Oil Filters for Premium Performance | K&amp;N (knfilters.com)<\/a><\/p>\n<div class=\"rcJXh0RKqMgd29N1N-yhV\">\n<div class=\"_2-BnxfM36H_-IfkXI8_9VB\">\n<p><strong>Substitui as refer\u00eancias originais:<\/strong><br \/>\nAprilia 857187<br \/>\nArctic Cat 0436001<br \/>\nArctic Cat 0436146<br \/>\nArctic Cat 0812005<br \/>\nArctic Cat 3402155<br \/>\nFram PH6018<br \/>\nKymco 1541APWB1900<br \/>\nSuzuki 1651003G00<br \/>\nSuzuki 1651003G00X07<br \/>\nSuzuki 1651006B00<br \/>\nSuzuki 1651006B01<br \/>\nSuzuki 1651034E00<\/p>\n<\/div>\n<\/div>\n","protected":false},"excerpt":{"rendered":"<p>Os filtros de \u00f3leo premium da K&amp;N\u00ae para ve\u00edculos powersports utilizam uma inovadora e altamente eficiente m\u00eddia de filtragem de mistura sint\u00e9tica projetada para ser compat\u00edvel com \u00f3leos sint\u00e9ticos, \u00e0 base de petr\u00f3leo e misturados, incluindo as altas concentra\u00e7\u00f5es de \u00f3leos de corrida sint\u00e9ticos. O recipiente pesado \u00e9 projetado para ser excepcionalmente dur\u00e1vel, e uma porca de hex\u00e1lida soldada de 17 mm pode ser usada para uma remo\u00e7\u00e3o r\u00e1pida e f\u00e1cil do filtro. Projetado para suportar taxas de fluxo excepcionalmente altas, ao mesmo tempo em que oferece prote\u00e7\u00e3o excepcional contra contaminantes nocivos do motor, cada filtro foi projetado especificamente para suportar os intervalos de servi\u00e7o recomendados pelos fabricantes de ve\u00edculos e \u00e9 protegido pela Garantia Limitada de 1 Ano da K&amp;N\u00ae. Verifica qual \u00e9 o filtro de \u00f3leo que a tua mota utiliza em: High Flow Oil Filters for Premium Performance | K&amp;N (knfilters.com) Substitui as refer\u00eancias originais: Aprilia 857187 Arctic Cat 0436001 Arctic Cat 0436146 Arctic Cat 0812005 Arctic Cat 3402155 Fram PH6018 Kymco 1541APWB1900 Suzuki 1651003G00 Suzuki 1651003G00X07 Suzuki 1651006B00 Suzuki 1651006B01 Suzuki 1651034E00<\/p>\n","protected":false},"featured_media":3347,"template":"","meta":{"ocean_post_layout":"","ocean_both_sidebars_style":"","ocean_both_sidebars_content_width":0,"ocean_both_sidebars_sidebars_width":0,"ocean_sidebar":"0","ocean_second_sidebar":"0","ocean_disable_margins":"enable","ocean_add_body_class":"","ocean_shortcode_before_top_bar":"","ocean_shortcode_after_top_bar":"","ocean_shortcode_before_header":"","ocean_shortcode_after_header":"","ocean_has_shortcode":"","ocean_shortcode_after_title":"","ocean_shortcode_before_footer_widgets":"","ocean_shortcode_after_footer_widgets":"","ocean_shortcode_before_footer_bottom":"","ocean_shortcode_after_footer_bottom":"","ocean_display_top_bar":"default","ocean_display_header":"default","ocean_header_style":"","ocean_center_header_left_menu":"0","ocean_custom_header_template":"0","ocean_custom_logo":0,"ocean_custom_retina_logo":0,"ocean_custom_logo_max_width":0,"ocean_custom_logo_tablet_max_width":0,"ocean_custom_logo_mobile_max_width":0,"ocean_custom_logo_max_height":0,"ocean_custom_logo_tablet_max_height":0,"ocean_custom_logo_mobile_max_height":0,"ocean_header_custom_menu":"0","ocean_menu_typo_font_family":"0","ocean_menu_typo_font_subset":"","ocean_menu_typo_font_size":0,"ocean_menu_typo_font_size_tablet":0,"ocean_menu_typo_font_size_mobile":0,"ocean_menu_typo_font_size_unit":"px","ocean_menu_typo_font_weight":"","ocean_menu_typo_font_weight_tablet":"","ocean_menu_typo_font_weight_mobile":"","ocean_menu_typo_transform":"","ocean_menu_typo_transform_tablet":"","ocean_menu_typo_transform_mobile":"","ocean_menu_typo_line_height":0,"ocean_menu_typo_line_height_tablet":0,"ocean_menu_typo_line_height_mobile":0,"ocean_menu_typo_line_height_unit":"","ocean_menu_typo_spacing":0,"ocean_menu_typo_spacing_tablet":0,"ocean_menu_typo_spacing_mobile":0,"ocean_menu_typo_spacing_unit":"","ocean_menu_link_color":"","ocean_menu_link_color_hover":"","ocean_menu_link_color_active":"","ocean_menu_link_background":"","ocean_menu_link_hover_background":"","ocean_menu_link_active_background":"","ocean_menu_social_links_bg":"","ocean_menu_social_hover_links_bg":"","ocean_menu_social_links_color":"","ocean_menu_social_hover_links_color":"","ocean_disable_title":"default","ocean_disable_heading":"default","ocean_post_title":"","ocean_post_subheading":"","ocean_post_title_style":"","ocean_post_title_background_color":"","ocean_post_title_background":0,"ocean_post_title_bg_image_position":"","ocean_post_title_bg_image_attachment":"","ocean_post_title_bg_image_repeat":"","ocean_post_title_bg_image_size":"","ocean_post_title_height":0,"ocean_post_title_bg_overlay":0.5,"ocean_post_title_bg_overlay_color":"","ocean_disable_breadcrumbs":"default","ocean_breadcrumbs_color":"","ocean_breadcrumbs_separator_color":"","ocean_breadcrumbs_links_color":"","ocean_breadcrumbs_links_hover_color":"","ocean_display_footer_widgets":"default","ocean_display_footer_bottom":"default","ocean_custom_footer_template":"0","omw_enable_modal_window":"enable"},"product_brand":[],"product_cat":[73,68],"product_tag":[107,103,74,104,106,86,105],"class_list":{"0":"post-3400","1":"product","2":"type-product","3":"status-publish","4":"has-post-thumbnail","6":"product_cat-filtros-de-oleo","7":"product_cat-manutencao","8":"product_tag-arctic-cat","9":"product_tag-filtro","10":"product_tag-kn","11":"product_tag-kn-138","12":"product_tag-kymco","13":"product_tag-oleo","14":"product_tag-suzuki","16":"entry","17":"has-media","19":"first","20":"instock","21":"shipping-taxable","22":"purchasable","23":"product-type-simple","24":"has-product-nav","25":"col","26":"span_1_of_4","27":"owp-content-right","28":"owp-thumbs-layout-horizontal","29":"owp-btn-normal","30":"owp-tabs-layout-horizontal"},"yoast_head":"<!-- This site is optimized with the Yoast SEO plugin v27.4 - https:\/\/yoast.com\/product\/yoast-seo-wordpress\/ -->\n<title>K&amp;N Filtro \u00d3leo KN-138 - Moto Leonardo<\/title>\n<meta name=\"robots\" content=\"index, follow, max-snippet:-1, max-image-preview:large, max-video-preview:-1\" \/>\n<link rel=\"canonical\" href=\"https:\/\/motoleonardo.com\/?product=filtro-oleo-kn-kn-138\" \/>\n<meta property=\"og:locale\" content=\"pt_PT\" \/>\n<meta property=\"og:type\" content=\"article\" \/>\n<meta property=\"og:title\" content=\"K&amp;N Filtro \u00d3leo KN-138 - Moto Leonardo\" \/>\n<meta property=\"og:description\" content=\"Os filtros de \u00f3leo premium da K&amp;N\u00ae para ve\u00edculos powersports utilizam uma inovadora e altamente eficiente m\u00eddia de filtragem de mistura sint\u00e9tica projetada para ser compat\u00edvel com \u00f3leos sint\u00e9ticos, \u00e0 base de petr\u00f3leo e misturados, incluindo as altas concentra\u00e7\u00f5es de \u00f3leos de corrida sint\u00e9ticos. O recipiente pesado \u00e9 projetado para ser excepcionalmente dur\u00e1vel, e uma porca de hex\u00e1lida soldada de 17 mm pode ser usada para uma remo\u00e7\u00e3o r\u00e1pida e f\u00e1cil do filtro. Projetado para suportar taxas de fluxo excepcionalmente altas, ao mesmo tempo em que oferece prote\u00e7\u00e3o excepcional contra contaminantes nocivos do motor, cada filtro foi projetado especificamente para suportar os intervalos de servi\u00e7o recomendados pelos fabricantes de ve\u00edculos e \u00e9 protegido pela Garantia Limitada de 1 Ano da K&amp;N\u00ae. Verifica qual \u00e9 o filtro de \u00f3leo que a tua mota utiliza em: High Flow Oil Filters for Premium Performance | K&amp;N (knfilters.com) Substitui as refer\u00eancias originais: Aprilia 857187 Arctic Cat 0436001 Arctic Cat 0436146 Arctic Cat 0812005 Arctic Cat 3402155 Fram PH6018 Kymco 1541APWB1900 Suzuki 1651003G00 Suzuki 1651003G00X07 Suzuki 1651006B00 Suzuki 1651006B01 Suzuki 1651034E00\" \/>\n<meta property=\"og:url\" content=\"https:\/\/motoleonardo.com\/?product=filtro-oleo-kn-kn-138\" \/>\n<meta property=\"og:site_name\" content=\"Moto Leonardo\" \/>\n<meta property=\"article:publisher\" content=\"https:\/\/www.facebook.com\/motoleonardopt\" \/>\n<meta property=\"article:modified_time\" content=\"2022-10-28T08:04:03+00:00\" \/>\n<meta property=\"og:image\" content=\"https:\/\/i0.wp.com\/motoleonardo.com\/wp-content\/uploads\/2022\/10\/KN-204-1_4.webp?fit=500%2C500&ssl=1\" \/>\n\t<meta property=\"og:image:width\" content=\"500\" \/>\n\t<meta property=\"og:image:height\" content=\"500\" \/>\n\t<meta property=\"og:image:type\" content=\"image\/webp\" \/>\n<meta name=\"twitter:card\" content=\"summary_large_image\" \/>\n<meta name=\"twitter:label1\" content=\"Tempo estimado de leitura\" \/>\n\t<meta name=\"twitter:data1\" content=\"1 minuto\" \/>\n<script type=\"application\/ld+json\" class=\"yoast-schema-graph\">{\"@context\":\"https:\\\/\\\/schema.org\",\"@graph\":[{\"@type\":\"WebPage\",\"@id\":\"https:\\\/\\\/motoleonardo.com\\\/?product=filtro-oleo-kn-kn-138\",\"url\":\"https:\\\/\\\/motoleonardo.com\\\/?product=filtro-oleo-kn-kn-138\",\"name\":\"K&N Filtro \u00d3leo KN-138 - Moto Leonardo\",\"isPartOf\":{\"@id\":\"https:\\\/\\\/motoleonardo.com\\\/#website\"},\"primaryImageOfPage\":{\"@id\":\"https:\\\/\\\/motoleonardo.com\\\/?product=filtro-oleo-kn-kn-138#primaryimage\"},\"image\":{\"@id\":\"https:\\\/\\\/motoleonardo.com\\\/?product=filtro-oleo-kn-kn-138#primaryimage\"},\"thumbnailUrl\":\"https:\\\/\\\/i0.wp.com\\\/motoleonardo.com\\\/wp-content\\\/uploads\\\/2022\\\/10\\\/KN-204-1_4.webp?fit=500%2C500&ssl=1\",\"datePublished\":\"2022-10-24T21:32:40+00:00\",\"dateModified\":\"2022-10-28T08:04:03+00:00\",\"breadcrumb\":{\"@id\":\"https:\\\/\\\/motoleonardo.com\\\/?product=filtro-oleo-kn-kn-138#breadcrumb\"},\"inLanguage\":\"pt-PT\",\"potentialAction\":[{\"@type\":\"ReadAction\",\"target\":[\"https:\\\/\\\/motoleonardo.com\\\/?product=filtro-oleo-kn-kn-138\"]}]},{\"@type\":\"ImageObject\",\"inLanguage\":\"pt-PT\",\"@id\":\"https:\\\/\\\/motoleonardo.com\\\/?product=filtro-oleo-kn-kn-138#primaryimage\",\"url\":\"https:\\\/\\\/i0.wp.com\\\/motoleonardo.com\\\/wp-content\\\/uploads\\\/2022\\\/10\\\/KN-204-1_4.webp?fit=500%2C500&ssl=1\",\"contentUrl\":\"https:\\\/\\\/i0.wp.com\\\/motoleonardo.com\\\/wp-content\\\/uploads\\\/2022\\\/10\\\/KN-204-1_4.webp?fit=500%2C500&ssl=1\",\"width\":500,\"height\":500},{\"@type\":\"BreadcrumbList\",\"@id\":\"https:\\\/\\\/motoleonardo.com\\\/?product=filtro-oleo-kn-kn-138#breadcrumb\",\"itemListElement\":[{\"@type\":\"ListItem\",\"position\":1,\"name\":\"In\u00edcio\",\"item\":\"https:\\\/\\\/motoleonardo.com\\\/\"},{\"@type\":\"ListItem\",\"position\":2,\"name\":\"Todas Categorias\",\"item\":\"https:\\\/\\\/motoleonardo.com\\\/?page_id=252\"},{\"@type\":\"ListItem\",\"position\":3,\"name\":\"K&#038;N Filtro \u00d3leo KN-138\"}]},{\"@type\":\"WebSite\",\"@id\":\"https:\\\/\\\/motoleonardo.com\\\/#website\",\"url\":\"https:\\\/\\\/motoleonardo.com\\\/\",\"name\":\"Moto Leonardo\",\"description\":\"Motas Novas e Usadas - Oficina Multimarcas - Pe\u00e7as, Acess\u00f3rios e Equipamento\",\"publisher\":{\"@id\":\"https:\\\/\\\/motoleonardo.com\\\/#organization\"},\"potentialAction\":[{\"@type\":\"SearchAction\",\"target\":{\"@type\":\"EntryPoint\",\"urlTemplate\":\"https:\\\/\\\/motoleonardo.com\\\/?s={search_term_string}\"},\"query-input\":{\"@type\":\"PropertyValueSpecification\",\"valueRequired\":true,\"valueName\":\"search_term_string\"}}],\"inLanguage\":\"pt-PT\"},{\"@type\":\"Organization\",\"@id\":\"https:\\\/\\\/motoleonardo.com\\\/#organization\",\"name\":\"Moto Leonardo\",\"url\":\"https:\\\/\\\/motoleonardo.com\\\/\",\"logo\":{\"@type\":\"ImageObject\",\"inLanguage\":\"pt-PT\",\"@id\":\"https:\\\/\\\/motoleonardo.com\\\/#\\\/schema\\\/logo\\\/image\\\/\",\"url\":\"https:\\\/\\\/i0.wp.com\\\/motoleonardo.com\\\/wp-content\\\/uploads\\\/2022\\\/10\\\/cropped-Professional-Initial-Letter-Typography-Logo.png?fit=512%2C512&ssl=1\",\"contentUrl\":\"https:\\\/\\\/i0.wp.com\\\/motoleonardo.com\\\/wp-content\\\/uploads\\\/2022\\\/10\\\/cropped-Professional-Initial-Letter-Typography-Logo.png?fit=512%2C512&ssl=1\",\"width\":512,\"height\":512,\"caption\":\"Moto Leonardo\"},\"image\":{\"@id\":\"https:\\\/\\\/motoleonardo.com\\\/#\\\/schema\\\/logo\\\/image\\\/\"},\"sameAs\":[\"https:\\\/\\\/www.facebook.com\\\/motoleonardopt\",\"https:\\\/\\\/www.instagram.com\\\/moto_leonardo\\\/\"]}]}<\/script>\n<!-- \/ Yoast SEO plugin. -->","yoast_head_json":{"title":"K&N Filtro \u00d3leo KN-138 - Moto Leonardo","robots":{"index":"index","follow":"follow","max-snippet":"max-snippet:-1","max-image-preview":"max-image-preview:large","max-video-preview":"max-video-preview:-1"},"canonical":"https:\/\/motoleonardo.com\/?product=filtro-oleo-kn-kn-138","og_locale":"pt_PT","og_type":"article","og_title":"K&N Filtro \u00d3leo KN-138 - Moto Leonardo","og_description":"Os filtros de \u00f3leo premium da K&amp;N\u00ae para ve\u00edculos powersports utilizam uma inovadora e altamente eficiente m\u00eddia de filtragem de mistura sint\u00e9tica projetada para ser compat\u00edvel com \u00f3leos sint\u00e9ticos, \u00e0 base de petr\u00f3leo e misturados, incluindo as altas concentra\u00e7\u00f5es de \u00f3leos de corrida sint\u00e9ticos. O recipiente pesado \u00e9 projetado para ser excepcionalmente dur\u00e1vel, e uma porca de hex\u00e1lida soldada de 17 mm pode ser usada para uma remo\u00e7\u00e3o r\u00e1pida e f\u00e1cil do filtro. Projetado para suportar taxas de fluxo excepcionalmente altas, ao mesmo tempo em que oferece prote\u00e7\u00e3o excepcional contra contaminantes nocivos do motor, cada filtro foi projetado especificamente para suportar os intervalos de servi\u00e7o recomendados pelos fabricantes de ve\u00edculos e \u00e9 protegido pela Garantia Limitada de 1 Ano da K&amp;N\u00ae. Verifica qual \u00e9 o filtro de \u00f3leo que a tua mota utiliza em: High Flow Oil Filters for Premium Performance | K&amp;N (knfilters.com) Substitui as refer\u00eancias originais: Aprilia 857187 Arctic Cat 0436001 Arctic Cat 0436146 Arctic Cat 0812005 Arctic Cat 3402155 Fram PH6018 Kymco 1541APWB1900 Suzuki 1651003G00 Suzuki 1651003G00X07 Suzuki 1651006B00 Suzuki 1651006B01 Suzuki 1651034E00","og_url":"https:\/\/motoleonardo.com\/?product=filtro-oleo-kn-kn-138","og_site_name":"Moto Leonardo","article_publisher":"https:\/\/www.facebook.com\/motoleonardopt","article_modified_time":"2022-10-28T08:04:03+00:00","og_image":[{"width":500,"height":500,"url":"https:\/\/i0.wp.com\/motoleonardo.com\/wp-content\/uploads\/2022\/10\/KN-204-1_4.webp?fit=500%2C500&ssl=1","type":"image\/webp"}],"twitter_card":"summary_large_image","twitter_misc":{"Tempo estimado de leitura":"1 minuto"},"schema":{"@context":"https:\/\/schema.org","@graph":[{"@type":"WebPage","@id":"https:\/\/motoleonardo.com\/?product=filtro-oleo-kn-kn-138","url":"https:\/\/motoleonardo.com\/?product=filtro-oleo-kn-kn-138","name":"K&N Filtro \u00d3leo KN-138 - Moto Leonardo","isPartOf":{"@id":"https:\/\/motoleonardo.com\/#website"},"primaryImageOfPage":{"@id":"https:\/\/motoleonardo.com\/?product=filtro-oleo-kn-kn-138#primaryimage"},"image":{"@id":"https:\/\/motoleonardo.com\/?product=filtro-oleo-kn-kn-138#primaryimage"},"thumbnailUrl":"https:\/\/i0.wp.com\/motoleonardo.com\/wp-content\/uploads\/2022\/10\/KN-204-1_4.webp?fit=500%2C500&ssl=1","datePublished":"2022-10-24T21:32:40+00:00","dateModified":"2022-10-28T08:04:03+00:00","breadcrumb":{"@id":"https:\/\/motoleonardo.com\/?product=filtro-oleo-kn-kn-138#breadcrumb"},"inLanguage":"pt-PT","potentialAction":[{"@type":"ReadAction","target":["https:\/\/motoleonardo.com\/?product=filtro-oleo-kn-kn-138"]}]},{"@type":"ImageObject","inLanguage":"pt-PT","@id":"https:\/\/motoleonardo.com\/?product=filtro-oleo-kn-kn-138#primaryimage","url":"https:\/\/i0.wp.com\/motoleonardo.com\/wp-content\/uploads\/2022\/10\/KN-204-1_4.webp?fit=500%2C500&ssl=1","contentUrl":"https:\/\/i0.wp.com\/motoleonardo.com\/wp-content\/uploads\/2022\/10\/KN-204-1_4.webp?fit=500%2C500&ssl=1","width":500,"height":500},{"@type":"BreadcrumbList","@id":"https:\/\/motoleonardo.com\/?product=filtro-oleo-kn-kn-138#breadcrumb","itemListElement":[{"@type":"ListItem","position":1,"name":"In\u00edcio","item":"https:\/\/motoleonardo.com\/"},{"@type":"ListItem","position":2,"name":"Todas Categorias","item":"https:\/\/motoleonardo.com\/?page_id=252"},{"@type":"ListItem","position":3,"name":"K&#038;N Filtro \u00d3leo KN-138"}]},{"@type":"WebSite","@id":"https:\/\/motoleonardo.com\/#website","url":"https:\/\/motoleonardo.com\/","name":"Moto Leonardo","description":"Motas Novas e Usadas - Oficina Multimarcas - Pe\u00e7as, Acess\u00f3rios e Equipamento","publisher":{"@id":"https:\/\/motoleonardo.com\/#organization"},"potentialAction":[{"@type":"SearchAction","target":{"@type":"EntryPoint","urlTemplate":"https:\/\/motoleonardo.com\/?s={search_term_string}"},"query-input":{"@type":"PropertyValueSpecification","valueRequired":true,"valueName":"search_term_string"}}],"inLanguage":"pt-PT"},{"@type":"Organization","@id":"https:\/\/motoleonardo.com\/#organization","name":"Moto Leonardo","url":"https:\/\/motoleonardo.com\/","logo":{"@type":"ImageObject","inLanguage":"pt-PT","@id":"https:\/\/motoleonardo.com\/#\/schema\/logo\/image\/","url":"https:\/\/i0.wp.com\/motoleonardo.com\/wp-content\/uploads\/2022\/10\/cropped-Professional-Initial-Letter-Typography-Logo.png?fit=512%2C512&ssl=1","contentUrl":"https:\/\/i0.wp.com\/motoleonardo.com\/wp-content\/uploads\/2022\/10\/cropped-Professional-Initial-Letter-Typography-Logo.png?fit=512%2C512&ssl=1","width":512,"height":512,"caption":"Moto Leonardo"},"image":{"@id":"https:\/\/motoleonardo.com\/#\/schema\/logo\/image\/"},"sameAs":["https:\/\/www.facebook.com\/motoleonardopt","https:\/\/www.instagram.com\/moto_leonardo\/"]}]}},"jetpack_sharing_enabled":true,"_links":{"self":[{"href":"https:\/\/motoleonardo.com\/index.php?rest_route=\/wp\/v2\/product\/3400","targetHints":{"allow":["GET"]}}],"collection":[{"href":"https:\/\/motoleonardo.com\/index.php?rest_route=\/wp\/v2\/product"}],"about":[{"href":"https:\/\/motoleonardo.com\/index.php?rest_route=\/wp\/v2\/types\/product"}],"wp:featuredmedia":[{"embeddable":true,"href":"https:\/\/motoleonardo.com\/index.php?rest_route=\/wp\/v2\/media\/3347"}],"wp:attachment":[{"href":"https:\/\/motoleonardo.com\/index.php?rest_route=%2Fwp%2Fv2%2Fmedia&parent=3400"}],"wp:term":[{"taxonomy":"product_brand","embeddable":true,"href":"https:\/\/motoleonardo.com\/index.php?rest_route=%2Fwp%2Fv2%2Fproduct_brand&post=3400"},{"taxonomy":"product_cat","embeddable":true,"href":"https:\/\/motoleonardo.com\/index.php?rest_route=%2Fwp%2Fv2%2Fproduct_cat&post=3400"},{"taxonomy":"product_tag","embeddable":true,"href":"https:\/\/motoleonardo.com\/index.php?rest_route=%2Fwp%2Fv2%2Fproduct_tag&post=3400"}],"curies":[{"name":"wp","href":"https:\/\/api.w.org\/{rel}","templated":true}]}}