{"id":3607,"date":"2022-10-28T08:52:24","date_gmt":"2022-10-28T08:52:24","guid":{"rendered":"https:\/\/motoleonardo.com\/?post_type=product&#038;p=3607"},"modified":"2022-10-28T08:53:51","modified_gmt":"2022-10-28T08:53:51","slug":"kn-filtro-oleo-kn-303","status":"publish","type":"product","link":"https:\/\/motoleonardo.com\/?product=kn-filtro-oleo-kn-303","title":{"rendered":"K&#038;N Filtro \u00d3leo KN-303"},"content":{"rendered":"<p>Os filtros de \u00f3leo premium da K&amp;N\u00ae para ve\u00edculos powersports utilizam uma inovadora e altamente eficiente m\u00eddia de filtragem de mistura sint\u00e9tica projetada para ser compat\u00edvel com \u00f3leos sint\u00e9ticos, \u00e0 base de petr\u00f3leo e misturados, incluindo as altas concentra\u00e7\u00f5es de \u00f3leos de corrida sint\u00e9ticos. O recipiente pesado \u00e9 projetado para ser excepcionalmente dur\u00e1vel, e uma porca de hex\u00e1lida soldada de 17 mm pode ser usada para uma remo\u00e7\u00e3o r\u00e1pida e f\u00e1cil do filtro. Projetado para suportar taxas de fluxo excepcionalmente altas, ao mesmo tempo em que oferece prote\u00e7\u00e3o excepcional contra contaminantes nocivos do motor, cada filtro foi projetado especificamente para suportar os intervalos de servi\u00e7o recomendados pelos fabricantes de ve\u00edculos e \u00e9 protegido pela Garantia Limitada de 1 Ano da K&amp;N\u00ae.<\/p>\n<p><strong>Verifica qual \u00e9 o filtro de \u00f3leo que a tua mota utiliza em:<\/strong><br \/>\n<a href=\"https:\/\/www.knfilters.com\/oil-filters\">High Flow Oil Filters for Premium Performance | K&amp;N (knfilters.com)<\/a><\/p>\n<p><strong>Substitui as refer\u00eancias originais:<br \/>\n<\/strong>Arctic Cat 3201451<br \/>\nFram PH6017A<br \/>\nHonda 15410MM5003<br \/>\nHonda 15410MM9003<br \/>\nHonda 15410MM9013<br \/>\nHonda 15410MM9405<br \/>\nHonda 15410MT7003<br \/>\nKawasaki 160970002<br \/>\nKawasaki 160970004<br \/>\nKawasaki 160970008<br \/>\nKawasaki 160970011<br \/>\nKawasaki 160971059<br \/>\nKawasaki 160971061<br \/>\nKawasaki 160971063<br \/>\nKawasaki 160971064<br \/>\nKawasaki 160971066<br \/>\nKawasaki 160971067<br \/>\nKawasaki 160971068<br \/>\nKawasaki 160971070<br \/>\nKawasaki 160971072<br \/>\nPolaris 2520799<br \/>\nPolaris 3084963<br \/>\nYamaha 3FV134400000<br \/>\nYamaha 3FV134401000<br \/>\nYamaha 3FV134402000<br \/>\nYamaha 5GH134400000<br \/>\nYamaha 5GH134401000<br \/>\nYamaha 5GH134403000<\/p>\n","protected":false},"excerpt":{"rendered":"<p>Os filtros de \u00f3leo premium da K&amp;N\u00ae para ve\u00edculos powersports utilizam uma inovadora e altamente eficiente m\u00eddia de filtragem de mistura sint\u00e9tica projetada para ser compat\u00edvel com \u00f3leos sint\u00e9ticos, \u00e0 base de petr\u00f3leo e misturados, incluindo as altas concentra\u00e7\u00f5es de \u00f3leos de corrida sint\u00e9ticos. O recipiente pesado \u00e9 projetado para ser excepcionalmente dur\u00e1vel, e uma porca de hex\u00e1lida soldada de 17 mm pode ser usada para uma remo\u00e7\u00e3o r\u00e1pida e f\u00e1cil do filtro. Projetado para suportar taxas de fluxo excepcionalmente altas, ao mesmo tempo em que oferece prote\u00e7\u00e3o excepcional contra contaminantes nocivos do motor, cada filtro foi projetado especificamente para suportar os intervalos de servi\u00e7o recomendados pelos fabricantes de ve\u00edculos e \u00e9 protegido pela Garantia Limitada de 1 Ano da K&amp;N\u00ae. Verifica qual \u00e9 o filtro de \u00f3leo que a tua mota utiliza em: High Flow Oil Filters for Premium Performance | K&amp;N (knfilters.com) Substitui as refer\u00eancias originais: Arctic Cat 3201451 Fram PH6017A Honda 15410MM5003 Honda 15410MM9003 Honda 15410MM9013 Honda 15410MM9405 Honda 15410MT7003 Kawasaki 160970002 Kawasaki 160970004 Kawasaki 160970008 Kawasaki 160970011 Kawasaki 160971059 Kawasaki 160971061 Kawasaki 160971063 Kawasaki 160971064 Kawasaki 160971066 Kawasaki 160971067 Kawasaki 160971068 Kawasaki 160971070 Kawasaki 160971072 Polaris 2520799 Polaris 3084963 Yamaha 3FV134400000 Yamaha 3FV134401000 Yamaha 3FV134402000 Yamaha 5GH134400000 Yamaha 5GH134401000 Yamaha 5GH134403000<\/p>\n","protected":false},"featured_media":3608,"template":"","meta":{"ocean_post_layout":"","ocean_both_sidebars_style":"","ocean_both_sidebars_content_width":0,"ocean_both_sidebars_sidebars_width":0,"ocean_sidebar":"0","ocean_second_sidebar":"0","ocean_disable_margins":"enable","ocean_add_body_class":"","ocean_shortcode_before_top_bar":"","ocean_shortcode_after_top_bar":"","ocean_shortcode_before_header":"","ocean_shortcode_after_header":"","ocean_has_shortcode":"","ocean_shortcode_after_title":"","ocean_shortcode_before_footer_widgets":"","ocean_shortcode_after_footer_widgets":"","ocean_shortcode_before_footer_bottom":"","ocean_shortcode_after_footer_bottom":"","ocean_display_top_bar":"default","ocean_display_header":"default","ocean_header_style":"","ocean_center_header_left_menu":"0","ocean_custom_header_template":"0","ocean_custom_logo":0,"ocean_custom_retina_logo":0,"ocean_custom_logo_max_width":0,"ocean_custom_logo_tablet_max_width":0,"ocean_custom_logo_mobile_max_width":0,"ocean_custom_logo_max_height":0,"ocean_custom_logo_tablet_max_height":0,"ocean_custom_logo_mobile_max_height":0,"ocean_header_custom_menu":"0","ocean_menu_typo_font_family":"0","ocean_menu_typo_font_subset":"","ocean_menu_typo_font_size":0,"ocean_menu_typo_font_size_tablet":0,"ocean_menu_typo_font_size_mobile":0,"ocean_menu_typo_font_size_unit":"px","ocean_menu_typo_font_weight":"","ocean_menu_typo_font_weight_tablet":"","ocean_menu_typo_font_weight_mobile":"","ocean_menu_typo_transform":"","ocean_menu_typo_transform_tablet":"","ocean_menu_typo_transform_mobile":"","ocean_menu_typo_line_height":0,"ocean_menu_typo_line_height_tablet":0,"ocean_menu_typo_line_height_mobile":0,"ocean_menu_typo_line_height_unit":"","ocean_menu_typo_spacing":0,"ocean_menu_typo_spacing_tablet":0,"ocean_menu_typo_spacing_mobile":0,"ocean_menu_typo_spacing_unit":"","ocean_menu_link_color":"","ocean_menu_link_color_hover":"","ocean_menu_link_color_active":"","ocean_menu_link_background":"","ocean_menu_link_hover_background":"","ocean_menu_link_active_background":"","ocean_menu_social_links_bg":"","ocean_menu_social_hover_links_bg":"","ocean_menu_social_links_color":"","ocean_menu_social_hover_links_color":"","ocean_disable_title":"default","ocean_disable_heading":"default","ocean_post_title":"","ocean_post_subheading":"","ocean_post_title_style":"","ocean_post_title_background_color":"","ocean_post_title_background":0,"ocean_post_title_bg_image_position":"","ocean_post_title_bg_image_attachment":"","ocean_post_title_bg_image_repeat":"","ocean_post_title_bg_image_size":"","ocean_post_title_height":0,"ocean_post_title_bg_overlay":0.5,"ocean_post_title_bg_overlay_color":"","ocean_disable_breadcrumbs":"default","ocean_breadcrumbs_color":"","ocean_breadcrumbs_separator_color":"","ocean_breadcrumbs_links_color":"","ocean_breadcrumbs_links_hover_color":"","ocean_display_footer_widgets":"default","ocean_display_footer_bottom":"default","ocean_custom_footer_template":"0","omw_enable_modal_window":"enable"},"product_brand":[],"product_cat":[73,68],"product_tag":[107,197,208,74,212,215,216,77],"class_list":{"0":"post-3607","1":"product","2":"type-product","3":"status-publish","4":"has-post-thumbnail","6":"product_cat-filtros-de-oleo","7":"product_cat-manutencao","8":"product_tag-arctic-cat","9":"product_tag-filtro-oleo","10":"product_tag-fram","11":"product_tag-kn","12":"product_tag-kawasaki","13":"product_tag-kn-303","14":"product_tag-polaris","15":"product_tag-yamaha","17":"entry","18":"has-media","20":"first","21":"instock","22":"shipping-taxable","23":"purchasable","24":"product-type-simple","25":"has-product-nav","26":"col","27":"span_1_of_4","28":"owp-content-right","29":"owp-thumbs-layout-horizontal","30":"owp-btn-normal","31":"owp-tabs-layout-horizontal"},"yoast_head":"<!-- This site is optimized with the Yoast SEO plugin v27.4 - https:\/\/yoast.com\/product\/yoast-seo-wordpress\/ -->\n<title>K&amp;N Filtro \u00d3leo KN-303 - Moto Leonardo<\/title>\n<meta name=\"robots\" content=\"index, follow, max-snippet:-1, max-image-preview:large, max-video-preview:-1\" \/>\n<link rel=\"canonical\" href=\"https:\/\/motoleonardo.com\/?product=kn-filtro-oleo-kn-303\" \/>\n<meta property=\"og:locale\" content=\"pt_PT\" \/>\n<meta property=\"og:type\" content=\"article\" \/>\n<meta property=\"og:title\" content=\"K&amp;N Filtro \u00d3leo KN-303 - Moto Leonardo\" \/>\n<meta property=\"og:description\" content=\"Os filtros de \u00f3leo premium da K&amp;N\u00ae para ve\u00edculos powersports utilizam uma inovadora e altamente eficiente m\u00eddia de filtragem de mistura sint\u00e9tica projetada para ser compat\u00edvel com \u00f3leos sint\u00e9ticos, \u00e0 base de petr\u00f3leo e misturados, incluindo as altas concentra\u00e7\u00f5es de \u00f3leos de corrida sint\u00e9ticos. O recipiente pesado \u00e9 projetado para ser excepcionalmente dur\u00e1vel, e uma porca de hex\u00e1lida soldada de 17 mm pode ser usada para uma remo\u00e7\u00e3o r\u00e1pida e f\u00e1cil do filtro. Projetado para suportar taxas de fluxo excepcionalmente altas, ao mesmo tempo em que oferece prote\u00e7\u00e3o excepcional contra contaminantes nocivos do motor, cada filtro foi projetado especificamente para suportar os intervalos de servi\u00e7o recomendados pelos fabricantes de ve\u00edculos e \u00e9 protegido pela Garantia Limitada de 1 Ano da K&amp;N\u00ae. Verifica qual \u00e9 o filtro de \u00f3leo que a tua mota utiliza em: High Flow Oil Filters for Premium Performance | K&amp;N (knfilters.com) Substitui as refer\u00eancias originais: Arctic Cat 3201451 Fram PH6017A Honda 15410MM5003 Honda 15410MM9003 Honda 15410MM9013 Honda 15410MM9405 Honda 15410MT7003 Kawasaki 160970002 Kawasaki 160970004 Kawasaki 160970008 Kawasaki 160970011 Kawasaki 160971059 Kawasaki 160971061 Kawasaki 160971063 Kawasaki 160971064 Kawasaki 160971066 Kawasaki 160971067 Kawasaki 160971068 Kawasaki 160971070 Kawasaki 160971072 Polaris 2520799 Polaris 3084963 Yamaha 3FV134400000 Yamaha 3FV134401000 Yamaha 3FV134402000 Yamaha 5GH134400000 Yamaha 5GH134401000 Yamaha 5GH134403000\" \/>\n<meta property=\"og:url\" content=\"https:\/\/motoleonardo.com\/?product=kn-filtro-oleo-kn-303\" \/>\n<meta property=\"og:site_name\" content=\"Moto Leonardo\" \/>\n<meta property=\"article:publisher\" content=\"https:\/\/www.facebook.com\/motoleonardopt\" \/>\n<meta property=\"article:modified_time\" content=\"2022-10-28T08:53:51+00:00\" \/>\n<meta property=\"og:image\" content=\"https:\/\/i0.wp.com\/motoleonardo.com\/wp-content\/uploads\/2022\/10\/KN-303_4.webp?fit=500%2C500&ssl=1\" \/>\n\t<meta property=\"og:image:width\" content=\"500\" \/>\n\t<meta property=\"og:image:height\" content=\"500\" \/>\n\t<meta property=\"og:image:type\" content=\"image\/webp\" \/>\n<meta name=\"twitter:card\" content=\"summary_large_image\" \/>\n<meta name=\"twitter:label1\" content=\"Tempo estimado de leitura\" \/>\n\t<meta name=\"twitter:data1\" content=\"1 minuto\" \/>\n<script type=\"application\/ld+json\" class=\"yoast-schema-graph\">{\"@context\":\"https:\\\/\\\/schema.org\",\"@graph\":[{\"@type\":\"WebPage\",\"@id\":\"https:\\\/\\\/motoleonardo.com\\\/?product=kn-filtro-oleo-kn-303\",\"url\":\"https:\\\/\\\/motoleonardo.com\\\/?product=kn-filtro-oleo-kn-303\",\"name\":\"K&N Filtro \u00d3leo KN-303 - Moto Leonardo\",\"isPartOf\":{\"@id\":\"https:\\\/\\\/motoleonardo.com\\\/#website\"},\"primaryImageOfPage\":{\"@id\":\"https:\\\/\\\/motoleonardo.com\\\/?product=kn-filtro-oleo-kn-303#primaryimage\"},\"image\":{\"@id\":\"https:\\\/\\\/motoleonardo.com\\\/?product=kn-filtro-oleo-kn-303#primaryimage\"},\"thumbnailUrl\":\"https:\\\/\\\/i0.wp.com\\\/motoleonardo.com\\\/wp-content\\\/uploads\\\/2022\\\/10\\\/KN-303_4.webp?fit=500%2C500&ssl=1\",\"datePublished\":\"2022-10-28T08:52:24+00:00\",\"dateModified\":\"2022-10-28T08:53:51+00:00\",\"breadcrumb\":{\"@id\":\"https:\\\/\\\/motoleonardo.com\\\/?product=kn-filtro-oleo-kn-303#breadcrumb\"},\"inLanguage\":\"pt-PT\",\"potentialAction\":[{\"@type\":\"ReadAction\",\"target\":[\"https:\\\/\\\/motoleonardo.com\\\/?product=kn-filtro-oleo-kn-303\"]}]},{\"@type\":\"ImageObject\",\"inLanguage\":\"pt-PT\",\"@id\":\"https:\\\/\\\/motoleonardo.com\\\/?product=kn-filtro-oleo-kn-303#primaryimage\",\"url\":\"https:\\\/\\\/i0.wp.com\\\/motoleonardo.com\\\/wp-content\\\/uploads\\\/2022\\\/10\\\/KN-303_4.webp?fit=500%2C500&ssl=1\",\"contentUrl\":\"https:\\\/\\\/i0.wp.com\\\/motoleonardo.com\\\/wp-content\\\/uploads\\\/2022\\\/10\\\/KN-303_4.webp?fit=500%2C500&ssl=1\",\"width\":500,\"height\":500},{\"@type\":\"BreadcrumbList\",\"@id\":\"https:\\\/\\\/motoleonardo.com\\\/?product=kn-filtro-oleo-kn-303#breadcrumb\",\"itemListElement\":[{\"@type\":\"ListItem\",\"position\":1,\"name\":\"In\u00edcio\",\"item\":\"https:\\\/\\\/motoleonardo.com\\\/\"},{\"@type\":\"ListItem\",\"position\":2,\"name\":\"Todas Categorias\",\"item\":\"https:\\\/\\\/motoleonardo.com\\\/?page_id=252\"},{\"@type\":\"ListItem\",\"position\":3,\"name\":\"K&#038;N Filtro \u00d3leo KN-303\"}]},{\"@type\":\"WebSite\",\"@id\":\"https:\\\/\\\/motoleonardo.com\\\/#website\",\"url\":\"https:\\\/\\\/motoleonardo.com\\\/\",\"name\":\"Moto Leonardo\",\"description\":\"Motas Novas e Usadas - Oficina Multimarcas - Pe\u00e7as, Acess\u00f3rios e Equipamento\",\"publisher\":{\"@id\":\"https:\\\/\\\/motoleonardo.com\\\/#organization\"},\"potentialAction\":[{\"@type\":\"SearchAction\",\"target\":{\"@type\":\"EntryPoint\",\"urlTemplate\":\"https:\\\/\\\/motoleonardo.com\\\/?s={search_term_string}\"},\"query-input\":{\"@type\":\"PropertyValueSpecification\",\"valueRequired\":true,\"valueName\":\"search_term_string\"}}],\"inLanguage\":\"pt-PT\"},{\"@type\":\"Organization\",\"@id\":\"https:\\\/\\\/motoleonardo.com\\\/#organization\",\"name\":\"Moto Leonardo\",\"url\":\"https:\\\/\\\/motoleonardo.com\\\/\",\"logo\":{\"@type\":\"ImageObject\",\"inLanguage\":\"pt-PT\",\"@id\":\"https:\\\/\\\/motoleonardo.com\\\/#\\\/schema\\\/logo\\\/image\\\/\",\"url\":\"https:\\\/\\\/i0.wp.com\\\/motoleonardo.com\\\/wp-content\\\/uploads\\\/2022\\\/10\\\/cropped-Professional-Initial-Letter-Typography-Logo.png?fit=512%2C512&ssl=1\",\"contentUrl\":\"https:\\\/\\\/i0.wp.com\\\/motoleonardo.com\\\/wp-content\\\/uploads\\\/2022\\\/10\\\/cropped-Professional-Initial-Letter-Typography-Logo.png?fit=512%2C512&ssl=1\",\"width\":512,\"height\":512,\"caption\":\"Moto Leonardo\"},\"image\":{\"@id\":\"https:\\\/\\\/motoleonardo.com\\\/#\\\/schema\\\/logo\\\/image\\\/\"},\"sameAs\":[\"https:\\\/\\\/www.facebook.com\\\/motoleonardopt\",\"https:\\\/\\\/www.instagram.com\\\/moto_leonardo\\\/\"]}]}<\/script>\n<!-- \/ Yoast SEO plugin. -->","yoast_head_json":{"title":"K&N Filtro \u00d3leo KN-303 - Moto Leonardo","robots":{"index":"index","follow":"follow","max-snippet":"max-snippet:-1","max-image-preview":"max-image-preview:large","max-video-preview":"max-video-preview:-1"},"canonical":"https:\/\/motoleonardo.com\/?product=kn-filtro-oleo-kn-303","og_locale":"pt_PT","og_type":"article","og_title":"K&N Filtro \u00d3leo KN-303 - Moto Leonardo","og_description":"Os filtros de \u00f3leo premium da K&amp;N\u00ae para ve\u00edculos powersports utilizam uma inovadora e altamente eficiente m\u00eddia de filtragem de mistura sint\u00e9tica projetada para ser compat\u00edvel com \u00f3leos sint\u00e9ticos, \u00e0 base de petr\u00f3leo e misturados, incluindo as altas concentra\u00e7\u00f5es de \u00f3leos de corrida sint\u00e9ticos. O recipiente pesado \u00e9 projetado para ser excepcionalmente dur\u00e1vel, e uma porca de hex\u00e1lida soldada de 17 mm pode ser usada para uma remo\u00e7\u00e3o r\u00e1pida e f\u00e1cil do filtro. Projetado para suportar taxas de fluxo excepcionalmente altas, ao mesmo tempo em que oferece prote\u00e7\u00e3o excepcional contra contaminantes nocivos do motor, cada filtro foi projetado especificamente para suportar os intervalos de servi\u00e7o recomendados pelos fabricantes de ve\u00edculos e \u00e9 protegido pela Garantia Limitada de 1 Ano da K&amp;N\u00ae. Verifica qual \u00e9 o filtro de \u00f3leo que a tua mota utiliza em: High Flow Oil Filters for Premium Performance | K&amp;N (knfilters.com) Substitui as refer\u00eancias originais: Arctic Cat 3201451 Fram PH6017A Honda 15410MM5003 Honda 15410MM9003 Honda 15410MM9013 Honda 15410MM9405 Honda 15410MT7003 Kawasaki 160970002 Kawasaki 160970004 Kawasaki 160970008 Kawasaki 160970011 Kawasaki 160971059 Kawasaki 160971061 Kawasaki 160971063 Kawasaki 160971064 Kawasaki 160971066 Kawasaki 160971067 Kawasaki 160971068 Kawasaki 160971070 Kawasaki 160971072 Polaris 2520799 Polaris 3084963 Yamaha 3FV134400000 Yamaha 3FV134401000 Yamaha 3FV134402000 Yamaha 5GH134400000 Yamaha 5GH134401000 Yamaha 5GH134403000","og_url":"https:\/\/motoleonardo.com\/?product=kn-filtro-oleo-kn-303","og_site_name":"Moto Leonardo","article_publisher":"https:\/\/www.facebook.com\/motoleonardopt","article_modified_time":"2022-10-28T08:53:51+00:00","og_image":[{"width":500,"height":500,"url":"https:\/\/i0.wp.com\/motoleonardo.com\/wp-content\/uploads\/2022\/10\/KN-303_4.webp?fit=500%2C500&ssl=1","type":"image\/webp"}],"twitter_card":"summary_large_image","twitter_misc":{"Tempo estimado de leitura":"1 minuto"},"schema":{"@context":"https:\/\/schema.org","@graph":[{"@type":"WebPage","@id":"https:\/\/motoleonardo.com\/?product=kn-filtro-oleo-kn-303","url":"https:\/\/motoleonardo.com\/?product=kn-filtro-oleo-kn-303","name":"K&N Filtro \u00d3leo KN-303 - Moto Leonardo","isPartOf":{"@id":"https:\/\/motoleonardo.com\/#website"},"primaryImageOfPage":{"@id":"https:\/\/motoleonardo.com\/?product=kn-filtro-oleo-kn-303#primaryimage"},"image":{"@id":"https:\/\/motoleonardo.com\/?product=kn-filtro-oleo-kn-303#primaryimage"},"thumbnailUrl":"https:\/\/i0.wp.com\/motoleonardo.com\/wp-content\/uploads\/2022\/10\/KN-303_4.webp?fit=500%2C500&ssl=1","datePublished":"2022-10-28T08:52:24+00:00","dateModified":"2022-10-28T08:53:51+00:00","breadcrumb":{"@id":"https:\/\/motoleonardo.com\/?product=kn-filtro-oleo-kn-303#breadcrumb"},"inLanguage":"pt-PT","potentialAction":[{"@type":"ReadAction","target":["https:\/\/motoleonardo.com\/?product=kn-filtro-oleo-kn-303"]}]},{"@type":"ImageObject","inLanguage":"pt-PT","@id":"https:\/\/motoleonardo.com\/?product=kn-filtro-oleo-kn-303#primaryimage","url":"https:\/\/i0.wp.com\/motoleonardo.com\/wp-content\/uploads\/2022\/10\/KN-303_4.webp?fit=500%2C500&ssl=1","contentUrl":"https:\/\/i0.wp.com\/motoleonardo.com\/wp-content\/uploads\/2022\/10\/KN-303_4.webp?fit=500%2C500&ssl=1","width":500,"height":500},{"@type":"BreadcrumbList","@id":"https:\/\/motoleonardo.com\/?product=kn-filtro-oleo-kn-303#breadcrumb","itemListElement":[{"@type":"ListItem","position":1,"name":"In\u00edcio","item":"https:\/\/motoleonardo.com\/"},{"@type":"ListItem","position":2,"name":"Todas Categorias","item":"https:\/\/motoleonardo.com\/?page_id=252"},{"@type":"ListItem","position":3,"name":"K&#038;N Filtro \u00d3leo KN-303"}]},{"@type":"WebSite","@id":"https:\/\/motoleonardo.com\/#website","url":"https:\/\/motoleonardo.com\/","name":"Moto Leonardo","description":"Motas Novas e Usadas - Oficina Multimarcas - Pe\u00e7as, Acess\u00f3rios e Equipamento","publisher":{"@id":"https:\/\/motoleonardo.com\/#organization"},"potentialAction":[{"@type":"SearchAction","target":{"@type":"EntryPoint","urlTemplate":"https:\/\/motoleonardo.com\/?s={search_term_string}"},"query-input":{"@type":"PropertyValueSpecification","valueRequired":true,"valueName":"search_term_string"}}],"inLanguage":"pt-PT"},{"@type":"Organization","@id":"https:\/\/motoleonardo.com\/#organization","name":"Moto Leonardo","url":"https:\/\/motoleonardo.com\/","logo":{"@type":"ImageObject","inLanguage":"pt-PT","@id":"https:\/\/motoleonardo.com\/#\/schema\/logo\/image\/","url":"https:\/\/i0.wp.com\/motoleonardo.com\/wp-content\/uploads\/2022\/10\/cropped-Professional-Initial-Letter-Typography-Logo.png?fit=512%2C512&ssl=1","contentUrl":"https:\/\/i0.wp.com\/motoleonardo.com\/wp-content\/uploads\/2022\/10\/cropped-Professional-Initial-Letter-Typography-Logo.png?fit=512%2C512&ssl=1","width":512,"height":512,"caption":"Moto Leonardo"},"image":{"@id":"https:\/\/motoleonardo.com\/#\/schema\/logo\/image\/"},"sameAs":["https:\/\/www.facebook.com\/motoleonardopt","https:\/\/www.instagram.com\/moto_leonardo\/"]}]}},"jetpack_sharing_enabled":true,"_links":{"self":[{"href":"https:\/\/motoleonardo.com\/index.php?rest_route=\/wp\/v2\/product\/3607","targetHints":{"allow":["GET"]}}],"collection":[{"href":"https:\/\/motoleonardo.com\/index.php?rest_route=\/wp\/v2\/product"}],"about":[{"href":"https:\/\/motoleonardo.com\/index.php?rest_route=\/wp\/v2\/types\/product"}],"wp:featuredmedia":[{"embeddable":true,"href":"https:\/\/motoleonardo.com\/index.php?rest_route=\/wp\/v2\/media\/3608"}],"wp:attachment":[{"href":"https:\/\/motoleonardo.com\/index.php?rest_route=%2Fwp%2Fv2%2Fmedia&parent=3607"}],"wp:term":[{"taxonomy":"product_brand","embeddable":true,"href":"https:\/\/motoleonardo.com\/index.php?rest_route=%2Fwp%2Fv2%2Fproduct_brand&post=3607"},{"taxonomy":"product_cat","embeddable":true,"href":"https:\/\/motoleonardo.com\/index.php?rest_route=%2Fwp%2Fv2%2Fproduct_cat&post=3607"},{"taxonomy":"product_tag","embeddable":true,"href":"https:\/\/motoleonardo.com\/index.php?rest_route=%2Fwp%2Fv2%2Fproduct_tag&post=3607"}],"curies":[{"name":"wp","href":"https:\/\/api.w.org\/{rel}","templated":true}]}}