{"id":3750,"date":"2022-10-29T11:29:13","date_gmt":"2022-10-29T11:29:13","guid":{"rendered":"https:\/\/motoleonardo.com\/?post_type=product&#038;p=3750"},"modified":"2025-08-25T22:19:00","modified_gmt":"2025-08-25T22:19:00","slug":"dunlop-130-80-18-tt-66p-j-k180-fr-flat-track","status":"publish","type":"product","link":"https:\/\/motoleonardo.com\/?product=dunlop-130-80-18-tt-66p-j-k180-fr-flat-track","title":{"rendered":"Dunlop 130\/80-18 TT 66P J K180 FR (Flat Track)"},"content":{"rendered":"<p>A Dunlop forneceu pneus para mais de 300 competi\u00e7\u00f5es e testes realizados por todo o mundo e isto apenas no ano de 2005. &#8220;O sucesso respeitando sempre a tradi\u00e7\u00e3o&#8221; \u00e9 a express\u00e3o que melhor caracteriza este fabricante brit\u00e2nico. Com efeito, a Dunlop tem uma reputa\u00e7\u00e3o hist\u00f3rica a defender porque o seu destino est\u00e1 intimamente ligado \u00e0 inven\u00e7\u00e3o do primeiro pneu que n\u00e3o fura, criado por aquele que deu o seu nome \u00e0 marca, Sir John Boyd Dunlop. Mesmo com a fus\u00e3o da marca com o gigante americano Goodyear em 1999, a marca mant\u00e9m a sua sede na terra que a viu nascer e crescer, em Birmingham, continuando a conservar os seus pr\u00f3prios valores e especificidades.<br \/>\nParceiro oficial do British Touring Car Championship em 2003, 2004 e 2005, a Dunlop enquadra-se sempre numa linhagem tradicional: conceber pneus seguros, fi\u00e1veis e elegantes. Se adicionarmos a isso a presen\u00e7a dos pneus brit\u00e2nicos em todos os nichos da ind\u00fastria, compreende-se o respeito que os mesmos imp\u00f5em no mercado mundial. A Dunlop foi de facto escolhida pelos fabricantes como a Audi, BMW, Honda, Lexus, Mercedes-Benz, Nissan, Porsche, Suzuki, Toyota. Frequentemente, os pneus Dunlop s\u00e3o preferidos em segunda op\u00e7\u00e3o na maioria dos ve\u00edculos que t\u00eam de substituir os pneus de origem.<\/p>\n","protected":false},"excerpt":{"rendered":"<p>A Dunlop forneceu pneus para mais de 300 competi\u00e7\u00f5es e testes realizados por todo o mundo e isto apenas no ano de 2005. &#8220;O sucesso respeitando sempre a tradi\u00e7\u00e3o&#8221; \u00e9 a express\u00e3o que melhor caracteriza este fabricante brit\u00e2nico. Com efeito, a Dunlop tem uma reputa\u00e7\u00e3o hist\u00f3rica a defender porque o seu destino est\u00e1 intimamente ligado \u00e0 inven\u00e7\u00e3o do primeiro pneu que n\u00e3o fura, criado por aquele que deu o seu nome \u00e0 marca, Sir John Boyd Dunlop. Mesmo com a fus\u00e3o da marca com o gigante americano Goodyear em 1999, a marca mant\u00e9m a sua sede na terra que a viu nascer e crescer, em Birmingham, continuando a conservar os seus pr\u00f3prios valores e especificidades. Parceiro oficial do British Touring Car Championship em 2003, 2004 e 2005, a Dunlop enquadra-se sempre numa linhagem tradicional: conceber pneus seguros, fi\u00e1veis e elegantes. Se adicionarmos a isso a presen\u00e7a dos pneus brit\u00e2nicos em todos os nichos da ind\u00fastria, compreende-se o respeito que os mesmos imp\u00f5em no mercado mundial. A Dunlop foi de facto escolhida pelos fabricantes como a Audi, BMW, Honda, Lexus, Mercedes-Benz, Nissan, Porsche, Suzuki, Toyota. Frequentemente, os pneus Dunlop s\u00e3o preferidos em segunda op\u00e7\u00e3o na maioria dos ve\u00edculos que t\u00eam de substituir os pneus de origem.<\/p>\n","protected":false},"featured_media":3751,"template":"","meta":{"ocean_post_layout":"","ocean_both_sidebars_style":"","ocean_both_sidebars_content_width":0,"ocean_both_sidebars_sidebars_width":0,"ocean_sidebar":"0","ocean_second_sidebar":"0","ocean_disable_margins":"enable","ocean_add_body_class":"","ocean_shortcode_before_top_bar":"","ocean_shortcode_after_top_bar":"","ocean_shortcode_before_header":"","ocean_shortcode_after_header":"","ocean_has_shortcode":"","ocean_shortcode_after_title":"","ocean_shortcode_before_footer_widgets":"","ocean_shortcode_after_footer_widgets":"","ocean_shortcode_before_footer_bottom":"","ocean_shortcode_after_footer_bottom":"","ocean_display_top_bar":"default","ocean_display_header":"default","ocean_header_style":"","ocean_center_header_left_menu":"0","ocean_custom_header_template":"0","ocean_custom_logo":0,"ocean_custom_retina_logo":0,"ocean_custom_logo_max_width":0,"ocean_custom_logo_tablet_max_width":0,"ocean_custom_logo_mobile_max_width":0,"ocean_custom_logo_max_height":0,"ocean_custom_logo_tablet_max_height":0,"ocean_custom_logo_mobile_max_height":0,"ocean_header_custom_menu":"0","ocean_menu_typo_font_family":"0","ocean_menu_typo_font_subset":"","ocean_menu_typo_font_size":0,"ocean_menu_typo_font_size_tablet":0,"ocean_menu_typo_font_size_mobile":0,"ocean_menu_typo_font_size_unit":"px","ocean_menu_typo_font_weight":"","ocean_menu_typo_font_weight_tablet":"","ocean_menu_typo_font_weight_mobile":"","ocean_menu_typo_transform":"","ocean_menu_typo_transform_tablet":"","ocean_menu_typo_transform_mobile":"","ocean_menu_typo_line_height":0,"ocean_menu_typo_line_height_tablet":0,"ocean_menu_typo_line_height_mobile":0,"ocean_menu_typo_line_height_unit":"","ocean_menu_typo_spacing":0,"ocean_menu_typo_spacing_tablet":0,"ocean_menu_typo_spacing_mobile":0,"ocean_menu_typo_spacing_unit":"","ocean_menu_link_color":"","ocean_menu_link_color_hover":"","ocean_menu_link_color_active":"","ocean_menu_link_background":"","ocean_menu_link_hover_background":"","ocean_menu_link_active_background":"","ocean_menu_social_links_bg":"","ocean_menu_social_hover_links_bg":"","ocean_menu_social_links_color":"","ocean_menu_social_hover_links_color":"","ocean_disable_title":"default","ocean_disable_heading":"default","ocean_post_title":"","ocean_post_subheading":"","ocean_post_title_style":"","ocean_post_title_background_color":"","ocean_post_title_background":0,"ocean_post_title_bg_image_position":"","ocean_post_title_bg_image_attachment":"","ocean_post_title_bg_image_repeat":"","ocean_post_title_bg_image_size":"","ocean_post_title_height":0,"ocean_post_title_bg_overlay":0.5,"ocean_post_title_bg_overlay_color":"","ocean_disable_breadcrumbs":"default","ocean_breadcrumbs_color":"","ocean_breadcrumbs_separator_color":"","ocean_breadcrumbs_links_color":"","ocean_breadcrumbs_links_hover_color":"","ocean_display_footer_widgets":"default","ocean_display_footer_bottom":"default","ocean_custom_footer_template":"0","omw_enable_modal_window":"enable"},"product_brand":[],"product_cat":[68,338],"product_tag":[351,348,350,349,260],"class_list":{"0":"post-3750","1":"product","2":"type-product","3":"status-publish","4":"has-post-thumbnail","6":"product_cat-manutencao","7":"product_cat-pneus","8":"product_tag-130-80-18","9":"product_tag-dunlop","10":"product_tag-flat-track","11":"product_tag-k180","12":"product_tag-pneu","14":"entry","15":"has-media","17":"first","18":"onbackorder","19":"shipping-taxable","20":"purchasable","21":"product-type-simple","22":"has-product-nav","23":"col","24":"span_1_of_4","25":"owp-content-right","26":"owp-thumbs-layout-horizontal","27":"owp-btn-normal","28":"owp-tabs-layout-horizontal","29":"has-no-thumbnails"},"yoast_head":"<!-- This site is optimized with the Yoast SEO plugin v27.3 - https:\/\/yoast.com\/product\/yoast-seo-wordpress\/ -->\n<title>Dunlop 130\/80-18 TT 66P J K180 FR (Flat Track) - Moto Leonardo<\/title>\n<meta name=\"robots\" content=\"index, follow, max-snippet:-1, max-image-preview:large, max-video-preview:-1\" \/>\n<link rel=\"canonical\" href=\"https:\/\/motoleonardo.com\/?product=dunlop-130-80-18-tt-66p-j-k180-fr-flat-track\" \/>\n<meta property=\"og:locale\" content=\"pt_PT\" \/>\n<meta property=\"og:type\" content=\"article\" \/>\n<meta property=\"og:title\" content=\"Dunlop 130\/80-18 TT 66P J K180 FR (Flat Track) - Moto Leonardo\" \/>\n<meta property=\"og:description\" content=\"A Dunlop forneceu pneus para mais de 300 competi\u00e7\u00f5es e testes realizados por todo o mundo e isto apenas no ano de 2005. &#8220;O sucesso respeitando sempre a tradi\u00e7\u00e3o&#8221; \u00e9 a express\u00e3o que melhor caracteriza este fabricante brit\u00e2nico. Com efeito, a Dunlop tem uma reputa\u00e7\u00e3o hist\u00f3rica a defender porque o seu destino est\u00e1 intimamente ligado \u00e0 inven\u00e7\u00e3o do primeiro pneu que n\u00e3o fura, criado por aquele que deu o seu nome \u00e0 marca, Sir John Boyd Dunlop. Mesmo com a fus\u00e3o da marca com o gigante americano Goodyear em 1999, a marca mant\u00e9m a sua sede na terra que a viu nascer e crescer, em Birmingham, continuando a conservar os seus pr\u00f3prios valores e especificidades. Parceiro oficial do British Touring Car Championship em 2003, 2004 e 2005, a Dunlop enquadra-se sempre numa linhagem tradicional: conceber pneus seguros, fi\u00e1veis e elegantes. Se adicionarmos a isso a presen\u00e7a dos pneus brit\u00e2nicos em todos os nichos da ind\u00fastria, compreende-se o respeito que os mesmos imp\u00f5em no mercado mundial. A Dunlop foi de facto escolhida pelos fabricantes como a Audi, BMW, Honda, Lexus, Mercedes-Benz, Nissan, Porsche, Suzuki, Toyota. Frequentemente, os pneus Dunlop s\u00e3o preferidos em segunda op\u00e7\u00e3o na maioria dos ve\u00edculos que t\u00eam de substituir os pneus de origem.\" \/>\n<meta property=\"og:url\" content=\"https:\/\/motoleonardo.com\/?product=dunlop-130-80-18-tt-66p-j-k180-fr-flat-track\" \/>\n<meta property=\"og:site_name\" content=\"Moto Leonardo\" \/>\n<meta property=\"article:publisher\" content=\"https:\/\/www.facebook.com\/motoleonardopt\" \/>\n<meta property=\"article:modified_time\" content=\"2025-08-25T22:19:00+00:00\" \/>\n<meta property=\"og:image\" content=\"https:\/\/i0.wp.com\/motoleonardo.com\/wp-content\/uploads\/2022\/10\/pneu-dunlop-130-80-18-tt-66p-j-k180-fr.jpg?fit=800%2C800&ssl=1\" \/>\n\t<meta property=\"og:image:width\" content=\"800\" \/>\n\t<meta property=\"og:image:height\" content=\"800\" \/>\n\t<meta property=\"og:image:type\" content=\"image\/jpeg\" \/>\n<meta name=\"twitter:card\" content=\"summary_large_image\" \/>\n<meta name=\"twitter:label1\" content=\"Tempo estimado de leitura\" \/>\n\t<meta name=\"twitter:data1\" content=\"1 minuto\" \/>\n<script type=\"application\/ld+json\" class=\"yoast-schema-graph\">{\"@context\":\"https:\\\/\\\/schema.org\",\"@graph\":[{\"@type\":\"WebPage\",\"@id\":\"https:\\\/\\\/motoleonardo.com\\\/?product=dunlop-130-80-18-tt-66p-j-k180-fr-flat-track\",\"url\":\"https:\\\/\\\/motoleonardo.com\\\/?product=dunlop-130-80-18-tt-66p-j-k180-fr-flat-track\",\"name\":\"Dunlop 130\\\/80-18 TT 66P J K180 FR (Flat Track) - Moto Leonardo\",\"isPartOf\":{\"@id\":\"https:\\\/\\\/motoleonardo.com\\\/#website\"},\"primaryImageOfPage\":{\"@id\":\"https:\\\/\\\/motoleonardo.com\\\/?product=dunlop-130-80-18-tt-66p-j-k180-fr-flat-track#primaryimage\"},\"image\":{\"@id\":\"https:\\\/\\\/motoleonardo.com\\\/?product=dunlop-130-80-18-tt-66p-j-k180-fr-flat-track#primaryimage\"},\"thumbnailUrl\":\"https:\\\/\\\/i0.wp.com\\\/motoleonardo.com\\\/wp-content\\\/uploads\\\/2022\\\/10\\\/pneu-dunlop-130-80-18-tt-66p-j-k180-fr.jpg?fit=800%2C800&ssl=1\",\"datePublished\":\"2022-10-29T11:29:13+00:00\",\"dateModified\":\"2025-08-25T22:19:00+00:00\",\"breadcrumb\":{\"@id\":\"https:\\\/\\\/motoleonardo.com\\\/?product=dunlop-130-80-18-tt-66p-j-k180-fr-flat-track#breadcrumb\"},\"inLanguage\":\"pt-PT\",\"potentialAction\":[{\"@type\":\"ReadAction\",\"target\":[\"https:\\\/\\\/motoleonardo.com\\\/?product=dunlop-130-80-18-tt-66p-j-k180-fr-flat-track\"]}]},{\"@type\":\"ImageObject\",\"inLanguage\":\"pt-PT\",\"@id\":\"https:\\\/\\\/motoleonardo.com\\\/?product=dunlop-130-80-18-tt-66p-j-k180-fr-flat-track#primaryimage\",\"url\":\"https:\\\/\\\/i0.wp.com\\\/motoleonardo.com\\\/wp-content\\\/uploads\\\/2022\\\/10\\\/pneu-dunlop-130-80-18-tt-66p-j-k180-fr.jpg?fit=800%2C800&ssl=1\",\"contentUrl\":\"https:\\\/\\\/i0.wp.com\\\/motoleonardo.com\\\/wp-content\\\/uploads\\\/2022\\\/10\\\/pneu-dunlop-130-80-18-tt-66p-j-k180-fr.jpg?fit=800%2C800&ssl=1\",\"width\":800,\"height\":800},{\"@type\":\"BreadcrumbList\",\"@id\":\"https:\\\/\\\/motoleonardo.com\\\/?product=dunlop-130-80-18-tt-66p-j-k180-fr-flat-track#breadcrumb\",\"itemListElement\":[{\"@type\":\"ListItem\",\"position\":1,\"name\":\"In\u00edcio\",\"item\":\"https:\\\/\\\/motoleonardo.com\\\/\"},{\"@type\":\"ListItem\",\"position\":2,\"name\":\"Todas Categorias\",\"item\":\"https:\\\/\\\/motoleonardo.com\\\/?page_id=252\"},{\"@type\":\"ListItem\",\"position\":3,\"name\":\"Dunlop 130\\\/80-18 TT 66P J K180 FR (Flat Track)\"}]},{\"@type\":\"WebSite\",\"@id\":\"https:\\\/\\\/motoleonardo.com\\\/#website\",\"url\":\"https:\\\/\\\/motoleonardo.com\\\/\",\"name\":\"Moto Leonardo\",\"description\":\"Motas Novas e Usadas - Oficina Multimarcas - Pe\u00e7as, Acess\u00f3rios e Equipamento\",\"publisher\":{\"@id\":\"https:\\\/\\\/motoleonardo.com\\\/#organization\"},\"potentialAction\":[{\"@type\":\"SearchAction\",\"target\":{\"@type\":\"EntryPoint\",\"urlTemplate\":\"https:\\\/\\\/motoleonardo.com\\\/?s={search_term_string}\"},\"query-input\":{\"@type\":\"PropertyValueSpecification\",\"valueRequired\":true,\"valueName\":\"search_term_string\"}}],\"inLanguage\":\"pt-PT\"},{\"@type\":\"Organization\",\"@id\":\"https:\\\/\\\/motoleonardo.com\\\/#organization\",\"name\":\"Moto Leonardo\",\"url\":\"https:\\\/\\\/motoleonardo.com\\\/\",\"logo\":{\"@type\":\"ImageObject\",\"inLanguage\":\"pt-PT\",\"@id\":\"https:\\\/\\\/motoleonardo.com\\\/#\\\/schema\\\/logo\\\/image\\\/\",\"url\":\"https:\\\/\\\/i0.wp.com\\\/motoleonardo.com\\\/wp-content\\\/uploads\\\/2022\\\/10\\\/cropped-Professional-Initial-Letter-Typography-Logo.png?fit=512%2C512&ssl=1\",\"contentUrl\":\"https:\\\/\\\/i0.wp.com\\\/motoleonardo.com\\\/wp-content\\\/uploads\\\/2022\\\/10\\\/cropped-Professional-Initial-Letter-Typography-Logo.png?fit=512%2C512&ssl=1\",\"width\":512,\"height\":512,\"caption\":\"Moto Leonardo\"},\"image\":{\"@id\":\"https:\\\/\\\/motoleonardo.com\\\/#\\\/schema\\\/logo\\\/image\\\/\"},\"sameAs\":[\"https:\\\/\\\/www.facebook.com\\\/motoleonardopt\",\"https:\\\/\\\/www.instagram.com\\\/moto_leonardo\\\/\"]}]}<\/script>\n<!-- \/ Yoast SEO plugin. -->","yoast_head_json":{"title":"Dunlop 130\/80-18 TT 66P J K180 FR (Flat Track) - Moto Leonardo","robots":{"index":"index","follow":"follow","max-snippet":"max-snippet:-1","max-image-preview":"max-image-preview:large","max-video-preview":"max-video-preview:-1"},"canonical":"https:\/\/motoleonardo.com\/?product=dunlop-130-80-18-tt-66p-j-k180-fr-flat-track","og_locale":"pt_PT","og_type":"article","og_title":"Dunlop 130\/80-18 TT 66P J K180 FR (Flat Track) - Moto Leonardo","og_description":"A Dunlop forneceu pneus para mais de 300 competi\u00e7\u00f5es e testes realizados por todo o mundo e isto apenas no ano de 2005. &#8220;O sucesso respeitando sempre a tradi\u00e7\u00e3o&#8221; \u00e9 a express\u00e3o que melhor caracteriza este fabricante brit\u00e2nico. Com efeito, a Dunlop tem uma reputa\u00e7\u00e3o hist\u00f3rica a defender porque o seu destino est\u00e1 intimamente ligado \u00e0 inven\u00e7\u00e3o do primeiro pneu que n\u00e3o fura, criado por aquele que deu o seu nome \u00e0 marca, Sir John Boyd Dunlop. Mesmo com a fus\u00e3o da marca com o gigante americano Goodyear em 1999, a marca mant\u00e9m a sua sede na terra que a viu nascer e crescer, em Birmingham, continuando a conservar os seus pr\u00f3prios valores e especificidades. Parceiro oficial do British Touring Car Championship em 2003, 2004 e 2005, a Dunlop enquadra-se sempre numa linhagem tradicional: conceber pneus seguros, fi\u00e1veis e elegantes. Se adicionarmos a isso a presen\u00e7a dos pneus brit\u00e2nicos em todos os nichos da ind\u00fastria, compreende-se o respeito que os mesmos imp\u00f5em no mercado mundial. A Dunlop foi de facto escolhida pelos fabricantes como a Audi, BMW, Honda, Lexus, Mercedes-Benz, Nissan, Porsche, Suzuki, Toyota. Frequentemente, os pneus Dunlop s\u00e3o preferidos em segunda op\u00e7\u00e3o na maioria dos ve\u00edculos que t\u00eam de substituir os pneus de origem.","og_url":"https:\/\/motoleonardo.com\/?product=dunlop-130-80-18-tt-66p-j-k180-fr-flat-track","og_site_name":"Moto Leonardo","article_publisher":"https:\/\/www.facebook.com\/motoleonardopt","article_modified_time":"2025-08-25T22:19:00+00:00","og_image":[{"width":800,"height":800,"url":"https:\/\/i0.wp.com\/motoleonardo.com\/wp-content\/uploads\/2022\/10\/pneu-dunlop-130-80-18-tt-66p-j-k180-fr.jpg?fit=800%2C800&ssl=1","type":"image\/jpeg"}],"twitter_card":"summary_large_image","twitter_misc":{"Tempo estimado de leitura":"1 minuto"},"schema":{"@context":"https:\/\/schema.org","@graph":[{"@type":"WebPage","@id":"https:\/\/motoleonardo.com\/?product=dunlop-130-80-18-tt-66p-j-k180-fr-flat-track","url":"https:\/\/motoleonardo.com\/?product=dunlop-130-80-18-tt-66p-j-k180-fr-flat-track","name":"Dunlop 130\/80-18 TT 66P J K180 FR (Flat Track) - Moto Leonardo","isPartOf":{"@id":"https:\/\/motoleonardo.com\/#website"},"primaryImageOfPage":{"@id":"https:\/\/motoleonardo.com\/?product=dunlop-130-80-18-tt-66p-j-k180-fr-flat-track#primaryimage"},"image":{"@id":"https:\/\/motoleonardo.com\/?product=dunlop-130-80-18-tt-66p-j-k180-fr-flat-track#primaryimage"},"thumbnailUrl":"https:\/\/i0.wp.com\/motoleonardo.com\/wp-content\/uploads\/2022\/10\/pneu-dunlop-130-80-18-tt-66p-j-k180-fr.jpg?fit=800%2C800&ssl=1","datePublished":"2022-10-29T11:29:13+00:00","dateModified":"2025-08-25T22:19:00+00:00","breadcrumb":{"@id":"https:\/\/motoleonardo.com\/?product=dunlop-130-80-18-tt-66p-j-k180-fr-flat-track#breadcrumb"},"inLanguage":"pt-PT","potentialAction":[{"@type":"ReadAction","target":["https:\/\/motoleonardo.com\/?product=dunlop-130-80-18-tt-66p-j-k180-fr-flat-track"]}]},{"@type":"ImageObject","inLanguage":"pt-PT","@id":"https:\/\/motoleonardo.com\/?product=dunlop-130-80-18-tt-66p-j-k180-fr-flat-track#primaryimage","url":"https:\/\/i0.wp.com\/motoleonardo.com\/wp-content\/uploads\/2022\/10\/pneu-dunlop-130-80-18-tt-66p-j-k180-fr.jpg?fit=800%2C800&ssl=1","contentUrl":"https:\/\/i0.wp.com\/motoleonardo.com\/wp-content\/uploads\/2022\/10\/pneu-dunlop-130-80-18-tt-66p-j-k180-fr.jpg?fit=800%2C800&ssl=1","width":800,"height":800},{"@type":"BreadcrumbList","@id":"https:\/\/motoleonardo.com\/?product=dunlop-130-80-18-tt-66p-j-k180-fr-flat-track#breadcrumb","itemListElement":[{"@type":"ListItem","position":1,"name":"In\u00edcio","item":"https:\/\/motoleonardo.com\/"},{"@type":"ListItem","position":2,"name":"Todas Categorias","item":"https:\/\/motoleonardo.com\/?page_id=252"},{"@type":"ListItem","position":3,"name":"Dunlop 130\/80-18 TT 66P J K180 FR (Flat Track)"}]},{"@type":"WebSite","@id":"https:\/\/motoleonardo.com\/#website","url":"https:\/\/motoleonardo.com\/","name":"Moto Leonardo","description":"Motas Novas e Usadas - Oficina Multimarcas - Pe\u00e7as, Acess\u00f3rios e Equipamento","publisher":{"@id":"https:\/\/motoleonardo.com\/#organization"},"potentialAction":[{"@type":"SearchAction","target":{"@type":"EntryPoint","urlTemplate":"https:\/\/motoleonardo.com\/?s={search_term_string}"},"query-input":{"@type":"PropertyValueSpecification","valueRequired":true,"valueName":"search_term_string"}}],"inLanguage":"pt-PT"},{"@type":"Organization","@id":"https:\/\/motoleonardo.com\/#organization","name":"Moto Leonardo","url":"https:\/\/motoleonardo.com\/","logo":{"@type":"ImageObject","inLanguage":"pt-PT","@id":"https:\/\/motoleonardo.com\/#\/schema\/logo\/image\/","url":"https:\/\/i0.wp.com\/motoleonardo.com\/wp-content\/uploads\/2022\/10\/cropped-Professional-Initial-Letter-Typography-Logo.png?fit=512%2C512&ssl=1","contentUrl":"https:\/\/i0.wp.com\/motoleonardo.com\/wp-content\/uploads\/2022\/10\/cropped-Professional-Initial-Letter-Typography-Logo.png?fit=512%2C512&ssl=1","width":512,"height":512,"caption":"Moto Leonardo"},"image":{"@id":"https:\/\/motoleonardo.com\/#\/schema\/logo\/image\/"},"sameAs":["https:\/\/www.facebook.com\/motoleonardopt","https:\/\/www.instagram.com\/moto_leonardo\/"]}]}},"jetpack_sharing_enabled":true,"_links":{"self":[{"href":"https:\/\/motoleonardo.com\/index.php?rest_route=\/wp\/v2\/product\/3750","targetHints":{"allow":["GET"]}}],"collection":[{"href":"https:\/\/motoleonardo.com\/index.php?rest_route=\/wp\/v2\/product"}],"about":[{"href":"https:\/\/motoleonardo.com\/index.php?rest_route=\/wp\/v2\/types\/product"}],"wp:featuredmedia":[{"embeddable":true,"href":"https:\/\/motoleonardo.com\/index.php?rest_route=\/wp\/v2\/media\/3751"}],"wp:attachment":[{"href":"https:\/\/motoleonardo.com\/index.php?rest_route=%2Fwp%2Fv2%2Fmedia&parent=3750"}],"wp:term":[{"taxonomy":"product_brand","embeddable":true,"href":"https:\/\/motoleonardo.com\/index.php?rest_route=%2Fwp%2Fv2%2Fproduct_brand&post=3750"},{"taxonomy":"product_cat","embeddable":true,"href":"https:\/\/motoleonardo.com\/index.php?rest_route=%2Fwp%2Fv2%2Fproduct_cat&post=3750"},{"taxonomy":"product_tag","embeddable":true,"href":"https:\/\/motoleonardo.com\/index.php?rest_route=%2Fwp%2Fv2%2Fproduct_tag&post=3750"}],"curies":[{"name":"wp","href":"https:\/\/api.w.org\/{rel}","templated":true}]}}