{"id":4015,"date":"2022-12-10T09:46:34","date_gmt":"2022-12-10T09:46:34","guid":{"rendered":"https:\/\/motoleonardo.com\/?post_type=product&#038;p=4015"},"modified":"2026-01-30T11:16:04","modified_gmt":"2026-01-30T11:16:04","slug":"blusao-oxford-spartan-curto","status":"publish","type":"product","link":"https:\/\/motoleonardo.com\/?product=blusao-oxford-spartan-curto","title":{"rendered":"Blus\u00e3o OXFORD Spartan &#8211; Curto"},"content":{"rendered":"<p>Um blus\u00e3o de n\u00edvel b\u00e1sico \u00e0 prova de \u00e1gua com detalhes refletivos, este blus\u00e3o oferece tudo o que voc\u00ea precisa para um passeio confort\u00e1vel, seguro e \u00e0 prova de intemp\u00e9ries. O estilo inteligente e discreto \u00e9 apenas um b\u00f4nus.<\/p>\n<p>Uma vers\u00e3o mais curta do blus\u00e3o Spartan longo, ideal para uma posi\u00e7\u00e3o de pilotagem mais desportiva.<\/p>\n<p><strong>Caracter\u00edsticas principais<\/strong><br \/>\n\u2022 Revestimento externo de poli\u00e9ster 600D \u00e0 prova de \u00e1gua<br \/>\n\u2022 Cintos de cintura com pontos de ajuste<br \/>\n\u2022 Pontos de ajuste dos bra\u00e7os superiores<br \/>\n\u2022 Ajuste do manguito<br \/>\n\u2022 Gola ajust\u00e1vel<br \/>\n\u2022 Bolsos para aquecer as m\u00e3os<br \/>\n\u2022 Bolsos internos<br \/>\n\u2022 Forro t\u00e9rmico fixo<br \/>\n\u2022 Refletivos impressos<br \/>\n\u2022 Conectores de cal\u00e7as curtas<br \/>\n\u2022 Punhos de borda macia<br \/>\n\u2022 Gola de toque suave<\/p>\n<p><strong>Constru\u00e7\u00e3o<\/strong><br \/>\n\u2022 Costura de estrutura oculta<br \/>\n\u2022 Linha Coats ligada a nylon<br \/>\n\u2022 Costura &#8216;Bar-tack&#8217;<br \/>\n\u2022 Sobreposi\u00e7\u00f5es (camadas extras ocultas de material)<br \/>\n\u2022 Carcela aba de tempestade<\/p>\n<p><strong>Prote\u00e7\u00e3o<\/strong><br \/>\n\u2022 Protetores de cotovelo e ombro CE n\u00edvel 1 inclu\u00eddos<br \/>\n\u2022 Bolso protetor traseiro (Protetores traseiros Oxford vendidos separadamente)<br \/>\n\u2022 Vestu\u00e1rio inteiro CE n\u00edvel A (EN 17092-4:2020)<\/p>\n","protected":false},"excerpt":{"rendered":"<p>Um blus\u00e3o de n\u00edvel b\u00e1sico \u00e0 prova de \u00e1gua com detalhes refletivos, este blus\u00e3o oferece tudo o que voc\u00ea precisa para um passeio confort\u00e1vel, seguro e \u00e0 prova de intemp\u00e9ries. O estilo inteligente e discreto \u00e9 apenas um b\u00f4nus. Uma vers\u00e3o mais curta do blus\u00e3o Spartan longo, ideal para uma posi\u00e7\u00e3o de pilotagem mais desportiva. Caracter\u00edsticas principais \u2022 Revestimento externo de poli\u00e9ster 600D \u00e0 prova de \u00e1gua \u2022 Cintos de cintura com pontos de ajuste \u2022 Pontos de ajuste dos bra\u00e7os superiores \u2022 Ajuste do manguito \u2022 Gola ajust\u00e1vel \u2022 Bolsos para aquecer as m\u00e3os \u2022 Bolsos internos \u2022 Forro t\u00e9rmico fixo \u2022 Refletivos impressos \u2022 Conectores de cal\u00e7as curtas \u2022 Punhos de borda macia \u2022 Gola de toque suave Constru\u00e7\u00e3o \u2022 Costura de estrutura oculta \u2022 Linha Coats ligada a nylon \u2022 Costura &#8216;Bar-tack&#8217; \u2022 Sobreposi\u00e7\u00f5es (camadas extras ocultas de material) \u2022 Carcela aba de tempestade Prote\u00e7\u00e3o \u2022 Protetores de cotovelo e ombro CE n\u00edvel 1 inclu\u00eddos \u2022 Bolso protetor traseiro (Protetores traseiros Oxford vendidos separadamente) \u2022 Vestu\u00e1rio inteiro CE n\u00edvel A (EN 17092-4:2020)<\/p>\n","protected":false},"featured_media":4016,"template":"","meta":{"ocean_post_layout":"","ocean_both_sidebars_style":"","ocean_both_sidebars_content_width":0,"ocean_both_sidebars_sidebars_width":0,"ocean_sidebar":"0","ocean_second_sidebar":"0","ocean_disable_margins":"enable","ocean_add_body_class":"","ocean_shortcode_before_top_bar":"","ocean_shortcode_after_top_bar":"","ocean_shortcode_before_header":"","ocean_shortcode_after_header":"","ocean_has_shortcode":"","ocean_shortcode_after_title":"","ocean_shortcode_before_footer_widgets":"","ocean_shortcode_after_footer_widgets":"","ocean_shortcode_before_footer_bottom":"","ocean_shortcode_after_footer_bottom":"","ocean_display_top_bar":"default","ocean_display_header":"default","ocean_header_style":"","ocean_center_header_left_menu":"0","ocean_custom_header_template":"0","ocean_custom_logo":0,"ocean_custom_retina_logo":0,"ocean_custom_logo_max_width":0,"ocean_custom_logo_tablet_max_width":0,"ocean_custom_logo_mobile_max_width":0,"ocean_custom_logo_max_height":0,"ocean_custom_logo_tablet_max_height":0,"ocean_custom_logo_mobile_max_height":0,"ocean_header_custom_menu":"0","ocean_menu_typo_font_family":"0","ocean_menu_typo_font_subset":"","ocean_menu_typo_font_size":0,"ocean_menu_typo_font_size_tablet":0,"ocean_menu_typo_font_size_mobile":0,"ocean_menu_typo_font_size_unit":"px","ocean_menu_typo_font_weight":"","ocean_menu_typo_font_weight_tablet":"","ocean_menu_typo_font_weight_mobile":"","ocean_menu_typo_transform":"","ocean_menu_typo_transform_tablet":"","ocean_menu_typo_transform_mobile":"","ocean_menu_typo_line_height":0,"ocean_menu_typo_line_height_tablet":0,"ocean_menu_typo_line_height_mobile":0,"ocean_menu_typo_line_height_unit":"","ocean_menu_typo_spacing":0,"ocean_menu_typo_spacing_tablet":0,"ocean_menu_typo_spacing_mobile":0,"ocean_menu_typo_spacing_unit":"","ocean_menu_link_color":"","ocean_menu_link_color_hover":"","ocean_menu_link_color_active":"","ocean_menu_link_background":"","ocean_menu_link_hover_background":"","ocean_menu_link_active_background":"","ocean_menu_social_links_bg":"","ocean_menu_social_hover_links_bg":"","ocean_menu_social_links_color":"","ocean_menu_social_hover_links_color":"","ocean_disable_title":"default","ocean_disable_heading":"default","ocean_post_title":"","ocean_post_subheading":"","ocean_post_title_style":"","ocean_post_title_background_color":"","ocean_post_title_background":0,"ocean_post_title_bg_image_position":"","ocean_post_title_bg_image_attachment":"","ocean_post_title_bg_image_repeat":"","ocean_post_title_bg_image_size":"","ocean_post_title_height":0,"ocean_post_title_bg_overlay":0.5,"ocean_post_title_bg_overlay_color":"","ocean_disable_breadcrumbs":"default","ocean_breadcrumbs_color":"","ocean_breadcrumbs_separator_color":"","ocean_breadcrumbs_links_color":"","ocean_breadcrumbs_links_hover_color":"","ocean_display_footer_widgets":"default","ocean_display_footer_bottom":"default","ocean_custom_footer_template":"0","omw_enable_modal_window":"enable"},"product_brand":[],"product_cat":[41,42],"product_tag":[407,426,169,291,424,425],"class_list":{"0":"post-4015","1":"product","2":"type-product","3":"status-publish","4":"has-post-thumbnail","6":"product_cat-blusoes","7":"product_cat-blusoes-homem","8":"product_tag-blusao","9":"product_tag-curto","10":"product_tag-oxford","11":"product_tag-preto","12":"product_tag-prova-de-agua","13":"product_tag-spartan","15":"entry","16":"has-media","18":"first","19":"instock","20":"sale","21":"shipping-taxable","22":"purchasable","23":"product-type-variable","24":"has-product-nav","25":"col","26":"span_1_of_4","27":"owp-content-right","28":"owp-thumbs-layout-horizontal","29":"owp-btn-normal","30":"owp-tabs-layout-horizontal"},"yoast_head":"<!-- This site is optimized with the Yoast SEO plugin v27.4 - https:\/\/yoast.com\/product\/yoast-seo-wordpress\/ -->\n<title>Blus\u00e3o OXFORD Spartan - Curto - Moto Leonardo<\/title>\n<meta name=\"robots\" content=\"index, follow, max-snippet:-1, max-image-preview:large, max-video-preview:-1\" \/>\n<link rel=\"canonical\" href=\"https:\/\/motoleonardo.com\/?product=blusao-oxford-spartan-curto\" \/>\n<meta property=\"og:locale\" content=\"pt_PT\" \/>\n<meta property=\"og:type\" content=\"article\" \/>\n<meta property=\"og:title\" content=\"Blus\u00e3o OXFORD Spartan - Curto - Moto Leonardo\" \/>\n<meta property=\"og:description\" content=\"Um blus\u00e3o de n\u00edvel b\u00e1sico \u00e0 prova de \u00e1gua com detalhes refletivos, este blus\u00e3o oferece tudo o que voc\u00ea precisa para um passeio confort\u00e1vel, seguro e \u00e0 prova de intemp\u00e9ries. O estilo inteligente e discreto \u00e9 apenas um b\u00f4nus. Uma vers\u00e3o mais curta do blus\u00e3o Spartan longo, ideal para uma posi\u00e7\u00e3o de pilotagem mais desportiva. Caracter\u00edsticas principais \u2022 Revestimento externo de poli\u00e9ster 600D \u00e0 prova de \u00e1gua \u2022 Cintos de cintura com pontos de ajuste \u2022 Pontos de ajuste dos bra\u00e7os superiores \u2022 Ajuste do manguito \u2022 Gola ajust\u00e1vel \u2022 Bolsos para aquecer as m\u00e3os \u2022 Bolsos internos \u2022 Forro t\u00e9rmico fixo \u2022 Refletivos impressos \u2022 Conectores de cal\u00e7as curtas \u2022 Punhos de borda macia \u2022 Gola de toque suave Constru\u00e7\u00e3o \u2022 Costura de estrutura oculta \u2022 Linha Coats ligada a nylon \u2022 Costura &#8216;Bar-tack&#8217; \u2022 Sobreposi\u00e7\u00f5es (camadas extras ocultas de material) \u2022 Carcela aba de tempestade Prote\u00e7\u00e3o \u2022 Protetores de cotovelo e ombro CE n\u00edvel 1 inclu\u00eddos \u2022 Bolso protetor traseiro (Protetores traseiros Oxford vendidos separadamente) \u2022 Vestu\u00e1rio inteiro CE n\u00edvel A (EN 17092-4:2020)\" \/>\n<meta property=\"og:url\" content=\"https:\/\/motoleonardo.com\/?product=blusao-oxford-spartan-curto\" \/>\n<meta property=\"og:site_name\" content=\"Moto Leonardo\" \/>\n<meta property=\"article:publisher\" content=\"https:\/\/www.facebook.com\/motoleonardopt\" \/>\n<meta property=\"article:modified_time\" content=\"2026-01-30T11:16:04+00:00\" \/>\n<meta property=\"og:image\" content=\"https:\/\/i0.wp.com\/motoleonardo.com\/wp-content\/uploads\/2022\/12\/SM2102_01.jpg?fit=900%2C900&ssl=1\" \/>\n\t<meta property=\"og:image:width\" content=\"900\" \/>\n\t<meta property=\"og:image:height\" content=\"900\" \/>\n\t<meta property=\"og:image:type\" content=\"image\/jpeg\" \/>\n<meta name=\"twitter:card\" content=\"summary_large_image\" \/>\n<meta name=\"twitter:label1\" content=\"Tempo estimado de leitura\" \/>\n\t<meta name=\"twitter:data1\" content=\"1 minuto\" \/>\n<script type=\"application\/ld+json\" class=\"yoast-schema-graph\">{\"@context\":\"https:\\\/\\\/schema.org\",\"@graph\":[{\"@type\":\"WebPage\",\"@id\":\"https:\\\/\\\/motoleonardo.com\\\/?product=blusao-oxford-spartan-curto\",\"url\":\"https:\\\/\\\/motoleonardo.com\\\/?product=blusao-oxford-spartan-curto\",\"name\":\"Blus\u00e3o OXFORD Spartan - Curto - Moto Leonardo\",\"isPartOf\":{\"@id\":\"https:\\\/\\\/motoleonardo.com\\\/#website\"},\"primaryImageOfPage\":{\"@id\":\"https:\\\/\\\/motoleonardo.com\\\/?product=blusao-oxford-spartan-curto#primaryimage\"},\"image\":{\"@id\":\"https:\\\/\\\/motoleonardo.com\\\/?product=blusao-oxford-spartan-curto#primaryimage\"},\"thumbnailUrl\":\"https:\\\/\\\/i0.wp.com\\\/motoleonardo.com\\\/wp-content\\\/uploads\\\/2022\\\/12\\\/SM2102_01.jpg?fit=900%2C900&ssl=1\",\"datePublished\":\"2022-12-10T09:46:34+00:00\",\"dateModified\":\"2026-01-30T11:16:04+00:00\",\"breadcrumb\":{\"@id\":\"https:\\\/\\\/motoleonardo.com\\\/?product=blusao-oxford-spartan-curto#breadcrumb\"},\"inLanguage\":\"pt-PT\",\"potentialAction\":[{\"@type\":\"ReadAction\",\"target\":[\"https:\\\/\\\/motoleonardo.com\\\/?product=blusao-oxford-spartan-curto\"]}]},{\"@type\":\"ImageObject\",\"inLanguage\":\"pt-PT\",\"@id\":\"https:\\\/\\\/motoleonardo.com\\\/?product=blusao-oxford-spartan-curto#primaryimage\",\"url\":\"https:\\\/\\\/i0.wp.com\\\/motoleonardo.com\\\/wp-content\\\/uploads\\\/2022\\\/12\\\/SM2102_01.jpg?fit=900%2C900&ssl=1\",\"contentUrl\":\"https:\\\/\\\/i0.wp.com\\\/motoleonardo.com\\\/wp-content\\\/uploads\\\/2022\\\/12\\\/SM2102_01.jpg?fit=900%2C900&ssl=1\",\"width\":900,\"height\":900},{\"@type\":\"BreadcrumbList\",\"@id\":\"https:\\\/\\\/motoleonardo.com\\\/?product=blusao-oxford-spartan-curto#breadcrumb\",\"itemListElement\":[{\"@type\":\"ListItem\",\"position\":1,\"name\":\"In\u00edcio\",\"item\":\"https:\\\/\\\/motoleonardo.com\\\/\"},{\"@type\":\"ListItem\",\"position\":2,\"name\":\"Todas Categorias\",\"item\":\"https:\\\/\\\/motoleonardo.com\\\/?page_id=252\"},{\"@type\":\"ListItem\",\"position\":3,\"name\":\"Blus\u00e3o OXFORD Spartan &#8211; Curto\"}]},{\"@type\":\"WebSite\",\"@id\":\"https:\\\/\\\/motoleonardo.com\\\/#website\",\"url\":\"https:\\\/\\\/motoleonardo.com\\\/\",\"name\":\"Moto Leonardo\",\"description\":\"Motas Novas e Usadas - Oficina Multimarcas - Pe\u00e7as, Acess\u00f3rios e Equipamento\",\"publisher\":{\"@id\":\"https:\\\/\\\/motoleonardo.com\\\/#organization\"},\"potentialAction\":[{\"@type\":\"SearchAction\",\"target\":{\"@type\":\"EntryPoint\",\"urlTemplate\":\"https:\\\/\\\/motoleonardo.com\\\/?s={search_term_string}\"},\"query-input\":{\"@type\":\"PropertyValueSpecification\",\"valueRequired\":true,\"valueName\":\"search_term_string\"}}],\"inLanguage\":\"pt-PT\"},{\"@type\":\"Organization\",\"@id\":\"https:\\\/\\\/motoleonardo.com\\\/#organization\",\"name\":\"Moto Leonardo\",\"url\":\"https:\\\/\\\/motoleonardo.com\\\/\",\"logo\":{\"@type\":\"ImageObject\",\"inLanguage\":\"pt-PT\",\"@id\":\"https:\\\/\\\/motoleonardo.com\\\/#\\\/schema\\\/logo\\\/image\\\/\",\"url\":\"https:\\\/\\\/i0.wp.com\\\/motoleonardo.com\\\/wp-content\\\/uploads\\\/2022\\\/10\\\/cropped-Professional-Initial-Letter-Typography-Logo.png?fit=512%2C512&ssl=1\",\"contentUrl\":\"https:\\\/\\\/i0.wp.com\\\/motoleonardo.com\\\/wp-content\\\/uploads\\\/2022\\\/10\\\/cropped-Professional-Initial-Letter-Typography-Logo.png?fit=512%2C512&ssl=1\",\"width\":512,\"height\":512,\"caption\":\"Moto Leonardo\"},\"image\":{\"@id\":\"https:\\\/\\\/motoleonardo.com\\\/#\\\/schema\\\/logo\\\/image\\\/\"},\"sameAs\":[\"https:\\\/\\\/www.facebook.com\\\/motoleonardopt\",\"https:\\\/\\\/www.instagram.com\\\/moto_leonardo\\\/\"]}]}<\/script>\n<!-- \/ Yoast SEO plugin. -->","yoast_head_json":{"title":"Blus\u00e3o OXFORD Spartan - Curto - Moto Leonardo","robots":{"index":"index","follow":"follow","max-snippet":"max-snippet:-1","max-image-preview":"max-image-preview:large","max-video-preview":"max-video-preview:-1"},"canonical":"https:\/\/motoleonardo.com\/?product=blusao-oxford-spartan-curto","og_locale":"pt_PT","og_type":"article","og_title":"Blus\u00e3o OXFORD Spartan - Curto - Moto Leonardo","og_description":"Um blus\u00e3o de n\u00edvel b\u00e1sico \u00e0 prova de \u00e1gua com detalhes refletivos, este blus\u00e3o oferece tudo o que voc\u00ea precisa para um passeio confort\u00e1vel, seguro e \u00e0 prova de intemp\u00e9ries. O estilo inteligente e discreto \u00e9 apenas um b\u00f4nus. Uma vers\u00e3o mais curta do blus\u00e3o Spartan longo, ideal para uma posi\u00e7\u00e3o de pilotagem mais desportiva. Caracter\u00edsticas principais \u2022 Revestimento externo de poli\u00e9ster 600D \u00e0 prova de \u00e1gua \u2022 Cintos de cintura com pontos de ajuste \u2022 Pontos de ajuste dos bra\u00e7os superiores \u2022 Ajuste do manguito \u2022 Gola ajust\u00e1vel \u2022 Bolsos para aquecer as m\u00e3os \u2022 Bolsos internos \u2022 Forro t\u00e9rmico fixo \u2022 Refletivos impressos \u2022 Conectores de cal\u00e7as curtas \u2022 Punhos de borda macia \u2022 Gola de toque suave Constru\u00e7\u00e3o \u2022 Costura de estrutura oculta \u2022 Linha Coats ligada a nylon \u2022 Costura &#8216;Bar-tack&#8217; \u2022 Sobreposi\u00e7\u00f5es (camadas extras ocultas de material) \u2022 Carcela aba de tempestade Prote\u00e7\u00e3o \u2022 Protetores de cotovelo e ombro CE n\u00edvel 1 inclu\u00eddos \u2022 Bolso protetor traseiro (Protetores traseiros Oxford vendidos separadamente) \u2022 Vestu\u00e1rio inteiro CE n\u00edvel A (EN 17092-4:2020)","og_url":"https:\/\/motoleonardo.com\/?product=blusao-oxford-spartan-curto","og_site_name":"Moto Leonardo","article_publisher":"https:\/\/www.facebook.com\/motoleonardopt","article_modified_time":"2026-01-30T11:16:04+00:00","og_image":[{"width":900,"height":900,"url":"https:\/\/i0.wp.com\/motoleonardo.com\/wp-content\/uploads\/2022\/12\/SM2102_01.jpg?fit=900%2C900&ssl=1","type":"image\/jpeg"}],"twitter_card":"summary_large_image","twitter_misc":{"Tempo estimado de leitura":"1 minuto"},"schema":{"@context":"https:\/\/schema.org","@graph":[{"@type":"WebPage","@id":"https:\/\/motoleonardo.com\/?product=blusao-oxford-spartan-curto","url":"https:\/\/motoleonardo.com\/?product=blusao-oxford-spartan-curto","name":"Blus\u00e3o OXFORD Spartan - Curto - Moto Leonardo","isPartOf":{"@id":"https:\/\/motoleonardo.com\/#website"},"primaryImageOfPage":{"@id":"https:\/\/motoleonardo.com\/?product=blusao-oxford-spartan-curto#primaryimage"},"image":{"@id":"https:\/\/motoleonardo.com\/?product=blusao-oxford-spartan-curto#primaryimage"},"thumbnailUrl":"https:\/\/i0.wp.com\/motoleonardo.com\/wp-content\/uploads\/2022\/12\/SM2102_01.jpg?fit=900%2C900&ssl=1","datePublished":"2022-12-10T09:46:34+00:00","dateModified":"2026-01-30T11:16:04+00:00","breadcrumb":{"@id":"https:\/\/motoleonardo.com\/?product=blusao-oxford-spartan-curto#breadcrumb"},"inLanguage":"pt-PT","potentialAction":[{"@type":"ReadAction","target":["https:\/\/motoleonardo.com\/?product=blusao-oxford-spartan-curto"]}]},{"@type":"ImageObject","inLanguage":"pt-PT","@id":"https:\/\/motoleonardo.com\/?product=blusao-oxford-spartan-curto#primaryimage","url":"https:\/\/i0.wp.com\/motoleonardo.com\/wp-content\/uploads\/2022\/12\/SM2102_01.jpg?fit=900%2C900&ssl=1","contentUrl":"https:\/\/i0.wp.com\/motoleonardo.com\/wp-content\/uploads\/2022\/12\/SM2102_01.jpg?fit=900%2C900&ssl=1","width":900,"height":900},{"@type":"BreadcrumbList","@id":"https:\/\/motoleonardo.com\/?product=blusao-oxford-spartan-curto#breadcrumb","itemListElement":[{"@type":"ListItem","position":1,"name":"In\u00edcio","item":"https:\/\/motoleonardo.com\/"},{"@type":"ListItem","position":2,"name":"Todas Categorias","item":"https:\/\/motoleonardo.com\/?page_id=252"},{"@type":"ListItem","position":3,"name":"Blus\u00e3o OXFORD Spartan &#8211; Curto"}]},{"@type":"WebSite","@id":"https:\/\/motoleonardo.com\/#website","url":"https:\/\/motoleonardo.com\/","name":"Moto Leonardo","description":"Motas Novas e Usadas - Oficina Multimarcas - Pe\u00e7as, Acess\u00f3rios e Equipamento","publisher":{"@id":"https:\/\/motoleonardo.com\/#organization"},"potentialAction":[{"@type":"SearchAction","target":{"@type":"EntryPoint","urlTemplate":"https:\/\/motoleonardo.com\/?s={search_term_string}"},"query-input":{"@type":"PropertyValueSpecification","valueRequired":true,"valueName":"search_term_string"}}],"inLanguage":"pt-PT"},{"@type":"Organization","@id":"https:\/\/motoleonardo.com\/#organization","name":"Moto Leonardo","url":"https:\/\/motoleonardo.com\/","logo":{"@type":"ImageObject","inLanguage":"pt-PT","@id":"https:\/\/motoleonardo.com\/#\/schema\/logo\/image\/","url":"https:\/\/i0.wp.com\/motoleonardo.com\/wp-content\/uploads\/2022\/10\/cropped-Professional-Initial-Letter-Typography-Logo.png?fit=512%2C512&ssl=1","contentUrl":"https:\/\/i0.wp.com\/motoleonardo.com\/wp-content\/uploads\/2022\/10\/cropped-Professional-Initial-Letter-Typography-Logo.png?fit=512%2C512&ssl=1","width":512,"height":512,"caption":"Moto Leonardo"},"image":{"@id":"https:\/\/motoleonardo.com\/#\/schema\/logo\/image\/"},"sameAs":["https:\/\/www.facebook.com\/motoleonardopt","https:\/\/www.instagram.com\/moto_leonardo\/"]}]}},"jetpack_sharing_enabled":true,"_links":{"self":[{"href":"https:\/\/motoleonardo.com\/index.php?rest_route=\/wp\/v2\/product\/4015","targetHints":{"allow":["GET"]}}],"collection":[{"href":"https:\/\/motoleonardo.com\/index.php?rest_route=\/wp\/v2\/product"}],"about":[{"href":"https:\/\/motoleonardo.com\/index.php?rest_route=\/wp\/v2\/types\/product"}],"wp:featuredmedia":[{"embeddable":true,"href":"https:\/\/motoleonardo.com\/index.php?rest_route=\/wp\/v2\/media\/4016"}],"wp:attachment":[{"href":"https:\/\/motoleonardo.com\/index.php?rest_route=%2Fwp%2Fv2%2Fmedia&parent=4015"}],"wp:term":[{"taxonomy":"product_brand","embeddable":true,"href":"https:\/\/motoleonardo.com\/index.php?rest_route=%2Fwp%2Fv2%2Fproduct_brand&post=4015"},{"taxonomy":"product_cat","embeddable":true,"href":"https:\/\/motoleonardo.com\/index.php?rest_route=%2Fwp%2Fv2%2Fproduct_cat&post=4015"},{"taxonomy":"product_tag","embeddable":true,"href":"https:\/\/motoleonardo.com\/index.php?rest_route=%2Fwp%2Fv2%2Fproduct_tag&post=4015"}],"curies":[{"name":"wp","href":"https:\/\/api.w.org\/{rel}","templated":true}]}}