{"id":5119,"date":"2024-03-06T20:19:13","date_gmt":"2024-03-06T20:19:13","guid":{"rendered":"https:\/\/motoleonardo.com\/?post_type=product&#038;p=5119"},"modified":"2025-09-10T11:45:35","modified_gmt":"2025-09-10T11:45:35","slug":"capacete-hjc-c91n-preto-mate","status":"publish","type":"product","link":"https:\/\/motoleonardo.com\/?product=capacete-hjc-c91n-preto-mate","title":{"rendered":"Capacete HJC C91N Preto Mate"},"content":{"rendered":"<p><strong>Dupla aprova\u00e7\u00e3o: ECE 22-06 e P\/J<\/strong><\/p>\n<p>O capacete C91N oferecer\u00e1 aos motociclistas alguns dos melhores recursos do mercado a um pre\u00e7o acess\u00edvel. Come\u00e7ando com o revestimento composto de policarbonato Advance. Ele fornece um capacete leve com ajuste e conforto superiores usando tecnologia CAD avan\u00e7ada. A prote\u00e7\u00e3o do queixo funciona com uma \u00fanica alavanca f\u00e1cil de usar e \u00e9 f\u00e1cil de usar com luvas. Tamb\u00e9m inclui um protetor solar interno com mecanismo manual que se move para frente e para tr\u00e1s com facilidade. A grande ventila\u00e7\u00e3o superior permite a ventila\u00e7\u00e3o do fluxo de ar atrav\u00e9s dos canais profundos de EPS do capacete, mantendo voc\u00ea fresco durante os passeios. O forro superior SuperCool e o interior das bochechas oferecem recursos adicionais de resfriamento com seu tecido antibacteriano que absorve a umidade. O C91N tamb\u00e9m est\u00e1 pronto para Smart HJC para aceitar os sistemas Bluetooth 10B ou 20B (*vendidos separadamente).<\/p>\n<p><strong>Caracter\u00edsticas:<\/strong><\/p>\n<ul>\n<li>Shell composto de policarbonato avan\u00e7ado com chinbar ajust\u00e1vel:<\/li>\n<li>Leve, ajuste superior e conforto usando tecnologia CAD avan\u00e7ada.<\/li>\n<li>Sistema avan\u00e7ado de ventila\u00e7\u00e3o por canaliza\u00e7\u00e3o \u201cACS\u201d: O fluxo de ar total da frente para tr\u00e1s libera o calor e a umidade para cima e para fora.<\/li>\n<li>Viseira Pinlock Pin Preparada HJ-17: Fornece 99% de prote\u00e7\u00e3o UV.<\/li>\n<li>Sistema de substitui\u00e7\u00e3o de viseira RapidFire\u2122: O sistema de catraca de viseira simples e seguro fornece substitui\u00e7\u00e3o de viseira ultrarr\u00e1pida e sem ferramentas.<\/li>\n<li>Escudo solar integrado: O escudo solar Black Dark Smoke \u00e9 implantado de forma r\u00e1pida e f\u00e1cil; Revestimento anti-riscos; Sistema deslizante de f\u00e1cil utiliza\u00e7\u00e3o.<\/li>\n<li>Partes internas: absorventes de umidade e secas.<\/li>\n<li>Almofadas de coroa e bochecha: remov\u00edveis e lav\u00e1veis.<\/li>\n<li>Bochechas: Intercambi\u00e1veis \u200b\u200bem todos os tamanhos de concha.<\/li>\n<li>Ranhuras de \u00f3culos: acomoda motociclistas que usam \u00f3culos e \u00f3culos de sol.<\/li>\n<li>Bolsos para alto-falantes: para comunica\u00e7\u00e3o Bluetooth.<\/li>\n<li>Pronto para SMART HJC 10B e 20B Bluetooth (Bluetooth vendido separadamente).<\/li>\n<\/ul>\n","protected":false},"excerpt":{"rendered":"<p>Dupla aprova\u00e7\u00e3o: ECE 22-06 e P\/J O capacete C91N oferecer\u00e1 aos motociclistas alguns dos melhores recursos do mercado a um pre\u00e7o acess\u00edvel. Come\u00e7ando com o revestimento composto de policarbonato Advance. Ele fornece um capacete leve com ajuste e conforto superiores usando tecnologia CAD avan\u00e7ada. A prote\u00e7\u00e3o do queixo funciona com uma \u00fanica alavanca f\u00e1cil de usar e \u00e9 f\u00e1cil de usar com luvas. Tamb\u00e9m inclui um protetor solar interno com mecanismo manual que se move para frente e para tr\u00e1s com facilidade. A grande ventila\u00e7\u00e3o superior permite a ventila\u00e7\u00e3o do fluxo de ar atrav\u00e9s dos canais profundos de EPS do capacete, mantendo voc\u00ea fresco durante os passeios. O forro superior SuperCool e o interior das bochechas oferecem recursos adicionais de resfriamento com seu tecido antibacteriano que absorve a umidade. O C91N tamb\u00e9m est\u00e1 pronto para Smart HJC para aceitar os sistemas Bluetooth 10B ou 20B (*vendidos separadamente). Caracter\u00edsticas: Shell composto de policarbonato avan\u00e7ado com chinbar ajust\u00e1vel: Leve, ajuste superior e conforto usando tecnologia CAD avan\u00e7ada. Sistema avan\u00e7ado de ventila\u00e7\u00e3o por canaliza\u00e7\u00e3o \u201cACS\u201d: O fluxo de ar total da frente para tr\u00e1s libera o calor e a umidade para cima e para fora. Viseira Pinlock Pin Preparada HJ-17: Fornece 99% de prote\u00e7\u00e3o UV. Sistema de substitui\u00e7\u00e3o de viseira RapidFire\u2122: O sistema de catraca de viseira simples e seguro fornece substitui\u00e7\u00e3o de viseira ultrarr\u00e1pida e sem ferramentas. Escudo solar integrado: O escudo solar Black Dark Smoke \u00e9 implantado de forma r\u00e1pida e f\u00e1cil; Revestimento anti-riscos; Sistema deslizante de f\u00e1cil utiliza\u00e7\u00e3o. Partes internas: absorventes de umidade e secas. Almofadas de coroa e bochecha: remov\u00edveis e lav\u00e1veis. Bochechas: Intercambi\u00e1veis \u200b\u200bem todos os tamanhos de concha. Ranhuras de \u00f3culos: acomoda motociclistas que usam \u00f3culos e \u00f3culos de sol. Bolsos para alto-falantes: para comunica\u00e7\u00e3o Bluetooth. Pronto para SMART HJC 10B e 20B Bluetooth (Bluetooth vendido separadamente).<\/p>\n","protected":false},"featured_media":5121,"template":"","meta":{"ocean_post_layout":"","ocean_both_sidebars_style":"","ocean_both_sidebars_content_width":0,"ocean_both_sidebars_sidebars_width":0,"ocean_sidebar":"0","ocean_second_sidebar":"0","ocean_disable_margins":"enable","ocean_add_body_class":"","ocean_shortcode_before_top_bar":"","ocean_shortcode_after_top_bar":"","ocean_shortcode_before_header":"","ocean_shortcode_after_header":"","ocean_has_shortcode":"","ocean_shortcode_after_title":"","ocean_shortcode_before_footer_widgets":"","ocean_shortcode_after_footer_widgets":"","ocean_shortcode_before_footer_bottom":"","ocean_shortcode_after_footer_bottom":"","ocean_display_top_bar":"default","ocean_display_header":"default","ocean_header_style":"","ocean_center_header_left_menu":"0","ocean_custom_header_template":"0","ocean_custom_logo":0,"ocean_custom_retina_logo":0,"ocean_custom_logo_max_width":0,"ocean_custom_logo_tablet_max_width":0,"ocean_custom_logo_mobile_max_width":0,"ocean_custom_logo_max_height":0,"ocean_custom_logo_tablet_max_height":0,"ocean_custom_logo_mobile_max_height":0,"ocean_header_custom_menu":"0","ocean_menu_typo_font_family":"0","ocean_menu_typo_font_subset":"","ocean_menu_typo_font_size":0,"ocean_menu_typo_font_size_tablet":0,"ocean_menu_typo_font_size_mobile":0,"ocean_menu_typo_font_size_unit":"px","ocean_menu_typo_font_weight":"","ocean_menu_typo_font_weight_tablet":"","ocean_menu_typo_font_weight_mobile":"","ocean_menu_typo_transform":"","ocean_menu_typo_transform_tablet":"","ocean_menu_typo_transform_mobile":"","ocean_menu_typo_line_height":0,"ocean_menu_typo_line_height_tablet":0,"ocean_menu_typo_line_height_mobile":0,"ocean_menu_typo_line_height_unit":"","ocean_menu_typo_spacing":0,"ocean_menu_typo_spacing_tablet":0,"ocean_menu_typo_spacing_mobile":0,"ocean_menu_typo_spacing_unit":"","ocean_menu_link_color":"","ocean_menu_link_color_hover":"","ocean_menu_link_color_active":"","ocean_menu_link_background":"","ocean_menu_link_hover_background":"","ocean_menu_link_active_background":"","ocean_menu_social_links_bg":"","ocean_menu_social_hover_links_bg":"","ocean_menu_social_links_color":"","ocean_menu_social_hover_links_color":"","ocean_disable_title":"default","ocean_disable_heading":"default","ocean_post_title":"","ocean_post_subheading":"","ocean_post_title_style":"","ocean_post_title_background_color":"","ocean_post_title_background":0,"ocean_post_title_bg_image_position":"","ocean_post_title_bg_image_attachment":"","ocean_post_title_bg_image_repeat":"","ocean_post_title_bg_image_size":"","ocean_post_title_height":0,"ocean_post_title_bg_overlay":0.5,"ocean_post_title_bg_overlay_color":"","ocean_disable_breadcrumbs":"default","ocean_breadcrumbs_color":"","ocean_breadcrumbs_separator_color":"","ocean_breadcrumbs_links_color":"","ocean_breadcrumbs_links_hover_color":"","ocean_display_footer_widgets":"default","ocean_display_footer_bottom":"default","ocean_custom_footer_template":"0","omw_enable_modal_window":"enable"},"product_brand":[],"product_cat":[26,34],"product_tag":[537,130,533,538,448,291],"class_list":{"0":"post-5119","1":"product","2":"type-product","3":"status-publish","4":"has-post-thumbnail","6":"product_cat-capacetes","7":"product_cat-capacetes-modulares","8":"product_tag-c91n","9":"product_tag-capacete","10":"product_tag-hjc","11":"product_tag-mate","12":"product_tag-modular","13":"product_tag-preto","15":"entry","16":"has-media","18":"first","19":"onbackorder","20":"sale","21":"shipping-taxable","22":"purchasable","23":"product-type-variable","24":"has-product-nav","25":"col","26":"span_1_of_4","27":"owp-content-right","28":"owp-thumbs-layout-horizontal","29":"owp-btn-normal","30":"owp-tabs-layout-horizontal","31":"has-no-thumbnails"},"yoast_head":"<!-- This site is optimized with the Yoast SEO plugin v27.4 - https:\/\/yoast.com\/product\/yoast-seo-wordpress\/ -->\n<title>Capacete HJC C91N Preto Mate - Moto Leonardo<\/title>\n<meta name=\"robots\" content=\"index, follow, max-snippet:-1, max-image-preview:large, max-video-preview:-1\" \/>\n<link rel=\"canonical\" href=\"https:\/\/motoleonardo.com\/?product=capacete-hjc-c91n-preto-mate\" \/>\n<meta property=\"og:locale\" content=\"pt_PT\" \/>\n<meta property=\"og:type\" content=\"article\" \/>\n<meta property=\"og:title\" content=\"Capacete HJC C91N Preto Mate - Moto Leonardo\" \/>\n<meta property=\"og:description\" content=\"Dupla aprova\u00e7\u00e3o: ECE 22-06 e P\/J O capacete C91N oferecer\u00e1 aos motociclistas alguns dos melhores recursos do mercado a um pre\u00e7o acess\u00edvel. Come\u00e7ando com o revestimento composto de policarbonato Advance. Ele fornece um capacete leve com ajuste e conforto superiores usando tecnologia CAD avan\u00e7ada. A prote\u00e7\u00e3o do queixo funciona com uma \u00fanica alavanca f\u00e1cil de usar e \u00e9 f\u00e1cil de usar com luvas. Tamb\u00e9m inclui um protetor solar interno com mecanismo manual que se move para frente e para tr\u00e1s com facilidade. A grande ventila\u00e7\u00e3o superior permite a ventila\u00e7\u00e3o do fluxo de ar atrav\u00e9s dos canais profundos de EPS do capacete, mantendo voc\u00ea fresco durante os passeios. O forro superior SuperCool e o interior das bochechas oferecem recursos adicionais de resfriamento com seu tecido antibacteriano que absorve a umidade. O C91N tamb\u00e9m est\u00e1 pronto para Smart HJC para aceitar os sistemas Bluetooth 10B ou 20B (*vendidos separadamente). Caracter\u00edsticas: Shell composto de policarbonato avan\u00e7ado com chinbar ajust\u00e1vel: Leve, ajuste superior e conforto usando tecnologia CAD avan\u00e7ada. Sistema avan\u00e7ado de ventila\u00e7\u00e3o por canaliza\u00e7\u00e3o \u201cACS\u201d: O fluxo de ar total da frente para tr\u00e1s libera o calor e a umidade para cima e para fora. Viseira Pinlock Pin Preparada HJ-17: Fornece 99% de prote\u00e7\u00e3o UV. Sistema de substitui\u00e7\u00e3o de viseira RapidFire\u2122: O sistema de catraca de viseira simples e seguro fornece substitui\u00e7\u00e3o de viseira ultrarr\u00e1pida e sem ferramentas. Escudo solar integrado: O escudo solar Black Dark Smoke \u00e9 implantado de forma r\u00e1pida e f\u00e1cil; Revestimento anti-riscos; Sistema deslizante de f\u00e1cil utiliza\u00e7\u00e3o. Partes internas: absorventes de umidade e secas. Almofadas de coroa e bochecha: remov\u00edveis e lav\u00e1veis. Bochechas: Intercambi\u00e1veis \u200b\u200bem todos os tamanhos de concha. Ranhuras de \u00f3culos: acomoda motociclistas que usam \u00f3culos e \u00f3culos de sol. Bolsos para alto-falantes: para comunica\u00e7\u00e3o Bluetooth. Pronto para SMART HJC 10B e 20B Bluetooth (Bluetooth vendido separadamente).\" \/>\n<meta property=\"og:url\" content=\"https:\/\/motoleonardo.com\/?product=capacete-hjc-c91n-preto-mate\" \/>\n<meta property=\"og:site_name\" content=\"Moto Leonardo\" \/>\n<meta property=\"article:publisher\" content=\"https:\/\/www.facebook.com\/motoleonardopt\" \/>\n<meta property=\"article:modified_time\" content=\"2025-09-10T11:45:35+00:00\" \/>\n<meta property=\"og:image\" content=\"https:\/\/i0.wp.com\/motoleonardo.com\/wp-content\/uploads\/2024\/03\/hjc-c91n-prtmate.jpg?fit=1100%2C1422&ssl=1\" \/>\n\t<meta property=\"og:image:width\" content=\"1100\" \/>\n\t<meta property=\"og:image:height\" content=\"1422\" \/>\n\t<meta property=\"og:image:type\" content=\"image\/jpeg\" \/>\n<meta name=\"twitter:card\" content=\"summary_large_image\" \/>\n<meta name=\"twitter:label1\" content=\"Tempo estimado de leitura\" \/>\n\t<meta name=\"twitter:data1\" content=\"2 minutos\" \/>\n<script type=\"application\/ld+json\" class=\"yoast-schema-graph\">{\"@context\":\"https:\\\/\\\/schema.org\",\"@graph\":[{\"@type\":\"WebPage\",\"@id\":\"https:\\\/\\\/motoleonardo.com\\\/?product=capacete-hjc-c91n-preto-mate\",\"url\":\"https:\\\/\\\/motoleonardo.com\\\/?product=capacete-hjc-c91n-preto-mate\",\"name\":\"Capacete HJC C91N Preto Mate - Moto Leonardo\",\"isPartOf\":{\"@id\":\"https:\\\/\\\/motoleonardo.com\\\/#website\"},\"primaryImageOfPage\":{\"@id\":\"https:\\\/\\\/motoleonardo.com\\\/?product=capacete-hjc-c91n-preto-mate#primaryimage\"},\"image\":{\"@id\":\"https:\\\/\\\/motoleonardo.com\\\/?product=capacete-hjc-c91n-preto-mate#primaryimage\"},\"thumbnailUrl\":\"https:\\\/\\\/i0.wp.com\\\/motoleonardo.com\\\/wp-content\\\/uploads\\\/2024\\\/03\\\/hjc-c91n-prtmate.jpg?fit=1100%2C1422&ssl=1\",\"datePublished\":\"2024-03-06T20:19:13+00:00\",\"dateModified\":\"2025-09-10T11:45:35+00:00\",\"breadcrumb\":{\"@id\":\"https:\\\/\\\/motoleonardo.com\\\/?product=capacete-hjc-c91n-preto-mate#breadcrumb\"},\"inLanguage\":\"pt-PT\",\"potentialAction\":[{\"@type\":\"ReadAction\",\"target\":[\"https:\\\/\\\/motoleonardo.com\\\/?product=capacete-hjc-c91n-preto-mate\"]}]},{\"@type\":\"ImageObject\",\"inLanguage\":\"pt-PT\",\"@id\":\"https:\\\/\\\/motoleonardo.com\\\/?product=capacete-hjc-c91n-preto-mate#primaryimage\",\"url\":\"https:\\\/\\\/i0.wp.com\\\/motoleonardo.com\\\/wp-content\\\/uploads\\\/2024\\\/03\\\/hjc-c91n-prtmate.jpg?fit=1100%2C1422&ssl=1\",\"contentUrl\":\"https:\\\/\\\/i0.wp.com\\\/motoleonardo.com\\\/wp-content\\\/uploads\\\/2024\\\/03\\\/hjc-c91n-prtmate.jpg?fit=1100%2C1422&ssl=1\",\"width\":1100,\"height\":1422},{\"@type\":\"BreadcrumbList\",\"@id\":\"https:\\\/\\\/motoleonardo.com\\\/?product=capacete-hjc-c91n-preto-mate#breadcrumb\",\"itemListElement\":[{\"@type\":\"ListItem\",\"position\":1,\"name\":\"In\u00edcio\",\"item\":\"https:\\\/\\\/motoleonardo.com\\\/\"},{\"@type\":\"ListItem\",\"position\":2,\"name\":\"Todas Categorias\",\"item\":\"https:\\\/\\\/motoleonardo.com\\\/?page_id=252\"},{\"@type\":\"ListItem\",\"position\":3,\"name\":\"Capacete HJC C91N Preto Mate\"}]},{\"@type\":\"WebSite\",\"@id\":\"https:\\\/\\\/motoleonardo.com\\\/#website\",\"url\":\"https:\\\/\\\/motoleonardo.com\\\/\",\"name\":\"Moto Leonardo\",\"description\":\"Motas Novas e Usadas - Oficina Multimarcas - Pe\u00e7as, Acess\u00f3rios e Equipamento\",\"publisher\":{\"@id\":\"https:\\\/\\\/motoleonardo.com\\\/#organization\"},\"potentialAction\":[{\"@type\":\"SearchAction\",\"target\":{\"@type\":\"EntryPoint\",\"urlTemplate\":\"https:\\\/\\\/motoleonardo.com\\\/?s={search_term_string}\"},\"query-input\":{\"@type\":\"PropertyValueSpecification\",\"valueRequired\":true,\"valueName\":\"search_term_string\"}}],\"inLanguage\":\"pt-PT\"},{\"@type\":\"Organization\",\"@id\":\"https:\\\/\\\/motoleonardo.com\\\/#organization\",\"name\":\"Moto Leonardo\",\"url\":\"https:\\\/\\\/motoleonardo.com\\\/\",\"logo\":{\"@type\":\"ImageObject\",\"inLanguage\":\"pt-PT\",\"@id\":\"https:\\\/\\\/motoleonardo.com\\\/#\\\/schema\\\/logo\\\/image\\\/\",\"url\":\"https:\\\/\\\/i0.wp.com\\\/motoleonardo.com\\\/wp-content\\\/uploads\\\/2022\\\/10\\\/cropped-Professional-Initial-Letter-Typography-Logo.png?fit=512%2C512&ssl=1\",\"contentUrl\":\"https:\\\/\\\/i0.wp.com\\\/motoleonardo.com\\\/wp-content\\\/uploads\\\/2022\\\/10\\\/cropped-Professional-Initial-Letter-Typography-Logo.png?fit=512%2C512&ssl=1\",\"width\":512,\"height\":512,\"caption\":\"Moto Leonardo\"},\"image\":{\"@id\":\"https:\\\/\\\/motoleonardo.com\\\/#\\\/schema\\\/logo\\\/image\\\/\"},\"sameAs\":[\"https:\\\/\\\/www.facebook.com\\\/motoleonardopt\",\"https:\\\/\\\/www.instagram.com\\\/moto_leonardo\\\/\"]}]}<\/script>\n<!-- \/ Yoast SEO plugin. -->","yoast_head_json":{"title":"Capacete HJC C91N Preto Mate - Moto Leonardo","robots":{"index":"index","follow":"follow","max-snippet":"max-snippet:-1","max-image-preview":"max-image-preview:large","max-video-preview":"max-video-preview:-1"},"canonical":"https:\/\/motoleonardo.com\/?product=capacete-hjc-c91n-preto-mate","og_locale":"pt_PT","og_type":"article","og_title":"Capacete HJC C91N Preto Mate - Moto Leonardo","og_description":"Dupla aprova\u00e7\u00e3o: ECE 22-06 e P\/J O capacete C91N oferecer\u00e1 aos motociclistas alguns dos melhores recursos do mercado a um pre\u00e7o acess\u00edvel. Come\u00e7ando com o revestimento composto de policarbonato Advance. Ele fornece um capacete leve com ajuste e conforto superiores usando tecnologia CAD avan\u00e7ada. A prote\u00e7\u00e3o do queixo funciona com uma \u00fanica alavanca f\u00e1cil de usar e \u00e9 f\u00e1cil de usar com luvas. Tamb\u00e9m inclui um protetor solar interno com mecanismo manual que se move para frente e para tr\u00e1s com facilidade. A grande ventila\u00e7\u00e3o superior permite a ventila\u00e7\u00e3o do fluxo de ar atrav\u00e9s dos canais profundos de EPS do capacete, mantendo voc\u00ea fresco durante os passeios. O forro superior SuperCool e o interior das bochechas oferecem recursos adicionais de resfriamento com seu tecido antibacteriano que absorve a umidade. O C91N tamb\u00e9m est\u00e1 pronto para Smart HJC para aceitar os sistemas Bluetooth 10B ou 20B (*vendidos separadamente). Caracter\u00edsticas: Shell composto de policarbonato avan\u00e7ado com chinbar ajust\u00e1vel: Leve, ajuste superior e conforto usando tecnologia CAD avan\u00e7ada. Sistema avan\u00e7ado de ventila\u00e7\u00e3o por canaliza\u00e7\u00e3o \u201cACS\u201d: O fluxo de ar total da frente para tr\u00e1s libera o calor e a umidade para cima e para fora. Viseira Pinlock Pin Preparada HJ-17: Fornece 99% de prote\u00e7\u00e3o UV. Sistema de substitui\u00e7\u00e3o de viseira RapidFire\u2122: O sistema de catraca de viseira simples e seguro fornece substitui\u00e7\u00e3o de viseira ultrarr\u00e1pida e sem ferramentas. Escudo solar integrado: O escudo solar Black Dark Smoke \u00e9 implantado de forma r\u00e1pida e f\u00e1cil; Revestimento anti-riscos; Sistema deslizante de f\u00e1cil utiliza\u00e7\u00e3o. Partes internas: absorventes de umidade e secas. Almofadas de coroa e bochecha: remov\u00edveis e lav\u00e1veis. Bochechas: Intercambi\u00e1veis \u200b\u200bem todos os tamanhos de concha. Ranhuras de \u00f3culos: acomoda motociclistas que usam \u00f3culos e \u00f3culos de sol. Bolsos para alto-falantes: para comunica\u00e7\u00e3o Bluetooth. Pronto para SMART HJC 10B e 20B Bluetooth (Bluetooth vendido separadamente).","og_url":"https:\/\/motoleonardo.com\/?product=capacete-hjc-c91n-preto-mate","og_site_name":"Moto Leonardo","article_publisher":"https:\/\/www.facebook.com\/motoleonardopt","article_modified_time":"2025-09-10T11:45:35+00:00","og_image":[{"width":1100,"height":1422,"url":"https:\/\/i0.wp.com\/motoleonardo.com\/wp-content\/uploads\/2024\/03\/hjc-c91n-prtmate.jpg?fit=1100%2C1422&ssl=1","type":"image\/jpeg"}],"twitter_card":"summary_large_image","twitter_misc":{"Tempo estimado de leitura":"2 minutos"},"schema":{"@context":"https:\/\/schema.org","@graph":[{"@type":"WebPage","@id":"https:\/\/motoleonardo.com\/?product=capacete-hjc-c91n-preto-mate","url":"https:\/\/motoleonardo.com\/?product=capacete-hjc-c91n-preto-mate","name":"Capacete HJC C91N Preto Mate - Moto Leonardo","isPartOf":{"@id":"https:\/\/motoleonardo.com\/#website"},"primaryImageOfPage":{"@id":"https:\/\/motoleonardo.com\/?product=capacete-hjc-c91n-preto-mate#primaryimage"},"image":{"@id":"https:\/\/motoleonardo.com\/?product=capacete-hjc-c91n-preto-mate#primaryimage"},"thumbnailUrl":"https:\/\/i0.wp.com\/motoleonardo.com\/wp-content\/uploads\/2024\/03\/hjc-c91n-prtmate.jpg?fit=1100%2C1422&ssl=1","datePublished":"2024-03-06T20:19:13+00:00","dateModified":"2025-09-10T11:45:35+00:00","breadcrumb":{"@id":"https:\/\/motoleonardo.com\/?product=capacete-hjc-c91n-preto-mate#breadcrumb"},"inLanguage":"pt-PT","potentialAction":[{"@type":"ReadAction","target":["https:\/\/motoleonardo.com\/?product=capacete-hjc-c91n-preto-mate"]}]},{"@type":"ImageObject","inLanguage":"pt-PT","@id":"https:\/\/motoleonardo.com\/?product=capacete-hjc-c91n-preto-mate#primaryimage","url":"https:\/\/i0.wp.com\/motoleonardo.com\/wp-content\/uploads\/2024\/03\/hjc-c91n-prtmate.jpg?fit=1100%2C1422&ssl=1","contentUrl":"https:\/\/i0.wp.com\/motoleonardo.com\/wp-content\/uploads\/2024\/03\/hjc-c91n-prtmate.jpg?fit=1100%2C1422&ssl=1","width":1100,"height":1422},{"@type":"BreadcrumbList","@id":"https:\/\/motoleonardo.com\/?product=capacete-hjc-c91n-preto-mate#breadcrumb","itemListElement":[{"@type":"ListItem","position":1,"name":"In\u00edcio","item":"https:\/\/motoleonardo.com\/"},{"@type":"ListItem","position":2,"name":"Todas Categorias","item":"https:\/\/motoleonardo.com\/?page_id=252"},{"@type":"ListItem","position":3,"name":"Capacete HJC C91N Preto Mate"}]},{"@type":"WebSite","@id":"https:\/\/motoleonardo.com\/#website","url":"https:\/\/motoleonardo.com\/","name":"Moto Leonardo","description":"Motas Novas e Usadas - Oficina Multimarcas - Pe\u00e7as, Acess\u00f3rios e Equipamento","publisher":{"@id":"https:\/\/motoleonardo.com\/#organization"},"potentialAction":[{"@type":"SearchAction","target":{"@type":"EntryPoint","urlTemplate":"https:\/\/motoleonardo.com\/?s={search_term_string}"},"query-input":{"@type":"PropertyValueSpecification","valueRequired":true,"valueName":"search_term_string"}}],"inLanguage":"pt-PT"},{"@type":"Organization","@id":"https:\/\/motoleonardo.com\/#organization","name":"Moto Leonardo","url":"https:\/\/motoleonardo.com\/","logo":{"@type":"ImageObject","inLanguage":"pt-PT","@id":"https:\/\/motoleonardo.com\/#\/schema\/logo\/image\/","url":"https:\/\/i0.wp.com\/motoleonardo.com\/wp-content\/uploads\/2022\/10\/cropped-Professional-Initial-Letter-Typography-Logo.png?fit=512%2C512&ssl=1","contentUrl":"https:\/\/i0.wp.com\/motoleonardo.com\/wp-content\/uploads\/2022\/10\/cropped-Professional-Initial-Letter-Typography-Logo.png?fit=512%2C512&ssl=1","width":512,"height":512,"caption":"Moto Leonardo"},"image":{"@id":"https:\/\/motoleonardo.com\/#\/schema\/logo\/image\/"},"sameAs":["https:\/\/www.facebook.com\/motoleonardopt","https:\/\/www.instagram.com\/moto_leonardo\/"]}]}},"jetpack_sharing_enabled":true,"_links":{"self":[{"href":"https:\/\/motoleonardo.com\/index.php?rest_route=\/wp\/v2\/product\/5119","targetHints":{"allow":["GET"]}}],"collection":[{"href":"https:\/\/motoleonardo.com\/index.php?rest_route=\/wp\/v2\/product"}],"about":[{"href":"https:\/\/motoleonardo.com\/index.php?rest_route=\/wp\/v2\/types\/product"}],"wp:featuredmedia":[{"embeddable":true,"href":"https:\/\/motoleonardo.com\/index.php?rest_route=\/wp\/v2\/media\/5121"}],"wp:attachment":[{"href":"https:\/\/motoleonardo.com\/index.php?rest_route=%2Fwp%2Fv2%2Fmedia&parent=5119"}],"wp:term":[{"taxonomy":"product_brand","embeddable":true,"href":"https:\/\/motoleonardo.com\/index.php?rest_route=%2Fwp%2Fv2%2Fproduct_brand&post=5119"},{"taxonomy":"product_cat","embeddable":true,"href":"https:\/\/motoleonardo.com\/index.php?rest_route=%2Fwp%2Fv2%2Fproduct_cat&post=5119"},{"taxonomy":"product_tag","embeddable":true,"href":"https:\/\/motoleonardo.com\/index.php?rest_route=%2Fwp%2Fv2%2Fproduct_tag&post=5119"}],"curies":[{"name":"wp","href":"https:\/\/api.w.org\/{rel}","templated":true}]}}