{"id":5253,"date":"2024-04-10T21:32:20","date_gmt":"2024-04-10T21:32:20","guid":{"rendered":"https:\/\/motoleonardo.com\/?post_type=product&#038;p=5253"},"modified":"2026-01-15T09:57:13","modified_gmt":"2026-01-15T09:57:13","slug":"shad-alforges-laterais-tr40-soft-adventure","status":"publish","type":"product","link":"https:\/\/motoleonardo.com\/?product=shad-alforges-laterais-tr40-soft-adventure","title":{"rendered":"SHAD Alforges Laterais TR40 Soft Adventure"},"content":{"rendered":"<p>Os alforges SHAD TR40 Soft Adventure s\u00e3o a solu\u00e7\u00e3o de armazenamento ideal com sistema de travamento duplo para proporcionar maior seguran\u00e7a.<br \/>\nOs alforges X0TR401 combinam funcionalidade com estilo e s\u00e3o facilmente fixados \u00e0 sua bicicleta atrav\u00e9s do kit de montagem de alforges 4P.<\/p>\n<p><strong>Caracter\u00edsticas:<br \/>\n<\/strong>Faixas de capacidade expans\u00edveis de 32l por conjunto<br \/>\nCarga m\u00e1xima de 10kg por unidade<br \/>\nA combina\u00e7\u00e3o do fechamento em rolo dos sacos externos e internos garante que os sacos sejam \u00e0 prova d&#8217;\u00e1gua<br \/>\nUm orif\u00edcio de drenagem por saco externo<br \/>\n8 pontos de amarra\u00e7\u00e3o refor\u00e7ados (por bolsa)<br \/>\nInclui um arn\u00eas para garrafa e bolsa externa \u00e0 prova d&#8217;\u00e1gua<br \/>\nPe\u00e7as refletivas para seguran\u00e7a<br \/>\n6 fivelas duraflex para ajustar a bolsa ao tamanho da carga<br \/>\nBase refor\u00e7ada, que mant\u00e9m seus pertences protegidos<br \/>\nFivelas de alum\u00ednio anodizado para aeronaves<br \/>\nCostura Z refor\u00e7ada<br \/>\nal\u00e7as de transporte acolchoadas<\/p>\n","protected":false},"excerpt":{"rendered":"<p>Os alforges SHAD TR40 Soft Adventure s\u00e3o a solu\u00e7\u00e3o de armazenamento ideal com sistema de travamento duplo para proporcionar maior seguran\u00e7a. Os alforges X0TR401 combinam funcionalidade com estilo e s\u00e3o facilmente fixados \u00e0 sua bicicleta atrav\u00e9s do kit de montagem de alforges 4P. Caracter\u00edsticas: Faixas de capacidade expans\u00edveis de 32l por conjunto Carga m\u00e1xima de 10kg por unidade A combina\u00e7\u00e3o do fechamento em rolo dos sacos externos e internos garante que os sacos sejam \u00e0 prova d&#8217;\u00e1gua Um orif\u00edcio de drenagem por saco externo 8 pontos de amarra\u00e7\u00e3o refor\u00e7ados (por bolsa) Inclui um arn\u00eas para garrafa e bolsa externa \u00e0 prova d&#8217;\u00e1gua Pe\u00e7as refletivas para seguran\u00e7a 6 fivelas duraflex para ajustar a bolsa ao tamanho da carga Base refor\u00e7ada, que mant\u00e9m seus pertences protegidos Fivelas de alum\u00ednio anodizado para aeronaves Costura Z refor\u00e7ada al\u00e7as de transporte acolchoadas<\/p>\n","protected":false},"featured_media":5256,"template":"","meta":{"ocean_post_layout":"","ocean_both_sidebars_style":"","ocean_both_sidebars_content_width":0,"ocean_both_sidebars_sidebars_width":0,"ocean_sidebar":"0","ocean_second_sidebar":"0","ocean_disable_margins":"enable","ocean_add_body_class":"","ocean_shortcode_before_top_bar":"","ocean_shortcode_after_top_bar":"","ocean_shortcode_before_header":"","ocean_shortcode_after_header":"","ocean_has_shortcode":"","ocean_shortcode_after_title":"","ocean_shortcode_before_footer_widgets":"","ocean_shortcode_after_footer_widgets":"","ocean_shortcode_before_footer_bottom":"","ocean_shortcode_after_footer_bottom":"","ocean_display_top_bar":"default","ocean_display_header":"default","ocean_header_style":"","ocean_center_header_left_menu":"0","ocean_custom_header_template":"0","ocean_custom_logo":0,"ocean_custom_retina_logo":0,"ocean_custom_logo_max_width":0,"ocean_custom_logo_tablet_max_width":0,"ocean_custom_logo_mobile_max_width":0,"ocean_custom_logo_max_height":0,"ocean_custom_logo_tablet_max_height":0,"ocean_custom_logo_mobile_max_height":0,"ocean_header_custom_menu":"0","ocean_menu_typo_font_family":"0","ocean_menu_typo_font_subset":"","ocean_menu_typo_font_size":0,"ocean_menu_typo_font_size_tablet":0,"ocean_menu_typo_font_size_mobile":0,"ocean_menu_typo_font_size_unit":"px","ocean_menu_typo_font_weight":"","ocean_menu_typo_font_weight_tablet":"","ocean_menu_typo_font_weight_mobile":"","ocean_menu_typo_transform":"","ocean_menu_typo_transform_tablet":"","ocean_menu_typo_transform_mobile":"","ocean_menu_typo_line_height":0,"ocean_menu_typo_line_height_tablet":0,"ocean_menu_typo_line_height_mobile":0,"ocean_menu_typo_line_height_unit":"","ocean_menu_typo_spacing":0,"ocean_menu_typo_spacing_tablet":0,"ocean_menu_typo_spacing_mobile":0,"ocean_menu_typo_spacing_unit":"","ocean_menu_link_color":"","ocean_menu_link_color_hover":"","ocean_menu_link_color_active":"","ocean_menu_link_background":"","ocean_menu_link_hover_background":"","ocean_menu_link_active_background":"","ocean_menu_social_links_bg":"","ocean_menu_social_hover_links_bg":"","ocean_menu_social_links_color":"","ocean_menu_social_hover_links_color":"","ocean_disable_title":"default","ocean_disable_heading":"default","ocean_post_title":"","ocean_post_subheading":"","ocean_post_title_style":"","ocean_post_title_background_color":"","ocean_post_title_background":0,"ocean_post_title_bg_image_position":"","ocean_post_title_bg_image_attachment":"","ocean_post_title_bg_image_repeat":"","ocean_post_title_bg_image_size":"","ocean_post_title_height":0,"ocean_post_title_bg_overlay":0.5,"ocean_post_title_bg_overlay_color":"","ocean_disable_breadcrumbs":"default","ocean_breadcrumbs_color":"","ocean_breadcrumbs_separator_color":"","ocean_breadcrumbs_links_color":"","ocean_breadcrumbs_links_hover_color":"","ocean_display_footer_widgets":"default","ocean_display_footer_bottom":"default","ocean_custom_footer_template":"0","omw_enable_modal_window":"enable"},"product_brand":[829],"product_cat":[51,50],"product_tag":[555,558,557,556,561,288,560,559],"class_list":{"0":"post-5253","1":"product","2":"type-product","3":"status-publish","4":"has-post-thumbnail","6":"product_brand-shad","7":"product_cat-malas","8":"product_cat-acessorios","9":"product_tag-alforges","10":"product_tag-laterais","11":"product_tag-malas","12":"product_tag-malas-laterais","13":"product_tag-molle","14":"product_tag-shad","15":"product_tag-tecido","16":"product_tag-tr40","18":"entry","19":"has-media","21":"first","22":"onbackorder","23":"sale","24":"shipping-taxable","25":"purchasable","26":"product-type-simple","27":"has-product-nav","28":"col","29":"span_1_of_4","30":"owp-content-right","31":"owp-thumbs-layout-horizontal","32":"owp-btn-normal","33":"owp-tabs-layout-horizontal"},"yoast_head":"<!-- This site is optimized with the Yoast SEO plugin v27.4 - https:\/\/yoast.com\/product\/yoast-seo-wordpress\/ -->\n<title>SHAD Alforges Laterais TR40 Soft Adventure - Moto Leonardo<\/title>\n<meta name=\"description\" content=\"Descubra as malas laterais &quot;soft&quot; de alta resist\u00eancia com 32L de capacidade, sistema de bloqueio duplo e total impermeabilidade. Leve, vers\u00e1til e seguro!\" \/>\n<meta name=\"robots\" content=\"index, follow, max-snippet:-1, max-image-preview:large, max-video-preview:-1\" \/>\n<link rel=\"canonical\" href=\"https:\/\/motoleonardo.com\/?product=shad-alforges-laterais-tr40-soft-adventure\" \/>\n<meta property=\"og:locale\" content=\"pt_PT\" \/>\n<meta property=\"og:type\" content=\"article\" \/>\n<meta property=\"og:title\" content=\"SHAD Alforges Laterais TR40 Soft Adventure - Moto Leonardo\" \/>\n<meta property=\"og:description\" content=\"Descubra as malas laterais &quot;soft&quot; de alta resist\u00eancia com 32L de capacidade, sistema de bloqueio duplo e total impermeabilidade. Leve, vers\u00e1til e seguro!\" \/>\n<meta property=\"og:url\" content=\"https:\/\/motoleonardo.com\/?product=shad-alforges-laterais-tr40-soft-adventure\" \/>\n<meta property=\"og:site_name\" content=\"Moto Leonardo\" \/>\n<meta property=\"article:publisher\" content=\"https:\/\/www.facebook.com\/motoleonardopt\" \/>\n<meta property=\"article:modified_time\" content=\"2026-01-15T09:57:13+00:00\" \/>\n<meta property=\"og:image\" content=\"https:\/\/motoleonardo.com\/wp-content\/uploads\/2024\/04\/shad_tr40-scaled.jpg\" \/>\n\t<meta property=\"og:image:width\" content=\"2560\" \/>\n\t<meta property=\"og:image:height\" content=\"2560\" \/>\n\t<meta property=\"og:image:type\" content=\"image\/jpeg\" \/>\n<meta name=\"twitter:card\" content=\"summary_large_image\" \/>\n<meta name=\"twitter:label1\" content=\"Tempo estimado de leitura\" \/>\n\t<meta name=\"twitter:data1\" content=\"1 minuto\" \/>\n<script type=\"application\/ld+json\" class=\"yoast-schema-graph\">{\"@context\":\"https:\\\/\\\/schema.org\",\"@graph\":[{\"@type\":\"WebPage\",\"@id\":\"https:\\\/\\\/motoleonardo.com\\\/?product=shad-alforges-laterais-tr40-soft-adventure\",\"url\":\"https:\\\/\\\/motoleonardo.com\\\/?product=shad-alforges-laterais-tr40-soft-adventure\",\"name\":\"SHAD Alforges Laterais TR40 Soft Adventure - Moto Leonardo\",\"isPartOf\":{\"@id\":\"https:\\\/\\\/motoleonardo.com\\\/#website\"},\"primaryImageOfPage\":{\"@id\":\"https:\\\/\\\/motoleonardo.com\\\/?product=shad-alforges-laterais-tr40-soft-adventure#primaryimage\"},\"image\":{\"@id\":\"https:\\\/\\\/motoleonardo.com\\\/?product=shad-alforges-laterais-tr40-soft-adventure#primaryimage\"},\"thumbnailUrl\":\"https:\\\/\\\/i0.wp.com\\\/motoleonardo.com\\\/wp-content\\\/uploads\\\/2024\\\/04\\\/shad_tr40-scaled.jpg?fit=2560%2C2560&ssl=1\",\"datePublished\":\"2024-04-10T21:32:20+00:00\",\"dateModified\":\"2026-01-15T09:57:13+00:00\",\"description\":\"Descubra as malas laterais \\\"soft\\\" de alta resist\u00eancia com 32L de capacidade, sistema de bloqueio duplo e total impermeabilidade. Leve, vers\u00e1til e seguro!\",\"breadcrumb\":{\"@id\":\"https:\\\/\\\/motoleonardo.com\\\/?product=shad-alforges-laterais-tr40-soft-adventure#breadcrumb\"},\"inLanguage\":\"pt-PT\",\"potentialAction\":[{\"@type\":\"ReadAction\",\"target\":[\"https:\\\/\\\/motoleonardo.com\\\/?product=shad-alforges-laterais-tr40-soft-adventure\"]}]},{\"@type\":\"ImageObject\",\"inLanguage\":\"pt-PT\",\"@id\":\"https:\\\/\\\/motoleonardo.com\\\/?product=shad-alforges-laterais-tr40-soft-adventure#primaryimage\",\"url\":\"https:\\\/\\\/i0.wp.com\\\/motoleonardo.com\\\/wp-content\\\/uploads\\\/2024\\\/04\\\/shad_tr40-scaled.jpg?fit=2560%2C2560&ssl=1\",\"contentUrl\":\"https:\\\/\\\/i0.wp.com\\\/motoleonardo.com\\\/wp-content\\\/uploads\\\/2024\\\/04\\\/shad_tr40-scaled.jpg?fit=2560%2C2560&ssl=1\",\"width\":2560,\"height\":2560},{\"@type\":\"BreadcrumbList\",\"@id\":\"https:\\\/\\\/motoleonardo.com\\\/?product=shad-alforges-laterais-tr40-soft-adventure#breadcrumb\",\"itemListElement\":[{\"@type\":\"ListItem\",\"position\":1,\"name\":\"In\u00edcio\",\"item\":\"https:\\\/\\\/motoleonardo.com\\\/\"},{\"@type\":\"ListItem\",\"position\":2,\"name\":\"Todas Categorias\",\"item\":\"https:\\\/\\\/motoleonardo.com\\\/?page_id=252\"},{\"@type\":\"ListItem\",\"position\":3,\"name\":\"SHAD Alforges Laterais TR40 Soft Adventure\"}]},{\"@type\":\"WebSite\",\"@id\":\"https:\\\/\\\/motoleonardo.com\\\/#website\",\"url\":\"https:\\\/\\\/motoleonardo.com\\\/\",\"name\":\"Moto Leonardo\",\"description\":\"Motas Novas e Usadas - Oficina Multimarcas - Pe\u00e7as, Acess\u00f3rios e Equipamento\",\"publisher\":{\"@id\":\"https:\\\/\\\/motoleonardo.com\\\/#organization\"},\"potentialAction\":[{\"@type\":\"SearchAction\",\"target\":{\"@type\":\"EntryPoint\",\"urlTemplate\":\"https:\\\/\\\/motoleonardo.com\\\/?s={search_term_string}\"},\"query-input\":{\"@type\":\"PropertyValueSpecification\",\"valueRequired\":true,\"valueName\":\"search_term_string\"}}],\"inLanguage\":\"pt-PT\"},{\"@type\":\"Organization\",\"@id\":\"https:\\\/\\\/motoleonardo.com\\\/#organization\",\"name\":\"Moto Leonardo\",\"url\":\"https:\\\/\\\/motoleonardo.com\\\/\",\"logo\":{\"@type\":\"ImageObject\",\"inLanguage\":\"pt-PT\",\"@id\":\"https:\\\/\\\/motoleonardo.com\\\/#\\\/schema\\\/logo\\\/image\\\/\",\"url\":\"https:\\\/\\\/i0.wp.com\\\/motoleonardo.com\\\/wp-content\\\/uploads\\\/2022\\\/10\\\/cropped-Professional-Initial-Letter-Typography-Logo.png?fit=512%2C512&ssl=1\",\"contentUrl\":\"https:\\\/\\\/i0.wp.com\\\/motoleonardo.com\\\/wp-content\\\/uploads\\\/2022\\\/10\\\/cropped-Professional-Initial-Letter-Typography-Logo.png?fit=512%2C512&ssl=1\",\"width\":512,\"height\":512,\"caption\":\"Moto Leonardo\"},\"image\":{\"@id\":\"https:\\\/\\\/motoleonardo.com\\\/#\\\/schema\\\/logo\\\/image\\\/\"},\"sameAs\":[\"https:\\\/\\\/www.facebook.com\\\/motoleonardopt\",\"https:\\\/\\\/www.instagram.com\\\/moto_leonardo\\\/\"]}]}<\/script>\n<!-- \/ Yoast SEO plugin. -->","yoast_head_json":{"title":"SHAD Alforges Laterais TR40 Soft Adventure - Moto Leonardo","description":"Descubra as malas laterais \"soft\" de alta resist\u00eancia com 32L de capacidade, sistema de bloqueio duplo e total impermeabilidade. Leve, vers\u00e1til e seguro!","robots":{"index":"index","follow":"follow","max-snippet":"max-snippet:-1","max-image-preview":"max-image-preview:large","max-video-preview":"max-video-preview:-1"},"canonical":"https:\/\/motoleonardo.com\/?product=shad-alforges-laterais-tr40-soft-adventure","og_locale":"pt_PT","og_type":"article","og_title":"SHAD Alforges Laterais TR40 Soft Adventure - Moto Leonardo","og_description":"Descubra as malas laterais \"soft\" de alta resist\u00eancia com 32L de capacidade, sistema de bloqueio duplo e total impermeabilidade. Leve, vers\u00e1til e seguro!","og_url":"https:\/\/motoleonardo.com\/?product=shad-alforges-laterais-tr40-soft-adventure","og_site_name":"Moto Leonardo","article_publisher":"https:\/\/www.facebook.com\/motoleonardopt","article_modified_time":"2026-01-15T09:57:13+00:00","og_image":[{"width":2560,"height":2560,"url":"https:\/\/motoleonardo.com\/wp-content\/uploads\/2024\/04\/shad_tr40-scaled.jpg","type":"image\/jpeg"}],"twitter_card":"summary_large_image","twitter_misc":{"Tempo estimado de leitura":"1 minuto"},"schema":{"@context":"https:\/\/schema.org","@graph":[{"@type":"WebPage","@id":"https:\/\/motoleonardo.com\/?product=shad-alforges-laterais-tr40-soft-adventure","url":"https:\/\/motoleonardo.com\/?product=shad-alforges-laterais-tr40-soft-adventure","name":"SHAD Alforges Laterais TR40 Soft Adventure - Moto Leonardo","isPartOf":{"@id":"https:\/\/motoleonardo.com\/#website"},"primaryImageOfPage":{"@id":"https:\/\/motoleonardo.com\/?product=shad-alforges-laterais-tr40-soft-adventure#primaryimage"},"image":{"@id":"https:\/\/motoleonardo.com\/?product=shad-alforges-laterais-tr40-soft-adventure#primaryimage"},"thumbnailUrl":"https:\/\/i0.wp.com\/motoleonardo.com\/wp-content\/uploads\/2024\/04\/shad_tr40-scaled.jpg?fit=2560%2C2560&ssl=1","datePublished":"2024-04-10T21:32:20+00:00","dateModified":"2026-01-15T09:57:13+00:00","description":"Descubra as malas laterais \"soft\" de alta resist\u00eancia com 32L de capacidade, sistema de bloqueio duplo e total impermeabilidade. Leve, vers\u00e1til e seguro!","breadcrumb":{"@id":"https:\/\/motoleonardo.com\/?product=shad-alforges-laterais-tr40-soft-adventure#breadcrumb"},"inLanguage":"pt-PT","potentialAction":[{"@type":"ReadAction","target":["https:\/\/motoleonardo.com\/?product=shad-alforges-laterais-tr40-soft-adventure"]}]},{"@type":"ImageObject","inLanguage":"pt-PT","@id":"https:\/\/motoleonardo.com\/?product=shad-alforges-laterais-tr40-soft-adventure#primaryimage","url":"https:\/\/i0.wp.com\/motoleonardo.com\/wp-content\/uploads\/2024\/04\/shad_tr40-scaled.jpg?fit=2560%2C2560&ssl=1","contentUrl":"https:\/\/i0.wp.com\/motoleonardo.com\/wp-content\/uploads\/2024\/04\/shad_tr40-scaled.jpg?fit=2560%2C2560&ssl=1","width":2560,"height":2560},{"@type":"BreadcrumbList","@id":"https:\/\/motoleonardo.com\/?product=shad-alforges-laterais-tr40-soft-adventure#breadcrumb","itemListElement":[{"@type":"ListItem","position":1,"name":"In\u00edcio","item":"https:\/\/motoleonardo.com\/"},{"@type":"ListItem","position":2,"name":"Todas Categorias","item":"https:\/\/motoleonardo.com\/?page_id=252"},{"@type":"ListItem","position":3,"name":"SHAD Alforges Laterais TR40 Soft Adventure"}]},{"@type":"WebSite","@id":"https:\/\/motoleonardo.com\/#website","url":"https:\/\/motoleonardo.com\/","name":"Moto Leonardo","description":"Motas Novas e Usadas - Oficina Multimarcas - Pe\u00e7as, Acess\u00f3rios e Equipamento","publisher":{"@id":"https:\/\/motoleonardo.com\/#organization"},"potentialAction":[{"@type":"SearchAction","target":{"@type":"EntryPoint","urlTemplate":"https:\/\/motoleonardo.com\/?s={search_term_string}"},"query-input":{"@type":"PropertyValueSpecification","valueRequired":true,"valueName":"search_term_string"}}],"inLanguage":"pt-PT"},{"@type":"Organization","@id":"https:\/\/motoleonardo.com\/#organization","name":"Moto Leonardo","url":"https:\/\/motoleonardo.com\/","logo":{"@type":"ImageObject","inLanguage":"pt-PT","@id":"https:\/\/motoleonardo.com\/#\/schema\/logo\/image\/","url":"https:\/\/i0.wp.com\/motoleonardo.com\/wp-content\/uploads\/2022\/10\/cropped-Professional-Initial-Letter-Typography-Logo.png?fit=512%2C512&ssl=1","contentUrl":"https:\/\/i0.wp.com\/motoleonardo.com\/wp-content\/uploads\/2022\/10\/cropped-Professional-Initial-Letter-Typography-Logo.png?fit=512%2C512&ssl=1","width":512,"height":512,"caption":"Moto Leonardo"},"image":{"@id":"https:\/\/motoleonardo.com\/#\/schema\/logo\/image\/"},"sameAs":["https:\/\/www.facebook.com\/motoleonardopt","https:\/\/www.instagram.com\/moto_leonardo\/"]}]}},"jetpack_sharing_enabled":true,"_links":{"self":[{"href":"https:\/\/motoleonardo.com\/index.php?rest_route=\/wp\/v2\/product\/5253","targetHints":{"allow":["GET"]}}],"collection":[{"href":"https:\/\/motoleonardo.com\/index.php?rest_route=\/wp\/v2\/product"}],"about":[{"href":"https:\/\/motoleonardo.com\/index.php?rest_route=\/wp\/v2\/types\/product"}],"wp:featuredmedia":[{"embeddable":true,"href":"https:\/\/motoleonardo.com\/index.php?rest_route=\/wp\/v2\/media\/5256"}],"wp:attachment":[{"href":"https:\/\/motoleonardo.com\/index.php?rest_route=%2Fwp%2Fv2%2Fmedia&parent=5253"}],"wp:term":[{"taxonomy":"product_brand","embeddable":true,"href":"https:\/\/motoleonardo.com\/index.php?rest_route=%2Fwp%2Fv2%2Fproduct_brand&post=5253"},{"taxonomy":"product_cat","embeddable":true,"href":"https:\/\/motoleonardo.com\/index.php?rest_route=%2Fwp%2Fv2%2Fproduct_cat&post=5253"},{"taxonomy":"product_tag","embeddable":true,"href":"https:\/\/motoleonardo.com\/index.php?rest_route=%2Fwp%2Fv2%2Fproduct_tag&post=5253"}],"curies":[{"name":"wp","href":"https:\/\/api.w.org\/{rel}","templated":true}]}}