{"id":5310,"date":"2024-04-16T16:52:39","date_gmt":"2024-04-16T16:52:39","guid":{"rendered":"https:\/\/motoleonardo.com\/?post_type=product&#038;p=5310"},"modified":"2024-04-16T17:02:25","modified_gmt":"2024-04-16T17:02:25","slug":"liqui-moly-oleo-de-travoes-dot-4-500ml","status":"publish","type":"product","link":"https:\/\/motoleonardo.com\/?product=liqui-moly-oleo-de-travoes-dot-4-500ml","title":{"rendered":"Liqui Moly \u00d3leo de Trav\u00f5es DOT 4 500ml"},"content":{"rendered":"<p>L\u00edquido de travagem sint\u00e9tico \u00e0 base de glicol-\u00e9teres, poliglic\u00f3is de alceno e \u00e9steres glicol-\u00e9ter. Este l\u00edquido cont\u00e9m inibidores que evitam a corros\u00e3o de componentes met\u00e1licos dos trav\u00f5es e diminuem a oxida\u00e7\u00e3o a elevadas temperaturas. Assim n\u00e3o se podem formar produtos \u00e1cidos de decomposi\u00e7\u00e3o. Foi especialmente desenvolvido para prolongar o tempo de vida \u00fatil dos componentes em sistemas de trav\u00f5es e de embraiagem hidr\u00e1ulicos em ve\u00edculos. Possui um ponto de ebuli\u00e7\u00e3o h\u00famido e seco elevado. Desta forma, garante-se uma travagem segura, mesmo depois de uma certa absor\u00e7\u00e3o de humidade durante um per\u00edodo de utiliza\u00e7\u00e3o mais prolongado. Os detergentes de humidade contribuem para a prote\u00e7\u00e3o contra a forma\u00e7\u00e3o de bolhas de vapor.<\/p>\n<p>Excelente para todos os sistemas de trav\u00f5es de disco e de tambor, tal como sistemas de embraiagem de ve\u00edculos pesados para os quais \u00e9 prescrito um l\u00edquido de trav\u00f5es sint\u00e9tico com esta especifica\u00e7\u00e3o. O l\u00edquido de trav\u00f5es \u00e9 tamb\u00e9m adequado para a aplica\u00e7\u00e3o em sistemas de trav\u00f5es com ABS.<\/p>\n<p><strong>Aplica\u00e7\u00e3o<\/strong><br \/>\nPode ser processado em todos os aparelhos de purga de l\u00edquido de trav\u00f5es comuns. Pode-se misturar e \u00e9 compat\u00edvel com todos os l\u00edquidos de trav\u00f5es sint\u00e9ticos de alta qualidade. Mas apenas tem o efeito completo quando usado sem misturas. Recomenda-se mudar o l\u00edquido de trav\u00f5es segundo as instru\u00e7\u00f5es do fabricante de ve\u00edculos pesados.<\/p>\n<p>\u00b7 elevada compatibilidade com elast\u00f3mero<\/p>\n<p>\u00b7 excelentes propriedades de temperatura baixa<\/p>\n<p>\u00b7 ponto de ebuli\u00e7\u00e3o h\u00famido e seco extremamente elevado<\/p>\n<p>\u00b7 excelente protec\u00e7\u00e3o contra a forma\u00e7\u00e3o de bolhas de vapor<\/p>\n<p>\u00b7 m\u00e1xima estabilidade t\u00e9rmica<\/p>\n<p>\u00b7 misc\u00edvel e compat\u00edvel com l\u00edquidos de trav\u00f5es sint\u00e9ticos de alta qualidade<\/p>\n<p>\u00b7 garante uma lubrifica\u00e7\u00e3o elevada de todos os componentes m\u00f3veis no circuito hidr\u00e1ulico de trav\u00f5es<\/p>\n<p>\u00b7 boas propriedades de viscosidade\/temperatura<\/p>\n<p><strong>Aprova\u00e7\u00f5es:<\/strong> FMVSS 116 DOT 3\/116 DOT 4, ISO 4925 Class 3\/4925 Class 4, SAE J 1703\/J 1704<\/p>\n<p><strong>Cuidado:<\/strong> o l\u00edquido de trav\u00f5es danifica a pintura do ve\u00edculo. Se entornar, lavar imediatamente com \u00e1gua. N\u00e3o utilizar em sistemas hidr\u00e1ulicos centrais que funcionem com \u00f3leo mineral. Respeitar as especifica\u00e7\u00f5es dos fabricantes de ve\u00edculos.<\/p>\n<p>Aten\u00e7\u00e3o H319 Provoca irrita\u00e7\u00e3o ocular grave.<\/p>\n","protected":false},"excerpt":{"rendered":"<p>L\u00edquido de travagem sint\u00e9tico \u00e0 base de glicol-\u00e9teres, poliglic\u00f3is de alceno e \u00e9steres glicol-\u00e9ter. Este l\u00edquido cont\u00e9m inibidores que evitam a corros\u00e3o de componentes met\u00e1licos dos trav\u00f5es e diminuem a oxida\u00e7\u00e3o a elevadas temperaturas. Assim n\u00e3o se podem formar produtos \u00e1cidos de decomposi\u00e7\u00e3o. Foi especialmente desenvolvido para prolongar o tempo de vida \u00fatil dos componentes em sistemas de trav\u00f5es e de embraiagem hidr\u00e1ulicos em ve\u00edculos. Possui um ponto de ebuli\u00e7\u00e3o h\u00famido e seco elevado. Desta forma, garante-se uma travagem segura, mesmo depois de uma certa absor\u00e7\u00e3o de humidade durante um per\u00edodo de utiliza\u00e7\u00e3o mais prolongado. Os detergentes de humidade contribuem para a prote\u00e7\u00e3o contra a forma\u00e7\u00e3o de bolhas de vapor. Excelente para todos os sistemas de trav\u00f5es de disco e de tambor, tal como sistemas de embraiagem de ve\u00edculos pesados para os quais \u00e9 prescrito um l\u00edquido de trav\u00f5es sint\u00e9tico com esta especifica\u00e7\u00e3o. O l\u00edquido de trav\u00f5es \u00e9 tamb\u00e9m adequado para a aplica\u00e7\u00e3o em sistemas de trav\u00f5es com ABS. Aplica\u00e7\u00e3o Pode ser processado em todos os aparelhos de purga de l\u00edquido de trav\u00f5es comuns. Pode-se misturar e \u00e9 compat\u00edvel com todos os l\u00edquidos de trav\u00f5es sint\u00e9ticos de alta qualidade. Mas apenas tem o efeito completo quando usado sem misturas. Recomenda-se mudar o l\u00edquido de trav\u00f5es segundo as instru\u00e7\u00f5es do fabricante de ve\u00edculos pesados. \u00b7 elevada compatibilidade com elast\u00f3mero \u00b7 excelentes propriedades de temperatura baixa \u00b7 ponto de ebuli\u00e7\u00e3o h\u00famido e seco extremamente elevado \u00b7 excelente protec\u00e7\u00e3o contra a forma\u00e7\u00e3o de bolhas de vapor \u00b7 m\u00e1xima estabilidade t\u00e9rmica \u00b7 misc\u00edvel e compat\u00edvel com l\u00edquidos de trav\u00f5es sint\u00e9ticos de alta qualidade \u00b7 garante uma lubrifica\u00e7\u00e3o elevada de todos os componentes m\u00f3veis no circuito hidr\u00e1ulico de trav\u00f5es \u00b7 boas propriedades de viscosidade\/temperatura Aprova\u00e7\u00f5es: FMVSS 116 DOT 3\/116 DOT 4, ISO 4925 Class 3\/4925 Class 4, SAE J 1703\/J 1704 Cuidado: o l\u00edquido de trav\u00f5es danifica a pintura do ve\u00edculo. Se entornar, lavar imediatamente com \u00e1gua. N\u00e3o utilizar em sistemas hidr\u00e1ulicos centrais que funcionem com \u00f3leo mineral. Respeitar as especifica\u00e7\u00f5es dos fabricantes de ve\u00edculos. Aten\u00e7\u00e3o H319 Provoca irrita\u00e7\u00e3o ocular grave.<\/p>\n","protected":false},"featured_media":5313,"template":"","meta":{"ocean_post_layout":"","ocean_both_sidebars_style":"","ocean_both_sidebars_content_width":0,"ocean_both_sidebars_sidebars_width":0,"ocean_sidebar":"0","ocean_second_sidebar":"0","ocean_disable_margins":"enable","ocean_add_body_class":"","ocean_shortcode_before_top_bar":"","ocean_shortcode_after_top_bar":"","ocean_shortcode_before_header":"","ocean_shortcode_after_header":"","ocean_has_shortcode":"","ocean_shortcode_after_title":"","ocean_shortcode_before_footer_widgets":"","ocean_shortcode_after_footer_widgets":"","ocean_shortcode_before_footer_bottom":"","ocean_shortcode_after_footer_bottom":"","ocean_display_top_bar":"default","ocean_display_header":"default","ocean_header_style":"","ocean_center_header_left_menu":"0","ocean_custom_header_template":"0","ocean_custom_logo":0,"ocean_custom_retina_logo":0,"ocean_custom_logo_max_width":0,"ocean_custom_logo_tablet_max_width":0,"ocean_custom_logo_mobile_max_width":0,"ocean_custom_logo_max_height":0,"ocean_custom_logo_tablet_max_height":0,"ocean_custom_logo_mobile_max_height":0,"ocean_header_custom_menu":"0","ocean_menu_typo_font_family":"0","ocean_menu_typo_font_subset":"","ocean_menu_typo_font_size":0,"ocean_menu_typo_font_size_tablet":0,"ocean_menu_typo_font_size_mobile":0,"ocean_menu_typo_font_size_unit":"px","ocean_menu_typo_font_weight":"","ocean_menu_typo_font_weight_tablet":"","ocean_menu_typo_font_weight_mobile":"","ocean_menu_typo_transform":"","ocean_menu_typo_transform_tablet":"","ocean_menu_typo_transform_mobile":"","ocean_menu_typo_line_height":0,"ocean_menu_typo_line_height_tablet":0,"ocean_menu_typo_line_height_mobile":0,"ocean_menu_typo_line_height_unit":"","ocean_menu_typo_spacing":0,"ocean_menu_typo_spacing_tablet":0,"ocean_menu_typo_spacing_mobile":0,"ocean_menu_typo_spacing_unit":"","ocean_menu_link_color":"","ocean_menu_link_color_hover":"","ocean_menu_link_color_active":"","ocean_menu_link_background":"","ocean_menu_link_hover_background":"","ocean_menu_link_active_background":"","ocean_menu_social_links_bg":"","ocean_menu_social_hover_links_bg":"","ocean_menu_social_links_color":"","ocean_menu_social_hover_links_color":"","ocean_disable_title":"default","ocean_disable_heading":"default","ocean_post_title":"","ocean_post_subheading":"","ocean_post_title_style":"","ocean_post_title_background_color":"","ocean_post_title_background":0,"ocean_post_title_bg_image_position":"","ocean_post_title_bg_image_attachment":"","ocean_post_title_bg_image_repeat":"","ocean_post_title_bg_image_size":"","ocean_post_title_height":0,"ocean_post_title_bg_overlay":0.5,"ocean_post_title_bg_overlay_color":"","ocean_disable_breadcrumbs":"default","ocean_breadcrumbs_color":"","ocean_breadcrumbs_separator_color":"","ocean_breadcrumbs_links_color":"","ocean_breadcrumbs_links_hover_color":"","ocean_display_footer_widgets":"default","ocean_display_footer_bottom":"default","ocean_custom_footer_template":"0","omw_enable_modal_window":"enable"},"product_brand":[],"product_cat":[68,96],"product_tag":[620,98,97,503,618,86,619],"class_list":{"0":"post-5310","1":"product","2":"type-product","3":"status-publish","4":"has-post-thumbnail","6":"product_cat-manutencao","7":"product_cat-oleo-travoes","8":"product_tag-5-1","9":"product_tag-dot-4","10":"product_tag-dot4","11":"product_tag-liqui-moly","12":"product_tag-liquido","13":"product_tag-oleo","14":"product_tag-travoes","16":"entry","17":"has-media","19":"first","20":"instock","21":"shipping-taxable","22":"purchasable","23":"product-type-simple","24":"has-product-nav","25":"col","26":"span_1_of_4","27":"owp-content-right","28":"owp-thumbs-layout-horizontal","29":"owp-btn-normal","30":"owp-tabs-layout-horizontal","31":"has-no-thumbnails"},"yoast_head":"<!-- This site is optimized with the Yoast SEO plugin v27.4 - https:\/\/yoast.com\/product\/yoast-seo-wordpress\/ -->\n<title>Liqui Moly \u00d3leo de Trav\u00f5es DOT 4 500ml - Moto Leonardo<\/title>\n<meta name=\"robots\" content=\"index, follow, max-snippet:-1, max-image-preview:large, max-video-preview:-1\" \/>\n<link rel=\"canonical\" href=\"https:\/\/motoleonardo.com\/?product=liqui-moly-oleo-de-travoes-dot-4-500ml\" \/>\n<meta property=\"og:locale\" content=\"pt_PT\" \/>\n<meta property=\"og:type\" content=\"article\" \/>\n<meta property=\"og:title\" content=\"Liqui Moly \u00d3leo de Trav\u00f5es DOT 4 500ml - Moto Leonardo\" \/>\n<meta property=\"og:description\" content=\"L\u00edquido de travagem sint\u00e9tico \u00e0 base de glicol-\u00e9teres, poliglic\u00f3is de alceno e \u00e9steres glicol-\u00e9ter. Este l\u00edquido cont\u00e9m inibidores que evitam a corros\u00e3o de componentes met\u00e1licos dos trav\u00f5es e diminuem a oxida\u00e7\u00e3o a elevadas temperaturas. Assim n\u00e3o se podem formar produtos \u00e1cidos de decomposi\u00e7\u00e3o. Foi especialmente desenvolvido para prolongar o tempo de vida \u00fatil dos componentes em sistemas de trav\u00f5es e de embraiagem hidr\u00e1ulicos em ve\u00edculos. Possui um ponto de ebuli\u00e7\u00e3o h\u00famido e seco elevado. Desta forma, garante-se uma travagem segura, mesmo depois de uma certa absor\u00e7\u00e3o de humidade durante um per\u00edodo de utiliza\u00e7\u00e3o mais prolongado. Os detergentes de humidade contribuem para a prote\u00e7\u00e3o contra a forma\u00e7\u00e3o de bolhas de vapor. Excelente para todos os sistemas de trav\u00f5es de disco e de tambor, tal como sistemas de embraiagem de ve\u00edculos pesados para os quais \u00e9 prescrito um l\u00edquido de trav\u00f5es sint\u00e9tico com esta especifica\u00e7\u00e3o. O l\u00edquido de trav\u00f5es \u00e9 tamb\u00e9m adequado para a aplica\u00e7\u00e3o em sistemas de trav\u00f5es com ABS. Aplica\u00e7\u00e3o Pode ser processado em todos os aparelhos de purga de l\u00edquido de trav\u00f5es comuns. Pode-se misturar e \u00e9 compat\u00edvel com todos os l\u00edquidos de trav\u00f5es sint\u00e9ticos de alta qualidade. Mas apenas tem o efeito completo quando usado sem misturas. Recomenda-se mudar o l\u00edquido de trav\u00f5es segundo as instru\u00e7\u00f5es do fabricante de ve\u00edculos pesados. \u00b7 elevada compatibilidade com elast\u00f3mero \u00b7 excelentes propriedades de temperatura baixa \u00b7 ponto de ebuli\u00e7\u00e3o h\u00famido e seco extremamente elevado \u00b7 excelente protec\u00e7\u00e3o contra a forma\u00e7\u00e3o de bolhas de vapor \u00b7 m\u00e1xima estabilidade t\u00e9rmica \u00b7 misc\u00edvel e compat\u00edvel com l\u00edquidos de trav\u00f5es sint\u00e9ticos de alta qualidade \u00b7 garante uma lubrifica\u00e7\u00e3o elevada de todos os componentes m\u00f3veis no circuito hidr\u00e1ulico de trav\u00f5es \u00b7 boas propriedades de viscosidade\/temperatura Aprova\u00e7\u00f5es: FMVSS 116 DOT 3\/116 DOT 4, ISO 4925 Class 3\/4925 Class 4, SAE J 1703\/J 1704 Cuidado: o l\u00edquido de trav\u00f5es danifica a pintura do ve\u00edculo. Se entornar, lavar imediatamente com \u00e1gua. N\u00e3o utilizar em sistemas hidr\u00e1ulicos centrais que funcionem com \u00f3leo mineral. Respeitar as especifica\u00e7\u00f5es dos fabricantes de ve\u00edculos. Aten\u00e7\u00e3o H319 Provoca irrita\u00e7\u00e3o ocular grave.\" \/>\n<meta property=\"og:url\" content=\"https:\/\/motoleonardo.com\/?product=liqui-moly-oleo-de-travoes-dot-4-500ml\" \/>\n<meta property=\"og:site_name\" content=\"Moto Leonardo\" \/>\n<meta property=\"article:publisher\" content=\"https:\/\/www.facebook.com\/motoleonardopt\" \/>\n<meta property=\"article:modified_time\" content=\"2024-04-16T17:02:25+00:00\" \/>\n<meta property=\"og:image\" content=\"https:\/\/i0.wp.com\/motoleonardo.com\/wp-content\/uploads\/2024\/04\/liqui-dot4.png?fit=319%2C419&ssl=1\" \/>\n\t<meta property=\"og:image:width\" content=\"319\" \/>\n\t<meta property=\"og:image:height\" content=\"419\" \/>\n\t<meta property=\"og:image:type\" content=\"image\/png\" \/>\n<meta name=\"twitter:card\" content=\"summary_large_image\" \/>\n<meta name=\"twitter:label1\" content=\"Tempo estimado de leitura\" \/>\n\t<meta name=\"twitter:data1\" content=\"2 minutos\" \/>\n<script type=\"application\/ld+json\" class=\"yoast-schema-graph\">{\"@context\":\"https:\\\/\\\/schema.org\",\"@graph\":[{\"@type\":\"WebPage\",\"@id\":\"https:\\\/\\\/motoleonardo.com\\\/?product=liqui-moly-oleo-de-travoes-dot-4-500ml\",\"url\":\"https:\\\/\\\/motoleonardo.com\\\/?product=liqui-moly-oleo-de-travoes-dot-4-500ml\",\"name\":\"Liqui Moly \u00d3leo de Trav\u00f5es DOT 4 500ml - Moto Leonardo\",\"isPartOf\":{\"@id\":\"https:\\\/\\\/motoleonardo.com\\\/#website\"},\"primaryImageOfPage\":{\"@id\":\"https:\\\/\\\/motoleonardo.com\\\/?product=liqui-moly-oleo-de-travoes-dot-4-500ml#primaryimage\"},\"image\":{\"@id\":\"https:\\\/\\\/motoleonardo.com\\\/?product=liqui-moly-oleo-de-travoes-dot-4-500ml#primaryimage\"},\"thumbnailUrl\":\"https:\\\/\\\/i0.wp.com\\\/motoleonardo.com\\\/wp-content\\\/uploads\\\/2024\\\/04\\\/liqui-dot4.png?fit=319%2C419&ssl=1\",\"datePublished\":\"2024-04-16T16:52:39+00:00\",\"dateModified\":\"2024-04-16T17:02:25+00:00\",\"breadcrumb\":{\"@id\":\"https:\\\/\\\/motoleonardo.com\\\/?product=liqui-moly-oleo-de-travoes-dot-4-500ml#breadcrumb\"},\"inLanguage\":\"pt-PT\",\"potentialAction\":[{\"@type\":\"ReadAction\",\"target\":[\"https:\\\/\\\/motoleonardo.com\\\/?product=liqui-moly-oleo-de-travoes-dot-4-500ml\"]}]},{\"@type\":\"ImageObject\",\"inLanguage\":\"pt-PT\",\"@id\":\"https:\\\/\\\/motoleonardo.com\\\/?product=liqui-moly-oleo-de-travoes-dot-4-500ml#primaryimage\",\"url\":\"https:\\\/\\\/i0.wp.com\\\/motoleonardo.com\\\/wp-content\\\/uploads\\\/2024\\\/04\\\/liqui-dot4.png?fit=319%2C419&ssl=1\",\"contentUrl\":\"https:\\\/\\\/i0.wp.com\\\/motoleonardo.com\\\/wp-content\\\/uploads\\\/2024\\\/04\\\/liqui-dot4.png?fit=319%2C419&ssl=1\",\"width\":319,\"height\":419},{\"@type\":\"BreadcrumbList\",\"@id\":\"https:\\\/\\\/motoleonardo.com\\\/?product=liqui-moly-oleo-de-travoes-dot-4-500ml#breadcrumb\",\"itemListElement\":[{\"@type\":\"ListItem\",\"position\":1,\"name\":\"In\u00edcio\",\"item\":\"https:\\\/\\\/motoleonardo.com\\\/\"},{\"@type\":\"ListItem\",\"position\":2,\"name\":\"Todas Categorias\",\"item\":\"https:\\\/\\\/motoleonardo.com\\\/?page_id=252\"},{\"@type\":\"ListItem\",\"position\":3,\"name\":\"Liqui Moly \u00d3leo de Trav\u00f5es DOT 4 500ml\"}]},{\"@type\":\"WebSite\",\"@id\":\"https:\\\/\\\/motoleonardo.com\\\/#website\",\"url\":\"https:\\\/\\\/motoleonardo.com\\\/\",\"name\":\"Moto Leonardo\",\"description\":\"Motas Novas e Usadas - Oficina Multimarcas - Pe\u00e7as, Acess\u00f3rios e Equipamento\",\"publisher\":{\"@id\":\"https:\\\/\\\/motoleonardo.com\\\/#organization\"},\"potentialAction\":[{\"@type\":\"SearchAction\",\"target\":{\"@type\":\"EntryPoint\",\"urlTemplate\":\"https:\\\/\\\/motoleonardo.com\\\/?s={search_term_string}\"},\"query-input\":{\"@type\":\"PropertyValueSpecification\",\"valueRequired\":true,\"valueName\":\"search_term_string\"}}],\"inLanguage\":\"pt-PT\"},{\"@type\":\"Organization\",\"@id\":\"https:\\\/\\\/motoleonardo.com\\\/#organization\",\"name\":\"Moto Leonardo\",\"url\":\"https:\\\/\\\/motoleonardo.com\\\/\",\"logo\":{\"@type\":\"ImageObject\",\"inLanguage\":\"pt-PT\",\"@id\":\"https:\\\/\\\/motoleonardo.com\\\/#\\\/schema\\\/logo\\\/image\\\/\",\"url\":\"https:\\\/\\\/i0.wp.com\\\/motoleonardo.com\\\/wp-content\\\/uploads\\\/2022\\\/10\\\/cropped-Professional-Initial-Letter-Typography-Logo.png?fit=512%2C512&ssl=1\",\"contentUrl\":\"https:\\\/\\\/i0.wp.com\\\/motoleonardo.com\\\/wp-content\\\/uploads\\\/2022\\\/10\\\/cropped-Professional-Initial-Letter-Typography-Logo.png?fit=512%2C512&ssl=1\",\"width\":512,\"height\":512,\"caption\":\"Moto Leonardo\"},\"image\":{\"@id\":\"https:\\\/\\\/motoleonardo.com\\\/#\\\/schema\\\/logo\\\/image\\\/\"},\"sameAs\":[\"https:\\\/\\\/www.facebook.com\\\/motoleonardopt\",\"https:\\\/\\\/www.instagram.com\\\/moto_leonardo\\\/\"]}]}<\/script>\n<!-- \/ Yoast SEO plugin. -->","yoast_head_json":{"title":"Liqui Moly \u00d3leo de Trav\u00f5es DOT 4 500ml - Moto Leonardo","robots":{"index":"index","follow":"follow","max-snippet":"max-snippet:-1","max-image-preview":"max-image-preview:large","max-video-preview":"max-video-preview:-1"},"canonical":"https:\/\/motoleonardo.com\/?product=liqui-moly-oleo-de-travoes-dot-4-500ml","og_locale":"pt_PT","og_type":"article","og_title":"Liqui Moly \u00d3leo de Trav\u00f5es DOT 4 500ml - Moto Leonardo","og_description":"L\u00edquido de travagem sint\u00e9tico \u00e0 base de glicol-\u00e9teres, poliglic\u00f3is de alceno e \u00e9steres glicol-\u00e9ter. Este l\u00edquido cont\u00e9m inibidores que evitam a corros\u00e3o de componentes met\u00e1licos dos trav\u00f5es e diminuem a oxida\u00e7\u00e3o a elevadas temperaturas. Assim n\u00e3o se podem formar produtos \u00e1cidos de decomposi\u00e7\u00e3o. Foi especialmente desenvolvido para prolongar o tempo de vida \u00fatil dos componentes em sistemas de trav\u00f5es e de embraiagem hidr\u00e1ulicos em ve\u00edculos. Possui um ponto de ebuli\u00e7\u00e3o h\u00famido e seco elevado. Desta forma, garante-se uma travagem segura, mesmo depois de uma certa absor\u00e7\u00e3o de humidade durante um per\u00edodo de utiliza\u00e7\u00e3o mais prolongado. Os detergentes de humidade contribuem para a prote\u00e7\u00e3o contra a forma\u00e7\u00e3o de bolhas de vapor. Excelente para todos os sistemas de trav\u00f5es de disco e de tambor, tal como sistemas de embraiagem de ve\u00edculos pesados para os quais \u00e9 prescrito um l\u00edquido de trav\u00f5es sint\u00e9tico com esta especifica\u00e7\u00e3o. O l\u00edquido de trav\u00f5es \u00e9 tamb\u00e9m adequado para a aplica\u00e7\u00e3o em sistemas de trav\u00f5es com ABS. Aplica\u00e7\u00e3o Pode ser processado em todos os aparelhos de purga de l\u00edquido de trav\u00f5es comuns. Pode-se misturar e \u00e9 compat\u00edvel com todos os l\u00edquidos de trav\u00f5es sint\u00e9ticos de alta qualidade. Mas apenas tem o efeito completo quando usado sem misturas. Recomenda-se mudar o l\u00edquido de trav\u00f5es segundo as instru\u00e7\u00f5es do fabricante de ve\u00edculos pesados. \u00b7 elevada compatibilidade com elast\u00f3mero \u00b7 excelentes propriedades de temperatura baixa \u00b7 ponto de ebuli\u00e7\u00e3o h\u00famido e seco extremamente elevado \u00b7 excelente protec\u00e7\u00e3o contra a forma\u00e7\u00e3o de bolhas de vapor \u00b7 m\u00e1xima estabilidade t\u00e9rmica \u00b7 misc\u00edvel e compat\u00edvel com l\u00edquidos de trav\u00f5es sint\u00e9ticos de alta qualidade \u00b7 garante uma lubrifica\u00e7\u00e3o elevada de todos os componentes m\u00f3veis no circuito hidr\u00e1ulico de trav\u00f5es \u00b7 boas propriedades de viscosidade\/temperatura Aprova\u00e7\u00f5es: FMVSS 116 DOT 3\/116 DOT 4, ISO 4925 Class 3\/4925 Class 4, SAE J 1703\/J 1704 Cuidado: o l\u00edquido de trav\u00f5es danifica a pintura do ve\u00edculo. Se entornar, lavar imediatamente com \u00e1gua. N\u00e3o utilizar em sistemas hidr\u00e1ulicos centrais que funcionem com \u00f3leo mineral. Respeitar as especifica\u00e7\u00f5es dos fabricantes de ve\u00edculos. Aten\u00e7\u00e3o H319 Provoca irrita\u00e7\u00e3o ocular grave.","og_url":"https:\/\/motoleonardo.com\/?product=liqui-moly-oleo-de-travoes-dot-4-500ml","og_site_name":"Moto Leonardo","article_publisher":"https:\/\/www.facebook.com\/motoleonardopt","article_modified_time":"2024-04-16T17:02:25+00:00","og_image":[{"width":319,"height":419,"url":"https:\/\/i0.wp.com\/motoleonardo.com\/wp-content\/uploads\/2024\/04\/liqui-dot4.png?fit=319%2C419&ssl=1","type":"image\/png"}],"twitter_card":"summary_large_image","twitter_misc":{"Tempo estimado de leitura":"2 minutos"},"schema":{"@context":"https:\/\/schema.org","@graph":[{"@type":"WebPage","@id":"https:\/\/motoleonardo.com\/?product=liqui-moly-oleo-de-travoes-dot-4-500ml","url":"https:\/\/motoleonardo.com\/?product=liqui-moly-oleo-de-travoes-dot-4-500ml","name":"Liqui Moly \u00d3leo de Trav\u00f5es DOT 4 500ml - Moto Leonardo","isPartOf":{"@id":"https:\/\/motoleonardo.com\/#website"},"primaryImageOfPage":{"@id":"https:\/\/motoleonardo.com\/?product=liqui-moly-oleo-de-travoes-dot-4-500ml#primaryimage"},"image":{"@id":"https:\/\/motoleonardo.com\/?product=liqui-moly-oleo-de-travoes-dot-4-500ml#primaryimage"},"thumbnailUrl":"https:\/\/i0.wp.com\/motoleonardo.com\/wp-content\/uploads\/2024\/04\/liqui-dot4.png?fit=319%2C419&ssl=1","datePublished":"2024-04-16T16:52:39+00:00","dateModified":"2024-04-16T17:02:25+00:00","breadcrumb":{"@id":"https:\/\/motoleonardo.com\/?product=liqui-moly-oleo-de-travoes-dot-4-500ml#breadcrumb"},"inLanguage":"pt-PT","potentialAction":[{"@type":"ReadAction","target":["https:\/\/motoleonardo.com\/?product=liqui-moly-oleo-de-travoes-dot-4-500ml"]}]},{"@type":"ImageObject","inLanguage":"pt-PT","@id":"https:\/\/motoleonardo.com\/?product=liqui-moly-oleo-de-travoes-dot-4-500ml#primaryimage","url":"https:\/\/i0.wp.com\/motoleonardo.com\/wp-content\/uploads\/2024\/04\/liqui-dot4.png?fit=319%2C419&ssl=1","contentUrl":"https:\/\/i0.wp.com\/motoleonardo.com\/wp-content\/uploads\/2024\/04\/liqui-dot4.png?fit=319%2C419&ssl=1","width":319,"height":419},{"@type":"BreadcrumbList","@id":"https:\/\/motoleonardo.com\/?product=liqui-moly-oleo-de-travoes-dot-4-500ml#breadcrumb","itemListElement":[{"@type":"ListItem","position":1,"name":"In\u00edcio","item":"https:\/\/motoleonardo.com\/"},{"@type":"ListItem","position":2,"name":"Todas Categorias","item":"https:\/\/motoleonardo.com\/?page_id=252"},{"@type":"ListItem","position":3,"name":"Liqui Moly \u00d3leo de Trav\u00f5es DOT 4 500ml"}]},{"@type":"WebSite","@id":"https:\/\/motoleonardo.com\/#website","url":"https:\/\/motoleonardo.com\/","name":"Moto Leonardo","description":"Motas Novas e Usadas - Oficina Multimarcas - Pe\u00e7as, Acess\u00f3rios e Equipamento","publisher":{"@id":"https:\/\/motoleonardo.com\/#organization"},"potentialAction":[{"@type":"SearchAction","target":{"@type":"EntryPoint","urlTemplate":"https:\/\/motoleonardo.com\/?s={search_term_string}"},"query-input":{"@type":"PropertyValueSpecification","valueRequired":true,"valueName":"search_term_string"}}],"inLanguage":"pt-PT"},{"@type":"Organization","@id":"https:\/\/motoleonardo.com\/#organization","name":"Moto Leonardo","url":"https:\/\/motoleonardo.com\/","logo":{"@type":"ImageObject","inLanguage":"pt-PT","@id":"https:\/\/motoleonardo.com\/#\/schema\/logo\/image\/","url":"https:\/\/i0.wp.com\/motoleonardo.com\/wp-content\/uploads\/2022\/10\/cropped-Professional-Initial-Letter-Typography-Logo.png?fit=512%2C512&ssl=1","contentUrl":"https:\/\/i0.wp.com\/motoleonardo.com\/wp-content\/uploads\/2022\/10\/cropped-Professional-Initial-Letter-Typography-Logo.png?fit=512%2C512&ssl=1","width":512,"height":512,"caption":"Moto Leonardo"},"image":{"@id":"https:\/\/motoleonardo.com\/#\/schema\/logo\/image\/"},"sameAs":["https:\/\/www.facebook.com\/motoleonardopt","https:\/\/www.instagram.com\/moto_leonardo\/"]}]}},"jetpack_sharing_enabled":true,"_links":{"self":[{"href":"https:\/\/motoleonardo.com\/index.php?rest_route=\/wp\/v2\/product\/5310","targetHints":{"allow":["GET"]}}],"collection":[{"href":"https:\/\/motoleonardo.com\/index.php?rest_route=\/wp\/v2\/product"}],"about":[{"href":"https:\/\/motoleonardo.com\/index.php?rest_route=\/wp\/v2\/types\/product"}],"wp:featuredmedia":[{"embeddable":true,"href":"https:\/\/motoleonardo.com\/index.php?rest_route=\/wp\/v2\/media\/5313"}],"wp:attachment":[{"href":"https:\/\/motoleonardo.com\/index.php?rest_route=%2Fwp%2Fv2%2Fmedia&parent=5310"}],"wp:term":[{"taxonomy":"product_brand","embeddable":true,"href":"https:\/\/motoleonardo.com\/index.php?rest_route=%2Fwp%2Fv2%2Fproduct_brand&post=5310"},{"taxonomy":"product_cat","embeddable":true,"href":"https:\/\/motoleonardo.com\/index.php?rest_route=%2Fwp%2Fv2%2Fproduct_cat&post=5310"},{"taxonomy":"product_tag","embeddable":true,"href":"https:\/\/motoleonardo.com\/index.php?rest_route=%2Fwp%2Fv2%2Fproduct_tag&post=5310"}],"curies":[{"name":"wp","href":"https:\/\/api.w.org\/{rel}","templated":true}]}}