{"id":5320,"date":"2024-04-16T17:25:26","date_gmt":"2024-04-16T17:25:26","guid":{"rendered":"https:\/\/motoleonardo.com\/?post_type=product&#038;p=5320"},"modified":"2024-04-16T17:25:57","modified_gmt":"2024-04-16T17:25:57","slug":"sbs-pastilhas-de-travao-713hf","status":"publish","type":"product","link":"https:\/\/motoleonardo.com\/?product=sbs-pastilhas-de-travao-713hf","title":{"rendered":"SBS Pastilhas de Trav\u00e3o 713HF"},"content":{"rendered":"<p><a href=\"https:\/\/www.sbs.dk\/products\/brake-pads-1\/713hf\">Verifique a compatibilidade clicando aqui.<\/a><\/p>\n<p>713HF<br \/>\nHF &#8211; CER\u00c2MICA<br \/>\nFRENTE \u2022 TRASEIRA<\/p>\n<p>Composto de substitui\u00e7\u00e3o original para bicicletas com pastilhas n\u00e3o sinterizadas<br \/>\nProjetado para uso di\u00e1rio, bicicletas de rua e de cruzeiro de uso geral<br \/>\nO composto cer\u00e2mico oferece longa vida \u00fatil das pastilhas, baixo teor de poeira e baixo desgaste do disco\/rotor do freio<br \/>\nDesempenho excelente e consistente em condi\u00e7\u00f5es molhadas e secas<br \/>\nA tecnologia NUCAP NRS garante uma liga\u00e7\u00e3o mec\u00e2nica e indestrut\u00edvel do composto<br \/>\nTecnologia inovadora de redu\u00e7\u00e3o de ru\u00eddo para alto conforto e baixo desenvolvimento de ru\u00eddo<\/p>\n<p>&nbsp;<\/p>\n<p><strong>Compatibilidade:<br \/>\n<\/strong>APRILIA &gt; TUAREG 125 RALLY 1989 &#8211; 1992<\/p>\n<p>Benelli &gt; CAFFE NERO 150 2011 -2014<\/p>\n<p>DEALIM &gt; A-FOUR 50 2006 &#8211; 2016<\/p>\n<p>DEALIM &gt; DELFINO 125 2008 &#8211; 2014<\/p>\n<p>Honda &gt; CA 125 REBEL 1995 &#8211; 1999<\/p>\n<p>Honda &gt; REBEL 250 (MC13) 1985 &#8211; 1996<\/p>\n<p>Honda &gt; REBEL 250 (MC32) 1997 &#8211; 1999<\/p>\n<p>Hyosung &gt; GT650R 2006 &#8211; 2014<\/p>\n<p>Hyosung &gt; GT650R 2009 &#8211; 2011<\/p>\n<p>Hyosung &gt; GT650S 2006 &#8211; 2014<\/p>\n<p>Hyosung &gt; KR MASTER 110 2004 &#8211; 2014<\/p>\n<p>Hyosung &gt; RX 125 2000 &#8211; 2010<\/p>\n<p>Hyosung &gt; TE 450 RAPIER 2007 &#8211; 2011<\/p>\n<p>ITALJET &gt; DRAGSTER 125 1997 &#8211; 2003<\/p>\n<p>ITALJET &gt; FORMULA 50 AC 1999 &#8211; 2004<\/p>\n<p>ITALJET &gt; MILLENIUM 100 2T 2001 &#8211; 2003<\/p>\n<p>KEEWAY &gt; LAND CRUISER 250 2006 &#8211; 2014<\/p>\n<p>KEEWAY &gt; SUPERLIGHT 125 2006 &#8211; 2016<\/p>\n<p>KEEWAY &gt; SUPERLIGHT 150 2006 &#8211; 2016<\/p>\n<p>KREIDLER &gt; 125 ENDURO 2007 &#8211; 2008<\/p>\n<p>KREIDLER &gt; 125 SUPERMOTO 2007 &#8211; 2008<\/p>\n<p>KREIDLER &gt; 200 ENDURO 2007 &#8211; 2008<\/p>\n<p>KYMCO &gt; AGILITY 125 16+ 2014 &#8211; 2017<\/p>\n<p>KYMCO &gt; AGILITY 125 4T E3 2006 &#8211; 2008N<\/p>\n<p>KYMCO &gt; AGILITY 125 CARRY 2011 &#8211; 2017<\/p>\n<p>KYMCO &gt; AGILITY 125 R16 2011 &#8211; 2012<\/p>\n<p>KYMCO &gt; LIKE 125 2011 &#8211; 2016<\/p>\n<p>KYMCO &gt; MOVIE 125 1999 &#8211; 2007<\/p>\n<p>KYMCO &gt; MOVIE 125 XL 2001 &#8211; 2004<\/p>\n<p>KYMCO &gt; PEOPLE 250 S 2006 &#8211; 2008<\/p>\n<p>KYMCO &gt; PEOPLE 300I S 2008 &#8211; 2010<\/p>\n<p>KYMCO &gt; SENTO 50 2008 &#8211; 2013<\/p>\n<p>KYMCO &gt; VITALITY 50 2T 2004 &#8211; 2009<\/p>\n<p>KYMCO &gt; VITALITY 50 4T 2004 &#8211; 2009<\/p>\n<p>KYMCO &gt; VIVIO 125 2001 &#8211; 2003<\/p>\n<p>KYMCO &gt; YUP 50 2002 &#8211; 2005<\/p>\n<p>MALAGUTI &gt; BLOG 125 2010 &#8211; 2011<\/p>\n<p>MALAGUTI &gt; BLOG 160 2010 &#8211; 2011<\/p>\n<p>MALAGUTI &gt; CENTRO 125 2008 &#8211; 2011<\/p>\n<p>MALAGUTI &gt; CENTRO 160 2008 &#8211; 2011<\/p>\n<p>MZ &gt; 125 SM &#8211; SX 2002 &#8211; 2008<\/p>\n<p>PEUGEOT &gt; GEOPOLIS 250 4T IE 2007 &#8211; 2011<\/p>\n<p>PEUGEOT &gt; SATELIS 250 4T IE 2006 &#8211; 2011<\/p>\n<p>Polaris &gt; SPORT 400 1999<\/p>\n<p>TGB &gt; AKROS 50 TEC 1999 &#8211; 2001<\/p>\n<p>TGB &gt; APOLLO 50 1999 &#8211; 2009<\/p>\n","protected":false},"excerpt":{"rendered":"<p>Verifique a compatibilidade clicando aqui. 713HF HF &#8211; CER\u00c2MICA FRENTE \u2022 TRASEIRA Composto de substitui\u00e7\u00e3o original para bicicletas com pastilhas n\u00e3o sinterizadas Projetado para uso di\u00e1rio, bicicletas de rua e de cruzeiro de uso geral O composto cer\u00e2mico oferece longa vida \u00fatil das pastilhas, baixo teor de poeira e baixo desgaste do disco\/rotor do freio Desempenho excelente e consistente em condi\u00e7\u00f5es molhadas e secas A tecnologia NUCAP NRS garante uma liga\u00e7\u00e3o mec\u00e2nica e indestrut\u00edvel do composto Tecnologia inovadora de redu\u00e7\u00e3o de ru\u00eddo para alto conforto e baixo desenvolvimento de ru\u00eddo &nbsp; Compatibilidade: APRILIA &gt; TUAREG 125 RALLY 1989 &#8211; 1992 Benelli &gt; CAFFE NERO 150 2011 -2014 DEALIM &gt; A-FOUR 50 2006 &#8211; 2016 DEALIM &gt; DELFINO 125 2008 &#8211; 2014 Honda &gt; CA 125 REBEL 1995 &#8211; 1999 Honda &gt; REBEL 250 (MC13) 1985 &#8211; 1996 Honda &gt; REBEL 250 (MC32) 1997 &#8211; 1999 Hyosung &gt; GT650R 2006 &#8211; 2014 Hyosung &gt; GT650R 2009 &#8211; 2011 Hyosung &gt; GT650S 2006 &#8211; 2014 Hyosung &gt; KR MASTER 110 2004 &#8211; 2014 Hyosung &gt; RX 125 2000 &#8211; 2010 Hyosung &gt; TE 450 RAPIER 2007 &#8211; 2011 ITALJET &gt; DRAGSTER 125 1997 &#8211; 2003 ITALJET &gt; FORMULA 50 AC 1999 &#8211; 2004 ITALJET &gt; MILLENIUM 100 2T 2001 &#8211; 2003 KEEWAY &gt; LAND CRUISER 250 2006 &#8211; 2014 KEEWAY &gt; SUPERLIGHT 125 2006 &#8211; 2016 KEEWAY &gt; SUPERLIGHT 150 2006 &#8211; 2016 KREIDLER &gt; 125 ENDURO 2007 &#8211; 2008 KREIDLER &gt; 125 SUPERMOTO 2007 &#8211; 2008 KREIDLER &gt; 200 ENDURO 2007 &#8211; 2008 KYMCO &gt; AGILITY 125 16+ 2014 &#8211; 2017 KYMCO &gt; AGILITY 125 4T E3 2006 &#8211; 2008N KYMCO &gt; AGILITY 125 CARRY 2011 &#8211; 2017 KYMCO &gt; AGILITY 125 R16 2011 &#8211; 2012 KYMCO &gt; LIKE 125 2011 &#8211; 2016 KYMCO &gt; MOVIE 125 1999 &#8211; 2007 KYMCO &gt; MOVIE 125 XL 2001 &#8211; 2004 KYMCO &gt; PEOPLE 250 S 2006 &#8211; 2008 KYMCO &gt; PEOPLE 300I S 2008 &#8211; 2010 KYMCO &gt; SENTO 50 2008 &#8211; 2013 KYMCO &gt; VITALITY 50 2T 2004 &#8211; 2009 KYMCO &gt; VITALITY 50 4T 2004 &#8211; 2009 KYMCO &gt; VIVIO 125 2001 &#8211; 2003 KYMCO &gt; YUP 50 2002 &#8211; 2005 MALAGUTI &gt; BLOG 125 2010 &#8211; 2011 MALAGUTI &gt; BLOG 160 2010 &#8211; 2011 MALAGUTI &gt; CENTRO 125 2008 &#8211; 2011 MALAGUTI &gt; CENTRO 160 2008 &#8211; 2011 MZ &gt; 125 SM &#8211; SX 2002 &#8211; 2008 PEUGEOT &gt; GEOPOLIS 250 4T IE 2007 &#8211; 2011 PEUGEOT &gt; SATELIS 250 4T IE 2006 &#8211; 2011 Polaris &gt; SPORT 400 1999 TGB &gt; AKROS 50 TEC 1999 &#8211; 2001 TGB &gt; APOLLO 50 1999 &#8211; 2009<\/p>\n","protected":false},"featured_media":5322,"template":"","meta":{"ocean_post_layout":"","ocean_both_sidebars_style":"","ocean_both_sidebars_content_width":0,"ocean_both_sidebars_sidebars_width":0,"ocean_sidebar":"0","ocean_second_sidebar":"0","ocean_disable_margins":"enable","ocean_add_body_class":"","ocean_shortcode_before_top_bar":"","ocean_shortcode_after_top_bar":"","ocean_shortcode_before_header":"","ocean_shortcode_after_header":"","ocean_has_shortcode":"","ocean_shortcode_after_title":"","ocean_shortcode_before_footer_widgets":"","ocean_shortcode_after_footer_widgets":"","ocean_shortcode_before_footer_bottom":"","ocean_shortcode_after_footer_bottom":"","ocean_display_top_bar":"default","ocean_display_header":"default","ocean_header_style":"","ocean_center_header_left_menu":"0","ocean_custom_header_template":"0","ocean_custom_logo":0,"ocean_custom_retina_logo":0,"ocean_custom_logo_max_width":0,"ocean_custom_logo_tablet_max_width":0,"ocean_custom_logo_mobile_max_width":0,"ocean_custom_logo_max_height":0,"ocean_custom_logo_tablet_max_height":0,"ocean_custom_logo_mobile_max_height":0,"ocean_header_custom_menu":"0","ocean_menu_typo_font_family":"0","ocean_menu_typo_font_subset":"","ocean_menu_typo_font_size":0,"ocean_menu_typo_font_size_tablet":0,"ocean_menu_typo_font_size_mobile":0,"ocean_menu_typo_font_size_unit":"px","ocean_menu_typo_font_weight":"","ocean_menu_typo_font_weight_tablet":"","ocean_menu_typo_font_weight_mobile":"","ocean_menu_typo_transform":"","ocean_menu_typo_transform_tablet":"","ocean_menu_typo_transform_mobile":"","ocean_menu_typo_line_height":0,"ocean_menu_typo_line_height_tablet":0,"ocean_menu_typo_line_height_mobile":0,"ocean_menu_typo_line_height_unit":"","ocean_menu_typo_spacing":0,"ocean_menu_typo_spacing_tablet":0,"ocean_menu_typo_spacing_mobile":0,"ocean_menu_typo_spacing_unit":"","ocean_menu_link_color":"","ocean_menu_link_color_hover":"","ocean_menu_link_color_active":"","ocean_menu_link_background":"","ocean_menu_link_hover_background":"","ocean_menu_link_active_background":"","ocean_menu_social_links_bg":"","ocean_menu_social_hover_links_bg":"","ocean_menu_social_links_color":"","ocean_menu_social_hover_links_color":"","ocean_disable_title":"default","ocean_disable_heading":"default","ocean_post_title":"","ocean_post_subheading":"","ocean_post_title_style":"","ocean_post_title_background_color":"","ocean_post_title_background":0,"ocean_post_title_bg_image_position":"","ocean_post_title_bg_image_attachment":"","ocean_post_title_bg_image_repeat":"","ocean_post_title_bg_image_size":"","ocean_post_title_height":0,"ocean_post_title_bg_overlay":0.5,"ocean_post_title_bg_overlay_color":"","ocean_disable_breadcrumbs":"default","ocean_breadcrumbs_color":"","ocean_breadcrumbs_separator_color":"","ocean_breadcrumbs_links_color":"","ocean_breadcrumbs_links_hover_color":"","ocean_display_footer_widgets":"default","ocean_display_footer_bottom":"default","ocean_custom_footer_template":"0","omw_enable_modal_window":"enable"},"product_brand":[],"product_cat":[68,514],"product_tag":[627,76,622,628,623,517,518],"class_list":{"0":"post-5320","1":"product","2":"type-product","3":"status-publish","4":"has-post-thumbnail","6":"product_cat-manutencao","7":"product_cat-travagem","8":"product_tag-713hf","9":"product_tag-honda","10":"product_tag-pastilhas","11":"product_tag-rebel","12":"product_tag-sbs","13":"product_tag-travagem","14":"product_tag-travao","16":"entry","17":"has-media","19":"first","20":"instock","21":"sale","22":"shipping-taxable","23":"purchasable","24":"product-type-simple","25":"has-product-nav","26":"col","27":"span_1_of_4","28":"owp-content-right","29":"owp-thumbs-layout-horizontal","30":"owp-btn-normal","31":"owp-tabs-layout-horizontal"},"yoast_head":"<!-- This site is optimized with the Yoast SEO plugin v27.4 - https:\/\/yoast.com\/product\/yoast-seo-wordpress\/ -->\n<title>SBS Pastilhas de Trav\u00e3o 713HF - Moto Leonardo<\/title>\n<meta name=\"robots\" content=\"index, follow, max-snippet:-1, max-image-preview:large, max-video-preview:-1\" \/>\n<link rel=\"canonical\" href=\"https:\/\/motoleonardo.com\/?product=sbs-pastilhas-de-travao-713hf\" \/>\n<meta property=\"og:locale\" content=\"pt_PT\" \/>\n<meta property=\"og:type\" content=\"article\" \/>\n<meta property=\"og:title\" content=\"SBS Pastilhas de Trav\u00e3o 713HF - Moto Leonardo\" \/>\n<meta property=\"og:description\" content=\"Verifique a compatibilidade clicando aqui. 713HF HF &#8211; CER\u00c2MICA FRENTE \u2022 TRASEIRA Composto de substitui\u00e7\u00e3o original para bicicletas com pastilhas n\u00e3o sinterizadas Projetado para uso di\u00e1rio, bicicletas de rua e de cruzeiro de uso geral O composto cer\u00e2mico oferece longa vida \u00fatil das pastilhas, baixo teor de poeira e baixo desgaste do disco\/rotor do freio Desempenho excelente e consistente em condi\u00e7\u00f5es molhadas e secas A tecnologia NUCAP NRS garante uma liga\u00e7\u00e3o mec\u00e2nica e indestrut\u00edvel do composto Tecnologia inovadora de redu\u00e7\u00e3o de ru\u00eddo para alto conforto e baixo desenvolvimento de ru\u00eddo &nbsp; Compatibilidade: APRILIA &gt; TUAREG 125 RALLY 1989 &#8211; 1992 Benelli &gt; CAFFE NERO 150 2011 -2014 DEALIM &gt; A-FOUR 50 2006 &#8211; 2016 DEALIM &gt; DELFINO 125 2008 &#8211; 2014 Honda &gt; CA 125 REBEL 1995 &#8211; 1999 Honda &gt; REBEL 250 (MC13) 1985 &#8211; 1996 Honda &gt; REBEL 250 (MC32) 1997 &#8211; 1999 Hyosung &gt; GT650R 2006 &#8211; 2014 Hyosung &gt; GT650R 2009 &#8211; 2011 Hyosung &gt; GT650S 2006 &#8211; 2014 Hyosung &gt; KR MASTER 110 2004 &#8211; 2014 Hyosung &gt; RX 125 2000 &#8211; 2010 Hyosung &gt; TE 450 RAPIER 2007 &#8211; 2011 ITALJET &gt; DRAGSTER 125 1997 &#8211; 2003 ITALJET &gt; FORMULA 50 AC 1999 &#8211; 2004 ITALJET &gt; MILLENIUM 100 2T 2001 &#8211; 2003 KEEWAY &gt; LAND CRUISER 250 2006 &#8211; 2014 KEEWAY &gt; SUPERLIGHT 125 2006 &#8211; 2016 KEEWAY &gt; SUPERLIGHT 150 2006 &#8211; 2016 KREIDLER &gt; 125 ENDURO 2007 &#8211; 2008 KREIDLER &gt; 125 SUPERMOTO 2007 &#8211; 2008 KREIDLER &gt; 200 ENDURO 2007 &#8211; 2008 KYMCO &gt; AGILITY 125 16+ 2014 &#8211; 2017 KYMCO &gt; AGILITY 125 4T E3 2006 &#8211; 2008N KYMCO &gt; AGILITY 125 CARRY 2011 &#8211; 2017 KYMCO &gt; AGILITY 125 R16 2011 &#8211; 2012 KYMCO &gt; LIKE 125 2011 &#8211; 2016 KYMCO &gt; MOVIE 125 1999 &#8211; 2007 KYMCO &gt; MOVIE 125 XL 2001 &#8211; 2004 KYMCO &gt; PEOPLE 250 S 2006 &#8211; 2008 KYMCO &gt; PEOPLE 300I S 2008 &#8211; 2010 KYMCO &gt; SENTO 50 2008 &#8211; 2013 KYMCO &gt; VITALITY 50 2T 2004 &#8211; 2009 KYMCO &gt; VITALITY 50 4T 2004 &#8211; 2009 KYMCO &gt; VIVIO 125 2001 &#8211; 2003 KYMCO &gt; YUP 50 2002 &#8211; 2005 MALAGUTI &gt; BLOG 125 2010 &#8211; 2011 MALAGUTI &gt; BLOG 160 2010 &#8211; 2011 MALAGUTI &gt; CENTRO 125 2008 &#8211; 2011 MALAGUTI &gt; CENTRO 160 2008 &#8211; 2011 MZ &gt; 125 SM &#8211; SX 2002 &#8211; 2008 PEUGEOT &gt; GEOPOLIS 250 4T IE 2007 &#8211; 2011 PEUGEOT &gt; SATELIS 250 4T IE 2006 &#8211; 2011 Polaris &gt; SPORT 400 1999 TGB &gt; AKROS 50 TEC 1999 &#8211; 2001 TGB &gt; APOLLO 50 1999 &#8211; 2009\" \/>\n<meta property=\"og:url\" content=\"https:\/\/motoleonardo.com\/?product=sbs-pastilhas-de-travao-713hf\" \/>\n<meta property=\"og:site_name\" content=\"Moto Leonardo\" \/>\n<meta property=\"article:publisher\" content=\"https:\/\/www.facebook.com\/motoleonardopt\" \/>\n<meta property=\"article:modified_time\" content=\"2024-04-16T17:25:57+00:00\" \/>\n<meta property=\"og:image\" content=\"https:\/\/i0.wp.com\/motoleonardo.com\/wp-content\/uploads\/2024\/04\/sbs-713hf.webp?fit=1100%2C1100&ssl=1\" \/>\n\t<meta property=\"og:image:width\" content=\"1100\" \/>\n\t<meta property=\"og:image:height\" content=\"1100\" \/>\n\t<meta property=\"og:image:type\" content=\"image\/webp\" \/>\n<meta name=\"twitter:card\" content=\"summary_large_image\" \/>\n<meta name=\"twitter:label1\" content=\"Tempo estimado de leitura\" \/>\n\t<meta name=\"twitter:data1\" content=\"2 minutos\" \/>\n<script type=\"application\/ld+json\" class=\"yoast-schema-graph\">{\"@context\":\"https:\\\/\\\/schema.org\",\"@graph\":[{\"@type\":\"WebPage\",\"@id\":\"https:\\\/\\\/motoleonardo.com\\\/?product=sbs-pastilhas-de-travao-713hf\",\"url\":\"https:\\\/\\\/motoleonardo.com\\\/?product=sbs-pastilhas-de-travao-713hf\",\"name\":\"SBS Pastilhas de Trav\u00e3o 713HF - Moto Leonardo\",\"isPartOf\":{\"@id\":\"https:\\\/\\\/motoleonardo.com\\\/#website\"},\"primaryImageOfPage\":{\"@id\":\"https:\\\/\\\/motoleonardo.com\\\/?product=sbs-pastilhas-de-travao-713hf#primaryimage\"},\"image\":{\"@id\":\"https:\\\/\\\/motoleonardo.com\\\/?product=sbs-pastilhas-de-travao-713hf#primaryimage\"},\"thumbnailUrl\":\"https:\\\/\\\/i0.wp.com\\\/motoleonardo.com\\\/wp-content\\\/uploads\\\/2024\\\/04\\\/sbs-713hf.webp?fit=1100%2C1100&ssl=1\",\"datePublished\":\"2024-04-16T17:25:26+00:00\",\"dateModified\":\"2024-04-16T17:25:57+00:00\",\"breadcrumb\":{\"@id\":\"https:\\\/\\\/motoleonardo.com\\\/?product=sbs-pastilhas-de-travao-713hf#breadcrumb\"},\"inLanguage\":\"pt-PT\",\"potentialAction\":[{\"@type\":\"ReadAction\",\"target\":[\"https:\\\/\\\/motoleonardo.com\\\/?product=sbs-pastilhas-de-travao-713hf\"]}]},{\"@type\":\"ImageObject\",\"inLanguage\":\"pt-PT\",\"@id\":\"https:\\\/\\\/motoleonardo.com\\\/?product=sbs-pastilhas-de-travao-713hf#primaryimage\",\"url\":\"https:\\\/\\\/i0.wp.com\\\/motoleonardo.com\\\/wp-content\\\/uploads\\\/2024\\\/04\\\/sbs-713hf.webp?fit=1100%2C1100&ssl=1\",\"contentUrl\":\"https:\\\/\\\/i0.wp.com\\\/motoleonardo.com\\\/wp-content\\\/uploads\\\/2024\\\/04\\\/sbs-713hf.webp?fit=1100%2C1100&ssl=1\",\"width\":1100,\"height\":1100},{\"@type\":\"BreadcrumbList\",\"@id\":\"https:\\\/\\\/motoleonardo.com\\\/?product=sbs-pastilhas-de-travao-713hf#breadcrumb\",\"itemListElement\":[{\"@type\":\"ListItem\",\"position\":1,\"name\":\"In\u00edcio\",\"item\":\"https:\\\/\\\/motoleonardo.com\\\/\"},{\"@type\":\"ListItem\",\"position\":2,\"name\":\"Todas Categorias\",\"item\":\"https:\\\/\\\/motoleonardo.com\\\/?page_id=252\"},{\"@type\":\"ListItem\",\"position\":3,\"name\":\"SBS Pastilhas de Trav\u00e3o 713HF\"}]},{\"@type\":\"WebSite\",\"@id\":\"https:\\\/\\\/motoleonardo.com\\\/#website\",\"url\":\"https:\\\/\\\/motoleonardo.com\\\/\",\"name\":\"Moto Leonardo\",\"description\":\"Motas Novas e Usadas - Oficina Multimarcas - Pe\u00e7as, Acess\u00f3rios e Equipamento\",\"publisher\":{\"@id\":\"https:\\\/\\\/motoleonardo.com\\\/#organization\"},\"potentialAction\":[{\"@type\":\"SearchAction\",\"target\":{\"@type\":\"EntryPoint\",\"urlTemplate\":\"https:\\\/\\\/motoleonardo.com\\\/?s={search_term_string}\"},\"query-input\":{\"@type\":\"PropertyValueSpecification\",\"valueRequired\":true,\"valueName\":\"search_term_string\"}}],\"inLanguage\":\"pt-PT\"},{\"@type\":\"Organization\",\"@id\":\"https:\\\/\\\/motoleonardo.com\\\/#organization\",\"name\":\"Moto Leonardo\",\"url\":\"https:\\\/\\\/motoleonardo.com\\\/\",\"logo\":{\"@type\":\"ImageObject\",\"inLanguage\":\"pt-PT\",\"@id\":\"https:\\\/\\\/motoleonardo.com\\\/#\\\/schema\\\/logo\\\/image\\\/\",\"url\":\"https:\\\/\\\/i0.wp.com\\\/motoleonardo.com\\\/wp-content\\\/uploads\\\/2022\\\/10\\\/cropped-Professional-Initial-Letter-Typography-Logo.png?fit=512%2C512&ssl=1\",\"contentUrl\":\"https:\\\/\\\/i0.wp.com\\\/motoleonardo.com\\\/wp-content\\\/uploads\\\/2022\\\/10\\\/cropped-Professional-Initial-Letter-Typography-Logo.png?fit=512%2C512&ssl=1\",\"width\":512,\"height\":512,\"caption\":\"Moto Leonardo\"},\"image\":{\"@id\":\"https:\\\/\\\/motoleonardo.com\\\/#\\\/schema\\\/logo\\\/image\\\/\"},\"sameAs\":[\"https:\\\/\\\/www.facebook.com\\\/motoleonardopt\",\"https:\\\/\\\/www.instagram.com\\\/moto_leonardo\\\/\"]}]}<\/script>\n<!-- \/ Yoast SEO plugin. -->","yoast_head_json":{"title":"SBS Pastilhas de Trav\u00e3o 713HF - Moto Leonardo","robots":{"index":"index","follow":"follow","max-snippet":"max-snippet:-1","max-image-preview":"max-image-preview:large","max-video-preview":"max-video-preview:-1"},"canonical":"https:\/\/motoleonardo.com\/?product=sbs-pastilhas-de-travao-713hf","og_locale":"pt_PT","og_type":"article","og_title":"SBS Pastilhas de Trav\u00e3o 713HF - Moto Leonardo","og_description":"Verifique a compatibilidade clicando aqui. 713HF HF &#8211; CER\u00c2MICA FRENTE \u2022 TRASEIRA Composto de substitui\u00e7\u00e3o original para bicicletas com pastilhas n\u00e3o sinterizadas Projetado para uso di\u00e1rio, bicicletas de rua e de cruzeiro de uso geral O composto cer\u00e2mico oferece longa vida \u00fatil das pastilhas, baixo teor de poeira e baixo desgaste do disco\/rotor do freio Desempenho excelente e consistente em condi\u00e7\u00f5es molhadas e secas A tecnologia NUCAP NRS garante uma liga\u00e7\u00e3o mec\u00e2nica e indestrut\u00edvel do composto Tecnologia inovadora de redu\u00e7\u00e3o de ru\u00eddo para alto conforto e baixo desenvolvimento de ru\u00eddo &nbsp; Compatibilidade: APRILIA &gt; TUAREG 125 RALLY 1989 &#8211; 1992 Benelli &gt; CAFFE NERO 150 2011 -2014 DEALIM &gt; A-FOUR 50 2006 &#8211; 2016 DEALIM &gt; DELFINO 125 2008 &#8211; 2014 Honda &gt; CA 125 REBEL 1995 &#8211; 1999 Honda &gt; REBEL 250 (MC13) 1985 &#8211; 1996 Honda &gt; REBEL 250 (MC32) 1997 &#8211; 1999 Hyosung &gt; GT650R 2006 &#8211; 2014 Hyosung &gt; GT650R 2009 &#8211; 2011 Hyosung &gt; GT650S 2006 &#8211; 2014 Hyosung &gt; KR MASTER 110 2004 &#8211; 2014 Hyosung &gt; RX 125 2000 &#8211; 2010 Hyosung &gt; TE 450 RAPIER 2007 &#8211; 2011 ITALJET &gt; DRAGSTER 125 1997 &#8211; 2003 ITALJET &gt; FORMULA 50 AC 1999 &#8211; 2004 ITALJET &gt; MILLENIUM 100 2T 2001 &#8211; 2003 KEEWAY &gt; LAND CRUISER 250 2006 &#8211; 2014 KEEWAY &gt; SUPERLIGHT 125 2006 &#8211; 2016 KEEWAY &gt; SUPERLIGHT 150 2006 &#8211; 2016 KREIDLER &gt; 125 ENDURO 2007 &#8211; 2008 KREIDLER &gt; 125 SUPERMOTO 2007 &#8211; 2008 KREIDLER &gt; 200 ENDURO 2007 &#8211; 2008 KYMCO &gt; AGILITY 125 16+ 2014 &#8211; 2017 KYMCO &gt; AGILITY 125 4T E3 2006 &#8211; 2008N KYMCO &gt; AGILITY 125 CARRY 2011 &#8211; 2017 KYMCO &gt; AGILITY 125 R16 2011 &#8211; 2012 KYMCO &gt; LIKE 125 2011 &#8211; 2016 KYMCO &gt; MOVIE 125 1999 &#8211; 2007 KYMCO &gt; MOVIE 125 XL 2001 &#8211; 2004 KYMCO &gt; PEOPLE 250 S 2006 &#8211; 2008 KYMCO &gt; PEOPLE 300I S 2008 &#8211; 2010 KYMCO &gt; SENTO 50 2008 &#8211; 2013 KYMCO &gt; VITALITY 50 2T 2004 &#8211; 2009 KYMCO &gt; VITALITY 50 4T 2004 &#8211; 2009 KYMCO &gt; VIVIO 125 2001 &#8211; 2003 KYMCO &gt; YUP 50 2002 &#8211; 2005 MALAGUTI &gt; BLOG 125 2010 &#8211; 2011 MALAGUTI &gt; BLOG 160 2010 &#8211; 2011 MALAGUTI &gt; CENTRO 125 2008 &#8211; 2011 MALAGUTI &gt; CENTRO 160 2008 &#8211; 2011 MZ &gt; 125 SM &#8211; SX 2002 &#8211; 2008 PEUGEOT &gt; GEOPOLIS 250 4T IE 2007 &#8211; 2011 PEUGEOT &gt; SATELIS 250 4T IE 2006 &#8211; 2011 Polaris &gt; SPORT 400 1999 TGB &gt; AKROS 50 TEC 1999 &#8211; 2001 TGB &gt; APOLLO 50 1999 &#8211; 2009","og_url":"https:\/\/motoleonardo.com\/?product=sbs-pastilhas-de-travao-713hf","og_site_name":"Moto Leonardo","article_publisher":"https:\/\/www.facebook.com\/motoleonardopt","article_modified_time":"2024-04-16T17:25:57+00:00","og_image":[{"width":1100,"height":1100,"url":"https:\/\/i0.wp.com\/motoleonardo.com\/wp-content\/uploads\/2024\/04\/sbs-713hf.webp?fit=1100%2C1100&ssl=1","type":"image\/webp"}],"twitter_card":"summary_large_image","twitter_misc":{"Tempo estimado de leitura":"2 minutos"},"schema":{"@context":"https:\/\/schema.org","@graph":[{"@type":"WebPage","@id":"https:\/\/motoleonardo.com\/?product=sbs-pastilhas-de-travao-713hf","url":"https:\/\/motoleonardo.com\/?product=sbs-pastilhas-de-travao-713hf","name":"SBS Pastilhas de Trav\u00e3o 713HF - Moto Leonardo","isPartOf":{"@id":"https:\/\/motoleonardo.com\/#website"},"primaryImageOfPage":{"@id":"https:\/\/motoleonardo.com\/?product=sbs-pastilhas-de-travao-713hf#primaryimage"},"image":{"@id":"https:\/\/motoleonardo.com\/?product=sbs-pastilhas-de-travao-713hf#primaryimage"},"thumbnailUrl":"https:\/\/i0.wp.com\/motoleonardo.com\/wp-content\/uploads\/2024\/04\/sbs-713hf.webp?fit=1100%2C1100&ssl=1","datePublished":"2024-04-16T17:25:26+00:00","dateModified":"2024-04-16T17:25:57+00:00","breadcrumb":{"@id":"https:\/\/motoleonardo.com\/?product=sbs-pastilhas-de-travao-713hf#breadcrumb"},"inLanguage":"pt-PT","potentialAction":[{"@type":"ReadAction","target":["https:\/\/motoleonardo.com\/?product=sbs-pastilhas-de-travao-713hf"]}]},{"@type":"ImageObject","inLanguage":"pt-PT","@id":"https:\/\/motoleonardo.com\/?product=sbs-pastilhas-de-travao-713hf#primaryimage","url":"https:\/\/i0.wp.com\/motoleonardo.com\/wp-content\/uploads\/2024\/04\/sbs-713hf.webp?fit=1100%2C1100&ssl=1","contentUrl":"https:\/\/i0.wp.com\/motoleonardo.com\/wp-content\/uploads\/2024\/04\/sbs-713hf.webp?fit=1100%2C1100&ssl=1","width":1100,"height":1100},{"@type":"BreadcrumbList","@id":"https:\/\/motoleonardo.com\/?product=sbs-pastilhas-de-travao-713hf#breadcrumb","itemListElement":[{"@type":"ListItem","position":1,"name":"In\u00edcio","item":"https:\/\/motoleonardo.com\/"},{"@type":"ListItem","position":2,"name":"Todas Categorias","item":"https:\/\/motoleonardo.com\/?page_id=252"},{"@type":"ListItem","position":3,"name":"SBS Pastilhas de Trav\u00e3o 713HF"}]},{"@type":"WebSite","@id":"https:\/\/motoleonardo.com\/#website","url":"https:\/\/motoleonardo.com\/","name":"Moto Leonardo","description":"Motas Novas e Usadas - Oficina Multimarcas - Pe\u00e7as, Acess\u00f3rios e Equipamento","publisher":{"@id":"https:\/\/motoleonardo.com\/#organization"},"potentialAction":[{"@type":"SearchAction","target":{"@type":"EntryPoint","urlTemplate":"https:\/\/motoleonardo.com\/?s={search_term_string}"},"query-input":{"@type":"PropertyValueSpecification","valueRequired":true,"valueName":"search_term_string"}}],"inLanguage":"pt-PT"},{"@type":"Organization","@id":"https:\/\/motoleonardo.com\/#organization","name":"Moto Leonardo","url":"https:\/\/motoleonardo.com\/","logo":{"@type":"ImageObject","inLanguage":"pt-PT","@id":"https:\/\/motoleonardo.com\/#\/schema\/logo\/image\/","url":"https:\/\/i0.wp.com\/motoleonardo.com\/wp-content\/uploads\/2022\/10\/cropped-Professional-Initial-Letter-Typography-Logo.png?fit=512%2C512&ssl=1","contentUrl":"https:\/\/i0.wp.com\/motoleonardo.com\/wp-content\/uploads\/2022\/10\/cropped-Professional-Initial-Letter-Typography-Logo.png?fit=512%2C512&ssl=1","width":512,"height":512,"caption":"Moto Leonardo"},"image":{"@id":"https:\/\/motoleonardo.com\/#\/schema\/logo\/image\/"},"sameAs":["https:\/\/www.facebook.com\/motoleonardopt","https:\/\/www.instagram.com\/moto_leonardo\/"]}]}},"jetpack_sharing_enabled":true,"_links":{"self":[{"href":"https:\/\/motoleonardo.com\/index.php?rest_route=\/wp\/v2\/product\/5320","targetHints":{"allow":["GET"]}}],"collection":[{"href":"https:\/\/motoleonardo.com\/index.php?rest_route=\/wp\/v2\/product"}],"about":[{"href":"https:\/\/motoleonardo.com\/index.php?rest_route=\/wp\/v2\/types\/product"}],"wp:featuredmedia":[{"embeddable":true,"href":"https:\/\/motoleonardo.com\/index.php?rest_route=\/wp\/v2\/media\/5322"}],"wp:attachment":[{"href":"https:\/\/motoleonardo.com\/index.php?rest_route=%2Fwp%2Fv2%2Fmedia&parent=5320"}],"wp:term":[{"taxonomy":"product_brand","embeddable":true,"href":"https:\/\/motoleonardo.com\/index.php?rest_route=%2Fwp%2Fv2%2Fproduct_brand&post=5320"},{"taxonomy":"product_cat","embeddable":true,"href":"https:\/\/motoleonardo.com\/index.php?rest_route=%2Fwp%2Fv2%2Fproduct_cat&post=5320"},{"taxonomy":"product_tag","embeddable":true,"href":"https:\/\/motoleonardo.com\/index.php?rest_route=%2Fwp%2Fv2%2Fproduct_tag&post=5320"}],"curies":[{"name":"wp","href":"https:\/\/api.w.org\/{rel}","templated":true}]}}