{"id":5366,"date":"2024-04-17T14:18:22","date_gmt":"2024-04-17T14:18:22","guid":{"rendered":"https:\/\/motoleonardo.com\/?post_type=product&#038;p=5366"},"modified":"2025-11-07T15:48:17","modified_gmt":"2025-11-07T15:48:17","slug":"puig-farois-led-auxiliares-trail-homologados","status":"publish","type":"product","link":"https:\/\/motoleonardo.com\/?product=puig-farois-led-auxiliares-trail-homologados","title":{"rendered":"PUIG Far\u00f3is LED Auxiliares Trail Homologados"},"content":{"rendered":"<p>Far\u00f3is de nevoeiro universais de LED e carca\u00e7a de alum\u00ednio pintado de preto garantem melhor visibilidade mesmo em caso de nevoeiro, chuva ou neve. Com sua cor de luz branca proporcionam uma ilumina\u00e7\u00e3o diferenciada da estrada e, portanto, podemos confirmar que s\u00e3o um complemento perfeito para os far\u00f3is das motas.<\/p>\n<p>Tecnologia LED com baixo consumo el\u00e9trico, evitando colocar a bateria em risco por consumo excessivo.<br \/>\nCom instru\u00e7\u00f5es para montagem em nossos protetores de motor. Adequado para p\u00e1ra-lamas com di\u00e2metro entre 23 e 25 mm.<br \/>\nEquipado com fus\u00edvel e fia\u00e7\u00e3o para conex\u00e3o direta \u00e0 bateria e interruptor \u00e0 prova d&#8217;\u00e1gua para instala\u00e7\u00e3o no guid\u00e3o.<br \/>\nCarca\u00e7a de alum\u00ednio projetada para promover a dissipa\u00e7\u00e3o de calor.<br \/>\nGrades met\u00e1licas opcionais protegendo as lentes para uso offroad. Devem ser encomendados separadamente (Ref: 9785N )<\/p>\n<p>Inclui kit de fia\u00e7\u00e3o, interruptor e suportes.<\/p>\n<p><strong>Caracter\u00edsticas<\/strong><strong>:<\/strong><br \/>\nConsumo: 40W (20W por l\u00e2mpada)<br \/>\nTens\u00e3o: CC 12-24V<br \/>\nL\u00famens: 4000L M (2000 LM\/l\u00e2mpada)<br \/>\nMaterial: lentes de PC\/caixa de alum\u00ednio<\/p>\n","protected":false},"excerpt":{"rendered":"<p>Far\u00f3is de nevoeiro universais de LED e carca\u00e7a de alum\u00ednio pintado de preto garantem melhor visibilidade mesmo em caso de nevoeiro, chuva ou neve. Com sua cor de luz branca proporcionam uma ilumina\u00e7\u00e3o diferenciada da estrada e, portanto, podemos confirmar que s\u00e3o um complemento perfeito para os far\u00f3is das motas. Tecnologia LED com baixo consumo el\u00e9trico, evitando colocar a bateria em risco por consumo excessivo. Com instru\u00e7\u00f5es para montagem em nossos protetores de motor. Adequado para p\u00e1ra-lamas com di\u00e2metro entre 23 e 25 mm. Equipado com fus\u00edvel e fia\u00e7\u00e3o para conex\u00e3o direta \u00e0 bateria e interruptor \u00e0 prova d&#8217;\u00e1gua para instala\u00e7\u00e3o no guid\u00e3o. Carca\u00e7a de alum\u00ednio projetada para promover a dissipa\u00e7\u00e3o de calor. Grades met\u00e1licas opcionais protegendo as lentes para uso offroad. Devem ser encomendados separadamente (Ref: 9785N ) Inclui kit de fia\u00e7\u00e3o, interruptor e suportes. Caracter\u00edsticas: Consumo: 40W (20W por l\u00e2mpada) Tens\u00e3o: CC 12-24V L\u00famens: 4000L M (2000 LM\/l\u00e2mpada) Material: lentes de PC\/caixa de alum\u00ednio<\/p>\n","protected":false},"featured_media":5368,"template":"","meta":{"ocean_post_layout":"","ocean_both_sidebars_style":"","ocean_both_sidebars_content_width":0,"ocean_both_sidebars_sidebars_width":0,"ocean_sidebar":"0","ocean_second_sidebar":"0","ocean_disable_margins":"enable","ocean_add_body_class":"","ocean_shortcode_before_top_bar":"","ocean_shortcode_after_top_bar":"","ocean_shortcode_before_header":"","ocean_shortcode_after_header":"","ocean_has_shortcode":"","ocean_shortcode_after_title":"","ocean_shortcode_before_footer_widgets":"","ocean_shortcode_after_footer_widgets":"","ocean_shortcode_before_footer_bottom":"","ocean_shortcode_after_footer_bottom":"","ocean_display_top_bar":"default","ocean_display_header":"default","ocean_header_style":"","ocean_center_header_left_menu":"0","ocean_custom_header_template":"0","ocean_custom_logo":0,"ocean_custom_retina_logo":0,"ocean_custom_logo_max_width":0,"ocean_custom_logo_tablet_max_width":0,"ocean_custom_logo_mobile_max_width":0,"ocean_custom_logo_max_height":0,"ocean_custom_logo_tablet_max_height":0,"ocean_custom_logo_mobile_max_height":0,"ocean_header_custom_menu":"0","ocean_menu_typo_font_family":"0","ocean_menu_typo_font_subset":"","ocean_menu_typo_font_size":0,"ocean_menu_typo_font_size_tablet":0,"ocean_menu_typo_font_size_mobile":0,"ocean_menu_typo_font_size_unit":"px","ocean_menu_typo_font_weight":"","ocean_menu_typo_font_weight_tablet":"","ocean_menu_typo_font_weight_mobile":"","ocean_menu_typo_transform":"","ocean_menu_typo_transform_tablet":"","ocean_menu_typo_transform_mobile":"","ocean_menu_typo_line_height":0,"ocean_menu_typo_line_height_tablet":0,"ocean_menu_typo_line_height_mobile":0,"ocean_menu_typo_line_height_unit":"","ocean_menu_typo_spacing":0,"ocean_menu_typo_spacing_tablet":0,"ocean_menu_typo_spacing_mobile":0,"ocean_menu_typo_spacing_unit":"","ocean_menu_link_color":"","ocean_menu_link_color_hover":"","ocean_menu_link_color_active":"","ocean_menu_link_background":"","ocean_menu_link_hover_background":"","ocean_menu_link_active_background":"","ocean_menu_social_links_bg":"","ocean_menu_social_hover_links_bg":"","ocean_menu_social_links_color":"","ocean_menu_social_hover_links_color":"","ocean_disable_title":"default","ocean_disable_heading":"default","ocean_post_title":"","ocean_post_subheading":"","ocean_post_title_style":"","ocean_post_title_background_color":"","ocean_post_title_background":0,"ocean_post_title_bg_image_position":"","ocean_post_title_bg_image_attachment":"","ocean_post_title_bg_image_repeat":"","ocean_post_title_bg_image_size":"","ocean_post_title_height":0,"ocean_post_title_bg_overlay":0.5,"ocean_post_title_bg_overlay_color":"","ocean_disable_breadcrumbs":"default","ocean_breadcrumbs_color":"","ocean_breadcrumbs_separator_color":"","ocean_breadcrumbs_links_color":"","ocean_breadcrumbs_links_hover_color":"","ocean_display_footer_widgets":"default","ocean_display_footer_bottom":"default","ocean_custom_footer_template":"0","omw_enable_modal_window":"enable"},"product_brand":[],"product_cat":[784,312,50],"product_tag":[656,586,655,658,332,657],"class_list":{"0":"post-5366","1":"product","2":"type-product","3":"status-publish","4":"has-post-thumbnail","6":"product_cat-iluminacao","7":"product_cat-kits-viagem-e-reparacao","8":"product_cat-acessorios","9":"product_tag-auxiliares","10":"product_tag-crashbar","11":"product_tag-farois","12":"product_tag-homologado","13":"product_tag-led","14":"product_tag-puig","16":"entry","17":"has-media","19":"first","20":"onbackorder","21":"shipping-taxable","22":"purchasable","23":"product-type-simple","24":"has-product-nav","25":"col","26":"span_1_of_4","27":"owp-content-right","28":"owp-thumbs-layout-horizontal","29":"owp-btn-normal","30":"owp-tabs-layout-horizontal","31":"has-no-thumbnails"},"yoast_head":"<!-- This site is optimized with the Yoast SEO plugin v27.4 - https:\/\/yoast.com\/product\/yoast-seo-wordpress\/ -->\n<title>PUIG Far\u00f3is LED Auxiliares Trail Homologados - Moto Leonardo<\/title>\n<meta name=\"robots\" content=\"index, follow, max-snippet:-1, max-image-preview:large, max-video-preview:-1\" \/>\n<link rel=\"canonical\" href=\"https:\/\/motoleonardo.com\/?product=puig-farois-led-auxiliares-trail-homologados\" \/>\n<meta property=\"og:locale\" content=\"pt_PT\" \/>\n<meta property=\"og:type\" content=\"article\" \/>\n<meta property=\"og:title\" content=\"PUIG Far\u00f3is LED Auxiliares Trail Homologados - Moto Leonardo\" \/>\n<meta property=\"og:description\" content=\"Far\u00f3is de nevoeiro universais de LED e carca\u00e7a de alum\u00ednio pintado de preto garantem melhor visibilidade mesmo em caso de nevoeiro, chuva ou neve. Com sua cor de luz branca proporcionam uma ilumina\u00e7\u00e3o diferenciada da estrada e, portanto, podemos confirmar que s\u00e3o um complemento perfeito para os far\u00f3is das motas. Tecnologia LED com baixo consumo el\u00e9trico, evitando colocar a bateria em risco por consumo excessivo. Com instru\u00e7\u00f5es para montagem em nossos protetores de motor. Adequado para p\u00e1ra-lamas com di\u00e2metro entre 23 e 25 mm. Equipado com fus\u00edvel e fia\u00e7\u00e3o para conex\u00e3o direta \u00e0 bateria e interruptor \u00e0 prova d&#8217;\u00e1gua para instala\u00e7\u00e3o no guid\u00e3o. Carca\u00e7a de alum\u00ednio projetada para promover a dissipa\u00e7\u00e3o de calor. Grades met\u00e1licas opcionais protegendo as lentes para uso offroad. Devem ser encomendados separadamente (Ref: 9785N ) Inclui kit de fia\u00e7\u00e3o, interruptor e suportes. Caracter\u00edsticas: Consumo: 40W (20W por l\u00e2mpada) Tens\u00e3o: CC 12-24V L\u00famens: 4000L M (2000 LM\/l\u00e2mpada) Material: lentes de PC\/caixa de alum\u00ednio\" \/>\n<meta property=\"og:url\" content=\"https:\/\/motoleonardo.com\/?product=puig-farois-led-auxiliares-trail-homologados\" \/>\n<meta property=\"og:site_name\" content=\"Moto Leonardo\" \/>\n<meta property=\"article:publisher\" content=\"https:\/\/www.facebook.com\/motoleonardopt\" \/>\n<meta property=\"article:modified_time\" content=\"2025-11-07T15:48:17+00:00\" \/>\n<meta property=\"og:image\" content=\"https:\/\/i0.wp.com\/motoleonardo.com\/wp-content\/uploads\/2024\/04\/puig-farois-3489N.jpg?fit=544%2C544&ssl=1\" \/>\n\t<meta property=\"og:image:width\" content=\"544\" \/>\n\t<meta property=\"og:image:height\" content=\"544\" \/>\n\t<meta property=\"og:image:type\" content=\"image\/jpeg\" \/>\n<meta name=\"twitter:card\" content=\"summary_large_image\" \/>\n<meta name=\"twitter:label1\" content=\"Tempo estimado de leitura\" \/>\n\t<meta name=\"twitter:data1\" content=\"1 minuto\" \/>\n<script type=\"application\/ld+json\" class=\"yoast-schema-graph\">{\"@context\":\"https:\\\/\\\/schema.org\",\"@graph\":[{\"@type\":\"WebPage\",\"@id\":\"https:\\\/\\\/motoleonardo.com\\\/?product=puig-farois-led-auxiliares-trail-homologados\",\"url\":\"https:\\\/\\\/motoleonardo.com\\\/?product=puig-farois-led-auxiliares-trail-homologados\",\"name\":\"PUIG Far\u00f3is LED Auxiliares Trail Homologados - Moto Leonardo\",\"isPartOf\":{\"@id\":\"https:\\\/\\\/motoleonardo.com\\\/#website\"},\"primaryImageOfPage\":{\"@id\":\"https:\\\/\\\/motoleonardo.com\\\/?product=puig-farois-led-auxiliares-trail-homologados#primaryimage\"},\"image\":{\"@id\":\"https:\\\/\\\/motoleonardo.com\\\/?product=puig-farois-led-auxiliares-trail-homologados#primaryimage\"},\"thumbnailUrl\":\"https:\\\/\\\/i0.wp.com\\\/motoleonardo.com\\\/wp-content\\\/uploads\\\/2024\\\/04\\\/puig-farois-3489N.jpg?fit=544%2C544&ssl=1\",\"datePublished\":\"2024-04-17T14:18:22+00:00\",\"dateModified\":\"2025-11-07T15:48:17+00:00\",\"breadcrumb\":{\"@id\":\"https:\\\/\\\/motoleonardo.com\\\/?product=puig-farois-led-auxiliares-trail-homologados#breadcrumb\"},\"inLanguage\":\"pt-PT\",\"potentialAction\":[{\"@type\":\"ReadAction\",\"target\":[\"https:\\\/\\\/motoleonardo.com\\\/?product=puig-farois-led-auxiliares-trail-homologados\"]}]},{\"@type\":\"ImageObject\",\"inLanguage\":\"pt-PT\",\"@id\":\"https:\\\/\\\/motoleonardo.com\\\/?product=puig-farois-led-auxiliares-trail-homologados#primaryimage\",\"url\":\"https:\\\/\\\/i0.wp.com\\\/motoleonardo.com\\\/wp-content\\\/uploads\\\/2024\\\/04\\\/puig-farois-3489N.jpg?fit=544%2C544&ssl=1\",\"contentUrl\":\"https:\\\/\\\/i0.wp.com\\\/motoleonardo.com\\\/wp-content\\\/uploads\\\/2024\\\/04\\\/puig-farois-3489N.jpg?fit=544%2C544&ssl=1\",\"width\":544,\"height\":544},{\"@type\":\"BreadcrumbList\",\"@id\":\"https:\\\/\\\/motoleonardo.com\\\/?product=puig-farois-led-auxiliares-trail-homologados#breadcrumb\",\"itemListElement\":[{\"@type\":\"ListItem\",\"position\":1,\"name\":\"In\u00edcio\",\"item\":\"https:\\\/\\\/motoleonardo.com\\\/\"},{\"@type\":\"ListItem\",\"position\":2,\"name\":\"Todas Categorias\",\"item\":\"https:\\\/\\\/motoleonardo.com\\\/?page_id=252\"},{\"@type\":\"ListItem\",\"position\":3,\"name\":\"PUIG Far\u00f3is LED Auxiliares Trail Homologados\"}]},{\"@type\":\"WebSite\",\"@id\":\"https:\\\/\\\/motoleonardo.com\\\/#website\",\"url\":\"https:\\\/\\\/motoleonardo.com\\\/\",\"name\":\"Moto Leonardo\",\"description\":\"Motas Novas e Usadas - Oficina Multimarcas - Pe\u00e7as, Acess\u00f3rios e Equipamento\",\"publisher\":{\"@id\":\"https:\\\/\\\/motoleonardo.com\\\/#organization\"},\"potentialAction\":[{\"@type\":\"SearchAction\",\"target\":{\"@type\":\"EntryPoint\",\"urlTemplate\":\"https:\\\/\\\/motoleonardo.com\\\/?s={search_term_string}\"},\"query-input\":{\"@type\":\"PropertyValueSpecification\",\"valueRequired\":true,\"valueName\":\"search_term_string\"}}],\"inLanguage\":\"pt-PT\"},{\"@type\":\"Organization\",\"@id\":\"https:\\\/\\\/motoleonardo.com\\\/#organization\",\"name\":\"Moto Leonardo\",\"url\":\"https:\\\/\\\/motoleonardo.com\\\/\",\"logo\":{\"@type\":\"ImageObject\",\"inLanguage\":\"pt-PT\",\"@id\":\"https:\\\/\\\/motoleonardo.com\\\/#\\\/schema\\\/logo\\\/image\\\/\",\"url\":\"https:\\\/\\\/i0.wp.com\\\/motoleonardo.com\\\/wp-content\\\/uploads\\\/2022\\\/10\\\/cropped-Professional-Initial-Letter-Typography-Logo.png?fit=512%2C512&ssl=1\",\"contentUrl\":\"https:\\\/\\\/i0.wp.com\\\/motoleonardo.com\\\/wp-content\\\/uploads\\\/2022\\\/10\\\/cropped-Professional-Initial-Letter-Typography-Logo.png?fit=512%2C512&ssl=1\",\"width\":512,\"height\":512,\"caption\":\"Moto Leonardo\"},\"image\":{\"@id\":\"https:\\\/\\\/motoleonardo.com\\\/#\\\/schema\\\/logo\\\/image\\\/\"},\"sameAs\":[\"https:\\\/\\\/www.facebook.com\\\/motoleonardopt\",\"https:\\\/\\\/www.instagram.com\\\/moto_leonardo\\\/\"]}]}<\/script>\n<!-- \/ Yoast SEO plugin. -->","yoast_head_json":{"title":"PUIG Far\u00f3is LED Auxiliares Trail Homologados - Moto Leonardo","robots":{"index":"index","follow":"follow","max-snippet":"max-snippet:-1","max-image-preview":"max-image-preview:large","max-video-preview":"max-video-preview:-1"},"canonical":"https:\/\/motoleonardo.com\/?product=puig-farois-led-auxiliares-trail-homologados","og_locale":"pt_PT","og_type":"article","og_title":"PUIG Far\u00f3is LED Auxiliares Trail Homologados - Moto Leonardo","og_description":"Far\u00f3is de nevoeiro universais de LED e carca\u00e7a de alum\u00ednio pintado de preto garantem melhor visibilidade mesmo em caso de nevoeiro, chuva ou neve. Com sua cor de luz branca proporcionam uma ilumina\u00e7\u00e3o diferenciada da estrada e, portanto, podemos confirmar que s\u00e3o um complemento perfeito para os far\u00f3is das motas. Tecnologia LED com baixo consumo el\u00e9trico, evitando colocar a bateria em risco por consumo excessivo. Com instru\u00e7\u00f5es para montagem em nossos protetores de motor. Adequado para p\u00e1ra-lamas com di\u00e2metro entre 23 e 25 mm. Equipado com fus\u00edvel e fia\u00e7\u00e3o para conex\u00e3o direta \u00e0 bateria e interruptor \u00e0 prova d&#8217;\u00e1gua para instala\u00e7\u00e3o no guid\u00e3o. Carca\u00e7a de alum\u00ednio projetada para promover a dissipa\u00e7\u00e3o de calor. Grades met\u00e1licas opcionais protegendo as lentes para uso offroad. Devem ser encomendados separadamente (Ref: 9785N ) Inclui kit de fia\u00e7\u00e3o, interruptor e suportes. Caracter\u00edsticas: Consumo: 40W (20W por l\u00e2mpada) Tens\u00e3o: CC 12-24V L\u00famens: 4000L M (2000 LM\/l\u00e2mpada) Material: lentes de PC\/caixa de alum\u00ednio","og_url":"https:\/\/motoleonardo.com\/?product=puig-farois-led-auxiliares-trail-homologados","og_site_name":"Moto Leonardo","article_publisher":"https:\/\/www.facebook.com\/motoleonardopt","article_modified_time":"2025-11-07T15:48:17+00:00","og_image":[{"width":544,"height":544,"url":"https:\/\/i0.wp.com\/motoleonardo.com\/wp-content\/uploads\/2024\/04\/puig-farois-3489N.jpg?fit=544%2C544&ssl=1","type":"image\/jpeg"}],"twitter_card":"summary_large_image","twitter_misc":{"Tempo estimado de leitura":"1 minuto"},"schema":{"@context":"https:\/\/schema.org","@graph":[{"@type":"WebPage","@id":"https:\/\/motoleonardo.com\/?product=puig-farois-led-auxiliares-trail-homologados","url":"https:\/\/motoleonardo.com\/?product=puig-farois-led-auxiliares-trail-homologados","name":"PUIG Far\u00f3is LED Auxiliares Trail Homologados - Moto Leonardo","isPartOf":{"@id":"https:\/\/motoleonardo.com\/#website"},"primaryImageOfPage":{"@id":"https:\/\/motoleonardo.com\/?product=puig-farois-led-auxiliares-trail-homologados#primaryimage"},"image":{"@id":"https:\/\/motoleonardo.com\/?product=puig-farois-led-auxiliares-trail-homologados#primaryimage"},"thumbnailUrl":"https:\/\/i0.wp.com\/motoleonardo.com\/wp-content\/uploads\/2024\/04\/puig-farois-3489N.jpg?fit=544%2C544&ssl=1","datePublished":"2024-04-17T14:18:22+00:00","dateModified":"2025-11-07T15:48:17+00:00","breadcrumb":{"@id":"https:\/\/motoleonardo.com\/?product=puig-farois-led-auxiliares-trail-homologados#breadcrumb"},"inLanguage":"pt-PT","potentialAction":[{"@type":"ReadAction","target":["https:\/\/motoleonardo.com\/?product=puig-farois-led-auxiliares-trail-homologados"]}]},{"@type":"ImageObject","inLanguage":"pt-PT","@id":"https:\/\/motoleonardo.com\/?product=puig-farois-led-auxiliares-trail-homologados#primaryimage","url":"https:\/\/i0.wp.com\/motoleonardo.com\/wp-content\/uploads\/2024\/04\/puig-farois-3489N.jpg?fit=544%2C544&ssl=1","contentUrl":"https:\/\/i0.wp.com\/motoleonardo.com\/wp-content\/uploads\/2024\/04\/puig-farois-3489N.jpg?fit=544%2C544&ssl=1","width":544,"height":544},{"@type":"BreadcrumbList","@id":"https:\/\/motoleonardo.com\/?product=puig-farois-led-auxiliares-trail-homologados#breadcrumb","itemListElement":[{"@type":"ListItem","position":1,"name":"In\u00edcio","item":"https:\/\/motoleonardo.com\/"},{"@type":"ListItem","position":2,"name":"Todas Categorias","item":"https:\/\/motoleonardo.com\/?page_id=252"},{"@type":"ListItem","position":3,"name":"PUIG Far\u00f3is LED Auxiliares Trail Homologados"}]},{"@type":"WebSite","@id":"https:\/\/motoleonardo.com\/#website","url":"https:\/\/motoleonardo.com\/","name":"Moto Leonardo","description":"Motas Novas e Usadas - Oficina Multimarcas - Pe\u00e7as, Acess\u00f3rios e Equipamento","publisher":{"@id":"https:\/\/motoleonardo.com\/#organization"},"potentialAction":[{"@type":"SearchAction","target":{"@type":"EntryPoint","urlTemplate":"https:\/\/motoleonardo.com\/?s={search_term_string}"},"query-input":{"@type":"PropertyValueSpecification","valueRequired":true,"valueName":"search_term_string"}}],"inLanguage":"pt-PT"},{"@type":"Organization","@id":"https:\/\/motoleonardo.com\/#organization","name":"Moto Leonardo","url":"https:\/\/motoleonardo.com\/","logo":{"@type":"ImageObject","inLanguage":"pt-PT","@id":"https:\/\/motoleonardo.com\/#\/schema\/logo\/image\/","url":"https:\/\/i0.wp.com\/motoleonardo.com\/wp-content\/uploads\/2022\/10\/cropped-Professional-Initial-Letter-Typography-Logo.png?fit=512%2C512&ssl=1","contentUrl":"https:\/\/i0.wp.com\/motoleonardo.com\/wp-content\/uploads\/2022\/10\/cropped-Professional-Initial-Letter-Typography-Logo.png?fit=512%2C512&ssl=1","width":512,"height":512,"caption":"Moto Leonardo"},"image":{"@id":"https:\/\/motoleonardo.com\/#\/schema\/logo\/image\/"},"sameAs":["https:\/\/www.facebook.com\/motoleonardopt","https:\/\/www.instagram.com\/moto_leonardo\/"]}]}},"jetpack_sharing_enabled":true,"_links":{"self":[{"href":"https:\/\/motoleonardo.com\/index.php?rest_route=\/wp\/v2\/product\/5366","targetHints":{"allow":["GET"]}}],"collection":[{"href":"https:\/\/motoleonardo.com\/index.php?rest_route=\/wp\/v2\/product"}],"about":[{"href":"https:\/\/motoleonardo.com\/index.php?rest_route=\/wp\/v2\/types\/product"}],"wp:featuredmedia":[{"embeddable":true,"href":"https:\/\/motoleonardo.com\/index.php?rest_route=\/wp\/v2\/media\/5368"}],"wp:attachment":[{"href":"https:\/\/motoleonardo.com\/index.php?rest_route=%2Fwp%2Fv2%2Fmedia&parent=5366"}],"wp:term":[{"taxonomy":"product_brand","embeddable":true,"href":"https:\/\/motoleonardo.com\/index.php?rest_route=%2Fwp%2Fv2%2Fproduct_brand&post=5366"},{"taxonomy":"product_cat","embeddable":true,"href":"https:\/\/motoleonardo.com\/index.php?rest_route=%2Fwp%2Fv2%2Fproduct_cat&post=5366"},{"taxonomy":"product_tag","embeddable":true,"href":"https:\/\/motoleonardo.com\/index.php?rest_route=%2Fwp%2Fv2%2Fproduct_tag&post=5366"}],"curies":[{"name":"wp","href":"https:\/\/api.w.org\/{rel}","templated":true}]}}