{"id":5428,"date":"2024-07-17T22:56:16","date_gmt":"2024-07-17T22:56:16","guid":{"rendered":"https:\/\/motoleonardo.com\/?post_type=product&#038;p=5428"},"modified":"2024-07-17T22:58:00","modified_gmt":"2024-07-17T22:58:00","slug":"muc-off-spray-foam-fresh-limpeza-e-higienizacao-capacete-e-equipamento-400-ml","status":"publish","type":"product","link":"https:\/\/motoleonardo.com\/?product=muc-off-spray-foam-fresh-limpeza-e-higienizacao-capacete-e-equipamento-400-ml","title":{"rendered":"Muc-Off Spray Foam Fresh limpeza e higieniza\u00e7\u00e3o capacete e equipamento 400 ml"},"content":{"rendered":"<p>Limpador espuma Muc-Off Foam Fresh para capacete e equipamento de 400 ml<br \/>\nA solu\u00e7\u00e3o de limpeza ideal para o seu capacete. Com o Limpador espuma Muc-Off Foam Fresh para capacete spray 400 ml o seu capacete ficar\u00e1 n\u00e3o s\u00f3 a brilhar, como tamb\u00e9m com um cheiroso aroma c\u00edtrico.<\/p>\n<p>Com o seu forte poder de limpeza, limpa e refresca o interior do capacete, prote\u00e7\u00f5es de desporto, dorsais, e at\u00e9 o interior do seu cal\u00e7ado.<\/p>\n<p>Conjugue os restantes produtos Muc-off para os melhores resultados.<\/p>\n<p><strong>Caracter\u00edsticas:<\/strong><\/p>\n<ul>\n<li>F\u00f3rmula de espuma exclusiva.<\/li>\n<li>Elimina a sujidade do interior de todo o tipo de roupa e do forro do capacete.<\/li>\n<li>Adequado para botas, luvas e capacetes<\/li>\n<li>Antibacteriano<\/li>\n<li>Com aroma c\u00edtrico<\/li>\n<\/ul>\n","protected":false},"excerpt":{"rendered":"<p>Limpador espuma Muc-Off Foam Fresh para capacete e equipamento de 400 ml A solu\u00e7\u00e3o de limpeza ideal para o seu capacete. Com o Limpador espuma Muc-Off Foam Fresh para capacete spray 400 ml o seu capacete ficar\u00e1 n\u00e3o s\u00f3 a brilhar, como tamb\u00e9m com um cheiroso aroma c\u00edtrico. Com o seu forte poder de limpeza, limpa e refresca o interior do capacete, prote\u00e7\u00f5es de desporto, dorsais, e at\u00e9 o interior do seu cal\u00e7ado. Conjugue os restantes produtos Muc-off para os melhores resultados. Caracter\u00edsticas: F\u00f3rmula de espuma exclusiva. Elimina a sujidade do interior de todo o tipo de roupa e do forro do capacete. Adequado para botas, luvas e capacetes Antibacteriano Com aroma c\u00edtrico<\/p>\n","protected":false},"featured_media":5429,"template":"","meta":{"ocean_post_layout":"","ocean_both_sidebars_style":"","ocean_both_sidebars_content_width":0,"ocean_both_sidebars_sidebars_width":0,"ocean_sidebar":"0","ocean_second_sidebar":"0","ocean_disable_margins":"enable","ocean_add_body_class":"","ocean_shortcode_before_top_bar":"","ocean_shortcode_after_top_bar":"","ocean_shortcode_before_header":"","ocean_shortcode_after_header":"","ocean_has_shortcode":"","ocean_shortcode_after_title":"","ocean_shortcode_before_footer_widgets":"","ocean_shortcode_after_footer_widgets":"","ocean_shortcode_before_footer_bottom":"","ocean_shortcode_after_footer_bottom":"","ocean_display_top_bar":"default","ocean_display_header":"default","ocean_header_style":"","ocean_center_header_left_menu":"0","ocean_custom_header_template":"0","ocean_custom_logo":0,"ocean_custom_retina_logo":0,"ocean_custom_logo_max_width":0,"ocean_custom_logo_tablet_max_width":0,"ocean_custom_logo_mobile_max_width":0,"ocean_custom_logo_max_height":0,"ocean_custom_logo_tablet_max_height":0,"ocean_custom_logo_mobile_max_height":0,"ocean_header_custom_menu":"0","ocean_menu_typo_font_family":"0","ocean_menu_typo_font_subset":"","ocean_menu_typo_font_size":0,"ocean_menu_typo_font_size_tablet":0,"ocean_menu_typo_font_size_mobile":0,"ocean_menu_typo_font_size_unit":"px","ocean_menu_typo_font_weight":"","ocean_menu_typo_font_weight_tablet":"","ocean_menu_typo_font_weight_mobile":"","ocean_menu_typo_transform":"","ocean_menu_typo_transform_tablet":"","ocean_menu_typo_transform_mobile":"","ocean_menu_typo_line_height":0,"ocean_menu_typo_line_height_tablet":0,"ocean_menu_typo_line_height_mobile":0,"ocean_menu_typo_line_height_unit":"","ocean_menu_typo_spacing":0,"ocean_menu_typo_spacing_tablet":0,"ocean_menu_typo_spacing_mobile":0,"ocean_menu_typo_spacing_unit":"","ocean_menu_link_color":"","ocean_menu_link_color_hover":"","ocean_menu_link_color_active":"","ocean_menu_link_background":"","ocean_menu_link_hover_background":"","ocean_menu_link_active_background":"","ocean_menu_social_links_bg":"","ocean_menu_social_hover_links_bg":"","ocean_menu_social_links_color":"","ocean_menu_social_hover_links_color":"","ocean_disable_title":"default","ocean_disable_heading":"default","ocean_post_title":"","ocean_post_subheading":"","ocean_post_title_style":"","ocean_post_title_background_color":"","ocean_post_title_background":0,"ocean_post_title_bg_image_position":"","ocean_post_title_bg_image_attachment":"","ocean_post_title_bg_image_repeat":"","ocean_post_title_bg_image_size":"","ocean_post_title_height":0,"ocean_post_title_bg_overlay":0.5,"ocean_post_title_bg_overlay_color":"","ocean_disable_breadcrumbs":"default","ocean_breadcrumbs_color":"","ocean_breadcrumbs_separator_color":"","ocean_breadcrumbs_links_color":"","ocean_breadcrumbs_links_hover_color":"","ocean_display_footer_widgets":"default","ocean_display_footer_bottom":"default","ocean_custom_footer_template":"0","omw_enable_modal_window":"enable"},"product_brand":[],"product_cat":[389,125,26,35,33,34,364,68],"product_tag":[130,661,663,664,662,124,493,112],"class_list":{"0":"post-5428","1":"product","2":"type-product","3":"status-publish","4":"has-post-thumbnail","6":"product_cat-acessorios-capacete","7":"product_cat-aditivos-limpeza-e-tratamento","8":"product_cat-capacetes","9":"product_cat-capacetes-abertos","10":"product_cat-capacetes-integrais","11":"product_cat-capacetes-modulares","12":"product_cat-off-road","13":"product_cat-manutencao","14":"product_tag-capacete","15":"product_tag-desinfetante","16":"product_tag-equipamento","17":"product_tag-foam-fresh","18":"product_tag-higienizacao","19":"product_tag-limpeza","20":"product_tag-muc-off","21":"product_tag-spray","23":"entry","24":"has-media","26":"first","27":"instock","28":"shipping-taxable","29":"purchasable","30":"product-type-simple","31":"has-product-nav","32":"col","33":"span_1_of_4","34":"owp-content-right","35":"owp-thumbs-layout-horizontal","36":"owp-btn-normal","37":"owp-tabs-layout-horizontal","38":"has-no-thumbnails"},"yoast_head":"<!-- This site is optimized with the Yoast SEO plugin v27.3 - https:\/\/yoast.com\/product\/yoast-seo-wordpress\/ -->\n<title>Muc-Off Spray Foam Fresh limpeza e higieniza\u00e7\u00e3o capacete e equipamento 400 ml - Moto Leonardo<\/title>\n<meta name=\"robots\" content=\"index, follow, max-snippet:-1, max-image-preview:large, max-video-preview:-1\" \/>\n<link rel=\"canonical\" href=\"https:\/\/motoleonardo.com\/?product=muc-off-spray-foam-fresh-limpeza-e-higienizacao-capacete-e-equipamento-400-ml\" \/>\n<meta property=\"og:locale\" content=\"pt_PT\" \/>\n<meta property=\"og:type\" content=\"article\" \/>\n<meta property=\"og:title\" content=\"Muc-Off Spray Foam Fresh limpeza e higieniza\u00e7\u00e3o capacete e equipamento 400 ml - Moto Leonardo\" \/>\n<meta property=\"og:description\" content=\"Limpador espuma Muc-Off Foam Fresh para capacete e equipamento de 400 ml A solu\u00e7\u00e3o de limpeza ideal para o seu capacete. Com o Limpador espuma Muc-Off Foam Fresh para capacete spray 400 ml o seu capacete ficar\u00e1 n\u00e3o s\u00f3 a brilhar, como tamb\u00e9m com um cheiroso aroma c\u00edtrico. Com o seu forte poder de limpeza, limpa e refresca o interior do capacete, prote\u00e7\u00f5es de desporto, dorsais, e at\u00e9 o interior do seu cal\u00e7ado. Conjugue os restantes produtos Muc-off para os melhores resultados. Caracter\u00edsticas: F\u00f3rmula de espuma exclusiva. Elimina a sujidade do interior de todo o tipo de roupa e do forro do capacete. Adequado para botas, luvas e capacetes Antibacteriano Com aroma c\u00edtrico\" \/>\n<meta property=\"og:url\" content=\"https:\/\/motoleonardo.com\/?product=muc-off-spray-foam-fresh-limpeza-e-higienizacao-capacete-e-equipamento-400-ml\" \/>\n<meta property=\"og:site_name\" content=\"Moto Leonardo\" \/>\n<meta property=\"article:publisher\" content=\"https:\/\/www.facebook.com\/motoleonardopt\" \/>\n<meta property=\"article:modified_time\" content=\"2024-07-17T22:58:00+00:00\" \/>\n<meta property=\"og:image\" content=\"https:\/\/i0.wp.com\/motoleonardo.com\/wp-content\/uploads\/2024\/07\/muc-off-fresh-foam.jpeg?fit=800%2C796&ssl=1\" \/>\n\t<meta property=\"og:image:width\" content=\"800\" \/>\n\t<meta property=\"og:image:height\" content=\"796\" \/>\n\t<meta property=\"og:image:type\" content=\"image\/jpeg\" \/>\n<meta name=\"twitter:card\" content=\"summary_large_image\" \/>\n<meta name=\"twitter:label1\" content=\"Tempo estimado de leitura\" \/>\n\t<meta name=\"twitter:data1\" content=\"1 minuto\" \/>\n<script type=\"application\/ld+json\" class=\"yoast-schema-graph\">{\"@context\":\"https:\\\/\\\/schema.org\",\"@graph\":[{\"@type\":\"WebPage\",\"@id\":\"https:\\\/\\\/motoleonardo.com\\\/?product=muc-off-spray-foam-fresh-limpeza-e-higienizacao-capacete-e-equipamento-400-ml\",\"url\":\"https:\\\/\\\/motoleonardo.com\\\/?product=muc-off-spray-foam-fresh-limpeza-e-higienizacao-capacete-e-equipamento-400-ml\",\"name\":\"Muc-Off Spray Foam Fresh limpeza e higieniza\u00e7\u00e3o capacete e equipamento 400 ml - Moto Leonardo\",\"isPartOf\":{\"@id\":\"https:\\\/\\\/motoleonardo.com\\\/#website\"},\"primaryImageOfPage\":{\"@id\":\"https:\\\/\\\/motoleonardo.com\\\/?product=muc-off-spray-foam-fresh-limpeza-e-higienizacao-capacete-e-equipamento-400-ml#primaryimage\"},\"image\":{\"@id\":\"https:\\\/\\\/motoleonardo.com\\\/?product=muc-off-spray-foam-fresh-limpeza-e-higienizacao-capacete-e-equipamento-400-ml#primaryimage\"},\"thumbnailUrl\":\"https:\\\/\\\/i0.wp.com\\\/motoleonardo.com\\\/wp-content\\\/uploads\\\/2024\\\/07\\\/muc-off-fresh-foam.jpeg?fit=800%2C796&ssl=1\",\"datePublished\":\"2024-07-17T22:56:16+00:00\",\"dateModified\":\"2024-07-17T22:58:00+00:00\",\"breadcrumb\":{\"@id\":\"https:\\\/\\\/motoleonardo.com\\\/?product=muc-off-spray-foam-fresh-limpeza-e-higienizacao-capacete-e-equipamento-400-ml#breadcrumb\"},\"inLanguage\":\"pt-PT\",\"potentialAction\":[{\"@type\":\"ReadAction\",\"target\":[\"https:\\\/\\\/motoleonardo.com\\\/?product=muc-off-spray-foam-fresh-limpeza-e-higienizacao-capacete-e-equipamento-400-ml\"]}]},{\"@type\":\"ImageObject\",\"inLanguage\":\"pt-PT\",\"@id\":\"https:\\\/\\\/motoleonardo.com\\\/?product=muc-off-spray-foam-fresh-limpeza-e-higienizacao-capacete-e-equipamento-400-ml#primaryimage\",\"url\":\"https:\\\/\\\/i0.wp.com\\\/motoleonardo.com\\\/wp-content\\\/uploads\\\/2024\\\/07\\\/muc-off-fresh-foam.jpeg?fit=800%2C796&ssl=1\",\"contentUrl\":\"https:\\\/\\\/i0.wp.com\\\/motoleonardo.com\\\/wp-content\\\/uploads\\\/2024\\\/07\\\/muc-off-fresh-foam.jpeg?fit=800%2C796&ssl=1\",\"width\":800,\"height\":796},{\"@type\":\"BreadcrumbList\",\"@id\":\"https:\\\/\\\/motoleonardo.com\\\/?product=muc-off-spray-foam-fresh-limpeza-e-higienizacao-capacete-e-equipamento-400-ml#breadcrumb\",\"itemListElement\":[{\"@type\":\"ListItem\",\"position\":1,\"name\":\"In\u00edcio\",\"item\":\"https:\\\/\\\/motoleonardo.com\\\/\"},{\"@type\":\"ListItem\",\"position\":2,\"name\":\"Todas Categorias\",\"item\":\"https:\\\/\\\/motoleonardo.com\\\/?page_id=252\"},{\"@type\":\"ListItem\",\"position\":3,\"name\":\"Muc-Off Spray Foam Fresh limpeza e higieniza\u00e7\u00e3o capacete e equipamento 400 ml\"}]},{\"@type\":\"WebSite\",\"@id\":\"https:\\\/\\\/motoleonardo.com\\\/#website\",\"url\":\"https:\\\/\\\/motoleonardo.com\\\/\",\"name\":\"Moto Leonardo\",\"description\":\"Motas Novas e Usadas - Oficina Multimarcas - Pe\u00e7as, Acess\u00f3rios e Equipamento\",\"publisher\":{\"@id\":\"https:\\\/\\\/motoleonardo.com\\\/#organization\"},\"potentialAction\":[{\"@type\":\"SearchAction\",\"target\":{\"@type\":\"EntryPoint\",\"urlTemplate\":\"https:\\\/\\\/motoleonardo.com\\\/?s={search_term_string}\"},\"query-input\":{\"@type\":\"PropertyValueSpecification\",\"valueRequired\":true,\"valueName\":\"search_term_string\"}}],\"inLanguage\":\"pt-PT\"},{\"@type\":\"Organization\",\"@id\":\"https:\\\/\\\/motoleonardo.com\\\/#organization\",\"name\":\"Moto Leonardo\",\"url\":\"https:\\\/\\\/motoleonardo.com\\\/\",\"logo\":{\"@type\":\"ImageObject\",\"inLanguage\":\"pt-PT\",\"@id\":\"https:\\\/\\\/motoleonardo.com\\\/#\\\/schema\\\/logo\\\/image\\\/\",\"url\":\"https:\\\/\\\/i0.wp.com\\\/motoleonardo.com\\\/wp-content\\\/uploads\\\/2022\\\/10\\\/cropped-Professional-Initial-Letter-Typography-Logo.png?fit=512%2C512&ssl=1\",\"contentUrl\":\"https:\\\/\\\/i0.wp.com\\\/motoleonardo.com\\\/wp-content\\\/uploads\\\/2022\\\/10\\\/cropped-Professional-Initial-Letter-Typography-Logo.png?fit=512%2C512&ssl=1\",\"width\":512,\"height\":512,\"caption\":\"Moto Leonardo\"},\"image\":{\"@id\":\"https:\\\/\\\/motoleonardo.com\\\/#\\\/schema\\\/logo\\\/image\\\/\"},\"sameAs\":[\"https:\\\/\\\/www.facebook.com\\\/motoleonardopt\",\"https:\\\/\\\/www.instagram.com\\\/moto_leonardo\\\/\"]}]}<\/script>\n<!-- \/ Yoast SEO plugin. -->","yoast_head_json":{"title":"Muc-Off Spray Foam Fresh limpeza e higieniza\u00e7\u00e3o capacete e equipamento 400 ml - Moto Leonardo","robots":{"index":"index","follow":"follow","max-snippet":"max-snippet:-1","max-image-preview":"max-image-preview:large","max-video-preview":"max-video-preview:-1"},"canonical":"https:\/\/motoleonardo.com\/?product=muc-off-spray-foam-fresh-limpeza-e-higienizacao-capacete-e-equipamento-400-ml","og_locale":"pt_PT","og_type":"article","og_title":"Muc-Off Spray Foam Fresh limpeza e higieniza\u00e7\u00e3o capacete e equipamento 400 ml - Moto Leonardo","og_description":"Limpador espuma Muc-Off Foam Fresh para capacete e equipamento de 400 ml A solu\u00e7\u00e3o de limpeza ideal para o seu capacete. Com o Limpador espuma Muc-Off Foam Fresh para capacete spray 400 ml o seu capacete ficar\u00e1 n\u00e3o s\u00f3 a brilhar, como tamb\u00e9m com um cheiroso aroma c\u00edtrico. Com o seu forte poder de limpeza, limpa e refresca o interior do capacete, prote\u00e7\u00f5es de desporto, dorsais, e at\u00e9 o interior do seu cal\u00e7ado. Conjugue os restantes produtos Muc-off para os melhores resultados. Caracter\u00edsticas: F\u00f3rmula de espuma exclusiva. Elimina a sujidade do interior de todo o tipo de roupa e do forro do capacete. Adequado para botas, luvas e capacetes Antibacteriano Com aroma c\u00edtrico","og_url":"https:\/\/motoleonardo.com\/?product=muc-off-spray-foam-fresh-limpeza-e-higienizacao-capacete-e-equipamento-400-ml","og_site_name":"Moto Leonardo","article_publisher":"https:\/\/www.facebook.com\/motoleonardopt","article_modified_time":"2024-07-17T22:58:00+00:00","og_image":[{"width":800,"height":796,"url":"https:\/\/i0.wp.com\/motoleonardo.com\/wp-content\/uploads\/2024\/07\/muc-off-fresh-foam.jpeg?fit=800%2C796&ssl=1","type":"image\/jpeg"}],"twitter_card":"summary_large_image","twitter_misc":{"Tempo estimado de leitura":"1 minuto"},"schema":{"@context":"https:\/\/schema.org","@graph":[{"@type":"WebPage","@id":"https:\/\/motoleonardo.com\/?product=muc-off-spray-foam-fresh-limpeza-e-higienizacao-capacete-e-equipamento-400-ml","url":"https:\/\/motoleonardo.com\/?product=muc-off-spray-foam-fresh-limpeza-e-higienizacao-capacete-e-equipamento-400-ml","name":"Muc-Off Spray Foam Fresh limpeza e higieniza\u00e7\u00e3o capacete e equipamento 400 ml - Moto Leonardo","isPartOf":{"@id":"https:\/\/motoleonardo.com\/#website"},"primaryImageOfPage":{"@id":"https:\/\/motoleonardo.com\/?product=muc-off-spray-foam-fresh-limpeza-e-higienizacao-capacete-e-equipamento-400-ml#primaryimage"},"image":{"@id":"https:\/\/motoleonardo.com\/?product=muc-off-spray-foam-fresh-limpeza-e-higienizacao-capacete-e-equipamento-400-ml#primaryimage"},"thumbnailUrl":"https:\/\/i0.wp.com\/motoleonardo.com\/wp-content\/uploads\/2024\/07\/muc-off-fresh-foam.jpeg?fit=800%2C796&ssl=1","datePublished":"2024-07-17T22:56:16+00:00","dateModified":"2024-07-17T22:58:00+00:00","breadcrumb":{"@id":"https:\/\/motoleonardo.com\/?product=muc-off-spray-foam-fresh-limpeza-e-higienizacao-capacete-e-equipamento-400-ml#breadcrumb"},"inLanguage":"pt-PT","potentialAction":[{"@type":"ReadAction","target":["https:\/\/motoleonardo.com\/?product=muc-off-spray-foam-fresh-limpeza-e-higienizacao-capacete-e-equipamento-400-ml"]}]},{"@type":"ImageObject","inLanguage":"pt-PT","@id":"https:\/\/motoleonardo.com\/?product=muc-off-spray-foam-fresh-limpeza-e-higienizacao-capacete-e-equipamento-400-ml#primaryimage","url":"https:\/\/i0.wp.com\/motoleonardo.com\/wp-content\/uploads\/2024\/07\/muc-off-fresh-foam.jpeg?fit=800%2C796&ssl=1","contentUrl":"https:\/\/i0.wp.com\/motoleonardo.com\/wp-content\/uploads\/2024\/07\/muc-off-fresh-foam.jpeg?fit=800%2C796&ssl=1","width":800,"height":796},{"@type":"BreadcrumbList","@id":"https:\/\/motoleonardo.com\/?product=muc-off-spray-foam-fresh-limpeza-e-higienizacao-capacete-e-equipamento-400-ml#breadcrumb","itemListElement":[{"@type":"ListItem","position":1,"name":"In\u00edcio","item":"https:\/\/motoleonardo.com\/"},{"@type":"ListItem","position":2,"name":"Todas Categorias","item":"https:\/\/motoleonardo.com\/?page_id=252"},{"@type":"ListItem","position":3,"name":"Muc-Off Spray Foam Fresh limpeza e higieniza\u00e7\u00e3o capacete e equipamento 400 ml"}]},{"@type":"WebSite","@id":"https:\/\/motoleonardo.com\/#website","url":"https:\/\/motoleonardo.com\/","name":"Moto Leonardo","description":"Motas Novas e Usadas - Oficina Multimarcas - Pe\u00e7as, Acess\u00f3rios e Equipamento","publisher":{"@id":"https:\/\/motoleonardo.com\/#organization"},"potentialAction":[{"@type":"SearchAction","target":{"@type":"EntryPoint","urlTemplate":"https:\/\/motoleonardo.com\/?s={search_term_string}"},"query-input":{"@type":"PropertyValueSpecification","valueRequired":true,"valueName":"search_term_string"}}],"inLanguage":"pt-PT"},{"@type":"Organization","@id":"https:\/\/motoleonardo.com\/#organization","name":"Moto Leonardo","url":"https:\/\/motoleonardo.com\/","logo":{"@type":"ImageObject","inLanguage":"pt-PT","@id":"https:\/\/motoleonardo.com\/#\/schema\/logo\/image\/","url":"https:\/\/i0.wp.com\/motoleonardo.com\/wp-content\/uploads\/2022\/10\/cropped-Professional-Initial-Letter-Typography-Logo.png?fit=512%2C512&ssl=1","contentUrl":"https:\/\/i0.wp.com\/motoleonardo.com\/wp-content\/uploads\/2022\/10\/cropped-Professional-Initial-Letter-Typography-Logo.png?fit=512%2C512&ssl=1","width":512,"height":512,"caption":"Moto Leonardo"},"image":{"@id":"https:\/\/motoleonardo.com\/#\/schema\/logo\/image\/"},"sameAs":["https:\/\/www.facebook.com\/motoleonardopt","https:\/\/www.instagram.com\/moto_leonardo\/"]}]}},"jetpack_sharing_enabled":true,"_links":{"self":[{"href":"https:\/\/motoleonardo.com\/index.php?rest_route=\/wp\/v2\/product\/5428","targetHints":{"allow":["GET"]}}],"collection":[{"href":"https:\/\/motoleonardo.com\/index.php?rest_route=\/wp\/v2\/product"}],"about":[{"href":"https:\/\/motoleonardo.com\/index.php?rest_route=\/wp\/v2\/types\/product"}],"wp:featuredmedia":[{"embeddable":true,"href":"https:\/\/motoleonardo.com\/index.php?rest_route=\/wp\/v2\/media\/5429"}],"wp:attachment":[{"href":"https:\/\/motoleonardo.com\/index.php?rest_route=%2Fwp%2Fv2%2Fmedia&parent=5428"}],"wp:term":[{"taxonomy":"product_brand","embeddable":true,"href":"https:\/\/motoleonardo.com\/index.php?rest_route=%2Fwp%2Fv2%2Fproduct_brand&post=5428"},{"taxonomy":"product_cat","embeddable":true,"href":"https:\/\/motoleonardo.com\/index.php?rest_route=%2Fwp%2Fv2%2Fproduct_cat&post=5428"},{"taxonomy":"product_tag","embeddable":true,"href":"https:\/\/motoleonardo.com\/index.php?rest_route=%2Fwp%2Fv2%2Fproduct_tag&post=5428"}],"curies":[{"name":"wp","href":"https:\/\/api.w.org\/{rel}","templated":true}]}}