{"id":5669,"date":"2024-10-07T17:49:36","date_gmt":"2024-10-07T17:49:36","guid":{"rendered":"https:\/\/motoleonardo.com\/?post_type=product&#038;p=5669"},"modified":"2024-10-07T17:50:26","modified_gmt":"2024-10-07T17:50:26","slug":"quad-lock-pro-suporte-para-smartphone","status":"publish","type":"product","link":"https:\/\/motoleonardo.com\/?product=quad-lock-pro-suporte-para-smartphone","title":{"rendered":"QUAD LOCK PRO &#8211; Suporte para smartphone"},"content":{"rendered":"<p>Os suportes de guiador\u00a0<strong>Quad Lock\u00ae<\/strong>\u00a0s\u00e3o os melhores suportes de smartphone para motociclos. Com op\u00e7\u00f5es para barras padr\u00e3o e grandes, al\u00e9m de v\u00e1rias op\u00e7\u00f5es de acabamento dispon\u00edveis, para que possa combinar perfeitamente com a sua mota.<\/p>\n<p><strong>MONTAGEM SEGURA<\/strong><br \/>\nO nosso bloqueio patenteado de dupla fase significa que pode conduzir com confian\u00e7a, sabendo que o seu smartphone ficar\u00e1 seguro na sua mota.<\/p>\n<p><strong>R\u00c1PIDO DE FIXAR\/DESLIGAR<\/strong><br \/>\nBasta rodar e bloquear num s\u00f3 movimento para fixar o smartphone ao guiador e ver a navega\u00e7\u00e3o GPS enquanto pedala.<\/p>\n<p><strong>DESIGN ELEGANTE<\/strong><br \/>\nN\u00e3o comprometa a est\u00e9tica da sua bicicleta. O design elegante de todos os suportes Quad Lock\u00ae integra-se perfeitamente no guiador da sua bicicleta.<\/p>\n<p>E com a escolha do acabamento, combinar o seu suporte com a sua mota nunca foi t\u00e3o f\u00e1cil. Selecione entre nylon preto com enchimento de vidro, alum\u00ednio preto ou cromado.<\/p>\n<p>Adicione uma alavanca colorida para dar estilo ao seu suporte Quad Lock\u00ae Out Front Mount ou Out Front Mount PRO \u00e0 sua moto.<\/p>\n","protected":false},"excerpt":{"rendered":"<p>Os suportes de guiador\u00a0Quad Lock\u00ae\u00a0s\u00e3o os melhores suportes de smartphone para motociclos. Com op\u00e7\u00f5es para barras padr\u00e3o e grandes, al\u00e9m de v\u00e1rias op\u00e7\u00f5es de acabamento dispon\u00edveis, para que possa combinar perfeitamente com a sua mota. MONTAGEM SEGURA O nosso bloqueio patenteado de dupla fase significa que pode conduzir com confian\u00e7a, sabendo que o seu smartphone ficar\u00e1 seguro na sua mota. R\u00c1PIDO DE FIXAR\/DESLIGAR Basta rodar e bloquear num s\u00f3 movimento para fixar o smartphone ao guiador e ver a navega\u00e7\u00e3o GPS enquanto pedala. DESIGN ELEGANTE N\u00e3o comprometa a est\u00e9tica da sua bicicleta. O design elegante de todos os suportes Quad Lock\u00ae integra-se perfeitamente no guiador da sua bicicleta. E com a escolha do acabamento, combinar o seu suporte com a sua mota nunca foi t\u00e3o f\u00e1cil. Selecione entre nylon preto com enchimento de vidro, alum\u00ednio preto ou cromado. Adicione uma alavanca colorida para dar estilo ao seu suporte Quad Lock\u00ae Out Front Mount ou Out Front Mount PRO \u00e0 sua moto.<\/p>\n","protected":false},"featured_media":5670,"template":"","meta":{"ocean_post_layout":"","ocean_both_sidebars_style":"","ocean_both_sidebars_content_width":0,"ocean_both_sidebars_sidebars_width":0,"ocean_sidebar":"0","ocean_second_sidebar":"0","ocean_disable_margins":"enable","ocean_add_body_class":"","ocean_shortcode_before_top_bar":"","ocean_shortcode_after_top_bar":"","ocean_shortcode_before_header":"","ocean_shortcode_after_header":"","ocean_has_shortcode":"","ocean_shortcode_after_title":"","ocean_shortcode_before_footer_widgets":"","ocean_shortcode_after_footer_widgets":"","ocean_shortcode_before_footer_bottom":"","ocean_shortcode_after_footer_bottom":"","ocean_display_top_bar":"default","ocean_display_header":"default","ocean_header_style":"","ocean_center_header_left_menu":"0","ocean_custom_header_template":"0","ocean_custom_logo":0,"ocean_custom_retina_logo":0,"ocean_custom_logo_max_width":0,"ocean_custom_logo_tablet_max_width":0,"ocean_custom_logo_mobile_max_width":0,"ocean_custom_logo_max_height":0,"ocean_custom_logo_tablet_max_height":0,"ocean_custom_logo_mobile_max_height":0,"ocean_header_custom_menu":"0","ocean_menu_typo_font_family":"0","ocean_menu_typo_font_subset":"","ocean_menu_typo_font_size":0,"ocean_menu_typo_font_size_tablet":0,"ocean_menu_typo_font_size_mobile":0,"ocean_menu_typo_font_size_unit":"px","ocean_menu_typo_font_weight":"","ocean_menu_typo_font_weight_tablet":"","ocean_menu_typo_font_weight_mobile":"","ocean_menu_typo_transform":"","ocean_menu_typo_transform_tablet":"","ocean_menu_typo_transform_mobile":"","ocean_menu_typo_line_height":0,"ocean_menu_typo_line_height_tablet":0,"ocean_menu_typo_line_height_mobile":0,"ocean_menu_typo_line_height_unit":"","ocean_menu_typo_spacing":0,"ocean_menu_typo_spacing_tablet":0,"ocean_menu_typo_spacing_mobile":0,"ocean_menu_typo_spacing_unit":"","ocean_menu_link_color":"","ocean_menu_link_color_hover":"","ocean_menu_link_color_active":"","ocean_menu_link_background":"","ocean_menu_link_hover_background":"","ocean_menu_link_active_background":"","ocean_menu_social_links_bg":"","ocean_menu_social_hover_links_bg":"","ocean_menu_social_links_color":"","ocean_menu_social_hover_links_color":"","ocean_disable_title":"default","ocean_disable_heading":"default","ocean_post_title":"","ocean_post_subheading":"","ocean_post_title_style":"","ocean_post_title_background_color":"","ocean_post_title_background":0,"ocean_post_title_bg_image_position":"","ocean_post_title_bg_image_attachment":"","ocean_post_title_bg_image_repeat":"","ocean_post_title_bg_image_size":"","ocean_post_title_height":0,"ocean_post_title_bg_overlay":0.5,"ocean_post_title_bg_overlay_color":"","ocean_disable_breadcrumbs":"default","ocean_breadcrumbs_color":"","ocean_breadcrumbs_separator_color":"","ocean_breadcrumbs_links_color":"","ocean_breadcrumbs_links_hover_color":"","ocean_display_footer_widgets":"default","ocean_display_footer_bottom":"default","ocean_custom_footer_template":"0","omw_enable_modal_window":"enable"},"product_brand":[],"product_cat":[312,50,54],"product_tag":[696,701,691,700,695,699,697,612],"class_list":{"0":"post-5669","1":"product","2":"type-product","3":"status-publish","4":"has-post-thumbnail","6":"product_cat-kits-viagem-e-reparacao","7":"product_cat-acessorios","8":"product_cat-suportes","9":"product_tag-handlebar-mount","10":"product_tag-pro","11":"product_tag-quad-lock","12":"product_tag-quad-lock-pro","13":"product_tag-quadlock","14":"product_tag-smartphone","15":"product_tag-suporte-guiador","16":"product_tag-telemovel","18":"entry","19":"has-media","21":"first","22":"onbackorder","23":"shipping-taxable","24":"purchasable","25":"product-type-simple","26":"has-product-nav","27":"col","28":"span_1_of_4","29":"owp-content-right","30":"owp-thumbs-layout-horizontal","31":"owp-btn-normal","32":"owp-tabs-layout-horizontal","33":"has-no-thumbnails"},"yoast_head":"<!-- This site is optimized with the Yoast SEO plugin v27.4 - https:\/\/yoast.com\/product\/yoast-seo-wordpress\/ -->\n<title>QUAD LOCK PRO - Suporte para smartphone - Moto Leonardo<\/title>\n<meta name=\"robots\" content=\"index, follow, max-snippet:-1, max-image-preview:large, max-video-preview:-1\" \/>\n<link rel=\"canonical\" href=\"https:\/\/motoleonardo.com\/?product=quad-lock-pro-suporte-para-smartphone\" \/>\n<meta property=\"og:locale\" content=\"pt_PT\" \/>\n<meta property=\"og:type\" content=\"article\" \/>\n<meta property=\"og:title\" content=\"QUAD LOCK PRO - Suporte para smartphone - Moto Leonardo\" \/>\n<meta property=\"og:description\" content=\"Os suportes de guiador\u00a0Quad Lock\u00ae\u00a0s\u00e3o os melhores suportes de smartphone para motociclos. Com op\u00e7\u00f5es para barras padr\u00e3o e grandes, al\u00e9m de v\u00e1rias op\u00e7\u00f5es de acabamento dispon\u00edveis, para que possa combinar perfeitamente com a sua mota. MONTAGEM SEGURA O nosso bloqueio patenteado de dupla fase significa que pode conduzir com confian\u00e7a, sabendo que o seu smartphone ficar\u00e1 seguro na sua mota. R\u00c1PIDO DE FIXAR\/DESLIGAR Basta rodar e bloquear num s\u00f3 movimento para fixar o smartphone ao guiador e ver a navega\u00e7\u00e3o GPS enquanto pedala. DESIGN ELEGANTE N\u00e3o comprometa a est\u00e9tica da sua bicicleta. O design elegante de todos os suportes Quad Lock\u00ae integra-se perfeitamente no guiador da sua bicicleta. E com a escolha do acabamento, combinar o seu suporte com a sua mota nunca foi t\u00e3o f\u00e1cil. Selecione entre nylon preto com enchimento de vidro, alum\u00ednio preto ou cromado. Adicione uma alavanca colorida para dar estilo ao seu suporte Quad Lock\u00ae Out Front Mount ou Out Front Mount PRO \u00e0 sua moto.\" \/>\n<meta property=\"og:url\" content=\"https:\/\/motoleonardo.com\/?product=quad-lock-pro-suporte-para-smartphone\" \/>\n<meta property=\"og:site_name\" content=\"Moto Leonardo\" \/>\n<meta property=\"article:publisher\" content=\"https:\/\/www.facebook.com\/motoleonardopt\" \/>\n<meta property=\"article:modified_time\" content=\"2024-10-07T17:50:26+00:00\" \/>\n<meta property=\"og:image\" content=\"https:\/\/i0.wp.com\/motoleonardo.com\/wp-content\/uploads\/2024\/10\/quadlock-pro.jpeg?fit=765%2C800&ssl=1\" \/>\n\t<meta property=\"og:image:width\" content=\"765\" \/>\n\t<meta property=\"og:image:height\" content=\"800\" \/>\n\t<meta property=\"og:image:type\" content=\"image\/jpeg\" \/>\n<meta name=\"twitter:card\" content=\"summary_large_image\" \/>\n<meta name=\"twitter:label1\" content=\"Tempo estimado de leitura\" \/>\n\t<meta name=\"twitter:data1\" content=\"1 minuto\" \/>\n<script type=\"application\/ld+json\" class=\"yoast-schema-graph\">{\"@context\":\"https:\\\/\\\/schema.org\",\"@graph\":[{\"@type\":\"WebPage\",\"@id\":\"https:\\\/\\\/motoleonardo.com\\\/?product=quad-lock-pro-suporte-para-smartphone\",\"url\":\"https:\\\/\\\/motoleonardo.com\\\/?product=quad-lock-pro-suporte-para-smartphone\",\"name\":\"QUAD LOCK PRO - Suporte para smartphone - Moto Leonardo\",\"isPartOf\":{\"@id\":\"https:\\\/\\\/motoleonardo.com\\\/#website\"},\"primaryImageOfPage\":{\"@id\":\"https:\\\/\\\/motoleonardo.com\\\/?product=quad-lock-pro-suporte-para-smartphone#primaryimage\"},\"image\":{\"@id\":\"https:\\\/\\\/motoleonardo.com\\\/?product=quad-lock-pro-suporte-para-smartphone#primaryimage\"},\"thumbnailUrl\":\"https:\\\/\\\/i0.wp.com\\\/motoleonardo.com\\\/wp-content\\\/uploads\\\/2024\\\/10\\\/quadlock-pro.jpeg?fit=765%2C800&ssl=1\",\"datePublished\":\"2024-10-07T17:49:36+00:00\",\"dateModified\":\"2024-10-07T17:50:26+00:00\",\"breadcrumb\":{\"@id\":\"https:\\\/\\\/motoleonardo.com\\\/?product=quad-lock-pro-suporte-para-smartphone#breadcrumb\"},\"inLanguage\":\"pt-PT\",\"potentialAction\":[{\"@type\":\"ReadAction\",\"target\":[\"https:\\\/\\\/motoleonardo.com\\\/?product=quad-lock-pro-suporte-para-smartphone\"]}]},{\"@type\":\"ImageObject\",\"inLanguage\":\"pt-PT\",\"@id\":\"https:\\\/\\\/motoleonardo.com\\\/?product=quad-lock-pro-suporte-para-smartphone#primaryimage\",\"url\":\"https:\\\/\\\/i0.wp.com\\\/motoleonardo.com\\\/wp-content\\\/uploads\\\/2024\\\/10\\\/quadlock-pro.jpeg?fit=765%2C800&ssl=1\",\"contentUrl\":\"https:\\\/\\\/i0.wp.com\\\/motoleonardo.com\\\/wp-content\\\/uploads\\\/2024\\\/10\\\/quadlock-pro.jpeg?fit=765%2C800&ssl=1\",\"width\":765,\"height\":800},{\"@type\":\"BreadcrumbList\",\"@id\":\"https:\\\/\\\/motoleonardo.com\\\/?product=quad-lock-pro-suporte-para-smartphone#breadcrumb\",\"itemListElement\":[{\"@type\":\"ListItem\",\"position\":1,\"name\":\"In\u00edcio\",\"item\":\"https:\\\/\\\/motoleonardo.com\\\/\"},{\"@type\":\"ListItem\",\"position\":2,\"name\":\"Todas Categorias\",\"item\":\"https:\\\/\\\/motoleonardo.com\\\/?page_id=252\"},{\"@type\":\"ListItem\",\"position\":3,\"name\":\"QUAD LOCK PRO &#8211; Suporte para smartphone\"}]},{\"@type\":\"WebSite\",\"@id\":\"https:\\\/\\\/motoleonardo.com\\\/#website\",\"url\":\"https:\\\/\\\/motoleonardo.com\\\/\",\"name\":\"Moto Leonardo\",\"description\":\"Motas Novas e Usadas - Oficina Multimarcas - Pe\u00e7as, Acess\u00f3rios e Equipamento\",\"publisher\":{\"@id\":\"https:\\\/\\\/motoleonardo.com\\\/#organization\"},\"potentialAction\":[{\"@type\":\"SearchAction\",\"target\":{\"@type\":\"EntryPoint\",\"urlTemplate\":\"https:\\\/\\\/motoleonardo.com\\\/?s={search_term_string}\"},\"query-input\":{\"@type\":\"PropertyValueSpecification\",\"valueRequired\":true,\"valueName\":\"search_term_string\"}}],\"inLanguage\":\"pt-PT\"},{\"@type\":\"Organization\",\"@id\":\"https:\\\/\\\/motoleonardo.com\\\/#organization\",\"name\":\"Moto Leonardo\",\"url\":\"https:\\\/\\\/motoleonardo.com\\\/\",\"logo\":{\"@type\":\"ImageObject\",\"inLanguage\":\"pt-PT\",\"@id\":\"https:\\\/\\\/motoleonardo.com\\\/#\\\/schema\\\/logo\\\/image\\\/\",\"url\":\"https:\\\/\\\/i0.wp.com\\\/motoleonardo.com\\\/wp-content\\\/uploads\\\/2022\\\/10\\\/cropped-Professional-Initial-Letter-Typography-Logo.png?fit=512%2C512&ssl=1\",\"contentUrl\":\"https:\\\/\\\/i0.wp.com\\\/motoleonardo.com\\\/wp-content\\\/uploads\\\/2022\\\/10\\\/cropped-Professional-Initial-Letter-Typography-Logo.png?fit=512%2C512&ssl=1\",\"width\":512,\"height\":512,\"caption\":\"Moto Leonardo\"},\"image\":{\"@id\":\"https:\\\/\\\/motoleonardo.com\\\/#\\\/schema\\\/logo\\\/image\\\/\"},\"sameAs\":[\"https:\\\/\\\/www.facebook.com\\\/motoleonardopt\",\"https:\\\/\\\/www.instagram.com\\\/moto_leonardo\\\/\"]}]}<\/script>\n<!-- \/ Yoast SEO plugin. -->","yoast_head_json":{"title":"QUAD LOCK PRO - Suporte para smartphone - Moto Leonardo","robots":{"index":"index","follow":"follow","max-snippet":"max-snippet:-1","max-image-preview":"max-image-preview:large","max-video-preview":"max-video-preview:-1"},"canonical":"https:\/\/motoleonardo.com\/?product=quad-lock-pro-suporte-para-smartphone","og_locale":"pt_PT","og_type":"article","og_title":"QUAD LOCK PRO - Suporte para smartphone - Moto Leonardo","og_description":"Os suportes de guiador\u00a0Quad Lock\u00ae\u00a0s\u00e3o os melhores suportes de smartphone para motociclos. Com op\u00e7\u00f5es para barras padr\u00e3o e grandes, al\u00e9m de v\u00e1rias op\u00e7\u00f5es de acabamento dispon\u00edveis, para que possa combinar perfeitamente com a sua mota. MONTAGEM SEGURA O nosso bloqueio patenteado de dupla fase significa que pode conduzir com confian\u00e7a, sabendo que o seu smartphone ficar\u00e1 seguro na sua mota. R\u00c1PIDO DE FIXAR\/DESLIGAR Basta rodar e bloquear num s\u00f3 movimento para fixar o smartphone ao guiador e ver a navega\u00e7\u00e3o GPS enquanto pedala. DESIGN ELEGANTE N\u00e3o comprometa a est\u00e9tica da sua bicicleta. O design elegante de todos os suportes Quad Lock\u00ae integra-se perfeitamente no guiador da sua bicicleta. E com a escolha do acabamento, combinar o seu suporte com a sua mota nunca foi t\u00e3o f\u00e1cil. Selecione entre nylon preto com enchimento de vidro, alum\u00ednio preto ou cromado. Adicione uma alavanca colorida para dar estilo ao seu suporte Quad Lock\u00ae Out Front Mount ou Out Front Mount PRO \u00e0 sua moto.","og_url":"https:\/\/motoleonardo.com\/?product=quad-lock-pro-suporte-para-smartphone","og_site_name":"Moto Leonardo","article_publisher":"https:\/\/www.facebook.com\/motoleonardopt","article_modified_time":"2024-10-07T17:50:26+00:00","og_image":[{"width":765,"height":800,"url":"https:\/\/i0.wp.com\/motoleonardo.com\/wp-content\/uploads\/2024\/10\/quadlock-pro.jpeg?fit=765%2C800&ssl=1","type":"image\/jpeg"}],"twitter_card":"summary_large_image","twitter_misc":{"Tempo estimado de leitura":"1 minuto"},"schema":{"@context":"https:\/\/schema.org","@graph":[{"@type":"WebPage","@id":"https:\/\/motoleonardo.com\/?product=quad-lock-pro-suporte-para-smartphone","url":"https:\/\/motoleonardo.com\/?product=quad-lock-pro-suporte-para-smartphone","name":"QUAD LOCK PRO - Suporte para smartphone - Moto Leonardo","isPartOf":{"@id":"https:\/\/motoleonardo.com\/#website"},"primaryImageOfPage":{"@id":"https:\/\/motoleonardo.com\/?product=quad-lock-pro-suporte-para-smartphone#primaryimage"},"image":{"@id":"https:\/\/motoleonardo.com\/?product=quad-lock-pro-suporte-para-smartphone#primaryimage"},"thumbnailUrl":"https:\/\/i0.wp.com\/motoleonardo.com\/wp-content\/uploads\/2024\/10\/quadlock-pro.jpeg?fit=765%2C800&ssl=1","datePublished":"2024-10-07T17:49:36+00:00","dateModified":"2024-10-07T17:50:26+00:00","breadcrumb":{"@id":"https:\/\/motoleonardo.com\/?product=quad-lock-pro-suporte-para-smartphone#breadcrumb"},"inLanguage":"pt-PT","potentialAction":[{"@type":"ReadAction","target":["https:\/\/motoleonardo.com\/?product=quad-lock-pro-suporte-para-smartphone"]}]},{"@type":"ImageObject","inLanguage":"pt-PT","@id":"https:\/\/motoleonardo.com\/?product=quad-lock-pro-suporte-para-smartphone#primaryimage","url":"https:\/\/i0.wp.com\/motoleonardo.com\/wp-content\/uploads\/2024\/10\/quadlock-pro.jpeg?fit=765%2C800&ssl=1","contentUrl":"https:\/\/i0.wp.com\/motoleonardo.com\/wp-content\/uploads\/2024\/10\/quadlock-pro.jpeg?fit=765%2C800&ssl=1","width":765,"height":800},{"@type":"BreadcrumbList","@id":"https:\/\/motoleonardo.com\/?product=quad-lock-pro-suporte-para-smartphone#breadcrumb","itemListElement":[{"@type":"ListItem","position":1,"name":"In\u00edcio","item":"https:\/\/motoleonardo.com\/"},{"@type":"ListItem","position":2,"name":"Todas Categorias","item":"https:\/\/motoleonardo.com\/?page_id=252"},{"@type":"ListItem","position":3,"name":"QUAD LOCK PRO &#8211; Suporte para smartphone"}]},{"@type":"WebSite","@id":"https:\/\/motoleonardo.com\/#website","url":"https:\/\/motoleonardo.com\/","name":"Moto Leonardo","description":"Motas Novas e Usadas - Oficina Multimarcas - Pe\u00e7as, Acess\u00f3rios e Equipamento","publisher":{"@id":"https:\/\/motoleonardo.com\/#organization"},"potentialAction":[{"@type":"SearchAction","target":{"@type":"EntryPoint","urlTemplate":"https:\/\/motoleonardo.com\/?s={search_term_string}"},"query-input":{"@type":"PropertyValueSpecification","valueRequired":true,"valueName":"search_term_string"}}],"inLanguage":"pt-PT"},{"@type":"Organization","@id":"https:\/\/motoleonardo.com\/#organization","name":"Moto Leonardo","url":"https:\/\/motoleonardo.com\/","logo":{"@type":"ImageObject","inLanguage":"pt-PT","@id":"https:\/\/motoleonardo.com\/#\/schema\/logo\/image\/","url":"https:\/\/i0.wp.com\/motoleonardo.com\/wp-content\/uploads\/2022\/10\/cropped-Professional-Initial-Letter-Typography-Logo.png?fit=512%2C512&ssl=1","contentUrl":"https:\/\/i0.wp.com\/motoleonardo.com\/wp-content\/uploads\/2022\/10\/cropped-Professional-Initial-Letter-Typography-Logo.png?fit=512%2C512&ssl=1","width":512,"height":512,"caption":"Moto Leonardo"},"image":{"@id":"https:\/\/motoleonardo.com\/#\/schema\/logo\/image\/"},"sameAs":["https:\/\/www.facebook.com\/motoleonardopt","https:\/\/www.instagram.com\/moto_leonardo\/"]}]}},"jetpack_sharing_enabled":true,"_links":{"self":[{"href":"https:\/\/motoleonardo.com\/index.php?rest_route=\/wp\/v2\/product\/5669","targetHints":{"allow":["GET"]}}],"collection":[{"href":"https:\/\/motoleonardo.com\/index.php?rest_route=\/wp\/v2\/product"}],"about":[{"href":"https:\/\/motoleonardo.com\/index.php?rest_route=\/wp\/v2\/types\/product"}],"wp:featuredmedia":[{"embeddable":true,"href":"https:\/\/motoleonardo.com\/index.php?rest_route=\/wp\/v2\/media\/5670"}],"wp:attachment":[{"href":"https:\/\/motoleonardo.com\/index.php?rest_route=%2Fwp%2Fv2%2Fmedia&parent=5669"}],"wp:term":[{"taxonomy":"product_brand","embeddable":true,"href":"https:\/\/motoleonardo.com\/index.php?rest_route=%2Fwp%2Fv2%2Fproduct_brand&post=5669"},{"taxonomy":"product_cat","embeddable":true,"href":"https:\/\/motoleonardo.com\/index.php?rest_route=%2Fwp%2Fv2%2Fproduct_cat&post=5669"},{"taxonomy":"product_tag","embeddable":true,"href":"https:\/\/motoleonardo.com\/index.php?rest_route=%2Fwp%2Fv2%2Fproduct_tag&post=5669"}],"curies":[{"name":"wp","href":"https:\/\/api.w.org\/{rel}","templated":true}]}}