{"id":5716,"date":"2024-10-08T15:42:32","date_gmt":"2024-10-08T15:42:32","guid":{"rendered":"https:\/\/motoleonardo.com\/?post_type=product&#038;p=5716"},"modified":"2024-10-08T15:44:02","modified_gmt":"2024-10-08T15:44:02","slug":"1up4d-athena-azul-casaco-trail","status":"publish","type":"product","link":"https:\/\/motoleonardo.com\/?product=1up4d-athena-azul-casaco-trail","title":{"rendered":"1UP4D Athena Azul &#8211; Casaco Trail"},"content":{"rendered":"<p>A Athena \u00e9 a mais recente linha de casacas da 1UP4D, com o objetivo de proporcionar aos motociclistas de longas dist\u00e2ncias n\u00edveis superiores de conforto. A condizer com a gama de luvas existente, desenvolvemos uma casaca estradista de meia esta\u00e7\u00e3o para per\u00edodos de viagem mais prolongados, oferecendo simultaneamente uma capacidade de prote\u00e7\u00e3o de n\u00edvel 1.<br \/>\nUm conjunto de bolsos polivalentes confere um car\u00e1cter pr\u00e1tico a esta pe\u00e7a de vestu\u00e1rio, com bra\u00e7os ajust\u00e1veis por bot\u00f5es e cintas de cintura acomod\u00e1veis. Os fechos de velcro no colarinho e nos punhos e os elementos refletores em posi\u00e7\u00f5es-chave s\u00e3o acompanhados por prote\u00e7\u00f5es EN1621 com aprova\u00e7\u00e3o CE nos cotovelos, ombros e \u00e1rea das costas.<br \/>\nDispon\u00edvel em tr\u00eas combina\u00e7\u00f5es de cores que marcam pelo bom gosto e pelo toque de modernidade.<\/p>\n<p><strong>Caracter\u00edsticas a destacar neste produto<\/strong><br \/>\nSistema de arrefecimento Airflow com fechos de correr e malhas de ventila\u00e7\u00e3o no peito, cintura e costas.<br \/>\nTiras de mola de press\u00e3o ajust\u00e1veis na parte superior do bra\u00e7o e refletores de cotovelo de alta visibilidade.<br \/>\nCorreias refletoras na cintura para um ajuste altamente confort\u00e1vel.<br \/>\nForro t\u00e9rmico remov\u00edvel para v\u00e1rias op\u00e7\u00f5es de m\u00e1ximo conforto.<\/p>\n<p><img data-recalc-dims=\"1\" fetchpriority=\"high\" decoding=\"async\" class=\"alignnone wp-image-5702\" src=\"https:\/\/i0.wp.com\/motoleonardo.com\/wp-content\/uploads\/2024\/10\/14updathena.jpg?resize=744%2C171&#038;ssl=1\" alt=\"\" width=\"744\" height=\"171\" srcset=\"https:\/\/i0.wp.com\/motoleonardo.com\/wp-content\/uploads\/2024\/10\/14updathena.jpg?resize=300%2C69&amp;ssl=1 300w, https:\/\/i0.wp.com\/motoleonardo.com\/wp-content\/uploads\/2024\/10\/14updathena.jpg?resize=454%2C104&amp;ssl=1 454w, https:\/\/i0.wp.com\/motoleonardo.com\/wp-content\/uploads\/2024\/10\/14updathena.jpg?w=669&amp;ssl=1 669w\" sizes=\"(max-width: 744px) 100vw, 744px\" \/><\/p>\n","protected":false},"excerpt":{"rendered":"<p>A Athena \u00e9 a mais recente linha de casacas da 1UP4D, com o objetivo de proporcionar aos motociclistas de longas dist\u00e2ncias n\u00edveis superiores de conforto. A condizer com a gama de luvas existente, desenvolvemos uma casaca estradista de meia esta\u00e7\u00e3o para per\u00edodos de viagem mais prolongados, oferecendo simultaneamente uma capacidade de prote\u00e7\u00e3o de n\u00edvel 1. Um conjunto de bolsos polivalentes confere um car\u00e1cter pr\u00e1tico a esta pe\u00e7a de vestu\u00e1rio, com bra\u00e7os ajust\u00e1veis por bot\u00f5es e cintas de cintura acomod\u00e1veis. Os fechos de velcro no colarinho e nos punhos e os elementos refletores em posi\u00e7\u00f5es-chave s\u00e3o acompanhados por prote\u00e7\u00f5es EN1621 com aprova\u00e7\u00e3o CE nos cotovelos, ombros e \u00e1rea das costas. Dispon\u00edvel em tr\u00eas combina\u00e7\u00f5es de cores que marcam pelo bom gosto e pelo toque de modernidade. Caracter\u00edsticas a destacar neste produto Sistema de arrefecimento Airflow com fechos de correr e malhas de ventila\u00e7\u00e3o no peito, cintura e costas. Tiras de mola de press\u00e3o ajust\u00e1veis na parte superior do bra\u00e7o e refletores de cotovelo de alta visibilidade. Correias refletoras na cintura para um ajuste altamente confort\u00e1vel. Forro t\u00e9rmico remov\u00edvel para v\u00e1rias op\u00e7\u00f5es de m\u00e1ximo conforto.<\/p>\n","protected":false},"featured_media":5709,"template":"","meta":{"ocean_post_layout":"","ocean_both_sidebars_style":"","ocean_both_sidebars_content_width":0,"ocean_both_sidebars_sidebars_width":0,"ocean_sidebar":"0","ocean_second_sidebar":"0","ocean_disable_margins":"enable","ocean_add_body_class":"","ocean_shortcode_before_top_bar":"","ocean_shortcode_after_top_bar":"","ocean_shortcode_before_header":"","ocean_shortcode_after_header":"","ocean_has_shortcode":"","ocean_shortcode_after_title":"","ocean_shortcode_before_footer_widgets":"","ocean_shortcode_after_footer_widgets":"","ocean_shortcode_before_footer_bottom":"","ocean_shortcode_after_footer_bottom":"","ocean_display_top_bar":"default","ocean_display_header":"default","ocean_header_style":"","ocean_center_header_left_menu":"0","ocean_custom_header_template":"0","ocean_custom_logo":0,"ocean_custom_retina_logo":0,"ocean_custom_logo_max_width":0,"ocean_custom_logo_tablet_max_width":0,"ocean_custom_logo_mobile_max_width":0,"ocean_custom_logo_max_height":0,"ocean_custom_logo_tablet_max_height":0,"ocean_custom_logo_mobile_max_height":0,"ocean_header_custom_menu":"0","ocean_menu_typo_font_family":"0","ocean_menu_typo_font_subset":"","ocean_menu_typo_font_size":0,"ocean_menu_typo_font_size_tablet":0,"ocean_menu_typo_font_size_mobile":0,"ocean_menu_typo_font_size_unit":"px","ocean_menu_typo_font_weight":"","ocean_menu_typo_font_weight_tablet":"","ocean_menu_typo_font_weight_mobile":"","ocean_menu_typo_transform":"","ocean_menu_typo_transform_tablet":"","ocean_menu_typo_transform_mobile":"","ocean_menu_typo_line_height":0,"ocean_menu_typo_line_height_tablet":0,"ocean_menu_typo_line_height_mobile":0,"ocean_menu_typo_line_height_unit":"","ocean_menu_typo_spacing":0,"ocean_menu_typo_spacing_tablet":0,"ocean_menu_typo_spacing_mobile":0,"ocean_menu_typo_spacing_unit":"","ocean_menu_link_color":"","ocean_menu_link_color_hover":"","ocean_menu_link_color_active":"","ocean_menu_link_background":"","ocean_menu_link_hover_background":"","ocean_menu_link_active_background":"","ocean_menu_social_links_bg":"","ocean_menu_social_hover_links_bg":"","ocean_menu_social_links_color":"","ocean_menu_social_hover_links_color":"","ocean_disable_title":"default","ocean_disable_heading":"default","ocean_post_title":"","ocean_post_subheading":"","ocean_post_title_style":"","ocean_post_title_background_color":"","ocean_post_title_background":0,"ocean_post_title_bg_image_position":"","ocean_post_title_bg_image_attachment":"","ocean_post_title_bg_image_repeat":"","ocean_post_title_bg_image_size":"","ocean_post_title_height":0,"ocean_post_title_bg_overlay":0.5,"ocean_post_title_bg_overlay_color":"","ocean_disable_breadcrumbs":"default","ocean_breadcrumbs_color":"","ocean_breadcrumbs_separator_color":"","ocean_breadcrumbs_links_color":"","ocean_breadcrumbs_links_hover_color":"","ocean_display_footer_widgets":"default","ocean_display_footer_bottom":"default","ocean_custom_footer_template":"0","omw_enable_modal_window":"enable"},"product_brand":[],"product_cat":[41,42,55],"product_tag":[714,715,665,709],"class_list":{"0":"post-5716","1":"product","2":"type-product","3":"status-publish","4":"has-post-thumbnail","6":"product_cat-blusoes","7":"product_cat-blusoes-homem","8":"product_cat-equipamento","9":"product_tag-1up4d","10":"product_tag-athena","11":"product_tag-casaco","12":"product_tag-trail","14":"entry","15":"has-media","17":"first","18":"instock","19":"shipping-taxable","20":"purchasable","21":"product-type-variable","22":"has-product-nav","23":"col","24":"span_1_of_4","25":"owp-content-right","26":"owp-thumbs-layout-horizontal","27":"owp-btn-normal","28":"owp-tabs-layout-horizontal"},"yoast_head":"<!-- This site is optimized with the Yoast SEO plugin v27.4 - https:\/\/yoast.com\/product\/yoast-seo-wordpress\/ -->\n<title>1UP4D Athena Azul - Casaco Trail - Moto Leonardo<\/title>\n<meta name=\"robots\" content=\"index, follow, max-snippet:-1, max-image-preview:large, max-video-preview:-1\" \/>\n<link rel=\"canonical\" href=\"https:\/\/motoleonardo.com\/?product=1up4d-athena-azul-casaco-trail\" \/>\n<meta property=\"og:locale\" content=\"pt_PT\" \/>\n<meta property=\"og:type\" content=\"article\" \/>\n<meta property=\"og:title\" content=\"1UP4D Athena Azul - Casaco Trail - Moto Leonardo\" \/>\n<meta property=\"og:description\" content=\"A Athena \u00e9 a mais recente linha de casacas da 1UP4D, com o objetivo de proporcionar aos motociclistas de longas dist\u00e2ncias n\u00edveis superiores de conforto. A condizer com a gama de luvas existente, desenvolvemos uma casaca estradista de meia esta\u00e7\u00e3o para per\u00edodos de viagem mais prolongados, oferecendo simultaneamente uma capacidade de prote\u00e7\u00e3o de n\u00edvel 1. Um conjunto de bolsos polivalentes confere um car\u00e1cter pr\u00e1tico a esta pe\u00e7a de vestu\u00e1rio, com bra\u00e7os ajust\u00e1veis por bot\u00f5es e cintas de cintura acomod\u00e1veis. Os fechos de velcro no colarinho e nos punhos e os elementos refletores em posi\u00e7\u00f5es-chave s\u00e3o acompanhados por prote\u00e7\u00f5es EN1621 com aprova\u00e7\u00e3o CE nos cotovelos, ombros e \u00e1rea das costas. Dispon\u00edvel em tr\u00eas combina\u00e7\u00f5es de cores que marcam pelo bom gosto e pelo toque de modernidade. Caracter\u00edsticas a destacar neste produto Sistema de arrefecimento Airflow com fechos de correr e malhas de ventila\u00e7\u00e3o no peito, cintura e costas. Tiras de mola de press\u00e3o ajust\u00e1veis na parte superior do bra\u00e7o e refletores de cotovelo de alta visibilidade. Correias refletoras na cintura para um ajuste altamente confort\u00e1vel. Forro t\u00e9rmico remov\u00edvel para v\u00e1rias op\u00e7\u00f5es de m\u00e1ximo conforto.\" \/>\n<meta property=\"og:url\" content=\"https:\/\/motoleonardo.com\/?product=1up4d-athena-azul-casaco-trail\" \/>\n<meta property=\"og:site_name\" content=\"Moto Leonardo\" \/>\n<meta property=\"article:publisher\" content=\"https:\/\/www.facebook.com\/motoleonardopt\" \/>\n<meta property=\"article:modified_time\" content=\"2024-10-08T15:44:02+00:00\" \/>\n<meta property=\"og:image\" content=\"https:\/\/i0.wp.com\/motoleonardo.com\/wp-content\/uploads\/2024\/10\/Jacket_BlueFluo_Front.jpg?fit=1080%2C1080&ssl=1\" \/>\n\t<meta property=\"og:image:width\" content=\"1080\" \/>\n\t<meta property=\"og:image:height\" content=\"1080\" \/>\n\t<meta property=\"og:image:type\" content=\"image\/jpeg\" \/>\n<meta name=\"twitter:card\" content=\"summary_large_image\" \/>\n<meta name=\"twitter:label1\" content=\"Tempo estimado de leitura\" \/>\n\t<meta name=\"twitter:data1\" content=\"1 minuto\" \/>\n<script type=\"application\/ld+json\" class=\"yoast-schema-graph\">{\"@context\":\"https:\\\/\\\/schema.org\",\"@graph\":[{\"@type\":\"WebPage\",\"@id\":\"https:\\\/\\\/motoleonardo.com\\\/?product=1up4d-athena-azul-casaco-trail\",\"url\":\"https:\\\/\\\/motoleonardo.com\\\/?product=1up4d-athena-azul-casaco-trail\",\"name\":\"1UP4D Athena Azul - Casaco Trail - Moto Leonardo\",\"isPartOf\":{\"@id\":\"https:\\\/\\\/motoleonardo.com\\\/#website\"},\"primaryImageOfPage\":{\"@id\":\"https:\\\/\\\/motoleonardo.com\\\/?product=1up4d-athena-azul-casaco-trail#primaryimage\"},\"image\":{\"@id\":\"https:\\\/\\\/motoleonardo.com\\\/?product=1up4d-athena-azul-casaco-trail#primaryimage\"},\"thumbnailUrl\":\"https:\\\/\\\/i0.wp.com\\\/motoleonardo.com\\\/wp-content\\\/uploads\\\/2024\\\/10\\\/Jacket_BlueFluo_Front.jpg?fit=1080%2C1080&ssl=1\",\"datePublished\":\"2024-10-08T15:42:32+00:00\",\"dateModified\":\"2024-10-08T15:44:02+00:00\",\"breadcrumb\":{\"@id\":\"https:\\\/\\\/motoleonardo.com\\\/?product=1up4d-athena-azul-casaco-trail#breadcrumb\"},\"inLanguage\":\"pt-PT\",\"potentialAction\":[{\"@type\":\"ReadAction\",\"target\":[\"https:\\\/\\\/motoleonardo.com\\\/?product=1up4d-athena-azul-casaco-trail\"]}]},{\"@type\":\"ImageObject\",\"inLanguage\":\"pt-PT\",\"@id\":\"https:\\\/\\\/motoleonardo.com\\\/?product=1up4d-athena-azul-casaco-trail#primaryimage\",\"url\":\"https:\\\/\\\/i0.wp.com\\\/motoleonardo.com\\\/wp-content\\\/uploads\\\/2024\\\/10\\\/Jacket_BlueFluo_Front.jpg?fit=1080%2C1080&ssl=1\",\"contentUrl\":\"https:\\\/\\\/i0.wp.com\\\/motoleonardo.com\\\/wp-content\\\/uploads\\\/2024\\\/10\\\/Jacket_BlueFluo_Front.jpg?fit=1080%2C1080&ssl=1\",\"width\":1080,\"height\":1080},{\"@type\":\"BreadcrumbList\",\"@id\":\"https:\\\/\\\/motoleonardo.com\\\/?product=1up4d-athena-azul-casaco-trail#breadcrumb\",\"itemListElement\":[{\"@type\":\"ListItem\",\"position\":1,\"name\":\"In\u00edcio\",\"item\":\"https:\\\/\\\/motoleonardo.com\\\/\"},{\"@type\":\"ListItem\",\"position\":2,\"name\":\"Todas Categorias\",\"item\":\"https:\\\/\\\/motoleonardo.com\\\/?page_id=252\"},{\"@type\":\"ListItem\",\"position\":3,\"name\":\"1UP4D Athena Azul &#8211; Casaco Trail\"}]},{\"@type\":\"WebSite\",\"@id\":\"https:\\\/\\\/motoleonardo.com\\\/#website\",\"url\":\"https:\\\/\\\/motoleonardo.com\\\/\",\"name\":\"Moto Leonardo\",\"description\":\"Motas Novas e Usadas - Oficina Multimarcas - Pe\u00e7as, Acess\u00f3rios e Equipamento\",\"publisher\":{\"@id\":\"https:\\\/\\\/motoleonardo.com\\\/#organization\"},\"potentialAction\":[{\"@type\":\"SearchAction\",\"target\":{\"@type\":\"EntryPoint\",\"urlTemplate\":\"https:\\\/\\\/motoleonardo.com\\\/?s={search_term_string}\"},\"query-input\":{\"@type\":\"PropertyValueSpecification\",\"valueRequired\":true,\"valueName\":\"search_term_string\"}}],\"inLanguage\":\"pt-PT\"},{\"@type\":\"Organization\",\"@id\":\"https:\\\/\\\/motoleonardo.com\\\/#organization\",\"name\":\"Moto Leonardo\",\"url\":\"https:\\\/\\\/motoleonardo.com\\\/\",\"logo\":{\"@type\":\"ImageObject\",\"inLanguage\":\"pt-PT\",\"@id\":\"https:\\\/\\\/motoleonardo.com\\\/#\\\/schema\\\/logo\\\/image\\\/\",\"url\":\"https:\\\/\\\/i0.wp.com\\\/motoleonardo.com\\\/wp-content\\\/uploads\\\/2022\\\/10\\\/cropped-Professional-Initial-Letter-Typography-Logo.png?fit=512%2C512&ssl=1\",\"contentUrl\":\"https:\\\/\\\/i0.wp.com\\\/motoleonardo.com\\\/wp-content\\\/uploads\\\/2022\\\/10\\\/cropped-Professional-Initial-Letter-Typography-Logo.png?fit=512%2C512&ssl=1\",\"width\":512,\"height\":512,\"caption\":\"Moto Leonardo\"},\"image\":{\"@id\":\"https:\\\/\\\/motoleonardo.com\\\/#\\\/schema\\\/logo\\\/image\\\/\"},\"sameAs\":[\"https:\\\/\\\/www.facebook.com\\\/motoleonardopt\",\"https:\\\/\\\/www.instagram.com\\\/moto_leonardo\\\/\"]}]}<\/script>\n<!-- \/ Yoast SEO plugin. -->","yoast_head_json":{"title":"1UP4D Athena Azul - Casaco Trail - Moto Leonardo","robots":{"index":"index","follow":"follow","max-snippet":"max-snippet:-1","max-image-preview":"max-image-preview:large","max-video-preview":"max-video-preview:-1"},"canonical":"https:\/\/motoleonardo.com\/?product=1up4d-athena-azul-casaco-trail","og_locale":"pt_PT","og_type":"article","og_title":"1UP4D Athena Azul - Casaco Trail - Moto Leonardo","og_description":"A Athena \u00e9 a mais recente linha de casacas da 1UP4D, com o objetivo de proporcionar aos motociclistas de longas dist\u00e2ncias n\u00edveis superiores de conforto. A condizer com a gama de luvas existente, desenvolvemos uma casaca estradista de meia esta\u00e7\u00e3o para per\u00edodos de viagem mais prolongados, oferecendo simultaneamente uma capacidade de prote\u00e7\u00e3o de n\u00edvel 1. Um conjunto de bolsos polivalentes confere um car\u00e1cter pr\u00e1tico a esta pe\u00e7a de vestu\u00e1rio, com bra\u00e7os ajust\u00e1veis por bot\u00f5es e cintas de cintura acomod\u00e1veis. Os fechos de velcro no colarinho e nos punhos e os elementos refletores em posi\u00e7\u00f5es-chave s\u00e3o acompanhados por prote\u00e7\u00f5es EN1621 com aprova\u00e7\u00e3o CE nos cotovelos, ombros e \u00e1rea das costas. Dispon\u00edvel em tr\u00eas combina\u00e7\u00f5es de cores que marcam pelo bom gosto e pelo toque de modernidade. Caracter\u00edsticas a destacar neste produto Sistema de arrefecimento Airflow com fechos de correr e malhas de ventila\u00e7\u00e3o no peito, cintura e costas. Tiras de mola de press\u00e3o ajust\u00e1veis na parte superior do bra\u00e7o e refletores de cotovelo de alta visibilidade. Correias refletoras na cintura para um ajuste altamente confort\u00e1vel. Forro t\u00e9rmico remov\u00edvel para v\u00e1rias op\u00e7\u00f5es de m\u00e1ximo conforto.","og_url":"https:\/\/motoleonardo.com\/?product=1up4d-athena-azul-casaco-trail","og_site_name":"Moto Leonardo","article_publisher":"https:\/\/www.facebook.com\/motoleonardopt","article_modified_time":"2024-10-08T15:44:02+00:00","og_image":[{"width":1080,"height":1080,"url":"https:\/\/i0.wp.com\/motoleonardo.com\/wp-content\/uploads\/2024\/10\/Jacket_BlueFluo_Front.jpg?fit=1080%2C1080&ssl=1","type":"image\/jpeg"}],"twitter_card":"summary_large_image","twitter_misc":{"Tempo estimado de leitura":"1 minuto"},"schema":{"@context":"https:\/\/schema.org","@graph":[{"@type":"WebPage","@id":"https:\/\/motoleonardo.com\/?product=1up4d-athena-azul-casaco-trail","url":"https:\/\/motoleonardo.com\/?product=1up4d-athena-azul-casaco-trail","name":"1UP4D Athena Azul - Casaco Trail - Moto Leonardo","isPartOf":{"@id":"https:\/\/motoleonardo.com\/#website"},"primaryImageOfPage":{"@id":"https:\/\/motoleonardo.com\/?product=1up4d-athena-azul-casaco-trail#primaryimage"},"image":{"@id":"https:\/\/motoleonardo.com\/?product=1up4d-athena-azul-casaco-trail#primaryimage"},"thumbnailUrl":"https:\/\/i0.wp.com\/motoleonardo.com\/wp-content\/uploads\/2024\/10\/Jacket_BlueFluo_Front.jpg?fit=1080%2C1080&ssl=1","datePublished":"2024-10-08T15:42:32+00:00","dateModified":"2024-10-08T15:44:02+00:00","breadcrumb":{"@id":"https:\/\/motoleonardo.com\/?product=1up4d-athena-azul-casaco-trail#breadcrumb"},"inLanguage":"pt-PT","potentialAction":[{"@type":"ReadAction","target":["https:\/\/motoleonardo.com\/?product=1up4d-athena-azul-casaco-trail"]}]},{"@type":"ImageObject","inLanguage":"pt-PT","@id":"https:\/\/motoleonardo.com\/?product=1up4d-athena-azul-casaco-trail#primaryimage","url":"https:\/\/i0.wp.com\/motoleonardo.com\/wp-content\/uploads\/2024\/10\/Jacket_BlueFluo_Front.jpg?fit=1080%2C1080&ssl=1","contentUrl":"https:\/\/i0.wp.com\/motoleonardo.com\/wp-content\/uploads\/2024\/10\/Jacket_BlueFluo_Front.jpg?fit=1080%2C1080&ssl=1","width":1080,"height":1080},{"@type":"BreadcrumbList","@id":"https:\/\/motoleonardo.com\/?product=1up4d-athena-azul-casaco-trail#breadcrumb","itemListElement":[{"@type":"ListItem","position":1,"name":"In\u00edcio","item":"https:\/\/motoleonardo.com\/"},{"@type":"ListItem","position":2,"name":"Todas Categorias","item":"https:\/\/motoleonardo.com\/?page_id=252"},{"@type":"ListItem","position":3,"name":"1UP4D Athena Azul &#8211; Casaco Trail"}]},{"@type":"WebSite","@id":"https:\/\/motoleonardo.com\/#website","url":"https:\/\/motoleonardo.com\/","name":"Moto Leonardo","description":"Motas Novas e Usadas - Oficina Multimarcas - Pe\u00e7as, Acess\u00f3rios e Equipamento","publisher":{"@id":"https:\/\/motoleonardo.com\/#organization"},"potentialAction":[{"@type":"SearchAction","target":{"@type":"EntryPoint","urlTemplate":"https:\/\/motoleonardo.com\/?s={search_term_string}"},"query-input":{"@type":"PropertyValueSpecification","valueRequired":true,"valueName":"search_term_string"}}],"inLanguage":"pt-PT"},{"@type":"Organization","@id":"https:\/\/motoleonardo.com\/#organization","name":"Moto Leonardo","url":"https:\/\/motoleonardo.com\/","logo":{"@type":"ImageObject","inLanguage":"pt-PT","@id":"https:\/\/motoleonardo.com\/#\/schema\/logo\/image\/","url":"https:\/\/i0.wp.com\/motoleonardo.com\/wp-content\/uploads\/2022\/10\/cropped-Professional-Initial-Letter-Typography-Logo.png?fit=512%2C512&ssl=1","contentUrl":"https:\/\/i0.wp.com\/motoleonardo.com\/wp-content\/uploads\/2022\/10\/cropped-Professional-Initial-Letter-Typography-Logo.png?fit=512%2C512&ssl=1","width":512,"height":512,"caption":"Moto Leonardo"},"image":{"@id":"https:\/\/motoleonardo.com\/#\/schema\/logo\/image\/"},"sameAs":["https:\/\/www.facebook.com\/motoleonardopt","https:\/\/www.instagram.com\/moto_leonardo\/"]}]}},"jetpack_sharing_enabled":true,"_links":{"self":[{"href":"https:\/\/motoleonardo.com\/index.php?rest_route=\/wp\/v2\/product\/5716","targetHints":{"allow":["GET"]}}],"collection":[{"href":"https:\/\/motoleonardo.com\/index.php?rest_route=\/wp\/v2\/product"}],"about":[{"href":"https:\/\/motoleonardo.com\/index.php?rest_route=\/wp\/v2\/types\/product"}],"wp:featuredmedia":[{"embeddable":true,"href":"https:\/\/motoleonardo.com\/index.php?rest_route=\/wp\/v2\/media\/5709"}],"wp:attachment":[{"href":"https:\/\/motoleonardo.com\/index.php?rest_route=%2Fwp%2Fv2%2Fmedia&parent=5716"}],"wp:term":[{"taxonomy":"product_brand","embeddable":true,"href":"https:\/\/motoleonardo.com\/index.php?rest_route=%2Fwp%2Fv2%2Fproduct_brand&post=5716"},{"taxonomy":"product_cat","embeddable":true,"href":"https:\/\/motoleonardo.com\/index.php?rest_route=%2Fwp%2Fv2%2Fproduct_cat&post=5716"},{"taxonomy":"product_tag","embeddable":true,"href":"https:\/\/motoleonardo.com\/index.php?rest_route=%2Fwp%2Fv2%2Fproduct_tag&post=5716"}],"curies":[{"name":"wp","href":"https:\/\/api.w.org\/{rel}","templated":true}]}}