{"id":5770,"date":"2024-11-06T15:06:58","date_gmt":"2024-11-06T15:06:58","guid":{"rendered":"https:\/\/motoleonardo.com\/?post_type=product&#038;p=5770"},"modified":"2025-12-09T14:55:58","modified_gmt":"2025-12-09T14:55:58","slug":"cf-moto-450mt-conjunto-crashbar-superior-inferior-adv","status":"publish","type":"product","link":"https:\/\/motoleonardo.com\/?product=cf-moto-450mt-conjunto-crashbar-superior-inferior-adv","title":{"rendered":"CF Moto 450MT &#8211; Conjunto Crashbar Superior + Inferior Adventure Parts"},"content":{"rendered":"<p>Conjunto de crashbars<strong> superior e inferior<\/strong> para a CF MOTO 450MT. Neste momento a melhor com rela\u00e7\u00e3o pre\u00e7o qualidade e o <strong>modelo mais vendido<\/strong>.<br \/>\nEste modelo de crashbar s\u00e3o um pouco mais sa\u00eddos, oferecendo assim uma prote\u00e7\u00e3o maior afastando mais o ve\u00edculo do ch\u00e3o em compara\u00e7\u00e3o com os originais. Esse angulo permite uma instala\u00e7\u00e3o mais f\u00e1cil de far\u00f3is auxiliares. Tamb\u00e9m protege mais os alforges laterais caso pretenda acrescentar ao crashbar.<\/p>\n<p><strong>Caracter\u00edsticas<\/strong><br \/>\nFabricadas em a\u00e7o, protegem componentes da mota em caso de queda, onde poder\u00e3o ser simplesmente retocados ou pintados mantendo um aspecto elegante e agressivo quando instalados. Permitem tamb\u00e9m a aplica\u00e7\u00e3o de pequenos alforges, far\u00f3is auxiliares, deslizadores e outros!<\/p>\n","protected":false},"excerpt":{"rendered":"<p>Conjunto de crashbars superior e inferior para a CF MOTO 450MT. Neste momento a melhor com rela\u00e7\u00e3o pre\u00e7o qualidade e o modelo mais vendido. Este modelo de crashbar s\u00e3o um pouco mais sa\u00eddos, oferecendo assim uma prote\u00e7\u00e3o maior afastando mais o ve\u00edculo do ch\u00e3o em compara\u00e7\u00e3o com os originais. Esse angulo permite uma instala\u00e7\u00e3o mais f\u00e1cil de far\u00f3is auxiliares. Tamb\u00e9m protege mais os alforges laterais caso pretenda acrescentar ao crashbar. Caracter\u00edsticas Fabricadas em a\u00e7o, protegem componentes da mota em caso de queda, onde poder\u00e3o ser simplesmente retocados ou pintados mantendo um aspecto elegante e agressivo quando instalados. Permitem tamb\u00e9m a aplica\u00e7\u00e3o de pequenos alforges, far\u00f3is auxiliares, deslizadores e outros!<\/p>\n","protected":false},"featured_media":5773,"template":"","meta":{"ocean_post_layout":"","ocean_both_sidebars_style":"","ocean_both_sidebars_content_width":0,"ocean_both_sidebars_sidebars_width":0,"ocean_sidebar":"0","ocean_second_sidebar":"0","ocean_disable_margins":"enable","ocean_add_body_class":"","ocean_shortcode_before_top_bar":"","ocean_shortcode_after_top_bar":"","ocean_shortcode_before_header":"","ocean_shortcode_after_header":"","ocean_has_shortcode":"","ocean_shortcode_after_title":"","ocean_shortcode_before_footer_widgets":"","ocean_shortcode_after_footer_widgets":"","ocean_shortcode_before_footer_bottom":"","ocean_shortcode_after_footer_bottom":"","ocean_display_top_bar":"default","ocean_display_header":"default","ocean_header_style":"","ocean_center_header_left_menu":"0","ocean_custom_header_template":"0","ocean_custom_logo":0,"ocean_custom_retina_logo":0,"ocean_custom_logo_max_width":0,"ocean_custom_logo_tablet_max_width":0,"ocean_custom_logo_mobile_max_width":0,"ocean_custom_logo_max_height":0,"ocean_custom_logo_tablet_max_height":0,"ocean_custom_logo_mobile_max_height":0,"ocean_header_custom_menu":"0","ocean_menu_typo_font_family":"0","ocean_menu_typo_font_subset":"","ocean_menu_typo_font_size":0,"ocean_menu_typo_font_size_tablet":0,"ocean_menu_typo_font_size_mobile":0,"ocean_menu_typo_font_size_unit":"px","ocean_menu_typo_font_weight":"","ocean_menu_typo_font_weight_tablet":"","ocean_menu_typo_font_weight_mobile":"","ocean_menu_typo_transform":"","ocean_menu_typo_transform_tablet":"","ocean_menu_typo_transform_mobile":"","ocean_menu_typo_line_height":0,"ocean_menu_typo_line_height_tablet":0,"ocean_menu_typo_line_height_mobile":0,"ocean_menu_typo_line_height_unit":"","ocean_menu_typo_spacing":0,"ocean_menu_typo_spacing_tablet":0,"ocean_menu_typo_spacing_mobile":0,"ocean_menu_typo_spacing_unit":"","ocean_menu_link_color":"","ocean_menu_link_color_hover":"","ocean_menu_link_color_active":"","ocean_menu_link_background":"","ocean_menu_link_hover_background":"","ocean_menu_link_active_background":"","ocean_menu_social_links_bg":"","ocean_menu_social_hover_links_bg":"","ocean_menu_social_links_color":"","ocean_menu_social_hover_links_color":"","ocean_disable_title":"default","ocean_disable_heading":"default","ocean_post_title":"","ocean_post_subheading":"","ocean_post_title_style":"","ocean_post_title_background_color":"","ocean_post_title_background":0,"ocean_post_title_bg_image_position":"","ocean_post_title_bg_image_attachment":"","ocean_post_title_bg_image_repeat":"","ocean_post_title_bg_image_size":"","ocean_post_title_height":0,"ocean_post_title_bg_overlay":0.5,"ocean_post_title_bg_overlay_color":"","ocean_disable_breadcrumbs":"default","ocean_breadcrumbs_color":"","ocean_breadcrumbs_separator_color":"","ocean_breadcrumbs_links_color":"","ocean_breadcrumbs_links_hover_color":"","ocean_display_footer_widgets":"default","ocean_display_footer_bottom":"default","ocean_custom_footer_template":"0","omw_enable_modal_window":"enable"},"product_brand":[778],"product_cat":[50,588,54],"product_tag":[703,577,586,718,717,716,174,704],"class_list":{"0":"post-5770","1":"product","2":"type-product","3":"status-publish","4":"has-post-thumbnail","6":"product_brand-adventure-parts","7":"product_cat-acessorios","8":"product_cat-protecoes-crashbars","9":"product_cat-suportes","10":"product_tag-450mt","11":"product_tag-cf-moto","12":"product_tag-crashbar","13":"product_tag-farois-axuliares","14":"product_tag-ferros","15":"product_tag-inferior","16":"product_tag-protecao","17":"product_tag-superior","19":"entry","20":"has-media","22":"first","23":"onbackorder","24":"shipping-taxable","25":"purchasable","26":"product-type-simple","27":"has-product-nav","28":"col","29":"span_1_of_4","30":"owp-content-right","31":"owp-thumbs-layout-horizontal","32":"owp-btn-normal","33":"owp-tabs-layout-horizontal"},"yoast_head":"<!-- This site is optimized with the Yoast SEO plugin v27.4 - https:\/\/yoast.com\/product\/yoast-seo-wordpress\/ -->\n<title>CF Moto 450MT - Conjunto Crashbar Superior + Inferior Adventure Parts - Moto Leonardo<\/title>\n<meta name=\"description\" content=\"Prote\u00e7\u00e3o total e o melhor custo-benef\u00edcio para a sua CF Moto 450MT! Conjunto Completo de Crash Bars (Superior + Inferior) ADV Parts. Muito robusto.\" \/>\n<meta name=\"robots\" content=\"index, follow, max-snippet:-1, max-image-preview:large, max-video-preview:-1\" \/>\n<link rel=\"canonical\" href=\"https:\/\/motoleonardo.com\/?product=cf-moto-450mt-conjunto-crashbar-superior-inferior-adv\" \/>\n<meta property=\"og:locale\" content=\"pt_PT\" \/>\n<meta property=\"og:type\" content=\"article\" \/>\n<meta property=\"og:title\" content=\"CF Moto 450MT - Conjunto Crashbar Superior + Inferior Adventure Parts - Moto Leonardo\" \/>\n<meta property=\"og:description\" content=\"Prote\u00e7\u00e3o total e o melhor custo-benef\u00edcio para a sua CF Moto 450MT! Conjunto Completo de Crash Bars (Superior + Inferior) ADV Parts. Muito robusto.\" \/>\n<meta property=\"og:url\" content=\"https:\/\/motoleonardo.com\/?product=cf-moto-450mt-conjunto-crashbar-superior-inferior-adv\" \/>\n<meta property=\"og:site_name\" content=\"Moto Leonardo\" \/>\n<meta property=\"article:publisher\" content=\"https:\/\/www.facebook.com\/motoleonardopt\" \/>\n<meta property=\"article:modified_time\" content=\"2025-12-09T14:55:58+00:00\" \/>\n<meta property=\"og:image\" content=\"https:\/\/motoleonardo.com\/wp-content\/uploads\/2024\/11\/crash-bar-adventure-parts-cfmoto-450-mt.jpg\" \/>\n\t<meta property=\"og:image:width\" content=\"800\" \/>\n\t<meta property=\"og:image:height\" content=\"800\" \/>\n\t<meta property=\"og:image:type\" content=\"image\/jpeg\" \/>\n<meta name=\"twitter:card\" content=\"summary_large_image\" \/>\n<meta name=\"twitter:label1\" content=\"Tempo estimado de leitura\" \/>\n\t<meta name=\"twitter:data1\" content=\"1 minuto\" \/>\n<script type=\"application\/ld+json\" class=\"yoast-schema-graph\">{\"@context\":\"https:\\\/\\\/schema.org\",\"@graph\":[{\"@type\":\"WebPage\",\"@id\":\"https:\\\/\\\/motoleonardo.com\\\/?product=cf-moto-450mt-conjunto-crashbar-superior-inferior-adv\",\"url\":\"https:\\\/\\\/motoleonardo.com\\\/?product=cf-moto-450mt-conjunto-crashbar-superior-inferior-adv\",\"name\":\"CF Moto 450MT - Conjunto Crashbar Superior + Inferior Adventure Parts - Moto Leonardo\",\"isPartOf\":{\"@id\":\"https:\\\/\\\/motoleonardo.com\\\/#website\"},\"primaryImageOfPage\":{\"@id\":\"https:\\\/\\\/motoleonardo.com\\\/?product=cf-moto-450mt-conjunto-crashbar-superior-inferior-adv#primaryimage\"},\"image\":{\"@id\":\"https:\\\/\\\/motoleonardo.com\\\/?product=cf-moto-450mt-conjunto-crashbar-superior-inferior-adv#primaryimage\"},\"thumbnailUrl\":\"https:\\\/\\\/i0.wp.com\\\/motoleonardo.com\\\/wp-content\\\/uploads\\\/2024\\\/11\\\/crash-bar-adventure-parts-cfmoto-450-mt.jpg?fit=800%2C800&ssl=1\",\"datePublished\":\"2024-11-06T15:06:58+00:00\",\"dateModified\":\"2025-12-09T14:55:58+00:00\",\"description\":\"Prote\u00e7\u00e3o total e o melhor custo-benef\u00edcio para a sua CF Moto 450MT! Conjunto Completo de Crash Bars (Superior + Inferior) ADV Parts. Muito robusto.\",\"breadcrumb\":{\"@id\":\"https:\\\/\\\/motoleonardo.com\\\/?product=cf-moto-450mt-conjunto-crashbar-superior-inferior-adv#breadcrumb\"},\"inLanguage\":\"pt-PT\",\"potentialAction\":[{\"@type\":\"ReadAction\",\"target\":[\"https:\\\/\\\/motoleonardo.com\\\/?product=cf-moto-450mt-conjunto-crashbar-superior-inferior-adv\"]}]},{\"@type\":\"ImageObject\",\"inLanguage\":\"pt-PT\",\"@id\":\"https:\\\/\\\/motoleonardo.com\\\/?product=cf-moto-450mt-conjunto-crashbar-superior-inferior-adv#primaryimage\",\"url\":\"https:\\\/\\\/i0.wp.com\\\/motoleonardo.com\\\/wp-content\\\/uploads\\\/2024\\\/11\\\/crash-bar-adventure-parts-cfmoto-450-mt.jpg?fit=800%2C800&ssl=1\",\"contentUrl\":\"https:\\\/\\\/i0.wp.com\\\/motoleonardo.com\\\/wp-content\\\/uploads\\\/2024\\\/11\\\/crash-bar-adventure-parts-cfmoto-450-mt.jpg?fit=800%2C800&ssl=1\",\"width\":800,\"height\":800},{\"@type\":\"BreadcrumbList\",\"@id\":\"https:\\\/\\\/motoleonardo.com\\\/?product=cf-moto-450mt-conjunto-crashbar-superior-inferior-adv#breadcrumb\",\"itemListElement\":[{\"@type\":\"ListItem\",\"position\":1,\"name\":\"In\u00edcio\",\"item\":\"https:\\\/\\\/motoleonardo.com\\\/\"},{\"@type\":\"ListItem\",\"position\":2,\"name\":\"Todas Categorias\",\"item\":\"https:\\\/\\\/motoleonardo.com\\\/?page_id=252\"},{\"@type\":\"ListItem\",\"position\":3,\"name\":\"CF Moto 450MT &#8211; Conjunto Crashbar Superior + Inferior Adventure Parts\"}]},{\"@type\":\"WebSite\",\"@id\":\"https:\\\/\\\/motoleonardo.com\\\/#website\",\"url\":\"https:\\\/\\\/motoleonardo.com\\\/\",\"name\":\"Moto Leonardo\",\"description\":\"Motas Novas e Usadas - Oficina Multimarcas - Pe\u00e7as, Acess\u00f3rios e Equipamento\",\"publisher\":{\"@id\":\"https:\\\/\\\/motoleonardo.com\\\/#organization\"},\"potentialAction\":[{\"@type\":\"SearchAction\",\"target\":{\"@type\":\"EntryPoint\",\"urlTemplate\":\"https:\\\/\\\/motoleonardo.com\\\/?s={search_term_string}\"},\"query-input\":{\"@type\":\"PropertyValueSpecification\",\"valueRequired\":true,\"valueName\":\"search_term_string\"}}],\"inLanguage\":\"pt-PT\"},{\"@type\":\"Organization\",\"@id\":\"https:\\\/\\\/motoleonardo.com\\\/#organization\",\"name\":\"Moto Leonardo\",\"url\":\"https:\\\/\\\/motoleonardo.com\\\/\",\"logo\":{\"@type\":\"ImageObject\",\"inLanguage\":\"pt-PT\",\"@id\":\"https:\\\/\\\/motoleonardo.com\\\/#\\\/schema\\\/logo\\\/image\\\/\",\"url\":\"https:\\\/\\\/i0.wp.com\\\/motoleonardo.com\\\/wp-content\\\/uploads\\\/2022\\\/10\\\/cropped-Professional-Initial-Letter-Typography-Logo.png?fit=512%2C512&ssl=1\",\"contentUrl\":\"https:\\\/\\\/i0.wp.com\\\/motoleonardo.com\\\/wp-content\\\/uploads\\\/2022\\\/10\\\/cropped-Professional-Initial-Letter-Typography-Logo.png?fit=512%2C512&ssl=1\",\"width\":512,\"height\":512,\"caption\":\"Moto Leonardo\"},\"image\":{\"@id\":\"https:\\\/\\\/motoleonardo.com\\\/#\\\/schema\\\/logo\\\/image\\\/\"},\"sameAs\":[\"https:\\\/\\\/www.facebook.com\\\/motoleonardopt\",\"https:\\\/\\\/www.instagram.com\\\/moto_leonardo\\\/\"]}]}<\/script>\n<!-- \/ Yoast SEO plugin. -->","yoast_head_json":{"title":"CF Moto 450MT - Conjunto Crashbar Superior + Inferior Adventure Parts - Moto Leonardo","description":"Prote\u00e7\u00e3o total e o melhor custo-benef\u00edcio para a sua CF Moto 450MT! Conjunto Completo de Crash Bars (Superior + Inferior) ADV Parts. Muito robusto.","robots":{"index":"index","follow":"follow","max-snippet":"max-snippet:-1","max-image-preview":"max-image-preview:large","max-video-preview":"max-video-preview:-1"},"canonical":"https:\/\/motoleonardo.com\/?product=cf-moto-450mt-conjunto-crashbar-superior-inferior-adv","og_locale":"pt_PT","og_type":"article","og_title":"CF Moto 450MT - Conjunto Crashbar Superior + Inferior Adventure Parts - Moto Leonardo","og_description":"Prote\u00e7\u00e3o total e o melhor custo-benef\u00edcio para a sua CF Moto 450MT! Conjunto Completo de Crash Bars (Superior + Inferior) ADV Parts. Muito robusto.","og_url":"https:\/\/motoleonardo.com\/?product=cf-moto-450mt-conjunto-crashbar-superior-inferior-adv","og_site_name":"Moto Leonardo","article_publisher":"https:\/\/www.facebook.com\/motoleonardopt","article_modified_time":"2025-12-09T14:55:58+00:00","og_image":[{"width":800,"height":800,"url":"https:\/\/motoleonardo.com\/wp-content\/uploads\/2024\/11\/crash-bar-adventure-parts-cfmoto-450-mt.jpg","type":"image\/jpeg"}],"twitter_card":"summary_large_image","twitter_misc":{"Tempo estimado de leitura":"1 minuto"},"schema":{"@context":"https:\/\/schema.org","@graph":[{"@type":"WebPage","@id":"https:\/\/motoleonardo.com\/?product=cf-moto-450mt-conjunto-crashbar-superior-inferior-adv","url":"https:\/\/motoleonardo.com\/?product=cf-moto-450mt-conjunto-crashbar-superior-inferior-adv","name":"CF Moto 450MT - Conjunto Crashbar Superior + Inferior Adventure Parts - Moto Leonardo","isPartOf":{"@id":"https:\/\/motoleonardo.com\/#website"},"primaryImageOfPage":{"@id":"https:\/\/motoleonardo.com\/?product=cf-moto-450mt-conjunto-crashbar-superior-inferior-adv#primaryimage"},"image":{"@id":"https:\/\/motoleonardo.com\/?product=cf-moto-450mt-conjunto-crashbar-superior-inferior-adv#primaryimage"},"thumbnailUrl":"https:\/\/i0.wp.com\/motoleonardo.com\/wp-content\/uploads\/2024\/11\/crash-bar-adventure-parts-cfmoto-450-mt.jpg?fit=800%2C800&ssl=1","datePublished":"2024-11-06T15:06:58+00:00","dateModified":"2025-12-09T14:55:58+00:00","description":"Prote\u00e7\u00e3o total e o melhor custo-benef\u00edcio para a sua CF Moto 450MT! Conjunto Completo de Crash Bars (Superior + Inferior) ADV Parts. Muito robusto.","breadcrumb":{"@id":"https:\/\/motoleonardo.com\/?product=cf-moto-450mt-conjunto-crashbar-superior-inferior-adv#breadcrumb"},"inLanguage":"pt-PT","potentialAction":[{"@type":"ReadAction","target":["https:\/\/motoleonardo.com\/?product=cf-moto-450mt-conjunto-crashbar-superior-inferior-adv"]}]},{"@type":"ImageObject","inLanguage":"pt-PT","@id":"https:\/\/motoleonardo.com\/?product=cf-moto-450mt-conjunto-crashbar-superior-inferior-adv#primaryimage","url":"https:\/\/i0.wp.com\/motoleonardo.com\/wp-content\/uploads\/2024\/11\/crash-bar-adventure-parts-cfmoto-450-mt.jpg?fit=800%2C800&ssl=1","contentUrl":"https:\/\/i0.wp.com\/motoleonardo.com\/wp-content\/uploads\/2024\/11\/crash-bar-adventure-parts-cfmoto-450-mt.jpg?fit=800%2C800&ssl=1","width":800,"height":800},{"@type":"BreadcrumbList","@id":"https:\/\/motoleonardo.com\/?product=cf-moto-450mt-conjunto-crashbar-superior-inferior-adv#breadcrumb","itemListElement":[{"@type":"ListItem","position":1,"name":"In\u00edcio","item":"https:\/\/motoleonardo.com\/"},{"@type":"ListItem","position":2,"name":"Todas Categorias","item":"https:\/\/motoleonardo.com\/?page_id=252"},{"@type":"ListItem","position":3,"name":"CF Moto 450MT &#8211; Conjunto Crashbar Superior + Inferior Adventure Parts"}]},{"@type":"WebSite","@id":"https:\/\/motoleonardo.com\/#website","url":"https:\/\/motoleonardo.com\/","name":"Moto Leonardo","description":"Motas Novas e Usadas - Oficina Multimarcas - Pe\u00e7as, Acess\u00f3rios e Equipamento","publisher":{"@id":"https:\/\/motoleonardo.com\/#organization"},"potentialAction":[{"@type":"SearchAction","target":{"@type":"EntryPoint","urlTemplate":"https:\/\/motoleonardo.com\/?s={search_term_string}"},"query-input":{"@type":"PropertyValueSpecification","valueRequired":true,"valueName":"search_term_string"}}],"inLanguage":"pt-PT"},{"@type":"Organization","@id":"https:\/\/motoleonardo.com\/#organization","name":"Moto Leonardo","url":"https:\/\/motoleonardo.com\/","logo":{"@type":"ImageObject","inLanguage":"pt-PT","@id":"https:\/\/motoleonardo.com\/#\/schema\/logo\/image\/","url":"https:\/\/i0.wp.com\/motoleonardo.com\/wp-content\/uploads\/2022\/10\/cropped-Professional-Initial-Letter-Typography-Logo.png?fit=512%2C512&ssl=1","contentUrl":"https:\/\/i0.wp.com\/motoleonardo.com\/wp-content\/uploads\/2022\/10\/cropped-Professional-Initial-Letter-Typography-Logo.png?fit=512%2C512&ssl=1","width":512,"height":512,"caption":"Moto Leonardo"},"image":{"@id":"https:\/\/motoleonardo.com\/#\/schema\/logo\/image\/"},"sameAs":["https:\/\/www.facebook.com\/motoleonardopt","https:\/\/www.instagram.com\/moto_leonardo\/"]}]}},"jetpack_sharing_enabled":true,"_links":{"self":[{"href":"https:\/\/motoleonardo.com\/index.php?rest_route=\/wp\/v2\/product\/5770","targetHints":{"allow":["GET"]}}],"collection":[{"href":"https:\/\/motoleonardo.com\/index.php?rest_route=\/wp\/v2\/product"}],"about":[{"href":"https:\/\/motoleonardo.com\/index.php?rest_route=\/wp\/v2\/types\/product"}],"wp:featuredmedia":[{"embeddable":true,"href":"https:\/\/motoleonardo.com\/index.php?rest_route=\/wp\/v2\/media\/5773"}],"wp:attachment":[{"href":"https:\/\/motoleonardo.com\/index.php?rest_route=%2Fwp%2Fv2%2Fmedia&parent=5770"}],"wp:term":[{"taxonomy":"product_brand","embeddable":true,"href":"https:\/\/motoleonardo.com\/index.php?rest_route=%2Fwp%2Fv2%2Fproduct_brand&post=5770"},{"taxonomy":"product_cat","embeddable":true,"href":"https:\/\/motoleonardo.com\/index.php?rest_route=%2Fwp%2Fv2%2Fproduct_cat&post=5770"},{"taxonomy":"product_tag","embeddable":true,"href":"https:\/\/motoleonardo.com\/index.php?rest_route=%2Fwp%2Fv2%2Fproduct_tag&post=5770"}],"curies":[{"name":"wp","href":"https:\/\/api.w.org\/{rel}","templated":true}]}}