{"id":5866,"date":"2024-11-14T16:54:54","date_gmt":"2024-11-14T16:54:54","guid":{"rendered":"https:\/\/motoleonardo.com\/?post_type=product&#038;p=5866"},"modified":"2024-11-20T09:30:51","modified_gmt":"2024-11-20T09:30:51","slug":"cf-moto-650gt-shad-bolsa-deposito-e091cl-click-system","status":"publish","type":"product","link":"https:\/\/motoleonardo.com\/?product=cf-moto-650gt-shad-bolsa-deposito-e091cl-click-system","title":{"rendered":"CF Moto 450MT\/650GT\/650MT\/650NK\/700MT &#8211; Shad Bolsa Deposito E091CL + Click System c010cs"},"content":{"rendered":"<p><strong>Bolsa E091CL + Click System c010cs para CF Moto 650GT, 650MT, 700MT, 650NK e 450MT.<br \/>\nOferta da montagem.<\/strong><\/p>\n<p>O <strong>E091CL Click System Dual Lockable Tank Bag<\/strong> \u00e9 o saco de dep\u00f3sito de n\u00edvel m\u00e9dio da gama Click System da SHAD. Concebida para ser um acess\u00f3rio de viagem perfeito que combina as necessidades das viagens quotidianas com as das viagens mais longas. Com 9 litros de capacidade, tem o tamanho ideal para um telem\u00f3vel, carteira, bebida, documentos de viagem e outros artigos.<\/p>\n<p>O sistema Click \u00e9 um m\u00e9todo de fixa\u00e7\u00e3o \u00fanico que substitui 3 ou 4 parafusos \u00e0 volta da tampa do dep\u00f3sito por um suporte em forma de ferradura. O saco do dep\u00f3sito pode ent\u00e3o ser encaixado no lugar e libertado com um simples bot\u00e3o de press\u00e3o.<\/p>\n<p>O saco de dep\u00f3sito com fecho duplo E091CL Click System est\u00e1 repleto de carater\u00edsticas, incluindo fechos de correr que permitem o uso de luvas, uma estrutura r\u00edgida, bolsos de rede e uma forma personalizada que permite ao motociclista utiliz\u00e1-lo.<\/p>\n<p><strong>Existem 3 vers\u00f5es deste saco de dep\u00f3sito:<\/strong><\/p>\n<ol>\n<li>Vers\u00e3o standard, sem fecho (E09C)<\/li>\n<li>Com fecho para bicicleta (E09CL)<\/li>\n<li>Com fecho duplo &#8211; Fecho de combina\u00e7\u00e3o nos fechos e fecho para a bicicleta (E091CL)<\/li>\n<\/ol>\n<p>Esta \u00e9 a vers\u00e3o com fecho duplo.<\/p>\n<p><strong>Ter\u00e1 de adicionar um kit de montagem Click System espec\u00edfico para bicicletas para completar o conjunto. (Inclu\u00eddo para CFMOTO 650GT)<\/strong><\/p>\n<ul>\n<li>Capacidade de 9 litros<\/li>\n<li>Bot\u00e3o de liberta\u00e7\u00e3o r\u00e1pida<\/li>\n<li>Fecho de correr e bloqueio na bicicleta<\/li>\n<li>A estrutura r\u00edgida mant\u00e9m a forma mesmo quando est\u00e1 vazia<\/li>\n<li>Instala\u00e7\u00e3o f\u00e1cil em apenas 3 minutos<\/li>\n<li>Pega de transporte almofadada<\/li>\n<li>Al\u00e7a de ombro inclu\u00edda<\/li>\n<li>Resistente ao duche (capa imperme\u00e1vel inclu\u00edda)<\/li>\n<li>Bolso interior em rede<\/li>\n<li>Fechos de correr que permitem o uso de luvas<\/li>\n<li>Tamanho: 30 x 24,5 x 14 cm<\/li>\n<li>2 anos de garantia do fabricante<\/li>\n<li>Concebido em Barcelona<\/li>\n<\/ul>\n","protected":false},"excerpt":{"rendered":"<p>Bolsa E091CL + Click System c010cs para CF Moto 650GT, 650MT, 700MT, 650NK e 450MT. Oferta da montagem. O E091CL Click System Dual Lockable Tank Bag \u00e9 o saco de dep\u00f3sito de n\u00edvel m\u00e9dio da gama Click System da SHAD. Concebida para ser um acess\u00f3rio de viagem perfeito que combina as necessidades das viagens quotidianas com as das viagens mais longas. Com 9 litros de capacidade, tem o tamanho ideal para um telem\u00f3vel, carteira, bebida, documentos de viagem e outros artigos. O sistema Click \u00e9 um m\u00e9todo de fixa\u00e7\u00e3o \u00fanico que substitui 3 ou 4 parafusos \u00e0 volta da tampa do dep\u00f3sito por um suporte em forma de ferradura. O saco do dep\u00f3sito pode ent\u00e3o ser encaixado no lugar e libertado com um simples bot\u00e3o de press\u00e3o. O saco de dep\u00f3sito com fecho duplo E091CL Click System est\u00e1 repleto de carater\u00edsticas, incluindo fechos de correr que permitem o uso de luvas, uma estrutura r\u00edgida, bolsos de rede e uma forma personalizada que permite ao motociclista utiliz\u00e1-lo. Existem 3 vers\u00f5es deste saco de dep\u00f3sito: Vers\u00e3o standard, sem fecho (E09C) Com fecho para bicicleta (E09CL) Com fecho duplo &#8211; Fecho de combina\u00e7\u00e3o nos fechos e fecho para a bicicleta (E091CL) Esta \u00e9 a vers\u00e3o com fecho duplo. Ter\u00e1 de adicionar um kit de montagem Click System espec\u00edfico para bicicletas para completar o conjunto. (Inclu\u00eddo para CFMOTO 650GT) Capacidade de 9 litros Bot\u00e3o de liberta\u00e7\u00e3o r\u00e1pida Fecho de correr e bloqueio na bicicleta A estrutura r\u00edgida mant\u00e9m a forma mesmo quando est\u00e1 vazia Instala\u00e7\u00e3o f\u00e1cil em apenas 3 minutos Pega de transporte almofadada Al\u00e7a de ombro inclu\u00edda Resistente ao duche (capa imperme\u00e1vel inclu\u00edda) Bolso interior em rede Fechos de correr que permitem o uso de luvas Tamanho: 30 x 24,5 x 14 cm 2 anos de garantia do fabricante Concebido em Barcelona<\/p>\n","protected":false},"featured_media":5869,"template":"","meta":{"ocean_post_layout":"","ocean_both_sidebars_style":"","ocean_both_sidebars_content_width":0,"ocean_both_sidebars_sidebars_width":0,"ocean_sidebar":"0","ocean_second_sidebar":"0","ocean_disable_margins":"enable","ocean_add_body_class":"","ocean_shortcode_before_top_bar":"","ocean_shortcode_after_top_bar":"","ocean_shortcode_before_header":"","ocean_shortcode_after_header":"","ocean_has_shortcode":"","ocean_shortcode_after_title":"","ocean_shortcode_before_footer_widgets":"","ocean_shortcode_after_footer_widgets":"","ocean_shortcode_before_footer_bottom":"","ocean_shortcode_after_footer_bottom":"","ocean_display_top_bar":"default","ocean_display_header":"default","ocean_header_style":"","ocean_center_header_left_menu":"0","ocean_custom_header_template":"0","ocean_custom_logo":0,"ocean_custom_retina_logo":0,"ocean_custom_logo_max_width":0,"ocean_custom_logo_tablet_max_width":0,"ocean_custom_logo_mobile_max_width":0,"ocean_custom_logo_max_height":0,"ocean_custom_logo_tablet_max_height":0,"ocean_custom_logo_mobile_max_height":0,"ocean_header_custom_menu":"0","ocean_menu_typo_font_family":"0","ocean_menu_typo_font_subset":"","ocean_menu_typo_font_size":0,"ocean_menu_typo_font_size_tablet":0,"ocean_menu_typo_font_size_mobile":0,"ocean_menu_typo_font_size_unit":"px","ocean_menu_typo_font_weight":"","ocean_menu_typo_font_weight_tablet":"","ocean_menu_typo_font_weight_mobile":"","ocean_menu_typo_transform":"","ocean_menu_typo_transform_tablet":"","ocean_menu_typo_transform_mobile":"","ocean_menu_typo_line_height":0,"ocean_menu_typo_line_height_tablet":0,"ocean_menu_typo_line_height_mobile":0,"ocean_menu_typo_line_height_unit":"","ocean_menu_typo_spacing":0,"ocean_menu_typo_spacing_tablet":0,"ocean_menu_typo_spacing_mobile":0,"ocean_menu_typo_spacing_unit":"","ocean_menu_link_color":"","ocean_menu_link_color_hover":"","ocean_menu_link_color_active":"","ocean_menu_link_background":"","ocean_menu_link_hover_background":"","ocean_menu_link_active_background":"","ocean_menu_social_links_bg":"","ocean_menu_social_hover_links_bg":"","ocean_menu_social_links_color":"","ocean_menu_social_hover_links_color":"","ocean_disable_title":"default","ocean_disable_heading":"default","ocean_post_title":"","ocean_post_subheading":"","ocean_post_title_style":"","ocean_post_title_background_color":"","ocean_post_title_background":0,"ocean_post_title_bg_image_position":"","ocean_post_title_bg_image_attachment":"","ocean_post_title_bg_image_repeat":"","ocean_post_title_bg_image_size":"","ocean_post_title_height":0,"ocean_post_title_bg_overlay":0.5,"ocean_post_title_bg_overlay_color":"","ocean_disable_breadcrumbs":"default","ocean_breadcrumbs_color":"","ocean_breadcrumbs_separator_color":"","ocean_breadcrumbs_links_color":"","ocean_breadcrumbs_links_hover_color":"","ocean_display_footer_widgets":"default","ocean_display_footer_bottom":"default","ocean_custom_footer_template":"0","omw_enable_modal_window":"enable"},"product_brand":[],"product_cat":[312,51,50],"product_tag":[703,733,732,734,731,729,727,726,730,725,286,728,288],"class_list":{"0":"post-5866","1":"product","2":"type-product","3":"status-publish","4":"has-post-thumbnail","6":"product_cat-kits-viagem-e-reparacao","7":"product_cat-malas","8":"product_cat-acessorios","9":"product_tag-450mt","10":"product_tag-650gt","11":"product_tag-650mt","12":"product_tag-650nk","13":"product_tag-700mt","14":"product_tag-bolsa","15":"product_tag-bolsa-deposito","16":"product_tag-click-system","17":"product_tag-deposito","18":"product_tag-e091cl","19":"product_tag-mala","20":"product_tag-mala-deposito","21":"product_tag-shad","23":"entry","24":"has-media","26":"first","27":"outofstock","28":"shipping-taxable","29":"purchasable","30":"product-type-simple","31":"has-product-nav","32":"col","33":"span_1_of_4","34":"owp-content-right","35":"owp-thumbs-layout-horizontal","36":"owp-btn-normal","37":"owp-tabs-layout-horizontal"},"yoast_head":"<!-- This site is optimized with the Yoast SEO plugin v27.4 - https:\/\/yoast.com\/product\/yoast-seo-wordpress\/ -->\n<title>CF Moto 450MT\/650GT\/650MT\/650NK\/700MT - Shad Bolsa Deposito E091CL + Click System c010cs - Moto Leonardo<\/title>\n<meta name=\"robots\" content=\"index, follow, max-snippet:-1, max-image-preview:large, max-video-preview:-1\" \/>\n<link rel=\"canonical\" href=\"https:\/\/motoleonardo.com\/?product=cf-moto-650gt-shad-bolsa-deposito-e091cl-click-system\" \/>\n<meta property=\"og:locale\" content=\"pt_PT\" \/>\n<meta property=\"og:type\" content=\"article\" \/>\n<meta property=\"og:title\" content=\"CF Moto 450MT\/650GT\/650MT\/650NK\/700MT - Shad Bolsa Deposito E091CL + Click System c010cs - Moto Leonardo\" \/>\n<meta property=\"og:description\" content=\"Bolsa E091CL + Click System c010cs para CF Moto 650GT, 650MT, 700MT, 650NK e 450MT. Oferta da montagem. O E091CL Click System Dual Lockable Tank Bag \u00e9 o saco de dep\u00f3sito de n\u00edvel m\u00e9dio da gama Click System da SHAD. Concebida para ser um acess\u00f3rio de viagem perfeito que combina as necessidades das viagens quotidianas com as das viagens mais longas. Com 9 litros de capacidade, tem o tamanho ideal para um telem\u00f3vel, carteira, bebida, documentos de viagem e outros artigos. O sistema Click \u00e9 um m\u00e9todo de fixa\u00e7\u00e3o \u00fanico que substitui 3 ou 4 parafusos \u00e0 volta da tampa do dep\u00f3sito por um suporte em forma de ferradura. O saco do dep\u00f3sito pode ent\u00e3o ser encaixado no lugar e libertado com um simples bot\u00e3o de press\u00e3o. O saco de dep\u00f3sito com fecho duplo E091CL Click System est\u00e1 repleto de carater\u00edsticas, incluindo fechos de correr que permitem o uso de luvas, uma estrutura r\u00edgida, bolsos de rede e uma forma personalizada que permite ao motociclista utiliz\u00e1-lo. Existem 3 vers\u00f5es deste saco de dep\u00f3sito: Vers\u00e3o standard, sem fecho (E09C) Com fecho para bicicleta (E09CL) Com fecho duplo &#8211; Fecho de combina\u00e7\u00e3o nos fechos e fecho para a bicicleta (E091CL) Esta \u00e9 a vers\u00e3o com fecho duplo. Ter\u00e1 de adicionar um kit de montagem Click System espec\u00edfico para bicicletas para completar o conjunto. (Inclu\u00eddo para CFMOTO 650GT) Capacidade de 9 litros Bot\u00e3o de liberta\u00e7\u00e3o r\u00e1pida Fecho de correr e bloqueio na bicicleta A estrutura r\u00edgida mant\u00e9m a forma mesmo quando est\u00e1 vazia Instala\u00e7\u00e3o f\u00e1cil em apenas 3 minutos Pega de transporte almofadada Al\u00e7a de ombro inclu\u00edda Resistente ao duche (capa imperme\u00e1vel inclu\u00edda) Bolso interior em rede Fechos de correr que permitem o uso de luvas Tamanho: 30 x 24,5 x 14 cm 2 anos de garantia do fabricante Concebido em Barcelona\" \/>\n<meta property=\"og:url\" content=\"https:\/\/motoleonardo.com\/?product=cf-moto-650gt-shad-bolsa-deposito-e091cl-click-system\" \/>\n<meta property=\"og:site_name\" content=\"Moto Leonardo\" \/>\n<meta property=\"article:publisher\" content=\"https:\/\/www.facebook.com\/motoleonardopt\" \/>\n<meta property=\"article:modified_time\" content=\"2024-11-20T09:30:51+00:00\" \/>\n<meta property=\"og:image\" content=\"https:\/\/i0.wp.com\/motoleonardo.com\/wp-content\/uploads\/2024\/11\/X0SE091CL-SHAD-1.webp?fit=800%2C600&ssl=1\" \/>\n\t<meta property=\"og:image:width\" content=\"800\" \/>\n\t<meta property=\"og:image:height\" content=\"600\" \/>\n\t<meta property=\"og:image:type\" content=\"image\/webp\" \/>\n<meta name=\"twitter:card\" content=\"summary_large_image\" \/>\n<meta name=\"twitter:label1\" content=\"Tempo estimado de leitura\" \/>\n\t<meta name=\"twitter:data1\" content=\"2 minutos\" \/>\n<script type=\"application\/ld+json\" class=\"yoast-schema-graph\">{\"@context\":\"https:\\\/\\\/schema.org\",\"@graph\":[{\"@type\":\"WebPage\",\"@id\":\"https:\\\/\\\/motoleonardo.com\\\/?product=cf-moto-650gt-shad-bolsa-deposito-e091cl-click-system\",\"url\":\"https:\\\/\\\/motoleonardo.com\\\/?product=cf-moto-650gt-shad-bolsa-deposito-e091cl-click-system\",\"name\":\"CF Moto 450MT\\\/650GT\\\/650MT\\\/650NK\\\/700MT - Shad Bolsa Deposito E091CL + Click System c010cs - Moto Leonardo\",\"isPartOf\":{\"@id\":\"https:\\\/\\\/motoleonardo.com\\\/#website\"},\"primaryImageOfPage\":{\"@id\":\"https:\\\/\\\/motoleonardo.com\\\/?product=cf-moto-650gt-shad-bolsa-deposito-e091cl-click-system#primaryimage\"},\"image\":{\"@id\":\"https:\\\/\\\/motoleonardo.com\\\/?product=cf-moto-650gt-shad-bolsa-deposito-e091cl-click-system#primaryimage\"},\"thumbnailUrl\":\"https:\\\/\\\/i0.wp.com\\\/motoleonardo.com\\\/wp-content\\\/uploads\\\/2024\\\/11\\\/X0SE091CL-SHAD-1.webp?fit=800%2C600&ssl=1\",\"datePublished\":\"2024-11-14T16:54:54+00:00\",\"dateModified\":\"2024-11-20T09:30:51+00:00\",\"breadcrumb\":{\"@id\":\"https:\\\/\\\/motoleonardo.com\\\/?product=cf-moto-650gt-shad-bolsa-deposito-e091cl-click-system#breadcrumb\"},\"inLanguage\":\"pt-PT\",\"potentialAction\":[{\"@type\":\"ReadAction\",\"target\":[\"https:\\\/\\\/motoleonardo.com\\\/?product=cf-moto-650gt-shad-bolsa-deposito-e091cl-click-system\"]}]},{\"@type\":\"ImageObject\",\"inLanguage\":\"pt-PT\",\"@id\":\"https:\\\/\\\/motoleonardo.com\\\/?product=cf-moto-650gt-shad-bolsa-deposito-e091cl-click-system#primaryimage\",\"url\":\"https:\\\/\\\/i0.wp.com\\\/motoleonardo.com\\\/wp-content\\\/uploads\\\/2024\\\/11\\\/X0SE091CL-SHAD-1.webp?fit=800%2C600&ssl=1\",\"contentUrl\":\"https:\\\/\\\/i0.wp.com\\\/motoleonardo.com\\\/wp-content\\\/uploads\\\/2024\\\/11\\\/X0SE091CL-SHAD-1.webp?fit=800%2C600&ssl=1\",\"width\":800,\"height\":600},{\"@type\":\"BreadcrumbList\",\"@id\":\"https:\\\/\\\/motoleonardo.com\\\/?product=cf-moto-650gt-shad-bolsa-deposito-e091cl-click-system#breadcrumb\",\"itemListElement\":[{\"@type\":\"ListItem\",\"position\":1,\"name\":\"In\u00edcio\",\"item\":\"https:\\\/\\\/motoleonardo.com\\\/\"},{\"@type\":\"ListItem\",\"position\":2,\"name\":\"Todas Categorias\",\"item\":\"https:\\\/\\\/motoleonardo.com\\\/?page_id=252\"},{\"@type\":\"ListItem\",\"position\":3,\"name\":\"CF Moto 450MT\\\/650GT\\\/650MT\\\/650NK\\\/700MT &#8211; Shad Bolsa Deposito E091CL + Click System c010cs\"}]},{\"@type\":\"WebSite\",\"@id\":\"https:\\\/\\\/motoleonardo.com\\\/#website\",\"url\":\"https:\\\/\\\/motoleonardo.com\\\/\",\"name\":\"Moto Leonardo\",\"description\":\"Motas Novas e Usadas - Oficina Multimarcas - Pe\u00e7as, Acess\u00f3rios e Equipamento\",\"publisher\":{\"@id\":\"https:\\\/\\\/motoleonardo.com\\\/#organization\"},\"potentialAction\":[{\"@type\":\"SearchAction\",\"target\":{\"@type\":\"EntryPoint\",\"urlTemplate\":\"https:\\\/\\\/motoleonardo.com\\\/?s={search_term_string}\"},\"query-input\":{\"@type\":\"PropertyValueSpecification\",\"valueRequired\":true,\"valueName\":\"search_term_string\"}}],\"inLanguage\":\"pt-PT\"},{\"@type\":\"Organization\",\"@id\":\"https:\\\/\\\/motoleonardo.com\\\/#organization\",\"name\":\"Moto Leonardo\",\"url\":\"https:\\\/\\\/motoleonardo.com\\\/\",\"logo\":{\"@type\":\"ImageObject\",\"inLanguage\":\"pt-PT\",\"@id\":\"https:\\\/\\\/motoleonardo.com\\\/#\\\/schema\\\/logo\\\/image\\\/\",\"url\":\"https:\\\/\\\/i0.wp.com\\\/motoleonardo.com\\\/wp-content\\\/uploads\\\/2022\\\/10\\\/cropped-Professional-Initial-Letter-Typography-Logo.png?fit=512%2C512&ssl=1\",\"contentUrl\":\"https:\\\/\\\/i0.wp.com\\\/motoleonardo.com\\\/wp-content\\\/uploads\\\/2022\\\/10\\\/cropped-Professional-Initial-Letter-Typography-Logo.png?fit=512%2C512&ssl=1\",\"width\":512,\"height\":512,\"caption\":\"Moto Leonardo\"},\"image\":{\"@id\":\"https:\\\/\\\/motoleonardo.com\\\/#\\\/schema\\\/logo\\\/image\\\/\"},\"sameAs\":[\"https:\\\/\\\/www.facebook.com\\\/motoleonardopt\",\"https:\\\/\\\/www.instagram.com\\\/moto_leonardo\\\/\"]}]}<\/script>\n<!-- \/ Yoast SEO plugin. -->","yoast_head_json":{"title":"CF Moto 450MT\/650GT\/650MT\/650NK\/700MT - Shad Bolsa Deposito E091CL + Click System c010cs - Moto Leonardo","robots":{"index":"index","follow":"follow","max-snippet":"max-snippet:-1","max-image-preview":"max-image-preview:large","max-video-preview":"max-video-preview:-1"},"canonical":"https:\/\/motoleonardo.com\/?product=cf-moto-650gt-shad-bolsa-deposito-e091cl-click-system","og_locale":"pt_PT","og_type":"article","og_title":"CF Moto 450MT\/650GT\/650MT\/650NK\/700MT - Shad Bolsa Deposito E091CL + Click System c010cs - Moto Leonardo","og_description":"Bolsa E091CL + Click System c010cs para CF Moto 650GT, 650MT, 700MT, 650NK e 450MT. Oferta da montagem. O E091CL Click System Dual Lockable Tank Bag \u00e9 o saco de dep\u00f3sito de n\u00edvel m\u00e9dio da gama Click System da SHAD. Concebida para ser um acess\u00f3rio de viagem perfeito que combina as necessidades das viagens quotidianas com as das viagens mais longas. Com 9 litros de capacidade, tem o tamanho ideal para um telem\u00f3vel, carteira, bebida, documentos de viagem e outros artigos. O sistema Click \u00e9 um m\u00e9todo de fixa\u00e7\u00e3o \u00fanico que substitui 3 ou 4 parafusos \u00e0 volta da tampa do dep\u00f3sito por um suporte em forma de ferradura. O saco do dep\u00f3sito pode ent\u00e3o ser encaixado no lugar e libertado com um simples bot\u00e3o de press\u00e3o. O saco de dep\u00f3sito com fecho duplo E091CL Click System est\u00e1 repleto de carater\u00edsticas, incluindo fechos de correr que permitem o uso de luvas, uma estrutura r\u00edgida, bolsos de rede e uma forma personalizada que permite ao motociclista utiliz\u00e1-lo. Existem 3 vers\u00f5es deste saco de dep\u00f3sito: Vers\u00e3o standard, sem fecho (E09C) Com fecho para bicicleta (E09CL) Com fecho duplo &#8211; Fecho de combina\u00e7\u00e3o nos fechos e fecho para a bicicleta (E091CL) Esta \u00e9 a vers\u00e3o com fecho duplo. Ter\u00e1 de adicionar um kit de montagem Click System espec\u00edfico para bicicletas para completar o conjunto. (Inclu\u00eddo para CFMOTO 650GT) Capacidade de 9 litros Bot\u00e3o de liberta\u00e7\u00e3o r\u00e1pida Fecho de correr e bloqueio na bicicleta A estrutura r\u00edgida mant\u00e9m a forma mesmo quando est\u00e1 vazia Instala\u00e7\u00e3o f\u00e1cil em apenas 3 minutos Pega de transporte almofadada Al\u00e7a de ombro inclu\u00edda Resistente ao duche (capa imperme\u00e1vel inclu\u00edda) Bolso interior em rede Fechos de correr que permitem o uso de luvas Tamanho: 30 x 24,5 x 14 cm 2 anos de garantia do fabricante Concebido em Barcelona","og_url":"https:\/\/motoleonardo.com\/?product=cf-moto-650gt-shad-bolsa-deposito-e091cl-click-system","og_site_name":"Moto Leonardo","article_publisher":"https:\/\/www.facebook.com\/motoleonardopt","article_modified_time":"2024-11-20T09:30:51+00:00","og_image":[{"width":800,"height":600,"url":"https:\/\/i0.wp.com\/motoleonardo.com\/wp-content\/uploads\/2024\/11\/X0SE091CL-SHAD-1.webp?fit=800%2C600&ssl=1","type":"image\/webp"}],"twitter_card":"summary_large_image","twitter_misc":{"Tempo estimado de leitura":"2 minutos"},"schema":{"@context":"https:\/\/schema.org","@graph":[{"@type":"WebPage","@id":"https:\/\/motoleonardo.com\/?product=cf-moto-650gt-shad-bolsa-deposito-e091cl-click-system","url":"https:\/\/motoleonardo.com\/?product=cf-moto-650gt-shad-bolsa-deposito-e091cl-click-system","name":"CF Moto 450MT\/650GT\/650MT\/650NK\/700MT - Shad Bolsa Deposito E091CL + Click System c010cs - Moto Leonardo","isPartOf":{"@id":"https:\/\/motoleonardo.com\/#website"},"primaryImageOfPage":{"@id":"https:\/\/motoleonardo.com\/?product=cf-moto-650gt-shad-bolsa-deposito-e091cl-click-system#primaryimage"},"image":{"@id":"https:\/\/motoleonardo.com\/?product=cf-moto-650gt-shad-bolsa-deposito-e091cl-click-system#primaryimage"},"thumbnailUrl":"https:\/\/i0.wp.com\/motoleonardo.com\/wp-content\/uploads\/2024\/11\/X0SE091CL-SHAD-1.webp?fit=800%2C600&ssl=1","datePublished":"2024-11-14T16:54:54+00:00","dateModified":"2024-11-20T09:30:51+00:00","breadcrumb":{"@id":"https:\/\/motoleonardo.com\/?product=cf-moto-650gt-shad-bolsa-deposito-e091cl-click-system#breadcrumb"},"inLanguage":"pt-PT","potentialAction":[{"@type":"ReadAction","target":["https:\/\/motoleonardo.com\/?product=cf-moto-650gt-shad-bolsa-deposito-e091cl-click-system"]}]},{"@type":"ImageObject","inLanguage":"pt-PT","@id":"https:\/\/motoleonardo.com\/?product=cf-moto-650gt-shad-bolsa-deposito-e091cl-click-system#primaryimage","url":"https:\/\/i0.wp.com\/motoleonardo.com\/wp-content\/uploads\/2024\/11\/X0SE091CL-SHAD-1.webp?fit=800%2C600&ssl=1","contentUrl":"https:\/\/i0.wp.com\/motoleonardo.com\/wp-content\/uploads\/2024\/11\/X0SE091CL-SHAD-1.webp?fit=800%2C600&ssl=1","width":800,"height":600},{"@type":"BreadcrumbList","@id":"https:\/\/motoleonardo.com\/?product=cf-moto-650gt-shad-bolsa-deposito-e091cl-click-system#breadcrumb","itemListElement":[{"@type":"ListItem","position":1,"name":"In\u00edcio","item":"https:\/\/motoleonardo.com\/"},{"@type":"ListItem","position":2,"name":"Todas Categorias","item":"https:\/\/motoleonardo.com\/?page_id=252"},{"@type":"ListItem","position":3,"name":"CF Moto 450MT\/650GT\/650MT\/650NK\/700MT &#8211; Shad Bolsa Deposito E091CL + Click System c010cs"}]},{"@type":"WebSite","@id":"https:\/\/motoleonardo.com\/#website","url":"https:\/\/motoleonardo.com\/","name":"Moto Leonardo","description":"Motas Novas e Usadas - Oficina Multimarcas - Pe\u00e7as, Acess\u00f3rios e Equipamento","publisher":{"@id":"https:\/\/motoleonardo.com\/#organization"},"potentialAction":[{"@type":"SearchAction","target":{"@type":"EntryPoint","urlTemplate":"https:\/\/motoleonardo.com\/?s={search_term_string}"},"query-input":{"@type":"PropertyValueSpecification","valueRequired":true,"valueName":"search_term_string"}}],"inLanguage":"pt-PT"},{"@type":"Organization","@id":"https:\/\/motoleonardo.com\/#organization","name":"Moto Leonardo","url":"https:\/\/motoleonardo.com\/","logo":{"@type":"ImageObject","inLanguage":"pt-PT","@id":"https:\/\/motoleonardo.com\/#\/schema\/logo\/image\/","url":"https:\/\/i0.wp.com\/motoleonardo.com\/wp-content\/uploads\/2022\/10\/cropped-Professional-Initial-Letter-Typography-Logo.png?fit=512%2C512&ssl=1","contentUrl":"https:\/\/i0.wp.com\/motoleonardo.com\/wp-content\/uploads\/2022\/10\/cropped-Professional-Initial-Letter-Typography-Logo.png?fit=512%2C512&ssl=1","width":512,"height":512,"caption":"Moto Leonardo"},"image":{"@id":"https:\/\/motoleonardo.com\/#\/schema\/logo\/image\/"},"sameAs":["https:\/\/www.facebook.com\/motoleonardopt","https:\/\/www.instagram.com\/moto_leonardo\/"]}]}},"jetpack_sharing_enabled":true,"_links":{"self":[{"href":"https:\/\/motoleonardo.com\/index.php?rest_route=\/wp\/v2\/product\/5866","targetHints":{"allow":["GET"]}}],"collection":[{"href":"https:\/\/motoleonardo.com\/index.php?rest_route=\/wp\/v2\/product"}],"about":[{"href":"https:\/\/motoleonardo.com\/index.php?rest_route=\/wp\/v2\/types\/product"}],"wp:featuredmedia":[{"embeddable":true,"href":"https:\/\/motoleonardo.com\/index.php?rest_route=\/wp\/v2\/media\/5869"}],"wp:attachment":[{"href":"https:\/\/motoleonardo.com\/index.php?rest_route=%2Fwp%2Fv2%2Fmedia&parent=5866"}],"wp:term":[{"taxonomy":"product_brand","embeddable":true,"href":"https:\/\/motoleonardo.com\/index.php?rest_route=%2Fwp%2Fv2%2Fproduct_brand&post=5866"},{"taxonomy":"product_cat","embeddable":true,"href":"https:\/\/motoleonardo.com\/index.php?rest_route=%2Fwp%2Fv2%2Fproduct_cat&post=5866"},{"taxonomy":"product_tag","embeddable":true,"href":"https:\/\/motoleonardo.com\/index.php?rest_route=%2Fwp%2Fv2%2Fproduct_tag&post=5866"}],"curies":[{"name":"wp","href":"https:\/\/api.w.org\/{rel}","templated":true}]}}