{"id":5976,"date":"2024-11-20T22:21:58","date_gmt":"2024-11-20T22:21:58","guid":{"rendered":"https:\/\/motoleonardo.com\/?post_type=product&#038;p=5976"},"modified":"2025-05-03T08:46:58","modified_gmt":"2025-05-03T08:46:58","slug":"mitt-125-adv","status":"publish","type":"product","link":"https:\/\/motoleonardo.com\/?product=mitt-125-adv","title":{"rendered":"MITT 125 ADV Cinzento"},"content":{"rendered":"<p>\ud83d\udd25SUPER CAMPANHA MITT 125 ADV \ud83d\udd25<br \/>\nAgora podes comprar a tua MITT 125 ADV com um desconto direto de 500\u20ac. N\u00e3o percas esta super oportunidade!<br \/>\n<strong><br \/>\nMITT 125 ADV<br \/>\nPVP:<\/strong> 2.990\u20ac*<br \/>\nIVA inclu\u00eddo. Acresce Documenta\u00e7\u00e3o, Transporte, ISV e IUC.<br \/>\n*Pre\u00e7o de campanha v\u00e1lida at\u00e9 30\/11\/2024<\/p>\n<p>\u27a1\ufe0f Carta de Carro B com idade igual ou superior a 25 anos ou carta A1<br \/>\n\u27a1\ufe0f Possibilidade de financiamento<br \/>\n\u27a1\ufe0f Entrega em casa<br \/>\n\u27a1\ufe0f Oficina para assist\u00eancia e manuten\u00e7\u00e3o<br \/>\n\u27a1\ufe0f Garantia 36 meses de f\u00e1brica<\/p>\n<p>Informa\u00e7\u00e3o:<br \/>\n\u2705 Motor Honda PCX 14cv<br \/>\n\u2705 Start &amp; Stop<br \/>\n\u2705 Keyless<br \/>\n\u2705 Ilumina\u00e7\u00e3o Full LED<br \/>\n\u2705 Manetes ajust\u00e1veis<br \/>\n\u2705 Porta USB<br \/>\n\u2705 Trav\u00e3o de m\u00e3o<br \/>\n\u2705 Painel digital a cores<br \/>\n\u2705 Para-brisas ajust\u00e1vel<br \/>\n\u2705 Oferta capa de chuva<\/p>\n<p>A AVENTURA COM MELHOR DESIGN E AO MELHOR PRE\u00c7O<br \/>\nA 125 ADV d\u00e1 o seu melhor no tr\u00e2nsito urbano e n\u00e3o tem medo de aventuras. Inspirada no estilo Adventure a nova scooter da MITT vai-te permitir atingir patamares que nunca imaginaste.<\/p>\n<p>Uma das caracter\u00edsticas mais impressionantes da nova MITT 125ADV \u00e9 o seu motor Loncin refrigerado a \u00e1gua de \u00faltima gera\u00e7\u00e3o com 14 cv. Desenvolvido com tecnologia avan\u00e7ada, este motor oferece um desempenho excecional, combinando pot\u00eancia e efici\u00eancia de combust\u00edvel, maximizada pelo sistema<br \/>\nStart &amp; Stop.<\/p>\n<p>A ilumina\u00e7\u00e3o FULL LED e painel de instrumentos digital a cores oferecem o melhor suporte em todas as aventuras, assim como o sistema keyless.<\/p>\n<p>O para-brisas ajust\u00e1vel, manetes ajust\u00e1veis e trav\u00e3o de m\u00e3o, para m\u00e1ximo conforto e seguran\u00e7a. Smart key e porta USB s\u00e3o outras das caracter\u00edsticas que a MITT juntou nesta incr\u00edvel scooter.<\/p>\n","protected":false},"excerpt":{"rendered":"<p>\ud83d\udd25SUPER CAMPANHA MITT 125 ADV \ud83d\udd25 Agora podes comprar a tua MITT 125 ADV com um desconto direto de 500\u20ac. N\u00e3o percas esta super oportunidade! MITT 125 ADV PVP: 2.990\u20ac* IVA inclu\u00eddo. Acresce Documenta\u00e7\u00e3o, Transporte, ISV e IUC. *Pre\u00e7o de campanha v\u00e1lida at\u00e9 30\/11\/2024 \u27a1\ufe0f Carta de Carro B com idade igual ou superior a 25 anos ou carta A1 \u27a1\ufe0f Possibilidade de financiamento \u27a1\ufe0f Entrega em casa \u27a1\ufe0f Oficina para assist\u00eancia e manuten\u00e7\u00e3o \u27a1\ufe0f Garantia 36 meses de f\u00e1brica Informa\u00e7\u00e3o: \u2705 Motor Honda PCX 14cv \u2705 Start &amp; Stop \u2705 Keyless \u2705 Ilumina\u00e7\u00e3o Full LED \u2705 Manetes ajust\u00e1veis \u2705 Porta USB \u2705 Trav\u00e3o de m\u00e3o \u2705 Painel digital a cores \u2705 Para-brisas ajust\u00e1vel \u2705 Oferta capa de chuva A AVENTURA COM MELHOR DESIGN E AO MELHOR PRE\u00c7O A 125 ADV d\u00e1 o seu melhor no tr\u00e2nsito urbano e n\u00e3o tem medo de aventuras. Inspirada no estilo Adventure a nova scooter da MITT vai-te permitir atingir patamares que nunca imaginaste. Uma das caracter\u00edsticas mais impressionantes da nova MITT 125ADV \u00e9 o seu motor Loncin refrigerado a \u00e1gua de \u00faltima gera\u00e7\u00e3o com 14 cv. Desenvolvido com tecnologia avan\u00e7ada, este motor oferece um desempenho excecional, combinando pot\u00eancia e efici\u00eancia de combust\u00edvel, maximizada pelo sistema Start &amp; Stop. A ilumina\u00e7\u00e3o FULL LED e painel de instrumentos digital a cores oferecem o melhor suporte em todas as aventuras, assim como o sistema keyless. O para-brisas ajust\u00e1vel, manetes ajust\u00e1veis e trav\u00e3o de m\u00e3o, para m\u00e1ximo conforto e seguran\u00e7a. Smart key e porta USB s\u00e3o outras das caracter\u00edsticas que a MITT juntou nesta incr\u00edvel scooter.<\/p>\n","protected":false},"featured_media":5584,"template":"","meta":{"ocean_post_layout":"","ocean_both_sidebars_style":"","ocean_both_sidebars_content_width":0,"ocean_both_sidebars_sidebars_width":0,"ocean_sidebar":"0","ocean_second_sidebar":"0","ocean_disable_margins":"enable","ocean_add_body_class":"","ocean_shortcode_before_top_bar":"","ocean_shortcode_after_top_bar":"","ocean_shortcode_before_header":"","ocean_shortcode_after_header":"","ocean_has_shortcode":"","ocean_shortcode_after_title":"","ocean_shortcode_before_footer_widgets":"","ocean_shortcode_after_footer_widgets":"","ocean_shortcode_before_footer_bottom":"","ocean_shortcode_after_footer_bottom":"","ocean_display_top_bar":"default","ocean_display_header":"default","ocean_header_style":"","ocean_center_header_left_menu":"0","ocean_custom_header_template":"0","ocean_custom_logo":0,"ocean_custom_retina_logo":0,"ocean_custom_logo_max_width":0,"ocean_custom_logo_tablet_max_width":0,"ocean_custom_logo_mobile_max_width":0,"ocean_custom_logo_max_height":0,"ocean_custom_logo_tablet_max_height":0,"ocean_custom_logo_mobile_max_height":0,"ocean_header_custom_menu":"0","ocean_menu_typo_font_family":"0","ocean_menu_typo_font_subset":"","ocean_menu_typo_font_size":0,"ocean_menu_typo_font_size_tablet":0,"ocean_menu_typo_font_size_mobile":0,"ocean_menu_typo_font_size_unit":"px","ocean_menu_typo_font_weight":"","ocean_menu_typo_font_weight_tablet":"","ocean_menu_typo_font_weight_mobile":"","ocean_menu_typo_transform":"","ocean_menu_typo_transform_tablet":"","ocean_menu_typo_transform_mobile":"","ocean_menu_typo_line_height":0,"ocean_menu_typo_line_height_tablet":0,"ocean_menu_typo_line_height_mobile":0,"ocean_menu_typo_line_height_unit":"","ocean_menu_typo_spacing":0,"ocean_menu_typo_spacing_tablet":0,"ocean_menu_typo_spacing_mobile":0,"ocean_menu_typo_spacing_unit":"","ocean_menu_link_color":"","ocean_menu_link_color_hover":"","ocean_menu_link_color_active":"","ocean_menu_link_background":"","ocean_menu_link_hover_background":"","ocean_menu_link_active_background":"","ocean_menu_social_links_bg":"","ocean_menu_social_hover_links_bg":"","ocean_menu_social_links_color":"","ocean_menu_social_hover_links_color":"","ocean_disable_title":"default","ocean_disable_heading":"default","ocean_post_title":"","ocean_post_subheading":"","ocean_post_title_style":"","ocean_post_title_background_color":"","ocean_post_title_background":0,"ocean_post_title_bg_image_position":"","ocean_post_title_bg_image_attachment":"","ocean_post_title_bg_image_repeat":"","ocean_post_title_bg_image_size":"","ocean_post_title_height":0,"ocean_post_title_bg_overlay":0.5,"ocean_post_title_bg_overlay_color":"","ocean_disable_breadcrumbs":"default","ocean_breadcrumbs_color":"","ocean_breadcrumbs_separator_color":"","ocean_breadcrumbs_links_color":"","ocean_breadcrumbs_links_hover_color":"","ocean_display_footer_widgets":"default","ocean_display_footer_bottom":"default","ocean_custom_footer_template":"0","omw_enable_modal_window":"enable"},"product_brand":[],"product_cat":[742,741,738],"product_tag":[803],"class_list":{"0":"post-5976","1":"product","2":"type-product","3":"status-publish","4":"has-post-thumbnail","6":"product_cat-ate-125cc","7":"product_cat-mitt","8":"product_cat-motas-novas","9":"product_tag-disponivel-por-encomenda-mitt","11":"entry","12":"has-media","14":"first","15":"outofstock","16":"sale","17":"shipping-taxable","18":"purchasable","19":"product-type-simple","20":"has-product-nav","21":"col","22":"span_1_of_4","23":"owp-content-right","24":"owp-thumbs-layout-horizontal","25":"owp-btn-normal","26":"owp-tabs-layout-horizontal"},"yoast_head":"<!-- This site is optimized with the Yoast SEO plugin v27.4 - https:\/\/yoast.com\/product\/yoast-seo-wordpress\/ -->\n<title>MITT 125 ADV Cinzento - Moto Leonardo<\/title>\n<meta name=\"robots\" content=\"index, follow, max-snippet:-1, max-image-preview:large, max-video-preview:-1\" \/>\n<link rel=\"canonical\" href=\"https:\/\/motoleonardo.com\/?product=mitt-125-adv\" \/>\n<meta property=\"og:locale\" content=\"pt_PT\" \/>\n<meta property=\"og:type\" content=\"article\" \/>\n<meta property=\"og:title\" content=\"MITT 125 ADV Cinzento - Moto Leonardo\" \/>\n<meta property=\"og:description\" content=\"\ud83d\udd25SUPER CAMPANHA MITT 125 ADV \ud83d\udd25 Agora podes comprar a tua MITT 125 ADV com um desconto direto de 500\u20ac. N\u00e3o percas esta super oportunidade! MITT 125 ADV PVP: 2.990\u20ac* IVA inclu\u00eddo. Acresce Documenta\u00e7\u00e3o, Transporte, ISV e IUC. *Pre\u00e7o de campanha v\u00e1lida at\u00e9 30\/11\/2024 \u27a1\ufe0f Carta de Carro B com idade igual ou superior a 25 anos ou carta A1 \u27a1\ufe0f Possibilidade de financiamento \u27a1\ufe0f Entrega em casa \u27a1\ufe0f Oficina para assist\u00eancia e manuten\u00e7\u00e3o \u27a1\ufe0f Garantia 36 meses de f\u00e1brica Informa\u00e7\u00e3o: \u2705 Motor Honda PCX 14cv \u2705 Start &amp; Stop \u2705 Keyless \u2705 Ilumina\u00e7\u00e3o Full LED \u2705 Manetes ajust\u00e1veis \u2705 Porta USB \u2705 Trav\u00e3o de m\u00e3o \u2705 Painel digital a cores \u2705 Para-brisas ajust\u00e1vel \u2705 Oferta capa de chuva A AVENTURA COM MELHOR DESIGN E AO MELHOR PRE\u00c7O A 125 ADV d\u00e1 o seu melhor no tr\u00e2nsito urbano e n\u00e3o tem medo de aventuras. Inspirada no estilo Adventure a nova scooter da MITT vai-te permitir atingir patamares que nunca imaginaste. Uma das caracter\u00edsticas mais impressionantes da nova MITT 125ADV \u00e9 o seu motor Loncin refrigerado a \u00e1gua de \u00faltima gera\u00e7\u00e3o com 14 cv. Desenvolvido com tecnologia avan\u00e7ada, este motor oferece um desempenho excecional, combinando pot\u00eancia e efici\u00eancia de combust\u00edvel, maximizada pelo sistema Start &amp; Stop. A ilumina\u00e7\u00e3o FULL LED e painel de instrumentos digital a cores oferecem o melhor suporte em todas as aventuras, assim como o sistema keyless. O para-brisas ajust\u00e1vel, manetes ajust\u00e1veis e trav\u00e3o de m\u00e3o, para m\u00e1ximo conforto e seguran\u00e7a. Smart key e porta USB s\u00e3o outras das caracter\u00edsticas que a MITT juntou nesta incr\u00edvel scooter.\" \/>\n<meta property=\"og:url\" content=\"https:\/\/motoleonardo.com\/?product=mitt-125-adv\" \/>\n<meta property=\"og:site_name\" content=\"Moto Leonardo\" \/>\n<meta property=\"article:publisher\" content=\"https:\/\/www.facebook.com\/motoleonardopt\" \/>\n<meta property=\"article:modified_time\" content=\"2025-05-03T08:46:58+00:00\" \/>\n<meta property=\"og:image\" content=\"https:\/\/i0.wp.com\/motoleonardo.com\/wp-content\/uploads\/2024\/08\/MITT_ADV125_23-06-21_0317-scaled.jpg?fit=2560%2C1707&ssl=1\" \/>\n\t<meta property=\"og:image:width\" content=\"2560\" \/>\n\t<meta property=\"og:image:height\" content=\"1707\" \/>\n\t<meta property=\"og:image:type\" content=\"image\/jpeg\" \/>\n<meta name=\"twitter:card\" content=\"summary_large_image\" \/>\n<meta name=\"twitter:label1\" content=\"Tempo estimado de leitura\" \/>\n\t<meta name=\"twitter:data1\" content=\"1 minuto\" \/>\n<script type=\"application\/ld+json\" class=\"yoast-schema-graph\">{\"@context\":\"https:\\\/\\\/schema.org\",\"@graph\":[{\"@type\":\"WebPage\",\"@id\":\"https:\\\/\\\/motoleonardo.com\\\/?product=mitt-125-adv\",\"url\":\"https:\\\/\\\/motoleonardo.com\\\/?product=mitt-125-adv\",\"name\":\"MITT 125 ADV Cinzento - Moto Leonardo\",\"isPartOf\":{\"@id\":\"https:\\\/\\\/motoleonardo.com\\\/#website\"},\"primaryImageOfPage\":{\"@id\":\"https:\\\/\\\/motoleonardo.com\\\/?product=mitt-125-adv#primaryimage\"},\"image\":{\"@id\":\"https:\\\/\\\/motoleonardo.com\\\/?product=mitt-125-adv#primaryimage\"},\"thumbnailUrl\":\"https:\\\/\\\/i0.wp.com\\\/motoleonardo.com\\\/wp-content\\\/uploads\\\/2024\\\/08\\\/MITT_ADV125_23-06-21_0317-scaled.jpg?fit=2560%2C1707&ssl=1\",\"datePublished\":\"2024-11-20T22:21:58+00:00\",\"dateModified\":\"2025-05-03T08:46:58+00:00\",\"breadcrumb\":{\"@id\":\"https:\\\/\\\/motoleonardo.com\\\/?product=mitt-125-adv#breadcrumb\"},\"inLanguage\":\"pt-PT\",\"potentialAction\":[{\"@type\":\"ReadAction\",\"target\":[\"https:\\\/\\\/motoleonardo.com\\\/?product=mitt-125-adv\"]}]},{\"@type\":\"ImageObject\",\"inLanguage\":\"pt-PT\",\"@id\":\"https:\\\/\\\/motoleonardo.com\\\/?product=mitt-125-adv#primaryimage\",\"url\":\"https:\\\/\\\/i0.wp.com\\\/motoleonardo.com\\\/wp-content\\\/uploads\\\/2024\\\/08\\\/MITT_ADV125_23-06-21_0317-scaled.jpg?fit=2560%2C1707&ssl=1\",\"contentUrl\":\"https:\\\/\\\/i0.wp.com\\\/motoleonardo.com\\\/wp-content\\\/uploads\\\/2024\\\/08\\\/MITT_ADV125_23-06-21_0317-scaled.jpg?fit=2560%2C1707&ssl=1\",\"width\":2560,\"height\":1707,\"caption\":\"hola@jorgemartin.es\"},{\"@type\":\"BreadcrumbList\",\"@id\":\"https:\\\/\\\/motoleonardo.com\\\/?product=mitt-125-adv#breadcrumb\",\"itemListElement\":[{\"@type\":\"ListItem\",\"position\":1,\"name\":\"In\u00edcio\",\"item\":\"https:\\\/\\\/motoleonardo.com\\\/\"},{\"@type\":\"ListItem\",\"position\":2,\"name\":\"Todas Categorias\",\"item\":\"https:\\\/\\\/motoleonardo.com\\\/?page_id=252\"},{\"@type\":\"ListItem\",\"position\":3,\"name\":\"MITT 125 ADV Cinzento\"}]},{\"@type\":\"WebSite\",\"@id\":\"https:\\\/\\\/motoleonardo.com\\\/#website\",\"url\":\"https:\\\/\\\/motoleonardo.com\\\/\",\"name\":\"Moto Leonardo\",\"description\":\"Motas Novas e Usadas - Oficina Multimarcas - Pe\u00e7as, Acess\u00f3rios e Equipamento\",\"publisher\":{\"@id\":\"https:\\\/\\\/motoleonardo.com\\\/#organization\"},\"potentialAction\":[{\"@type\":\"SearchAction\",\"target\":{\"@type\":\"EntryPoint\",\"urlTemplate\":\"https:\\\/\\\/motoleonardo.com\\\/?s={search_term_string}\"},\"query-input\":{\"@type\":\"PropertyValueSpecification\",\"valueRequired\":true,\"valueName\":\"search_term_string\"}}],\"inLanguage\":\"pt-PT\"},{\"@type\":\"Organization\",\"@id\":\"https:\\\/\\\/motoleonardo.com\\\/#organization\",\"name\":\"Moto Leonardo\",\"url\":\"https:\\\/\\\/motoleonardo.com\\\/\",\"logo\":{\"@type\":\"ImageObject\",\"inLanguage\":\"pt-PT\",\"@id\":\"https:\\\/\\\/motoleonardo.com\\\/#\\\/schema\\\/logo\\\/image\\\/\",\"url\":\"https:\\\/\\\/i0.wp.com\\\/motoleonardo.com\\\/wp-content\\\/uploads\\\/2022\\\/10\\\/cropped-Professional-Initial-Letter-Typography-Logo.png?fit=512%2C512&ssl=1\",\"contentUrl\":\"https:\\\/\\\/i0.wp.com\\\/motoleonardo.com\\\/wp-content\\\/uploads\\\/2022\\\/10\\\/cropped-Professional-Initial-Letter-Typography-Logo.png?fit=512%2C512&ssl=1\",\"width\":512,\"height\":512,\"caption\":\"Moto Leonardo\"},\"image\":{\"@id\":\"https:\\\/\\\/motoleonardo.com\\\/#\\\/schema\\\/logo\\\/image\\\/\"},\"sameAs\":[\"https:\\\/\\\/www.facebook.com\\\/motoleonardopt\",\"https:\\\/\\\/www.instagram.com\\\/moto_leonardo\\\/\"]}]}<\/script>\n<!-- \/ Yoast SEO plugin. -->","yoast_head_json":{"title":"MITT 125 ADV Cinzento - Moto Leonardo","robots":{"index":"index","follow":"follow","max-snippet":"max-snippet:-1","max-image-preview":"max-image-preview:large","max-video-preview":"max-video-preview:-1"},"canonical":"https:\/\/motoleonardo.com\/?product=mitt-125-adv","og_locale":"pt_PT","og_type":"article","og_title":"MITT 125 ADV Cinzento - Moto Leonardo","og_description":"\ud83d\udd25SUPER CAMPANHA MITT 125 ADV \ud83d\udd25 Agora podes comprar a tua MITT 125 ADV com um desconto direto de 500\u20ac. N\u00e3o percas esta super oportunidade! MITT 125 ADV PVP: 2.990\u20ac* IVA inclu\u00eddo. Acresce Documenta\u00e7\u00e3o, Transporte, ISV e IUC. *Pre\u00e7o de campanha v\u00e1lida at\u00e9 30\/11\/2024 \u27a1\ufe0f Carta de Carro B com idade igual ou superior a 25 anos ou carta A1 \u27a1\ufe0f Possibilidade de financiamento \u27a1\ufe0f Entrega em casa \u27a1\ufe0f Oficina para assist\u00eancia e manuten\u00e7\u00e3o \u27a1\ufe0f Garantia 36 meses de f\u00e1brica Informa\u00e7\u00e3o: \u2705 Motor Honda PCX 14cv \u2705 Start &amp; Stop \u2705 Keyless \u2705 Ilumina\u00e7\u00e3o Full LED \u2705 Manetes ajust\u00e1veis \u2705 Porta USB \u2705 Trav\u00e3o de m\u00e3o \u2705 Painel digital a cores \u2705 Para-brisas ajust\u00e1vel \u2705 Oferta capa de chuva A AVENTURA COM MELHOR DESIGN E AO MELHOR PRE\u00c7O A 125 ADV d\u00e1 o seu melhor no tr\u00e2nsito urbano e n\u00e3o tem medo de aventuras. Inspirada no estilo Adventure a nova scooter da MITT vai-te permitir atingir patamares que nunca imaginaste. Uma das caracter\u00edsticas mais impressionantes da nova MITT 125ADV \u00e9 o seu motor Loncin refrigerado a \u00e1gua de \u00faltima gera\u00e7\u00e3o com 14 cv. Desenvolvido com tecnologia avan\u00e7ada, este motor oferece um desempenho excecional, combinando pot\u00eancia e efici\u00eancia de combust\u00edvel, maximizada pelo sistema Start &amp; Stop. A ilumina\u00e7\u00e3o FULL LED e painel de instrumentos digital a cores oferecem o melhor suporte em todas as aventuras, assim como o sistema keyless. O para-brisas ajust\u00e1vel, manetes ajust\u00e1veis e trav\u00e3o de m\u00e3o, para m\u00e1ximo conforto e seguran\u00e7a. Smart key e porta USB s\u00e3o outras das caracter\u00edsticas que a MITT juntou nesta incr\u00edvel scooter.","og_url":"https:\/\/motoleonardo.com\/?product=mitt-125-adv","og_site_name":"Moto Leonardo","article_publisher":"https:\/\/www.facebook.com\/motoleonardopt","article_modified_time":"2025-05-03T08:46:58+00:00","og_image":[{"width":2560,"height":1707,"url":"https:\/\/i0.wp.com\/motoleonardo.com\/wp-content\/uploads\/2024\/08\/MITT_ADV125_23-06-21_0317-scaled.jpg?fit=2560%2C1707&ssl=1","type":"image\/jpeg"}],"twitter_card":"summary_large_image","twitter_misc":{"Tempo estimado de leitura":"1 minuto"},"schema":{"@context":"https:\/\/schema.org","@graph":[{"@type":"WebPage","@id":"https:\/\/motoleonardo.com\/?product=mitt-125-adv","url":"https:\/\/motoleonardo.com\/?product=mitt-125-adv","name":"MITT 125 ADV Cinzento - Moto Leonardo","isPartOf":{"@id":"https:\/\/motoleonardo.com\/#website"},"primaryImageOfPage":{"@id":"https:\/\/motoleonardo.com\/?product=mitt-125-adv#primaryimage"},"image":{"@id":"https:\/\/motoleonardo.com\/?product=mitt-125-adv#primaryimage"},"thumbnailUrl":"https:\/\/i0.wp.com\/motoleonardo.com\/wp-content\/uploads\/2024\/08\/MITT_ADV125_23-06-21_0317-scaled.jpg?fit=2560%2C1707&ssl=1","datePublished":"2024-11-20T22:21:58+00:00","dateModified":"2025-05-03T08:46:58+00:00","breadcrumb":{"@id":"https:\/\/motoleonardo.com\/?product=mitt-125-adv#breadcrumb"},"inLanguage":"pt-PT","potentialAction":[{"@type":"ReadAction","target":["https:\/\/motoleonardo.com\/?product=mitt-125-adv"]}]},{"@type":"ImageObject","inLanguage":"pt-PT","@id":"https:\/\/motoleonardo.com\/?product=mitt-125-adv#primaryimage","url":"https:\/\/i0.wp.com\/motoleonardo.com\/wp-content\/uploads\/2024\/08\/MITT_ADV125_23-06-21_0317-scaled.jpg?fit=2560%2C1707&ssl=1","contentUrl":"https:\/\/i0.wp.com\/motoleonardo.com\/wp-content\/uploads\/2024\/08\/MITT_ADV125_23-06-21_0317-scaled.jpg?fit=2560%2C1707&ssl=1","width":2560,"height":1707,"caption":"hola@jorgemartin.es"},{"@type":"BreadcrumbList","@id":"https:\/\/motoleonardo.com\/?product=mitt-125-adv#breadcrumb","itemListElement":[{"@type":"ListItem","position":1,"name":"In\u00edcio","item":"https:\/\/motoleonardo.com\/"},{"@type":"ListItem","position":2,"name":"Todas Categorias","item":"https:\/\/motoleonardo.com\/?page_id=252"},{"@type":"ListItem","position":3,"name":"MITT 125 ADV Cinzento"}]},{"@type":"WebSite","@id":"https:\/\/motoleonardo.com\/#website","url":"https:\/\/motoleonardo.com\/","name":"Moto Leonardo","description":"Motas Novas e Usadas - Oficina Multimarcas - Pe\u00e7as, Acess\u00f3rios e Equipamento","publisher":{"@id":"https:\/\/motoleonardo.com\/#organization"},"potentialAction":[{"@type":"SearchAction","target":{"@type":"EntryPoint","urlTemplate":"https:\/\/motoleonardo.com\/?s={search_term_string}"},"query-input":{"@type":"PropertyValueSpecification","valueRequired":true,"valueName":"search_term_string"}}],"inLanguage":"pt-PT"},{"@type":"Organization","@id":"https:\/\/motoleonardo.com\/#organization","name":"Moto Leonardo","url":"https:\/\/motoleonardo.com\/","logo":{"@type":"ImageObject","inLanguage":"pt-PT","@id":"https:\/\/motoleonardo.com\/#\/schema\/logo\/image\/","url":"https:\/\/i0.wp.com\/motoleonardo.com\/wp-content\/uploads\/2022\/10\/cropped-Professional-Initial-Letter-Typography-Logo.png?fit=512%2C512&ssl=1","contentUrl":"https:\/\/i0.wp.com\/motoleonardo.com\/wp-content\/uploads\/2022\/10\/cropped-Professional-Initial-Letter-Typography-Logo.png?fit=512%2C512&ssl=1","width":512,"height":512,"caption":"Moto Leonardo"},"image":{"@id":"https:\/\/motoleonardo.com\/#\/schema\/logo\/image\/"},"sameAs":["https:\/\/www.facebook.com\/motoleonardopt","https:\/\/www.instagram.com\/moto_leonardo\/"]}]}},"jetpack_sharing_enabled":true,"_links":{"self":[{"href":"https:\/\/motoleonardo.com\/index.php?rest_route=\/wp\/v2\/product\/5976","targetHints":{"allow":["GET"]}}],"collection":[{"href":"https:\/\/motoleonardo.com\/index.php?rest_route=\/wp\/v2\/product"}],"about":[{"href":"https:\/\/motoleonardo.com\/index.php?rest_route=\/wp\/v2\/types\/product"}],"wp:featuredmedia":[{"embeddable":true,"href":"https:\/\/motoleonardo.com\/index.php?rest_route=\/wp\/v2\/media\/5584"}],"wp:attachment":[{"href":"https:\/\/motoleonardo.com\/index.php?rest_route=%2Fwp%2Fv2%2Fmedia&parent=5976"}],"wp:term":[{"taxonomy":"product_brand","embeddable":true,"href":"https:\/\/motoleonardo.com\/index.php?rest_route=%2Fwp%2Fv2%2Fproduct_brand&post=5976"},{"taxonomy":"product_cat","embeddable":true,"href":"https:\/\/motoleonardo.com\/index.php?rest_route=%2Fwp%2Fv2%2Fproduct_cat&post=5976"},{"taxonomy":"product_tag","embeddable":true,"href":"https:\/\/motoleonardo.com\/index.php?rest_route=%2Fwp%2Fv2%2Fproduct_tag&post=5976"}],"curies":[{"name":"wp","href":"https:\/\/api.w.org\/{rel}","templated":true}]}}