{"id":6479,"date":"2025-01-07T10:55:27","date_gmt":"2025-01-07T10:55:27","guid":{"rendered":"https:\/\/motoleonardo.com\/?post_type=product&#038;p=6479"},"modified":"2025-01-07T12:35:47","modified_gmt":"2025-01-07T12:35:47","slug":"filtro-oleo-hiflofiltro-racing-hf303rc","status":"publish","type":"product","link":"https:\/\/motoleonardo.com\/?product=filtro-oleo-hiflofiltro-racing-hf303rc","title":{"rendered":"Filtro \u00f3leo HIFLOFILTRO Racing &#8211; HF303RC"},"content":{"rendered":"<p>Nova gama de filtros de \u00f3leo de competi\u00e7\u00e3o HIFLOFILTRO RC.<\/p>\n<p>Desempenho de competi\u00e7\u00e3o para utiliza\u00e7\u00e3o quotidiana.<\/p>\n<p>Desenvolvido para satisfazer as exig\u00eancias do mercado de competi\u00e7\u00e3o de alta gama, criado para oferecer um desempenho inigual\u00e1vel. Composto por um inv\u00f3lucro ultra-resistente, porca perfurada de 17 mm que permite uma f\u00e1cil montagem-desmontagem e um bloqueio perfeito para utiliza\u00e7\u00e3o em competi\u00e7\u00e3o. Sistema avan\u00e7ado de tripla filtragem para um elevado desempenho, elevada capacidade e melhor fluxo de \u00f3leo.<br \/>\nV\u00e1lvula revestida a borracha para uma veda\u00e7\u00e3o perfeita. Compat\u00edvel com todos os tipos de \u00f3leo. Desenvolvido para utiliza\u00e7\u00e3o em pista e em estrada.<\/p>\n<p>Os HIFLOFILTRO RC s\u00e3o os filtros de \u00f3leo com melhor desempenho do mercado atual.<\/p>\n<p><strong>Verifica qual \u00e9 o filtro de \u00f3leo que a tua mota utiliza em:<\/strong><br \/>\n<a href=\"https:\/\/www.hiflofiltro.com\/catalogue\">Hiflofiltro: Catalogue<\/a><\/p>\n<p><strong>Substitui as refer\u00eancias originais:<br \/>\n<\/strong>Honda 15400-PFB-007 \/ Honda 15410-MM5-003 \/ Honda 15410-MM9-003 \/ Honda 15410-MM9-013 \/ Honda 15410-MM9-305 \/ Honda 15410-MM9-405 \/ Honda 15410-MM9-P00 \/ Honda 15410-MM9-P01 \/ Honda 15410-MM9-P03 \/ Honda 15410-MT7-003 \/ Honda 15412-MT7-003 \/ Kawasaki 16097-0004 \/ Kawasaki 16097-0008 \/ Kawasaki 16097-0011 \/ Kawasaki 16097-1059 \/ Kawasaki 16097-1061 \/ Kawasaki 16097-1063 \/ Kawasaki 16097-1064 \/ Kawasaki 16097-1066 \/ Kawasaki 16097-1067 \/ Polaris 308 49 63 \/ Yamaha 3FV-13440-00 \/ Yamaha 3FV-13440-20 \/ Yamaha 5GH-13440-00 \/ Yamaha 5GH-13440-10 \/ Yamaha 5GH-13440-30 \/ Yamaha 5GH-13440-70<\/p>\n","protected":false},"excerpt":{"rendered":"<p>Nova gama de filtros de \u00f3leo de competi\u00e7\u00e3o HIFLOFILTRO RC. Desempenho de competi\u00e7\u00e3o para utiliza\u00e7\u00e3o quotidiana. Desenvolvido para satisfazer as exig\u00eancias do mercado de competi\u00e7\u00e3o de alta gama, criado para oferecer um desempenho inigual\u00e1vel. Composto por um inv\u00f3lucro ultra-resistente, porca perfurada de 17 mm que permite uma f\u00e1cil montagem-desmontagem e um bloqueio perfeito para utiliza\u00e7\u00e3o em competi\u00e7\u00e3o. Sistema avan\u00e7ado de tripla filtragem para um elevado desempenho, elevada capacidade e melhor fluxo de \u00f3leo. V\u00e1lvula revestida a borracha para uma veda\u00e7\u00e3o perfeita. Compat\u00edvel com todos os tipos de \u00f3leo. Desenvolvido para utiliza\u00e7\u00e3o em pista e em estrada. Os HIFLOFILTRO RC s\u00e3o os filtros de \u00f3leo com melhor desempenho do mercado atual. Verifica qual \u00e9 o filtro de \u00f3leo que a tua mota utiliza em: Hiflofiltro: Catalogue Substitui as refer\u00eancias originais: Honda 15400-PFB-007 \/ Honda 15410-MM5-003 \/ Honda 15410-MM9-003 \/ Honda 15410-MM9-013 \/ Honda 15410-MM9-305 \/ Honda 15410-MM9-405 \/ Honda 15410-MM9-P00 \/ Honda 15410-MM9-P01 \/ Honda 15410-MM9-P03 \/ Honda 15410-MT7-003 \/ Honda 15412-MT7-003 \/ Kawasaki 16097-0004 \/ Kawasaki 16097-0008 \/ Kawasaki 16097-0011 \/ Kawasaki 16097-1059 \/ Kawasaki 16097-1061 \/ Kawasaki 16097-1063 \/ Kawasaki 16097-1064 \/ Kawasaki 16097-1066 \/ Kawasaki 16097-1067 \/ Polaris 308 49 63 \/ Yamaha 3FV-13440-00 \/ Yamaha 3FV-13440-20 \/ Yamaha 5GH-13440-00 \/ Yamaha 5GH-13440-10 \/ Yamaha 5GH-13440-30 \/ Yamaha 5GH-13440-70<\/p>\n","protected":false},"featured_media":6481,"template":"","meta":{"ocean_post_layout":"","ocean_both_sidebars_style":"","ocean_both_sidebars_content_width":0,"ocean_both_sidebars_sidebars_width":0,"ocean_sidebar":"0","ocean_second_sidebar":"0","ocean_disable_margins":"enable","ocean_add_body_class":"","ocean_shortcode_before_top_bar":"","ocean_shortcode_after_top_bar":"","ocean_shortcode_before_header":"","ocean_shortcode_after_header":"","ocean_has_shortcode":"","ocean_shortcode_after_title":"","ocean_shortcode_before_footer_widgets":"","ocean_shortcode_after_footer_widgets":"","ocean_shortcode_before_footer_bottom":"","ocean_shortcode_after_footer_bottom":"","ocean_display_top_bar":"default","ocean_display_header":"default","ocean_header_style":"","ocean_center_header_left_menu":"0","ocean_custom_header_template":"0","ocean_custom_logo":0,"ocean_custom_retina_logo":0,"ocean_custom_logo_max_width":0,"ocean_custom_logo_tablet_max_width":0,"ocean_custom_logo_mobile_max_width":0,"ocean_custom_logo_max_height":0,"ocean_custom_logo_tablet_max_height":0,"ocean_custom_logo_mobile_max_height":0,"ocean_header_custom_menu":"0","ocean_menu_typo_font_family":"0","ocean_menu_typo_font_subset":"","ocean_menu_typo_font_size":0,"ocean_menu_typo_font_size_tablet":0,"ocean_menu_typo_font_size_mobile":0,"ocean_menu_typo_font_size_unit":"px","ocean_menu_typo_font_weight":"","ocean_menu_typo_font_weight_tablet":"","ocean_menu_typo_font_weight_mobile":"","ocean_menu_typo_transform":"","ocean_menu_typo_transform_tablet":"","ocean_menu_typo_transform_mobile":"","ocean_menu_typo_line_height":0,"ocean_menu_typo_line_height_tablet":0,"ocean_menu_typo_line_height_mobile":0,"ocean_menu_typo_line_height_unit":"","ocean_menu_typo_spacing":0,"ocean_menu_typo_spacing_tablet":0,"ocean_menu_typo_spacing_mobile":0,"ocean_menu_typo_spacing_unit":"","ocean_menu_link_color":"","ocean_menu_link_color_hover":"","ocean_menu_link_color_active":"","ocean_menu_link_background":"","ocean_menu_link_hover_background":"","ocean_menu_link_active_background":"","ocean_menu_social_links_bg":"","ocean_menu_social_hover_links_bg":"","ocean_menu_social_links_color":"","ocean_menu_social_hover_links_color":"","ocean_disable_title":"default","ocean_disable_heading":"default","ocean_post_title":"","ocean_post_subheading":"","ocean_post_title_style":"","ocean_post_title_background_color":"","ocean_post_title_background":0,"ocean_post_title_bg_image_position":"","ocean_post_title_bg_image_attachment":"","ocean_post_title_bg_image_repeat":"","ocean_post_title_bg_image_size":"","ocean_post_title_height":0,"ocean_post_title_bg_overlay":0.5,"ocean_post_title_bg_overlay_color":"","ocean_disable_breadcrumbs":"default","ocean_breadcrumbs_color":"","ocean_breadcrumbs_separator_color":"","ocean_breadcrumbs_links_color":"","ocean_breadcrumbs_links_hover_color":"","ocean_display_footer_widgets":"default","ocean_display_footer_bottom":"default","ocean_custom_footer_template":"0","omw_enable_modal_window":"enable"},"product_brand":[],"product_cat":[73,68],"product_tag":[546],"class_list":{"0":"post-6479","1":"product","2":"type-product","3":"status-publish","4":"has-post-thumbnail","6":"product_cat-filtros-de-oleo","7":"product_cat-manutencao","8":"product_tag-hiflofiltro","10":"entry","11":"has-media","13":"first","14":"onbackorder","15":"shipping-taxable","16":"purchasable","17":"product-type-simple","18":"has-product-nav","19":"col","20":"span_1_of_4","21":"owp-content-right","22":"owp-thumbs-layout-horizontal","23":"owp-btn-normal","24":"owp-tabs-layout-horizontal"},"yoast_head":"<!-- This site is optimized with the Yoast SEO plugin v27.4 - https:\/\/yoast.com\/product\/yoast-seo-wordpress\/ -->\n<title>Filtro \u00f3leo HIFLOFILTRO Racing - HF303RC - Moto Leonardo<\/title>\n<meta name=\"robots\" content=\"index, follow, max-snippet:-1, max-image-preview:large, max-video-preview:-1\" \/>\n<link rel=\"canonical\" href=\"https:\/\/motoleonardo.com\/?product=filtro-oleo-hiflofiltro-racing-hf303rc\" \/>\n<meta property=\"og:locale\" content=\"pt_PT\" \/>\n<meta property=\"og:type\" content=\"article\" \/>\n<meta property=\"og:title\" content=\"Filtro \u00f3leo HIFLOFILTRO Racing - HF303RC - Moto Leonardo\" \/>\n<meta property=\"og:description\" content=\"Nova gama de filtros de \u00f3leo de competi\u00e7\u00e3o HIFLOFILTRO RC. Desempenho de competi\u00e7\u00e3o para utiliza\u00e7\u00e3o quotidiana. Desenvolvido para satisfazer as exig\u00eancias do mercado de competi\u00e7\u00e3o de alta gama, criado para oferecer um desempenho inigual\u00e1vel. Composto por um inv\u00f3lucro ultra-resistente, porca perfurada de 17 mm que permite uma f\u00e1cil montagem-desmontagem e um bloqueio perfeito para utiliza\u00e7\u00e3o em competi\u00e7\u00e3o. Sistema avan\u00e7ado de tripla filtragem para um elevado desempenho, elevada capacidade e melhor fluxo de \u00f3leo. V\u00e1lvula revestida a borracha para uma veda\u00e7\u00e3o perfeita. Compat\u00edvel com todos os tipos de \u00f3leo. Desenvolvido para utiliza\u00e7\u00e3o em pista e em estrada. Os HIFLOFILTRO RC s\u00e3o os filtros de \u00f3leo com melhor desempenho do mercado atual. Verifica qual \u00e9 o filtro de \u00f3leo que a tua mota utiliza em: Hiflofiltro: Catalogue Substitui as refer\u00eancias originais: Honda 15400-PFB-007 \/ Honda 15410-MM5-003 \/ Honda 15410-MM9-003 \/ Honda 15410-MM9-013 \/ Honda 15410-MM9-305 \/ Honda 15410-MM9-405 \/ Honda 15410-MM9-P00 \/ Honda 15410-MM9-P01 \/ Honda 15410-MM9-P03 \/ Honda 15410-MT7-003 \/ Honda 15412-MT7-003 \/ Kawasaki 16097-0004 \/ Kawasaki 16097-0008 \/ Kawasaki 16097-0011 \/ Kawasaki 16097-1059 \/ Kawasaki 16097-1061 \/ Kawasaki 16097-1063 \/ Kawasaki 16097-1064 \/ Kawasaki 16097-1066 \/ Kawasaki 16097-1067 \/ Polaris 308 49 63 \/ Yamaha 3FV-13440-00 \/ Yamaha 3FV-13440-20 \/ Yamaha 5GH-13440-00 \/ Yamaha 5GH-13440-10 \/ Yamaha 5GH-13440-30 \/ Yamaha 5GH-13440-70\" \/>\n<meta property=\"og:url\" content=\"https:\/\/motoleonardo.com\/?product=filtro-oleo-hiflofiltro-racing-hf303rc\" \/>\n<meta property=\"og:site_name\" content=\"Moto Leonardo\" \/>\n<meta property=\"article:publisher\" content=\"https:\/\/www.facebook.com\/motoleonardopt\" \/>\n<meta property=\"article:modified_time\" content=\"2025-01-07T12:35:47+00:00\" \/>\n<meta property=\"og:image\" content=\"https:\/\/i0.wp.com\/motoleonardo.com\/wp-content\/uploads\/2025\/01\/HF303rc.jpeg?fit=800%2C800&ssl=1\" \/>\n\t<meta property=\"og:image:width\" content=\"800\" \/>\n\t<meta property=\"og:image:height\" content=\"800\" \/>\n\t<meta property=\"og:image:type\" content=\"image\/jpeg\" \/>\n<meta name=\"twitter:card\" content=\"summary_large_image\" \/>\n<meta name=\"twitter:label1\" content=\"Tempo estimado de leitura\" \/>\n\t<meta name=\"twitter:data1\" content=\"1 minuto\" \/>\n<script type=\"application\/ld+json\" class=\"yoast-schema-graph\">{\"@context\":\"https:\\\/\\\/schema.org\",\"@graph\":[{\"@type\":\"WebPage\",\"@id\":\"https:\\\/\\\/motoleonardo.com\\\/?product=filtro-oleo-hiflofiltro-racing-hf303rc\",\"url\":\"https:\\\/\\\/motoleonardo.com\\\/?product=filtro-oleo-hiflofiltro-racing-hf303rc\",\"name\":\"Filtro \u00f3leo HIFLOFILTRO Racing - HF303RC - Moto Leonardo\",\"isPartOf\":{\"@id\":\"https:\\\/\\\/motoleonardo.com\\\/#website\"},\"primaryImageOfPage\":{\"@id\":\"https:\\\/\\\/motoleonardo.com\\\/?product=filtro-oleo-hiflofiltro-racing-hf303rc#primaryimage\"},\"image\":{\"@id\":\"https:\\\/\\\/motoleonardo.com\\\/?product=filtro-oleo-hiflofiltro-racing-hf303rc#primaryimage\"},\"thumbnailUrl\":\"https:\\\/\\\/i0.wp.com\\\/motoleonardo.com\\\/wp-content\\\/uploads\\\/2025\\\/01\\\/HF303rc.jpeg?fit=800%2C800&ssl=1\",\"datePublished\":\"2025-01-07T10:55:27+00:00\",\"dateModified\":\"2025-01-07T12:35:47+00:00\",\"breadcrumb\":{\"@id\":\"https:\\\/\\\/motoleonardo.com\\\/?product=filtro-oleo-hiflofiltro-racing-hf303rc#breadcrumb\"},\"inLanguage\":\"pt-PT\",\"potentialAction\":[{\"@type\":\"ReadAction\",\"target\":[\"https:\\\/\\\/motoleonardo.com\\\/?product=filtro-oleo-hiflofiltro-racing-hf303rc\"]}]},{\"@type\":\"ImageObject\",\"inLanguage\":\"pt-PT\",\"@id\":\"https:\\\/\\\/motoleonardo.com\\\/?product=filtro-oleo-hiflofiltro-racing-hf303rc#primaryimage\",\"url\":\"https:\\\/\\\/i0.wp.com\\\/motoleonardo.com\\\/wp-content\\\/uploads\\\/2025\\\/01\\\/HF303rc.jpeg?fit=800%2C800&ssl=1\",\"contentUrl\":\"https:\\\/\\\/i0.wp.com\\\/motoleonardo.com\\\/wp-content\\\/uploads\\\/2025\\\/01\\\/HF303rc.jpeg?fit=800%2C800&ssl=1\",\"width\":800,\"height\":800},{\"@type\":\"BreadcrumbList\",\"@id\":\"https:\\\/\\\/motoleonardo.com\\\/?product=filtro-oleo-hiflofiltro-racing-hf303rc#breadcrumb\",\"itemListElement\":[{\"@type\":\"ListItem\",\"position\":1,\"name\":\"In\u00edcio\",\"item\":\"https:\\\/\\\/motoleonardo.com\\\/\"},{\"@type\":\"ListItem\",\"position\":2,\"name\":\"Todas Categorias\",\"item\":\"https:\\\/\\\/motoleonardo.com\\\/?page_id=252\"},{\"@type\":\"ListItem\",\"position\":3,\"name\":\"Filtro \u00f3leo HIFLOFILTRO Racing &#8211; HF303RC\"}]},{\"@type\":\"WebSite\",\"@id\":\"https:\\\/\\\/motoleonardo.com\\\/#website\",\"url\":\"https:\\\/\\\/motoleonardo.com\\\/\",\"name\":\"Moto Leonardo\",\"description\":\"Motas Novas e Usadas - Oficina Multimarcas - Pe\u00e7as, Acess\u00f3rios e Equipamento\",\"publisher\":{\"@id\":\"https:\\\/\\\/motoleonardo.com\\\/#organization\"},\"potentialAction\":[{\"@type\":\"SearchAction\",\"target\":{\"@type\":\"EntryPoint\",\"urlTemplate\":\"https:\\\/\\\/motoleonardo.com\\\/?s={search_term_string}\"},\"query-input\":{\"@type\":\"PropertyValueSpecification\",\"valueRequired\":true,\"valueName\":\"search_term_string\"}}],\"inLanguage\":\"pt-PT\"},{\"@type\":\"Organization\",\"@id\":\"https:\\\/\\\/motoleonardo.com\\\/#organization\",\"name\":\"Moto Leonardo\",\"url\":\"https:\\\/\\\/motoleonardo.com\\\/\",\"logo\":{\"@type\":\"ImageObject\",\"inLanguage\":\"pt-PT\",\"@id\":\"https:\\\/\\\/motoleonardo.com\\\/#\\\/schema\\\/logo\\\/image\\\/\",\"url\":\"https:\\\/\\\/i0.wp.com\\\/motoleonardo.com\\\/wp-content\\\/uploads\\\/2022\\\/10\\\/cropped-Professional-Initial-Letter-Typography-Logo.png?fit=512%2C512&ssl=1\",\"contentUrl\":\"https:\\\/\\\/i0.wp.com\\\/motoleonardo.com\\\/wp-content\\\/uploads\\\/2022\\\/10\\\/cropped-Professional-Initial-Letter-Typography-Logo.png?fit=512%2C512&ssl=1\",\"width\":512,\"height\":512,\"caption\":\"Moto Leonardo\"},\"image\":{\"@id\":\"https:\\\/\\\/motoleonardo.com\\\/#\\\/schema\\\/logo\\\/image\\\/\"},\"sameAs\":[\"https:\\\/\\\/www.facebook.com\\\/motoleonardopt\",\"https:\\\/\\\/www.instagram.com\\\/moto_leonardo\\\/\"]}]}<\/script>\n<!-- \/ Yoast SEO plugin. -->","yoast_head_json":{"title":"Filtro \u00f3leo HIFLOFILTRO Racing - HF303RC - Moto Leonardo","robots":{"index":"index","follow":"follow","max-snippet":"max-snippet:-1","max-image-preview":"max-image-preview:large","max-video-preview":"max-video-preview:-1"},"canonical":"https:\/\/motoleonardo.com\/?product=filtro-oleo-hiflofiltro-racing-hf303rc","og_locale":"pt_PT","og_type":"article","og_title":"Filtro \u00f3leo HIFLOFILTRO Racing - HF303RC - Moto Leonardo","og_description":"Nova gama de filtros de \u00f3leo de competi\u00e7\u00e3o HIFLOFILTRO RC. Desempenho de competi\u00e7\u00e3o para utiliza\u00e7\u00e3o quotidiana. Desenvolvido para satisfazer as exig\u00eancias do mercado de competi\u00e7\u00e3o de alta gama, criado para oferecer um desempenho inigual\u00e1vel. Composto por um inv\u00f3lucro ultra-resistente, porca perfurada de 17 mm que permite uma f\u00e1cil montagem-desmontagem e um bloqueio perfeito para utiliza\u00e7\u00e3o em competi\u00e7\u00e3o. Sistema avan\u00e7ado de tripla filtragem para um elevado desempenho, elevada capacidade e melhor fluxo de \u00f3leo. V\u00e1lvula revestida a borracha para uma veda\u00e7\u00e3o perfeita. Compat\u00edvel com todos os tipos de \u00f3leo. Desenvolvido para utiliza\u00e7\u00e3o em pista e em estrada. Os HIFLOFILTRO RC s\u00e3o os filtros de \u00f3leo com melhor desempenho do mercado atual. Verifica qual \u00e9 o filtro de \u00f3leo que a tua mota utiliza em: Hiflofiltro: Catalogue Substitui as refer\u00eancias originais: Honda 15400-PFB-007 \/ Honda 15410-MM5-003 \/ Honda 15410-MM9-003 \/ Honda 15410-MM9-013 \/ Honda 15410-MM9-305 \/ Honda 15410-MM9-405 \/ Honda 15410-MM9-P00 \/ Honda 15410-MM9-P01 \/ Honda 15410-MM9-P03 \/ Honda 15410-MT7-003 \/ Honda 15412-MT7-003 \/ Kawasaki 16097-0004 \/ Kawasaki 16097-0008 \/ Kawasaki 16097-0011 \/ Kawasaki 16097-1059 \/ Kawasaki 16097-1061 \/ Kawasaki 16097-1063 \/ Kawasaki 16097-1064 \/ Kawasaki 16097-1066 \/ Kawasaki 16097-1067 \/ Polaris 308 49 63 \/ Yamaha 3FV-13440-00 \/ Yamaha 3FV-13440-20 \/ Yamaha 5GH-13440-00 \/ Yamaha 5GH-13440-10 \/ Yamaha 5GH-13440-30 \/ Yamaha 5GH-13440-70","og_url":"https:\/\/motoleonardo.com\/?product=filtro-oleo-hiflofiltro-racing-hf303rc","og_site_name":"Moto Leonardo","article_publisher":"https:\/\/www.facebook.com\/motoleonardopt","article_modified_time":"2025-01-07T12:35:47+00:00","og_image":[{"width":800,"height":800,"url":"https:\/\/i0.wp.com\/motoleonardo.com\/wp-content\/uploads\/2025\/01\/HF303rc.jpeg?fit=800%2C800&ssl=1","type":"image\/jpeg"}],"twitter_card":"summary_large_image","twitter_misc":{"Tempo estimado de leitura":"1 minuto"},"schema":{"@context":"https:\/\/schema.org","@graph":[{"@type":"WebPage","@id":"https:\/\/motoleonardo.com\/?product=filtro-oleo-hiflofiltro-racing-hf303rc","url":"https:\/\/motoleonardo.com\/?product=filtro-oleo-hiflofiltro-racing-hf303rc","name":"Filtro \u00f3leo HIFLOFILTRO Racing - HF303RC - Moto Leonardo","isPartOf":{"@id":"https:\/\/motoleonardo.com\/#website"},"primaryImageOfPage":{"@id":"https:\/\/motoleonardo.com\/?product=filtro-oleo-hiflofiltro-racing-hf303rc#primaryimage"},"image":{"@id":"https:\/\/motoleonardo.com\/?product=filtro-oleo-hiflofiltro-racing-hf303rc#primaryimage"},"thumbnailUrl":"https:\/\/i0.wp.com\/motoleonardo.com\/wp-content\/uploads\/2025\/01\/HF303rc.jpeg?fit=800%2C800&ssl=1","datePublished":"2025-01-07T10:55:27+00:00","dateModified":"2025-01-07T12:35:47+00:00","breadcrumb":{"@id":"https:\/\/motoleonardo.com\/?product=filtro-oleo-hiflofiltro-racing-hf303rc#breadcrumb"},"inLanguage":"pt-PT","potentialAction":[{"@type":"ReadAction","target":["https:\/\/motoleonardo.com\/?product=filtro-oleo-hiflofiltro-racing-hf303rc"]}]},{"@type":"ImageObject","inLanguage":"pt-PT","@id":"https:\/\/motoleonardo.com\/?product=filtro-oleo-hiflofiltro-racing-hf303rc#primaryimage","url":"https:\/\/i0.wp.com\/motoleonardo.com\/wp-content\/uploads\/2025\/01\/HF303rc.jpeg?fit=800%2C800&ssl=1","contentUrl":"https:\/\/i0.wp.com\/motoleonardo.com\/wp-content\/uploads\/2025\/01\/HF303rc.jpeg?fit=800%2C800&ssl=1","width":800,"height":800},{"@type":"BreadcrumbList","@id":"https:\/\/motoleonardo.com\/?product=filtro-oleo-hiflofiltro-racing-hf303rc#breadcrumb","itemListElement":[{"@type":"ListItem","position":1,"name":"In\u00edcio","item":"https:\/\/motoleonardo.com\/"},{"@type":"ListItem","position":2,"name":"Todas Categorias","item":"https:\/\/motoleonardo.com\/?page_id=252"},{"@type":"ListItem","position":3,"name":"Filtro \u00f3leo HIFLOFILTRO Racing &#8211; HF303RC"}]},{"@type":"WebSite","@id":"https:\/\/motoleonardo.com\/#website","url":"https:\/\/motoleonardo.com\/","name":"Moto Leonardo","description":"Motas Novas e Usadas - Oficina Multimarcas - Pe\u00e7as, Acess\u00f3rios e Equipamento","publisher":{"@id":"https:\/\/motoleonardo.com\/#organization"},"potentialAction":[{"@type":"SearchAction","target":{"@type":"EntryPoint","urlTemplate":"https:\/\/motoleonardo.com\/?s={search_term_string}"},"query-input":{"@type":"PropertyValueSpecification","valueRequired":true,"valueName":"search_term_string"}}],"inLanguage":"pt-PT"},{"@type":"Organization","@id":"https:\/\/motoleonardo.com\/#organization","name":"Moto Leonardo","url":"https:\/\/motoleonardo.com\/","logo":{"@type":"ImageObject","inLanguage":"pt-PT","@id":"https:\/\/motoleonardo.com\/#\/schema\/logo\/image\/","url":"https:\/\/i0.wp.com\/motoleonardo.com\/wp-content\/uploads\/2022\/10\/cropped-Professional-Initial-Letter-Typography-Logo.png?fit=512%2C512&ssl=1","contentUrl":"https:\/\/i0.wp.com\/motoleonardo.com\/wp-content\/uploads\/2022\/10\/cropped-Professional-Initial-Letter-Typography-Logo.png?fit=512%2C512&ssl=1","width":512,"height":512,"caption":"Moto Leonardo"},"image":{"@id":"https:\/\/motoleonardo.com\/#\/schema\/logo\/image\/"},"sameAs":["https:\/\/www.facebook.com\/motoleonardopt","https:\/\/www.instagram.com\/moto_leonardo\/"]}]}},"jetpack_sharing_enabled":true,"_links":{"self":[{"href":"https:\/\/motoleonardo.com\/index.php?rest_route=\/wp\/v2\/product\/6479","targetHints":{"allow":["GET"]}}],"collection":[{"href":"https:\/\/motoleonardo.com\/index.php?rest_route=\/wp\/v2\/product"}],"about":[{"href":"https:\/\/motoleonardo.com\/index.php?rest_route=\/wp\/v2\/types\/product"}],"wp:featuredmedia":[{"embeddable":true,"href":"https:\/\/motoleonardo.com\/index.php?rest_route=\/wp\/v2\/media\/6481"}],"wp:attachment":[{"href":"https:\/\/motoleonardo.com\/index.php?rest_route=%2Fwp%2Fv2%2Fmedia&parent=6479"}],"wp:term":[{"taxonomy":"product_brand","embeddable":true,"href":"https:\/\/motoleonardo.com\/index.php?rest_route=%2Fwp%2Fv2%2Fproduct_brand&post=6479"},{"taxonomy":"product_cat","embeddable":true,"href":"https:\/\/motoleonardo.com\/index.php?rest_route=%2Fwp%2Fv2%2Fproduct_cat&post=6479"},{"taxonomy":"product_tag","embeddable":true,"href":"https:\/\/motoleonardo.com\/index.php?rest_route=%2Fwp%2Fv2%2Fproduct_tag&post=6479"}],"curies":[{"name":"wp","href":"https:\/\/api.w.org\/{rel}","templated":true}]}}