{"id":6569,"date":"2025-01-10T13:17:49","date_gmt":"2025-01-10T13:17:49","guid":{"rendered":"https:\/\/motoleonardo.com\/?post_type=product&#038;p=6569"},"modified":"2025-01-10T13:17:49","modified_gmt":"2025-01-10T13:17:49","slug":"liqui-moly-oleo-transmissao-nautica-atf-1-litro","status":"publish","type":"product","link":"https:\/\/motoleonardo.com\/?product=liqui-moly-oleo-transmissao-nautica-atf-1-litro","title":{"rendered":"Liqui Moly \u00d3leo Transmiss\u00e3o N\u00e1utica ATF 1 Litro"},"content":{"rendered":"<div class=\"d-inline-block fs-9 product attribute description\">\n<p><strong>Bid\u00e3o de 1 Litro<\/p>\n<p>\u00d3leo ATF especialmente desenvolvido para o sector naval \u00e0 base de tecnologia sint\u00e9tica e da tecnologia de aditivos mais moderna.<\/strong> Em compara\u00e7\u00e3o com os \u00f3leo ATF comuns, garante uma elevada protec\u00e7\u00e3o contra a corros\u00e3o e um desgaste reduzido. A elevada estabilidade t\u00e9rmica e as excelentes caracter\u00edsticas de protec\u00e7\u00e3o da\u00ed resultantes permitem uma \u00f3ptima resist\u00eancia ao envelhecimento com reservas de seguran\u00e7a m\u00e1ximas. Compat\u00edvel com todos os materiais de veda\u00e7\u00e3o.<\/p>\n<\/div>\n<div class=\"d-inline-block fs-9 product attribute mt-2\"><span class=\"value\">Para caixas de velocidades e accionamentos como caixas redutoras de invers\u00e3o, direc\u00e7\u00f5es assistidas, sistemas de comando, sistemas de compasso, transmiss\u00f5es hidrost\u00e1ticas, assim como sistemas hidr\u00e1ulicos e mec\u00e2nicos que exigem a utiliza\u00e7\u00e3o de um \u00f3leo ATF. N\u00e3o se aplica nos casos em que se exigem \u00f3leos de acordo com GL4 ou GL5.<\/span><\/div>\n<div>\n<ul class=\"check-list\">\n<li style=\"list-style-type: none;\">\n<ul class=\"check-list\">\n<li class=\"value\">excelente protec\u00e7\u00e3o contra a corros\u00e3o<\/li>\n<li class=\"value\">boa compatibilidade com materiais<\/li>\n<li class=\"value\">m\u00e1xima estabilidade t\u00e9rmica<\/li>\n<li class=\"value\">minimiza o desgaste<\/li>\n<li class=\"value\">\u00f3ptima estabilidade ao envelhecimento<\/li>\n<li class=\"value\">pode ser utilizado universalmente<\/li>\n<\/ul>\n<\/li>\n<\/ul>\n<div><strong class=\"d-block mb-2\">Especifica\u00e7\u00f5es \/ Aprova\u00e7\u00f5es<\/strong><\/p>\n<p class=\"mb-4\">ZF Freigabenummer ZF004927, ZF TE-ML 04D<\/p>\n<\/div>\n<div><strong class=\"d-block mb-2\">A LIQUI MOLY recomenda este produto para ve\u00edculos ou grupos para os quais se exigem as seguintes especifica\u00e7\u00f5es ou n\u00fameros de pe\u00e7as originais de reposi\u00e7\u00e3o<\/strong>Allison C4, Dexron II D, Dexron II E, Dexron III G, Dexron III H, Dexron TASA (Typ A\/Suffix A), Mariner, MerCruiser, Mercury<\/p>\n<\/div>\n<div id=\"showMore-product-info-overview-properties\"><\/div>\n<\/div>\n","protected":false},"excerpt":{"rendered":"<p>Bid\u00e3o de 1 Litro \u00d3leo ATF especialmente desenvolvido para o sector naval \u00e0 base de tecnologia sint\u00e9tica e da tecnologia de aditivos mais moderna. Em compara\u00e7\u00e3o com os \u00f3leo ATF comuns, garante uma elevada protec\u00e7\u00e3o contra a corros\u00e3o e um desgaste reduzido. A elevada estabilidade t\u00e9rmica e as excelentes caracter\u00edsticas de protec\u00e7\u00e3o da\u00ed resultantes permitem uma \u00f3ptima resist\u00eancia ao envelhecimento com reservas de seguran\u00e7a m\u00e1ximas. Compat\u00edvel com todos os materiais de veda\u00e7\u00e3o. Para caixas de velocidades e accionamentos como caixas redutoras de invers\u00e3o, direc\u00e7\u00f5es assistidas, sistemas de comando, sistemas de compasso, transmiss\u00f5es hidrost\u00e1ticas, assim como sistemas hidr\u00e1ulicos e mec\u00e2nicos que exigem a utiliza\u00e7\u00e3o de um \u00f3leo ATF. N\u00e3o se aplica nos casos em que se exigem \u00f3leos de acordo com GL4 ou GL5. excelente protec\u00e7\u00e3o contra a corros\u00e3o boa compatibilidade com materiais m\u00e1xima estabilidade t\u00e9rmica minimiza o desgaste \u00f3ptima estabilidade ao envelhecimento pode ser utilizado universalmente Especifica\u00e7\u00f5es \/ Aprova\u00e7\u00f5es ZF Freigabenummer ZF004927, ZF TE-ML 04D A LIQUI MOLY recomenda este produto para ve\u00edculos ou grupos para os quais se exigem as seguintes especifica\u00e7\u00f5es ou n\u00fameros de pe\u00e7as originais de reposi\u00e7\u00e3oAllison C4, Dexron II D, Dexron II E, Dexron III G, Dexron III H, Dexron TASA (Typ A\/Suffix A), Mariner, MerCruiser, Mercury<\/p>\n","protected":false},"featured_media":6570,"template":"","meta":{"ocean_post_layout":"","ocean_both_sidebars_style":"","ocean_both_sidebars_content_width":0,"ocean_both_sidebars_sidebars_width":0,"ocean_sidebar":"0","ocean_second_sidebar":"0","ocean_disable_margins":"enable","ocean_add_body_class":"","ocean_shortcode_before_top_bar":"","ocean_shortcode_after_top_bar":"","ocean_shortcode_before_header":"","ocean_shortcode_after_header":"","ocean_has_shortcode":"","ocean_shortcode_after_title":"","ocean_shortcode_before_footer_widgets":"","ocean_shortcode_after_footer_widgets":"","ocean_shortcode_before_footer_bottom":"","ocean_shortcode_after_footer_bottom":"","ocean_display_top_bar":"default","ocean_display_header":"default","ocean_header_style":"","ocean_center_header_left_menu":"0","ocean_custom_header_template":"0","ocean_custom_logo":0,"ocean_custom_retina_logo":0,"ocean_custom_logo_max_width":0,"ocean_custom_logo_tablet_max_width":0,"ocean_custom_logo_mobile_max_width":0,"ocean_custom_logo_max_height":0,"ocean_custom_logo_tablet_max_height":0,"ocean_custom_logo_mobile_max_height":0,"ocean_header_custom_menu":"0","ocean_menu_typo_font_family":"0","ocean_menu_typo_font_subset":"","ocean_menu_typo_font_size":0,"ocean_menu_typo_font_size_tablet":0,"ocean_menu_typo_font_size_mobile":0,"ocean_menu_typo_font_size_unit":"px","ocean_menu_typo_font_weight":"","ocean_menu_typo_font_weight_tablet":"","ocean_menu_typo_font_weight_mobile":"","ocean_menu_typo_transform":"","ocean_menu_typo_transform_tablet":"","ocean_menu_typo_transform_mobile":"","ocean_menu_typo_line_height":0,"ocean_menu_typo_line_height_tablet":0,"ocean_menu_typo_line_height_mobile":0,"ocean_menu_typo_line_height_unit":"","ocean_menu_typo_spacing":0,"ocean_menu_typo_spacing_tablet":0,"ocean_menu_typo_spacing_mobile":0,"ocean_menu_typo_spacing_unit":"","ocean_menu_link_color":"","ocean_menu_link_color_hover":"","ocean_menu_link_color_active":"","ocean_menu_link_background":"","ocean_menu_link_hover_background":"","ocean_menu_link_active_background":"","ocean_menu_social_links_bg":"","ocean_menu_social_hover_links_bg":"","ocean_menu_social_links_color":"","ocean_menu_social_hover_links_color":"","ocean_disable_title":"default","ocean_disable_heading":"default","ocean_post_title":"","ocean_post_subheading":"","ocean_post_title_style":"","ocean_post_title_background_color":"","ocean_post_title_background":0,"ocean_post_title_bg_image_position":"","ocean_post_title_bg_image_attachment":"","ocean_post_title_bg_image_repeat":"","ocean_post_title_bg_image_size":"","ocean_post_title_height":0,"ocean_post_title_bg_overlay":0.5,"ocean_post_title_bg_overlay_color":"","ocean_disable_breadcrumbs":"default","ocean_breadcrumbs_color":"","ocean_breadcrumbs_separator_color":"","ocean_breadcrumbs_links_color":"","ocean_breadcrumbs_links_hover_color":"","ocean_display_footer_widgets":"default","ocean_display_footer_bottom":"default","ocean_custom_footer_template":"0","omw_enable_modal_window":"enable"},"product_brand":[],"product_cat":[68,769,155],"product_tag":[503],"class_list":{"0":"post-6569","1":"product","2":"type-product","3":"status-publish","4":"has-post-thumbnail","6":"product_cat-manutencao","7":"product_cat-marine","8":"product_cat-oleo-transmissao","9":"product_tag-liqui-moly","11":"entry","12":"has-media","14":"first","15":"onbackorder","16":"sale","17":"shipping-taxable","18":"purchasable","19":"product-type-simple","20":"has-product-nav","21":"col","22":"span_1_of_4","23":"owp-content-right","24":"owp-thumbs-layout-horizontal","25":"owp-btn-normal","26":"owp-tabs-layout-horizontal","27":"has-no-thumbnails"},"yoast_head":"<!-- This site is optimized with the Yoast SEO plugin v27.4 - https:\/\/yoast.com\/product\/yoast-seo-wordpress\/ -->\n<title>Liqui Moly \u00d3leo Transmiss\u00e3o N\u00e1utica ATF 1 Litro - Moto Leonardo<\/title>\n<meta name=\"robots\" content=\"index, follow, max-snippet:-1, max-image-preview:large, max-video-preview:-1\" \/>\n<link rel=\"canonical\" href=\"https:\/\/motoleonardo.com\/?product=liqui-moly-oleo-transmissao-nautica-atf-1-litro\" \/>\n<meta property=\"og:locale\" content=\"pt_PT\" \/>\n<meta property=\"og:type\" content=\"article\" \/>\n<meta property=\"og:title\" content=\"Liqui Moly \u00d3leo Transmiss\u00e3o N\u00e1utica ATF 1 Litro - Moto Leonardo\" \/>\n<meta property=\"og:description\" content=\"Bid\u00e3o de 1 Litro \u00d3leo ATF especialmente desenvolvido para o sector naval \u00e0 base de tecnologia sint\u00e9tica e da tecnologia de aditivos mais moderna. Em compara\u00e7\u00e3o com os \u00f3leo ATF comuns, garante uma elevada protec\u00e7\u00e3o contra a corros\u00e3o e um desgaste reduzido. A elevada estabilidade t\u00e9rmica e as excelentes caracter\u00edsticas de protec\u00e7\u00e3o da\u00ed resultantes permitem uma \u00f3ptima resist\u00eancia ao envelhecimento com reservas de seguran\u00e7a m\u00e1ximas. Compat\u00edvel com todos os materiais de veda\u00e7\u00e3o. Para caixas de velocidades e accionamentos como caixas redutoras de invers\u00e3o, direc\u00e7\u00f5es assistidas, sistemas de comando, sistemas de compasso, transmiss\u00f5es hidrost\u00e1ticas, assim como sistemas hidr\u00e1ulicos e mec\u00e2nicos que exigem a utiliza\u00e7\u00e3o de um \u00f3leo ATF. N\u00e3o se aplica nos casos em que se exigem \u00f3leos de acordo com GL4 ou GL5. excelente protec\u00e7\u00e3o contra a corros\u00e3o boa compatibilidade com materiais m\u00e1xima estabilidade t\u00e9rmica minimiza o desgaste \u00f3ptima estabilidade ao envelhecimento pode ser utilizado universalmente Especifica\u00e7\u00f5es \/ Aprova\u00e7\u00f5es ZF Freigabenummer ZF004927, ZF TE-ML 04D A LIQUI MOLY recomenda este produto para ve\u00edculos ou grupos para os quais se exigem as seguintes especifica\u00e7\u00f5es ou n\u00fameros de pe\u00e7as originais de reposi\u00e7\u00e3oAllison C4, Dexron II D, Dexron II E, Dexron III G, Dexron III H, Dexron TASA (Typ A\/Suffix A), Mariner, MerCruiser, Mercury\" \/>\n<meta property=\"og:url\" content=\"https:\/\/motoleonardo.com\/?product=liqui-moly-oleo-transmissao-nautica-atf-1-litro\" \/>\n<meta property=\"og:site_name\" content=\"Moto Leonardo\" \/>\n<meta property=\"article:publisher\" content=\"https:\/\/www.facebook.com\/motoleonardopt\" \/>\n<meta property=\"og:image\" content=\"https:\/\/i0.wp.com\/motoleonardo.com\/wp-content\/uploads\/2025\/01\/liqui-marine-atf.jpg?fit=1006%2C965&ssl=1\" \/>\n\t<meta property=\"og:image:width\" content=\"1006\" \/>\n\t<meta property=\"og:image:height\" content=\"965\" \/>\n\t<meta property=\"og:image:type\" content=\"image\/jpeg\" \/>\n<meta name=\"twitter:card\" content=\"summary_large_image\" \/>\n<meta name=\"twitter:label1\" content=\"Tempo estimado de leitura\" \/>\n\t<meta name=\"twitter:data1\" content=\"1 minuto\" \/>\n<script type=\"application\/ld+json\" class=\"yoast-schema-graph\">{\"@context\":\"https:\\\/\\\/schema.org\",\"@graph\":[{\"@type\":\"WebPage\",\"@id\":\"https:\\\/\\\/motoleonardo.com\\\/?product=liqui-moly-oleo-transmissao-nautica-atf-1-litro\",\"url\":\"https:\\\/\\\/motoleonardo.com\\\/?product=liqui-moly-oleo-transmissao-nautica-atf-1-litro\",\"name\":\"Liqui Moly \u00d3leo Transmiss\u00e3o N\u00e1utica ATF 1 Litro - Moto Leonardo\",\"isPartOf\":{\"@id\":\"https:\\\/\\\/motoleonardo.com\\\/#website\"},\"primaryImageOfPage\":{\"@id\":\"https:\\\/\\\/motoleonardo.com\\\/?product=liqui-moly-oleo-transmissao-nautica-atf-1-litro#primaryimage\"},\"image\":{\"@id\":\"https:\\\/\\\/motoleonardo.com\\\/?product=liqui-moly-oleo-transmissao-nautica-atf-1-litro#primaryimage\"},\"thumbnailUrl\":\"https:\\\/\\\/i0.wp.com\\\/motoleonardo.com\\\/wp-content\\\/uploads\\\/2025\\\/01\\\/liqui-marine-atf.jpg?fit=1006%2C965&ssl=1\",\"datePublished\":\"2025-01-10T13:17:49+00:00\",\"breadcrumb\":{\"@id\":\"https:\\\/\\\/motoleonardo.com\\\/?product=liqui-moly-oleo-transmissao-nautica-atf-1-litro#breadcrumb\"},\"inLanguage\":\"pt-PT\",\"potentialAction\":[{\"@type\":\"ReadAction\",\"target\":[\"https:\\\/\\\/motoleonardo.com\\\/?product=liqui-moly-oleo-transmissao-nautica-atf-1-litro\"]}]},{\"@type\":\"ImageObject\",\"inLanguage\":\"pt-PT\",\"@id\":\"https:\\\/\\\/motoleonardo.com\\\/?product=liqui-moly-oleo-transmissao-nautica-atf-1-litro#primaryimage\",\"url\":\"https:\\\/\\\/i0.wp.com\\\/motoleonardo.com\\\/wp-content\\\/uploads\\\/2025\\\/01\\\/liqui-marine-atf.jpg?fit=1006%2C965&ssl=1\",\"contentUrl\":\"https:\\\/\\\/i0.wp.com\\\/motoleonardo.com\\\/wp-content\\\/uploads\\\/2025\\\/01\\\/liqui-marine-atf.jpg?fit=1006%2C965&ssl=1\",\"width\":1006,\"height\":965},{\"@type\":\"BreadcrumbList\",\"@id\":\"https:\\\/\\\/motoleonardo.com\\\/?product=liqui-moly-oleo-transmissao-nautica-atf-1-litro#breadcrumb\",\"itemListElement\":[{\"@type\":\"ListItem\",\"position\":1,\"name\":\"In\u00edcio\",\"item\":\"https:\\\/\\\/motoleonardo.com\\\/\"},{\"@type\":\"ListItem\",\"position\":2,\"name\":\"Todas Categorias\",\"item\":\"https:\\\/\\\/motoleonardo.com\\\/?page_id=252\"},{\"@type\":\"ListItem\",\"position\":3,\"name\":\"Liqui Moly \u00d3leo Transmiss\u00e3o N\u00e1utica ATF 1 Litro\"}]},{\"@type\":\"WebSite\",\"@id\":\"https:\\\/\\\/motoleonardo.com\\\/#website\",\"url\":\"https:\\\/\\\/motoleonardo.com\\\/\",\"name\":\"Moto Leonardo\",\"description\":\"Motas Novas e Usadas - Oficina Multimarcas - Pe\u00e7as, Acess\u00f3rios e Equipamento\",\"publisher\":{\"@id\":\"https:\\\/\\\/motoleonardo.com\\\/#organization\"},\"potentialAction\":[{\"@type\":\"SearchAction\",\"target\":{\"@type\":\"EntryPoint\",\"urlTemplate\":\"https:\\\/\\\/motoleonardo.com\\\/?s={search_term_string}\"},\"query-input\":{\"@type\":\"PropertyValueSpecification\",\"valueRequired\":true,\"valueName\":\"search_term_string\"}}],\"inLanguage\":\"pt-PT\"},{\"@type\":\"Organization\",\"@id\":\"https:\\\/\\\/motoleonardo.com\\\/#organization\",\"name\":\"Moto Leonardo\",\"url\":\"https:\\\/\\\/motoleonardo.com\\\/\",\"logo\":{\"@type\":\"ImageObject\",\"inLanguage\":\"pt-PT\",\"@id\":\"https:\\\/\\\/motoleonardo.com\\\/#\\\/schema\\\/logo\\\/image\\\/\",\"url\":\"https:\\\/\\\/i0.wp.com\\\/motoleonardo.com\\\/wp-content\\\/uploads\\\/2022\\\/10\\\/cropped-Professional-Initial-Letter-Typography-Logo.png?fit=512%2C512&ssl=1\",\"contentUrl\":\"https:\\\/\\\/i0.wp.com\\\/motoleonardo.com\\\/wp-content\\\/uploads\\\/2022\\\/10\\\/cropped-Professional-Initial-Letter-Typography-Logo.png?fit=512%2C512&ssl=1\",\"width\":512,\"height\":512,\"caption\":\"Moto Leonardo\"},\"image\":{\"@id\":\"https:\\\/\\\/motoleonardo.com\\\/#\\\/schema\\\/logo\\\/image\\\/\"},\"sameAs\":[\"https:\\\/\\\/www.facebook.com\\\/motoleonardopt\",\"https:\\\/\\\/www.instagram.com\\\/moto_leonardo\\\/\"]}]}<\/script>\n<!-- \/ Yoast SEO plugin. -->","yoast_head_json":{"title":"Liqui Moly \u00d3leo Transmiss\u00e3o N\u00e1utica ATF 1 Litro - Moto Leonardo","robots":{"index":"index","follow":"follow","max-snippet":"max-snippet:-1","max-image-preview":"max-image-preview:large","max-video-preview":"max-video-preview:-1"},"canonical":"https:\/\/motoleonardo.com\/?product=liqui-moly-oleo-transmissao-nautica-atf-1-litro","og_locale":"pt_PT","og_type":"article","og_title":"Liqui Moly \u00d3leo Transmiss\u00e3o N\u00e1utica ATF 1 Litro - Moto Leonardo","og_description":"Bid\u00e3o de 1 Litro \u00d3leo ATF especialmente desenvolvido para o sector naval \u00e0 base de tecnologia sint\u00e9tica e da tecnologia de aditivos mais moderna. Em compara\u00e7\u00e3o com os \u00f3leo ATF comuns, garante uma elevada protec\u00e7\u00e3o contra a corros\u00e3o e um desgaste reduzido. A elevada estabilidade t\u00e9rmica e as excelentes caracter\u00edsticas de protec\u00e7\u00e3o da\u00ed resultantes permitem uma \u00f3ptima resist\u00eancia ao envelhecimento com reservas de seguran\u00e7a m\u00e1ximas. Compat\u00edvel com todos os materiais de veda\u00e7\u00e3o. Para caixas de velocidades e accionamentos como caixas redutoras de invers\u00e3o, direc\u00e7\u00f5es assistidas, sistemas de comando, sistemas de compasso, transmiss\u00f5es hidrost\u00e1ticas, assim como sistemas hidr\u00e1ulicos e mec\u00e2nicos que exigem a utiliza\u00e7\u00e3o de um \u00f3leo ATF. N\u00e3o se aplica nos casos em que se exigem \u00f3leos de acordo com GL4 ou GL5. excelente protec\u00e7\u00e3o contra a corros\u00e3o boa compatibilidade com materiais m\u00e1xima estabilidade t\u00e9rmica minimiza o desgaste \u00f3ptima estabilidade ao envelhecimento pode ser utilizado universalmente Especifica\u00e7\u00f5es \/ Aprova\u00e7\u00f5es ZF Freigabenummer ZF004927, ZF TE-ML 04D A LIQUI MOLY recomenda este produto para ve\u00edculos ou grupos para os quais se exigem as seguintes especifica\u00e7\u00f5es ou n\u00fameros de pe\u00e7as originais de reposi\u00e7\u00e3oAllison C4, Dexron II D, Dexron II E, Dexron III G, Dexron III H, Dexron TASA (Typ A\/Suffix A), Mariner, MerCruiser, Mercury","og_url":"https:\/\/motoleonardo.com\/?product=liqui-moly-oleo-transmissao-nautica-atf-1-litro","og_site_name":"Moto Leonardo","article_publisher":"https:\/\/www.facebook.com\/motoleonardopt","og_image":[{"width":1006,"height":965,"url":"https:\/\/i0.wp.com\/motoleonardo.com\/wp-content\/uploads\/2025\/01\/liqui-marine-atf.jpg?fit=1006%2C965&ssl=1","type":"image\/jpeg"}],"twitter_card":"summary_large_image","twitter_misc":{"Tempo estimado de leitura":"1 minuto"},"schema":{"@context":"https:\/\/schema.org","@graph":[{"@type":"WebPage","@id":"https:\/\/motoleonardo.com\/?product=liqui-moly-oleo-transmissao-nautica-atf-1-litro","url":"https:\/\/motoleonardo.com\/?product=liqui-moly-oleo-transmissao-nautica-atf-1-litro","name":"Liqui Moly \u00d3leo Transmiss\u00e3o N\u00e1utica ATF 1 Litro - Moto Leonardo","isPartOf":{"@id":"https:\/\/motoleonardo.com\/#website"},"primaryImageOfPage":{"@id":"https:\/\/motoleonardo.com\/?product=liqui-moly-oleo-transmissao-nautica-atf-1-litro#primaryimage"},"image":{"@id":"https:\/\/motoleonardo.com\/?product=liqui-moly-oleo-transmissao-nautica-atf-1-litro#primaryimage"},"thumbnailUrl":"https:\/\/i0.wp.com\/motoleonardo.com\/wp-content\/uploads\/2025\/01\/liqui-marine-atf.jpg?fit=1006%2C965&ssl=1","datePublished":"2025-01-10T13:17:49+00:00","breadcrumb":{"@id":"https:\/\/motoleonardo.com\/?product=liqui-moly-oleo-transmissao-nautica-atf-1-litro#breadcrumb"},"inLanguage":"pt-PT","potentialAction":[{"@type":"ReadAction","target":["https:\/\/motoleonardo.com\/?product=liqui-moly-oleo-transmissao-nautica-atf-1-litro"]}]},{"@type":"ImageObject","inLanguage":"pt-PT","@id":"https:\/\/motoleonardo.com\/?product=liqui-moly-oleo-transmissao-nautica-atf-1-litro#primaryimage","url":"https:\/\/i0.wp.com\/motoleonardo.com\/wp-content\/uploads\/2025\/01\/liqui-marine-atf.jpg?fit=1006%2C965&ssl=1","contentUrl":"https:\/\/i0.wp.com\/motoleonardo.com\/wp-content\/uploads\/2025\/01\/liqui-marine-atf.jpg?fit=1006%2C965&ssl=1","width":1006,"height":965},{"@type":"BreadcrumbList","@id":"https:\/\/motoleonardo.com\/?product=liqui-moly-oleo-transmissao-nautica-atf-1-litro#breadcrumb","itemListElement":[{"@type":"ListItem","position":1,"name":"In\u00edcio","item":"https:\/\/motoleonardo.com\/"},{"@type":"ListItem","position":2,"name":"Todas Categorias","item":"https:\/\/motoleonardo.com\/?page_id=252"},{"@type":"ListItem","position":3,"name":"Liqui Moly \u00d3leo Transmiss\u00e3o N\u00e1utica ATF 1 Litro"}]},{"@type":"WebSite","@id":"https:\/\/motoleonardo.com\/#website","url":"https:\/\/motoleonardo.com\/","name":"Moto Leonardo","description":"Motas Novas e Usadas - Oficina Multimarcas - Pe\u00e7as, Acess\u00f3rios e Equipamento","publisher":{"@id":"https:\/\/motoleonardo.com\/#organization"},"potentialAction":[{"@type":"SearchAction","target":{"@type":"EntryPoint","urlTemplate":"https:\/\/motoleonardo.com\/?s={search_term_string}"},"query-input":{"@type":"PropertyValueSpecification","valueRequired":true,"valueName":"search_term_string"}}],"inLanguage":"pt-PT"},{"@type":"Organization","@id":"https:\/\/motoleonardo.com\/#organization","name":"Moto Leonardo","url":"https:\/\/motoleonardo.com\/","logo":{"@type":"ImageObject","inLanguage":"pt-PT","@id":"https:\/\/motoleonardo.com\/#\/schema\/logo\/image\/","url":"https:\/\/i0.wp.com\/motoleonardo.com\/wp-content\/uploads\/2022\/10\/cropped-Professional-Initial-Letter-Typography-Logo.png?fit=512%2C512&ssl=1","contentUrl":"https:\/\/i0.wp.com\/motoleonardo.com\/wp-content\/uploads\/2022\/10\/cropped-Professional-Initial-Letter-Typography-Logo.png?fit=512%2C512&ssl=1","width":512,"height":512,"caption":"Moto Leonardo"},"image":{"@id":"https:\/\/motoleonardo.com\/#\/schema\/logo\/image\/"},"sameAs":["https:\/\/www.facebook.com\/motoleonardopt","https:\/\/www.instagram.com\/moto_leonardo\/"]}]}},"jetpack_sharing_enabled":true,"_links":{"self":[{"href":"https:\/\/motoleonardo.com\/index.php?rest_route=\/wp\/v2\/product\/6569","targetHints":{"allow":["GET"]}}],"collection":[{"href":"https:\/\/motoleonardo.com\/index.php?rest_route=\/wp\/v2\/product"}],"about":[{"href":"https:\/\/motoleonardo.com\/index.php?rest_route=\/wp\/v2\/types\/product"}],"wp:featuredmedia":[{"embeddable":true,"href":"https:\/\/motoleonardo.com\/index.php?rest_route=\/wp\/v2\/media\/6570"}],"wp:attachment":[{"href":"https:\/\/motoleonardo.com\/index.php?rest_route=%2Fwp%2Fv2%2Fmedia&parent=6569"}],"wp:term":[{"taxonomy":"product_brand","embeddable":true,"href":"https:\/\/motoleonardo.com\/index.php?rest_route=%2Fwp%2Fv2%2Fproduct_brand&post=6569"},{"taxonomy":"product_cat","embeddable":true,"href":"https:\/\/motoleonardo.com\/index.php?rest_route=%2Fwp%2Fv2%2Fproduct_cat&post=6569"},{"taxonomy":"product_tag","embeddable":true,"href":"https:\/\/motoleonardo.com\/index.php?rest_route=%2Fwp%2Fv2%2Fproduct_tag&post=6569"}],"curies":[{"name":"wp","href":"https:\/\/api.w.org\/{rel}","templated":true}]}}