{"id":6584,"date":"2025-01-10T16:11:01","date_gmt":"2025-01-10T16:11:01","guid":{"rendered":"https:\/\/motoleonardo.com\/?post_type=product&#038;p=6584"},"modified":"2025-01-10T16:11:40","modified_gmt":"2025-01-10T16:11:40","slug":"liqui-moly-marine-oleo-de-motor-nautica-4t-25w-40-5-litros","status":"publish","type":"product","link":"https:\/\/motoleonardo.com\/?product=liqui-moly-marine-oleo-de-motor-nautica-4t-25w-40-5-litros","title":{"rendered":"Liqui Moly Marine \u00d3leo de Motor N\u00e1utica 4T 25W-40 5 Litros"},"content":{"rendered":"<p><strong>Bid\u00e3o de 5 Litros<\/strong><\/p>\n<p>\u00d3leo para motores de alto rendimento com aditivos sint\u00e9ticos especialmente adaptados ao sector naval. Garante uma pel\u00edcula de lubrifica\u00e7\u00e3o est\u00e1vel mesmo sob condi\u00e7\u00f5es de funcionamento extremas. Mant\u00e9m flex\u00edveis as juntas do motor (por exemplo os an\u00e9is de junta do eixo e as juntas da haste da v\u00e1lvula) e garante que o consumo de \u00f3leo seja reduzido. Respeita as exig\u00eancias dos principais fabricantes de motores. Garante a protec\u00e7\u00e3o de garantia dos fabricantes que requerem a certifica\u00e7\u00e3o FC-W Catalyst Compatible\u00ae da NMMA. Testado para catalisador e turbo.<\/p>\n<p>Para os motores a gasolina de popa e interiores. \u00c9 poss\u00edvel a mistura com todos os \u00f3leos para motores \u00e0 venda no mercado.<\/p>\n<ul class=\"check-list\">\n<li class=\"value\">protec\u00e7\u00e3o ideal contra a corros\u00e3o<\/li>\n<li class=\"value\">testado para catalisadores<\/li>\n<li class=\"value\">\u00f3ptima press\u00e3o do \u00f3leo em todas as condi\u00e7\u00f5es de funcionamento<\/li>\n<li class=\"value\">est\u00e1vel frente ao envelhecimento e no que diz respeito \u00e0 viscosidade<\/li>\n<li class=\"value\">excelente resistente pel\u00edcula lubrificante<\/li>\n<\/ul>\n<p><strong>Aplica\u00e7\u00e3o<\/strong><br \/>\nRespeitar as normas e especifica\u00e7\u00f5es do fabricante do barco ou do grupo.<\/p>\n<p><strong>Especifica\u00e7\u00f5es \/ Aprova\u00e7\u00f5es<\/strong><br \/>\nAPI SM, NMMA FC-W Catalyst Compatible\u00ae<\/p>\n<p><strong>A LIQUI MOLY recomenda este produto para ve\u00edculos ou grupos para os quais se exigem as seguintes especifica\u00e7\u00f5es ou n\u00fameros de pe\u00e7as originais de reposi\u00e7\u00e3o<\/strong><br \/>\nHonda Marine, Mercury Marine, NMMA FC-W, Selva, Suzuki Marine, Tohatsu, Volvo Penta, Yamaha<\/p>\n","protected":false},"excerpt":{"rendered":"<p>Bid\u00e3o de 5 Litros \u00d3leo para motores de alto rendimento com aditivos sint\u00e9ticos especialmente adaptados ao sector naval. Garante uma pel\u00edcula de lubrifica\u00e7\u00e3o est\u00e1vel mesmo sob condi\u00e7\u00f5es de funcionamento extremas. Mant\u00e9m flex\u00edveis as juntas do motor (por exemplo os an\u00e9is de junta do eixo e as juntas da haste da v\u00e1lvula) e garante que o consumo de \u00f3leo seja reduzido. Respeita as exig\u00eancias dos principais fabricantes de motores. Garante a protec\u00e7\u00e3o de garantia dos fabricantes que requerem a certifica\u00e7\u00e3o FC-W Catalyst Compatible\u00ae da NMMA. Testado para catalisador e turbo. Para os motores a gasolina de popa e interiores. \u00c9 poss\u00edvel a mistura com todos os \u00f3leos para motores \u00e0 venda no mercado. protec\u00e7\u00e3o ideal contra a corros\u00e3o testado para catalisadores \u00f3ptima press\u00e3o do \u00f3leo em todas as condi\u00e7\u00f5es de funcionamento est\u00e1vel frente ao envelhecimento e no que diz respeito \u00e0 viscosidade excelente resistente pel\u00edcula lubrificante Aplica\u00e7\u00e3o Respeitar as normas e especifica\u00e7\u00f5es do fabricante do barco ou do grupo. Especifica\u00e7\u00f5es \/ Aprova\u00e7\u00f5es API SM, NMMA FC-W Catalyst Compatible\u00ae A LIQUI MOLY recomenda este produto para ve\u00edculos ou grupos para os quais se exigem as seguintes especifica\u00e7\u00f5es ou n\u00fameros de pe\u00e7as originais de reposi\u00e7\u00e3o Honda Marine, Mercury Marine, NMMA FC-W, Selva, Suzuki Marine, Tohatsu, Volvo Penta, Yamaha<\/p>\n","protected":false},"featured_media":6585,"template":"","meta":{"ocean_post_layout":"","ocean_both_sidebars_style":"","ocean_both_sidebars_content_width":0,"ocean_both_sidebars_sidebars_width":0,"ocean_sidebar":"0","ocean_second_sidebar":"0","ocean_disable_margins":"enable","ocean_add_body_class":"","ocean_shortcode_before_top_bar":"","ocean_shortcode_after_top_bar":"","ocean_shortcode_before_header":"","ocean_shortcode_after_header":"","ocean_has_shortcode":"","ocean_shortcode_after_title":"","ocean_shortcode_before_footer_widgets":"","ocean_shortcode_after_footer_widgets":"","ocean_shortcode_before_footer_bottom":"","ocean_shortcode_after_footer_bottom":"","ocean_display_top_bar":"default","ocean_display_header":"default","ocean_header_style":"","ocean_center_header_left_menu":"0","ocean_custom_header_template":"0","ocean_custom_logo":0,"ocean_custom_retina_logo":0,"ocean_custom_logo_max_width":0,"ocean_custom_logo_tablet_max_width":0,"ocean_custom_logo_mobile_max_width":0,"ocean_custom_logo_max_height":0,"ocean_custom_logo_tablet_max_height":0,"ocean_custom_logo_mobile_max_height":0,"ocean_header_custom_menu":"0","ocean_menu_typo_font_family":"0","ocean_menu_typo_font_subset":"","ocean_menu_typo_font_size":0,"ocean_menu_typo_font_size_tablet":0,"ocean_menu_typo_font_size_mobile":0,"ocean_menu_typo_font_size_unit":"px","ocean_menu_typo_font_weight":"","ocean_menu_typo_font_weight_tablet":"","ocean_menu_typo_font_weight_mobile":"","ocean_menu_typo_transform":"","ocean_menu_typo_transform_tablet":"","ocean_menu_typo_transform_mobile":"","ocean_menu_typo_line_height":0,"ocean_menu_typo_line_height_tablet":0,"ocean_menu_typo_line_height_mobile":0,"ocean_menu_typo_line_height_unit":"","ocean_menu_typo_spacing":0,"ocean_menu_typo_spacing_tablet":0,"ocean_menu_typo_spacing_mobile":0,"ocean_menu_typo_spacing_unit":"","ocean_menu_link_color":"","ocean_menu_link_color_hover":"","ocean_menu_link_color_active":"","ocean_menu_link_background":"","ocean_menu_link_hover_background":"","ocean_menu_link_active_background":"","ocean_menu_social_links_bg":"","ocean_menu_social_hover_links_bg":"","ocean_menu_social_links_color":"","ocean_menu_social_hover_links_color":"","ocean_disable_title":"default","ocean_disable_heading":"default","ocean_post_title":"","ocean_post_subheading":"","ocean_post_title_style":"","ocean_post_title_background_color":"","ocean_post_title_background":0,"ocean_post_title_bg_image_position":"","ocean_post_title_bg_image_attachment":"","ocean_post_title_bg_image_repeat":"","ocean_post_title_bg_image_size":"","ocean_post_title_height":0,"ocean_post_title_bg_overlay":0.5,"ocean_post_title_bg_overlay_color":"","ocean_disable_breadcrumbs":"default","ocean_breadcrumbs_color":"","ocean_breadcrumbs_separator_color":"","ocean_breadcrumbs_links_color":"","ocean_breadcrumbs_links_hover_color":"","ocean_display_footer_widgets":"default","ocean_display_footer_bottom":"default","ocean_custom_footer_template":"0","omw_enable_modal_window":"enable"},"product_brand":[],"product_cat":[68,769,69],"product_tag":[503],"class_list":{"0":"post-6584","1":"product","2":"type-product","3":"status-publish","4":"has-post-thumbnail","6":"product_cat-manutencao","7":"product_cat-marine","8":"product_cat-oleo-motor","9":"product_tag-liqui-moly","11":"entry","12":"has-media","14":"first","15":"onbackorder","16":"sale","17":"shipping-taxable","18":"purchasable","19":"product-type-simple","20":"has-product-nav","21":"col","22":"span_1_of_4","23":"owp-content-right","24":"owp-thumbs-layout-horizontal","25":"owp-btn-normal","26":"owp-tabs-layout-horizontal","27":"has-no-thumbnails"},"yoast_head":"<!-- This site is optimized with the Yoast SEO plugin v27.5 - https:\/\/yoast.com\/product\/yoast-seo-wordpress\/ -->\n<title>Liqui Moly Marine \u00d3leo de Motor N\u00e1utica 4T 25W-40 5 Litros - Moto Leonardo<\/title>\n<meta name=\"robots\" content=\"index, follow, max-snippet:-1, max-image-preview:large, max-video-preview:-1\" \/>\n<link rel=\"canonical\" href=\"https:\/\/motoleonardo.com\/?product=liqui-moly-marine-oleo-de-motor-nautica-4t-25w-40-5-litros\" \/>\n<meta property=\"og:locale\" content=\"pt_PT\" \/>\n<meta property=\"og:type\" content=\"article\" \/>\n<meta property=\"og:title\" content=\"Liqui Moly Marine \u00d3leo de Motor N\u00e1utica 4T 25W-40 5 Litros - Moto Leonardo\" \/>\n<meta property=\"og:description\" content=\"Bid\u00e3o de 5 Litros \u00d3leo para motores de alto rendimento com aditivos sint\u00e9ticos especialmente adaptados ao sector naval. Garante uma pel\u00edcula de lubrifica\u00e7\u00e3o est\u00e1vel mesmo sob condi\u00e7\u00f5es de funcionamento extremas. Mant\u00e9m flex\u00edveis as juntas do motor (por exemplo os an\u00e9is de junta do eixo e as juntas da haste da v\u00e1lvula) e garante que o consumo de \u00f3leo seja reduzido. Respeita as exig\u00eancias dos principais fabricantes de motores. Garante a protec\u00e7\u00e3o de garantia dos fabricantes que requerem a certifica\u00e7\u00e3o FC-W Catalyst Compatible\u00ae da NMMA. Testado para catalisador e turbo. Para os motores a gasolina de popa e interiores. \u00c9 poss\u00edvel a mistura com todos os \u00f3leos para motores \u00e0 venda no mercado. protec\u00e7\u00e3o ideal contra a corros\u00e3o testado para catalisadores \u00f3ptima press\u00e3o do \u00f3leo em todas as condi\u00e7\u00f5es de funcionamento est\u00e1vel frente ao envelhecimento e no que diz respeito \u00e0 viscosidade excelente resistente pel\u00edcula lubrificante Aplica\u00e7\u00e3o Respeitar as normas e especifica\u00e7\u00f5es do fabricante do barco ou do grupo. Especifica\u00e7\u00f5es \/ Aprova\u00e7\u00f5es API SM, NMMA FC-W Catalyst Compatible\u00ae A LIQUI MOLY recomenda este produto para ve\u00edculos ou grupos para os quais se exigem as seguintes especifica\u00e7\u00f5es ou n\u00fameros de pe\u00e7as originais de reposi\u00e7\u00e3o Honda Marine, Mercury Marine, NMMA FC-W, Selva, Suzuki Marine, Tohatsu, Volvo Penta, Yamaha\" \/>\n<meta property=\"og:url\" content=\"https:\/\/motoleonardo.com\/?product=liqui-moly-marine-oleo-de-motor-nautica-4t-25w-40-5-litros\" \/>\n<meta property=\"og:site_name\" content=\"Moto Leonardo\" \/>\n<meta property=\"article:publisher\" content=\"https:\/\/www.facebook.com\/motoleonardopt\" \/>\n<meta property=\"article:modified_time\" content=\"2025-01-10T16:11:40+00:00\" \/>\n<meta property=\"og:image\" content=\"https:\/\/i0.wp.com\/motoleonardo.com\/wp-content\/uploads\/2025\/01\/25026_Marine_4T_Motor_Oil_25W_40_1l_d1f3.png?fit=365%2C359&ssl=1\" \/>\n\t<meta property=\"og:image:width\" content=\"365\" \/>\n\t<meta property=\"og:image:height\" content=\"359\" \/>\n\t<meta property=\"og:image:type\" content=\"image\/png\" \/>\n<meta name=\"twitter:card\" content=\"summary_large_image\" \/>\n<meta name=\"twitter:label1\" content=\"Tempo estimado de leitura\" \/>\n\t<meta name=\"twitter:data1\" content=\"1 minuto\" \/>\n<script type=\"application\/ld+json\" class=\"yoast-schema-graph\">{\"@context\":\"https:\\\/\\\/schema.org\",\"@graph\":[{\"@type\":\"WebPage\",\"@id\":\"https:\\\/\\\/motoleonardo.com\\\/?product=liqui-moly-marine-oleo-de-motor-nautica-4t-25w-40-5-litros\",\"url\":\"https:\\\/\\\/motoleonardo.com\\\/?product=liqui-moly-marine-oleo-de-motor-nautica-4t-25w-40-5-litros\",\"name\":\"Liqui Moly Marine \u00d3leo de Motor N\u00e1utica 4T 25W-40 5 Litros - Moto Leonardo\",\"isPartOf\":{\"@id\":\"https:\\\/\\\/motoleonardo.com\\\/#website\"},\"primaryImageOfPage\":{\"@id\":\"https:\\\/\\\/motoleonardo.com\\\/?product=liqui-moly-marine-oleo-de-motor-nautica-4t-25w-40-5-litros#primaryimage\"},\"image\":{\"@id\":\"https:\\\/\\\/motoleonardo.com\\\/?product=liqui-moly-marine-oleo-de-motor-nautica-4t-25w-40-5-litros#primaryimage\"},\"thumbnailUrl\":\"https:\\\/\\\/i0.wp.com\\\/motoleonardo.com\\\/wp-content\\\/uploads\\\/2025\\\/01\\\/25026_Marine_4T_Motor_Oil_25W_40_1l_d1f3.png?fit=365%2C359&ssl=1\",\"datePublished\":\"2025-01-10T16:11:01+00:00\",\"dateModified\":\"2025-01-10T16:11:40+00:00\",\"breadcrumb\":{\"@id\":\"https:\\\/\\\/motoleonardo.com\\\/?product=liqui-moly-marine-oleo-de-motor-nautica-4t-25w-40-5-litros#breadcrumb\"},\"inLanguage\":\"pt-PT\",\"potentialAction\":[{\"@type\":\"ReadAction\",\"target\":[\"https:\\\/\\\/motoleonardo.com\\\/?product=liqui-moly-marine-oleo-de-motor-nautica-4t-25w-40-5-litros\"]}]},{\"@type\":\"ImageObject\",\"inLanguage\":\"pt-PT\",\"@id\":\"https:\\\/\\\/motoleonardo.com\\\/?product=liqui-moly-marine-oleo-de-motor-nautica-4t-25w-40-5-litros#primaryimage\",\"url\":\"https:\\\/\\\/i0.wp.com\\\/motoleonardo.com\\\/wp-content\\\/uploads\\\/2025\\\/01\\\/25026_Marine_4T_Motor_Oil_25W_40_1l_d1f3.png?fit=365%2C359&ssl=1\",\"contentUrl\":\"https:\\\/\\\/i0.wp.com\\\/motoleonardo.com\\\/wp-content\\\/uploads\\\/2025\\\/01\\\/25026_Marine_4T_Motor_Oil_25W_40_1l_d1f3.png?fit=365%2C359&ssl=1\",\"width\":365,\"height\":359},{\"@type\":\"BreadcrumbList\",\"@id\":\"https:\\\/\\\/motoleonardo.com\\\/?product=liqui-moly-marine-oleo-de-motor-nautica-4t-25w-40-5-litros#breadcrumb\",\"itemListElement\":[{\"@type\":\"ListItem\",\"position\":1,\"name\":\"In\u00edcio\",\"item\":\"https:\\\/\\\/motoleonardo.com\\\/\"},{\"@type\":\"ListItem\",\"position\":2,\"name\":\"Todas Categorias\",\"item\":\"https:\\\/\\\/motoleonardo.com\\\/?page_id=252\"},{\"@type\":\"ListItem\",\"position\":3,\"name\":\"Liqui Moly Marine \u00d3leo de Motor N\u00e1utica 4T 25W-40 5 Litros\"}]},{\"@type\":\"WebSite\",\"@id\":\"https:\\\/\\\/motoleonardo.com\\\/#website\",\"url\":\"https:\\\/\\\/motoleonardo.com\\\/\",\"name\":\"Moto Leonardo\",\"description\":\"Motas Novas e Usadas - Oficina Multimarcas - Pe\u00e7as, Acess\u00f3rios e Equipamento\",\"publisher\":{\"@id\":\"https:\\\/\\\/motoleonardo.com\\\/#organization\"},\"potentialAction\":[{\"@type\":\"SearchAction\",\"target\":{\"@type\":\"EntryPoint\",\"urlTemplate\":\"https:\\\/\\\/motoleonardo.com\\\/?s={search_term_string}\"},\"query-input\":{\"@type\":\"PropertyValueSpecification\",\"valueRequired\":true,\"valueName\":\"search_term_string\"}}],\"inLanguage\":\"pt-PT\"},{\"@type\":\"Organization\",\"@id\":\"https:\\\/\\\/motoleonardo.com\\\/#organization\",\"name\":\"Moto Leonardo\",\"url\":\"https:\\\/\\\/motoleonardo.com\\\/\",\"logo\":{\"@type\":\"ImageObject\",\"inLanguage\":\"pt-PT\",\"@id\":\"https:\\\/\\\/motoleonardo.com\\\/#\\\/schema\\\/logo\\\/image\\\/\",\"url\":\"https:\\\/\\\/i0.wp.com\\\/motoleonardo.com\\\/wp-content\\\/uploads\\\/2022\\\/10\\\/cropped-Professional-Initial-Letter-Typography-Logo.png?fit=512%2C512&ssl=1\",\"contentUrl\":\"https:\\\/\\\/i0.wp.com\\\/motoleonardo.com\\\/wp-content\\\/uploads\\\/2022\\\/10\\\/cropped-Professional-Initial-Letter-Typography-Logo.png?fit=512%2C512&ssl=1\",\"width\":512,\"height\":512,\"caption\":\"Moto Leonardo\"},\"image\":{\"@id\":\"https:\\\/\\\/motoleonardo.com\\\/#\\\/schema\\\/logo\\\/image\\\/\"},\"sameAs\":[\"https:\\\/\\\/www.facebook.com\\\/motoleonardopt\",\"https:\\\/\\\/www.instagram.com\\\/moto_leonardo\\\/\"]}]}<\/script>\n<!-- \/ Yoast SEO plugin. -->","yoast_head_json":{"title":"Liqui Moly Marine \u00d3leo de Motor N\u00e1utica 4T 25W-40 5 Litros - Moto Leonardo","robots":{"index":"index","follow":"follow","max-snippet":"max-snippet:-1","max-image-preview":"max-image-preview:large","max-video-preview":"max-video-preview:-1"},"canonical":"https:\/\/motoleonardo.com\/?product=liqui-moly-marine-oleo-de-motor-nautica-4t-25w-40-5-litros","og_locale":"pt_PT","og_type":"article","og_title":"Liqui Moly Marine \u00d3leo de Motor N\u00e1utica 4T 25W-40 5 Litros - Moto Leonardo","og_description":"Bid\u00e3o de 5 Litros \u00d3leo para motores de alto rendimento com aditivos sint\u00e9ticos especialmente adaptados ao sector naval. Garante uma pel\u00edcula de lubrifica\u00e7\u00e3o est\u00e1vel mesmo sob condi\u00e7\u00f5es de funcionamento extremas. Mant\u00e9m flex\u00edveis as juntas do motor (por exemplo os an\u00e9is de junta do eixo e as juntas da haste da v\u00e1lvula) e garante que o consumo de \u00f3leo seja reduzido. Respeita as exig\u00eancias dos principais fabricantes de motores. Garante a protec\u00e7\u00e3o de garantia dos fabricantes que requerem a certifica\u00e7\u00e3o FC-W Catalyst Compatible\u00ae da NMMA. Testado para catalisador e turbo. Para os motores a gasolina de popa e interiores. \u00c9 poss\u00edvel a mistura com todos os \u00f3leos para motores \u00e0 venda no mercado. protec\u00e7\u00e3o ideal contra a corros\u00e3o testado para catalisadores \u00f3ptima press\u00e3o do \u00f3leo em todas as condi\u00e7\u00f5es de funcionamento est\u00e1vel frente ao envelhecimento e no que diz respeito \u00e0 viscosidade excelente resistente pel\u00edcula lubrificante Aplica\u00e7\u00e3o Respeitar as normas e especifica\u00e7\u00f5es do fabricante do barco ou do grupo. Especifica\u00e7\u00f5es \/ Aprova\u00e7\u00f5es API SM, NMMA FC-W Catalyst Compatible\u00ae A LIQUI MOLY recomenda este produto para ve\u00edculos ou grupos para os quais se exigem as seguintes especifica\u00e7\u00f5es ou n\u00fameros de pe\u00e7as originais de reposi\u00e7\u00e3o Honda Marine, Mercury Marine, NMMA FC-W, Selva, Suzuki Marine, Tohatsu, Volvo Penta, Yamaha","og_url":"https:\/\/motoleonardo.com\/?product=liqui-moly-marine-oleo-de-motor-nautica-4t-25w-40-5-litros","og_site_name":"Moto Leonardo","article_publisher":"https:\/\/www.facebook.com\/motoleonardopt","article_modified_time":"2025-01-10T16:11:40+00:00","og_image":[{"width":365,"height":359,"url":"https:\/\/i0.wp.com\/motoleonardo.com\/wp-content\/uploads\/2025\/01\/25026_Marine_4T_Motor_Oil_25W_40_1l_d1f3.png?fit=365%2C359&ssl=1","type":"image\/png"}],"twitter_card":"summary_large_image","twitter_misc":{"Tempo estimado de leitura":"1 minuto"},"schema":{"@context":"https:\/\/schema.org","@graph":[{"@type":"WebPage","@id":"https:\/\/motoleonardo.com\/?product=liqui-moly-marine-oleo-de-motor-nautica-4t-25w-40-5-litros","url":"https:\/\/motoleonardo.com\/?product=liqui-moly-marine-oleo-de-motor-nautica-4t-25w-40-5-litros","name":"Liqui Moly Marine \u00d3leo de Motor N\u00e1utica 4T 25W-40 5 Litros - Moto Leonardo","isPartOf":{"@id":"https:\/\/motoleonardo.com\/#website"},"primaryImageOfPage":{"@id":"https:\/\/motoleonardo.com\/?product=liqui-moly-marine-oleo-de-motor-nautica-4t-25w-40-5-litros#primaryimage"},"image":{"@id":"https:\/\/motoleonardo.com\/?product=liqui-moly-marine-oleo-de-motor-nautica-4t-25w-40-5-litros#primaryimage"},"thumbnailUrl":"https:\/\/i0.wp.com\/motoleonardo.com\/wp-content\/uploads\/2025\/01\/25026_Marine_4T_Motor_Oil_25W_40_1l_d1f3.png?fit=365%2C359&ssl=1","datePublished":"2025-01-10T16:11:01+00:00","dateModified":"2025-01-10T16:11:40+00:00","breadcrumb":{"@id":"https:\/\/motoleonardo.com\/?product=liqui-moly-marine-oleo-de-motor-nautica-4t-25w-40-5-litros#breadcrumb"},"inLanguage":"pt-PT","potentialAction":[{"@type":"ReadAction","target":["https:\/\/motoleonardo.com\/?product=liqui-moly-marine-oleo-de-motor-nautica-4t-25w-40-5-litros"]}]},{"@type":"ImageObject","inLanguage":"pt-PT","@id":"https:\/\/motoleonardo.com\/?product=liqui-moly-marine-oleo-de-motor-nautica-4t-25w-40-5-litros#primaryimage","url":"https:\/\/i0.wp.com\/motoleonardo.com\/wp-content\/uploads\/2025\/01\/25026_Marine_4T_Motor_Oil_25W_40_1l_d1f3.png?fit=365%2C359&ssl=1","contentUrl":"https:\/\/i0.wp.com\/motoleonardo.com\/wp-content\/uploads\/2025\/01\/25026_Marine_4T_Motor_Oil_25W_40_1l_d1f3.png?fit=365%2C359&ssl=1","width":365,"height":359},{"@type":"BreadcrumbList","@id":"https:\/\/motoleonardo.com\/?product=liqui-moly-marine-oleo-de-motor-nautica-4t-25w-40-5-litros#breadcrumb","itemListElement":[{"@type":"ListItem","position":1,"name":"In\u00edcio","item":"https:\/\/motoleonardo.com\/"},{"@type":"ListItem","position":2,"name":"Todas Categorias","item":"https:\/\/motoleonardo.com\/?page_id=252"},{"@type":"ListItem","position":3,"name":"Liqui Moly Marine \u00d3leo de Motor N\u00e1utica 4T 25W-40 5 Litros"}]},{"@type":"WebSite","@id":"https:\/\/motoleonardo.com\/#website","url":"https:\/\/motoleonardo.com\/","name":"Moto Leonardo","description":"Motas Novas e Usadas - Oficina Multimarcas - Pe\u00e7as, Acess\u00f3rios e Equipamento","publisher":{"@id":"https:\/\/motoleonardo.com\/#organization"},"potentialAction":[{"@type":"SearchAction","target":{"@type":"EntryPoint","urlTemplate":"https:\/\/motoleonardo.com\/?s={search_term_string}"},"query-input":{"@type":"PropertyValueSpecification","valueRequired":true,"valueName":"search_term_string"}}],"inLanguage":"pt-PT"},{"@type":"Organization","@id":"https:\/\/motoleonardo.com\/#organization","name":"Moto Leonardo","url":"https:\/\/motoleonardo.com\/","logo":{"@type":"ImageObject","inLanguage":"pt-PT","@id":"https:\/\/motoleonardo.com\/#\/schema\/logo\/image\/","url":"https:\/\/i0.wp.com\/motoleonardo.com\/wp-content\/uploads\/2022\/10\/cropped-Professional-Initial-Letter-Typography-Logo.png?fit=512%2C512&ssl=1","contentUrl":"https:\/\/i0.wp.com\/motoleonardo.com\/wp-content\/uploads\/2022\/10\/cropped-Professional-Initial-Letter-Typography-Logo.png?fit=512%2C512&ssl=1","width":512,"height":512,"caption":"Moto Leonardo"},"image":{"@id":"https:\/\/motoleonardo.com\/#\/schema\/logo\/image\/"},"sameAs":["https:\/\/www.facebook.com\/motoleonardopt","https:\/\/www.instagram.com\/moto_leonardo\/"]}]}},"jetpack_sharing_enabled":true,"_links":{"self":[{"href":"https:\/\/motoleonardo.com\/index.php?rest_route=\/wp\/v2\/product\/6584","targetHints":{"allow":["GET"]}}],"collection":[{"href":"https:\/\/motoleonardo.com\/index.php?rest_route=\/wp\/v2\/product"}],"about":[{"href":"https:\/\/motoleonardo.com\/index.php?rest_route=\/wp\/v2\/types\/product"}],"wp:featuredmedia":[{"embeddable":true,"href":"https:\/\/motoleonardo.com\/index.php?rest_route=\/wp\/v2\/media\/6585"}],"wp:attachment":[{"href":"https:\/\/motoleonardo.com\/index.php?rest_route=%2Fwp%2Fv2%2Fmedia&parent=6584"}],"wp:term":[{"taxonomy":"product_brand","embeddable":true,"href":"https:\/\/motoleonardo.com\/index.php?rest_route=%2Fwp%2Fv2%2Fproduct_brand&post=6584"},{"taxonomy":"product_cat","embeddable":true,"href":"https:\/\/motoleonardo.com\/index.php?rest_route=%2Fwp%2Fv2%2Fproduct_cat&post=6584"},{"taxonomy":"product_tag","embeddable":true,"href":"https:\/\/motoleonardo.com\/index.php?rest_route=%2Fwp%2Fv2%2Fproduct_tag&post=6584"}],"curies":[{"name":"wp","href":"https:\/\/api.w.org\/{rel}","templated":true}]}}