{"id":6630,"date":"2025-01-20T16:42:53","date_gmt":"2025-01-20T16:42:53","guid":{"rendered":"https:\/\/motoleonardo.com\/?post_type=product&#038;p=6630"},"modified":"2025-01-20T16:42:53","modified_gmt":"2025-01-20T16:42:53","slug":"muc-off-limpador-de-transmissao-500ml","status":"publish","type":"product","link":"https:\/\/motoleonardo.com\/?product=muc-off-limpador-de-transmissao-500ml","title":{"rendered":"Muc-Off Limpador de Transmiss\u00e3o 500ml"},"content":{"rendered":"<p>H\u00e1 muita sujidade, lama ou \u00f3leo acumulado na corrente e nas rodas dentadas da sua m\u00e1quina?<br \/>\nEnt\u00e3o pegue no nosso Powersports Drivetrain Cleaner! Este produto ir\u00e1 eliminar facilmente os res\u00edduos mais dif\u00edceis de todas as \u00e1reas da transmiss\u00e3o, gra\u00e7as \u00e0 sua f\u00f3rmula biodegrad\u00e1vel r\u00e1pida e eficaz.<br \/>\nPor isso, n\u00e3o precisa de se preocupar da pr\u00f3xima vez que estiver a conduzir num dia lamacento ou molhado, pois temos tudo o que precisa.<\/p>\n<p><strong>Carater\u00edsticas:<\/strong><br \/>\n&#8211; Biodegrad\u00e1vel (apenas o conte\u00fado \u00e9 facilmente biodegrad\u00e1vel)<br \/>\n&#8211; Pode ser utilizado em todos os motociclos, quads, ATVs e UTVs.<br \/>\n&#8211; Adequado para correntes de an\u00e9is padr\u00e3o O, X, Z.<br \/>\n&#8211; F\u00f3rmula sol\u00favel em \u00e1gua.<br \/>\n&#8211; F\u00f3rmula r\u00e1pida e eficaz para cortar a gordura.<br \/>\n&#8211; Remove todos os res\u00edduos de \u00f3leo e cera da corrente do sistema de transmiss\u00e3o e do bra\u00e7o oscilante.<br \/>\n&#8211; Elimina com seguran\u00e7a os contaminantes da corrente de transmiss\u00e3o.<br \/>\n&#8211; Ideal para utiliza\u00e7\u00e3o com escovas de limpeza de correntes e dispositivos de limpeza de correntes.<br \/>\n&#8211; Spray de gatilho inclu\u00eddo para uma aplica\u00e7\u00e3o f\u00e1cil.<br \/>\n&#8211; Limpa profundamente todas as \u00e1reas da corrente de transmiss\u00e3o em segundos.<br \/>\n&#8211; Seguro em componentes met\u00e1licos, pl\u00e1stico duro, borracha e vedantes.<\/p>\n","protected":false},"excerpt":{"rendered":"<p>H\u00e1 muita sujidade, lama ou \u00f3leo acumulado na corrente e nas rodas dentadas da sua m\u00e1quina? Ent\u00e3o pegue no nosso Powersports Drivetrain Cleaner! Este produto ir\u00e1 eliminar facilmente os res\u00edduos mais dif\u00edceis de todas as \u00e1reas da transmiss\u00e3o, gra\u00e7as \u00e0 sua f\u00f3rmula biodegrad\u00e1vel r\u00e1pida e eficaz. Por isso, n\u00e3o precisa de se preocupar da pr\u00f3xima vez que estiver a conduzir num dia lamacento ou molhado, pois temos tudo o que precisa. Carater\u00edsticas: &#8211; Biodegrad\u00e1vel (apenas o conte\u00fado \u00e9 facilmente biodegrad\u00e1vel) &#8211; Pode ser utilizado em todos os motociclos, quads, ATVs e UTVs. &#8211; Adequado para correntes de an\u00e9is padr\u00e3o O, X, Z. &#8211; F\u00f3rmula sol\u00favel em \u00e1gua. &#8211; F\u00f3rmula r\u00e1pida e eficaz para cortar a gordura. &#8211; Remove todos os res\u00edduos de \u00f3leo e cera da corrente do sistema de transmiss\u00e3o e do bra\u00e7o oscilante. &#8211; Elimina com seguran\u00e7a os contaminantes da corrente de transmiss\u00e3o. &#8211; Ideal para utiliza\u00e7\u00e3o com escovas de limpeza de correntes e dispositivos de limpeza de correntes. &#8211; Spray de gatilho inclu\u00eddo para uma aplica\u00e7\u00e3o f\u00e1cil. &#8211; Limpa profundamente todas as \u00e1reas da corrente de transmiss\u00e3o em segundos. &#8211; Seguro em componentes met\u00e1licos, pl\u00e1stico duro, borracha e vedantes.<\/p>\n","protected":false},"featured_media":6631,"template":"","meta":{"ocean_post_layout":"","ocean_both_sidebars_style":"","ocean_both_sidebars_content_width":0,"ocean_both_sidebars_sidebars_width":0,"ocean_sidebar":"0","ocean_second_sidebar":"0","ocean_disable_margins":"enable","ocean_add_body_class":"","ocean_shortcode_before_top_bar":"","ocean_shortcode_after_top_bar":"","ocean_shortcode_before_header":"","ocean_shortcode_after_header":"","ocean_has_shortcode":"","ocean_shortcode_after_title":"","ocean_shortcode_before_footer_widgets":"","ocean_shortcode_after_footer_widgets":"","ocean_shortcode_before_footer_bottom":"","ocean_shortcode_after_footer_bottom":"","ocean_display_top_bar":"default","ocean_display_header":"default","ocean_header_style":"","ocean_center_header_left_menu":"0","ocean_custom_header_template":"0","ocean_custom_logo":0,"ocean_custom_retina_logo":0,"ocean_custom_logo_max_width":0,"ocean_custom_logo_tablet_max_width":0,"ocean_custom_logo_mobile_max_width":0,"ocean_custom_logo_max_height":0,"ocean_custom_logo_tablet_max_height":0,"ocean_custom_logo_mobile_max_height":0,"ocean_header_custom_menu":"0","ocean_menu_typo_font_family":"0","ocean_menu_typo_font_subset":"","ocean_menu_typo_font_size":0,"ocean_menu_typo_font_size_tablet":0,"ocean_menu_typo_font_size_mobile":0,"ocean_menu_typo_font_size_unit":"px","ocean_menu_typo_font_weight":"","ocean_menu_typo_font_weight_tablet":"","ocean_menu_typo_font_weight_mobile":"","ocean_menu_typo_transform":"","ocean_menu_typo_transform_tablet":"","ocean_menu_typo_transform_mobile":"","ocean_menu_typo_line_height":0,"ocean_menu_typo_line_height_tablet":0,"ocean_menu_typo_line_height_mobile":0,"ocean_menu_typo_line_height_unit":"","ocean_menu_typo_spacing":0,"ocean_menu_typo_spacing_tablet":0,"ocean_menu_typo_spacing_mobile":0,"ocean_menu_typo_spacing_unit":"","ocean_menu_link_color":"","ocean_menu_link_color_hover":"","ocean_menu_link_color_active":"","ocean_menu_link_background":"","ocean_menu_link_hover_background":"","ocean_menu_link_active_background":"","ocean_menu_social_links_bg":"","ocean_menu_social_hover_links_bg":"","ocean_menu_social_links_color":"","ocean_menu_social_hover_links_color":"","ocean_disable_title":"default","ocean_disable_heading":"default","ocean_post_title":"","ocean_post_subheading":"","ocean_post_title_style":"","ocean_post_title_background_color":"","ocean_post_title_background":0,"ocean_post_title_bg_image_position":"","ocean_post_title_bg_image_attachment":"","ocean_post_title_bg_image_repeat":"","ocean_post_title_bg_image_size":"","ocean_post_title_height":0,"ocean_post_title_bg_overlay":0.5,"ocean_post_title_bg_overlay_color":"","ocean_disable_breadcrumbs":"default","ocean_breadcrumbs_color":"","ocean_breadcrumbs_separator_color":"","ocean_breadcrumbs_links_color":"","ocean_breadcrumbs_links_hover_color":"","ocean_display_footer_widgets":"default","ocean_display_footer_bottom":"default","ocean_custom_footer_template":"0","omw_enable_modal_window":"enable"},"product_brand":[],"product_cat":[125,68],"product_tag":[493],"class_list":{"0":"post-6630","1":"product","2":"type-product","3":"status-publish","4":"has-post-thumbnail","6":"product_cat-aditivos-limpeza-e-tratamento","7":"product_cat-manutencao","8":"product_tag-muc-off","10":"entry","11":"has-media","13":"first","14":"onbackorder","15":"shipping-taxable","16":"purchasable","17":"product-type-simple","18":"has-product-nav","19":"col","20":"span_1_of_4","21":"owp-content-right","22":"owp-thumbs-layout-horizontal","23":"owp-btn-normal","24":"owp-tabs-layout-horizontal","25":"has-no-thumbnails"},"yoast_head":"<!-- This site is optimized with the Yoast SEO plugin v27.4 - https:\/\/yoast.com\/product\/yoast-seo-wordpress\/ -->\n<title>Muc-Off Limpador de Transmiss\u00e3o 500ml - Moto Leonardo<\/title>\n<meta name=\"robots\" content=\"index, follow, max-snippet:-1, max-image-preview:large, max-video-preview:-1\" \/>\n<link rel=\"canonical\" href=\"https:\/\/motoleonardo.com\/?product=muc-off-limpador-de-transmissao-500ml\" \/>\n<meta property=\"og:locale\" content=\"pt_PT\" \/>\n<meta property=\"og:type\" content=\"article\" \/>\n<meta property=\"og:title\" content=\"Muc-Off Limpador de Transmiss\u00e3o 500ml - Moto Leonardo\" \/>\n<meta property=\"og:description\" content=\"H\u00e1 muita sujidade, lama ou \u00f3leo acumulado na corrente e nas rodas dentadas da sua m\u00e1quina? Ent\u00e3o pegue no nosso Powersports Drivetrain Cleaner! Este produto ir\u00e1 eliminar facilmente os res\u00edduos mais dif\u00edceis de todas as \u00e1reas da transmiss\u00e3o, gra\u00e7as \u00e0 sua f\u00f3rmula biodegrad\u00e1vel r\u00e1pida e eficaz. Por isso, n\u00e3o precisa de se preocupar da pr\u00f3xima vez que estiver a conduzir num dia lamacento ou molhado, pois temos tudo o que precisa. Carater\u00edsticas: &#8211; Biodegrad\u00e1vel (apenas o conte\u00fado \u00e9 facilmente biodegrad\u00e1vel) &#8211; Pode ser utilizado em todos os motociclos, quads, ATVs e UTVs. &#8211; Adequado para correntes de an\u00e9is padr\u00e3o O, X, Z. &#8211; F\u00f3rmula sol\u00favel em \u00e1gua. &#8211; F\u00f3rmula r\u00e1pida e eficaz para cortar a gordura. &#8211; Remove todos os res\u00edduos de \u00f3leo e cera da corrente do sistema de transmiss\u00e3o e do bra\u00e7o oscilante. &#8211; Elimina com seguran\u00e7a os contaminantes da corrente de transmiss\u00e3o. &#8211; Ideal para utiliza\u00e7\u00e3o com escovas de limpeza de correntes e dispositivos de limpeza de correntes. &#8211; Spray de gatilho inclu\u00eddo para uma aplica\u00e7\u00e3o f\u00e1cil. &#8211; Limpa profundamente todas as \u00e1reas da corrente de transmiss\u00e3o em segundos. &#8211; Seguro em componentes met\u00e1licos, pl\u00e1stico duro, borracha e vedantes.\" \/>\n<meta property=\"og:url\" content=\"https:\/\/motoleonardo.com\/?product=muc-off-limpador-de-transmissao-500ml\" \/>\n<meta property=\"og:site_name\" content=\"Moto Leonardo\" \/>\n<meta property=\"article:publisher\" content=\"https:\/\/www.facebook.com\/motoleonardopt\" \/>\n<meta property=\"og:image\" content=\"https:\/\/i0.wp.com\/motoleonardo.com\/wp-content\/uploads\/2025\/01\/muc-off-transmission.jpeg?fit=800%2C800&ssl=1\" \/>\n\t<meta property=\"og:image:width\" content=\"800\" \/>\n\t<meta property=\"og:image:height\" content=\"800\" \/>\n\t<meta property=\"og:image:type\" content=\"image\/jpeg\" \/>\n<meta name=\"twitter:card\" content=\"summary_large_image\" \/>\n<meta name=\"twitter:label1\" content=\"Tempo estimado de leitura\" \/>\n\t<meta name=\"twitter:data1\" content=\"1 minuto\" \/>\n<script type=\"application\/ld+json\" class=\"yoast-schema-graph\">{\"@context\":\"https:\\\/\\\/schema.org\",\"@graph\":[{\"@type\":\"WebPage\",\"@id\":\"https:\\\/\\\/motoleonardo.com\\\/?product=muc-off-limpador-de-transmissao-500ml\",\"url\":\"https:\\\/\\\/motoleonardo.com\\\/?product=muc-off-limpador-de-transmissao-500ml\",\"name\":\"Muc-Off Limpador de Transmiss\u00e3o 500ml - Moto Leonardo\",\"isPartOf\":{\"@id\":\"https:\\\/\\\/motoleonardo.com\\\/#website\"},\"primaryImageOfPage\":{\"@id\":\"https:\\\/\\\/motoleonardo.com\\\/?product=muc-off-limpador-de-transmissao-500ml#primaryimage\"},\"image\":{\"@id\":\"https:\\\/\\\/motoleonardo.com\\\/?product=muc-off-limpador-de-transmissao-500ml#primaryimage\"},\"thumbnailUrl\":\"https:\\\/\\\/i0.wp.com\\\/motoleonardo.com\\\/wp-content\\\/uploads\\\/2025\\\/01\\\/muc-off-transmission.jpeg?fit=800%2C800&ssl=1\",\"datePublished\":\"2025-01-20T16:42:53+00:00\",\"breadcrumb\":{\"@id\":\"https:\\\/\\\/motoleonardo.com\\\/?product=muc-off-limpador-de-transmissao-500ml#breadcrumb\"},\"inLanguage\":\"pt-PT\",\"potentialAction\":[{\"@type\":\"ReadAction\",\"target\":[\"https:\\\/\\\/motoleonardo.com\\\/?product=muc-off-limpador-de-transmissao-500ml\"]}]},{\"@type\":\"ImageObject\",\"inLanguage\":\"pt-PT\",\"@id\":\"https:\\\/\\\/motoleonardo.com\\\/?product=muc-off-limpador-de-transmissao-500ml#primaryimage\",\"url\":\"https:\\\/\\\/i0.wp.com\\\/motoleonardo.com\\\/wp-content\\\/uploads\\\/2025\\\/01\\\/muc-off-transmission.jpeg?fit=800%2C800&ssl=1\",\"contentUrl\":\"https:\\\/\\\/i0.wp.com\\\/motoleonardo.com\\\/wp-content\\\/uploads\\\/2025\\\/01\\\/muc-off-transmission.jpeg?fit=800%2C800&ssl=1\",\"width\":800,\"height\":800},{\"@type\":\"BreadcrumbList\",\"@id\":\"https:\\\/\\\/motoleonardo.com\\\/?product=muc-off-limpador-de-transmissao-500ml#breadcrumb\",\"itemListElement\":[{\"@type\":\"ListItem\",\"position\":1,\"name\":\"In\u00edcio\",\"item\":\"https:\\\/\\\/motoleonardo.com\\\/\"},{\"@type\":\"ListItem\",\"position\":2,\"name\":\"Todas Categorias\",\"item\":\"https:\\\/\\\/motoleonardo.com\\\/?page_id=252\"},{\"@type\":\"ListItem\",\"position\":3,\"name\":\"Muc-Off Limpador de Transmiss\u00e3o 500ml\"}]},{\"@type\":\"WebSite\",\"@id\":\"https:\\\/\\\/motoleonardo.com\\\/#website\",\"url\":\"https:\\\/\\\/motoleonardo.com\\\/\",\"name\":\"Moto Leonardo\",\"description\":\"Motas Novas e Usadas - Oficina Multimarcas - Pe\u00e7as, Acess\u00f3rios e Equipamento\",\"publisher\":{\"@id\":\"https:\\\/\\\/motoleonardo.com\\\/#organization\"},\"potentialAction\":[{\"@type\":\"SearchAction\",\"target\":{\"@type\":\"EntryPoint\",\"urlTemplate\":\"https:\\\/\\\/motoleonardo.com\\\/?s={search_term_string}\"},\"query-input\":{\"@type\":\"PropertyValueSpecification\",\"valueRequired\":true,\"valueName\":\"search_term_string\"}}],\"inLanguage\":\"pt-PT\"},{\"@type\":\"Organization\",\"@id\":\"https:\\\/\\\/motoleonardo.com\\\/#organization\",\"name\":\"Moto Leonardo\",\"url\":\"https:\\\/\\\/motoleonardo.com\\\/\",\"logo\":{\"@type\":\"ImageObject\",\"inLanguage\":\"pt-PT\",\"@id\":\"https:\\\/\\\/motoleonardo.com\\\/#\\\/schema\\\/logo\\\/image\\\/\",\"url\":\"https:\\\/\\\/i0.wp.com\\\/motoleonardo.com\\\/wp-content\\\/uploads\\\/2022\\\/10\\\/cropped-Professional-Initial-Letter-Typography-Logo.png?fit=512%2C512&ssl=1\",\"contentUrl\":\"https:\\\/\\\/i0.wp.com\\\/motoleonardo.com\\\/wp-content\\\/uploads\\\/2022\\\/10\\\/cropped-Professional-Initial-Letter-Typography-Logo.png?fit=512%2C512&ssl=1\",\"width\":512,\"height\":512,\"caption\":\"Moto Leonardo\"},\"image\":{\"@id\":\"https:\\\/\\\/motoleonardo.com\\\/#\\\/schema\\\/logo\\\/image\\\/\"},\"sameAs\":[\"https:\\\/\\\/www.facebook.com\\\/motoleonardopt\",\"https:\\\/\\\/www.instagram.com\\\/moto_leonardo\\\/\"]}]}<\/script>\n<!-- \/ Yoast SEO plugin. -->","yoast_head_json":{"title":"Muc-Off Limpador de Transmiss\u00e3o 500ml - Moto Leonardo","robots":{"index":"index","follow":"follow","max-snippet":"max-snippet:-1","max-image-preview":"max-image-preview:large","max-video-preview":"max-video-preview:-1"},"canonical":"https:\/\/motoleonardo.com\/?product=muc-off-limpador-de-transmissao-500ml","og_locale":"pt_PT","og_type":"article","og_title":"Muc-Off Limpador de Transmiss\u00e3o 500ml - Moto Leonardo","og_description":"H\u00e1 muita sujidade, lama ou \u00f3leo acumulado na corrente e nas rodas dentadas da sua m\u00e1quina? Ent\u00e3o pegue no nosso Powersports Drivetrain Cleaner! Este produto ir\u00e1 eliminar facilmente os res\u00edduos mais dif\u00edceis de todas as \u00e1reas da transmiss\u00e3o, gra\u00e7as \u00e0 sua f\u00f3rmula biodegrad\u00e1vel r\u00e1pida e eficaz. Por isso, n\u00e3o precisa de se preocupar da pr\u00f3xima vez que estiver a conduzir num dia lamacento ou molhado, pois temos tudo o que precisa. Carater\u00edsticas: &#8211; Biodegrad\u00e1vel (apenas o conte\u00fado \u00e9 facilmente biodegrad\u00e1vel) &#8211; Pode ser utilizado em todos os motociclos, quads, ATVs e UTVs. &#8211; Adequado para correntes de an\u00e9is padr\u00e3o O, X, Z. &#8211; F\u00f3rmula sol\u00favel em \u00e1gua. &#8211; F\u00f3rmula r\u00e1pida e eficaz para cortar a gordura. &#8211; Remove todos os res\u00edduos de \u00f3leo e cera da corrente do sistema de transmiss\u00e3o e do bra\u00e7o oscilante. &#8211; Elimina com seguran\u00e7a os contaminantes da corrente de transmiss\u00e3o. &#8211; Ideal para utiliza\u00e7\u00e3o com escovas de limpeza de correntes e dispositivos de limpeza de correntes. &#8211; Spray de gatilho inclu\u00eddo para uma aplica\u00e7\u00e3o f\u00e1cil. &#8211; Limpa profundamente todas as \u00e1reas da corrente de transmiss\u00e3o em segundos. &#8211; Seguro em componentes met\u00e1licos, pl\u00e1stico duro, borracha e vedantes.","og_url":"https:\/\/motoleonardo.com\/?product=muc-off-limpador-de-transmissao-500ml","og_site_name":"Moto Leonardo","article_publisher":"https:\/\/www.facebook.com\/motoleonardopt","og_image":[{"width":800,"height":800,"url":"https:\/\/i0.wp.com\/motoleonardo.com\/wp-content\/uploads\/2025\/01\/muc-off-transmission.jpeg?fit=800%2C800&ssl=1","type":"image\/jpeg"}],"twitter_card":"summary_large_image","twitter_misc":{"Tempo estimado de leitura":"1 minuto"},"schema":{"@context":"https:\/\/schema.org","@graph":[{"@type":"WebPage","@id":"https:\/\/motoleonardo.com\/?product=muc-off-limpador-de-transmissao-500ml","url":"https:\/\/motoleonardo.com\/?product=muc-off-limpador-de-transmissao-500ml","name":"Muc-Off Limpador de Transmiss\u00e3o 500ml - Moto Leonardo","isPartOf":{"@id":"https:\/\/motoleonardo.com\/#website"},"primaryImageOfPage":{"@id":"https:\/\/motoleonardo.com\/?product=muc-off-limpador-de-transmissao-500ml#primaryimage"},"image":{"@id":"https:\/\/motoleonardo.com\/?product=muc-off-limpador-de-transmissao-500ml#primaryimage"},"thumbnailUrl":"https:\/\/i0.wp.com\/motoleonardo.com\/wp-content\/uploads\/2025\/01\/muc-off-transmission.jpeg?fit=800%2C800&ssl=1","datePublished":"2025-01-20T16:42:53+00:00","breadcrumb":{"@id":"https:\/\/motoleonardo.com\/?product=muc-off-limpador-de-transmissao-500ml#breadcrumb"},"inLanguage":"pt-PT","potentialAction":[{"@type":"ReadAction","target":["https:\/\/motoleonardo.com\/?product=muc-off-limpador-de-transmissao-500ml"]}]},{"@type":"ImageObject","inLanguage":"pt-PT","@id":"https:\/\/motoleonardo.com\/?product=muc-off-limpador-de-transmissao-500ml#primaryimage","url":"https:\/\/i0.wp.com\/motoleonardo.com\/wp-content\/uploads\/2025\/01\/muc-off-transmission.jpeg?fit=800%2C800&ssl=1","contentUrl":"https:\/\/i0.wp.com\/motoleonardo.com\/wp-content\/uploads\/2025\/01\/muc-off-transmission.jpeg?fit=800%2C800&ssl=1","width":800,"height":800},{"@type":"BreadcrumbList","@id":"https:\/\/motoleonardo.com\/?product=muc-off-limpador-de-transmissao-500ml#breadcrumb","itemListElement":[{"@type":"ListItem","position":1,"name":"In\u00edcio","item":"https:\/\/motoleonardo.com\/"},{"@type":"ListItem","position":2,"name":"Todas Categorias","item":"https:\/\/motoleonardo.com\/?page_id=252"},{"@type":"ListItem","position":3,"name":"Muc-Off Limpador de Transmiss\u00e3o 500ml"}]},{"@type":"WebSite","@id":"https:\/\/motoleonardo.com\/#website","url":"https:\/\/motoleonardo.com\/","name":"Moto Leonardo","description":"Motas Novas e Usadas - Oficina Multimarcas - Pe\u00e7as, Acess\u00f3rios e Equipamento","publisher":{"@id":"https:\/\/motoleonardo.com\/#organization"},"potentialAction":[{"@type":"SearchAction","target":{"@type":"EntryPoint","urlTemplate":"https:\/\/motoleonardo.com\/?s={search_term_string}"},"query-input":{"@type":"PropertyValueSpecification","valueRequired":true,"valueName":"search_term_string"}}],"inLanguage":"pt-PT"},{"@type":"Organization","@id":"https:\/\/motoleonardo.com\/#organization","name":"Moto Leonardo","url":"https:\/\/motoleonardo.com\/","logo":{"@type":"ImageObject","inLanguage":"pt-PT","@id":"https:\/\/motoleonardo.com\/#\/schema\/logo\/image\/","url":"https:\/\/i0.wp.com\/motoleonardo.com\/wp-content\/uploads\/2022\/10\/cropped-Professional-Initial-Letter-Typography-Logo.png?fit=512%2C512&ssl=1","contentUrl":"https:\/\/i0.wp.com\/motoleonardo.com\/wp-content\/uploads\/2022\/10\/cropped-Professional-Initial-Letter-Typography-Logo.png?fit=512%2C512&ssl=1","width":512,"height":512,"caption":"Moto Leonardo"},"image":{"@id":"https:\/\/motoleonardo.com\/#\/schema\/logo\/image\/"},"sameAs":["https:\/\/www.facebook.com\/motoleonardopt","https:\/\/www.instagram.com\/moto_leonardo\/"]}]}},"jetpack_sharing_enabled":true,"_links":{"self":[{"href":"https:\/\/motoleonardo.com\/index.php?rest_route=\/wp\/v2\/product\/6630","targetHints":{"allow":["GET"]}}],"collection":[{"href":"https:\/\/motoleonardo.com\/index.php?rest_route=\/wp\/v2\/product"}],"about":[{"href":"https:\/\/motoleonardo.com\/index.php?rest_route=\/wp\/v2\/types\/product"}],"wp:featuredmedia":[{"embeddable":true,"href":"https:\/\/motoleonardo.com\/index.php?rest_route=\/wp\/v2\/media\/6631"}],"wp:attachment":[{"href":"https:\/\/motoleonardo.com\/index.php?rest_route=%2Fwp%2Fv2%2Fmedia&parent=6630"}],"wp:term":[{"taxonomy":"product_brand","embeddable":true,"href":"https:\/\/motoleonardo.com\/index.php?rest_route=%2Fwp%2Fv2%2Fproduct_brand&post=6630"},{"taxonomy":"product_cat","embeddable":true,"href":"https:\/\/motoleonardo.com\/index.php?rest_route=%2Fwp%2Fv2%2Fproduct_cat&post=6630"},{"taxonomy":"product_tag","embeddable":true,"href":"https:\/\/motoleonardo.com\/index.php?rest_route=%2Fwp%2Fv2%2Fproduct_tag&post=6630"}],"curies":[{"name":"wp","href":"https:\/\/api.w.org\/{rel}","templated":true}]}}