{"id":6915,"date":"2025-02-15T17:57:11","date_gmt":"2025-02-15T17:57:11","guid":{"rendered":"https:\/\/motoleonardo.com\/?post_type=product&#038;p=6915"},"modified":"2026-01-05T17:37:16","modified_gmt":"2026-01-05T17:37:16","slug":"protecoes-de-maos-barkbusters-vps-preto","status":"publish","type":"product","link":"https:\/\/motoleonardo.com\/?product=protecoes-de-maos-barkbusters-vps-preto","title":{"rendered":"Capa prote\u00e7\u00f5es de m\u00e3os Barkbusters VPS Preto"},"content":{"rendered":"<p>VPS apenas protec\u00e7\u00f5es de pl\u00e1stico, com conjunto de deflectores de vento de altura vari\u00e1vel. Necess\u00e1rio o kit de montagem vendido \u00e0 parte para aplicar este acess\u00f3rio.<\/p>\n<p>Par esquerdo e direito com parafusos de fixa\u00e7\u00e3o.<br \/>\nPode ser montado nas espinhas dorsais de alum\u00ednio Barkbusters (exceto espinha dorsal EGO).<br \/>\nOs deflectores de vento podem ser montados em duas posi\u00e7\u00f5es para uma prote\u00e7\u00e3o vari\u00e1vel contra o vento.<br \/>\nOs deflectores podem ser removidos em minutos para uma sensa\u00e7\u00e3o mais compacta.<br \/>\nProtec\u00e7\u00f5es de pl\u00e1stico resistentes a impactos elevados.<br \/>\nVasta gama de cores que correspondem a modelos populares de motociclos.<br \/>\nPlaca antiderrapante dispon\u00edvel para maior estilo e prote\u00e7\u00e3o da extremidade exterior da espinha dorsal do Barkbusters. (C\u00f3digo:VPS-002\/r\u00e9f BIHR 44400188)<br \/>\nNOTA: \u201cPreto sobre preto\u201d fornecido como, Prote\u00e7\u00e3o VPS preta com log\u00f3tipo Barkbusters preto e deflector de vento preto.<\/p>\n","protected":false},"excerpt":{"rendered":"<p>VPS apenas protec\u00e7\u00f5es de pl\u00e1stico, com conjunto de deflectores de vento de altura vari\u00e1vel. Necess\u00e1rio o kit de montagem vendido \u00e0 parte para aplicar este acess\u00f3rio. Par esquerdo e direito com parafusos de fixa\u00e7\u00e3o. Pode ser montado nas espinhas dorsais de alum\u00ednio Barkbusters (exceto espinha dorsal EGO). Os deflectores de vento podem ser montados em duas posi\u00e7\u00f5es para uma prote\u00e7\u00e3o vari\u00e1vel contra o vento. Os deflectores podem ser removidos em minutos para uma sensa\u00e7\u00e3o mais compacta. Protec\u00e7\u00f5es de pl\u00e1stico resistentes a impactos elevados. Vasta gama de cores que correspondem a modelos populares de motociclos. Placa antiderrapante dispon\u00edvel para maior estilo e prote\u00e7\u00e3o da extremidade exterior da espinha dorsal do Barkbusters. (C\u00f3digo:VPS-002\/r\u00e9f BIHR 44400188) NOTA: \u201cPreto sobre preto\u201d fornecido como, Prote\u00e7\u00e3o VPS preta com log\u00f3tipo Barkbusters preto e deflector de vento preto.<\/p>\n","protected":false},"featured_media":6916,"template":"","meta":{"ocean_post_layout":"","ocean_both_sidebars_style":"","ocean_both_sidebars_content_width":0,"ocean_both_sidebars_sidebars_width":0,"ocean_sidebar":"0","ocean_second_sidebar":"0","ocean_disable_margins":"enable","ocean_add_body_class":"","ocean_shortcode_before_top_bar":"","ocean_shortcode_after_top_bar":"","ocean_shortcode_before_header":"","ocean_shortcode_after_header":"","ocean_has_shortcode":"","ocean_shortcode_after_title":"","ocean_shortcode_before_footer_widgets":"","ocean_shortcode_after_footer_widgets":"","ocean_shortcode_before_footer_bottom":"","ocean_shortcode_after_footer_bottom":"","ocean_display_top_bar":"default","ocean_display_header":"default","ocean_header_style":"","ocean_center_header_left_menu":"0","ocean_custom_header_template":"0","ocean_custom_logo":0,"ocean_custom_retina_logo":0,"ocean_custom_logo_max_width":0,"ocean_custom_logo_tablet_max_width":0,"ocean_custom_logo_mobile_max_width":0,"ocean_custom_logo_max_height":0,"ocean_custom_logo_tablet_max_height":0,"ocean_custom_logo_mobile_max_height":0,"ocean_header_custom_menu":"0","ocean_menu_typo_font_family":"0","ocean_menu_typo_font_subset":"","ocean_menu_typo_font_size":0,"ocean_menu_typo_font_size_tablet":0,"ocean_menu_typo_font_size_mobile":0,"ocean_menu_typo_font_size_unit":"px","ocean_menu_typo_font_weight":"","ocean_menu_typo_font_weight_tablet":"","ocean_menu_typo_font_weight_mobile":"","ocean_menu_typo_transform":"","ocean_menu_typo_transform_tablet":"","ocean_menu_typo_transform_mobile":"","ocean_menu_typo_line_height":0,"ocean_menu_typo_line_height_tablet":0,"ocean_menu_typo_line_height_mobile":0,"ocean_menu_typo_line_height_unit":"","ocean_menu_typo_spacing":0,"ocean_menu_typo_spacing_tablet":0,"ocean_menu_typo_spacing_mobile":0,"ocean_menu_typo_spacing_unit":"","ocean_menu_link_color":"","ocean_menu_link_color_hover":"","ocean_menu_link_color_active":"","ocean_menu_link_background":"","ocean_menu_link_hover_background":"","ocean_menu_link_active_background":"","ocean_menu_social_links_bg":"","ocean_menu_social_hover_links_bg":"","ocean_menu_social_links_color":"","ocean_menu_social_hover_links_color":"","ocean_disable_title":"default","ocean_disable_heading":"default","ocean_post_title":"","ocean_post_subheading":"","ocean_post_title_style":"","ocean_post_title_background_color":"","ocean_post_title_background":0,"ocean_post_title_bg_image_position":"","ocean_post_title_bg_image_attachment":"","ocean_post_title_bg_image_repeat":"","ocean_post_title_bg_image_size":"","ocean_post_title_height":0,"ocean_post_title_bg_overlay":0.5,"ocean_post_title_bg_overlay_color":"","ocean_disable_breadcrumbs":"default","ocean_breadcrumbs_color":"","ocean_breadcrumbs_separator_color":"","ocean_breadcrumbs_links_color":"","ocean_breadcrumbs_links_hover_color":"","ocean_display_footer_widgets":"default","ocean_display_footer_bottom":"default","ocean_custom_footer_template":"0","omw_enable_modal_window":"enable"},"product_brand":[],"product_cat":[50,588],"product_tag":[],"class_list":{"0":"post-6915","1":"product","2":"type-product","3":"status-publish","4":"has-post-thumbnail","6":"product_cat-acessorios","7":"product_cat-protecoes-crashbars","9":"entry","10":"has-media","12":"first","13":"onbackorder","14":"shipping-taxable","15":"purchasable","16":"product-type-simple","17":"has-product-nav","18":"col","19":"span_1_of_4","20":"owp-content-right","21":"owp-thumbs-layout-horizontal","22":"owp-btn-normal","23":"owp-tabs-layout-horizontal","24":"has-no-thumbnails"},"yoast_head":"<!-- This site is optimized with the Yoast SEO plugin v27.4 - https:\/\/yoast.com\/product\/yoast-seo-wordpress\/ -->\n<title>Capa prote\u00e7\u00f5es de m\u00e3os Barkbusters VPS Preto - Moto Leonardo<\/title>\n<meta name=\"description\" content=\"Design aerodin\u00e2mico e resistente, ideal para condu\u00e7\u00e3o Off-Road e Touring. Prote\u00e7\u00e3o robusta para manetes e m\u00e3os em qualquer terreno.\" \/>\n<meta name=\"robots\" content=\"index, follow, max-snippet:-1, max-image-preview:large, max-video-preview:-1\" \/>\n<link rel=\"canonical\" href=\"https:\/\/motoleonardo.com\/?product=protecoes-de-maos-barkbusters-vps-preto\" \/>\n<meta property=\"og:locale\" content=\"pt_PT\" \/>\n<meta property=\"og:type\" content=\"article\" \/>\n<meta property=\"og:title\" content=\"Capa prote\u00e7\u00f5es de m\u00e3os Barkbusters VPS Preto - Moto Leonardo\" \/>\n<meta property=\"og:description\" content=\"Design aerodin\u00e2mico e resistente, ideal para condu\u00e7\u00e3o Off-Road e Touring. Prote\u00e7\u00e3o robusta para manetes e m\u00e3os em qualquer terreno.\" \/>\n<meta property=\"og:url\" content=\"https:\/\/motoleonardo.com\/?product=protecoes-de-maos-barkbusters-vps-preto\" \/>\n<meta property=\"og:site_name\" content=\"Moto Leonardo\" \/>\n<meta property=\"article:publisher\" content=\"https:\/\/www.facebook.com\/motoleonardopt\" \/>\n<meta property=\"article:modified_time\" content=\"2026-01-05T17:37:16+00:00\" \/>\n<meta property=\"og:image\" content=\"https:\/\/motoleonardo.com\/wp-content\/uploads\/2025\/02\/vps-preto1.jpeg\" \/>\n\t<meta property=\"og:image:width\" content=\"1188\" \/>\n\t<meta property=\"og:image:height\" content=\"906\" \/>\n\t<meta property=\"og:image:type\" content=\"image\/jpeg\" \/>\n<meta name=\"twitter:card\" content=\"summary_large_image\" \/>\n<meta name=\"twitter:label1\" content=\"Tempo estimado de leitura\" \/>\n\t<meta name=\"twitter:data1\" content=\"1 minuto\" \/>\n<script type=\"application\/ld+json\" class=\"yoast-schema-graph\">{\"@context\":\"https:\\\/\\\/schema.org\",\"@graph\":[{\"@type\":\"WebPage\",\"@id\":\"https:\\\/\\\/motoleonardo.com\\\/?product=protecoes-de-maos-barkbusters-vps-preto\",\"url\":\"https:\\\/\\\/motoleonardo.com\\\/?product=protecoes-de-maos-barkbusters-vps-preto\",\"name\":\"Capa prote\u00e7\u00f5es de m\u00e3os Barkbusters VPS Preto - Moto Leonardo\",\"isPartOf\":{\"@id\":\"https:\\\/\\\/motoleonardo.com\\\/#website\"},\"primaryImageOfPage\":{\"@id\":\"https:\\\/\\\/motoleonardo.com\\\/?product=protecoes-de-maos-barkbusters-vps-preto#primaryimage\"},\"image\":{\"@id\":\"https:\\\/\\\/motoleonardo.com\\\/?product=protecoes-de-maos-barkbusters-vps-preto#primaryimage\"},\"thumbnailUrl\":\"https:\\\/\\\/i0.wp.com\\\/motoleonardo.com\\\/wp-content\\\/uploads\\\/2025\\\/02\\\/vps-preto1.jpeg?fit=1188%2C906&ssl=1\",\"datePublished\":\"2025-02-15T17:57:11+00:00\",\"dateModified\":\"2026-01-05T17:37:16+00:00\",\"description\":\"Design aerodin\u00e2mico e resistente, ideal para condu\u00e7\u00e3o Off-Road e Touring. Prote\u00e7\u00e3o robusta para manetes e m\u00e3os em qualquer terreno.\",\"breadcrumb\":{\"@id\":\"https:\\\/\\\/motoleonardo.com\\\/?product=protecoes-de-maos-barkbusters-vps-preto#breadcrumb\"},\"inLanguage\":\"pt-PT\",\"potentialAction\":[{\"@type\":\"ReadAction\",\"target\":[\"https:\\\/\\\/motoleonardo.com\\\/?product=protecoes-de-maos-barkbusters-vps-preto\"]}]},{\"@type\":\"ImageObject\",\"inLanguage\":\"pt-PT\",\"@id\":\"https:\\\/\\\/motoleonardo.com\\\/?product=protecoes-de-maos-barkbusters-vps-preto#primaryimage\",\"url\":\"https:\\\/\\\/i0.wp.com\\\/motoleonardo.com\\\/wp-content\\\/uploads\\\/2025\\\/02\\\/vps-preto1.jpeg?fit=1188%2C906&ssl=1\",\"contentUrl\":\"https:\\\/\\\/i0.wp.com\\\/motoleonardo.com\\\/wp-content\\\/uploads\\\/2025\\\/02\\\/vps-preto1.jpeg?fit=1188%2C906&ssl=1\",\"width\":1188,\"height\":906},{\"@type\":\"BreadcrumbList\",\"@id\":\"https:\\\/\\\/motoleonardo.com\\\/?product=protecoes-de-maos-barkbusters-vps-preto#breadcrumb\",\"itemListElement\":[{\"@type\":\"ListItem\",\"position\":1,\"name\":\"In\u00edcio\",\"item\":\"https:\\\/\\\/motoleonardo.com\\\/\"},{\"@type\":\"ListItem\",\"position\":2,\"name\":\"Todas Categorias\",\"item\":\"https:\\\/\\\/motoleonardo.com\\\/?page_id=252\"},{\"@type\":\"ListItem\",\"position\":3,\"name\":\"Capa prote\u00e7\u00f5es de m\u00e3os Barkbusters VPS Preto\"}]},{\"@type\":\"WebSite\",\"@id\":\"https:\\\/\\\/motoleonardo.com\\\/#website\",\"url\":\"https:\\\/\\\/motoleonardo.com\\\/\",\"name\":\"Moto Leonardo\",\"description\":\"Motas Novas e Usadas - Oficina Multimarcas - Pe\u00e7as, Acess\u00f3rios e Equipamento\",\"publisher\":{\"@id\":\"https:\\\/\\\/motoleonardo.com\\\/#organization\"},\"potentialAction\":[{\"@type\":\"SearchAction\",\"target\":{\"@type\":\"EntryPoint\",\"urlTemplate\":\"https:\\\/\\\/motoleonardo.com\\\/?s={search_term_string}\"},\"query-input\":{\"@type\":\"PropertyValueSpecification\",\"valueRequired\":true,\"valueName\":\"search_term_string\"}}],\"inLanguage\":\"pt-PT\"},{\"@type\":\"Organization\",\"@id\":\"https:\\\/\\\/motoleonardo.com\\\/#organization\",\"name\":\"Moto Leonardo\",\"url\":\"https:\\\/\\\/motoleonardo.com\\\/\",\"logo\":{\"@type\":\"ImageObject\",\"inLanguage\":\"pt-PT\",\"@id\":\"https:\\\/\\\/motoleonardo.com\\\/#\\\/schema\\\/logo\\\/image\\\/\",\"url\":\"https:\\\/\\\/i0.wp.com\\\/motoleonardo.com\\\/wp-content\\\/uploads\\\/2022\\\/10\\\/cropped-Professional-Initial-Letter-Typography-Logo.png?fit=512%2C512&ssl=1\",\"contentUrl\":\"https:\\\/\\\/i0.wp.com\\\/motoleonardo.com\\\/wp-content\\\/uploads\\\/2022\\\/10\\\/cropped-Professional-Initial-Letter-Typography-Logo.png?fit=512%2C512&ssl=1\",\"width\":512,\"height\":512,\"caption\":\"Moto Leonardo\"},\"image\":{\"@id\":\"https:\\\/\\\/motoleonardo.com\\\/#\\\/schema\\\/logo\\\/image\\\/\"},\"sameAs\":[\"https:\\\/\\\/www.facebook.com\\\/motoleonardopt\",\"https:\\\/\\\/www.instagram.com\\\/moto_leonardo\\\/\"]}]}<\/script>\n<!-- \/ Yoast SEO plugin. -->","yoast_head_json":{"title":"Capa prote\u00e7\u00f5es de m\u00e3os Barkbusters VPS Preto - Moto Leonardo","description":"Design aerodin\u00e2mico e resistente, ideal para condu\u00e7\u00e3o Off-Road e Touring. Prote\u00e7\u00e3o robusta para manetes e m\u00e3os em qualquer terreno.","robots":{"index":"index","follow":"follow","max-snippet":"max-snippet:-1","max-image-preview":"max-image-preview:large","max-video-preview":"max-video-preview:-1"},"canonical":"https:\/\/motoleonardo.com\/?product=protecoes-de-maos-barkbusters-vps-preto","og_locale":"pt_PT","og_type":"article","og_title":"Capa prote\u00e7\u00f5es de m\u00e3os Barkbusters VPS Preto - Moto Leonardo","og_description":"Design aerodin\u00e2mico e resistente, ideal para condu\u00e7\u00e3o Off-Road e Touring. Prote\u00e7\u00e3o robusta para manetes e m\u00e3os em qualquer terreno.","og_url":"https:\/\/motoleonardo.com\/?product=protecoes-de-maos-barkbusters-vps-preto","og_site_name":"Moto Leonardo","article_publisher":"https:\/\/www.facebook.com\/motoleonardopt","article_modified_time":"2026-01-05T17:37:16+00:00","og_image":[{"width":1188,"height":906,"url":"https:\/\/motoleonardo.com\/wp-content\/uploads\/2025\/02\/vps-preto1.jpeg","type":"image\/jpeg"}],"twitter_card":"summary_large_image","twitter_misc":{"Tempo estimado de leitura":"1 minuto"},"schema":{"@context":"https:\/\/schema.org","@graph":[{"@type":"WebPage","@id":"https:\/\/motoleonardo.com\/?product=protecoes-de-maos-barkbusters-vps-preto","url":"https:\/\/motoleonardo.com\/?product=protecoes-de-maos-barkbusters-vps-preto","name":"Capa prote\u00e7\u00f5es de m\u00e3os Barkbusters VPS Preto - Moto Leonardo","isPartOf":{"@id":"https:\/\/motoleonardo.com\/#website"},"primaryImageOfPage":{"@id":"https:\/\/motoleonardo.com\/?product=protecoes-de-maos-barkbusters-vps-preto#primaryimage"},"image":{"@id":"https:\/\/motoleonardo.com\/?product=protecoes-de-maos-barkbusters-vps-preto#primaryimage"},"thumbnailUrl":"https:\/\/i0.wp.com\/motoleonardo.com\/wp-content\/uploads\/2025\/02\/vps-preto1.jpeg?fit=1188%2C906&ssl=1","datePublished":"2025-02-15T17:57:11+00:00","dateModified":"2026-01-05T17:37:16+00:00","description":"Design aerodin\u00e2mico e resistente, ideal para condu\u00e7\u00e3o Off-Road e Touring. Prote\u00e7\u00e3o robusta para manetes e m\u00e3os em qualquer terreno.","breadcrumb":{"@id":"https:\/\/motoleonardo.com\/?product=protecoes-de-maos-barkbusters-vps-preto#breadcrumb"},"inLanguage":"pt-PT","potentialAction":[{"@type":"ReadAction","target":["https:\/\/motoleonardo.com\/?product=protecoes-de-maos-barkbusters-vps-preto"]}]},{"@type":"ImageObject","inLanguage":"pt-PT","@id":"https:\/\/motoleonardo.com\/?product=protecoes-de-maos-barkbusters-vps-preto#primaryimage","url":"https:\/\/i0.wp.com\/motoleonardo.com\/wp-content\/uploads\/2025\/02\/vps-preto1.jpeg?fit=1188%2C906&ssl=1","contentUrl":"https:\/\/i0.wp.com\/motoleonardo.com\/wp-content\/uploads\/2025\/02\/vps-preto1.jpeg?fit=1188%2C906&ssl=1","width":1188,"height":906},{"@type":"BreadcrumbList","@id":"https:\/\/motoleonardo.com\/?product=protecoes-de-maos-barkbusters-vps-preto#breadcrumb","itemListElement":[{"@type":"ListItem","position":1,"name":"In\u00edcio","item":"https:\/\/motoleonardo.com\/"},{"@type":"ListItem","position":2,"name":"Todas Categorias","item":"https:\/\/motoleonardo.com\/?page_id=252"},{"@type":"ListItem","position":3,"name":"Capa prote\u00e7\u00f5es de m\u00e3os Barkbusters VPS Preto"}]},{"@type":"WebSite","@id":"https:\/\/motoleonardo.com\/#website","url":"https:\/\/motoleonardo.com\/","name":"Moto Leonardo","description":"Motas Novas e Usadas - Oficina Multimarcas - Pe\u00e7as, Acess\u00f3rios e Equipamento","publisher":{"@id":"https:\/\/motoleonardo.com\/#organization"},"potentialAction":[{"@type":"SearchAction","target":{"@type":"EntryPoint","urlTemplate":"https:\/\/motoleonardo.com\/?s={search_term_string}"},"query-input":{"@type":"PropertyValueSpecification","valueRequired":true,"valueName":"search_term_string"}}],"inLanguage":"pt-PT"},{"@type":"Organization","@id":"https:\/\/motoleonardo.com\/#organization","name":"Moto Leonardo","url":"https:\/\/motoleonardo.com\/","logo":{"@type":"ImageObject","inLanguage":"pt-PT","@id":"https:\/\/motoleonardo.com\/#\/schema\/logo\/image\/","url":"https:\/\/i0.wp.com\/motoleonardo.com\/wp-content\/uploads\/2022\/10\/cropped-Professional-Initial-Letter-Typography-Logo.png?fit=512%2C512&ssl=1","contentUrl":"https:\/\/i0.wp.com\/motoleonardo.com\/wp-content\/uploads\/2022\/10\/cropped-Professional-Initial-Letter-Typography-Logo.png?fit=512%2C512&ssl=1","width":512,"height":512,"caption":"Moto Leonardo"},"image":{"@id":"https:\/\/motoleonardo.com\/#\/schema\/logo\/image\/"},"sameAs":["https:\/\/www.facebook.com\/motoleonardopt","https:\/\/www.instagram.com\/moto_leonardo\/"]}]}},"jetpack_sharing_enabled":true,"_links":{"self":[{"href":"https:\/\/motoleonardo.com\/index.php?rest_route=\/wp\/v2\/product\/6915","targetHints":{"allow":["GET"]}}],"collection":[{"href":"https:\/\/motoleonardo.com\/index.php?rest_route=\/wp\/v2\/product"}],"about":[{"href":"https:\/\/motoleonardo.com\/index.php?rest_route=\/wp\/v2\/types\/product"}],"wp:featuredmedia":[{"embeddable":true,"href":"https:\/\/motoleonardo.com\/index.php?rest_route=\/wp\/v2\/media\/6916"}],"wp:attachment":[{"href":"https:\/\/motoleonardo.com\/index.php?rest_route=%2Fwp%2Fv2%2Fmedia&parent=6915"}],"wp:term":[{"taxonomy":"product_brand","embeddable":true,"href":"https:\/\/motoleonardo.com\/index.php?rest_route=%2Fwp%2Fv2%2Fproduct_brand&post=6915"},{"taxonomy":"product_cat","embeddable":true,"href":"https:\/\/motoleonardo.com\/index.php?rest_route=%2Fwp%2Fv2%2Fproduct_cat&post=6915"},{"taxonomy":"product_tag","embeddable":true,"href":"https:\/\/motoleonardo.com\/index.php?rest_route=%2Fwp%2Fv2%2Fproduct_tag&post=6915"}],"curies":[{"name":"wp","href":"https:\/\/api.w.org\/{rel}","templated":true}]}}