{"id":6938,"date":"2025-02-20T23:07:50","date_gmt":"2025-02-20T23:07:50","guid":{"rendered":"https:\/\/motoleonardo.com\/?post_type=product&#038;p=6938"},"modified":"2025-02-21T15:04:02","modified_gmt":"2025-02-21T15:04:02","slug":"liqui-moly-10w-50-100-sintetico-off-road-race","status":"publish","type":"product","link":"https:\/\/motoleonardo.com\/?product=liqui-moly-10w-50-100-sintetico-off-road-race","title":{"rendered":"Liqui Moly 10W-50 100% Sint\u00e9tico Off-Road RACE"},"content":{"rendered":"<div class=\"d-inline-block fs-9 product attribute description\"><span class=\"value\"><span class=\"value\"><strong>\u00d3leo para motores de alto rendimento 100% sint\u00e9tico.<\/strong> Garante a pot\u00eancia e prote\u00e7\u00e3o m\u00e1ximas do motor sob todas as condi\u00e7\u00f5es de funcionamento. Garante certamente tamb\u00e9m uma lubrifica\u00e7\u00e3o ideal, uma limpeza do motor excelente, valores de fric\u00e7\u00e3o extraordin\u00e1rios e um desgaste m\u00ednimo, assim como o manobrar f\u00e1cil da embraiagem e torna a caixa de velocidades muito suave. Desta forma, a condu\u00e7\u00e3o torna-se muito mais agrad\u00e1vel. Testado para catalisadores. Aprovado para corridas.<br \/>\n<\/span><\/span><\/p>\n<ul class=\"check-list\">\n<li style=\"list-style-type: none;\">\n<ul class=\"check-list\">\n<li class=\"value\">limpeza \u00f3ptima do motor<\/li>\n<li class=\"value\">excelente protec\u00e7\u00e3o contra o desgaste<\/li>\n<li class=\"value\">garante baixo consumo de \u00f3leo<\/li>\n<li class=\"value\">especialmente adequado para embraiagens em banho de \u00f3leo<\/li>\n<li class=\"value\">elevada resist\u00eancia ao envelhecimento<\/li>\n<li class=\"value\">elevada estabilidade ao cisalhamento<\/li>\n<li class=\"value\">\u00f3ptima lubrifica\u00e7\u00e3o em condi\u00e7\u00f5es de utiliza\u00e7\u00e3o extremas<\/li>\n<\/ul>\n<\/li>\n<\/ul>\n<\/div>\n<div class=\"d-inline-block fs-9 product attribute mt-2\">\n<p><span class=\"value\"><span class=\"value\">Desenvolvido especialmente para motores a 4 tempos com refrigera\u00e7\u00e3o por ar e \u00e1gua submetidos a condi\u00e7\u00f5es de funcionamento extremas em todo-o-terreno. Para a condu\u00e7\u00e3o desportiva. Adequado para motas trail, motas de enduro\/motocross, assim como quads, SxS e motos de neve com e sem embraiagem banhada em \u00f3leo.<\/span><\/span><\/p>\n<p><strong class=\"d-block mb-2\">Especifica\u00e7\u00f5es<\/strong><\/p>\n<p class=\"mb-4\">API SP, JASO MA2<\/p>\n<p>Embalagem de 4 Litros.<\/p>\n<\/div>\n","protected":false},"excerpt":{"rendered":"<p>\u00d3leo para motores de alto rendimento 100% sint\u00e9tico. Garante a pot\u00eancia e prote\u00e7\u00e3o m\u00e1ximas do motor sob todas as condi\u00e7\u00f5es de funcionamento. Garante certamente tamb\u00e9m uma lubrifica\u00e7\u00e3o ideal, uma limpeza do motor excelente, valores de fric\u00e7\u00e3o extraordin\u00e1rios e um desgaste m\u00ednimo, assim como o manobrar f\u00e1cil da embraiagem e torna a caixa de velocidades muito suave. Desta forma, a condu\u00e7\u00e3o torna-se muito mais agrad\u00e1vel. Testado para catalisadores. Aprovado para corridas. limpeza \u00f3ptima do motor excelente protec\u00e7\u00e3o contra o desgaste garante baixo consumo de \u00f3leo especialmente adequado para embraiagens em banho de \u00f3leo elevada resist\u00eancia ao envelhecimento elevada estabilidade ao cisalhamento \u00f3ptima lubrifica\u00e7\u00e3o em condi\u00e7\u00f5es de utiliza\u00e7\u00e3o extremas Desenvolvido especialmente para motores a 4 tempos com refrigera\u00e7\u00e3o por ar e \u00e1gua submetidos a condi\u00e7\u00f5es de funcionamento extremas em todo-o-terreno. Para a condu\u00e7\u00e3o desportiva. Adequado para motas trail, motas de enduro\/motocross, assim como quads, SxS e motos de neve com e sem embraiagem banhada em \u00f3leo. Especifica\u00e7\u00f5es API SP, JASO MA2 Embalagem de 4 Litros.<\/p>\n","protected":false},"featured_media":6941,"template":"","meta":{"ocean_post_layout":"","ocean_both_sidebars_style":"","ocean_both_sidebars_content_width":0,"ocean_both_sidebars_sidebars_width":0,"ocean_sidebar":"0","ocean_second_sidebar":"0","ocean_disable_margins":"enable","ocean_add_body_class":"","ocean_shortcode_before_top_bar":"","ocean_shortcode_after_top_bar":"","ocean_shortcode_before_header":"","ocean_shortcode_after_header":"","ocean_has_shortcode":"","ocean_shortcode_after_title":"","ocean_shortcode_before_footer_widgets":"","ocean_shortcode_after_footer_widgets":"","ocean_shortcode_before_footer_bottom":"","ocean_shortcode_after_footer_bottom":"","ocean_display_top_bar":"default","ocean_display_header":"default","ocean_header_style":"","ocean_center_header_left_menu":"0","ocean_custom_header_template":"0","ocean_custom_logo":0,"ocean_custom_retina_logo":0,"ocean_custom_logo_max_width":0,"ocean_custom_logo_tablet_max_width":0,"ocean_custom_logo_mobile_max_width":0,"ocean_custom_logo_max_height":0,"ocean_custom_logo_tablet_max_height":0,"ocean_custom_logo_mobile_max_height":0,"ocean_header_custom_menu":"0","ocean_menu_typo_font_family":"0","ocean_menu_typo_font_subset":"","ocean_menu_typo_font_size":0,"ocean_menu_typo_font_size_tablet":0,"ocean_menu_typo_font_size_mobile":0,"ocean_menu_typo_font_size_unit":"px","ocean_menu_typo_font_weight":"","ocean_menu_typo_font_weight_tablet":"","ocean_menu_typo_font_weight_mobile":"","ocean_menu_typo_transform":"","ocean_menu_typo_transform_tablet":"","ocean_menu_typo_transform_mobile":"","ocean_menu_typo_line_height":0,"ocean_menu_typo_line_height_tablet":0,"ocean_menu_typo_line_height_mobile":0,"ocean_menu_typo_line_height_unit":"","ocean_menu_typo_spacing":0,"ocean_menu_typo_spacing_tablet":0,"ocean_menu_typo_spacing_mobile":0,"ocean_menu_typo_spacing_unit":"","ocean_menu_link_color":"","ocean_menu_link_color_hover":"","ocean_menu_link_color_active":"","ocean_menu_link_background":"","ocean_menu_link_hover_background":"","ocean_menu_link_active_background":"","ocean_menu_social_links_bg":"","ocean_menu_social_hover_links_bg":"","ocean_menu_social_links_color":"","ocean_menu_social_hover_links_color":"","ocean_disable_title":"default","ocean_disable_heading":"default","ocean_post_title":"","ocean_post_subheading":"","ocean_post_title_style":"","ocean_post_title_background_color":"","ocean_post_title_background":0,"ocean_post_title_bg_image_position":"","ocean_post_title_bg_image_attachment":"","ocean_post_title_bg_image_repeat":"","ocean_post_title_bg_image_size":"","ocean_post_title_height":0,"ocean_post_title_bg_overlay":0.5,"ocean_post_title_bg_overlay_color":"","ocean_disable_breadcrumbs":"default","ocean_breadcrumbs_color":"","ocean_breadcrumbs_separator_color":"","ocean_breadcrumbs_links_color":"","ocean_breadcrumbs_links_hover_color":"","ocean_display_footer_widgets":"default","ocean_display_footer_bottom":"default","ocean_custom_footer_template":"0","omw_enable_modal_window":"enable"},"product_brand":[776],"product_cat":[68,69],"product_tag":[],"class_list":{"0":"post-6938","1":"product","2":"type-product","3":"status-publish","4":"has-post-thumbnail","6":"product_brand-liqui-moly","7":"product_cat-manutencao","8":"product_cat-oleo-motor","10":"entry","11":"has-media","13":"first","14":"onbackorder","15":"sale","16":"shipping-taxable","17":"purchasable","18":"product-type-simple","19":"has-product-nav","20":"col","21":"span_1_of_4","22":"owp-content-right","23":"owp-thumbs-layout-horizontal","24":"owp-btn-normal","25":"owp-tabs-layout-horizontal","26":"has-no-thumbnails"},"yoast_head":"<!-- This site is optimized with the Yoast SEO plugin v27.4 - https:\/\/yoast.com\/product\/yoast-seo-wordpress\/ -->\n<title>Liqui Moly 10W-50 100% Sint\u00e9tico Off-Road RACE - Moto Leonardo<\/title>\n<meta name=\"robots\" content=\"index, follow, max-snippet:-1, max-image-preview:large, max-video-preview:-1\" \/>\n<link rel=\"canonical\" href=\"https:\/\/motoleonardo.com\/?product=liqui-moly-10w-50-100-sintetico-off-road-race\" \/>\n<meta property=\"og:locale\" content=\"pt_PT\" \/>\n<meta property=\"og:type\" content=\"article\" \/>\n<meta property=\"og:title\" content=\"Liqui Moly 10W-50 100% Sint\u00e9tico Off-Road RACE - Moto Leonardo\" \/>\n<meta property=\"og:description\" content=\"\u00d3leo para motores de alto rendimento 100% sint\u00e9tico. Garante a pot\u00eancia e prote\u00e7\u00e3o m\u00e1ximas do motor sob todas as condi\u00e7\u00f5es de funcionamento. Garante certamente tamb\u00e9m uma lubrifica\u00e7\u00e3o ideal, uma limpeza do motor excelente, valores de fric\u00e7\u00e3o extraordin\u00e1rios e um desgaste m\u00ednimo, assim como o manobrar f\u00e1cil da embraiagem e torna a caixa de velocidades muito suave. Desta forma, a condu\u00e7\u00e3o torna-se muito mais agrad\u00e1vel. Testado para catalisadores. Aprovado para corridas. limpeza \u00f3ptima do motor excelente protec\u00e7\u00e3o contra o desgaste garante baixo consumo de \u00f3leo especialmente adequado para embraiagens em banho de \u00f3leo elevada resist\u00eancia ao envelhecimento elevada estabilidade ao cisalhamento \u00f3ptima lubrifica\u00e7\u00e3o em condi\u00e7\u00f5es de utiliza\u00e7\u00e3o extremas Desenvolvido especialmente para motores a 4 tempos com refrigera\u00e7\u00e3o por ar e \u00e1gua submetidos a condi\u00e7\u00f5es de funcionamento extremas em todo-o-terreno. Para a condu\u00e7\u00e3o desportiva. Adequado para motas trail, motas de enduro\/motocross, assim como quads, SxS e motos de neve com e sem embraiagem banhada em \u00f3leo. Especifica\u00e7\u00f5es API SP, JASO MA2 Embalagem de 4 Litros.\" \/>\n<meta property=\"og:url\" content=\"https:\/\/motoleonardo.com\/?product=liqui-moly-10w-50-100-sintetico-off-road-race\" \/>\n<meta property=\"og:site_name\" content=\"Moto Leonardo\" \/>\n<meta property=\"article:publisher\" content=\"https:\/\/www.facebook.com\/motoleonardopt\" \/>\n<meta property=\"article:modified_time\" content=\"2025-02-21T15:04:02+00:00\" \/>\n<meta property=\"og:image\" content=\"https:\/\/i0.wp.com\/motoleonardo.com\/wp-content\/uploads\/2025\/02\/liqui-10w50-offroad-racev2.jpeg?fit=1036%2C826&ssl=1\" \/>\n\t<meta property=\"og:image:width\" content=\"1036\" \/>\n\t<meta property=\"og:image:height\" content=\"826\" \/>\n\t<meta property=\"og:image:type\" content=\"image\/jpeg\" \/>\n<meta name=\"twitter:card\" content=\"summary_large_image\" \/>\n<meta name=\"twitter:label1\" content=\"Tempo estimado de leitura\" \/>\n\t<meta name=\"twitter:data1\" content=\"1 minuto\" \/>\n<script type=\"application\/ld+json\" class=\"yoast-schema-graph\">{\"@context\":\"https:\\\/\\\/schema.org\",\"@graph\":[{\"@type\":\"WebPage\",\"@id\":\"https:\\\/\\\/motoleonardo.com\\\/?product=liqui-moly-10w-50-100-sintetico-off-road-race\",\"url\":\"https:\\\/\\\/motoleonardo.com\\\/?product=liqui-moly-10w-50-100-sintetico-off-road-race\",\"name\":\"Liqui Moly 10W-50 100% Sint\u00e9tico Off-Road RACE - Moto Leonardo\",\"isPartOf\":{\"@id\":\"https:\\\/\\\/motoleonardo.com\\\/#website\"},\"primaryImageOfPage\":{\"@id\":\"https:\\\/\\\/motoleonardo.com\\\/?product=liqui-moly-10w-50-100-sintetico-off-road-race#primaryimage\"},\"image\":{\"@id\":\"https:\\\/\\\/motoleonardo.com\\\/?product=liqui-moly-10w-50-100-sintetico-off-road-race#primaryimage\"},\"thumbnailUrl\":\"https:\\\/\\\/i0.wp.com\\\/motoleonardo.com\\\/wp-content\\\/uploads\\\/2025\\\/02\\\/liqui-10w50-offroad-racev2.jpeg?fit=1036%2C826&ssl=1\",\"datePublished\":\"2025-02-20T23:07:50+00:00\",\"dateModified\":\"2025-02-21T15:04:02+00:00\",\"breadcrumb\":{\"@id\":\"https:\\\/\\\/motoleonardo.com\\\/?product=liqui-moly-10w-50-100-sintetico-off-road-race#breadcrumb\"},\"inLanguage\":\"pt-PT\",\"potentialAction\":[{\"@type\":\"ReadAction\",\"target\":[\"https:\\\/\\\/motoleonardo.com\\\/?product=liqui-moly-10w-50-100-sintetico-off-road-race\"]}]},{\"@type\":\"ImageObject\",\"inLanguage\":\"pt-PT\",\"@id\":\"https:\\\/\\\/motoleonardo.com\\\/?product=liqui-moly-10w-50-100-sintetico-off-road-race#primaryimage\",\"url\":\"https:\\\/\\\/i0.wp.com\\\/motoleonardo.com\\\/wp-content\\\/uploads\\\/2025\\\/02\\\/liqui-10w50-offroad-racev2.jpeg?fit=1036%2C826&ssl=1\",\"contentUrl\":\"https:\\\/\\\/i0.wp.com\\\/motoleonardo.com\\\/wp-content\\\/uploads\\\/2025\\\/02\\\/liqui-10w50-offroad-racev2.jpeg?fit=1036%2C826&ssl=1\",\"width\":1036,\"height\":826},{\"@type\":\"BreadcrumbList\",\"@id\":\"https:\\\/\\\/motoleonardo.com\\\/?product=liqui-moly-10w-50-100-sintetico-off-road-race#breadcrumb\",\"itemListElement\":[{\"@type\":\"ListItem\",\"position\":1,\"name\":\"In\u00edcio\",\"item\":\"https:\\\/\\\/motoleonardo.com\\\/\"},{\"@type\":\"ListItem\",\"position\":2,\"name\":\"Todas Categorias\",\"item\":\"https:\\\/\\\/motoleonardo.com\\\/?page_id=252\"},{\"@type\":\"ListItem\",\"position\":3,\"name\":\"Liqui Moly 10W-50 100% Sint\u00e9tico Off-Road RACE\"}]},{\"@type\":\"WebSite\",\"@id\":\"https:\\\/\\\/motoleonardo.com\\\/#website\",\"url\":\"https:\\\/\\\/motoleonardo.com\\\/\",\"name\":\"Moto Leonardo\",\"description\":\"Motas Novas e Usadas - Oficina Multimarcas - Pe\u00e7as, Acess\u00f3rios e Equipamento\",\"publisher\":{\"@id\":\"https:\\\/\\\/motoleonardo.com\\\/#organization\"},\"potentialAction\":[{\"@type\":\"SearchAction\",\"target\":{\"@type\":\"EntryPoint\",\"urlTemplate\":\"https:\\\/\\\/motoleonardo.com\\\/?s={search_term_string}\"},\"query-input\":{\"@type\":\"PropertyValueSpecification\",\"valueRequired\":true,\"valueName\":\"search_term_string\"}}],\"inLanguage\":\"pt-PT\"},{\"@type\":\"Organization\",\"@id\":\"https:\\\/\\\/motoleonardo.com\\\/#organization\",\"name\":\"Moto Leonardo\",\"url\":\"https:\\\/\\\/motoleonardo.com\\\/\",\"logo\":{\"@type\":\"ImageObject\",\"inLanguage\":\"pt-PT\",\"@id\":\"https:\\\/\\\/motoleonardo.com\\\/#\\\/schema\\\/logo\\\/image\\\/\",\"url\":\"https:\\\/\\\/i0.wp.com\\\/motoleonardo.com\\\/wp-content\\\/uploads\\\/2022\\\/10\\\/cropped-Professional-Initial-Letter-Typography-Logo.png?fit=512%2C512&ssl=1\",\"contentUrl\":\"https:\\\/\\\/i0.wp.com\\\/motoleonardo.com\\\/wp-content\\\/uploads\\\/2022\\\/10\\\/cropped-Professional-Initial-Letter-Typography-Logo.png?fit=512%2C512&ssl=1\",\"width\":512,\"height\":512,\"caption\":\"Moto Leonardo\"},\"image\":{\"@id\":\"https:\\\/\\\/motoleonardo.com\\\/#\\\/schema\\\/logo\\\/image\\\/\"},\"sameAs\":[\"https:\\\/\\\/www.facebook.com\\\/motoleonardopt\",\"https:\\\/\\\/www.instagram.com\\\/moto_leonardo\\\/\"]}]}<\/script>\n<!-- \/ Yoast SEO plugin. -->","yoast_head_json":{"title":"Liqui Moly 10W-50 100% Sint\u00e9tico Off-Road RACE - Moto Leonardo","robots":{"index":"index","follow":"follow","max-snippet":"max-snippet:-1","max-image-preview":"max-image-preview:large","max-video-preview":"max-video-preview:-1"},"canonical":"https:\/\/motoleonardo.com\/?product=liqui-moly-10w-50-100-sintetico-off-road-race","og_locale":"pt_PT","og_type":"article","og_title":"Liqui Moly 10W-50 100% Sint\u00e9tico Off-Road RACE - Moto Leonardo","og_description":"\u00d3leo para motores de alto rendimento 100% sint\u00e9tico. Garante a pot\u00eancia e prote\u00e7\u00e3o m\u00e1ximas do motor sob todas as condi\u00e7\u00f5es de funcionamento. Garante certamente tamb\u00e9m uma lubrifica\u00e7\u00e3o ideal, uma limpeza do motor excelente, valores de fric\u00e7\u00e3o extraordin\u00e1rios e um desgaste m\u00ednimo, assim como o manobrar f\u00e1cil da embraiagem e torna a caixa de velocidades muito suave. Desta forma, a condu\u00e7\u00e3o torna-se muito mais agrad\u00e1vel. Testado para catalisadores. Aprovado para corridas. limpeza \u00f3ptima do motor excelente protec\u00e7\u00e3o contra o desgaste garante baixo consumo de \u00f3leo especialmente adequado para embraiagens em banho de \u00f3leo elevada resist\u00eancia ao envelhecimento elevada estabilidade ao cisalhamento \u00f3ptima lubrifica\u00e7\u00e3o em condi\u00e7\u00f5es de utiliza\u00e7\u00e3o extremas Desenvolvido especialmente para motores a 4 tempos com refrigera\u00e7\u00e3o por ar e \u00e1gua submetidos a condi\u00e7\u00f5es de funcionamento extremas em todo-o-terreno. Para a condu\u00e7\u00e3o desportiva. Adequado para motas trail, motas de enduro\/motocross, assim como quads, SxS e motos de neve com e sem embraiagem banhada em \u00f3leo. Especifica\u00e7\u00f5es API SP, JASO MA2 Embalagem de 4 Litros.","og_url":"https:\/\/motoleonardo.com\/?product=liqui-moly-10w-50-100-sintetico-off-road-race","og_site_name":"Moto Leonardo","article_publisher":"https:\/\/www.facebook.com\/motoleonardopt","article_modified_time":"2025-02-21T15:04:02+00:00","og_image":[{"width":1036,"height":826,"url":"https:\/\/i0.wp.com\/motoleonardo.com\/wp-content\/uploads\/2025\/02\/liqui-10w50-offroad-racev2.jpeg?fit=1036%2C826&ssl=1","type":"image\/jpeg"}],"twitter_card":"summary_large_image","twitter_misc":{"Tempo estimado de leitura":"1 minuto"},"schema":{"@context":"https:\/\/schema.org","@graph":[{"@type":"WebPage","@id":"https:\/\/motoleonardo.com\/?product=liqui-moly-10w-50-100-sintetico-off-road-race","url":"https:\/\/motoleonardo.com\/?product=liqui-moly-10w-50-100-sintetico-off-road-race","name":"Liqui Moly 10W-50 100% Sint\u00e9tico Off-Road RACE - Moto Leonardo","isPartOf":{"@id":"https:\/\/motoleonardo.com\/#website"},"primaryImageOfPage":{"@id":"https:\/\/motoleonardo.com\/?product=liqui-moly-10w-50-100-sintetico-off-road-race#primaryimage"},"image":{"@id":"https:\/\/motoleonardo.com\/?product=liqui-moly-10w-50-100-sintetico-off-road-race#primaryimage"},"thumbnailUrl":"https:\/\/i0.wp.com\/motoleonardo.com\/wp-content\/uploads\/2025\/02\/liqui-10w50-offroad-racev2.jpeg?fit=1036%2C826&ssl=1","datePublished":"2025-02-20T23:07:50+00:00","dateModified":"2025-02-21T15:04:02+00:00","breadcrumb":{"@id":"https:\/\/motoleonardo.com\/?product=liqui-moly-10w-50-100-sintetico-off-road-race#breadcrumb"},"inLanguage":"pt-PT","potentialAction":[{"@type":"ReadAction","target":["https:\/\/motoleonardo.com\/?product=liqui-moly-10w-50-100-sintetico-off-road-race"]}]},{"@type":"ImageObject","inLanguage":"pt-PT","@id":"https:\/\/motoleonardo.com\/?product=liqui-moly-10w-50-100-sintetico-off-road-race#primaryimage","url":"https:\/\/i0.wp.com\/motoleonardo.com\/wp-content\/uploads\/2025\/02\/liqui-10w50-offroad-racev2.jpeg?fit=1036%2C826&ssl=1","contentUrl":"https:\/\/i0.wp.com\/motoleonardo.com\/wp-content\/uploads\/2025\/02\/liqui-10w50-offroad-racev2.jpeg?fit=1036%2C826&ssl=1","width":1036,"height":826},{"@type":"BreadcrumbList","@id":"https:\/\/motoleonardo.com\/?product=liqui-moly-10w-50-100-sintetico-off-road-race#breadcrumb","itemListElement":[{"@type":"ListItem","position":1,"name":"In\u00edcio","item":"https:\/\/motoleonardo.com\/"},{"@type":"ListItem","position":2,"name":"Todas Categorias","item":"https:\/\/motoleonardo.com\/?page_id=252"},{"@type":"ListItem","position":3,"name":"Liqui Moly 10W-50 100% Sint\u00e9tico Off-Road RACE"}]},{"@type":"WebSite","@id":"https:\/\/motoleonardo.com\/#website","url":"https:\/\/motoleonardo.com\/","name":"Moto Leonardo","description":"Motas Novas e Usadas - Oficina Multimarcas - Pe\u00e7as, Acess\u00f3rios e Equipamento","publisher":{"@id":"https:\/\/motoleonardo.com\/#organization"},"potentialAction":[{"@type":"SearchAction","target":{"@type":"EntryPoint","urlTemplate":"https:\/\/motoleonardo.com\/?s={search_term_string}"},"query-input":{"@type":"PropertyValueSpecification","valueRequired":true,"valueName":"search_term_string"}}],"inLanguage":"pt-PT"},{"@type":"Organization","@id":"https:\/\/motoleonardo.com\/#organization","name":"Moto Leonardo","url":"https:\/\/motoleonardo.com\/","logo":{"@type":"ImageObject","inLanguage":"pt-PT","@id":"https:\/\/motoleonardo.com\/#\/schema\/logo\/image\/","url":"https:\/\/i0.wp.com\/motoleonardo.com\/wp-content\/uploads\/2022\/10\/cropped-Professional-Initial-Letter-Typography-Logo.png?fit=512%2C512&ssl=1","contentUrl":"https:\/\/i0.wp.com\/motoleonardo.com\/wp-content\/uploads\/2022\/10\/cropped-Professional-Initial-Letter-Typography-Logo.png?fit=512%2C512&ssl=1","width":512,"height":512,"caption":"Moto Leonardo"},"image":{"@id":"https:\/\/motoleonardo.com\/#\/schema\/logo\/image\/"},"sameAs":["https:\/\/www.facebook.com\/motoleonardopt","https:\/\/www.instagram.com\/moto_leonardo\/"]}]}},"jetpack_sharing_enabled":true,"_links":{"self":[{"href":"https:\/\/motoleonardo.com\/index.php?rest_route=\/wp\/v2\/product\/6938","targetHints":{"allow":["GET"]}}],"collection":[{"href":"https:\/\/motoleonardo.com\/index.php?rest_route=\/wp\/v2\/product"}],"about":[{"href":"https:\/\/motoleonardo.com\/index.php?rest_route=\/wp\/v2\/types\/product"}],"wp:featuredmedia":[{"embeddable":true,"href":"https:\/\/motoleonardo.com\/index.php?rest_route=\/wp\/v2\/media\/6941"}],"wp:attachment":[{"href":"https:\/\/motoleonardo.com\/index.php?rest_route=%2Fwp%2Fv2%2Fmedia&parent=6938"}],"wp:term":[{"taxonomy":"product_brand","embeddable":true,"href":"https:\/\/motoleonardo.com\/index.php?rest_route=%2Fwp%2Fv2%2Fproduct_brand&post=6938"},{"taxonomy":"product_cat","embeddable":true,"href":"https:\/\/motoleonardo.com\/index.php?rest_route=%2Fwp%2Fv2%2Fproduct_cat&post=6938"},{"taxonomy":"product_tag","embeddable":true,"href":"https:\/\/motoleonardo.com\/index.php?rest_route=%2Fwp%2Fv2%2Fproduct_tag&post=6938"}],"curies":[{"name":"wp","href":"https:\/\/api.w.org\/{rel}","templated":true}]}}