{"id":6987,"date":"2025-03-03T20:34:59","date_gmt":"2025-03-03T20:34:59","guid":{"rendered":"https:\/\/motoleonardo.com\/?post_type=product&#038;p=6987"},"modified":"2025-03-03T20:51:30","modified_gmt":"2025-03-03T20:51:30","slug":"6987","status":"publish","type":"product","link":"https:\/\/motoleonardo.com\/?product=6987","title":{"rendered":"Airoh Bandit Tune \u2013 Matt Yellow"},"content":{"rendered":"<p><strong>ARTIGO EM PR\u00c9-VENDA:<\/strong> Dispon\u00edvel em Maio.<\/p>\n<p>O capacete Airoh Bandit \u00e9 um modelo vers\u00e1til que pode ser adaptado a diversas condi\u00e7\u00f5es gra\u00e7as \u00e0 possibilidade de andar com e sem viseira. O seu design e funcionalidade exclusivos fazem com que o capacete proporcione a m\u00e1xima seguran\u00e7a e conforto de uso. A viseira de campo amplo est\u00e1 equipada com Pinlock\u00ae 70 Max Vision, que garante visibilidade clara e sem embaciamento. O capacete conta ainda com moderno sistema de ventila\u00e7\u00e3o e forros confecionados em materiais respir\u00e1veis, que garantem conforto mesmo no uso prolongado. Sistemas de seguran\u00e7a adicionais, como ASN e AEFR, aumentam o n\u00edvel de prote\u00e7\u00e3o do condutor.<\/p>\n<p><strong>Especifica\u00e7\u00f5es t\u00e9cnicas:<\/strong><br \/>\nPeso: A partir de 1630g +- 50g<br \/>\nMaterial: TRH<br \/>\nFecho: Sistema microm\u00e9trico<br \/>\nViseira solar: Resistente \u00e0 radia\u00e7\u00e3o UV<br \/>\nViseira antiembaciamento com sistema de bloqueio com amplo campo de vis\u00e3o, resistente a arranh\u00f5es e UV<br \/>\nSistema ASN: Estrutura tridimensional do material utilizado no interior do capacete, projetada para reduzir as for\u00e7as rotacionais transferidas para a cabe\u00e7a durante o impacto.<br \/>\nSistema AEFR: protetores de bochecha retr\u00e1teis de emerg\u00eancia<br \/>\nPinlock\u00ae 70 Max Vision inclu\u00eddo<\/p>\n<p><strong>Homologa\u00e7\u00e3o:<\/strong> ECE 22.06.<\/p>\n","protected":false},"excerpt":{"rendered":"<p>ARTIGO EM PR\u00c9-VENDA: Dispon\u00edvel em Maio. O capacete Airoh Bandit \u00e9 um modelo vers\u00e1til que pode ser adaptado a diversas condi\u00e7\u00f5es gra\u00e7as \u00e0 possibilidade de andar com e sem viseira. O seu design e funcionalidade exclusivos fazem com que o capacete proporcione a m\u00e1xima seguran\u00e7a e conforto de uso. A viseira de campo amplo est\u00e1 equipada com Pinlock\u00ae 70 Max Vision, que garante visibilidade clara e sem embaciamento. O capacete conta ainda com moderno sistema de ventila\u00e7\u00e3o e forros confecionados em materiais respir\u00e1veis, que garantem conforto mesmo no uso prolongado. Sistemas de seguran\u00e7a adicionais, como ASN e AEFR, aumentam o n\u00edvel de prote\u00e7\u00e3o do condutor. Especifica\u00e7\u00f5es t\u00e9cnicas: Peso: A partir de 1630g +- 50g Material: TRH Fecho: Sistema microm\u00e9trico Viseira solar: Resistente \u00e0 radia\u00e7\u00e3o UV Viseira antiembaciamento com sistema de bloqueio com amplo campo de vis\u00e3o, resistente a arranh\u00f5es e UV Sistema ASN: Estrutura tridimensional do material utilizado no interior do capacete, projetada para reduzir as for\u00e7as rotacionais transferidas para a cabe\u00e7a durante o impacto. Sistema AEFR: protetores de bochecha retr\u00e1teis de emerg\u00eancia Pinlock\u00ae 70 Max Vision inclu\u00eddo Homologa\u00e7\u00e3o: ECE 22.06.<\/p>\n","protected":false},"featured_media":6988,"template":"","meta":{"ocean_post_layout":"","ocean_both_sidebars_style":"","ocean_both_sidebars_content_width":0,"ocean_both_sidebars_sidebars_width":0,"ocean_sidebar":"0","ocean_second_sidebar":"0","ocean_disable_margins":"enable","ocean_add_body_class":"","ocean_shortcode_before_top_bar":"","ocean_shortcode_after_top_bar":"","ocean_shortcode_before_header":"","ocean_shortcode_after_header":"","ocean_has_shortcode":"","ocean_shortcode_after_title":"","ocean_shortcode_before_footer_widgets":"","ocean_shortcode_after_footer_widgets":"","ocean_shortcode_before_footer_bottom":"","ocean_shortcode_after_footer_bottom":"","ocean_display_top_bar":"default","ocean_display_header":"default","ocean_header_style":"","ocean_center_header_left_menu":"0","ocean_custom_header_template":"0","ocean_custom_logo":0,"ocean_custom_retina_logo":0,"ocean_custom_logo_max_width":0,"ocean_custom_logo_tablet_max_width":0,"ocean_custom_logo_mobile_max_width":0,"ocean_custom_logo_max_height":0,"ocean_custom_logo_tablet_max_height":0,"ocean_custom_logo_mobile_max_height":0,"ocean_header_custom_menu":"0","ocean_menu_typo_font_family":"0","ocean_menu_typo_font_subset":"","ocean_menu_typo_font_size":0,"ocean_menu_typo_font_size_tablet":0,"ocean_menu_typo_font_size_mobile":0,"ocean_menu_typo_font_size_unit":"px","ocean_menu_typo_font_weight":"","ocean_menu_typo_font_weight_tablet":"","ocean_menu_typo_font_weight_mobile":"","ocean_menu_typo_transform":"","ocean_menu_typo_transform_tablet":"","ocean_menu_typo_transform_mobile":"","ocean_menu_typo_line_height":0,"ocean_menu_typo_line_height_tablet":0,"ocean_menu_typo_line_height_mobile":0,"ocean_menu_typo_line_height_unit":"","ocean_menu_typo_spacing":0,"ocean_menu_typo_spacing_tablet":0,"ocean_menu_typo_spacing_mobile":0,"ocean_menu_typo_spacing_unit":"","ocean_menu_link_color":"","ocean_menu_link_color_hover":"","ocean_menu_link_color_active":"","ocean_menu_link_background":"","ocean_menu_link_hover_background":"","ocean_menu_link_active_background":"","ocean_menu_social_links_bg":"","ocean_menu_social_hover_links_bg":"","ocean_menu_social_links_color":"","ocean_menu_social_hover_links_color":"","ocean_disable_title":"default","ocean_disable_heading":"default","ocean_post_title":"","ocean_post_subheading":"","ocean_post_title_style":"","ocean_post_title_background_color":"","ocean_post_title_background":0,"ocean_post_title_bg_image_position":"","ocean_post_title_bg_image_attachment":"","ocean_post_title_bg_image_repeat":"","ocean_post_title_bg_image_size":"","ocean_post_title_height":0,"ocean_post_title_bg_overlay":0.5,"ocean_post_title_bg_overlay_color":"","ocean_disable_breadcrumbs":"default","ocean_breadcrumbs_color":"","ocean_breadcrumbs_separator_color":"","ocean_breadcrumbs_links_color":"","ocean_breadcrumbs_links_hover_color":"","ocean_display_footer_widgets":"default","ocean_display_footer_bottom":"default","ocean_custom_footer_template":"0","omw_enable_modal_window":"enable"},"product_brand":[779],"product_cat":[26,33,364],"product_tag":[],"class_list":{"0":"post-6987","1":"product","2":"type-product","3":"status-publish","4":"has-post-thumbnail","6":"product_brand-airoh","7":"product_cat-capacetes","8":"product_cat-capacetes-integrais","9":"product_cat-off-road","11":"entry","12":"has-media","14":"first","15":"onbackorder","16":"shipping-taxable","17":"purchasable","18":"product-type-variable","19":"has-product-nav","20":"col","21":"span_1_of_4","22":"owp-content-right","23":"owp-thumbs-layout-horizontal","24":"owp-btn-normal","25":"owp-tabs-layout-horizontal","26":"has-no-thumbnails"},"yoast_head":"<!-- This site is optimized with the Yoast SEO plugin v27.4 - https:\/\/yoast.com\/product\/yoast-seo-wordpress\/ -->\n<title>Airoh Bandit Tune \u2013 Matt Yellow - Moto Leonardo<\/title>\n<meta name=\"robots\" content=\"index, follow, max-snippet:-1, max-image-preview:large, max-video-preview:-1\" \/>\n<link rel=\"canonical\" href=\"https:\/\/motoleonardo.com\/?product=6987\" \/>\n<meta property=\"og:locale\" content=\"pt_PT\" \/>\n<meta property=\"og:type\" content=\"article\" \/>\n<meta property=\"og:title\" content=\"Airoh Bandit Tune \u2013 Matt Yellow - Moto Leonardo\" \/>\n<meta property=\"og:description\" content=\"ARTIGO EM PR\u00c9-VENDA: Dispon\u00edvel em Maio. O capacete Airoh Bandit \u00e9 um modelo vers\u00e1til que pode ser adaptado a diversas condi\u00e7\u00f5es gra\u00e7as \u00e0 possibilidade de andar com e sem viseira. O seu design e funcionalidade exclusivos fazem com que o capacete proporcione a m\u00e1xima seguran\u00e7a e conforto de uso. A viseira de campo amplo est\u00e1 equipada com Pinlock\u00ae 70 Max Vision, que garante visibilidade clara e sem embaciamento. O capacete conta ainda com moderno sistema de ventila\u00e7\u00e3o e forros confecionados em materiais respir\u00e1veis, que garantem conforto mesmo no uso prolongado. Sistemas de seguran\u00e7a adicionais, como ASN e AEFR, aumentam o n\u00edvel de prote\u00e7\u00e3o do condutor. Especifica\u00e7\u00f5es t\u00e9cnicas: Peso: A partir de 1630g +- 50g Material: TRH Fecho: Sistema microm\u00e9trico Viseira solar: Resistente \u00e0 radia\u00e7\u00e3o UV Viseira antiembaciamento com sistema de bloqueio com amplo campo de vis\u00e3o, resistente a arranh\u00f5es e UV Sistema ASN: Estrutura tridimensional do material utilizado no interior do capacete, projetada para reduzir as for\u00e7as rotacionais transferidas para a cabe\u00e7a durante o impacto. Sistema AEFR: protetores de bochecha retr\u00e1teis de emerg\u00eancia Pinlock\u00ae 70 Max Vision inclu\u00eddo Homologa\u00e7\u00e3o: ECE 22.06.\" \/>\n<meta property=\"og:url\" content=\"https:\/\/motoleonardo.com\/?product=6987\" \/>\n<meta property=\"og:site_name\" content=\"Moto Leonardo\" \/>\n<meta property=\"article:publisher\" content=\"https:\/\/www.facebook.com\/motoleonardopt\" \/>\n<meta property=\"article:modified_time\" content=\"2025-03-03T20:51:30+00:00\" \/>\n<meta property=\"og:image\" content=\"https:\/\/i0.wp.com\/motoleonardo.com\/wp-content\/uploads\/2025\/03\/pol_pm_KASK-AIROH-BANDIT-TUNE-YELLOW-MATT-193537_1.png?fit=450%2C450&ssl=1\" \/>\n\t<meta property=\"og:image:width\" content=\"450\" \/>\n\t<meta property=\"og:image:height\" content=\"450\" \/>\n\t<meta property=\"og:image:type\" content=\"image\/png\" \/>\n<meta name=\"twitter:card\" content=\"summary_large_image\" \/>\n<meta name=\"twitter:label1\" content=\"Tempo estimado de leitura\" \/>\n\t<meta name=\"twitter:data1\" content=\"1 minuto\" \/>\n<script type=\"application\/ld+json\" class=\"yoast-schema-graph\">{\"@context\":\"https:\\\/\\\/schema.org\",\"@graph\":[{\"@type\":\"WebPage\",\"@id\":\"https:\\\/\\\/motoleonardo.com\\\/?product=6987\",\"url\":\"https:\\\/\\\/motoleonardo.com\\\/?product=6987\",\"name\":\"Airoh Bandit Tune \u2013 Matt Yellow - Moto Leonardo\",\"isPartOf\":{\"@id\":\"https:\\\/\\\/motoleonardo.com\\\/#website\"},\"primaryImageOfPage\":{\"@id\":\"https:\\\/\\\/motoleonardo.com\\\/?product=6987#primaryimage\"},\"image\":{\"@id\":\"https:\\\/\\\/motoleonardo.com\\\/?product=6987#primaryimage\"},\"thumbnailUrl\":\"https:\\\/\\\/i0.wp.com\\\/motoleonardo.com\\\/wp-content\\\/uploads\\\/2025\\\/03\\\/pol_pm_KASK-AIROH-BANDIT-TUNE-YELLOW-MATT-193537_1.png?fit=450%2C450&ssl=1\",\"datePublished\":\"2025-03-03T20:34:59+00:00\",\"dateModified\":\"2025-03-03T20:51:30+00:00\",\"breadcrumb\":{\"@id\":\"https:\\\/\\\/motoleonardo.com\\\/?product=6987#breadcrumb\"},\"inLanguage\":\"pt-PT\",\"potentialAction\":[{\"@type\":\"ReadAction\",\"target\":[\"https:\\\/\\\/motoleonardo.com\\\/?product=6987\"]}]},{\"@type\":\"ImageObject\",\"inLanguage\":\"pt-PT\",\"@id\":\"https:\\\/\\\/motoleonardo.com\\\/?product=6987#primaryimage\",\"url\":\"https:\\\/\\\/i0.wp.com\\\/motoleonardo.com\\\/wp-content\\\/uploads\\\/2025\\\/03\\\/pol_pm_KASK-AIROH-BANDIT-TUNE-YELLOW-MATT-193537_1.png?fit=450%2C450&ssl=1\",\"contentUrl\":\"https:\\\/\\\/i0.wp.com\\\/motoleonardo.com\\\/wp-content\\\/uploads\\\/2025\\\/03\\\/pol_pm_KASK-AIROH-BANDIT-TUNE-YELLOW-MATT-193537_1.png?fit=450%2C450&ssl=1\",\"width\":450,\"height\":450},{\"@type\":\"BreadcrumbList\",\"@id\":\"https:\\\/\\\/motoleonardo.com\\\/?product=6987#breadcrumb\",\"itemListElement\":[{\"@type\":\"ListItem\",\"position\":1,\"name\":\"In\u00edcio\",\"item\":\"https:\\\/\\\/motoleonardo.com\\\/\"},{\"@type\":\"ListItem\",\"position\":2,\"name\":\"Todas Categorias\",\"item\":\"https:\\\/\\\/motoleonardo.com\\\/?page_id=252\"},{\"@type\":\"ListItem\",\"position\":3,\"name\":\"Airoh Bandit Tune \u2013 Matt Yellow\"}]},{\"@type\":\"WebSite\",\"@id\":\"https:\\\/\\\/motoleonardo.com\\\/#website\",\"url\":\"https:\\\/\\\/motoleonardo.com\\\/\",\"name\":\"Moto Leonardo\",\"description\":\"Motas Novas e Usadas - Oficina Multimarcas - Pe\u00e7as, Acess\u00f3rios e Equipamento\",\"publisher\":{\"@id\":\"https:\\\/\\\/motoleonardo.com\\\/#organization\"},\"potentialAction\":[{\"@type\":\"SearchAction\",\"target\":{\"@type\":\"EntryPoint\",\"urlTemplate\":\"https:\\\/\\\/motoleonardo.com\\\/?s={search_term_string}\"},\"query-input\":{\"@type\":\"PropertyValueSpecification\",\"valueRequired\":true,\"valueName\":\"search_term_string\"}}],\"inLanguage\":\"pt-PT\"},{\"@type\":\"Organization\",\"@id\":\"https:\\\/\\\/motoleonardo.com\\\/#organization\",\"name\":\"Moto Leonardo\",\"url\":\"https:\\\/\\\/motoleonardo.com\\\/\",\"logo\":{\"@type\":\"ImageObject\",\"inLanguage\":\"pt-PT\",\"@id\":\"https:\\\/\\\/motoleonardo.com\\\/#\\\/schema\\\/logo\\\/image\\\/\",\"url\":\"https:\\\/\\\/i0.wp.com\\\/motoleonardo.com\\\/wp-content\\\/uploads\\\/2022\\\/10\\\/cropped-Professional-Initial-Letter-Typography-Logo.png?fit=512%2C512&ssl=1\",\"contentUrl\":\"https:\\\/\\\/i0.wp.com\\\/motoleonardo.com\\\/wp-content\\\/uploads\\\/2022\\\/10\\\/cropped-Professional-Initial-Letter-Typography-Logo.png?fit=512%2C512&ssl=1\",\"width\":512,\"height\":512,\"caption\":\"Moto Leonardo\"},\"image\":{\"@id\":\"https:\\\/\\\/motoleonardo.com\\\/#\\\/schema\\\/logo\\\/image\\\/\"},\"sameAs\":[\"https:\\\/\\\/www.facebook.com\\\/motoleonardopt\",\"https:\\\/\\\/www.instagram.com\\\/moto_leonardo\\\/\"]}]}<\/script>\n<!-- \/ Yoast SEO plugin. -->","yoast_head_json":{"title":"Airoh Bandit Tune \u2013 Matt Yellow - Moto Leonardo","robots":{"index":"index","follow":"follow","max-snippet":"max-snippet:-1","max-image-preview":"max-image-preview:large","max-video-preview":"max-video-preview:-1"},"canonical":"https:\/\/motoleonardo.com\/?product=6987","og_locale":"pt_PT","og_type":"article","og_title":"Airoh Bandit Tune \u2013 Matt Yellow - Moto Leonardo","og_description":"ARTIGO EM PR\u00c9-VENDA: Dispon\u00edvel em Maio. O capacete Airoh Bandit \u00e9 um modelo vers\u00e1til que pode ser adaptado a diversas condi\u00e7\u00f5es gra\u00e7as \u00e0 possibilidade de andar com e sem viseira. O seu design e funcionalidade exclusivos fazem com que o capacete proporcione a m\u00e1xima seguran\u00e7a e conforto de uso. A viseira de campo amplo est\u00e1 equipada com Pinlock\u00ae 70 Max Vision, que garante visibilidade clara e sem embaciamento. O capacete conta ainda com moderno sistema de ventila\u00e7\u00e3o e forros confecionados em materiais respir\u00e1veis, que garantem conforto mesmo no uso prolongado. Sistemas de seguran\u00e7a adicionais, como ASN e AEFR, aumentam o n\u00edvel de prote\u00e7\u00e3o do condutor. Especifica\u00e7\u00f5es t\u00e9cnicas: Peso: A partir de 1630g +- 50g Material: TRH Fecho: Sistema microm\u00e9trico Viseira solar: Resistente \u00e0 radia\u00e7\u00e3o UV Viseira antiembaciamento com sistema de bloqueio com amplo campo de vis\u00e3o, resistente a arranh\u00f5es e UV Sistema ASN: Estrutura tridimensional do material utilizado no interior do capacete, projetada para reduzir as for\u00e7as rotacionais transferidas para a cabe\u00e7a durante o impacto. Sistema AEFR: protetores de bochecha retr\u00e1teis de emerg\u00eancia Pinlock\u00ae 70 Max Vision inclu\u00eddo Homologa\u00e7\u00e3o: ECE 22.06.","og_url":"https:\/\/motoleonardo.com\/?product=6987","og_site_name":"Moto Leonardo","article_publisher":"https:\/\/www.facebook.com\/motoleonardopt","article_modified_time":"2025-03-03T20:51:30+00:00","og_image":[{"width":450,"height":450,"url":"https:\/\/i0.wp.com\/motoleonardo.com\/wp-content\/uploads\/2025\/03\/pol_pm_KASK-AIROH-BANDIT-TUNE-YELLOW-MATT-193537_1.png?fit=450%2C450&ssl=1","type":"image\/png"}],"twitter_card":"summary_large_image","twitter_misc":{"Tempo estimado de leitura":"1 minuto"},"schema":{"@context":"https:\/\/schema.org","@graph":[{"@type":"WebPage","@id":"https:\/\/motoleonardo.com\/?product=6987","url":"https:\/\/motoleonardo.com\/?product=6987","name":"Airoh Bandit Tune \u2013 Matt Yellow - Moto Leonardo","isPartOf":{"@id":"https:\/\/motoleonardo.com\/#website"},"primaryImageOfPage":{"@id":"https:\/\/motoleonardo.com\/?product=6987#primaryimage"},"image":{"@id":"https:\/\/motoleonardo.com\/?product=6987#primaryimage"},"thumbnailUrl":"https:\/\/i0.wp.com\/motoleonardo.com\/wp-content\/uploads\/2025\/03\/pol_pm_KASK-AIROH-BANDIT-TUNE-YELLOW-MATT-193537_1.png?fit=450%2C450&ssl=1","datePublished":"2025-03-03T20:34:59+00:00","dateModified":"2025-03-03T20:51:30+00:00","breadcrumb":{"@id":"https:\/\/motoleonardo.com\/?product=6987#breadcrumb"},"inLanguage":"pt-PT","potentialAction":[{"@type":"ReadAction","target":["https:\/\/motoleonardo.com\/?product=6987"]}]},{"@type":"ImageObject","inLanguage":"pt-PT","@id":"https:\/\/motoleonardo.com\/?product=6987#primaryimage","url":"https:\/\/i0.wp.com\/motoleonardo.com\/wp-content\/uploads\/2025\/03\/pol_pm_KASK-AIROH-BANDIT-TUNE-YELLOW-MATT-193537_1.png?fit=450%2C450&ssl=1","contentUrl":"https:\/\/i0.wp.com\/motoleonardo.com\/wp-content\/uploads\/2025\/03\/pol_pm_KASK-AIROH-BANDIT-TUNE-YELLOW-MATT-193537_1.png?fit=450%2C450&ssl=1","width":450,"height":450},{"@type":"BreadcrumbList","@id":"https:\/\/motoleonardo.com\/?product=6987#breadcrumb","itemListElement":[{"@type":"ListItem","position":1,"name":"In\u00edcio","item":"https:\/\/motoleonardo.com\/"},{"@type":"ListItem","position":2,"name":"Todas Categorias","item":"https:\/\/motoleonardo.com\/?page_id=252"},{"@type":"ListItem","position":3,"name":"Airoh Bandit Tune \u2013 Matt Yellow"}]},{"@type":"WebSite","@id":"https:\/\/motoleonardo.com\/#website","url":"https:\/\/motoleonardo.com\/","name":"Moto Leonardo","description":"Motas Novas e Usadas - Oficina Multimarcas - Pe\u00e7as, Acess\u00f3rios e Equipamento","publisher":{"@id":"https:\/\/motoleonardo.com\/#organization"},"potentialAction":[{"@type":"SearchAction","target":{"@type":"EntryPoint","urlTemplate":"https:\/\/motoleonardo.com\/?s={search_term_string}"},"query-input":{"@type":"PropertyValueSpecification","valueRequired":true,"valueName":"search_term_string"}}],"inLanguage":"pt-PT"},{"@type":"Organization","@id":"https:\/\/motoleonardo.com\/#organization","name":"Moto Leonardo","url":"https:\/\/motoleonardo.com\/","logo":{"@type":"ImageObject","inLanguage":"pt-PT","@id":"https:\/\/motoleonardo.com\/#\/schema\/logo\/image\/","url":"https:\/\/i0.wp.com\/motoleonardo.com\/wp-content\/uploads\/2022\/10\/cropped-Professional-Initial-Letter-Typography-Logo.png?fit=512%2C512&ssl=1","contentUrl":"https:\/\/i0.wp.com\/motoleonardo.com\/wp-content\/uploads\/2022\/10\/cropped-Professional-Initial-Letter-Typography-Logo.png?fit=512%2C512&ssl=1","width":512,"height":512,"caption":"Moto Leonardo"},"image":{"@id":"https:\/\/motoleonardo.com\/#\/schema\/logo\/image\/"},"sameAs":["https:\/\/www.facebook.com\/motoleonardopt","https:\/\/www.instagram.com\/moto_leonardo\/"]}]}},"jetpack_sharing_enabled":true,"_links":{"self":[{"href":"https:\/\/motoleonardo.com\/index.php?rest_route=\/wp\/v2\/product\/6987","targetHints":{"allow":["GET"]}}],"collection":[{"href":"https:\/\/motoleonardo.com\/index.php?rest_route=\/wp\/v2\/product"}],"about":[{"href":"https:\/\/motoleonardo.com\/index.php?rest_route=\/wp\/v2\/types\/product"}],"wp:featuredmedia":[{"embeddable":true,"href":"https:\/\/motoleonardo.com\/index.php?rest_route=\/wp\/v2\/media\/6988"}],"wp:attachment":[{"href":"https:\/\/motoleonardo.com\/index.php?rest_route=%2Fwp%2Fv2%2Fmedia&parent=6987"}],"wp:term":[{"taxonomy":"product_brand","embeddable":true,"href":"https:\/\/motoleonardo.com\/index.php?rest_route=%2Fwp%2Fv2%2Fproduct_brand&post=6987"},{"taxonomy":"product_cat","embeddable":true,"href":"https:\/\/motoleonardo.com\/index.php?rest_route=%2Fwp%2Fv2%2Fproduct_cat&post=6987"},{"taxonomy":"product_tag","embeddable":true,"href":"https:\/\/motoleonardo.com\/index.php?rest_route=%2Fwp%2Fv2%2Fproduct_tag&post=6987"}],"curies":[{"name":"wp","href":"https:\/\/api.w.org\/{rel}","templated":true}]}}