{"id":7025,"date":"2025-03-05T10:19:49","date_gmt":"2025-03-05T10:19:49","guid":{"rendered":"https:\/\/motoleonardo.com\/?post_type=product&#038;p=7025"},"modified":"2025-03-05T10:20:25","modified_gmt":"2025-03-05T10:20:25","slug":"sw-motech-protecao-motor-cf-moto-450mt-24","status":"publish","type":"product","link":"https:\/\/motoleonardo.com\/?product=sw-motech-protecao-motor-cf-moto-450mt-24","title":{"rendered":"SW-Motech Prote\u00e7\u00e3o Motor CF Moto 450MT (24-)"},"content":{"rendered":"<p><strong>Prote\u00e7\u00e3o do motor para CF Moto 450MT<\/strong><br \/>\nA prote\u00e7\u00e3o do motor em alum\u00ednio com 4 mm de espessura proporciona uma defesa fi\u00e1vel contra lascas de pedra e impactos, proporcionando uma seguran\u00e7a extra dentro e fora da estrada. Concebido especificamente para a CF Moto 450MT, garante um ajuste perfeito e uma montagem f\u00e1cil.<\/p>\n<p><strong>Carater\u00edsticas principais<\/strong><br \/>\nMaterial: Liga de alum\u00ednio de alta qualidade, resistente e dur\u00e1vel.<br \/>\nEspessura: 4mm para uma prote\u00e7\u00e3o \u00f3ptima.<br \/>\nProte\u00e7\u00e3o eficaz da parte inferior da carro\u00e7aria contra lascas de pedra e contacto com o solo.<br \/>\nPontos de fixa\u00e7\u00e3o est\u00e1veis para maior seguran\u00e7a e fiabilidade.<br \/>\nMontagem f\u00e1cil e duradoura sem necessidade de modifica\u00e7\u00f5es no motociclo.<br \/>\nDesign robusto e espec\u00edfico do modelo que se integra perfeitamente no aspeto da moto.<br \/>\nCarater\u00edsticas t\u00e9cnicas<br \/>\nMaterial: Alum\u00ednio.<br \/>\nSuperf\u00edcie: Revestida a p\u00f3.<br \/>\nCor: preto.<br \/>\nPeso total: 3,0 kg.<br \/>\nConte\u00fado do envio<br \/>\n1 x prote\u00e7\u00e3o do motor.<br \/>\nInstru\u00e7\u00f5es de montagem.<br \/>\nMaterial de montagem.<\/p>\n<p>Concebida para oferecer uma maior prote\u00e7\u00e3o do motor e um estilo distinto, esta prote\u00e7\u00e3o da parte inferior da carro\u00e7aria \u00e9 perfeita para os condutores que procuram fiabilidade e seguran\u00e7a em qualquer terreno.<\/p>\n","protected":false},"excerpt":{"rendered":"<p>Prote\u00e7\u00e3o do motor para CF Moto 450MT A prote\u00e7\u00e3o do motor em alum\u00ednio com 4 mm de espessura proporciona uma defesa fi\u00e1vel contra lascas de pedra e impactos, proporcionando uma seguran\u00e7a extra dentro e fora da estrada. Concebido especificamente para a CF Moto 450MT, garante um ajuste perfeito e uma montagem f\u00e1cil. Carater\u00edsticas principais Material: Liga de alum\u00ednio de alta qualidade, resistente e dur\u00e1vel. Espessura: 4mm para uma prote\u00e7\u00e3o \u00f3ptima. Prote\u00e7\u00e3o eficaz da parte inferior da carro\u00e7aria contra lascas de pedra e contacto com o solo. Pontos de fixa\u00e7\u00e3o est\u00e1veis para maior seguran\u00e7a e fiabilidade. Montagem f\u00e1cil e duradoura sem necessidade de modifica\u00e7\u00f5es no motociclo. Design robusto e espec\u00edfico do modelo que se integra perfeitamente no aspeto da moto. Carater\u00edsticas t\u00e9cnicas Material: Alum\u00ednio. Superf\u00edcie: Revestida a p\u00f3. Cor: preto. Peso total: 3,0 kg. Conte\u00fado do envio 1 x prote\u00e7\u00e3o do motor. Instru\u00e7\u00f5es de montagem. Material de montagem. Concebida para oferecer uma maior prote\u00e7\u00e3o do motor e um estilo distinto, esta prote\u00e7\u00e3o da parte inferior da carro\u00e7aria \u00e9 perfeita para os condutores que procuram fiabilidade e seguran\u00e7a em qualquer terreno.<\/p>\n","protected":false},"featured_media":7031,"template":"","meta":{"ocean_post_layout":"","ocean_both_sidebars_style":"","ocean_both_sidebars_content_width":0,"ocean_both_sidebars_sidebars_width":0,"ocean_sidebar":"0","ocean_second_sidebar":"0","ocean_disable_margins":"enable","ocean_add_body_class":"","ocean_shortcode_before_top_bar":"","ocean_shortcode_after_top_bar":"","ocean_shortcode_before_header":"","ocean_shortcode_after_header":"","ocean_has_shortcode":"","ocean_shortcode_after_title":"","ocean_shortcode_before_footer_widgets":"","ocean_shortcode_after_footer_widgets":"","ocean_shortcode_before_footer_bottom":"","ocean_shortcode_after_footer_bottom":"","ocean_display_top_bar":"default","ocean_display_header":"default","ocean_header_style":"","ocean_center_header_left_menu":"0","ocean_custom_header_template":"0","ocean_custom_logo":0,"ocean_custom_retina_logo":0,"ocean_custom_logo_max_width":0,"ocean_custom_logo_tablet_max_width":0,"ocean_custom_logo_mobile_max_width":0,"ocean_custom_logo_max_height":0,"ocean_custom_logo_tablet_max_height":0,"ocean_custom_logo_mobile_max_height":0,"ocean_header_custom_menu":"0","ocean_menu_typo_font_family":"0","ocean_menu_typo_font_subset":"","ocean_menu_typo_font_size":0,"ocean_menu_typo_font_size_tablet":0,"ocean_menu_typo_font_size_mobile":0,"ocean_menu_typo_font_size_unit":"px","ocean_menu_typo_font_weight":"","ocean_menu_typo_font_weight_tablet":"","ocean_menu_typo_font_weight_mobile":"","ocean_menu_typo_transform":"","ocean_menu_typo_transform_tablet":"","ocean_menu_typo_transform_mobile":"","ocean_menu_typo_line_height":0,"ocean_menu_typo_line_height_tablet":0,"ocean_menu_typo_line_height_mobile":0,"ocean_menu_typo_line_height_unit":"","ocean_menu_typo_spacing":0,"ocean_menu_typo_spacing_tablet":0,"ocean_menu_typo_spacing_mobile":0,"ocean_menu_typo_spacing_unit":"","ocean_menu_link_color":"","ocean_menu_link_color_hover":"","ocean_menu_link_color_active":"","ocean_menu_link_background":"","ocean_menu_link_hover_background":"","ocean_menu_link_active_background":"","ocean_menu_social_links_bg":"","ocean_menu_social_hover_links_bg":"","ocean_menu_social_links_color":"","ocean_menu_social_hover_links_color":"","ocean_disable_title":"default","ocean_disable_heading":"default","ocean_post_title":"","ocean_post_subheading":"","ocean_post_title_style":"","ocean_post_title_background_color":"","ocean_post_title_background":0,"ocean_post_title_bg_image_position":"","ocean_post_title_bg_image_attachment":"","ocean_post_title_bg_image_repeat":"","ocean_post_title_bg_image_size":"","ocean_post_title_height":0,"ocean_post_title_bg_overlay":0.5,"ocean_post_title_bg_overlay_color":"","ocean_disable_breadcrumbs":"default","ocean_breadcrumbs_color":"","ocean_breadcrumbs_separator_color":"","ocean_breadcrumbs_links_color":"","ocean_breadcrumbs_links_hover_color":"","ocean_display_footer_widgets":"default","ocean_display_footer_bottom":"default","ocean_custom_footer_template":"0","omw_enable_modal_window":"enable"},"product_brand":[780],"product_cat":[50,588],"product_tag":[],"class_list":{"0":"post-7025","1":"product","2":"type-product","3":"status-publish","4":"has-post-thumbnail","6":"product_brand-sw-motech","7":"product_cat-acessorios","8":"product_cat-protecoes-crashbars","10":"entry","11":"has-media","13":"first","14":"onbackorder","15":"shipping-taxable","16":"purchasable","17":"product-type-simple","18":"has-product-nav","19":"col","20":"span_1_of_4","21":"owp-content-right","22":"owp-thumbs-layout-horizontal","23":"owp-btn-normal","24":"owp-tabs-layout-horizontal"},"yoast_head":"<!-- This site is optimized with the Yoast SEO plugin v27.4 - https:\/\/yoast.com\/product\/yoast-seo-wordpress\/ -->\n<title>SW-Motech Prote\u00e7\u00e3o Motor CF Moto 450MT (24-) - Moto Leonardo<\/title>\n<meta name=\"robots\" content=\"index, follow, max-snippet:-1, max-image-preview:large, max-video-preview:-1\" \/>\n<link rel=\"canonical\" href=\"https:\/\/motoleonardo.com\/?product=sw-motech-protecao-motor-cf-moto-450mt-24\" \/>\n<meta property=\"og:locale\" content=\"pt_PT\" \/>\n<meta property=\"og:type\" content=\"article\" \/>\n<meta property=\"og:title\" content=\"SW-Motech Prote\u00e7\u00e3o Motor CF Moto 450MT (24-) - Moto Leonardo\" \/>\n<meta property=\"og:description\" content=\"Prote\u00e7\u00e3o do motor para CF Moto 450MT A prote\u00e7\u00e3o do motor em alum\u00ednio com 4 mm de espessura proporciona uma defesa fi\u00e1vel contra lascas de pedra e impactos, proporcionando uma seguran\u00e7a extra dentro e fora da estrada. Concebido especificamente para a CF Moto 450MT, garante um ajuste perfeito e uma montagem f\u00e1cil. Carater\u00edsticas principais Material: Liga de alum\u00ednio de alta qualidade, resistente e dur\u00e1vel. Espessura: 4mm para uma prote\u00e7\u00e3o \u00f3ptima. Prote\u00e7\u00e3o eficaz da parte inferior da carro\u00e7aria contra lascas de pedra e contacto com o solo. Pontos de fixa\u00e7\u00e3o est\u00e1veis para maior seguran\u00e7a e fiabilidade. Montagem f\u00e1cil e duradoura sem necessidade de modifica\u00e7\u00f5es no motociclo. Design robusto e espec\u00edfico do modelo que se integra perfeitamente no aspeto da moto. Carater\u00edsticas t\u00e9cnicas Material: Alum\u00ednio. Superf\u00edcie: Revestida a p\u00f3. Cor: preto. Peso total: 3,0 kg. Conte\u00fado do envio 1 x prote\u00e7\u00e3o do motor. Instru\u00e7\u00f5es de montagem. Material de montagem. Concebida para oferecer uma maior prote\u00e7\u00e3o do motor e um estilo distinto, esta prote\u00e7\u00e3o da parte inferior da carro\u00e7aria \u00e9 perfeita para os condutores que procuram fiabilidade e seguran\u00e7a em qualquer terreno.\" \/>\n<meta property=\"og:url\" content=\"https:\/\/motoleonardo.com\/?product=sw-motech-protecao-motor-cf-moto-450mt-24\" \/>\n<meta property=\"og:site_name\" content=\"Moto Leonardo\" \/>\n<meta property=\"article:publisher\" content=\"https:\/\/www.facebook.com\/motoleonardopt\" \/>\n<meta property=\"article:modified_time\" content=\"2025-03-05T10:20:25+00:00\" \/>\n<meta property=\"og:image\" content=\"https:\/\/i0.wp.com\/motoleonardo.com\/wp-content\/uploads\/2025\/03\/swmotech-engineguard2.jpg?fit=1200%2C800&ssl=1\" \/>\n\t<meta property=\"og:image:width\" content=\"1200\" \/>\n\t<meta property=\"og:image:height\" content=\"800\" \/>\n\t<meta property=\"og:image:type\" content=\"image\/jpeg\" \/>\n<meta name=\"twitter:card\" content=\"summary_large_image\" \/>\n<meta name=\"twitter:label1\" content=\"Tempo estimado de leitura\" \/>\n\t<meta name=\"twitter:data1\" content=\"1 minuto\" \/>\n<script type=\"application\/ld+json\" class=\"yoast-schema-graph\">{\"@context\":\"https:\\\/\\\/schema.org\",\"@graph\":[{\"@type\":\"WebPage\",\"@id\":\"https:\\\/\\\/motoleonardo.com\\\/?product=sw-motech-protecao-motor-cf-moto-450mt-24\",\"url\":\"https:\\\/\\\/motoleonardo.com\\\/?product=sw-motech-protecao-motor-cf-moto-450mt-24\",\"name\":\"SW-Motech Prote\u00e7\u00e3o Motor CF Moto 450MT (24-) - Moto Leonardo\",\"isPartOf\":{\"@id\":\"https:\\\/\\\/motoleonardo.com\\\/#website\"},\"primaryImageOfPage\":{\"@id\":\"https:\\\/\\\/motoleonardo.com\\\/?product=sw-motech-protecao-motor-cf-moto-450mt-24#primaryimage\"},\"image\":{\"@id\":\"https:\\\/\\\/motoleonardo.com\\\/?product=sw-motech-protecao-motor-cf-moto-450mt-24#primaryimage\"},\"thumbnailUrl\":\"https:\\\/\\\/i0.wp.com\\\/motoleonardo.com\\\/wp-content\\\/uploads\\\/2025\\\/03\\\/swmotech-engineguard2.jpg?fit=1200%2C800&ssl=1\",\"datePublished\":\"2025-03-05T10:19:49+00:00\",\"dateModified\":\"2025-03-05T10:20:25+00:00\",\"breadcrumb\":{\"@id\":\"https:\\\/\\\/motoleonardo.com\\\/?product=sw-motech-protecao-motor-cf-moto-450mt-24#breadcrumb\"},\"inLanguage\":\"pt-PT\",\"potentialAction\":[{\"@type\":\"ReadAction\",\"target\":[\"https:\\\/\\\/motoleonardo.com\\\/?product=sw-motech-protecao-motor-cf-moto-450mt-24\"]}]},{\"@type\":\"ImageObject\",\"inLanguage\":\"pt-PT\",\"@id\":\"https:\\\/\\\/motoleonardo.com\\\/?product=sw-motech-protecao-motor-cf-moto-450mt-24#primaryimage\",\"url\":\"https:\\\/\\\/i0.wp.com\\\/motoleonardo.com\\\/wp-content\\\/uploads\\\/2025\\\/03\\\/swmotech-engineguard2.jpg?fit=1200%2C800&ssl=1\",\"contentUrl\":\"https:\\\/\\\/i0.wp.com\\\/motoleonardo.com\\\/wp-content\\\/uploads\\\/2025\\\/03\\\/swmotech-engineguard2.jpg?fit=1200%2C800&ssl=1\",\"width\":1200,\"height\":800},{\"@type\":\"BreadcrumbList\",\"@id\":\"https:\\\/\\\/motoleonardo.com\\\/?product=sw-motech-protecao-motor-cf-moto-450mt-24#breadcrumb\",\"itemListElement\":[{\"@type\":\"ListItem\",\"position\":1,\"name\":\"In\u00edcio\",\"item\":\"https:\\\/\\\/motoleonardo.com\\\/\"},{\"@type\":\"ListItem\",\"position\":2,\"name\":\"Todas Categorias\",\"item\":\"https:\\\/\\\/motoleonardo.com\\\/?page_id=252\"},{\"@type\":\"ListItem\",\"position\":3,\"name\":\"SW-Motech Prote\u00e7\u00e3o Motor CF Moto 450MT (24-)\"}]},{\"@type\":\"WebSite\",\"@id\":\"https:\\\/\\\/motoleonardo.com\\\/#website\",\"url\":\"https:\\\/\\\/motoleonardo.com\\\/\",\"name\":\"Moto Leonardo\",\"description\":\"Motas Novas e Usadas - Oficina Multimarcas - Pe\u00e7as, Acess\u00f3rios e Equipamento\",\"publisher\":{\"@id\":\"https:\\\/\\\/motoleonardo.com\\\/#organization\"},\"potentialAction\":[{\"@type\":\"SearchAction\",\"target\":{\"@type\":\"EntryPoint\",\"urlTemplate\":\"https:\\\/\\\/motoleonardo.com\\\/?s={search_term_string}\"},\"query-input\":{\"@type\":\"PropertyValueSpecification\",\"valueRequired\":true,\"valueName\":\"search_term_string\"}}],\"inLanguage\":\"pt-PT\"},{\"@type\":\"Organization\",\"@id\":\"https:\\\/\\\/motoleonardo.com\\\/#organization\",\"name\":\"Moto Leonardo\",\"url\":\"https:\\\/\\\/motoleonardo.com\\\/\",\"logo\":{\"@type\":\"ImageObject\",\"inLanguage\":\"pt-PT\",\"@id\":\"https:\\\/\\\/motoleonardo.com\\\/#\\\/schema\\\/logo\\\/image\\\/\",\"url\":\"https:\\\/\\\/i0.wp.com\\\/motoleonardo.com\\\/wp-content\\\/uploads\\\/2022\\\/10\\\/cropped-Professional-Initial-Letter-Typography-Logo.png?fit=512%2C512&ssl=1\",\"contentUrl\":\"https:\\\/\\\/i0.wp.com\\\/motoleonardo.com\\\/wp-content\\\/uploads\\\/2022\\\/10\\\/cropped-Professional-Initial-Letter-Typography-Logo.png?fit=512%2C512&ssl=1\",\"width\":512,\"height\":512,\"caption\":\"Moto Leonardo\"},\"image\":{\"@id\":\"https:\\\/\\\/motoleonardo.com\\\/#\\\/schema\\\/logo\\\/image\\\/\"},\"sameAs\":[\"https:\\\/\\\/www.facebook.com\\\/motoleonardopt\",\"https:\\\/\\\/www.instagram.com\\\/moto_leonardo\\\/\"]}]}<\/script>\n<!-- \/ Yoast SEO plugin. -->","yoast_head_json":{"title":"SW-Motech Prote\u00e7\u00e3o Motor CF Moto 450MT (24-) - Moto Leonardo","robots":{"index":"index","follow":"follow","max-snippet":"max-snippet:-1","max-image-preview":"max-image-preview:large","max-video-preview":"max-video-preview:-1"},"canonical":"https:\/\/motoleonardo.com\/?product=sw-motech-protecao-motor-cf-moto-450mt-24","og_locale":"pt_PT","og_type":"article","og_title":"SW-Motech Prote\u00e7\u00e3o Motor CF Moto 450MT (24-) - Moto Leonardo","og_description":"Prote\u00e7\u00e3o do motor para CF Moto 450MT A prote\u00e7\u00e3o do motor em alum\u00ednio com 4 mm de espessura proporciona uma defesa fi\u00e1vel contra lascas de pedra e impactos, proporcionando uma seguran\u00e7a extra dentro e fora da estrada. Concebido especificamente para a CF Moto 450MT, garante um ajuste perfeito e uma montagem f\u00e1cil. Carater\u00edsticas principais Material: Liga de alum\u00ednio de alta qualidade, resistente e dur\u00e1vel. Espessura: 4mm para uma prote\u00e7\u00e3o \u00f3ptima. Prote\u00e7\u00e3o eficaz da parte inferior da carro\u00e7aria contra lascas de pedra e contacto com o solo. Pontos de fixa\u00e7\u00e3o est\u00e1veis para maior seguran\u00e7a e fiabilidade. Montagem f\u00e1cil e duradoura sem necessidade de modifica\u00e7\u00f5es no motociclo. Design robusto e espec\u00edfico do modelo que se integra perfeitamente no aspeto da moto. Carater\u00edsticas t\u00e9cnicas Material: Alum\u00ednio. Superf\u00edcie: Revestida a p\u00f3. Cor: preto. Peso total: 3,0 kg. Conte\u00fado do envio 1 x prote\u00e7\u00e3o do motor. Instru\u00e7\u00f5es de montagem. Material de montagem. Concebida para oferecer uma maior prote\u00e7\u00e3o do motor e um estilo distinto, esta prote\u00e7\u00e3o da parte inferior da carro\u00e7aria \u00e9 perfeita para os condutores que procuram fiabilidade e seguran\u00e7a em qualquer terreno.","og_url":"https:\/\/motoleonardo.com\/?product=sw-motech-protecao-motor-cf-moto-450mt-24","og_site_name":"Moto Leonardo","article_publisher":"https:\/\/www.facebook.com\/motoleonardopt","article_modified_time":"2025-03-05T10:20:25+00:00","og_image":[{"width":1200,"height":800,"url":"https:\/\/i0.wp.com\/motoleonardo.com\/wp-content\/uploads\/2025\/03\/swmotech-engineguard2.jpg?fit=1200%2C800&ssl=1","type":"image\/jpeg"}],"twitter_card":"summary_large_image","twitter_misc":{"Tempo estimado de leitura":"1 minuto"},"schema":{"@context":"https:\/\/schema.org","@graph":[{"@type":"WebPage","@id":"https:\/\/motoleonardo.com\/?product=sw-motech-protecao-motor-cf-moto-450mt-24","url":"https:\/\/motoleonardo.com\/?product=sw-motech-protecao-motor-cf-moto-450mt-24","name":"SW-Motech Prote\u00e7\u00e3o Motor CF Moto 450MT (24-) - Moto Leonardo","isPartOf":{"@id":"https:\/\/motoleonardo.com\/#website"},"primaryImageOfPage":{"@id":"https:\/\/motoleonardo.com\/?product=sw-motech-protecao-motor-cf-moto-450mt-24#primaryimage"},"image":{"@id":"https:\/\/motoleonardo.com\/?product=sw-motech-protecao-motor-cf-moto-450mt-24#primaryimage"},"thumbnailUrl":"https:\/\/i0.wp.com\/motoleonardo.com\/wp-content\/uploads\/2025\/03\/swmotech-engineguard2.jpg?fit=1200%2C800&ssl=1","datePublished":"2025-03-05T10:19:49+00:00","dateModified":"2025-03-05T10:20:25+00:00","breadcrumb":{"@id":"https:\/\/motoleonardo.com\/?product=sw-motech-protecao-motor-cf-moto-450mt-24#breadcrumb"},"inLanguage":"pt-PT","potentialAction":[{"@type":"ReadAction","target":["https:\/\/motoleonardo.com\/?product=sw-motech-protecao-motor-cf-moto-450mt-24"]}]},{"@type":"ImageObject","inLanguage":"pt-PT","@id":"https:\/\/motoleonardo.com\/?product=sw-motech-protecao-motor-cf-moto-450mt-24#primaryimage","url":"https:\/\/i0.wp.com\/motoleonardo.com\/wp-content\/uploads\/2025\/03\/swmotech-engineguard2.jpg?fit=1200%2C800&ssl=1","contentUrl":"https:\/\/i0.wp.com\/motoleonardo.com\/wp-content\/uploads\/2025\/03\/swmotech-engineguard2.jpg?fit=1200%2C800&ssl=1","width":1200,"height":800},{"@type":"BreadcrumbList","@id":"https:\/\/motoleonardo.com\/?product=sw-motech-protecao-motor-cf-moto-450mt-24#breadcrumb","itemListElement":[{"@type":"ListItem","position":1,"name":"In\u00edcio","item":"https:\/\/motoleonardo.com\/"},{"@type":"ListItem","position":2,"name":"Todas Categorias","item":"https:\/\/motoleonardo.com\/?page_id=252"},{"@type":"ListItem","position":3,"name":"SW-Motech Prote\u00e7\u00e3o Motor CF Moto 450MT (24-)"}]},{"@type":"WebSite","@id":"https:\/\/motoleonardo.com\/#website","url":"https:\/\/motoleonardo.com\/","name":"Moto Leonardo","description":"Motas Novas e Usadas - Oficina Multimarcas - Pe\u00e7as, Acess\u00f3rios e Equipamento","publisher":{"@id":"https:\/\/motoleonardo.com\/#organization"},"potentialAction":[{"@type":"SearchAction","target":{"@type":"EntryPoint","urlTemplate":"https:\/\/motoleonardo.com\/?s={search_term_string}"},"query-input":{"@type":"PropertyValueSpecification","valueRequired":true,"valueName":"search_term_string"}}],"inLanguage":"pt-PT"},{"@type":"Organization","@id":"https:\/\/motoleonardo.com\/#organization","name":"Moto Leonardo","url":"https:\/\/motoleonardo.com\/","logo":{"@type":"ImageObject","inLanguage":"pt-PT","@id":"https:\/\/motoleonardo.com\/#\/schema\/logo\/image\/","url":"https:\/\/i0.wp.com\/motoleonardo.com\/wp-content\/uploads\/2022\/10\/cropped-Professional-Initial-Letter-Typography-Logo.png?fit=512%2C512&ssl=1","contentUrl":"https:\/\/i0.wp.com\/motoleonardo.com\/wp-content\/uploads\/2022\/10\/cropped-Professional-Initial-Letter-Typography-Logo.png?fit=512%2C512&ssl=1","width":512,"height":512,"caption":"Moto Leonardo"},"image":{"@id":"https:\/\/motoleonardo.com\/#\/schema\/logo\/image\/"},"sameAs":["https:\/\/www.facebook.com\/motoleonardopt","https:\/\/www.instagram.com\/moto_leonardo\/"]}]}},"jetpack_sharing_enabled":true,"_links":{"self":[{"href":"https:\/\/motoleonardo.com\/index.php?rest_route=\/wp\/v2\/product\/7025","targetHints":{"allow":["GET"]}}],"collection":[{"href":"https:\/\/motoleonardo.com\/index.php?rest_route=\/wp\/v2\/product"}],"about":[{"href":"https:\/\/motoleonardo.com\/index.php?rest_route=\/wp\/v2\/types\/product"}],"wp:featuredmedia":[{"embeddable":true,"href":"https:\/\/motoleonardo.com\/index.php?rest_route=\/wp\/v2\/media\/7031"}],"wp:attachment":[{"href":"https:\/\/motoleonardo.com\/index.php?rest_route=%2Fwp%2Fv2%2Fmedia&parent=7025"}],"wp:term":[{"taxonomy":"product_brand","embeddable":true,"href":"https:\/\/motoleonardo.com\/index.php?rest_route=%2Fwp%2Fv2%2Fproduct_brand&post=7025"},{"taxonomy":"product_cat","embeddable":true,"href":"https:\/\/motoleonardo.com\/index.php?rest_route=%2Fwp%2Fv2%2Fproduct_cat&post=7025"},{"taxonomy":"product_tag","embeddable":true,"href":"https:\/\/motoleonardo.com\/index.php?rest_route=%2Fwp%2Fv2%2Fproduct_tag&post=7025"}],"curies":[{"name":"wp","href":"https:\/\/api.w.org\/{rel}","templated":true}]}}