{"id":7299,"date":"2025-03-31T18:51:51","date_gmt":"2025-03-31T18:51:51","guid":{"rendered":"https:\/\/motoleonardo.com\/?post_type=product&#038;p=7299"},"modified":"2026-03-14T13:38:52","modified_gmt":"2026-03-14T13:38:52","slug":"moto-morini-x-cape-700-r-campanha-pre-reserva","status":"publish","type":"product","link":"https:\/\/motoleonardo.com\/?product=moto-morini-x-cape-700-r-campanha-pre-reserva","title":{"rendered":"Moto Morini X-Cape 700"},"content":{"rendered":"<p><strong>Campanha Primavera 2026<br \/>\nPVP:<\/strong> \u03367\u0336.\u03368\u03368\u03368\u0336\u20ac\u0336*\u0336 7.388\u20ac*<br \/>\n*IVA inclu\u00eddo. Acresce 698\u20ac em despesas de Documenta\u00e7\u00e3o, Transporte, ISV e IUC.<\/p>\n<p><img fetchpriority=\"high\" decoding=\"async\" class=\"\" src=\"https:\/\/scontent.fopo6-2.fna.fbcdn.net\/v\/t39.30808-6\/651904302_1527020122766679_5111561983215687270_n.jpg?_nc_cat=100&amp;ccb=1-7&amp;_nc_sid=13d280&amp;_nc_ohc=lFfjQXqaeqkQ7kNvwH3cqCk&amp;_nc_oc=Adl3tC6ASMHEWaWFQQFO04_iKCQzJ9opM9T1YBFnmpHl3HNVm6qmH7cFjBT8l9SybWR6PUMJbjCG09rlsS3LNi67&amp;_nc_zt=23&amp;_nc_ht=scontent.fopo6-2.fna&amp;_nc_gid=GH_uzXfBcOfQbFam-mr8cQ&amp;_nc_ss=8&amp;oh=00_AfwtuH69zKB9e5_P3ANka9o6bMTm2_7vKf9vP4CjQn7AHQ&amp;oe=69BB1CF8\" alt=\"Pode ser uma imagem de motocicleta e texto que diz &quot;C\u039b\u039c\u03a1\u039b\u039d\u0397HA MOTOMORINI C\u041bPE -C\u041bPE X-CAPE 700 ANTES 7.888,00\u20ac 700 X-CAPE 700 GOLD AGORA POR APENAS 7.388\u20ac OLJ ANTES 8.288,00\u20ac Desconto no valor de 500\u20ac AGORA POR APENAS 7.688\u20ac Desconto no valor de 600\u20ac Campanha reservada modelo X-CAPE 700 nos concession\u00e1rios aderentes. *Valores com VA incu\u00eddo. Acresce documenta\u00e7\u00e3o transporte, ISV IUC.&quot;\" width=\"475\" height=\"594\" \/><\/p>\n<p><strong>POT\u00caNCIA, LEVEZA E VERSATILIDADE!\u00a0<\/strong><\/p>\n<p>\u27a1\ufe0f Possibilidade de financiamento<br \/>\n\u27a1\ufe0f Entrega em casa<br \/>\n\u27a1\ufe0f Oficina para assist\u00eancia e manuten\u00e7\u00e3o<br \/>\n\u27a1\ufe0f Garantia 36 meses de f\u00e1brica<\/p>\n<p>Informa\u00e7\u00e3o:<br \/>\n\u2705 Ecr\u00e3 TFT 7&#8243; com sistema de navega\u00e7\u00e3o integrado<br \/>\n\u2705 Camara frontal<br \/>\n\u2705 Travagem Brembo e ABS Bosch<br \/>\n\u2705 Forquilhas Marzocchi e Monoamortecedor Kayaba<br \/>\n\u2705 Assento ergon\u00f3mico<br \/>\n\u2705 Pneus Pirelli Scorpion Rally STR<br \/>\n\u2705 Comutadores retro iluminados<br \/>\n\u2705 Descanso central de f\u00e1cil utiliza\u00e7\u00e3o<br \/>\n\u2705 Prote\u00e7\u00e3o t\u00e9rmica para motor<br \/>\n\u2705 Prote\u00e7\u00e3o de m\u00e3os<\/p>\n<p>Caracter\u00edsticas:<br \/>\n\u2705 Motor 693 cc de 71cv<br \/>\n\u2705 Peso 213 kg a seco<br \/>\n\u2705 Altura do assento 820mm \/ 845 mm<br \/>\n\u2705 Forquilha invertida Marzocchi \u00f850mm, curso da roda 175mm, ajust\u00e1vel na pr\u00e9-carga da mola, regula\u00e7\u00e3o do amortecimento no ressalto e na compress\u00e3o<br \/>\n\u2705 Monoamortecedor traseiro Kayaba, curso da roda 165 mm, ajust\u00e1vel na pr\u00e9-carga da mola (sistema de controlo remoto) e regula\u00e7\u00e3o do amortecimento em extens\u00e3o.<br \/>\n\u2705 Roda frente 110\/80 19&#8243; &#8211; Roda traseira 150\/70 17&#8243;<\/p>\n<p>Concebida para os aventureiros que exigem simultaneamente\u00a0<strong>desempenho e conforto<\/strong>, desportividade e agilidade, a\u00a0<strong>X-CAPE 700<\/strong>\u00a0oferece uma excelente capacidade de resposta, gra\u00e7as ao seu motor bicil\u00edndrico de 700 cc, capaz de debitar\u00a0<strong>71 cavalos de pot\u00eancia.<\/strong><\/p>\n<p>Esta \u00e9 a chave da sua versatilidade, tornando-a a companheira de viagem ideal para explorar paisagens de cortar a respira\u00e7\u00e3o e desfrutar de uma liberdade sem limites, com acelera\u00e7\u00f5es r\u00e1pidas e ultrapassagens suaves.<\/p>\n","protected":false},"excerpt":{"rendered":"<p>Campanha Primavera 2026 PVP: \u03367\u0336.\u03368\u03368\u03368\u0336\u20ac\u0336*\u0336 7.388\u20ac* *IVA inclu\u00eddo. Acresce 698\u20ac em despesas de Documenta\u00e7\u00e3o, Transporte, ISV e IUC. POT\u00caNCIA, LEVEZA E VERSATILIDADE!\u00a0 \u27a1\ufe0f Possibilidade de financiamento \u27a1\ufe0f Entrega em casa \u27a1\ufe0f Oficina para assist\u00eancia e manuten\u00e7\u00e3o \u27a1\ufe0f Garantia 36 meses de f\u00e1brica Informa\u00e7\u00e3o: \u2705 Ecr\u00e3 TFT 7&#8243; com sistema de navega\u00e7\u00e3o integrado \u2705 Camara frontal \u2705 Travagem Brembo e ABS Bosch \u2705 Forquilhas Marzocchi e Monoamortecedor Kayaba \u2705 Assento ergon\u00f3mico \u2705 Pneus Pirelli Scorpion Rally STR \u2705 Comutadores retro iluminados \u2705 Descanso central de f\u00e1cil utiliza\u00e7\u00e3o \u2705 Prote\u00e7\u00e3o t\u00e9rmica para motor \u2705 Prote\u00e7\u00e3o de m\u00e3os Caracter\u00edsticas: \u2705 Motor 693 cc de 71cv \u2705 Peso 213 kg a seco \u2705 Altura do assento 820mm \/ 845 mm \u2705 Forquilha invertida Marzocchi \u00f850mm, curso da roda 175mm, ajust\u00e1vel na pr\u00e9-carga da mola, regula\u00e7\u00e3o do amortecimento no ressalto e na compress\u00e3o \u2705 Monoamortecedor traseiro Kayaba, curso da roda 165 mm, ajust\u00e1vel na pr\u00e9-carga da mola (sistema de controlo remoto) e regula\u00e7\u00e3o do amortecimento em extens\u00e3o. \u2705 Roda frente 110\/80 19&#8243; &#8211; Roda traseira 150\/70 17&#8243; Concebida para os aventureiros que exigem simultaneamente\u00a0desempenho e conforto, desportividade e agilidade, a\u00a0X-CAPE 700\u00a0oferece uma excelente capacidade de resposta, gra\u00e7as ao seu motor bicil\u00edndrico de 700 cc, capaz de debitar\u00a071 cavalos de pot\u00eancia. Esta \u00e9 a chave da sua versatilidade, tornando-a a companheira de viagem ideal para explorar paisagens de cortar a respira\u00e7\u00e3o e desfrutar de uma liberdade sem limites, com acelera\u00e7\u00f5es r\u00e1pidas e ultrapassagens suaves.<\/p>\n","protected":false},"featured_media":7309,"template":"","meta":{"ocean_post_layout":"","ocean_both_sidebars_style":"","ocean_both_sidebars_content_width":0,"ocean_both_sidebars_sidebars_width":0,"ocean_sidebar":"0","ocean_second_sidebar":"0","ocean_disable_margins":"enable","ocean_add_body_class":"","ocean_shortcode_before_top_bar":"","ocean_shortcode_after_top_bar":"","ocean_shortcode_before_header":"","ocean_shortcode_after_header":"","ocean_has_shortcode":"","ocean_shortcode_after_title":"","ocean_shortcode_before_footer_widgets":"","ocean_shortcode_after_footer_widgets":"","ocean_shortcode_before_footer_bottom":"","ocean_shortcode_after_footer_bottom":"","ocean_display_top_bar":"default","ocean_display_header":"default","ocean_header_style":"","ocean_center_header_left_menu":"0","ocean_custom_header_template":"0","ocean_custom_logo":0,"ocean_custom_retina_logo":0,"ocean_custom_logo_max_width":0,"ocean_custom_logo_tablet_max_width":0,"ocean_custom_logo_mobile_max_width":0,"ocean_custom_logo_max_height":0,"ocean_custom_logo_tablet_max_height":0,"ocean_custom_logo_mobile_max_height":0,"ocean_header_custom_menu":"0","ocean_menu_typo_font_family":"0","ocean_menu_typo_font_subset":"","ocean_menu_typo_font_size":0,"ocean_menu_typo_font_size_tablet":0,"ocean_menu_typo_font_size_mobile":0,"ocean_menu_typo_font_size_unit":"px","ocean_menu_typo_font_weight":"","ocean_menu_typo_font_weight_tablet":"","ocean_menu_typo_font_weight_mobile":"","ocean_menu_typo_transform":"","ocean_menu_typo_transform_tablet":"","ocean_menu_typo_transform_mobile":"","ocean_menu_typo_line_height":0,"ocean_menu_typo_line_height_tablet":0,"ocean_menu_typo_line_height_mobile":0,"ocean_menu_typo_line_height_unit":"","ocean_menu_typo_spacing":0,"ocean_menu_typo_spacing_tablet":0,"ocean_menu_typo_spacing_mobile":0,"ocean_menu_typo_spacing_unit":"","ocean_menu_link_color":"","ocean_menu_link_color_hover":"","ocean_menu_link_color_active":"","ocean_menu_link_background":"","ocean_menu_link_hover_background":"","ocean_menu_link_active_background":"","ocean_menu_social_links_bg":"","ocean_menu_social_hover_links_bg":"","ocean_menu_social_links_color":"","ocean_menu_social_hover_links_color":"","ocean_disable_title":"default","ocean_disable_heading":"default","ocean_post_title":"","ocean_post_subheading":"","ocean_post_title_style":"","ocean_post_title_background_color":"","ocean_post_title_background":0,"ocean_post_title_bg_image_position":"","ocean_post_title_bg_image_attachment":"","ocean_post_title_bg_image_repeat":"","ocean_post_title_bg_image_size":"","ocean_post_title_height":0,"ocean_post_title_bg_overlay":0.5,"ocean_post_title_bg_overlay_color":"","ocean_disable_breadcrumbs":"default","ocean_breadcrumbs_color":"","ocean_breadcrumbs_separator_color":"","ocean_breadcrumbs_links_color":"","ocean_breadcrumbs_links_hover_color":"","ocean_display_footer_widgets":"default","ocean_display_footer_bottom":"default","ocean_custom_footer_template":"0","omw_enable_modal_window":"enable"},"product_brand":[],"product_cat":[738,789,740],"product_tag":[783,792],"class_list":{"0":"post-7299","1":"product","2":"type-product","3":"status-publish","4":"has-post-thumbnail","6":"product_cat-motas-novas","7":"product_cat-moto-morini","8":"product_cat-superior-a-125cc","9":"product_tag-campanha-exclusiva","10":"product_tag-moto-morini","12":"entry","13":"has-media","15":"first","16":"instock","17":"sale","18":"shipping-taxable","19":"purchasable","20":"product-type-simple","21":"has-product-nav","22":"col","23":"span_1_of_4","24":"owp-content-right","25":"owp-thumbs-layout-horizontal","26":"owp-btn-normal","27":"owp-tabs-layout-horizontal"},"yoast_head":"<!-- This site is optimized with the Yoast SEO plugin v27.4 - https:\/\/yoast.com\/product\/yoast-seo-wordpress\/ -->\n<title>Moto Morini X-Cape 700 - Moto Leonardo<\/title>\n<meta name=\"robots\" content=\"index, follow, max-snippet:-1, max-image-preview:large, max-video-preview:-1\" \/>\n<link rel=\"canonical\" href=\"https:\/\/motoleonardo.com\/?product=moto-morini-x-cape-700-r-campanha-pre-reserva\" \/>\n<meta property=\"og:locale\" content=\"pt_PT\" \/>\n<meta property=\"og:type\" content=\"article\" \/>\n<meta property=\"og:title\" content=\"Moto Morini X-Cape 700 - Moto Leonardo\" \/>\n<meta property=\"og:description\" content=\"Campanha Primavera 2026 PVP: \u03367\u0336.\u03368\u03368\u03368\u0336\u20ac\u0336*\u0336 7.388\u20ac* *IVA inclu\u00eddo. Acresce 698\u20ac em despesas de Documenta\u00e7\u00e3o, Transporte, ISV e IUC. POT\u00caNCIA, LEVEZA E VERSATILIDADE!\u00a0 \u27a1\ufe0f Possibilidade de financiamento \u27a1\ufe0f Entrega em casa \u27a1\ufe0f Oficina para assist\u00eancia e manuten\u00e7\u00e3o \u27a1\ufe0f Garantia 36 meses de f\u00e1brica Informa\u00e7\u00e3o: \u2705 Ecr\u00e3 TFT 7&#8243; com sistema de navega\u00e7\u00e3o integrado \u2705 Camara frontal \u2705 Travagem Brembo e ABS Bosch \u2705 Forquilhas Marzocchi e Monoamortecedor Kayaba \u2705 Assento ergon\u00f3mico \u2705 Pneus Pirelli Scorpion Rally STR \u2705 Comutadores retro iluminados \u2705 Descanso central de f\u00e1cil utiliza\u00e7\u00e3o \u2705 Prote\u00e7\u00e3o t\u00e9rmica para motor \u2705 Prote\u00e7\u00e3o de m\u00e3os Caracter\u00edsticas: \u2705 Motor 693 cc de 71cv \u2705 Peso 213 kg a seco \u2705 Altura do assento 820mm \/ 845 mm \u2705 Forquilha invertida Marzocchi \u00f850mm, curso da roda 175mm, ajust\u00e1vel na pr\u00e9-carga da mola, regula\u00e7\u00e3o do amortecimento no ressalto e na compress\u00e3o \u2705 Monoamortecedor traseiro Kayaba, curso da roda 165 mm, ajust\u00e1vel na pr\u00e9-carga da mola (sistema de controlo remoto) e regula\u00e7\u00e3o do amortecimento em extens\u00e3o. \u2705 Roda frente 110\/80 19&#8243; &#8211; Roda traseira 150\/70 17&#8243; Concebida para os aventureiros que exigem simultaneamente\u00a0desempenho e conforto, desportividade e agilidade, a\u00a0X-CAPE 700\u00a0oferece uma excelente capacidade de resposta, gra\u00e7as ao seu motor bicil\u00edndrico de 700 cc, capaz de debitar\u00a071 cavalos de pot\u00eancia. Esta \u00e9 a chave da sua versatilidade, tornando-a a companheira de viagem ideal para explorar paisagens de cortar a respira\u00e7\u00e3o e desfrutar de uma liberdade sem limites, com acelera\u00e7\u00f5es r\u00e1pidas e ultrapassagens suaves.\" \/>\n<meta property=\"og:url\" content=\"https:\/\/motoleonardo.com\/?product=moto-morini-x-cape-700-r-campanha-pre-reserva\" \/>\n<meta property=\"og:site_name\" content=\"Moto Leonardo\" \/>\n<meta property=\"article:publisher\" content=\"https:\/\/www.facebook.com\/motoleonardopt\" \/>\n<meta property=\"article:modified_time\" content=\"2026-03-14T13:38:52+00:00\" \/>\n<meta property=\"og:image\" content=\"https:\/\/motoleonardo.com\/wp-content\/uploads\/2025\/03\/X-Cape-700-angle-right_red-passion-1-1920x1334-1.png\" \/>\n\t<meta property=\"og:image:width\" content=\"1920\" \/>\n\t<meta property=\"og:image:height\" content=\"1334\" \/>\n\t<meta property=\"og:image:type\" content=\"image\/png\" \/>\n<meta name=\"twitter:card\" content=\"summary_large_image\" \/>\n<meta name=\"twitter:label1\" content=\"Tempo estimado de leitura\" \/>\n\t<meta name=\"twitter:data1\" content=\"2 minutos\" \/>\n<script type=\"application\/ld+json\" class=\"yoast-schema-graph\">{\"@context\":\"https:\\\/\\\/schema.org\",\"@graph\":[{\"@type\":\"WebPage\",\"@id\":\"https:\\\/\\\/motoleonardo.com\\\/?product=moto-morini-x-cape-700-r-campanha-pre-reserva\",\"url\":\"https:\\\/\\\/motoleonardo.com\\\/?product=moto-morini-x-cape-700-r-campanha-pre-reserva\",\"name\":\"Moto Morini X-Cape 700 - Moto Leonardo\",\"isPartOf\":{\"@id\":\"https:\\\/\\\/motoleonardo.com\\\/#website\"},\"primaryImageOfPage\":{\"@id\":\"https:\\\/\\\/motoleonardo.com\\\/?product=moto-morini-x-cape-700-r-campanha-pre-reserva#primaryimage\"},\"image\":{\"@id\":\"https:\\\/\\\/motoleonardo.com\\\/?product=moto-morini-x-cape-700-r-campanha-pre-reserva#primaryimage\"},\"thumbnailUrl\":\"https:\\\/\\\/i0.wp.com\\\/motoleonardo.com\\\/wp-content\\\/uploads\\\/2025\\\/03\\\/X-Cape-700-angle-right_red-passion-1-1920x1334-1.png?fit=1920%2C1334&ssl=1\",\"datePublished\":\"2025-03-31T18:51:51+00:00\",\"dateModified\":\"2026-03-14T13:38:52+00:00\",\"breadcrumb\":{\"@id\":\"https:\\\/\\\/motoleonardo.com\\\/?product=moto-morini-x-cape-700-r-campanha-pre-reserva#breadcrumb\"},\"inLanguage\":\"pt-PT\",\"potentialAction\":[{\"@type\":\"ReadAction\",\"target\":[\"https:\\\/\\\/motoleonardo.com\\\/?product=moto-morini-x-cape-700-r-campanha-pre-reserva\"]}]},{\"@type\":\"ImageObject\",\"inLanguage\":\"pt-PT\",\"@id\":\"https:\\\/\\\/motoleonardo.com\\\/?product=moto-morini-x-cape-700-r-campanha-pre-reserva#primaryimage\",\"url\":\"https:\\\/\\\/i0.wp.com\\\/motoleonardo.com\\\/wp-content\\\/uploads\\\/2025\\\/03\\\/X-Cape-700-angle-right_red-passion-1-1920x1334-1.png?fit=1920%2C1334&ssl=1\",\"contentUrl\":\"https:\\\/\\\/i0.wp.com\\\/motoleonardo.com\\\/wp-content\\\/uploads\\\/2025\\\/03\\\/X-Cape-700-angle-right_red-passion-1-1920x1334-1.png?fit=1920%2C1334&ssl=1\",\"width\":1920,\"height\":1334},{\"@type\":\"BreadcrumbList\",\"@id\":\"https:\\\/\\\/motoleonardo.com\\\/?product=moto-morini-x-cape-700-r-campanha-pre-reserva#breadcrumb\",\"itemListElement\":[{\"@type\":\"ListItem\",\"position\":1,\"name\":\"In\u00edcio\",\"item\":\"https:\\\/\\\/motoleonardo.com\\\/\"},{\"@type\":\"ListItem\",\"position\":2,\"name\":\"Todas Categorias\",\"item\":\"https:\\\/\\\/motoleonardo.com\\\/?page_id=252\"},{\"@type\":\"ListItem\",\"position\":3,\"name\":\"Moto Morini X-Cape 700\"}]},{\"@type\":\"WebSite\",\"@id\":\"https:\\\/\\\/motoleonardo.com\\\/#website\",\"url\":\"https:\\\/\\\/motoleonardo.com\\\/\",\"name\":\"Moto Leonardo\",\"description\":\"Motas Novas e Usadas - Oficina Multimarcas - Pe\u00e7as, Acess\u00f3rios e Equipamento\",\"publisher\":{\"@id\":\"https:\\\/\\\/motoleonardo.com\\\/#organization\"},\"potentialAction\":[{\"@type\":\"SearchAction\",\"target\":{\"@type\":\"EntryPoint\",\"urlTemplate\":\"https:\\\/\\\/motoleonardo.com\\\/?s={search_term_string}\"},\"query-input\":{\"@type\":\"PropertyValueSpecification\",\"valueRequired\":true,\"valueName\":\"search_term_string\"}}],\"inLanguage\":\"pt-PT\"},{\"@type\":\"Organization\",\"@id\":\"https:\\\/\\\/motoleonardo.com\\\/#organization\",\"name\":\"Moto Leonardo\",\"url\":\"https:\\\/\\\/motoleonardo.com\\\/\",\"logo\":{\"@type\":\"ImageObject\",\"inLanguage\":\"pt-PT\",\"@id\":\"https:\\\/\\\/motoleonardo.com\\\/#\\\/schema\\\/logo\\\/image\\\/\",\"url\":\"https:\\\/\\\/i0.wp.com\\\/motoleonardo.com\\\/wp-content\\\/uploads\\\/2022\\\/10\\\/cropped-Professional-Initial-Letter-Typography-Logo.png?fit=512%2C512&ssl=1\",\"contentUrl\":\"https:\\\/\\\/i0.wp.com\\\/motoleonardo.com\\\/wp-content\\\/uploads\\\/2022\\\/10\\\/cropped-Professional-Initial-Letter-Typography-Logo.png?fit=512%2C512&ssl=1\",\"width\":512,\"height\":512,\"caption\":\"Moto Leonardo\"},\"image\":{\"@id\":\"https:\\\/\\\/motoleonardo.com\\\/#\\\/schema\\\/logo\\\/image\\\/\"},\"sameAs\":[\"https:\\\/\\\/www.facebook.com\\\/motoleonardopt\",\"https:\\\/\\\/www.instagram.com\\\/moto_leonardo\\\/\"]}]}<\/script>\n<!-- \/ Yoast SEO plugin. -->","yoast_head_json":{"title":"Moto Morini X-Cape 700 - Moto Leonardo","robots":{"index":"index","follow":"follow","max-snippet":"max-snippet:-1","max-image-preview":"max-image-preview:large","max-video-preview":"max-video-preview:-1"},"canonical":"https:\/\/motoleonardo.com\/?product=moto-morini-x-cape-700-r-campanha-pre-reserva","og_locale":"pt_PT","og_type":"article","og_title":"Moto Morini X-Cape 700 - Moto Leonardo","og_description":"Campanha Primavera 2026 PVP: \u03367\u0336.\u03368\u03368\u03368\u0336\u20ac\u0336*\u0336 7.388\u20ac* *IVA inclu\u00eddo. Acresce 698\u20ac em despesas de Documenta\u00e7\u00e3o, Transporte, ISV e IUC. POT\u00caNCIA, LEVEZA E VERSATILIDADE!\u00a0 \u27a1\ufe0f Possibilidade de financiamento \u27a1\ufe0f Entrega em casa \u27a1\ufe0f Oficina para assist\u00eancia e manuten\u00e7\u00e3o \u27a1\ufe0f Garantia 36 meses de f\u00e1brica Informa\u00e7\u00e3o: \u2705 Ecr\u00e3 TFT 7&#8243; com sistema de navega\u00e7\u00e3o integrado \u2705 Camara frontal \u2705 Travagem Brembo e ABS Bosch \u2705 Forquilhas Marzocchi e Monoamortecedor Kayaba \u2705 Assento ergon\u00f3mico \u2705 Pneus Pirelli Scorpion Rally STR \u2705 Comutadores retro iluminados \u2705 Descanso central de f\u00e1cil utiliza\u00e7\u00e3o \u2705 Prote\u00e7\u00e3o t\u00e9rmica para motor \u2705 Prote\u00e7\u00e3o de m\u00e3os Caracter\u00edsticas: \u2705 Motor 693 cc de 71cv \u2705 Peso 213 kg a seco \u2705 Altura do assento 820mm \/ 845 mm \u2705 Forquilha invertida Marzocchi \u00f850mm, curso da roda 175mm, ajust\u00e1vel na pr\u00e9-carga da mola, regula\u00e7\u00e3o do amortecimento no ressalto e na compress\u00e3o \u2705 Monoamortecedor traseiro Kayaba, curso da roda 165 mm, ajust\u00e1vel na pr\u00e9-carga da mola (sistema de controlo remoto) e regula\u00e7\u00e3o do amortecimento em extens\u00e3o. \u2705 Roda frente 110\/80 19&#8243; &#8211; Roda traseira 150\/70 17&#8243; Concebida para os aventureiros que exigem simultaneamente\u00a0desempenho e conforto, desportividade e agilidade, a\u00a0X-CAPE 700\u00a0oferece uma excelente capacidade de resposta, gra\u00e7as ao seu motor bicil\u00edndrico de 700 cc, capaz de debitar\u00a071 cavalos de pot\u00eancia. Esta \u00e9 a chave da sua versatilidade, tornando-a a companheira de viagem ideal para explorar paisagens de cortar a respira\u00e7\u00e3o e desfrutar de uma liberdade sem limites, com acelera\u00e7\u00f5es r\u00e1pidas e ultrapassagens suaves.","og_url":"https:\/\/motoleonardo.com\/?product=moto-morini-x-cape-700-r-campanha-pre-reserva","og_site_name":"Moto Leonardo","article_publisher":"https:\/\/www.facebook.com\/motoleonardopt","article_modified_time":"2026-03-14T13:38:52+00:00","og_image":[{"width":1920,"height":1334,"url":"https:\/\/motoleonardo.com\/wp-content\/uploads\/2025\/03\/X-Cape-700-angle-right_red-passion-1-1920x1334-1.png","type":"image\/png"}],"twitter_card":"summary_large_image","twitter_misc":{"Tempo estimado de leitura":"2 minutos"},"schema":{"@context":"https:\/\/schema.org","@graph":[{"@type":"WebPage","@id":"https:\/\/motoleonardo.com\/?product=moto-morini-x-cape-700-r-campanha-pre-reserva","url":"https:\/\/motoleonardo.com\/?product=moto-morini-x-cape-700-r-campanha-pre-reserva","name":"Moto Morini X-Cape 700 - Moto Leonardo","isPartOf":{"@id":"https:\/\/motoleonardo.com\/#website"},"primaryImageOfPage":{"@id":"https:\/\/motoleonardo.com\/?product=moto-morini-x-cape-700-r-campanha-pre-reserva#primaryimage"},"image":{"@id":"https:\/\/motoleonardo.com\/?product=moto-morini-x-cape-700-r-campanha-pre-reserva#primaryimage"},"thumbnailUrl":"https:\/\/i0.wp.com\/motoleonardo.com\/wp-content\/uploads\/2025\/03\/X-Cape-700-angle-right_red-passion-1-1920x1334-1.png?fit=1920%2C1334&ssl=1","datePublished":"2025-03-31T18:51:51+00:00","dateModified":"2026-03-14T13:38:52+00:00","breadcrumb":{"@id":"https:\/\/motoleonardo.com\/?product=moto-morini-x-cape-700-r-campanha-pre-reserva#breadcrumb"},"inLanguage":"pt-PT","potentialAction":[{"@type":"ReadAction","target":["https:\/\/motoleonardo.com\/?product=moto-morini-x-cape-700-r-campanha-pre-reserva"]}]},{"@type":"ImageObject","inLanguage":"pt-PT","@id":"https:\/\/motoleonardo.com\/?product=moto-morini-x-cape-700-r-campanha-pre-reserva#primaryimage","url":"https:\/\/i0.wp.com\/motoleonardo.com\/wp-content\/uploads\/2025\/03\/X-Cape-700-angle-right_red-passion-1-1920x1334-1.png?fit=1920%2C1334&ssl=1","contentUrl":"https:\/\/i0.wp.com\/motoleonardo.com\/wp-content\/uploads\/2025\/03\/X-Cape-700-angle-right_red-passion-1-1920x1334-1.png?fit=1920%2C1334&ssl=1","width":1920,"height":1334},{"@type":"BreadcrumbList","@id":"https:\/\/motoleonardo.com\/?product=moto-morini-x-cape-700-r-campanha-pre-reserva#breadcrumb","itemListElement":[{"@type":"ListItem","position":1,"name":"In\u00edcio","item":"https:\/\/motoleonardo.com\/"},{"@type":"ListItem","position":2,"name":"Todas Categorias","item":"https:\/\/motoleonardo.com\/?page_id=252"},{"@type":"ListItem","position":3,"name":"Moto Morini X-Cape 700"}]},{"@type":"WebSite","@id":"https:\/\/motoleonardo.com\/#website","url":"https:\/\/motoleonardo.com\/","name":"Moto Leonardo","description":"Motas Novas e Usadas - Oficina Multimarcas - Pe\u00e7as, Acess\u00f3rios e Equipamento","publisher":{"@id":"https:\/\/motoleonardo.com\/#organization"},"potentialAction":[{"@type":"SearchAction","target":{"@type":"EntryPoint","urlTemplate":"https:\/\/motoleonardo.com\/?s={search_term_string}"},"query-input":{"@type":"PropertyValueSpecification","valueRequired":true,"valueName":"search_term_string"}}],"inLanguage":"pt-PT"},{"@type":"Organization","@id":"https:\/\/motoleonardo.com\/#organization","name":"Moto Leonardo","url":"https:\/\/motoleonardo.com\/","logo":{"@type":"ImageObject","inLanguage":"pt-PT","@id":"https:\/\/motoleonardo.com\/#\/schema\/logo\/image\/","url":"https:\/\/i0.wp.com\/motoleonardo.com\/wp-content\/uploads\/2022\/10\/cropped-Professional-Initial-Letter-Typography-Logo.png?fit=512%2C512&ssl=1","contentUrl":"https:\/\/i0.wp.com\/motoleonardo.com\/wp-content\/uploads\/2022\/10\/cropped-Professional-Initial-Letter-Typography-Logo.png?fit=512%2C512&ssl=1","width":512,"height":512,"caption":"Moto Leonardo"},"image":{"@id":"https:\/\/motoleonardo.com\/#\/schema\/logo\/image\/"},"sameAs":["https:\/\/www.facebook.com\/motoleonardopt","https:\/\/www.instagram.com\/moto_leonardo\/"]}]}},"jetpack_sharing_enabled":true,"_links":{"self":[{"href":"https:\/\/motoleonardo.com\/index.php?rest_route=\/wp\/v2\/product\/7299","targetHints":{"allow":["GET"]}}],"collection":[{"href":"https:\/\/motoleonardo.com\/index.php?rest_route=\/wp\/v2\/product"}],"about":[{"href":"https:\/\/motoleonardo.com\/index.php?rest_route=\/wp\/v2\/types\/product"}],"wp:featuredmedia":[{"embeddable":true,"href":"https:\/\/motoleonardo.com\/index.php?rest_route=\/wp\/v2\/media\/7309"}],"wp:attachment":[{"href":"https:\/\/motoleonardo.com\/index.php?rest_route=%2Fwp%2Fv2%2Fmedia&parent=7299"}],"wp:term":[{"taxonomy":"product_brand","embeddable":true,"href":"https:\/\/motoleonardo.com\/index.php?rest_route=%2Fwp%2Fv2%2Fproduct_brand&post=7299"},{"taxonomy":"product_cat","embeddable":true,"href":"https:\/\/motoleonardo.com\/index.php?rest_route=%2Fwp%2Fv2%2Fproduct_cat&post=7299"},{"taxonomy":"product_tag","embeddable":true,"href":"https:\/\/motoleonardo.com\/index.php?rest_route=%2Fwp%2Fv2%2Fproduct_tag&post=7299"}],"curies":[{"name":"wp","href":"https:\/\/api.w.org\/{rel}","templated":true}]}}