{"id":7350,"date":"2025-03-31T20:22:29","date_gmt":"2025-03-31T20:22:29","guid":{"rendered":"https:\/\/motoleonardo.com\/?post_type=product&#038;p=7350"},"modified":"2026-03-24T20:09:51","modified_gmt":"2026-03-24T20:09:51","slug":"moto-morini-calibro-bagger","status":"publish","type":"product","link":"https:\/\/motoleonardo.com\/?product=moto-morini-calibro-bagger","title":{"rendered":"Moto Morini Calibro Bagger 700"},"content":{"rendered":"<div class=\"xdj266r x14z9mp xat24cr x1lziwak x1vvkbs x126k92a\">\n<div dir=\"auto\">\n<p><strong>Moto Morini Calibro Bagger<br \/>\n<\/strong><strong>PVP: <\/strong>8.388\u20ac<br \/>\nIVA inclu\u00eddo. Acresce Documenta\u00e7\u00e3o, Transporte, ISV e IUC. *IVA inclu\u00eddo. Acresce Documenta\u00e7\u00e3o, Transporte, ISV e IUC. Desconto direto de 500\u20ac sobre o PVP 8.690\u20ac*! A oferta est\u00e1 limitada ao nosso stock at\u00e9 dia 31 de Dezembro de 2025.<\/p>\n<\/div>\n<\/div>\n<p><strong>A BAGGER COM ALMA DE ESPIRITO LIVRE<\/strong><\/p>\n<p>\u27a1\ufe0f Possibilidade de financiamento<br \/>\n\u27a1\ufe0f Entrega em casa<br \/>\n\u27a1\ufe0f Oficina para assist\u00eancia e manuten\u00e7\u00e3o<br \/>\n\u27a1\ufe0f Garantia 36 meses de f\u00e1brica<\/p>\n<p>Informa\u00e7\u00e3o:<br \/>\n\u2705 Malas R\u00edgidas de 19L<br \/>\n\u2705 Para-brisas integrado estilo Batwing<br \/>\n\u2705 Assento duplo<br \/>\n\u2705 Ilumina\u00e7\u00e3o Full LED<br \/>\n\u2705 Tanque de dep\u00f3sito met\u00e1lico<br \/>\n\u2705 Entrada USB<br \/>\n\u2705 Transmiss\u00e3o por correia final<\/p>\n<p>Caracter\u00edsticas:<br \/>\n\u2705 Motor 693cc de 69cv<br \/>\n\u2705 Altura do assento 725mm<br \/>\n\u2705 Peso aprox. 200kg a seco<br \/>\n\u2705 Capacidade combust\u00edvel aprox. 15L<\/p>\n<p>A Calibro Bagger \u00e9 mais do que uma mota. \u00c9 uma promessa de aventuras e viagens sem fim.<br \/>\n\u00c9 a custom dedicada a todos os motociclistas de esp\u00edrito livre que querem ir para al\u00e9m das regras.<br \/>\nDesign inconfund\u00edvel, fiabilidade, excelente harmonia entre ciclismo e mec\u00e2nica.<br \/>\nA nova\u00a0<strong>Calibro Bagger<\/strong> garante um prazer de condu\u00e7\u00e3o incompar\u00e1vel.<\/p>\n","protected":false},"excerpt":{"rendered":"<p>Moto Morini Calibro Bagger PVP: 8.388\u20ac IVA inclu\u00eddo. Acresce Documenta\u00e7\u00e3o, Transporte, ISV e IUC. *IVA inclu\u00eddo. Acresce Documenta\u00e7\u00e3o, Transporte, ISV e IUC. Desconto direto de 500\u20ac sobre o PVP 8.690\u20ac*! A oferta est\u00e1 limitada ao nosso stock at\u00e9 dia 31 de Dezembro de 2025. A BAGGER COM ALMA DE ESPIRITO LIVRE \u27a1\ufe0f Possibilidade de financiamento \u27a1\ufe0f Entrega em casa \u27a1\ufe0f Oficina para assist\u00eancia e manuten\u00e7\u00e3o \u27a1\ufe0f Garantia 36 meses de f\u00e1brica Informa\u00e7\u00e3o: \u2705 Malas R\u00edgidas de 19L \u2705 Para-brisas integrado estilo Batwing \u2705 Assento duplo \u2705 Ilumina\u00e7\u00e3o Full LED \u2705 Tanque de dep\u00f3sito met\u00e1lico \u2705 Entrada USB \u2705 Transmiss\u00e3o por correia final Caracter\u00edsticas: \u2705 Motor 693cc de 69cv \u2705 Altura do assento 725mm \u2705 Peso aprox. 200kg a seco \u2705 Capacidade combust\u00edvel aprox. 15L A Calibro Bagger \u00e9 mais do que uma mota. \u00c9 uma promessa de aventuras e viagens sem fim. \u00c9 a custom dedicada a todos os motociclistas de esp\u00edrito livre que querem ir para al\u00e9m das regras. Design inconfund\u00edvel, fiabilidade, excelente harmonia entre ciclismo e mec\u00e2nica. A nova\u00a0Calibro Bagger garante um prazer de condu\u00e7\u00e3o incompar\u00e1vel.<\/p>\n","protected":false},"featured_media":7351,"template":"","meta":{"ocean_post_layout":"","ocean_both_sidebars_style":"","ocean_both_sidebars_content_width":0,"ocean_both_sidebars_sidebars_width":0,"ocean_sidebar":"0","ocean_second_sidebar":"0","ocean_disable_margins":"enable","ocean_add_body_class":"","ocean_shortcode_before_top_bar":"","ocean_shortcode_after_top_bar":"","ocean_shortcode_before_header":"","ocean_shortcode_after_header":"","ocean_has_shortcode":"","ocean_shortcode_after_title":"","ocean_shortcode_before_footer_widgets":"","ocean_shortcode_after_footer_widgets":"","ocean_shortcode_before_footer_bottom":"","ocean_shortcode_after_footer_bottom":"","ocean_display_top_bar":"default","ocean_display_header":"default","ocean_header_style":"","ocean_center_header_left_menu":"0","ocean_custom_header_template":"0","ocean_custom_logo":0,"ocean_custom_retina_logo":0,"ocean_custom_logo_max_width":0,"ocean_custom_logo_tablet_max_width":0,"ocean_custom_logo_mobile_max_width":0,"ocean_custom_logo_max_height":0,"ocean_custom_logo_tablet_max_height":0,"ocean_custom_logo_mobile_max_height":0,"ocean_header_custom_menu":"0","ocean_menu_typo_font_family":"0","ocean_menu_typo_font_subset":"","ocean_menu_typo_font_size":0,"ocean_menu_typo_font_size_tablet":0,"ocean_menu_typo_font_size_mobile":0,"ocean_menu_typo_font_size_unit":"px","ocean_menu_typo_font_weight":"","ocean_menu_typo_font_weight_tablet":"","ocean_menu_typo_font_weight_mobile":"","ocean_menu_typo_transform":"","ocean_menu_typo_transform_tablet":"","ocean_menu_typo_transform_mobile":"","ocean_menu_typo_line_height":0,"ocean_menu_typo_line_height_tablet":0,"ocean_menu_typo_line_height_mobile":0,"ocean_menu_typo_line_height_unit":"","ocean_menu_typo_spacing":0,"ocean_menu_typo_spacing_tablet":0,"ocean_menu_typo_spacing_mobile":0,"ocean_menu_typo_spacing_unit":"","ocean_menu_link_color":"","ocean_menu_link_color_hover":"","ocean_menu_link_color_active":"","ocean_menu_link_background":"","ocean_menu_link_hover_background":"","ocean_menu_link_active_background":"","ocean_menu_social_links_bg":"","ocean_menu_social_hover_links_bg":"","ocean_menu_social_links_color":"","ocean_menu_social_hover_links_color":"","ocean_disable_title":"default","ocean_disable_heading":"default","ocean_post_title":"","ocean_post_subheading":"","ocean_post_title_style":"","ocean_post_title_background_color":"","ocean_post_title_background":0,"ocean_post_title_bg_image_position":"","ocean_post_title_bg_image_attachment":"","ocean_post_title_bg_image_repeat":"","ocean_post_title_bg_image_size":"","ocean_post_title_height":0,"ocean_post_title_bg_overlay":0.5,"ocean_post_title_bg_overlay_color":"","ocean_disable_breadcrumbs":"default","ocean_breadcrumbs_color":"","ocean_breadcrumbs_separator_color":"","ocean_breadcrumbs_links_color":"","ocean_breadcrumbs_links_hover_color":"","ocean_display_footer_widgets":"default","ocean_display_footer_bottom":"default","ocean_custom_footer_template":"0","omw_enable_modal_window":"enable"},"product_brand":[790],"product_cat":[738,789,740],"product_tag":[792],"class_list":{"0":"post-7350","1":"product","2":"type-product","3":"status-publish","4":"has-post-thumbnail","6":"product_brand-moto-morini","7":"product_cat-motas-novas","8":"product_cat-moto-morini","9":"product_cat-superior-a-125cc","10":"product_tag-moto-morini","12":"entry","13":"has-media","15":"first","16":"instock","17":"shipping-taxable","18":"product-type-external","19":"has-product-nav","20":"col","21":"span_1_of_4","22":"owp-content-right","23":"owp-thumbs-layout-horizontal","24":"owp-btn-normal","25":"owp-tabs-layout-horizontal"},"yoast_head":"<!-- This site is optimized with the Yoast SEO plugin v27.4 - https:\/\/yoast.com\/product\/yoast-seo-wordpress\/ -->\n<title>Moto Morini Calibro Bagger 700 - Moto Leonardo<\/title>\n<meta name=\"robots\" content=\"index, follow, max-snippet:-1, max-image-preview:large, max-video-preview:-1\" \/>\n<link rel=\"canonical\" href=\"https:\/\/motoleonardo.com\/?product=moto-morini-calibro-bagger\" \/>\n<meta property=\"og:locale\" content=\"pt_PT\" \/>\n<meta property=\"og:type\" content=\"article\" \/>\n<meta property=\"og:title\" content=\"Moto Morini Calibro Bagger 700 - Moto Leonardo\" \/>\n<meta property=\"og:description\" content=\"Moto Morini Calibro Bagger PVP: 8.388\u20ac IVA inclu\u00eddo. Acresce Documenta\u00e7\u00e3o, Transporte, ISV e IUC. *IVA inclu\u00eddo. Acresce Documenta\u00e7\u00e3o, Transporte, ISV e IUC. Desconto direto de 500\u20ac sobre o PVP 8.690\u20ac*! A oferta est\u00e1 limitada ao nosso stock at\u00e9 dia 31 de Dezembro de 2025. A BAGGER COM ALMA DE ESPIRITO LIVRE \u27a1\ufe0f Possibilidade de financiamento \u27a1\ufe0f Entrega em casa \u27a1\ufe0f Oficina para assist\u00eancia e manuten\u00e7\u00e3o \u27a1\ufe0f Garantia 36 meses de f\u00e1brica Informa\u00e7\u00e3o: \u2705 Malas R\u00edgidas de 19L \u2705 Para-brisas integrado estilo Batwing \u2705 Assento duplo \u2705 Ilumina\u00e7\u00e3o Full LED \u2705 Tanque de dep\u00f3sito met\u00e1lico \u2705 Entrada USB \u2705 Transmiss\u00e3o por correia final Caracter\u00edsticas: \u2705 Motor 693cc de 69cv \u2705 Altura do assento 725mm \u2705 Peso aprox. 200kg a seco \u2705 Capacidade combust\u00edvel aprox. 15L A Calibro Bagger \u00e9 mais do que uma mota. \u00c9 uma promessa de aventuras e viagens sem fim. \u00c9 a custom dedicada a todos os motociclistas de esp\u00edrito livre que querem ir para al\u00e9m das regras. Design inconfund\u00edvel, fiabilidade, excelente harmonia entre ciclismo e mec\u00e2nica. A nova\u00a0Calibro Bagger garante um prazer de condu\u00e7\u00e3o incompar\u00e1vel.\" \/>\n<meta property=\"og:url\" content=\"https:\/\/motoleonardo.com\/?product=moto-morini-calibro-bagger\" \/>\n<meta property=\"og:site_name\" content=\"Moto Leonardo\" \/>\n<meta property=\"article:publisher\" content=\"https:\/\/www.facebook.com\/motoleonardopt\" \/>\n<meta property=\"article:modified_time\" content=\"2026-03-24T20:09:51+00:00\" \/>\n<meta property=\"og:image\" content=\"https:\/\/motoleonardo.com\/wp-content\/uploads\/2025\/03\/calibro-bagger-angle-right-1920x1334-1.png\" \/>\n\t<meta property=\"og:image:width\" content=\"1920\" \/>\n\t<meta property=\"og:image:height\" content=\"1334\" \/>\n\t<meta property=\"og:image:type\" content=\"image\/png\" \/>\n<meta name=\"twitter:card\" content=\"summary_large_image\" \/>\n<meta name=\"twitter:label1\" content=\"Tempo estimado de leitura\" \/>\n\t<meta name=\"twitter:data1\" content=\"2 minutos\" \/>\n<script type=\"application\/ld+json\" class=\"yoast-schema-graph\">{\"@context\":\"https:\\\/\\\/schema.org\",\"@graph\":[{\"@type\":\"WebPage\",\"@id\":\"https:\\\/\\\/motoleonardo.com\\\/?product=moto-morini-calibro-bagger\",\"url\":\"https:\\\/\\\/motoleonardo.com\\\/?product=moto-morini-calibro-bagger\",\"name\":\"Moto Morini Calibro Bagger 700 - Moto Leonardo\",\"isPartOf\":{\"@id\":\"https:\\\/\\\/motoleonardo.com\\\/#website\"},\"primaryImageOfPage\":{\"@id\":\"https:\\\/\\\/motoleonardo.com\\\/?product=moto-morini-calibro-bagger#primaryimage\"},\"image\":{\"@id\":\"https:\\\/\\\/motoleonardo.com\\\/?product=moto-morini-calibro-bagger#primaryimage\"},\"thumbnailUrl\":\"https:\\\/\\\/i0.wp.com\\\/motoleonardo.com\\\/wp-content\\\/uploads\\\/2025\\\/03\\\/calibro-bagger-angle-right-1920x1334-1.png?fit=1920%2C1334&ssl=1\",\"datePublished\":\"2025-03-31T20:22:29+00:00\",\"dateModified\":\"2026-03-24T20:09:51+00:00\",\"breadcrumb\":{\"@id\":\"https:\\\/\\\/motoleonardo.com\\\/?product=moto-morini-calibro-bagger#breadcrumb\"},\"inLanguage\":\"pt-PT\",\"potentialAction\":[{\"@type\":\"ReadAction\",\"target\":[\"https:\\\/\\\/motoleonardo.com\\\/?product=moto-morini-calibro-bagger\"]}]},{\"@type\":\"ImageObject\",\"inLanguage\":\"pt-PT\",\"@id\":\"https:\\\/\\\/motoleonardo.com\\\/?product=moto-morini-calibro-bagger#primaryimage\",\"url\":\"https:\\\/\\\/i0.wp.com\\\/motoleonardo.com\\\/wp-content\\\/uploads\\\/2025\\\/03\\\/calibro-bagger-angle-right-1920x1334-1.png?fit=1920%2C1334&ssl=1\",\"contentUrl\":\"https:\\\/\\\/i0.wp.com\\\/motoleonardo.com\\\/wp-content\\\/uploads\\\/2025\\\/03\\\/calibro-bagger-angle-right-1920x1334-1.png?fit=1920%2C1334&ssl=1\",\"width\":1920,\"height\":1334},{\"@type\":\"BreadcrumbList\",\"@id\":\"https:\\\/\\\/motoleonardo.com\\\/?product=moto-morini-calibro-bagger#breadcrumb\",\"itemListElement\":[{\"@type\":\"ListItem\",\"position\":1,\"name\":\"In\u00edcio\",\"item\":\"https:\\\/\\\/motoleonardo.com\\\/\"},{\"@type\":\"ListItem\",\"position\":2,\"name\":\"Todas Categorias\",\"item\":\"https:\\\/\\\/motoleonardo.com\\\/?page_id=252\"},{\"@type\":\"ListItem\",\"position\":3,\"name\":\"Moto Morini Calibro Bagger 700\"}]},{\"@type\":\"WebSite\",\"@id\":\"https:\\\/\\\/motoleonardo.com\\\/#website\",\"url\":\"https:\\\/\\\/motoleonardo.com\\\/\",\"name\":\"Moto Leonardo\",\"description\":\"Motas Novas e Usadas - Oficina Multimarcas - Pe\u00e7as, Acess\u00f3rios e Equipamento\",\"publisher\":{\"@id\":\"https:\\\/\\\/motoleonardo.com\\\/#organization\"},\"potentialAction\":[{\"@type\":\"SearchAction\",\"target\":{\"@type\":\"EntryPoint\",\"urlTemplate\":\"https:\\\/\\\/motoleonardo.com\\\/?s={search_term_string}\"},\"query-input\":{\"@type\":\"PropertyValueSpecification\",\"valueRequired\":true,\"valueName\":\"search_term_string\"}}],\"inLanguage\":\"pt-PT\"},{\"@type\":\"Organization\",\"@id\":\"https:\\\/\\\/motoleonardo.com\\\/#organization\",\"name\":\"Moto Leonardo\",\"url\":\"https:\\\/\\\/motoleonardo.com\\\/\",\"logo\":{\"@type\":\"ImageObject\",\"inLanguage\":\"pt-PT\",\"@id\":\"https:\\\/\\\/motoleonardo.com\\\/#\\\/schema\\\/logo\\\/image\\\/\",\"url\":\"https:\\\/\\\/i0.wp.com\\\/motoleonardo.com\\\/wp-content\\\/uploads\\\/2022\\\/10\\\/cropped-Professional-Initial-Letter-Typography-Logo.png?fit=512%2C512&ssl=1\",\"contentUrl\":\"https:\\\/\\\/i0.wp.com\\\/motoleonardo.com\\\/wp-content\\\/uploads\\\/2022\\\/10\\\/cropped-Professional-Initial-Letter-Typography-Logo.png?fit=512%2C512&ssl=1\",\"width\":512,\"height\":512,\"caption\":\"Moto Leonardo\"},\"image\":{\"@id\":\"https:\\\/\\\/motoleonardo.com\\\/#\\\/schema\\\/logo\\\/image\\\/\"},\"sameAs\":[\"https:\\\/\\\/www.facebook.com\\\/motoleonardopt\",\"https:\\\/\\\/www.instagram.com\\\/moto_leonardo\\\/\"]}]}<\/script>\n<!-- \/ Yoast SEO plugin. -->","yoast_head_json":{"title":"Moto Morini Calibro Bagger 700 - Moto Leonardo","robots":{"index":"index","follow":"follow","max-snippet":"max-snippet:-1","max-image-preview":"max-image-preview:large","max-video-preview":"max-video-preview:-1"},"canonical":"https:\/\/motoleonardo.com\/?product=moto-morini-calibro-bagger","og_locale":"pt_PT","og_type":"article","og_title":"Moto Morini Calibro Bagger 700 - Moto Leonardo","og_description":"Moto Morini Calibro Bagger PVP: 8.388\u20ac IVA inclu\u00eddo. Acresce Documenta\u00e7\u00e3o, Transporte, ISV e IUC. *IVA inclu\u00eddo. Acresce Documenta\u00e7\u00e3o, Transporte, ISV e IUC. Desconto direto de 500\u20ac sobre o PVP 8.690\u20ac*! A oferta est\u00e1 limitada ao nosso stock at\u00e9 dia 31 de Dezembro de 2025. A BAGGER COM ALMA DE ESPIRITO LIVRE \u27a1\ufe0f Possibilidade de financiamento \u27a1\ufe0f Entrega em casa \u27a1\ufe0f Oficina para assist\u00eancia e manuten\u00e7\u00e3o \u27a1\ufe0f Garantia 36 meses de f\u00e1brica Informa\u00e7\u00e3o: \u2705 Malas R\u00edgidas de 19L \u2705 Para-brisas integrado estilo Batwing \u2705 Assento duplo \u2705 Ilumina\u00e7\u00e3o Full LED \u2705 Tanque de dep\u00f3sito met\u00e1lico \u2705 Entrada USB \u2705 Transmiss\u00e3o por correia final Caracter\u00edsticas: \u2705 Motor 693cc de 69cv \u2705 Altura do assento 725mm \u2705 Peso aprox. 200kg a seco \u2705 Capacidade combust\u00edvel aprox. 15L A Calibro Bagger \u00e9 mais do que uma mota. \u00c9 uma promessa de aventuras e viagens sem fim. \u00c9 a custom dedicada a todos os motociclistas de esp\u00edrito livre que querem ir para al\u00e9m das regras. Design inconfund\u00edvel, fiabilidade, excelente harmonia entre ciclismo e mec\u00e2nica. A nova\u00a0Calibro Bagger garante um prazer de condu\u00e7\u00e3o incompar\u00e1vel.","og_url":"https:\/\/motoleonardo.com\/?product=moto-morini-calibro-bagger","og_site_name":"Moto Leonardo","article_publisher":"https:\/\/www.facebook.com\/motoleonardopt","article_modified_time":"2026-03-24T20:09:51+00:00","og_image":[{"width":1920,"height":1334,"url":"https:\/\/motoleonardo.com\/wp-content\/uploads\/2025\/03\/calibro-bagger-angle-right-1920x1334-1.png","type":"image\/png"}],"twitter_card":"summary_large_image","twitter_misc":{"Tempo estimado de leitura":"2 minutos"},"schema":{"@context":"https:\/\/schema.org","@graph":[{"@type":"WebPage","@id":"https:\/\/motoleonardo.com\/?product=moto-morini-calibro-bagger","url":"https:\/\/motoleonardo.com\/?product=moto-morini-calibro-bagger","name":"Moto Morini Calibro Bagger 700 - Moto Leonardo","isPartOf":{"@id":"https:\/\/motoleonardo.com\/#website"},"primaryImageOfPage":{"@id":"https:\/\/motoleonardo.com\/?product=moto-morini-calibro-bagger#primaryimage"},"image":{"@id":"https:\/\/motoleonardo.com\/?product=moto-morini-calibro-bagger#primaryimage"},"thumbnailUrl":"https:\/\/i0.wp.com\/motoleonardo.com\/wp-content\/uploads\/2025\/03\/calibro-bagger-angle-right-1920x1334-1.png?fit=1920%2C1334&ssl=1","datePublished":"2025-03-31T20:22:29+00:00","dateModified":"2026-03-24T20:09:51+00:00","breadcrumb":{"@id":"https:\/\/motoleonardo.com\/?product=moto-morini-calibro-bagger#breadcrumb"},"inLanguage":"pt-PT","potentialAction":[{"@type":"ReadAction","target":["https:\/\/motoleonardo.com\/?product=moto-morini-calibro-bagger"]}]},{"@type":"ImageObject","inLanguage":"pt-PT","@id":"https:\/\/motoleonardo.com\/?product=moto-morini-calibro-bagger#primaryimage","url":"https:\/\/i0.wp.com\/motoleonardo.com\/wp-content\/uploads\/2025\/03\/calibro-bagger-angle-right-1920x1334-1.png?fit=1920%2C1334&ssl=1","contentUrl":"https:\/\/i0.wp.com\/motoleonardo.com\/wp-content\/uploads\/2025\/03\/calibro-bagger-angle-right-1920x1334-1.png?fit=1920%2C1334&ssl=1","width":1920,"height":1334},{"@type":"BreadcrumbList","@id":"https:\/\/motoleonardo.com\/?product=moto-morini-calibro-bagger#breadcrumb","itemListElement":[{"@type":"ListItem","position":1,"name":"In\u00edcio","item":"https:\/\/motoleonardo.com\/"},{"@type":"ListItem","position":2,"name":"Todas Categorias","item":"https:\/\/motoleonardo.com\/?page_id=252"},{"@type":"ListItem","position":3,"name":"Moto Morini Calibro Bagger 700"}]},{"@type":"WebSite","@id":"https:\/\/motoleonardo.com\/#website","url":"https:\/\/motoleonardo.com\/","name":"Moto Leonardo","description":"Motas Novas e Usadas - Oficina Multimarcas - Pe\u00e7as, Acess\u00f3rios e Equipamento","publisher":{"@id":"https:\/\/motoleonardo.com\/#organization"},"potentialAction":[{"@type":"SearchAction","target":{"@type":"EntryPoint","urlTemplate":"https:\/\/motoleonardo.com\/?s={search_term_string}"},"query-input":{"@type":"PropertyValueSpecification","valueRequired":true,"valueName":"search_term_string"}}],"inLanguage":"pt-PT"},{"@type":"Organization","@id":"https:\/\/motoleonardo.com\/#organization","name":"Moto Leonardo","url":"https:\/\/motoleonardo.com\/","logo":{"@type":"ImageObject","inLanguage":"pt-PT","@id":"https:\/\/motoleonardo.com\/#\/schema\/logo\/image\/","url":"https:\/\/i0.wp.com\/motoleonardo.com\/wp-content\/uploads\/2022\/10\/cropped-Professional-Initial-Letter-Typography-Logo.png?fit=512%2C512&ssl=1","contentUrl":"https:\/\/i0.wp.com\/motoleonardo.com\/wp-content\/uploads\/2022\/10\/cropped-Professional-Initial-Letter-Typography-Logo.png?fit=512%2C512&ssl=1","width":512,"height":512,"caption":"Moto Leonardo"},"image":{"@id":"https:\/\/motoleonardo.com\/#\/schema\/logo\/image\/"},"sameAs":["https:\/\/www.facebook.com\/motoleonardopt","https:\/\/www.instagram.com\/moto_leonardo\/"]}]}},"jetpack_sharing_enabled":true,"_links":{"self":[{"href":"https:\/\/motoleonardo.com\/index.php?rest_route=\/wp\/v2\/product\/7350","targetHints":{"allow":["GET"]}}],"collection":[{"href":"https:\/\/motoleonardo.com\/index.php?rest_route=\/wp\/v2\/product"}],"about":[{"href":"https:\/\/motoleonardo.com\/index.php?rest_route=\/wp\/v2\/types\/product"}],"wp:featuredmedia":[{"embeddable":true,"href":"https:\/\/motoleonardo.com\/index.php?rest_route=\/wp\/v2\/media\/7351"}],"wp:attachment":[{"href":"https:\/\/motoleonardo.com\/index.php?rest_route=%2Fwp%2Fv2%2Fmedia&parent=7350"}],"wp:term":[{"taxonomy":"product_brand","embeddable":true,"href":"https:\/\/motoleonardo.com\/index.php?rest_route=%2Fwp%2Fv2%2Fproduct_brand&post=7350"},{"taxonomy":"product_cat","embeddable":true,"href":"https:\/\/motoleonardo.com\/index.php?rest_route=%2Fwp%2Fv2%2Fproduct_cat&post=7350"},{"taxonomy":"product_tag","embeddable":true,"href":"https:\/\/motoleonardo.com\/index.php?rest_route=%2Fwp%2Fv2%2Fproduct_tag&post=7350"}],"curies":[{"name":"wp","href":"https:\/\/api.w.org\/{rel}","templated":true}]}}