{"id":7548,"date":"2025-04-14T09:20:40","date_gmt":"2025-04-14T09:20:40","guid":{"rendered":"https:\/\/motoleonardo.com\/?post_type=product&#038;p=7548"},"modified":"2025-12-20T11:36:11","modified_gmt":"2025-12-20T11:36:11","slug":"polisport-kit-protecao-tampas-motor-cfmoto-450mt-2024-2025","status":"publish","type":"product","link":"https:\/\/motoleonardo.com\/?product=polisport-kit-protecao-tampas-motor-cfmoto-450mt-2024-2025","title":{"rendered":"Polisport Kit Prote\u00e7\u00e3o Tampas Motor CFMOTO 450MT 2024-2025"},"content":{"rendered":"<p>Os Kits de Prote\u00e7\u00e3o de Tampas de Motor oferecem um elevado n\u00edvel de prote\u00e7\u00e3o ao motor da sua moto. Fabricadas em poliamida PA6 de longa dura\u00e7\u00e3o, estas coberturas s\u00e3o resistentes \u00e0 abras\u00e3o e ao impacto, proporcionando uma prote\u00e7\u00e3o m\u00e1xima contra impactos de pedras ou o desgaste causado pelas botas do piloto. F\u00e1cil de instalar, sem necessidade de retirar as tampas do motor. S\u00e3o resistentes a altas temperaturas e asseguram uma durabilidade prolongada. Recomenda-se a limpeza e remo\u00e7\u00e3o peri\u00f3dica.<\/p>\n","protected":false},"excerpt":{"rendered":"<p>Os Kits de Prote\u00e7\u00e3o de Tampas de Motor oferecem um elevado n\u00edvel de prote\u00e7\u00e3o ao motor da sua moto. Fabricadas em poliamida PA6 de longa dura\u00e7\u00e3o, estas coberturas s\u00e3o resistentes \u00e0 abras\u00e3o e ao impacto, proporcionando uma prote\u00e7\u00e3o m\u00e1xima contra impactos de pedras ou o desgaste causado pelas botas do piloto. F\u00e1cil de instalar, sem necessidade de retirar as tampas do motor. S\u00e3o resistentes a altas temperaturas e asseguram uma durabilidade prolongada. Recomenda-se a limpeza e remo\u00e7\u00e3o peri\u00f3dica.<\/p>\n","protected":false},"featured_media":7549,"template":"","meta":{"ocean_post_layout":"","ocean_both_sidebars_style":"","ocean_both_sidebars_content_width":0,"ocean_both_sidebars_sidebars_width":0,"ocean_sidebar":"0","ocean_second_sidebar":"0","ocean_disable_margins":"enable","ocean_add_body_class":"","ocean_shortcode_before_top_bar":"","ocean_shortcode_after_top_bar":"","ocean_shortcode_before_header":"","ocean_shortcode_after_header":"","ocean_has_shortcode":"","ocean_shortcode_after_title":"","ocean_shortcode_before_footer_widgets":"","ocean_shortcode_after_footer_widgets":"","ocean_shortcode_before_footer_bottom":"","ocean_shortcode_after_footer_bottom":"","ocean_display_top_bar":"default","ocean_display_header":"default","ocean_header_style":"","ocean_center_header_left_menu":"0","ocean_custom_header_template":"0","ocean_custom_logo":0,"ocean_custom_retina_logo":0,"ocean_custom_logo_max_width":0,"ocean_custom_logo_tablet_max_width":0,"ocean_custom_logo_mobile_max_width":0,"ocean_custom_logo_max_height":0,"ocean_custom_logo_tablet_max_height":0,"ocean_custom_logo_mobile_max_height":0,"ocean_header_custom_menu":"0","ocean_menu_typo_font_family":"0","ocean_menu_typo_font_subset":"","ocean_menu_typo_font_size":0,"ocean_menu_typo_font_size_tablet":0,"ocean_menu_typo_font_size_mobile":0,"ocean_menu_typo_font_size_unit":"px","ocean_menu_typo_font_weight":"","ocean_menu_typo_font_weight_tablet":"","ocean_menu_typo_font_weight_mobile":"","ocean_menu_typo_transform":"","ocean_menu_typo_transform_tablet":"","ocean_menu_typo_transform_mobile":"","ocean_menu_typo_line_height":0,"ocean_menu_typo_line_height_tablet":0,"ocean_menu_typo_line_height_mobile":0,"ocean_menu_typo_line_height_unit":"","ocean_menu_typo_spacing":0,"ocean_menu_typo_spacing_tablet":0,"ocean_menu_typo_spacing_mobile":0,"ocean_menu_typo_spacing_unit":"","ocean_menu_link_color":"","ocean_menu_link_color_hover":"","ocean_menu_link_color_active":"","ocean_menu_link_background":"","ocean_menu_link_hover_background":"","ocean_menu_link_active_background":"","ocean_menu_social_links_bg":"","ocean_menu_social_hover_links_bg":"","ocean_menu_social_links_color":"","ocean_menu_social_hover_links_color":"","ocean_disable_title":"default","ocean_disable_heading":"default","ocean_post_title":"","ocean_post_subheading":"","ocean_post_title_style":"","ocean_post_title_background_color":"","ocean_post_title_background":0,"ocean_post_title_bg_image_position":"","ocean_post_title_bg_image_attachment":"","ocean_post_title_bg_image_repeat":"","ocean_post_title_bg_image_size":"","ocean_post_title_height":0,"ocean_post_title_bg_overlay":0.5,"ocean_post_title_bg_overlay_color":"","ocean_disable_breadcrumbs":"default","ocean_breadcrumbs_color":"","ocean_breadcrumbs_separator_color":"","ocean_breadcrumbs_links_color":"","ocean_breadcrumbs_links_hover_color":"","ocean_display_footer_widgets":"default","ocean_display_footer_bottom":"default","ocean_custom_footer_template":"0","omw_enable_modal_window":"enable"},"product_brand":[800],"product_cat":[50,588],"product_tag":[],"class_list":{"0":"post-7548","1":"product","2":"type-product","3":"status-publish","4":"has-post-thumbnail","6":"product_brand-polisport","7":"product_cat-acessorios","8":"product_cat-protecoes-crashbars","10":"entry","11":"has-media","13":"first","14":"onbackorder","15":"shipping-taxable","16":"purchasable","17":"product-type-simple","18":"has-product-nav","19":"col","20":"span_1_of_4","21":"owp-content-right","22":"owp-thumbs-layout-horizontal","23":"owp-btn-normal","24":"owp-tabs-layout-horizontal","25":"has-no-thumbnails"},"yoast_head":"<!-- This site is optimized with the Yoast SEO plugin v27.4 - https:\/\/yoast.com\/product\/yoast-seo-wordpress\/ -->\n<title>Polisport Kit Prote\u00e7\u00e3o Tampas Motor CFMOTO 450MT 2024-2025 - Moto Leonardo<\/title>\n<meta name=\"description\" content=\"Proteja o motor da sua moto com o Polisport Kit Prote\u00e7\u00e3o Tampas Motor CFMOTO 450MT. Resistente e f\u00e1cil de instalar, garanta m\u00e1xima prote\u00e7\u00e3o!\" \/>\n<meta name=\"robots\" content=\"index, follow, max-snippet:-1, max-image-preview:large, max-video-preview:-1\" \/>\n<link rel=\"canonical\" href=\"https:\/\/motoleonardo.com\/?product=polisport-kit-protecao-tampas-motor-cfmoto-450mt-2024-2025\" \/>\n<meta property=\"og:locale\" content=\"pt_PT\" \/>\n<meta property=\"og:type\" content=\"article\" \/>\n<meta property=\"og:title\" content=\"Polisport Kit Prote\u00e7\u00e3o Tampas Motor CFMOTO 450MT 2024-2025 - Moto Leonardo\" \/>\n<meta property=\"og:description\" content=\"Proteja o motor da sua moto com o Polisport Kit Prote\u00e7\u00e3o Tampas Motor CFMOTO 450MT. Resistente e f\u00e1cil de instalar, garanta m\u00e1xima prote\u00e7\u00e3o!\" \/>\n<meta property=\"og:url\" content=\"https:\/\/motoleonardo.com\/?product=polisport-kit-protecao-tampas-motor-cfmoto-450mt-2024-2025\" \/>\n<meta property=\"og:site_name\" content=\"Moto Leonardo\" \/>\n<meta property=\"article:publisher\" content=\"https:\/\/www.facebook.com\/motoleonardopt\" \/>\n<meta property=\"article:modified_time\" content=\"2025-12-20T11:36:11+00:00\" \/>\n<meta property=\"og:image\" content=\"https:\/\/motoleonardo.com\/wp-content\/uploads\/2025\/04\/kit-protecao-tampas-motor-polisport-cfmoto-450mt-2024-2025.jpg\" \/>\n\t<meta property=\"og:image:width\" content=\"1200\" \/>\n\t<meta property=\"og:image:height\" content=\"1200\" \/>\n\t<meta property=\"og:image:type\" content=\"image\/jpeg\" \/>\n<meta name=\"twitter:card\" content=\"summary_large_image\" \/>\n<meta name=\"twitter:label1\" content=\"Tempo estimado de leitura\" \/>\n\t<meta name=\"twitter:data1\" content=\"1 minuto\" \/>\n<script type=\"application\/ld+json\" class=\"yoast-schema-graph\">{\"@context\":\"https:\\\/\\\/schema.org\",\"@graph\":[{\"@type\":\"WebPage\",\"@id\":\"https:\\\/\\\/motoleonardo.com\\\/?product=polisport-kit-protecao-tampas-motor-cfmoto-450mt-2024-2025\",\"url\":\"https:\\\/\\\/motoleonardo.com\\\/?product=polisport-kit-protecao-tampas-motor-cfmoto-450mt-2024-2025\",\"name\":\"Polisport Kit Prote\u00e7\u00e3o Tampas Motor CFMOTO 450MT 2024-2025 - Moto Leonardo\",\"isPartOf\":{\"@id\":\"https:\\\/\\\/motoleonardo.com\\\/#website\"},\"primaryImageOfPage\":{\"@id\":\"https:\\\/\\\/motoleonardo.com\\\/?product=polisport-kit-protecao-tampas-motor-cfmoto-450mt-2024-2025#primaryimage\"},\"image\":{\"@id\":\"https:\\\/\\\/motoleonardo.com\\\/?product=polisport-kit-protecao-tampas-motor-cfmoto-450mt-2024-2025#primaryimage\"},\"thumbnailUrl\":\"https:\\\/\\\/i0.wp.com\\\/motoleonardo.com\\\/wp-content\\\/uploads\\\/2025\\\/04\\\/kit-protecao-tampas-motor-polisport-cfmoto-450mt-2024-2025.jpg?fit=1200%2C1200&ssl=1\",\"datePublished\":\"2025-04-14T09:20:40+00:00\",\"dateModified\":\"2025-12-20T11:36:11+00:00\",\"description\":\"Proteja o motor da sua moto com o Polisport Kit Prote\u00e7\u00e3o Tampas Motor CFMOTO 450MT. Resistente e f\u00e1cil de instalar, garanta m\u00e1xima prote\u00e7\u00e3o!\",\"breadcrumb\":{\"@id\":\"https:\\\/\\\/motoleonardo.com\\\/?product=polisport-kit-protecao-tampas-motor-cfmoto-450mt-2024-2025#breadcrumb\"},\"inLanguage\":\"pt-PT\",\"potentialAction\":[{\"@type\":\"ReadAction\",\"target\":[\"https:\\\/\\\/motoleonardo.com\\\/?product=polisport-kit-protecao-tampas-motor-cfmoto-450mt-2024-2025\"]}]},{\"@type\":\"ImageObject\",\"inLanguage\":\"pt-PT\",\"@id\":\"https:\\\/\\\/motoleonardo.com\\\/?product=polisport-kit-protecao-tampas-motor-cfmoto-450mt-2024-2025#primaryimage\",\"url\":\"https:\\\/\\\/i0.wp.com\\\/motoleonardo.com\\\/wp-content\\\/uploads\\\/2025\\\/04\\\/kit-protecao-tampas-motor-polisport-cfmoto-450mt-2024-2025.jpg?fit=1200%2C1200&ssl=1\",\"contentUrl\":\"https:\\\/\\\/i0.wp.com\\\/motoleonardo.com\\\/wp-content\\\/uploads\\\/2025\\\/04\\\/kit-protecao-tampas-motor-polisport-cfmoto-450mt-2024-2025.jpg?fit=1200%2C1200&ssl=1\",\"width\":1200,\"height\":1200},{\"@type\":\"BreadcrumbList\",\"@id\":\"https:\\\/\\\/motoleonardo.com\\\/?product=polisport-kit-protecao-tampas-motor-cfmoto-450mt-2024-2025#breadcrumb\",\"itemListElement\":[{\"@type\":\"ListItem\",\"position\":1,\"name\":\"In\u00edcio\",\"item\":\"https:\\\/\\\/motoleonardo.com\\\/\"},{\"@type\":\"ListItem\",\"position\":2,\"name\":\"Todas Categorias\",\"item\":\"https:\\\/\\\/motoleonardo.com\\\/?page_id=252\"},{\"@type\":\"ListItem\",\"position\":3,\"name\":\"Polisport Kit Prote\u00e7\u00e3o Tampas Motor CFMOTO 450MT 2024-2025\"}]},{\"@type\":\"WebSite\",\"@id\":\"https:\\\/\\\/motoleonardo.com\\\/#website\",\"url\":\"https:\\\/\\\/motoleonardo.com\\\/\",\"name\":\"Moto Leonardo\",\"description\":\"Motas Novas e Usadas - Oficina Multimarcas - Pe\u00e7as, Acess\u00f3rios e Equipamento\",\"publisher\":{\"@id\":\"https:\\\/\\\/motoleonardo.com\\\/#organization\"},\"potentialAction\":[{\"@type\":\"SearchAction\",\"target\":{\"@type\":\"EntryPoint\",\"urlTemplate\":\"https:\\\/\\\/motoleonardo.com\\\/?s={search_term_string}\"},\"query-input\":{\"@type\":\"PropertyValueSpecification\",\"valueRequired\":true,\"valueName\":\"search_term_string\"}}],\"inLanguage\":\"pt-PT\"},{\"@type\":\"Organization\",\"@id\":\"https:\\\/\\\/motoleonardo.com\\\/#organization\",\"name\":\"Moto Leonardo\",\"url\":\"https:\\\/\\\/motoleonardo.com\\\/\",\"logo\":{\"@type\":\"ImageObject\",\"inLanguage\":\"pt-PT\",\"@id\":\"https:\\\/\\\/motoleonardo.com\\\/#\\\/schema\\\/logo\\\/image\\\/\",\"url\":\"https:\\\/\\\/i0.wp.com\\\/motoleonardo.com\\\/wp-content\\\/uploads\\\/2022\\\/10\\\/cropped-Professional-Initial-Letter-Typography-Logo.png?fit=512%2C512&ssl=1\",\"contentUrl\":\"https:\\\/\\\/i0.wp.com\\\/motoleonardo.com\\\/wp-content\\\/uploads\\\/2022\\\/10\\\/cropped-Professional-Initial-Letter-Typography-Logo.png?fit=512%2C512&ssl=1\",\"width\":512,\"height\":512,\"caption\":\"Moto Leonardo\"},\"image\":{\"@id\":\"https:\\\/\\\/motoleonardo.com\\\/#\\\/schema\\\/logo\\\/image\\\/\"},\"sameAs\":[\"https:\\\/\\\/www.facebook.com\\\/motoleonardopt\",\"https:\\\/\\\/www.instagram.com\\\/moto_leonardo\\\/\"]}]}<\/script>\n<!-- \/ Yoast SEO plugin. -->","yoast_head_json":{"title":"Polisport Kit Prote\u00e7\u00e3o Tampas Motor CFMOTO 450MT 2024-2025 - Moto Leonardo","description":"Proteja o motor da sua moto com o Polisport Kit Prote\u00e7\u00e3o Tampas Motor CFMOTO 450MT. Resistente e f\u00e1cil de instalar, garanta m\u00e1xima prote\u00e7\u00e3o!","robots":{"index":"index","follow":"follow","max-snippet":"max-snippet:-1","max-image-preview":"max-image-preview:large","max-video-preview":"max-video-preview:-1"},"canonical":"https:\/\/motoleonardo.com\/?product=polisport-kit-protecao-tampas-motor-cfmoto-450mt-2024-2025","og_locale":"pt_PT","og_type":"article","og_title":"Polisport Kit Prote\u00e7\u00e3o Tampas Motor CFMOTO 450MT 2024-2025 - Moto Leonardo","og_description":"Proteja o motor da sua moto com o Polisport Kit Prote\u00e7\u00e3o Tampas Motor CFMOTO 450MT. Resistente e f\u00e1cil de instalar, garanta m\u00e1xima prote\u00e7\u00e3o!","og_url":"https:\/\/motoleonardo.com\/?product=polisport-kit-protecao-tampas-motor-cfmoto-450mt-2024-2025","og_site_name":"Moto Leonardo","article_publisher":"https:\/\/www.facebook.com\/motoleonardopt","article_modified_time":"2025-12-20T11:36:11+00:00","og_image":[{"width":1200,"height":1200,"url":"https:\/\/motoleonardo.com\/wp-content\/uploads\/2025\/04\/kit-protecao-tampas-motor-polisport-cfmoto-450mt-2024-2025.jpg","type":"image\/jpeg"}],"twitter_card":"summary_large_image","twitter_misc":{"Tempo estimado de leitura":"1 minuto"},"schema":{"@context":"https:\/\/schema.org","@graph":[{"@type":"WebPage","@id":"https:\/\/motoleonardo.com\/?product=polisport-kit-protecao-tampas-motor-cfmoto-450mt-2024-2025","url":"https:\/\/motoleonardo.com\/?product=polisport-kit-protecao-tampas-motor-cfmoto-450mt-2024-2025","name":"Polisport Kit Prote\u00e7\u00e3o Tampas Motor CFMOTO 450MT 2024-2025 - Moto Leonardo","isPartOf":{"@id":"https:\/\/motoleonardo.com\/#website"},"primaryImageOfPage":{"@id":"https:\/\/motoleonardo.com\/?product=polisport-kit-protecao-tampas-motor-cfmoto-450mt-2024-2025#primaryimage"},"image":{"@id":"https:\/\/motoleonardo.com\/?product=polisport-kit-protecao-tampas-motor-cfmoto-450mt-2024-2025#primaryimage"},"thumbnailUrl":"https:\/\/i0.wp.com\/motoleonardo.com\/wp-content\/uploads\/2025\/04\/kit-protecao-tampas-motor-polisport-cfmoto-450mt-2024-2025.jpg?fit=1200%2C1200&ssl=1","datePublished":"2025-04-14T09:20:40+00:00","dateModified":"2025-12-20T11:36:11+00:00","description":"Proteja o motor da sua moto com o Polisport Kit Prote\u00e7\u00e3o Tampas Motor CFMOTO 450MT. Resistente e f\u00e1cil de instalar, garanta m\u00e1xima prote\u00e7\u00e3o!","breadcrumb":{"@id":"https:\/\/motoleonardo.com\/?product=polisport-kit-protecao-tampas-motor-cfmoto-450mt-2024-2025#breadcrumb"},"inLanguage":"pt-PT","potentialAction":[{"@type":"ReadAction","target":["https:\/\/motoleonardo.com\/?product=polisport-kit-protecao-tampas-motor-cfmoto-450mt-2024-2025"]}]},{"@type":"ImageObject","inLanguage":"pt-PT","@id":"https:\/\/motoleonardo.com\/?product=polisport-kit-protecao-tampas-motor-cfmoto-450mt-2024-2025#primaryimage","url":"https:\/\/i0.wp.com\/motoleonardo.com\/wp-content\/uploads\/2025\/04\/kit-protecao-tampas-motor-polisport-cfmoto-450mt-2024-2025.jpg?fit=1200%2C1200&ssl=1","contentUrl":"https:\/\/i0.wp.com\/motoleonardo.com\/wp-content\/uploads\/2025\/04\/kit-protecao-tampas-motor-polisport-cfmoto-450mt-2024-2025.jpg?fit=1200%2C1200&ssl=1","width":1200,"height":1200},{"@type":"BreadcrumbList","@id":"https:\/\/motoleonardo.com\/?product=polisport-kit-protecao-tampas-motor-cfmoto-450mt-2024-2025#breadcrumb","itemListElement":[{"@type":"ListItem","position":1,"name":"In\u00edcio","item":"https:\/\/motoleonardo.com\/"},{"@type":"ListItem","position":2,"name":"Todas Categorias","item":"https:\/\/motoleonardo.com\/?page_id=252"},{"@type":"ListItem","position":3,"name":"Polisport Kit Prote\u00e7\u00e3o Tampas Motor CFMOTO 450MT 2024-2025"}]},{"@type":"WebSite","@id":"https:\/\/motoleonardo.com\/#website","url":"https:\/\/motoleonardo.com\/","name":"Moto Leonardo","description":"Motas Novas e Usadas - Oficina Multimarcas - Pe\u00e7as, Acess\u00f3rios e Equipamento","publisher":{"@id":"https:\/\/motoleonardo.com\/#organization"},"potentialAction":[{"@type":"SearchAction","target":{"@type":"EntryPoint","urlTemplate":"https:\/\/motoleonardo.com\/?s={search_term_string}"},"query-input":{"@type":"PropertyValueSpecification","valueRequired":true,"valueName":"search_term_string"}}],"inLanguage":"pt-PT"},{"@type":"Organization","@id":"https:\/\/motoleonardo.com\/#organization","name":"Moto Leonardo","url":"https:\/\/motoleonardo.com\/","logo":{"@type":"ImageObject","inLanguage":"pt-PT","@id":"https:\/\/motoleonardo.com\/#\/schema\/logo\/image\/","url":"https:\/\/i0.wp.com\/motoleonardo.com\/wp-content\/uploads\/2022\/10\/cropped-Professional-Initial-Letter-Typography-Logo.png?fit=512%2C512&ssl=1","contentUrl":"https:\/\/i0.wp.com\/motoleonardo.com\/wp-content\/uploads\/2022\/10\/cropped-Professional-Initial-Letter-Typography-Logo.png?fit=512%2C512&ssl=1","width":512,"height":512,"caption":"Moto Leonardo"},"image":{"@id":"https:\/\/motoleonardo.com\/#\/schema\/logo\/image\/"},"sameAs":["https:\/\/www.facebook.com\/motoleonardopt","https:\/\/www.instagram.com\/moto_leonardo\/"]}]}},"jetpack_sharing_enabled":true,"_links":{"self":[{"href":"https:\/\/motoleonardo.com\/index.php?rest_route=\/wp\/v2\/product\/7548","targetHints":{"allow":["GET"]}}],"collection":[{"href":"https:\/\/motoleonardo.com\/index.php?rest_route=\/wp\/v2\/product"}],"about":[{"href":"https:\/\/motoleonardo.com\/index.php?rest_route=\/wp\/v2\/types\/product"}],"wp:featuredmedia":[{"embeddable":true,"href":"https:\/\/motoleonardo.com\/index.php?rest_route=\/wp\/v2\/media\/7549"}],"wp:attachment":[{"href":"https:\/\/motoleonardo.com\/index.php?rest_route=%2Fwp%2Fv2%2Fmedia&parent=7548"}],"wp:term":[{"taxonomy":"product_brand","embeddable":true,"href":"https:\/\/motoleonardo.com\/index.php?rest_route=%2Fwp%2Fv2%2Fproduct_brand&post=7548"},{"taxonomy":"product_cat","embeddable":true,"href":"https:\/\/motoleonardo.com\/index.php?rest_route=%2Fwp%2Fv2%2Fproduct_cat&post=7548"},{"taxonomy":"product_tag","embeddable":true,"href":"https:\/\/motoleonardo.com\/index.php?rest_route=%2Fwp%2Fv2%2Fproduct_tag&post=7548"}],"curies":[{"name":"wp","href":"https:\/\/api.w.org\/{rel}","templated":true}]}}