{"id":7687,"date":"2025-04-29T09:55:11","date_gmt":"2025-04-29T09:55:11","guid":{"rendered":"https:\/\/motoleonardo.com\/?post_type=product&#038;p=7687"},"modified":"2025-10-09T08:58:05","modified_gmt":"2025-10-09T08:58:05","slug":"neovolt-we-ride-cinzento-60v-250w-0-25kw-chumbo-dispositivo-de-circulacao-c-motor-eletrico-kk-s1","status":"publish","type":"product","link":"https:\/\/motoleonardo.com\/?product=neovolt-we-ride-cinzento-60v-250w-0-25kw-chumbo-dispositivo-de-circulacao-c-motor-eletrico-kk-s1","title":{"rendered":"NEOVOLT: WE-RIDE Cinzento &#8211; 60V 250W (0.25kW) (Chumbo) Dispositivo de Circula\u00e7ao c\/ Motor Eletrico &#8211; P-07"},"content":{"rendered":"<p><strong>Neovolt WE-RIDE 60v 250w 0.25kW (Bateria Chumbo) &#8211; Cinzento<br \/>\nPVP:<\/strong> 1.099\u20ac<br \/>\nIVA inclu\u00eddo.<\/p>\n<p><strong>MOBILIDADE EL\u00c9TRICA<\/strong><\/p>\n<p>A WE-RIDE \u00e9 um dispositivo de circula\u00e7\u00e3o com motor el\u00e9trico com um design desportivo que permite deslocar-se de forma r\u00e1pida e eficiente no seu dia-a-dia!<br \/>\nEquipada com top case para que n\u00e3o lhe falte nada!<\/p>\n<p>\u27a1\ufe0f Isento de matr\u00edcula, <strong>n\u00e3o requer carta de condu\u00e7\u00e3o<\/strong> (Art\u00ba 112\u00ba. Nr. 3 do C\u00f3digo da Estrada)<br \/>\n\u27a1\ufe0f Oficina para assist\u00eancia e manuten\u00e7\u00e3o<br \/>\n\u27a1\ufe0f Garantia ve\u00edculo 36 meses de f\u00e1brica \/ Bateria 6 meses de f\u00e1brica<\/p>\n<p><strong>Informa\u00e7\u00e3o<\/strong>:<br \/>\n\u2705 Motor 250 Watts (0.25kw)<br \/>\n\u2705 Autonomia m\u00e1xima por carga \u00b1 50 kms (em condi\u00e7\u00f5es ideais)<br \/>\n\u2705 Travagem de disco<br \/>\n\u2705 Bateria Chumbo (\u00e1cido)<br \/>\n\u2705 Carregador inclu\u00eddo<br \/>\n\u2705 Top case + suporte inclu\u00eddo<br \/>\n\u2705 3 Modos de condu\u00e7\u00e3o<br \/>\n\u2705 Tomada USB<br \/>\n\u2705 Ilumina\u00e7\u00e3o Full LED<\/p>\n<p><strong>Observa\u00e7\u00f5es<\/strong><br \/>\nEste ve\u00edculo \u00e9 um dispositivo de circula\u00e7\u00e3o com motor el\u00e9trico com uma pot\u00eancia m\u00e1xima cont\u00ednua de 0,25 kW atingindo uma velocidade m\u00e1xima em patamar de 25 km\/h, e por isso equiparado a veloc\u00edpede, isento de matricula e o seu condutor dispensado da habilita\u00e7\u00e3o legal para a sua condu\u00e7\u00e3o na via p\u00fablica. (Art\u00ba 112\u00ba. Nr. 3 do C\u00f3digo da Estrada);<\/p>\n<p>&nbsp;<\/p>\n","protected":false},"excerpt":{"rendered":"<p>Neovolt WE-RIDE 60v 250w 0.25kW (Bateria Chumbo) &#8211; Cinzento PVP: 1.099\u20ac IVA inclu\u00eddo. MOBILIDADE EL\u00c9TRICA A WE-RIDE \u00e9 um dispositivo de circula\u00e7\u00e3o com motor el\u00e9trico com um design desportivo que permite deslocar-se de forma r\u00e1pida e eficiente no seu dia-a-dia! Equipada com top case para que n\u00e3o lhe falte nada! \u27a1\ufe0f Isento de matr\u00edcula, n\u00e3o requer carta de condu\u00e7\u00e3o (Art\u00ba 112\u00ba. Nr. 3 do C\u00f3digo da Estrada) \u27a1\ufe0f Oficina para assist\u00eancia e manuten\u00e7\u00e3o \u27a1\ufe0f Garantia ve\u00edculo 36 meses de f\u00e1brica \/ Bateria 6 meses de f\u00e1brica Informa\u00e7\u00e3o: \u2705 Motor 250 Watts (0.25kw) \u2705 Autonomia m\u00e1xima por carga \u00b1 50 kms (em condi\u00e7\u00f5es ideais) \u2705 Travagem de disco \u2705 Bateria Chumbo (\u00e1cido) \u2705 Carregador inclu\u00eddo \u2705 Top case + suporte inclu\u00eddo \u2705 3 Modos de condu\u00e7\u00e3o \u2705 Tomada USB \u2705 Ilumina\u00e7\u00e3o Full LED Observa\u00e7\u00f5es Este ve\u00edculo \u00e9 um dispositivo de circula\u00e7\u00e3o com motor el\u00e9trico com uma pot\u00eancia m\u00e1xima cont\u00ednua de 0,25 kW atingindo uma velocidade m\u00e1xima em patamar de 25 km\/h, e por isso equiparado a veloc\u00edpede, isento de matricula e o seu condutor dispensado da habilita\u00e7\u00e3o legal para a sua condu\u00e7\u00e3o na via p\u00fablica. (Art\u00ba 112\u00ba. Nr. 3 do C\u00f3digo da Estrada); &nbsp;<\/p>\n","protected":false},"featured_media":7688,"template":"","meta":{"ocean_post_layout":"","ocean_both_sidebars_style":"","ocean_both_sidebars_content_width":0,"ocean_both_sidebars_sidebars_width":0,"ocean_sidebar":"0","ocean_second_sidebar":"0","ocean_disable_margins":"enable","ocean_add_body_class":"","ocean_shortcode_before_top_bar":"","ocean_shortcode_after_top_bar":"","ocean_shortcode_before_header":"","ocean_shortcode_after_header":"","ocean_has_shortcode":"","ocean_shortcode_after_title":"","ocean_shortcode_before_footer_widgets":"","ocean_shortcode_after_footer_widgets":"","ocean_shortcode_before_footer_bottom":"","ocean_shortcode_after_footer_bottom":"","ocean_display_top_bar":"default","ocean_display_header":"default","ocean_header_style":"","ocean_center_header_left_menu":"0","ocean_custom_header_template":"0","ocean_custom_logo":0,"ocean_custom_retina_logo":0,"ocean_custom_logo_max_width":0,"ocean_custom_logo_tablet_max_width":0,"ocean_custom_logo_mobile_max_width":0,"ocean_custom_logo_max_height":0,"ocean_custom_logo_tablet_max_height":0,"ocean_custom_logo_mobile_max_height":0,"ocean_header_custom_menu":"0","ocean_menu_typo_font_family":"0","ocean_menu_typo_font_subset":"","ocean_menu_typo_font_size":0,"ocean_menu_typo_font_size_tablet":0,"ocean_menu_typo_font_size_mobile":0,"ocean_menu_typo_font_size_unit":"px","ocean_menu_typo_font_weight":"","ocean_menu_typo_font_weight_tablet":"","ocean_menu_typo_font_weight_mobile":"","ocean_menu_typo_transform":"","ocean_menu_typo_transform_tablet":"","ocean_menu_typo_transform_mobile":"","ocean_menu_typo_line_height":0,"ocean_menu_typo_line_height_tablet":0,"ocean_menu_typo_line_height_mobile":0,"ocean_menu_typo_line_height_unit":"","ocean_menu_typo_spacing":0,"ocean_menu_typo_spacing_tablet":0,"ocean_menu_typo_spacing_mobile":0,"ocean_menu_typo_spacing_unit":"","ocean_menu_link_color":"","ocean_menu_link_color_hover":"","ocean_menu_link_color_active":"","ocean_menu_link_background":"","ocean_menu_link_hover_background":"","ocean_menu_link_active_background":"","ocean_menu_social_links_bg":"","ocean_menu_social_hover_links_bg":"","ocean_menu_social_links_color":"","ocean_menu_social_hover_links_color":"","ocean_disable_title":"default","ocean_disable_heading":"default","ocean_post_title":"","ocean_post_subheading":"","ocean_post_title_style":"","ocean_post_title_background_color":"","ocean_post_title_background":0,"ocean_post_title_bg_image_position":"","ocean_post_title_bg_image_attachment":"","ocean_post_title_bg_image_repeat":"","ocean_post_title_bg_image_size":"","ocean_post_title_height":0,"ocean_post_title_bg_overlay":0.5,"ocean_post_title_bg_overlay_color":"","ocean_disable_breadcrumbs":"default","ocean_breadcrumbs_color":"","ocean_breadcrumbs_separator_color":"","ocean_breadcrumbs_links_color":"","ocean_breadcrumbs_links_hover_color":"","ocean_display_footer_widgets":"default","ocean_display_footer_bottom":"default","ocean_custom_footer_template":"0","omw_enable_modal_window":"enable"},"product_brand":[],"product_cat":[742,801,738],"product_tag":[802],"class_list":{"0":"post-7687","1":"product","2":"type-product","3":"status-publish","4":"has-post-thumbnail","6":"product_cat-ate-125cc","7":"product_cat-mobilidade-eletrica","8":"product_cat-motas-novas","9":"product_tag-neovolt","11":"entry","12":"has-media","14":"first","15":"onbackorder","16":"shipping-taxable","17":"purchasable","18":"product-type-simple","19":"has-product-nav","20":"col","21":"span_1_of_4","22":"owp-content-right","23":"owp-thumbs-layout-horizontal","24":"owp-btn-normal","25":"owp-tabs-layout-horizontal"},"yoast_head":"<!-- This site is optimized with the Yoast SEO plugin v27.3 - https:\/\/yoast.com\/product\/yoast-seo-wordpress\/ -->\n<title>NEOVOLT: WE-RIDE Cinzento - 60V 250W (0.25kW) (Chumbo) Dispositivo de Circula\u00e7ao c\/ Motor Eletrico - P-07 - Moto Leonardo<\/title>\n<meta name=\"robots\" content=\"index, follow, max-snippet:-1, max-image-preview:large, max-video-preview:-1\" \/>\n<link rel=\"canonical\" href=\"https:\/\/motoleonardo.com\/?product=neovolt-we-ride-cinzento-60v-250w-0-25kw-chumbo-dispositivo-de-circulacao-c-motor-eletrico-kk-s1\" \/>\n<meta property=\"og:locale\" content=\"pt_PT\" \/>\n<meta property=\"og:type\" content=\"article\" \/>\n<meta property=\"og:title\" content=\"NEOVOLT: WE-RIDE Cinzento - 60V 250W (0.25kW) (Chumbo) Dispositivo de Circula\u00e7ao c\/ Motor Eletrico - P-07 - Moto Leonardo\" \/>\n<meta property=\"og:description\" content=\"Neovolt WE-RIDE 60v 250w 0.25kW (Bateria Chumbo) &#8211; Cinzento PVP: 1.099\u20ac IVA inclu\u00eddo. MOBILIDADE EL\u00c9TRICA A WE-RIDE \u00e9 um dispositivo de circula\u00e7\u00e3o com motor el\u00e9trico com um design desportivo que permite deslocar-se de forma r\u00e1pida e eficiente no seu dia-a-dia! Equipada com top case para que n\u00e3o lhe falte nada! \u27a1\ufe0f Isento de matr\u00edcula, n\u00e3o requer carta de condu\u00e7\u00e3o (Art\u00ba 112\u00ba. Nr. 3 do C\u00f3digo da Estrada) \u27a1\ufe0f Oficina para assist\u00eancia e manuten\u00e7\u00e3o \u27a1\ufe0f Garantia ve\u00edculo 36 meses de f\u00e1brica \/ Bateria 6 meses de f\u00e1brica Informa\u00e7\u00e3o: \u2705 Motor 250 Watts (0.25kw) \u2705 Autonomia m\u00e1xima por carga \u00b1 50 kms (em condi\u00e7\u00f5es ideais) \u2705 Travagem de disco \u2705 Bateria Chumbo (\u00e1cido) \u2705 Carregador inclu\u00eddo \u2705 Top case + suporte inclu\u00eddo \u2705 3 Modos de condu\u00e7\u00e3o \u2705 Tomada USB \u2705 Ilumina\u00e7\u00e3o Full LED Observa\u00e7\u00f5es Este ve\u00edculo \u00e9 um dispositivo de circula\u00e7\u00e3o com motor el\u00e9trico com uma pot\u00eancia m\u00e1xima cont\u00ednua de 0,25 kW atingindo uma velocidade m\u00e1xima em patamar de 25 km\/h, e por isso equiparado a veloc\u00edpede, isento de matricula e o seu condutor dispensado da habilita\u00e7\u00e3o legal para a sua condu\u00e7\u00e3o na via p\u00fablica. (Art\u00ba 112\u00ba. Nr. 3 do C\u00f3digo da Estrada); &nbsp;\" \/>\n<meta property=\"og:url\" content=\"https:\/\/motoleonardo.com\/?product=neovolt-we-ride-cinzento-60v-250w-0-25kw-chumbo-dispositivo-de-circulacao-c-motor-eletrico-kk-s1\" \/>\n<meta property=\"og:site_name\" content=\"Moto Leonardo\" \/>\n<meta property=\"article:publisher\" content=\"https:\/\/www.facebook.com\/motoleonardopt\" \/>\n<meta property=\"article:modified_time\" content=\"2025-10-09T08:58:05+00:00\" \/>\n<meta property=\"og:image\" content=\"https:\/\/i0.wp.com\/motoleonardo.com\/wp-content\/uploads\/2025\/04\/we-ride-1.png?fit=1000%2C1000&ssl=1\" \/>\n\t<meta property=\"og:image:width\" content=\"1000\" \/>\n\t<meta property=\"og:image:height\" content=\"1000\" \/>\n\t<meta property=\"og:image:type\" content=\"image\/png\" \/>\n<meta name=\"twitter:card\" content=\"summary_large_image\" \/>\n<meta name=\"twitter:label1\" content=\"Tempo estimado de leitura\" \/>\n\t<meta name=\"twitter:data1\" content=\"1 minuto\" \/>\n<script type=\"application\/ld+json\" class=\"yoast-schema-graph\">{\"@context\":\"https:\\\/\\\/schema.org\",\"@graph\":[{\"@type\":\"WebPage\",\"@id\":\"https:\\\/\\\/motoleonardo.com\\\/?product=neovolt-we-ride-cinzento-60v-250w-0-25kw-chumbo-dispositivo-de-circulacao-c-motor-eletrico-kk-s1\",\"url\":\"https:\\\/\\\/motoleonardo.com\\\/?product=neovolt-we-ride-cinzento-60v-250w-0-25kw-chumbo-dispositivo-de-circulacao-c-motor-eletrico-kk-s1\",\"name\":\"NEOVOLT: WE-RIDE Cinzento - 60V 250W (0.25kW) (Chumbo) Dispositivo de Circula\u00e7ao c\\\/ Motor Eletrico - P-07 - Moto Leonardo\",\"isPartOf\":{\"@id\":\"https:\\\/\\\/motoleonardo.com\\\/#website\"},\"primaryImageOfPage\":{\"@id\":\"https:\\\/\\\/motoleonardo.com\\\/?product=neovolt-we-ride-cinzento-60v-250w-0-25kw-chumbo-dispositivo-de-circulacao-c-motor-eletrico-kk-s1#primaryimage\"},\"image\":{\"@id\":\"https:\\\/\\\/motoleonardo.com\\\/?product=neovolt-we-ride-cinzento-60v-250w-0-25kw-chumbo-dispositivo-de-circulacao-c-motor-eletrico-kk-s1#primaryimage\"},\"thumbnailUrl\":\"https:\\\/\\\/i0.wp.com\\\/motoleonardo.com\\\/wp-content\\\/uploads\\\/2025\\\/04\\\/we-ride-1.png?fit=1000%2C1000&ssl=1\",\"datePublished\":\"2025-04-29T09:55:11+00:00\",\"dateModified\":\"2025-10-09T08:58:05+00:00\",\"breadcrumb\":{\"@id\":\"https:\\\/\\\/motoleonardo.com\\\/?product=neovolt-we-ride-cinzento-60v-250w-0-25kw-chumbo-dispositivo-de-circulacao-c-motor-eletrico-kk-s1#breadcrumb\"},\"inLanguage\":\"pt-PT\",\"potentialAction\":[{\"@type\":\"ReadAction\",\"target\":[\"https:\\\/\\\/motoleonardo.com\\\/?product=neovolt-we-ride-cinzento-60v-250w-0-25kw-chumbo-dispositivo-de-circulacao-c-motor-eletrico-kk-s1\"]}]},{\"@type\":\"ImageObject\",\"inLanguage\":\"pt-PT\",\"@id\":\"https:\\\/\\\/motoleonardo.com\\\/?product=neovolt-we-ride-cinzento-60v-250w-0-25kw-chumbo-dispositivo-de-circulacao-c-motor-eletrico-kk-s1#primaryimage\",\"url\":\"https:\\\/\\\/i0.wp.com\\\/motoleonardo.com\\\/wp-content\\\/uploads\\\/2025\\\/04\\\/we-ride-1.png?fit=1000%2C1000&ssl=1\",\"contentUrl\":\"https:\\\/\\\/i0.wp.com\\\/motoleonardo.com\\\/wp-content\\\/uploads\\\/2025\\\/04\\\/we-ride-1.png?fit=1000%2C1000&ssl=1\",\"width\":1000,\"height\":1000},{\"@type\":\"BreadcrumbList\",\"@id\":\"https:\\\/\\\/motoleonardo.com\\\/?product=neovolt-we-ride-cinzento-60v-250w-0-25kw-chumbo-dispositivo-de-circulacao-c-motor-eletrico-kk-s1#breadcrumb\",\"itemListElement\":[{\"@type\":\"ListItem\",\"position\":1,\"name\":\"In\u00edcio\",\"item\":\"https:\\\/\\\/motoleonardo.com\\\/\"},{\"@type\":\"ListItem\",\"position\":2,\"name\":\"Todas Categorias\",\"item\":\"https:\\\/\\\/motoleonardo.com\\\/?page_id=252\"},{\"@type\":\"ListItem\",\"position\":3,\"name\":\"NEOVOLT: WE-RIDE Cinzento &#8211; 60V 250W (0.25kW) (Chumbo) Dispositivo de Circula\u00e7ao c\\\/ Motor Eletrico &#8211; P-07\"}]},{\"@type\":\"WebSite\",\"@id\":\"https:\\\/\\\/motoleonardo.com\\\/#website\",\"url\":\"https:\\\/\\\/motoleonardo.com\\\/\",\"name\":\"Moto Leonardo\",\"description\":\"Motas Novas e Usadas - Oficina Multimarcas - Pe\u00e7as, Acess\u00f3rios e Equipamento\",\"publisher\":{\"@id\":\"https:\\\/\\\/motoleonardo.com\\\/#organization\"},\"potentialAction\":[{\"@type\":\"SearchAction\",\"target\":{\"@type\":\"EntryPoint\",\"urlTemplate\":\"https:\\\/\\\/motoleonardo.com\\\/?s={search_term_string}\"},\"query-input\":{\"@type\":\"PropertyValueSpecification\",\"valueRequired\":true,\"valueName\":\"search_term_string\"}}],\"inLanguage\":\"pt-PT\"},{\"@type\":\"Organization\",\"@id\":\"https:\\\/\\\/motoleonardo.com\\\/#organization\",\"name\":\"Moto Leonardo\",\"url\":\"https:\\\/\\\/motoleonardo.com\\\/\",\"logo\":{\"@type\":\"ImageObject\",\"inLanguage\":\"pt-PT\",\"@id\":\"https:\\\/\\\/motoleonardo.com\\\/#\\\/schema\\\/logo\\\/image\\\/\",\"url\":\"https:\\\/\\\/i0.wp.com\\\/motoleonardo.com\\\/wp-content\\\/uploads\\\/2022\\\/10\\\/cropped-Professional-Initial-Letter-Typography-Logo.png?fit=512%2C512&ssl=1\",\"contentUrl\":\"https:\\\/\\\/i0.wp.com\\\/motoleonardo.com\\\/wp-content\\\/uploads\\\/2022\\\/10\\\/cropped-Professional-Initial-Letter-Typography-Logo.png?fit=512%2C512&ssl=1\",\"width\":512,\"height\":512,\"caption\":\"Moto Leonardo\"},\"image\":{\"@id\":\"https:\\\/\\\/motoleonardo.com\\\/#\\\/schema\\\/logo\\\/image\\\/\"},\"sameAs\":[\"https:\\\/\\\/www.facebook.com\\\/motoleonardopt\",\"https:\\\/\\\/www.instagram.com\\\/moto_leonardo\\\/\"]}]}<\/script>\n<!-- \/ Yoast SEO plugin. -->","yoast_head_json":{"title":"NEOVOLT: WE-RIDE Cinzento - 60V 250W (0.25kW) (Chumbo) Dispositivo de Circula\u00e7ao c\/ Motor Eletrico - P-07 - Moto Leonardo","robots":{"index":"index","follow":"follow","max-snippet":"max-snippet:-1","max-image-preview":"max-image-preview:large","max-video-preview":"max-video-preview:-1"},"canonical":"https:\/\/motoleonardo.com\/?product=neovolt-we-ride-cinzento-60v-250w-0-25kw-chumbo-dispositivo-de-circulacao-c-motor-eletrico-kk-s1","og_locale":"pt_PT","og_type":"article","og_title":"NEOVOLT: WE-RIDE Cinzento - 60V 250W (0.25kW) (Chumbo) Dispositivo de Circula\u00e7ao c\/ Motor Eletrico - P-07 - Moto Leonardo","og_description":"Neovolt WE-RIDE 60v 250w 0.25kW (Bateria Chumbo) &#8211; Cinzento PVP: 1.099\u20ac IVA inclu\u00eddo. MOBILIDADE EL\u00c9TRICA A WE-RIDE \u00e9 um dispositivo de circula\u00e7\u00e3o com motor el\u00e9trico com um design desportivo que permite deslocar-se de forma r\u00e1pida e eficiente no seu dia-a-dia! Equipada com top case para que n\u00e3o lhe falte nada! \u27a1\ufe0f Isento de matr\u00edcula, n\u00e3o requer carta de condu\u00e7\u00e3o (Art\u00ba 112\u00ba. Nr. 3 do C\u00f3digo da Estrada) \u27a1\ufe0f Oficina para assist\u00eancia e manuten\u00e7\u00e3o \u27a1\ufe0f Garantia ve\u00edculo 36 meses de f\u00e1brica \/ Bateria 6 meses de f\u00e1brica Informa\u00e7\u00e3o: \u2705 Motor 250 Watts (0.25kw) \u2705 Autonomia m\u00e1xima por carga \u00b1 50 kms (em condi\u00e7\u00f5es ideais) \u2705 Travagem de disco \u2705 Bateria Chumbo (\u00e1cido) \u2705 Carregador inclu\u00eddo \u2705 Top case + suporte inclu\u00eddo \u2705 3 Modos de condu\u00e7\u00e3o \u2705 Tomada USB \u2705 Ilumina\u00e7\u00e3o Full LED Observa\u00e7\u00f5es Este ve\u00edculo \u00e9 um dispositivo de circula\u00e7\u00e3o com motor el\u00e9trico com uma pot\u00eancia m\u00e1xima cont\u00ednua de 0,25 kW atingindo uma velocidade m\u00e1xima em patamar de 25 km\/h, e por isso equiparado a veloc\u00edpede, isento de matricula e o seu condutor dispensado da habilita\u00e7\u00e3o legal para a sua condu\u00e7\u00e3o na via p\u00fablica. (Art\u00ba 112\u00ba. Nr. 3 do C\u00f3digo da Estrada); &nbsp;","og_url":"https:\/\/motoleonardo.com\/?product=neovolt-we-ride-cinzento-60v-250w-0-25kw-chumbo-dispositivo-de-circulacao-c-motor-eletrico-kk-s1","og_site_name":"Moto Leonardo","article_publisher":"https:\/\/www.facebook.com\/motoleonardopt","article_modified_time":"2025-10-09T08:58:05+00:00","og_image":[{"width":1000,"height":1000,"url":"https:\/\/i0.wp.com\/motoleonardo.com\/wp-content\/uploads\/2025\/04\/we-ride-1.png?fit=1000%2C1000&ssl=1","type":"image\/png"}],"twitter_card":"summary_large_image","twitter_misc":{"Tempo estimado de leitura":"1 minuto"},"schema":{"@context":"https:\/\/schema.org","@graph":[{"@type":"WebPage","@id":"https:\/\/motoleonardo.com\/?product=neovolt-we-ride-cinzento-60v-250w-0-25kw-chumbo-dispositivo-de-circulacao-c-motor-eletrico-kk-s1","url":"https:\/\/motoleonardo.com\/?product=neovolt-we-ride-cinzento-60v-250w-0-25kw-chumbo-dispositivo-de-circulacao-c-motor-eletrico-kk-s1","name":"NEOVOLT: WE-RIDE Cinzento - 60V 250W (0.25kW) (Chumbo) Dispositivo de Circula\u00e7ao c\/ Motor Eletrico - P-07 - Moto Leonardo","isPartOf":{"@id":"https:\/\/motoleonardo.com\/#website"},"primaryImageOfPage":{"@id":"https:\/\/motoleonardo.com\/?product=neovolt-we-ride-cinzento-60v-250w-0-25kw-chumbo-dispositivo-de-circulacao-c-motor-eletrico-kk-s1#primaryimage"},"image":{"@id":"https:\/\/motoleonardo.com\/?product=neovolt-we-ride-cinzento-60v-250w-0-25kw-chumbo-dispositivo-de-circulacao-c-motor-eletrico-kk-s1#primaryimage"},"thumbnailUrl":"https:\/\/i0.wp.com\/motoleonardo.com\/wp-content\/uploads\/2025\/04\/we-ride-1.png?fit=1000%2C1000&ssl=1","datePublished":"2025-04-29T09:55:11+00:00","dateModified":"2025-10-09T08:58:05+00:00","breadcrumb":{"@id":"https:\/\/motoleonardo.com\/?product=neovolt-we-ride-cinzento-60v-250w-0-25kw-chumbo-dispositivo-de-circulacao-c-motor-eletrico-kk-s1#breadcrumb"},"inLanguage":"pt-PT","potentialAction":[{"@type":"ReadAction","target":["https:\/\/motoleonardo.com\/?product=neovolt-we-ride-cinzento-60v-250w-0-25kw-chumbo-dispositivo-de-circulacao-c-motor-eletrico-kk-s1"]}]},{"@type":"ImageObject","inLanguage":"pt-PT","@id":"https:\/\/motoleonardo.com\/?product=neovolt-we-ride-cinzento-60v-250w-0-25kw-chumbo-dispositivo-de-circulacao-c-motor-eletrico-kk-s1#primaryimage","url":"https:\/\/i0.wp.com\/motoleonardo.com\/wp-content\/uploads\/2025\/04\/we-ride-1.png?fit=1000%2C1000&ssl=1","contentUrl":"https:\/\/i0.wp.com\/motoleonardo.com\/wp-content\/uploads\/2025\/04\/we-ride-1.png?fit=1000%2C1000&ssl=1","width":1000,"height":1000},{"@type":"BreadcrumbList","@id":"https:\/\/motoleonardo.com\/?product=neovolt-we-ride-cinzento-60v-250w-0-25kw-chumbo-dispositivo-de-circulacao-c-motor-eletrico-kk-s1#breadcrumb","itemListElement":[{"@type":"ListItem","position":1,"name":"In\u00edcio","item":"https:\/\/motoleonardo.com\/"},{"@type":"ListItem","position":2,"name":"Todas Categorias","item":"https:\/\/motoleonardo.com\/?page_id=252"},{"@type":"ListItem","position":3,"name":"NEOVOLT: WE-RIDE Cinzento &#8211; 60V 250W (0.25kW) (Chumbo) Dispositivo de Circula\u00e7ao c\/ Motor Eletrico &#8211; P-07"}]},{"@type":"WebSite","@id":"https:\/\/motoleonardo.com\/#website","url":"https:\/\/motoleonardo.com\/","name":"Moto Leonardo","description":"Motas Novas e Usadas - Oficina Multimarcas - Pe\u00e7as, Acess\u00f3rios e Equipamento","publisher":{"@id":"https:\/\/motoleonardo.com\/#organization"},"potentialAction":[{"@type":"SearchAction","target":{"@type":"EntryPoint","urlTemplate":"https:\/\/motoleonardo.com\/?s={search_term_string}"},"query-input":{"@type":"PropertyValueSpecification","valueRequired":true,"valueName":"search_term_string"}}],"inLanguage":"pt-PT"},{"@type":"Organization","@id":"https:\/\/motoleonardo.com\/#organization","name":"Moto Leonardo","url":"https:\/\/motoleonardo.com\/","logo":{"@type":"ImageObject","inLanguage":"pt-PT","@id":"https:\/\/motoleonardo.com\/#\/schema\/logo\/image\/","url":"https:\/\/i0.wp.com\/motoleonardo.com\/wp-content\/uploads\/2022\/10\/cropped-Professional-Initial-Letter-Typography-Logo.png?fit=512%2C512&ssl=1","contentUrl":"https:\/\/i0.wp.com\/motoleonardo.com\/wp-content\/uploads\/2022\/10\/cropped-Professional-Initial-Letter-Typography-Logo.png?fit=512%2C512&ssl=1","width":512,"height":512,"caption":"Moto Leonardo"},"image":{"@id":"https:\/\/motoleonardo.com\/#\/schema\/logo\/image\/"},"sameAs":["https:\/\/www.facebook.com\/motoleonardopt","https:\/\/www.instagram.com\/moto_leonardo\/"]}]}},"jetpack_sharing_enabled":true,"_links":{"self":[{"href":"https:\/\/motoleonardo.com\/index.php?rest_route=\/wp\/v2\/product\/7687","targetHints":{"allow":["GET"]}}],"collection":[{"href":"https:\/\/motoleonardo.com\/index.php?rest_route=\/wp\/v2\/product"}],"about":[{"href":"https:\/\/motoleonardo.com\/index.php?rest_route=\/wp\/v2\/types\/product"}],"wp:featuredmedia":[{"embeddable":true,"href":"https:\/\/motoleonardo.com\/index.php?rest_route=\/wp\/v2\/media\/7688"}],"wp:attachment":[{"href":"https:\/\/motoleonardo.com\/index.php?rest_route=%2Fwp%2Fv2%2Fmedia&parent=7687"}],"wp:term":[{"taxonomy":"product_brand","embeddable":true,"href":"https:\/\/motoleonardo.com\/index.php?rest_route=%2Fwp%2Fv2%2Fproduct_brand&post=7687"},{"taxonomy":"product_cat","embeddable":true,"href":"https:\/\/motoleonardo.com\/index.php?rest_route=%2Fwp%2Fv2%2Fproduct_cat&post=7687"},{"taxonomy":"product_tag","embeddable":true,"href":"https:\/\/motoleonardo.com\/index.php?rest_route=%2Fwp%2Fv2%2Fproduct_tag&post=7687"}],"curies":[{"name":"wp","href":"https:\/\/api.w.org\/{rel}","templated":true}]}}