{"id":7746,"date":"2025-05-02T21:17:13","date_gmt":"2025-05-02T21:17:13","guid":{"rendered":"https:\/\/motoleonardo.com\/?post_type=product&#038;p=7746"},"modified":"2026-03-24T20:08:03","modified_gmt":"2026-03-24T20:08:03","slug":"mitt-125-max-t-azul","status":"publish","type":"product","link":"https:\/\/motoleonardo.com\/?product=mitt-125-max-t-azul","title":{"rendered":"Mitt 125 MAX-T"},"content":{"rendered":"<p><strong>MITT 125 MAX-T &#8211; Cinza<\/strong><br \/>\n<strong>PVP:<\/strong> 2.990\u20ac<br \/>\nIVA inclu\u00eddo. Acresce Documenta\u00e7\u00e3o, Transporte, ISV e IUC.<\/p>\n<p><strong>MAX-T &#8211; MAXIMIZA O TEU DIA-A-DIA<\/strong><\/p>\n<p>\u27a1\ufe0f\u00a0Carta de Carro B com igual ou superior a 25 anos de idade ou carta A1<br \/>\n\u27a1\ufe0f\u00a0Possibilidade de financiamento<br \/>\n\u27a1\ufe0f\u00a0Entrega em casa<br \/>\n\u27a1\ufe0f\u00a0Oficina para assist\u00eancia e manuten\u00e7\u00e3o<br \/>\n\u27a1\ufe0f\u00a0Garantia 36 meses de f\u00e1brica<\/p>\n<p>Informa\u00e7\u00e3o:<br \/>\n\u2705 TFT de 7 polegadas totalmente digital, equipado com GPS integrado e fun\u00e7\u00e3o Mirror Link<br \/>\n\u2705 Motor 14cv de refrigera\u00e7\u00e3o l\u00edquida<br \/>\n\u2705 Travagem disco frente e atr\u00e1s<br \/>\n\u2705 ABS nas duas rodas<br \/>\n\u2705 TCS (Controlo de tra\u00e7\u00e3o)<br \/>\n\u2705 Sistema de chave\u00a0Keyless<br \/>\n\u2705 Ilumina\u00e7\u00e3o Full LED<br \/>\n\u2705 Porta USB<br \/>\n\u2705 Para-brisas alto escurecido inclu\u00eddo<br \/>\n\u2705 Top case inclu\u00eddo<\/p>\n<p>Uma scooter que combina design moderno, elevada tecnologia e um pre\u00e7o altamente competitivo, posicionando-se como uma das melhores propostas do mercado.<\/p>\n<p>Com um painel TFT de 7 polegadas totalmente digital, equipado com GPS integrado e fun\u00e7\u00e3o Mirror Link, Full LED e o sistema keyless garante praticidade no dia a dia, permitindo ligar a scooter sem necessidade de chave f\u00edsica.<\/p>\n<p>A pensar na seguran\u00e7a, a Max-T oferece ABS \u00e0s duas rodas e controlo de tra\u00e7\u00e3o, algo raro nesta categoria, aumentando a confian\u00e7a em todas as condi\u00e7\u00f5es de ader\u00eancia.<\/p>\n<p>\u200bJ\u00e1 o vidro frontal alto assegura uma excelente prote\u00e7\u00e3o aerodin\u00e2mica e o assento de baixa altura facilita a condu\u00e7\u00e3o para todos os tipos de utilizadores. Para completar, a Mitt oferece de s\u00e9rie uma top case, ampliando a capacidade de carga sem custos adicionais.<\/p>\n","protected":false},"excerpt":{"rendered":"<p>MITT 125 MAX-T &#8211; Cinza PVP: 2.990\u20ac IVA inclu\u00eddo. Acresce Documenta\u00e7\u00e3o, Transporte, ISV e IUC. MAX-T &#8211; MAXIMIZA O TEU DIA-A-DIA \u27a1\ufe0f\u00a0Carta de Carro B com igual ou superior a 25 anos de idade ou carta A1 \u27a1\ufe0f\u00a0Possibilidade de financiamento \u27a1\ufe0f\u00a0Entrega em casa \u27a1\ufe0f\u00a0Oficina para assist\u00eancia e manuten\u00e7\u00e3o \u27a1\ufe0f\u00a0Garantia 36 meses de f\u00e1brica Informa\u00e7\u00e3o: \u2705 TFT de 7 polegadas totalmente digital, equipado com GPS integrado e fun\u00e7\u00e3o Mirror Link \u2705 Motor 14cv de refrigera\u00e7\u00e3o l\u00edquida \u2705 Travagem disco frente e atr\u00e1s \u2705 ABS nas duas rodas \u2705 TCS (Controlo de tra\u00e7\u00e3o) \u2705 Sistema de chave\u00a0Keyless \u2705 Ilumina\u00e7\u00e3o Full LED \u2705 Porta USB \u2705 Para-brisas alto escurecido inclu\u00eddo \u2705 Top case inclu\u00eddo Uma scooter que combina design moderno, elevada tecnologia e um pre\u00e7o altamente competitivo, posicionando-se como uma das melhores propostas do mercado. Com um painel TFT de 7 polegadas totalmente digital, equipado com GPS integrado e fun\u00e7\u00e3o Mirror Link, Full LED e o sistema keyless garante praticidade no dia a dia, permitindo ligar a scooter sem necessidade de chave f\u00edsica. A pensar na seguran\u00e7a, a Max-T oferece ABS \u00e0s duas rodas e controlo de tra\u00e7\u00e3o, algo raro nesta categoria, aumentando a confian\u00e7a em todas as condi\u00e7\u00f5es de ader\u00eancia. \u200bJ\u00e1 o vidro frontal alto assegura uma excelente prote\u00e7\u00e3o aerodin\u00e2mica e o assento de baixa altura facilita a condu\u00e7\u00e3o para todos os tipos de utilizadores. Para completar, a Mitt oferece de s\u00e9rie uma top case, ampliando a capacidade de carga sem custos adicionais.<\/p>\n","protected":false},"featured_media":7965,"template":"","meta":{"ocean_post_layout":"","ocean_both_sidebars_style":"","ocean_both_sidebars_content_width":0,"ocean_both_sidebars_sidebars_width":0,"ocean_sidebar":"0","ocean_second_sidebar":"0","ocean_disable_margins":"enable","ocean_add_body_class":"","ocean_shortcode_before_top_bar":"","ocean_shortcode_after_top_bar":"","ocean_shortcode_before_header":"","ocean_shortcode_after_header":"","ocean_has_shortcode":"","ocean_shortcode_after_title":"","ocean_shortcode_before_footer_widgets":"","ocean_shortcode_after_footer_widgets":"","ocean_shortcode_before_footer_bottom":"","ocean_shortcode_after_footer_bottom":"","ocean_display_top_bar":"default","ocean_display_header":"default","ocean_header_style":"","ocean_center_header_left_menu":"0","ocean_custom_header_template":"0","ocean_custom_logo":0,"ocean_custom_retina_logo":0,"ocean_custom_logo_max_width":0,"ocean_custom_logo_tablet_max_width":0,"ocean_custom_logo_mobile_max_width":0,"ocean_custom_logo_max_height":0,"ocean_custom_logo_tablet_max_height":0,"ocean_custom_logo_mobile_max_height":0,"ocean_header_custom_menu":"0","ocean_menu_typo_font_family":"0","ocean_menu_typo_font_subset":"","ocean_menu_typo_font_size":0,"ocean_menu_typo_font_size_tablet":0,"ocean_menu_typo_font_size_mobile":0,"ocean_menu_typo_font_size_unit":"px","ocean_menu_typo_font_weight":"","ocean_menu_typo_font_weight_tablet":"","ocean_menu_typo_font_weight_mobile":"","ocean_menu_typo_transform":"","ocean_menu_typo_transform_tablet":"","ocean_menu_typo_transform_mobile":"","ocean_menu_typo_line_height":0,"ocean_menu_typo_line_height_tablet":0,"ocean_menu_typo_line_height_mobile":0,"ocean_menu_typo_line_height_unit":"","ocean_menu_typo_spacing":0,"ocean_menu_typo_spacing_tablet":0,"ocean_menu_typo_spacing_mobile":0,"ocean_menu_typo_spacing_unit":"","ocean_menu_link_color":"","ocean_menu_link_color_hover":"","ocean_menu_link_color_active":"","ocean_menu_link_background":"","ocean_menu_link_hover_background":"","ocean_menu_link_active_background":"","ocean_menu_social_links_bg":"","ocean_menu_social_hover_links_bg":"","ocean_menu_social_links_color":"","ocean_menu_social_hover_links_color":"","ocean_disable_title":"default","ocean_disable_heading":"default","ocean_post_title":"","ocean_post_subheading":"","ocean_post_title_style":"","ocean_post_title_background_color":"","ocean_post_title_background":0,"ocean_post_title_bg_image_position":"","ocean_post_title_bg_image_attachment":"","ocean_post_title_bg_image_repeat":"","ocean_post_title_bg_image_size":"","ocean_post_title_height":0,"ocean_post_title_bg_overlay":0.5,"ocean_post_title_bg_overlay_color":"","ocean_disable_breadcrumbs":"default","ocean_breadcrumbs_color":"","ocean_breadcrumbs_separator_color":"","ocean_breadcrumbs_links_color":"","ocean_breadcrumbs_links_hover_color":"","ocean_display_footer_widgets":"default","ocean_display_footer_bottom":"default","ocean_custom_footer_template":"0","omw_enable_modal_window":"enable"},"product_brand":[],"product_cat":[742,741,738],"product_tag":[788],"class_list":{"0":"post-7746","1":"product","2":"type-product","3":"status-publish","4":"has-post-thumbnail","6":"product_cat-ate-125cc","7":"product_cat-mitt","8":"product_cat-motas-novas","9":"product_tag-mitt-motorcycles","11":"entry","12":"has-media","14":"first","15":"onbackorder","16":"shipping-taxable","17":"purchasable","18":"product-type-simple","19":"has-product-nav","20":"col","21":"span_1_of_4","22":"owp-content-right","23":"owp-thumbs-layout-horizontal","24":"owp-btn-normal","25":"owp-tabs-layout-horizontal"},"yoast_head":"<!-- This site is optimized with the Yoast SEO plugin v27.4 - https:\/\/yoast.com\/product\/yoast-seo-wordpress\/ -->\n<title>Mitt 125 MAX-T - Moto Leonardo<\/title>\n<meta name=\"robots\" content=\"index, follow, max-snippet:-1, max-image-preview:large, max-video-preview:-1\" \/>\n<link rel=\"canonical\" href=\"https:\/\/motoleonardo.com\/?product=mitt-125-max-t-azul\" \/>\n<meta property=\"og:locale\" content=\"pt_PT\" \/>\n<meta property=\"og:type\" content=\"article\" \/>\n<meta property=\"og:title\" content=\"Mitt 125 MAX-T - Moto Leonardo\" \/>\n<meta property=\"og:description\" content=\"MITT 125 MAX-T &#8211; Cinza PVP: 2.990\u20ac IVA inclu\u00eddo. Acresce Documenta\u00e7\u00e3o, Transporte, ISV e IUC. MAX-T &#8211; MAXIMIZA O TEU DIA-A-DIA \u27a1\ufe0f\u00a0Carta de Carro B com igual ou superior a 25 anos de idade ou carta A1 \u27a1\ufe0f\u00a0Possibilidade de financiamento \u27a1\ufe0f\u00a0Entrega em casa \u27a1\ufe0f\u00a0Oficina para assist\u00eancia e manuten\u00e7\u00e3o \u27a1\ufe0f\u00a0Garantia 36 meses de f\u00e1brica Informa\u00e7\u00e3o: \u2705 TFT de 7 polegadas totalmente digital, equipado com GPS integrado e fun\u00e7\u00e3o Mirror Link \u2705 Motor 14cv de refrigera\u00e7\u00e3o l\u00edquida \u2705 Travagem disco frente e atr\u00e1s \u2705 ABS nas duas rodas \u2705 TCS (Controlo de tra\u00e7\u00e3o) \u2705 Sistema de chave\u00a0Keyless \u2705 Ilumina\u00e7\u00e3o Full LED \u2705 Porta USB \u2705 Para-brisas alto escurecido inclu\u00eddo \u2705 Top case inclu\u00eddo Uma scooter que combina design moderno, elevada tecnologia e um pre\u00e7o altamente competitivo, posicionando-se como uma das melhores propostas do mercado. Com um painel TFT de 7 polegadas totalmente digital, equipado com GPS integrado e fun\u00e7\u00e3o Mirror Link, Full LED e o sistema keyless garante praticidade no dia a dia, permitindo ligar a scooter sem necessidade de chave f\u00edsica. A pensar na seguran\u00e7a, a Max-T oferece ABS \u00e0s duas rodas e controlo de tra\u00e7\u00e3o, algo raro nesta categoria, aumentando a confian\u00e7a em todas as condi\u00e7\u00f5es de ader\u00eancia. \u200bJ\u00e1 o vidro frontal alto assegura uma excelente prote\u00e7\u00e3o aerodin\u00e2mica e o assento de baixa altura facilita a condu\u00e7\u00e3o para todos os tipos de utilizadores. Para completar, a Mitt oferece de s\u00e9rie uma top case, ampliando a capacidade de carga sem custos adicionais.\" \/>\n<meta property=\"og:url\" content=\"https:\/\/motoleonardo.com\/?product=mitt-125-max-t-azul\" \/>\n<meta property=\"og:site_name\" content=\"Moto Leonardo\" \/>\n<meta property=\"article:publisher\" content=\"https:\/\/www.facebook.com\/motoleonardopt\" \/>\n<meta property=\"article:modified_time\" content=\"2026-03-24T20:08:03+00:00\" \/>\n<meta property=\"og:image\" content=\"https:\/\/motoleonardo.com\/wp-content\/uploads\/2025\/05\/mittmaxt1-cinza-1.png\" \/>\n\t<meta property=\"og:image:width\" content=\"899\" \/>\n\t<meta property=\"og:image:height\" content=\"597\" \/>\n\t<meta property=\"og:image:type\" content=\"image\/png\" \/>\n<meta name=\"twitter:card\" content=\"summary_large_image\" \/>\n<meta name=\"twitter:label1\" content=\"Tempo estimado de leitura\" \/>\n\t<meta name=\"twitter:data1\" content=\"2 minutos\" \/>\n<script type=\"application\/ld+json\" class=\"yoast-schema-graph\">{\"@context\":\"https:\\\/\\\/schema.org\",\"@graph\":[{\"@type\":\"WebPage\",\"@id\":\"https:\\\/\\\/motoleonardo.com\\\/?product=mitt-125-max-t-azul\",\"url\":\"https:\\\/\\\/motoleonardo.com\\\/?product=mitt-125-max-t-azul\",\"name\":\"Mitt 125 MAX-T - Moto Leonardo\",\"isPartOf\":{\"@id\":\"https:\\\/\\\/motoleonardo.com\\\/#website\"},\"primaryImageOfPage\":{\"@id\":\"https:\\\/\\\/motoleonardo.com\\\/?product=mitt-125-max-t-azul#primaryimage\"},\"image\":{\"@id\":\"https:\\\/\\\/motoleonardo.com\\\/?product=mitt-125-max-t-azul#primaryimage\"},\"thumbnailUrl\":\"https:\\\/\\\/i0.wp.com\\\/motoleonardo.com\\\/wp-content\\\/uploads\\\/2025\\\/05\\\/mittmaxt1-cinza-1.png?fit=899%2C597&ssl=1\",\"datePublished\":\"2025-05-02T21:17:13+00:00\",\"dateModified\":\"2026-03-24T20:08:03+00:00\",\"breadcrumb\":{\"@id\":\"https:\\\/\\\/motoleonardo.com\\\/?product=mitt-125-max-t-azul#breadcrumb\"},\"inLanguage\":\"pt-PT\",\"potentialAction\":[{\"@type\":\"ReadAction\",\"target\":[\"https:\\\/\\\/motoleonardo.com\\\/?product=mitt-125-max-t-azul\"]}]},{\"@type\":\"ImageObject\",\"inLanguage\":\"pt-PT\",\"@id\":\"https:\\\/\\\/motoleonardo.com\\\/?product=mitt-125-max-t-azul#primaryimage\",\"url\":\"https:\\\/\\\/i0.wp.com\\\/motoleonardo.com\\\/wp-content\\\/uploads\\\/2025\\\/05\\\/mittmaxt1-cinza-1.png?fit=899%2C597&ssl=1\",\"contentUrl\":\"https:\\\/\\\/i0.wp.com\\\/motoleonardo.com\\\/wp-content\\\/uploads\\\/2025\\\/05\\\/mittmaxt1-cinza-1.png?fit=899%2C597&ssl=1\",\"width\":899,\"height\":597},{\"@type\":\"BreadcrumbList\",\"@id\":\"https:\\\/\\\/motoleonardo.com\\\/?product=mitt-125-max-t-azul#breadcrumb\",\"itemListElement\":[{\"@type\":\"ListItem\",\"position\":1,\"name\":\"In\u00edcio\",\"item\":\"https:\\\/\\\/motoleonardo.com\\\/\"},{\"@type\":\"ListItem\",\"position\":2,\"name\":\"Todas Categorias\",\"item\":\"https:\\\/\\\/motoleonardo.com\\\/?page_id=252\"},{\"@type\":\"ListItem\",\"position\":3,\"name\":\"Mitt 125 MAX-T\"}]},{\"@type\":\"WebSite\",\"@id\":\"https:\\\/\\\/motoleonardo.com\\\/#website\",\"url\":\"https:\\\/\\\/motoleonardo.com\\\/\",\"name\":\"Moto Leonardo\",\"description\":\"Motas Novas e Usadas - Oficina Multimarcas - Pe\u00e7as, Acess\u00f3rios e Equipamento\",\"publisher\":{\"@id\":\"https:\\\/\\\/motoleonardo.com\\\/#organization\"},\"potentialAction\":[{\"@type\":\"SearchAction\",\"target\":{\"@type\":\"EntryPoint\",\"urlTemplate\":\"https:\\\/\\\/motoleonardo.com\\\/?s={search_term_string}\"},\"query-input\":{\"@type\":\"PropertyValueSpecification\",\"valueRequired\":true,\"valueName\":\"search_term_string\"}}],\"inLanguage\":\"pt-PT\"},{\"@type\":\"Organization\",\"@id\":\"https:\\\/\\\/motoleonardo.com\\\/#organization\",\"name\":\"Moto Leonardo\",\"url\":\"https:\\\/\\\/motoleonardo.com\\\/\",\"logo\":{\"@type\":\"ImageObject\",\"inLanguage\":\"pt-PT\",\"@id\":\"https:\\\/\\\/motoleonardo.com\\\/#\\\/schema\\\/logo\\\/image\\\/\",\"url\":\"https:\\\/\\\/i0.wp.com\\\/motoleonardo.com\\\/wp-content\\\/uploads\\\/2022\\\/10\\\/cropped-Professional-Initial-Letter-Typography-Logo.png?fit=512%2C512&ssl=1\",\"contentUrl\":\"https:\\\/\\\/i0.wp.com\\\/motoleonardo.com\\\/wp-content\\\/uploads\\\/2022\\\/10\\\/cropped-Professional-Initial-Letter-Typography-Logo.png?fit=512%2C512&ssl=1\",\"width\":512,\"height\":512,\"caption\":\"Moto Leonardo\"},\"image\":{\"@id\":\"https:\\\/\\\/motoleonardo.com\\\/#\\\/schema\\\/logo\\\/image\\\/\"},\"sameAs\":[\"https:\\\/\\\/www.facebook.com\\\/motoleonardopt\",\"https:\\\/\\\/www.instagram.com\\\/moto_leonardo\\\/\"]}]}<\/script>\n<!-- \/ Yoast SEO plugin. -->","yoast_head_json":{"title":"Mitt 125 MAX-T - Moto Leonardo","robots":{"index":"index","follow":"follow","max-snippet":"max-snippet:-1","max-image-preview":"max-image-preview:large","max-video-preview":"max-video-preview:-1"},"canonical":"https:\/\/motoleonardo.com\/?product=mitt-125-max-t-azul","og_locale":"pt_PT","og_type":"article","og_title":"Mitt 125 MAX-T - Moto Leonardo","og_description":"MITT 125 MAX-T &#8211; Cinza PVP: 2.990\u20ac IVA inclu\u00eddo. Acresce Documenta\u00e7\u00e3o, Transporte, ISV e IUC. MAX-T &#8211; MAXIMIZA O TEU DIA-A-DIA \u27a1\ufe0f\u00a0Carta de Carro B com igual ou superior a 25 anos de idade ou carta A1 \u27a1\ufe0f\u00a0Possibilidade de financiamento \u27a1\ufe0f\u00a0Entrega em casa \u27a1\ufe0f\u00a0Oficina para assist\u00eancia e manuten\u00e7\u00e3o \u27a1\ufe0f\u00a0Garantia 36 meses de f\u00e1brica Informa\u00e7\u00e3o: \u2705 TFT de 7 polegadas totalmente digital, equipado com GPS integrado e fun\u00e7\u00e3o Mirror Link \u2705 Motor 14cv de refrigera\u00e7\u00e3o l\u00edquida \u2705 Travagem disco frente e atr\u00e1s \u2705 ABS nas duas rodas \u2705 TCS (Controlo de tra\u00e7\u00e3o) \u2705 Sistema de chave\u00a0Keyless \u2705 Ilumina\u00e7\u00e3o Full LED \u2705 Porta USB \u2705 Para-brisas alto escurecido inclu\u00eddo \u2705 Top case inclu\u00eddo Uma scooter que combina design moderno, elevada tecnologia e um pre\u00e7o altamente competitivo, posicionando-se como uma das melhores propostas do mercado. Com um painel TFT de 7 polegadas totalmente digital, equipado com GPS integrado e fun\u00e7\u00e3o Mirror Link, Full LED e o sistema keyless garante praticidade no dia a dia, permitindo ligar a scooter sem necessidade de chave f\u00edsica. A pensar na seguran\u00e7a, a Max-T oferece ABS \u00e0s duas rodas e controlo de tra\u00e7\u00e3o, algo raro nesta categoria, aumentando a confian\u00e7a em todas as condi\u00e7\u00f5es de ader\u00eancia. \u200bJ\u00e1 o vidro frontal alto assegura uma excelente prote\u00e7\u00e3o aerodin\u00e2mica e o assento de baixa altura facilita a condu\u00e7\u00e3o para todos os tipos de utilizadores. Para completar, a Mitt oferece de s\u00e9rie uma top case, ampliando a capacidade de carga sem custos adicionais.","og_url":"https:\/\/motoleonardo.com\/?product=mitt-125-max-t-azul","og_site_name":"Moto Leonardo","article_publisher":"https:\/\/www.facebook.com\/motoleonardopt","article_modified_time":"2026-03-24T20:08:03+00:00","og_image":[{"width":899,"height":597,"url":"https:\/\/motoleonardo.com\/wp-content\/uploads\/2025\/05\/mittmaxt1-cinza-1.png","type":"image\/png"}],"twitter_card":"summary_large_image","twitter_misc":{"Tempo estimado de leitura":"2 minutos"},"schema":{"@context":"https:\/\/schema.org","@graph":[{"@type":"WebPage","@id":"https:\/\/motoleonardo.com\/?product=mitt-125-max-t-azul","url":"https:\/\/motoleonardo.com\/?product=mitt-125-max-t-azul","name":"Mitt 125 MAX-T - Moto Leonardo","isPartOf":{"@id":"https:\/\/motoleonardo.com\/#website"},"primaryImageOfPage":{"@id":"https:\/\/motoleonardo.com\/?product=mitt-125-max-t-azul#primaryimage"},"image":{"@id":"https:\/\/motoleonardo.com\/?product=mitt-125-max-t-azul#primaryimage"},"thumbnailUrl":"https:\/\/i0.wp.com\/motoleonardo.com\/wp-content\/uploads\/2025\/05\/mittmaxt1-cinza-1.png?fit=899%2C597&ssl=1","datePublished":"2025-05-02T21:17:13+00:00","dateModified":"2026-03-24T20:08:03+00:00","breadcrumb":{"@id":"https:\/\/motoleonardo.com\/?product=mitt-125-max-t-azul#breadcrumb"},"inLanguage":"pt-PT","potentialAction":[{"@type":"ReadAction","target":["https:\/\/motoleonardo.com\/?product=mitt-125-max-t-azul"]}]},{"@type":"ImageObject","inLanguage":"pt-PT","@id":"https:\/\/motoleonardo.com\/?product=mitt-125-max-t-azul#primaryimage","url":"https:\/\/i0.wp.com\/motoleonardo.com\/wp-content\/uploads\/2025\/05\/mittmaxt1-cinza-1.png?fit=899%2C597&ssl=1","contentUrl":"https:\/\/i0.wp.com\/motoleonardo.com\/wp-content\/uploads\/2025\/05\/mittmaxt1-cinza-1.png?fit=899%2C597&ssl=1","width":899,"height":597},{"@type":"BreadcrumbList","@id":"https:\/\/motoleonardo.com\/?product=mitt-125-max-t-azul#breadcrumb","itemListElement":[{"@type":"ListItem","position":1,"name":"In\u00edcio","item":"https:\/\/motoleonardo.com\/"},{"@type":"ListItem","position":2,"name":"Todas Categorias","item":"https:\/\/motoleonardo.com\/?page_id=252"},{"@type":"ListItem","position":3,"name":"Mitt 125 MAX-T"}]},{"@type":"WebSite","@id":"https:\/\/motoleonardo.com\/#website","url":"https:\/\/motoleonardo.com\/","name":"Moto Leonardo","description":"Motas Novas e Usadas - Oficina Multimarcas - Pe\u00e7as, Acess\u00f3rios e Equipamento","publisher":{"@id":"https:\/\/motoleonardo.com\/#organization"},"potentialAction":[{"@type":"SearchAction","target":{"@type":"EntryPoint","urlTemplate":"https:\/\/motoleonardo.com\/?s={search_term_string}"},"query-input":{"@type":"PropertyValueSpecification","valueRequired":true,"valueName":"search_term_string"}}],"inLanguage":"pt-PT"},{"@type":"Organization","@id":"https:\/\/motoleonardo.com\/#organization","name":"Moto Leonardo","url":"https:\/\/motoleonardo.com\/","logo":{"@type":"ImageObject","inLanguage":"pt-PT","@id":"https:\/\/motoleonardo.com\/#\/schema\/logo\/image\/","url":"https:\/\/i0.wp.com\/motoleonardo.com\/wp-content\/uploads\/2022\/10\/cropped-Professional-Initial-Letter-Typography-Logo.png?fit=512%2C512&ssl=1","contentUrl":"https:\/\/i0.wp.com\/motoleonardo.com\/wp-content\/uploads\/2022\/10\/cropped-Professional-Initial-Letter-Typography-Logo.png?fit=512%2C512&ssl=1","width":512,"height":512,"caption":"Moto Leonardo"},"image":{"@id":"https:\/\/motoleonardo.com\/#\/schema\/logo\/image\/"},"sameAs":["https:\/\/www.facebook.com\/motoleonardopt","https:\/\/www.instagram.com\/moto_leonardo\/"]}]}},"jetpack_sharing_enabled":true,"_links":{"self":[{"href":"https:\/\/motoleonardo.com\/index.php?rest_route=\/wp\/v2\/product\/7746","targetHints":{"allow":["GET"]}}],"collection":[{"href":"https:\/\/motoleonardo.com\/index.php?rest_route=\/wp\/v2\/product"}],"about":[{"href":"https:\/\/motoleonardo.com\/index.php?rest_route=\/wp\/v2\/types\/product"}],"wp:featuredmedia":[{"embeddable":true,"href":"https:\/\/motoleonardo.com\/index.php?rest_route=\/wp\/v2\/media\/7965"}],"wp:attachment":[{"href":"https:\/\/motoleonardo.com\/index.php?rest_route=%2Fwp%2Fv2%2Fmedia&parent=7746"}],"wp:term":[{"taxonomy":"product_brand","embeddable":true,"href":"https:\/\/motoleonardo.com\/index.php?rest_route=%2Fwp%2Fv2%2Fproduct_brand&post=7746"},{"taxonomy":"product_cat","embeddable":true,"href":"https:\/\/motoleonardo.com\/index.php?rest_route=%2Fwp%2Fv2%2Fproduct_cat&post=7746"},{"taxonomy":"product_tag","embeddable":true,"href":"https:\/\/motoleonardo.com\/index.php?rest_route=%2Fwp%2Fv2%2Fproduct_tag&post=7746"}],"curies":[{"name":"wp","href":"https:\/\/api.w.org\/{rel}","templated":true}]}}