{"id":8190,"date":"2025-07-17T20:57:31","date_gmt":"2025-07-17T20:57:31","guid":{"rendered":"https:\/\/motoleonardo.com\/?post_type=product&#038;p=8190"},"modified":"2026-02-26T12:14:55","modified_gmt":"2026-02-26T12:14:55","slug":"macbor-rockster-410","status":"publish","type":"product","link":"https:\/\/motoleonardo.com\/?product=macbor-rockster-410","title":{"rendered":"Macbor Rockster 410"},"content":{"rendered":"<p><strong>CAMPANHA ANIVERS\u00c1RIO MOTO LEONARDO &#8211; 4.730\u20ac* EM VEZ DE 5.199\u20ac*!<\/strong><\/p>\n<p>Macbor Rockster 410<br \/>\nPVP: 5.199\u20ac*<br \/>\n*IVA inclu\u00eddo. Acresce Documenta\u00e7\u00e3o, Transporte, ISV e IUC.<\/p>\n<p><img data-recalc-dims=\"1\" fetchpriority=\"high\" decoding=\"async\" class=\"alignnone wp-image-8194 \" src=\"https:\/\/i0.wp.com\/motoleonardo.com\/wp-content\/uploads\/2025\/07\/1721917369rockster-410-2000x800-descktop-po.webp?resize=995%2C398&#038;ssl=1\" alt=\"\" width=\"995\" height=\"398\" srcset=\"https:\/\/i0.wp.com\/motoleonardo.com\/wp-content\/uploads\/2025\/07\/1721917369rockster-410-2000x800-descktop-po.webp?w=2000&amp;ssl=1 2000w, https:\/\/i0.wp.com\/motoleonardo.com\/wp-content\/uploads\/2025\/07\/1721917369rockster-410-2000x800-descktop-po.webp?resize=300%2C120&amp;ssl=1 300w, https:\/\/i0.wp.com\/motoleonardo.com\/wp-content\/uploads\/2025\/07\/1721917369rockster-410-2000x800-descktop-po.webp?resize=1024%2C410&amp;ssl=1 1024w, https:\/\/i0.wp.com\/motoleonardo.com\/wp-content\/uploads\/2025\/07\/1721917369rockster-410-2000x800-descktop-po.webp?resize=768%2C307&amp;ssl=1 768w, https:\/\/i0.wp.com\/motoleonardo.com\/wp-content\/uploads\/2025\/07\/1721917369rockster-410-2000x800-descktop-po.webp?resize=1536%2C614&amp;ssl=1 1536w, https:\/\/i0.wp.com\/motoleonardo.com\/wp-content\/uploads\/2025\/07\/1721917369rockster-410-2000x800-descktop-po.webp?resize=454%2C182&amp;ssl=1 454w\" sizes=\"(max-width: 995px) 100vw, 995px\" \/><\/p>\n<p><strong>Rockster 410: O cen\u00e1rio muda, a ess\u00eancia persiste. A Custom-Bobber da Macbor, desenhada para espiritos livres.<br \/>\n<\/strong><br \/>\n\u27a1\ufe0f Carta A2<br \/>\n\u27a1\ufe0f\u00a0Possibilidade de financiamento<br \/>\n\u27a1\ufe0f\u00a0Entrega em casa<br \/>\n\u27a1\ufe0f\u00a0Oficina para assist\u00eancia e manuten\u00e7\u00e3o<br \/>\n\u27a1\ufe0f\u00a0Garantia 36 meses de f\u00e1brica<\/p>\n<p>Informa\u00e7\u00e3o:<br \/>\n\u2705 TFT de 5&#8243; circular a cores com conectividade mirroring e mudan\u00e7a engrenada.<br \/>\n\u2705 Manetes de trav\u00e3o e embraiagem regul\u00e1veis<br \/>\n\u2705 Sistema de controlo de tra\u00e7\u00e3o (TCS)<br \/>\n\u2705 Sistema de travagem ABS<br \/>\n\u2705 Forquilha invertida<br \/>\n\u2705 Ilumina\u00e7\u00e3o Full LED<br \/>\n\u2705 Tomada USB<\/p>\n<p>Caracter\u00edsticas:<br \/>\n\u2705 Motor 401cc Bicilindrico 4 tempos de 42cv | 34 Nm\/8000 rpm | 31,5 kW\/9500 rpm<br \/>\n\u2705 Capacidade deposito de 17 Litros<br \/>\n\u2705 Suspens\u00e3o dianteira: Forquilha invertida 37 mm de di\u00e2metro<br \/>\n\u2705 Suspens\u00e3o traseira: Duplo amortecedor traseiro com dep\u00f3sito em separado<br \/>\n\u2705 Peso em seco 168 Kg<br \/>\n\u2705 Altura do assento 735 mm<br \/>\n\u2705 Dist\u00e2ncia m\u00ednima ao solo 130 mm<\/p>\n<p>A\u00a0<strong>Rockster 410<\/strong>\u00a0chega para ampliar o ic\u00f3nico segmento Custom, uma moto de\u00a0<strong>m\u00e9dia cilindrada<\/strong>\u00a0que combina\u00a0<strong>fiabilidade<\/strong>,\u00a0<strong>pot\u00eancia<\/strong>\u00a0e um\u00a0<strong>design vanguardista<\/strong>.<\/p>\n<p>Est\u00e1 equipada com um s\u00f3lido\u00a0<strong>motor de 401 cc<\/strong>\u00a0e\u00a0<strong>8 v\u00e1lvulas<\/strong>\u00a0que entrega\u00a0<strong>42 CV<\/strong>\u00a0de pot\u00eancia e assegura uma resposta nobre e segura.<\/p>\n<p>O painel de instrumentos\u00a0<strong>TFT circular a cores com conectividade mirroring<\/strong>\u00a0inclui indica\u00e7\u00e3o da velocidade, conta-rota\u00e7\u00f5es, n\u00edvel de combust\u00edvel, mudan\u00e7a engrenada, controlo de temperatura da moto, piscas e luzes, rel\u00f3gio, quilometragem total e trip.<\/p>\n<p>As\u00a0<strong>manetes de trav\u00e3o<\/strong>\u00a0e\u00a0<strong>embraiagem<\/strong>\u00a0<strong>regul\u00e1veis<\/strong>\u00a0oferecem um maior conforto e op\u00e7\u00f5es de personaliza\u00e7\u00e3o. O\u00a0<strong>sistema de controlo de tra\u00e7\u00e3o<\/strong>\u00a0(TCS) juntamente com o\u00a0<strong>sistema de travagem ABS<\/strong>\u00a0melhora a seguran\u00e7a, estabilidade e rendimento para uma condu\u00e7\u00e3o mais segura e c\u00f3moda.<\/p>\n<p>Uma moto polivalente para o dia a dia em\u00a0<strong>cidade,\u00a0<\/strong>como\u00a0tamb\u00e9m para &#8220;devorar&#8221; quil\u00f3metros em\u00a0<strong>vias secund\u00e1rias<\/strong>\u00a0sem te preocupares com mais nada, al\u00e9m de desfrutares da condu\u00e7\u00e3o. Toda a divers\u00e3o para\u00a0<strong>carta A2<\/strong>\u00a0com pura est\u00e9tica minimalista\u00a0<strong>Custom\/Bobber<\/strong>.<\/p>\n","protected":false},"excerpt":{"rendered":"<p>CAMPANHA ANIVERS\u00c1RIO MOTO LEONARDO &#8211; 4.730\u20ac* EM VEZ DE 5.199\u20ac*! Macbor Rockster 410 PVP: 5.199\u20ac* *IVA inclu\u00eddo. Acresce Documenta\u00e7\u00e3o, Transporte, ISV e IUC. Rockster 410: O cen\u00e1rio muda, a ess\u00eancia persiste. A Custom-Bobber da Macbor, desenhada para espiritos livres. \u27a1\ufe0f Carta A2 \u27a1\ufe0f\u00a0Possibilidade de financiamento \u27a1\ufe0f\u00a0Entrega em casa \u27a1\ufe0f\u00a0Oficina para assist\u00eancia e manuten\u00e7\u00e3o \u27a1\ufe0f\u00a0Garantia 36 meses de f\u00e1brica Informa\u00e7\u00e3o: \u2705 TFT de 5&#8243; circular a cores com conectividade mirroring e mudan\u00e7a engrenada. \u2705 Manetes de trav\u00e3o e embraiagem regul\u00e1veis \u2705 Sistema de controlo de tra\u00e7\u00e3o (TCS) \u2705 Sistema de travagem ABS \u2705 Forquilha invertida \u2705 Ilumina\u00e7\u00e3o Full LED \u2705 Tomada USB Caracter\u00edsticas: \u2705 Motor 401cc Bicilindrico 4 tempos de 42cv | 34 Nm\/8000 rpm | 31,5 kW\/9500 rpm \u2705 Capacidade deposito de 17 Litros \u2705 Suspens\u00e3o dianteira: Forquilha invertida 37 mm de di\u00e2metro \u2705 Suspens\u00e3o traseira: Duplo amortecedor traseiro com dep\u00f3sito em separado \u2705 Peso em seco 168 Kg \u2705 Altura do assento 735 mm \u2705 Dist\u00e2ncia m\u00ednima ao solo 130 mm A\u00a0Rockster 410\u00a0chega para ampliar o ic\u00f3nico segmento Custom, uma moto de\u00a0m\u00e9dia cilindrada\u00a0que combina\u00a0fiabilidade,\u00a0pot\u00eancia\u00a0e um\u00a0design vanguardista. Est\u00e1 equipada com um s\u00f3lido\u00a0motor de 401 cc\u00a0e\u00a08 v\u00e1lvulas\u00a0que entrega\u00a042 CV\u00a0de pot\u00eancia e assegura uma resposta nobre e segura. O painel de instrumentos\u00a0TFT circular a cores com conectividade mirroring\u00a0inclui indica\u00e7\u00e3o da velocidade, conta-rota\u00e7\u00f5es, n\u00edvel de combust\u00edvel, mudan\u00e7a engrenada, controlo de temperatura da moto, piscas e luzes, rel\u00f3gio, quilometragem total e trip. As\u00a0manetes de trav\u00e3o\u00a0e\u00a0embraiagem\u00a0regul\u00e1veis\u00a0oferecem um maior conforto e op\u00e7\u00f5es de personaliza\u00e7\u00e3o. O\u00a0sistema de controlo de tra\u00e7\u00e3o\u00a0(TCS) juntamente com o\u00a0sistema de travagem ABS\u00a0melhora a seguran\u00e7a, estabilidade e rendimento para uma condu\u00e7\u00e3o mais segura e c\u00f3moda. Uma moto polivalente para o dia a dia em\u00a0cidade,\u00a0como\u00a0tamb\u00e9m para &#8220;devorar&#8221; quil\u00f3metros em\u00a0vias secund\u00e1rias\u00a0sem te preocupares com mais nada, al\u00e9m de desfrutares da condu\u00e7\u00e3o. Toda a divers\u00e3o para\u00a0carta A2\u00a0com pura est\u00e9tica minimalista\u00a0Custom\/Bobber.<\/p>\n","protected":false},"featured_media":8195,"template":"","meta":{"ocean_post_layout":"","ocean_both_sidebars_style":"","ocean_both_sidebars_content_width":0,"ocean_both_sidebars_sidebars_width":0,"ocean_sidebar":"0","ocean_second_sidebar":"0","ocean_disable_margins":"enable","ocean_add_body_class":"","ocean_shortcode_before_top_bar":"","ocean_shortcode_after_top_bar":"","ocean_shortcode_before_header":"","ocean_shortcode_after_header":"","ocean_has_shortcode":"","ocean_shortcode_after_title":"","ocean_shortcode_before_footer_widgets":"","ocean_shortcode_after_footer_widgets":"","ocean_shortcode_before_footer_bottom":"","ocean_shortcode_after_footer_bottom":"","ocean_display_top_bar":"default","ocean_display_header":"default","ocean_header_style":"","ocean_center_header_left_menu":"0","ocean_custom_header_template":"0","ocean_custom_logo":0,"ocean_custom_retina_logo":0,"ocean_custom_logo_max_width":0,"ocean_custom_logo_tablet_max_width":0,"ocean_custom_logo_mobile_max_width":0,"ocean_custom_logo_max_height":0,"ocean_custom_logo_tablet_max_height":0,"ocean_custom_logo_mobile_max_height":0,"ocean_header_custom_menu":"0","ocean_menu_typo_font_family":"0","ocean_menu_typo_font_subset":"","ocean_menu_typo_font_size":0,"ocean_menu_typo_font_size_tablet":0,"ocean_menu_typo_font_size_mobile":0,"ocean_menu_typo_font_size_unit":"px","ocean_menu_typo_font_weight":"","ocean_menu_typo_font_weight_tablet":"","ocean_menu_typo_font_weight_mobile":"","ocean_menu_typo_transform":"","ocean_menu_typo_transform_tablet":"","ocean_menu_typo_transform_mobile":"","ocean_menu_typo_line_height":0,"ocean_menu_typo_line_height_tablet":0,"ocean_menu_typo_line_height_mobile":0,"ocean_menu_typo_line_height_unit":"","ocean_menu_typo_spacing":0,"ocean_menu_typo_spacing_tablet":0,"ocean_menu_typo_spacing_mobile":0,"ocean_menu_typo_spacing_unit":"","ocean_menu_link_color":"","ocean_menu_link_color_hover":"","ocean_menu_link_color_active":"","ocean_menu_link_background":"","ocean_menu_link_hover_background":"","ocean_menu_link_active_background":"","ocean_menu_social_links_bg":"","ocean_menu_social_hover_links_bg":"","ocean_menu_social_links_color":"","ocean_menu_social_hover_links_color":"","ocean_disable_title":"default","ocean_disable_heading":"default","ocean_post_title":"","ocean_post_subheading":"","ocean_post_title_style":"","ocean_post_title_background_color":"","ocean_post_title_background":0,"ocean_post_title_bg_image_position":"","ocean_post_title_bg_image_attachment":"","ocean_post_title_bg_image_repeat":"","ocean_post_title_bg_image_size":"","ocean_post_title_height":0,"ocean_post_title_bg_overlay":0.5,"ocean_post_title_bg_overlay_color":"","ocean_disable_breadcrumbs":"default","ocean_breadcrumbs_color":"","ocean_breadcrumbs_separator_color":"","ocean_breadcrumbs_links_color":"","ocean_breadcrumbs_links_hover_color":"","ocean_display_footer_widgets":"default","ocean_display_footer_bottom":"default","ocean_custom_footer_template":"0","omw_enable_modal_window":"enable"},"product_brand":[],"product_cat":[814,738,740],"product_tag":[783,815],"class_list":{"0":"post-8190","1":"product","2":"type-product","3":"status-publish","4":"has-post-thumbnail","6":"product_cat-macbor","7":"product_cat-motas-novas","8":"product_cat-superior-a-125cc","9":"product_tag-campanha-exclusiva","10":"product_tag-macbor","12":"entry","13":"has-media","15":"first","16":"instock","17":"sale","18":"shipping-taxable","19":"product-type-external","20":"has-product-nav","21":"col","22":"span_1_of_4","23":"owp-content-right","24":"owp-thumbs-layout-horizontal","25":"owp-btn-normal","26":"owp-tabs-layout-horizontal"},"yoast_head":"<!-- This site is optimized with the Yoast SEO plugin v27.4 - https:\/\/yoast.com\/product\/yoast-seo-wordpress\/ -->\n<title>Macbor Rockster 410 - Moto Leonardo<\/title>\n<meta name=\"robots\" content=\"index, follow, max-snippet:-1, max-image-preview:large, max-video-preview:-1\" \/>\n<link rel=\"canonical\" href=\"https:\/\/motoleonardo.com\/?product=macbor-rockster-410\" \/>\n<meta property=\"og:locale\" content=\"pt_PT\" \/>\n<meta property=\"og:type\" content=\"article\" \/>\n<meta property=\"og:title\" content=\"Macbor Rockster 410 - Moto Leonardo\" \/>\n<meta property=\"og:description\" content=\"CAMPANHA ANIVERS\u00c1RIO MOTO LEONARDO &#8211; 4.730\u20ac* EM VEZ DE 5.199\u20ac*! Macbor Rockster 410 PVP: 5.199\u20ac* *IVA inclu\u00eddo. Acresce Documenta\u00e7\u00e3o, Transporte, ISV e IUC. Rockster 410: O cen\u00e1rio muda, a ess\u00eancia persiste. A Custom-Bobber da Macbor, desenhada para espiritos livres. \u27a1\ufe0f Carta A2 \u27a1\ufe0f\u00a0Possibilidade de financiamento \u27a1\ufe0f\u00a0Entrega em casa \u27a1\ufe0f\u00a0Oficina para assist\u00eancia e manuten\u00e7\u00e3o \u27a1\ufe0f\u00a0Garantia 36 meses de f\u00e1brica Informa\u00e7\u00e3o: \u2705 TFT de 5&#8243; circular a cores com conectividade mirroring e mudan\u00e7a engrenada. \u2705 Manetes de trav\u00e3o e embraiagem regul\u00e1veis \u2705 Sistema de controlo de tra\u00e7\u00e3o (TCS) \u2705 Sistema de travagem ABS \u2705 Forquilha invertida \u2705 Ilumina\u00e7\u00e3o Full LED \u2705 Tomada USB Caracter\u00edsticas: \u2705 Motor 401cc Bicilindrico 4 tempos de 42cv | 34 Nm\/8000 rpm | 31,5 kW\/9500 rpm \u2705 Capacidade deposito de 17 Litros \u2705 Suspens\u00e3o dianteira: Forquilha invertida 37 mm de di\u00e2metro \u2705 Suspens\u00e3o traseira: Duplo amortecedor traseiro com dep\u00f3sito em separado \u2705 Peso em seco 168 Kg \u2705 Altura do assento 735 mm \u2705 Dist\u00e2ncia m\u00ednima ao solo 130 mm A\u00a0Rockster 410\u00a0chega para ampliar o ic\u00f3nico segmento Custom, uma moto de\u00a0m\u00e9dia cilindrada\u00a0que combina\u00a0fiabilidade,\u00a0pot\u00eancia\u00a0e um\u00a0design vanguardista. Est\u00e1 equipada com um s\u00f3lido\u00a0motor de 401 cc\u00a0e\u00a08 v\u00e1lvulas\u00a0que entrega\u00a042 CV\u00a0de pot\u00eancia e assegura uma resposta nobre e segura. O painel de instrumentos\u00a0TFT circular a cores com conectividade mirroring\u00a0inclui indica\u00e7\u00e3o da velocidade, conta-rota\u00e7\u00f5es, n\u00edvel de combust\u00edvel, mudan\u00e7a engrenada, controlo de temperatura da moto, piscas e luzes, rel\u00f3gio, quilometragem total e trip. As\u00a0manetes de trav\u00e3o\u00a0e\u00a0embraiagem\u00a0regul\u00e1veis\u00a0oferecem um maior conforto e op\u00e7\u00f5es de personaliza\u00e7\u00e3o. O\u00a0sistema de controlo de tra\u00e7\u00e3o\u00a0(TCS) juntamente com o\u00a0sistema de travagem ABS\u00a0melhora a seguran\u00e7a, estabilidade e rendimento para uma condu\u00e7\u00e3o mais segura e c\u00f3moda. Uma moto polivalente para o dia a dia em\u00a0cidade,\u00a0como\u00a0tamb\u00e9m para &#8220;devorar&#8221; quil\u00f3metros em\u00a0vias secund\u00e1rias\u00a0sem te preocupares com mais nada, al\u00e9m de desfrutares da condu\u00e7\u00e3o. Toda a divers\u00e3o para\u00a0carta A2\u00a0com pura est\u00e9tica minimalista\u00a0Custom\/Bobber.\" \/>\n<meta property=\"og:url\" content=\"https:\/\/motoleonardo.com\/?product=macbor-rockster-410\" \/>\n<meta property=\"og:site_name\" content=\"Moto Leonardo\" \/>\n<meta property=\"article:publisher\" content=\"https:\/\/www.facebook.com\/motoleonardopt\" \/>\n<meta property=\"article:modified_time\" content=\"2026-02-26T12:14:55+00:00\" \/>\n<meta property=\"og:image\" content=\"https:\/\/motoleonardo.com\/wp-content\/uploads\/2025\/07\/montana-nueva-rockster-410-negro-2024.webp\" \/>\n\t<meta property=\"og:image:width\" content=\"1200\" \/>\n\t<meta property=\"og:image:height\" content=\"800\" \/>\n\t<meta property=\"og:image:type\" content=\"image\/webp\" \/>\n<meta name=\"twitter:card\" content=\"summary_large_image\" \/>\n<meta name=\"twitter:label1\" content=\"Tempo estimado de leitura\" \/>\n\t<meta name=\"twitter:data1\" content=\"3 minutos\" \/>\n<script type=\"application\/ld+json\" class=\"yoast-schema-graph\">{\"@context\":\"https:\\\/\\\/schema.org\",\"@graph\":[{\"@type\":\"WebPage\",\"@id\":\"https:\\\/\\\/motoleonardo.com\\\/?product=macbor-rockster-410\",\"url\":\"https:\\\/\\\/motoleonardo.com\\\/?product=macbor-rockster-410\",\"name\":\"Macbor Rockster 410 - Moto Leonardo\",\"isPartOf\":{\"@id\":\"https:\\\/\\\/motoleonardo.com\\\/#website\"},\"primaryImageOfPage\":{\"@id\":\"https:\\\/\\\/motoleonardo.com\\\/?product=macbor-rockster-410#primaryimage\"},\"image\":{\"@id\":\"https:\\\/\\\/motoleonardo.com\\\/?product=macbor-rockster-410#primaryimage\"},\"thumbnailUrl\":\"https:\\\/\\\/i0.wp.com\\\/motoleonardo.com\\\/wp-content\\\/uploads\\\/2025\\\/07\\\/montana-nueva-rockster-410-negro-2024.webp?fit=1200%2C800&ssl=1\",\"datePublished\":\"2025-07-17T20:57:31+00:00\",\"dateModified\":\"2026-02-26T12:14:55+00:00\",\"breadcrumb\":{\"@id\":\"https:\\\/\\\/motoleonardo.com\\\/?product=macbor-rockster-410#breadcrumb\"},\"inLanguage\":\"pt-PT\",\"potentialAction\":[{\"@type\":\"ReadAction\",\"target\":[\"https:\\\/\\\/motoleonardo.com\\\/?product=macbor-rockster-410\"]}]},{\"@type\":\"ImageObject\",\"inLanguage\":\"pt-PT\",\"@id\":\"https:\\\/\\\/motoleonardo.com\\\/?product=macbor-rockster-410#primaryimage\",\"url\":\"https:\\\/\\\/i0.wp.com\\\/motoleonardo.com\\\/wp-content\\\/uploads\\\/2025\\\/07\\\/montana-nueva-rockster-410-negro-2024.webp?fit=1200%2C800&ssl=1\",\"contentUrl\":\"https:\\\/\\\/i0.wp.com\\\/motoleonardo.com\\\/wp-content\\\/uploads\\\/2025\\\/07\\\/montana-nueva-rockster-410-negro-2024.webp?fit=1200%2C800&ssl=1\",\"width\":1200,\"height\":800},{\"@type\":\"BreadcrumbList\",\"@id\":\"https:\\\/\\\/motoleonardo.com\\\/?product=macbor-rockster-410#breadcrumb\",\"itemListElement\":[{\"@type\":\"ListItem\",\"position\":1,\"name\":\"In\u00edcio\",\"item\":\"https:\\\/\\\/motoleonardo.com\\\/\"},{\"@type\":\"ListItem\",\"position\":2,\"name\":\"Todas Categorias\",\"item\":\"https:\\\/\\\/motoleonardo.com\\\/?page_id=252\"},{\"@type\":\"ListItem\",\"position\":3,\"name\":\"Macbor Rockster 410\"}]},{\"@type\":\"WebSite\",\"@id\":\"https:\\\/\\\/motoleonardo.com\\\/#website\",\"url\":\"https:\\\/\\\/motoleonardo.com\\\/\",\"name\":\"Moto Leonardo\",\"description\":\"Motas Novas e Usadas - Oficina Multimarcas - Pe\u00e7as, Acess\u00f3rios e Equipamento\",\"publisher\":{\"@id\":\"https:\\\/\\\/motoleonardo.com\\\/#organization\"},\"potentialAction\":[{\"@type\":\"SearchAction\",\"target\":{\"@type\":\"EntryPoint\",\"urlTemplate\":\"https:\\\/\\\/motoleonardo.com\\\/?s={search_term_string}\"},\"query-input\":{\"@type\":\"PropertyValueSpecification\",\"valueRequired\":true,\"valueName\":\"search_term_string\"}}],\"inLanguage\":\"pt-PT\"},{\"@type\":\"Organization\",\"@id\":\"https:\\\/\\\/motoleonardo.com\\\/#organization\",\"name\":\"Moto Leonardo\",\"url\":\"https:\\\/\\\/motoleonardo.com\\\/\",\"logo\":{\"@type\":\"ImageObject\",\"inLanguage\":\"pt-PT\",\"@id\":\"https:\\\/\\\/motoleonardo.com\\\/#\\\/schema\\\/logo\\\/image\\\/\",\"url\":\"https:\\\/\\\/i0.wp.com\\\/motoleonardo.com\\\/wp-content\\\/uploads\\\/2022\\\/10\\\/cropped-Professional-Initial-Letter-Typography-Logo.png?fit=512%2C512&ssl=1\",\"contentUrl\":\"https:\\\/\\\/i0.wp.com\\\/motoleonardo.com\\\/wp-content\\\/uploads\\\/2022\\\/10\\\/cropped-Professional-Initial-Letter-Typography-Logo.png?fit=512%2C512&ssl=1\",\"width\":512,\"height\":512,\"caption\":\"Moto Leonardo\"},\"image\":{\"@id\":\"https:\\\/\\\/motoleonardo.com\\\/#\\\/schema\\\/logo\\\/image\\\/\"},\"sameAs\":[\"https:\\\/\\\/www.facebook.com\\\/motoleonardopt\",\"https:\\\/\\\/www.instagram.com\\\/moto_leonardo\\\/\"]}]}<\/script>\n<!-- \/ Yoast SEO plugin. -->","yoast_head_json":{"title":"Macbor Rockster 410 - Moto Leonardo","robots":{"index":"index","follow":"follow","max-snippet":"max-snippet:-1","max-image-preview":"max-image-preview:large","max-video-preview":"max-video-preview:-1"},"canonical":"https:\/\/motoleonardo.com\/?product=macbor-rockster-410","og_locale":"pt_PT","og_type":"article","og_title":"Macbor Rockster 410 - Moto Leonardo","og_description":"CAMPANHA ANIVERS\u00c1RIO MOTO LEONARDO &#8211; 4.730\u20ac* EM VEZ DE 5.199\u20ac*! Macbor Rockster 410 PVP: 5.199\u20ac* *IVA inclu\u00eddo. Acresce Documenta\u00e7\u00e3o, Transporte, ISV e IUC. Rockster 410: O cen\u00e1rio muda, a ess\u00eancia persiste. A Custom-Bobber da Macbor, desenhada para espiritos livres. \u27a1\ufe0f Carta A2 \u27a1\ufe0f\u00a0Possibilidade de financiamento \u27a1\ufe0f\u00a0Entrega em casa \u27a1\ufe0f\u00a0Oficina para assist\u00eancia e manuten\u00e7\u00e3o \u27a1\ufe0f\u00a0Garantia 36 meses de f\u00e1brica Informa\u00e7\u00e3o: \u2705 TFT de 5&#8243; circular a cores com conectividade mirroring e mudan\u00e7a engrenada. \u2705 Manetes de trav\u00e3o e embraiagem regul\u00e1veis \u2705 Sistema de controlo de tra\u00e7\u00e3o (TCS) \u2705 Sistema de travagem ABS \u2705 Forquilha invertida \u2705 Ilumina\u00e7\u00e3o Full LED \u2705 Tomada USB Caracter\u00edsticas: \u2705 Motor 401cc Bicilindrico 4 tempos de 42cv | 34 Nm\/8000 rpm | 31,5 kW\/9500 rpm \u2705 Capacidade deposito de 17 Litros \u2705 Suspens\u00e3o dianteira: Forquilha invertida 37 mm de di\u00e2metro \u2705 Suspens\u00e3o traseira: Duplo amortecedor traseiro com dep\u00f3sito em separado \u2705 Peso em seco 168 Kg \u2705 Altura do assento 735 mm \u2705 Dist\u00e2ncia m\u00ednima ao solo 130 mm A\u00a0Rockster 410\u00a0chega para ampliar o ic\u00f3nico segmento Custom, uma moto de\u00a0m\u00e9dia cilindrada\u00a0que combina\u00a0fiabilidade,\u00a0pot\u00eancia\u00a0e um\u00a0design vanguardista. Est\u00e1 equipada com um s\u00f3lido\u00a0motor de 401 cc\u00a0e\u00a08 v\u00e1lvulas\u00a0que entrega\u00a042 CV\u00a0de pot\u00eancia e assegura uma resposta nobre e segura. O painel de instrumentos\u00a0TFT circular a cores com conectividade mirroring\u00a0inclui indica\u00e7\u00e3o da velocidade, conta-rota\u00e7\u00f5es, n\u00edvel de combust\u00edvel, mudan\u00e7a engrenada, controlo de temperatura da moto, piscas e luzes, rel\u00f3gio, quilometragem total e trip. As\u00a0manetes de trav\u00e3o\u00a0e\u00a0embraiagem\u00a0regul\u00e1veis\u00a0oferecem um maior conforto e op\u00e7\u00f5es de personaliza\u00e7\u00e3o. O\u00a0sistema de controlo de tra\u00e7\u00e3o\u00a0(TCS) juntamente com o\u00a0sistema de travagem ABS\u00a0melhora a seguran\u00e7a, estabilidade e rendimento para uma condu\u00e7\u00e3o mais segura e c\u00f3moda. Uma moto polivalente para o dia a dia em\u00a0cidade,\u00a0como\u00a0tamb\u00e9m para &#8220;devorar&#8221; quil\u00f3metros em\u00a0vias secund\u00e1rias\u00a0sem te preocupares com mais nada, al\u00e9m de desfrutares da condu\u00e7\u00e3o. Toda a divers\u00e3o para\u00a0carta A2\u00a0com pura est\u00e9tica minimalista\u00a0Custom\/Bobber.","og_url":"https:\/\/motoleonardo.com\/?product=macbor-rockster-410","og_site_name":"Moto Leonardo","article_publisher":"https:\/\/www.facebook.com\/motoleonardopt","article_modified_time":"2026-02-26T12:14:55+00:00","og_image":[{"width":1200,"height":800,"url":"https:\/\/motoleonardo.com\/wp-content\/uploads\/2025\/07\/montana-nueva-rockster-410-negro-2024.webp","type":"image\/webp"}],"twitter_card":"summary_large_image","twitter_misc":{"Tempo estimado de leitura":"3 minutos"},"schema":{"@context":"https:\/\/schema.org","@graph":[{"@type":"WebPage","@id":"https:\/\/motoleonardo.com\/?product=macbor-rockster-410","url":"https:\/\/motoleonardo.com\/?product=macbor-rockster-410","name":"Macbor Rockster 410 - Moto Leonardo","isPartOf":{"@id":"https:\/\/motoleonardo.com\/#website"},"primaryImageOfPage":{"@id":"https:\/\/motoleonardo.com\/?product=macbor-rockster-410#primaryimage"},"image":{"@id":"https:\/\/motoleonardo.com\/?product=macbor-rockster-410#primaryimage"},"thumbnailUrl":"https:\/\/i0.wp.com\/motoleonardo.com\/wp-content\/uploads\/2025\/07\/montana-nueva-rockster-410-negro-2024.webp?fit=1200%2C800&ssl=1","datePublished":"2025-07-17T20:57:31+00:00","dateModified":"2026-02-26T12:14:55+00:00","breadcrumb":{"@id":"https:\/\/motoleonardo.com\/?product=macbor-rockster-410#breadcrumb"},"inLanguage":"pt-PT","potentialAction":[{"@type":"ReadAction","target":["https:\/\/motoleonardo.com\/?product=macbor-rockster-410"]}]},{"@type":"ImageObject","inLanguage":"pt-PT","@id":"https:\/\/motoleonardo.com\/?product=macbor-rockster-410#primaryimage","url":"https:\/\/i0.wp.com\/motoleonardo.com\/wp-content\/uploads\/2025\/07\/montana-nueva-rockster-410-negro-2024.webp?fit=1200%2C800&ssl=1","contentUrl":"https:\/\/i0.wp.com\/motoleonardo.com\/wp-content\/uploads\/2025\/07\/montana-nueva-rockster-410-negro-2024.webp?fit=1200%2C800&ssl=1","width":1200,"height":800},{"@type":"BreadcrumbList","@id":"https:\/\/motoleonardo.com\/?product=macbor-rockster-410#breadcrumb","itemListElement":[{"@type":"ListItem","position":1,"name":"In\u00edcio","item":"https:\/\/motoleonardo.com\/"},{"@type":"ListItem","position":2,"name":"Todas Categorias","item":"https:\/\/motoleonardo.com\/?page_id=252"},{"@type":"ListItem","position":3,"name":"Macbor Rockster 410"}]},{"@type":"WebSite","@id":"https:\/\/motoleonardo.com\/#website","url":"https:\/\/motoleonardo.com\/","name":"Moto Leonardo","description":"Motas Novas e Usadas - Oficina Multimarcas - Pe\u00e7as, Acess\u00f3rios e Equipamento","publisher":{"@id":"https:\/\/motoleonardo.com\/#organization"},"potentialAction":[{"@type":"SearchAction","target":{"@type":"EntryPoint","urlTemplate":"https:\/\/motoleonardo.com\/?s={search_term_string}"},"query-input":{"@type":"PropertyValueSpecification","valueRequired":true,"valueName":"search_term_string"}}],"inLanguage":"pt-PT"},{"@type":"Organization","@id":"https:\/\/motoleonardo.com\/#organization","name":"Moto Leonardo","url":"https:\/\/motoleonardo.com\/","logo":{"@type":"ImageObject","inLanguage":"pt-PT","@id":"https:\/\/motoleonardo.com\/#\/schema\/logo\/image\/","url":"https:\/\/i0.wp.com\/motoleonardo.com\/wp-content\/uploads\/2022\/10\/cropped-Professional-Initial-Letter-Typography-Logo.png?fit=512%2C512&ssl=1","contentUrl":"https:\/\/i0.wp.com\/motoleonardo.com\/wp-content\/uploads\/2022\/10\/cropped-Professional-Initial-Letter-Typography-Logo.png?fit=512%2C512&ssl=1","width":512,"height":512,"caption":"Moto Leonardo"},"image":{"@id":"https:\/\/motoleonardo.com\/#\/schema\/logo\/image\/"},"sameAs":["https:\/\/www.facebook.com\/motoleonardopt","https:\/\/www.instagram.com\/moto_leonardo\/"]}]}},"jetpack_sharing_enabled":true,"_links":{"self":[{"href":"https:\/\/motoleonardo.com\/index.php?rest_route=\/wp\/v2\/product\/8190","targetHints":{"allow":["GET"]}}],"collection":[{"href":"https:\/\/motoleonardo.com\/index.php?rest_route=\/wp\/v2\/product"}],"about":[{"href":"https:\/\/motoleonardo.com\/index.php?rest_route=\/wp\/v2\/types\/product"}],"wp:featuredmedia":[{"embeddable":true,"href":"https:\/\/motoleonardo.com\/index.php?rest_route=\/wp\/v2\/media\/8195"}],"wp:attachment":[{"href":"https:\/\/motoleonardo.com\/index.php?rest_route=%2Fwp%2Fv2%2Fmedia&parent=8190"}],"wp:term":[{"taxonomy":"product_brand","embeddable":true,"href":"https:\/\/motoleonardo.com\/index.php?rest_route=%2Fwp%2Fv2%2Fproduct_brand&post=8190"},{"taxonomy":"product_cat","embeddable":true,"href":"https:\/\/motoleonardo.com\/index.php?rest_route=%2Fwp%2Fv2%2Fproduct_cat&post=8190"},{"taxonomy":"product_tag","embeddable":true,"href":"https:\/\/motoleonardo.com\/index.php?rest_route=%2Fwp%2Fv2%2Fproduct_tag&post=8190"}],"curies":[{"name":"wp","href":"https:\/\/api.w.org\/{rel}","templated":true}]}}