{"id":8216,"date":"2025-07-17T21:39:19","date_gmt":"2025-07-17T21:39:19","guid":{"rendered":"https:\/\/motoleonardo.com\/?post_type=product&#038;p=8216"},"modified":"2026-01-12T01:33:35","modified_gmt":"2026-01-12T01:33:35","slug":"macbor-rockster-125-evo","status":"publish","type":"product","link":"https:\/\/motoleonardo.com\/?product=macbor-rockster-125-evo","title":{"rendered":"Macbor Rockster 125 EVO &#8211; Oferta 250\u20ac \ud83d\udce2"},"content":{"rendered":"<p><strong>CAMPANHA ANIVERS\u00c1RIO MOTO LEONARDO &#8211; POUPE 150\u20ac OU OFERTA 250\u20ac EM EXTRAS\/EQUIPAMENTO &#8211; V\u00c1LIDO APENAS AT\u00c9 28\/02\/2026 PARA A NOSSA UNIDADE EM STOCK!<\/strong><\/p>\n<p><strong>Macbor Rockster 125 EVO<\/strong><br \/>\n<strong>PVP:<\/strong> 2.799\u20ac<br \/>\nIVA inclu\u00eddo. Acresce Documenta\u00e7\u00e3o, Transporte, ISV e IUC.<\/p>\n<p><strong>Sente a autenticidade. Vive o teu estilo. S\u00ea tu pr\u00f3prio.<\/strong><\/p>\n<p>\u27a1\ufe0f Carta de carro B ou de mota A1<br \/>\n\u27a1\ufe0f\u00a0Possibilidade de financiamento<br \/>\n\u27a1\ufe0f\u00a0Entrega em casa<br \/>\n\u27a1\ufe0f\u00a0Oficina para assist\u00eancia e manuten\u00e7\u00e3o<br \/>\n\u27a1\ufe0f\u00a0Garantia 36 meses de f\u00e1brica<\/p>\n<p>Informa\u00e7\u00e3o:<br \/>\n\u2705 Vers\u00e3o 2025 atualizada com entrega de pot\u00eancia melhorada em 28%<br \/>\n\u2705 Sistema de travagem ABS<br \/>\n\u2705 Pin\u00e7a dianteira de dois pist\u00f5es<br \/>\n\u2705 Jantes de raios<br \/>\n\u2705 Encosto passageiro<br \/>\n\u2705 Ilumina\u00e7\u00e3o Full LED<br \/>\n\u2705 Prote\u00e7\u00e3o de c\u00e1rter<\/p>\n<p>Caracter\u00edsticas:<br \/>\n\u2705\u00a0Novo motor monocil\u00edndrico de 125cc, com 4 v\u00e1lvulas e refrigera\u00e7\u00e3o a ar. Motor com<br \/>\nquase 13cv, ou seja, +28% face ao modelo anterior<br \/>\n\u2705Capacidade de dep\u00f3sito de 13,5 Litros<br \/>\n\u2705 Peso em andamento 147 Kg<br \/>\n\u2705 Altura do assento 730 mm<br \/>\n\u2705 Dist\u00e2ncia m\u00ednima ao solo 145 mm<\/p>\n<p data-start=\"55\" data-end=\"299\">A nova\u00a0<strong>Rockster 125 EVO<\/strong>\u00a0d\u00e1 um passo firme na evolu\u00e7\u00e3o do ic\u00f3nico modelo da gama custom 125 cc da Macbor. Fiel ao ADN da marca, esta\u00a0<strong>vers\u00e3o de 2025<\/strong>\u00a0incorpora melhorias que se traduzem numa experi\u00eancia de\u00a0<strong>condu\u00e7\u00e3o mais potente, segura\u00a0<\/strong>e<strong>\u00a0refinada<\/strong>.<\/p>\n<p data-start=\"301\" data-end=\"555\">O seu\u00a0<strong>novo motor monocil\u00edndrico de 125 cc e 4 v\u00e1lvulas<\/strong>\u00a0oferece uma pot\u00eancia m\u00e1xima de\u00a0<strong>12,2 CV \u00e0s 9.500 rpm<\/strong>. Esta evolu\u00e7\u00e3o\u00a0<strong>melhora a entrega de pot\u00eancia em 28%<\/strong>, proporcionando uma resposta mais viva e eficaz tanto em\u00a0<strong>cidade<\/strong>\u00a0como\u00a0<strong>fora dela<\/strong>.<\/p>\n<p data-start=\"301\" data-end=\"555\">Em termos de seguran\u00e7a, incorpora um\u00a0<strong>sistema de travagem com ABS<\/strong>, marcando um salto em termos qualitativos.\u00a0<strong>A pin\u00e7a dianteira de dois pist\u00f5es melhora a for\u00e7a e a sensibilidade na travagem<\/strong>, enquanto o novo disco dianteiro convencional oferece um\u00a0<strong>tato mais progressivo e est\u00e1vel<\/strong>.<\/p>\n<p data-start=\"825\" data-end=\"1078\">O\u00a0<strong>design<\/strong>\u00a0tamb\u00e9m foi\u00a0<strong>atualizado<\/strong>\u00a0para refor\u00e7ar a sua presen\u00e7a urbana e o seu car\u00e1cter custom.\u00a0<strong>A Rockster 125 EVO estreia novas cores, gr\u00e1ficos e detalhes est\u00e9ticos de maior qualidade<\/strong>, conseguindo uma imagem mais moderna sem perder a sua ess\u00eancia cl\u00e1ssica.<\/p>\n","protected":false},"excerpt":{"rendered":"<p>CAMPANHA ANIVERS\u00c1RIO MOTO LEONARDO &#8211; POUPE 150\u20ac OU OFERTA 250\u20ac EM EXTRAS\/EQUIPAMENTO &#8211; V\u00c1LIDO APENAS AT\u00c9 28\/02\/2026 PARA A NOSSA UNIDADE EM STOCK! Macbor Rockster 125 EVO PVP: 2.799\u20ac IVA inclu\u00eddo. Acresce Documenta\u00e7\u00e3o, Transporte, ISV e IUC. Sente a autenticidade. Vive o teu estilo. S\u00ea tu pr\u00f3prio. \u27a1\ufe0f Carta de carro B ou de mota A1 \u27a1\ufe0f\u00a0Possibilidade de financiamento \u27a1\ufe0f\u00a0Entrega em casa \u27a1\ufe0f\u00a0Oficina para assist\u00eancia e manuten\u00e7\u00e3o \u27a1\ufe0f\u00a0Garantia 36 meses de f\u00e1brica Informa\u00e7\u00e3o: \u2705 Vers\u00e3o 2025 atualizada com entrega de pot\u00eancia melhorada em 28% \u2705 Sistema de travagem ABS \u2705 Pin\u00e7a dianteira de dois pist\u00f5es \u2705 Jantes de raios \u2705 Encosto passageiro \u2705 Ilumina\u00e7\u00e3o Full LED \u2705 Prote\u00e7\u00e3o de c\u00e1rter Caracter\u00edsticas: \u2705\u00a0Novo motor monocil\u00edndrico de 125cc, com 4 v\u00e1lvulas e refrigera\u00e7\u00e3o a ar. Motor com quase 13cv, ou seja, +28% face ao modelo anterior \u2705Capacidade de dep\u00f3sito de 13,5 Litros \u2705 Peso em andamento 147 Kg \u2705 Altura do assento 730 mm \u2705 Dist\u00e2ncia m\u00ednima ao solo 145 mm A nova\u00a0Rockster 125 EVO\u00a0d\u00e1 um passo firme na evolu\u00e7\u00e3o do ic\u00f3nico modelo da gama custom 125 cc da Macbor. Fiel ao ADN da marca, esta\u00a0vers\u00e3o de 2025\u00a0incorpora melhorias que se traduzem numa experi\u00eancia de\u00a0condu\u00e7\u00e3o mais potente, segura\u00a0e\u00a0refinada. O seu\u00a0novo motor monocil\u00edndrico de 125 cc e 4 v\u00e1lvulas\u00a0oferece uma pot\u00eancia m\u00e1xima de\u00a012,2 CV \u00e0s 9.500 rpm. Esta evolu\u00e7\u00e3o\u00a0melhora a entrega de pot\u00eancia em 28%, proporcionando uma resposta mais viva e eficaz tanto em\u00a0cidade\u00a0como\u00a0fora dela. Em termos de seguran\u00e7a, incorpora um\u00a0sistema de travagem com ABS, marcando um salto em termos qualitativos.\u00a0A pin\u00e7a dianteira de dois pist\u00f5es melhora a for\u00e7a e a sensibilidade na travagem, enquanto o novo disco dianteiro convencional oferece um\u00a0tato mais progressivo e est\u00e1vel. O\u00a0design\u00a0tamb\u00e9m foi\u00a0atualizado\u00a0para refor\u00e7ar a sua presen\u00e7a urbana e o seu car\u00e1cter custom.\u00a0A Rockster 125 EVO estreia novas cores, gr\u00e1ficos e detalhes est\u00e9ticos de maior qualidade, conseguindo uma imagem mais moderna sem perder a sua ess\u00eancia cl\u00e1ssica.<\/p>\n","protected":false},"featured_media":8267,"template":"","meta":{"ocean_post_layout":"","ocean_both_sidebars_style":"","ocean_both_sidebars_content_width":0,"ocean_both_sidebars_sidebars_width":0,"ocean_sidebar":"0","ocean_second_sidebar":"0","ocean_disable_margins":"enable","ocean_add_body_class":"","ocean_shortcode_before_top_bar":"","ocean_shortcode_after_top_bar":"","ocean_shortcode_before_header":"","ocean_shortcode_after_header":"","ocean_has_shortcode":"","ocean_shortcode_after_title":"","ocean_shortcode_before_footer_widgets":"","ocean_shortcode_after_footer_widgets":"","ocean_shortcode_before_footer_bottom":"","ocean_shortcode_after_footer_bottom":"","ocean_display_top_bar":"default","ocean_display_header":"default","ocean_header_style":"","ocean_center_header_left_menu":"0","ocean_custom_header_template":"0","ocean_custom_logo":0,"ocean_custom_retina_logo":0,"ocean_custom_logo_max_width":0,"ocean_custom_logo_tablet_max_width":0,"ocean_custom_logo_mobile_max_width":0,"ocean_custom_logo_max_height":0,"ocean_custom_logo_tablet_max_height":0,"ocean_custom_logo_mobile_max_height":0,"ocean_header_custom_menu":"0","ocean_menu_typo_font_family":"0","ocean_menu_typo_font_subset":"","ocean_menu_typo_font_size":0,"ocean_menu_typo_font_size_tablet":0,"ocean_menu_typo_font_size_mobile":0,"ocean_menu_typo_font_size_unit":"px","ocean_menu_typo_font_weight":"","ocean_menu_typo_font_weight_tablet":"","ocean_menu_typo_font_weight_mobile":"","ocean_menu_typo_transform":"","ocean_menu_typo_transform_tablet":"","ocean_menu_typo_transform_mobile":"","ocean_menu_typo_line_height":0,"ocean_menu_typo_line_height_tablet":0,"ocean_menu_typo_line_height_mobile":0,"ocean_menu_typo_line_height_unit":"","ocean_menu_typo_spacing":0,"ocean_menu_typo_spacing_tablet":0,"ocean_menu_typo_spacing_mobile":0,"ocean_menu_typo_spacing_unit":"","ocean_menu_link_color":"","ocean_menu_link_color_hover":"","ocean_menu_link_color_active":"","ocean_menu_link_background":"","ocean_menu_link_hover_background":"","ocean_menu_link_active_background":"","ocean_menu_social_links_bg":"","ocean_menu_social_hover_links_bg":"","ocean_menu_social_links_color":"","ocean_menu_social_hover_links_color":"","ocean_disable_title":"default","ocean_disable_heading":"default","ocean_post_title":"","ocean_post_subheading":"","ocean_post_title_style":"","ocean_post_title_background_color":"","ocean_post_title_background":0,"ocean_post_title_bg_image_position":"","ocean_post_title_bg_image_attachment":"","ocean_post_title_bg_image_repeat":"","ocean_post_title_bg_image_size":"","ocean_post_title_height":0,"ocean_post_title_bg_overlay":0.5,"ocean_post_title_bg_overlay_color":"","ocean_disable_breadcrumbs":"default","ocean_breadcrumbs_color":"","ocean_breadcrumbs_separator_color":"","ocean_breadcrumbs_links_color":"","ocean_breadcrumbs_links_hover_color":"","ocean_display_footer_widgets":"default","ocean_display_footer_bottom":"default","ocean_custom_footer_template":"0","omw_enable_modal_window":"enable"},"product_brand":[],"product_cat":[742,814,738],"product_tag":[783,815],"class_list":{"0":"post-8216","1":"product","2":"type-product","3":"status-publish","4":"has-post-thumbnail","6":"product_cat-ate-125cc","7":"product_cat-macbor","8":"product_cat-motas-novas","9":"product_tag-campanha-exclusiva","10":"product_tag-macbor","12":"entry","13":"has-media","15":"first","16":"instock","17":"sale","18":"shipping-taxable","19":"product-type-external","20":"has-product-nav","21":"col","22":"span_1_of_4","23":"owp-content-right","24":"owp-thumbs-layout-horizontal","25":"owp-btn-normal","26":"owp-tabs-layout-horizontal"},"yoast_head":"<!-- This site is optimized with the Yoast SEO plugin v27.4 - https:\/\/yoast.com\/product\/yoast-seo-wordpress\/ -->\n<title>Macbor Rockster 125 EVO - Oferta 250\u20ac \ud83d\udce2 - Moto Leonardo<\/title>\n<meta name=\"robots\" content=\"index, follow, max-snippet:-1, max-image-preview:large, max-video-preview:-1\" \/>\n<link rel=\"canonical\" href=\"https:\/\/motoleonardo.com\/?product=macbor-rockster-125-evo\" \/>\n<meta property=\"og:locale\" content=\"pt_PT\" \/>\n<meta property=\"og:type\" content=\"article\" \/>\n<meta property=\"og:title\" content=\"Macbor Rockster 125 EVO - Oferta 250\u20ac \ud83d\udce2 - Moto Leonardo\" \/>\n<meta property=\"og:description\" content=\"CAMPANHA ANIVERS\u00c1RIO MOTO LEONARDO &#8211; POUPE 150\u20ac OU OFERTA 250\u20ac EM EXTRAS\/EQUIPAMENTO &#8211; V\u00c1LIDO APENAS AT\u00c9 28\/02\/2026 PARA A NOSSA UNIDADE EM STOCK! Macbor Rockster 125 EVO PVP: 2.799\u20ac IVA inclu\u00eddo. Acresce Documenta\u00e7\u00e3o, Transporte, ISV e IUC. Sente a autenticidade. Vive o teu estilo. S\u00ea tu pr\u00f3prio. \u27a1\ufe0f Carta de carro B ou de mota A1 \u27a1\ufe0f\u00a0Possibilidade de financiamento \u27a1\ufe0f\u00a0Entrega em casa \u27a1\ufe0f\u00a0Oficina para assist\u00eancia e manuten\u00e7\u00e3o \u27a1\ufe0f\u00a0Garantia 36 meses de f\u00e1brica Informa\u00e7\u00e3o: \u2705 Vers\u00e3o 2025 atualizada com entrega de pot\u00eancia melhorada em 28% \u2705 Sistema de travagem ABS \u2705 Pin\u00e7a dianteira de dois pist\u00f5es \u2705 Jantes de raios \u2705 Encosto passageiro \u2705 Ilumina\u00e7\u00e3o Full LED \u2705 Prote\u00e7\u00e3o de c\u00e1rter Caracter\u00edsticas: \u2705\u00a0Novo motor monocil\u00edndrico de 125cc, com 4 v\u00e1lvulas e refrigera\u00e7\u00e3o a ar. Motor com quase 13cv, ou seja, +28% face ao modelo anterior \u2705Capacidade de dep\u00f3sito de 13,5 Litros \u2705 Peso em andamento 147 Kg \u2705 Altura do assento 730 mm \u2705 Dist\u00e2ncia m\u00ednima ao solo 145 mm A nova\u00a0Rockster 125 EVO\u00a0d\u00e1 um passo firme na evolu\u00e7\u00e3o do ic\u00f3nico modelo da gama custom 125 cc da Macbor. Fiel ao ADN da marca, esta\u00a0vers\u00e3o de 2025\u00a0incorpora melhorias que se traduzem numa experi\u00eancia de\u00a0condu\u00e7\u00e3o mais potente, segura\u00a0e\u00a0refinada. O seu\u00a0novo motor monocil\u00edndrico de 125 cc e 4 v\u00e1lvulas\u00a0oferece uma pot\u00eancia m\u00e1xima de\u00a012,2 CV \u00e0s 9.500 rpm. Esta evolu\u00e7\u00e3o\u00a0melhora a entrega de pot\u00eancia em 28%, proporcionando uma resposta mais viva e eficaz tanto em\u00a0cidade\u00a0como\u00a0fora dela. Em termos de seguran\u00e7a, incorpora um\u00a0sistema de travagem com ABS, marcando um salto em termos qualitativos.\u00a0A pin\u00e7a dianteira de dois pist\u00f5es melhora a for\u00e7a e a sensibilidade na travagem, enquanto o novo disco dianteiro convencional oferece um\u00a0tato mais progressivo e est\u00e1vel. O\u00a0design\u00a0tamb\u00e9m foi\u00a0atualizado\u00a0para refor\u00e7ar a sua presen\u00e7a urbana e o seu car\u00e1cter custom.\u00a0A Rockster 125 EVO estreia novas cores, gr\u00e1ficos e detalhes est\u00e9ticos de maior qualidade, conseguindo uma imagem mais moderna sem perder a sua ess\u00eancia cl\u00e1ssica.\" \/>\n<meta property=\"og:url\" content=\"https:\/\/motoleonardo.com\/?product=macbor-rockster-125-evo\" \/>\n<meta property=\"og:site_name\" content=\"Moto Leonardo\" \/>\n<meta property=\"article:publisher\" content=\"https:\/\/www.facebook.com\/motoleonardopt\" \/>\n<meta property=\"article:modified_time\" content=\"2026-01-12T01:33:35+00:00\" \/>\n<meta property=\"og:image\" content=\"https:\/\/motoleonardo.com\/wp-content\/uploads\/2025\/07\/med_fit_macbor-rockster-125-evo-125-nueva-custom-vista-3-4-derecho-rojo.webp\" \/>\n\t<meta property=\"og:image:width\" content=\"1000\" \/>\n\t<meta property=\"og:image:height\" content=\"800\" \/>\n\t<meta property=\"og:image:type\" content=\"image\/webp\" \/>\n<meta name=\"twitter:card\" content=\"summary_large_image\" \/>\n<meta name=\"twitter:label1\" content=\"Tempo estimado de leitura\" \/>\n\t<meta name=\"twitter:data1\" content=\"3 minutos\" \/>\n<script type=\"application\/ld+json\" class=\"yoast-schema-graph\">{\"@context\":\"https:\\\/\\\/schema.org\",\"@graph\":[{\"@type\":\"WebPage\",\"@id\":\"https:\\\/\\\/motoleonardo.com\\\/?product=macbor-rockster-125-evo\",\"url\":\"https:\\\/\\\/motoleonardo.com\\\/?product=macbor-rockster-125-evo\",\"name\":\"Macbor Rockster 125 EVO - Oferta 250\u20ac \ud83d\udce2 - Moto Leonardo\",\"isPartOf\":{\"@id\":\"https:\\\/\\\/motoleonardo.com\\\/#website\"},\"primaryImageOfPage\":{\"@id\":\"https:\\\/\\\/motoleonardo.com\\\/?product=macbor-rockster-125-evo#primaryimage\"},\"image\":{\"@id\":\"https:\\\/\\\/motoleonardo.com\\\/?product=macbor-rockster-125-evo#primaryimage\"},\"thumbnailUrl\":\"https:\\\/\\\/i0.wp.com\\\/motoleonardo.com\\\/wp-content\\\/uploads\\\/2025\\\/07\\\/med_fit_macbor-rockster-125-evo-125-nueva-custom-vista-3-4-derecho-rojo.webp?fit=1000%2C800&ssl=1\",\"datePublished\":\"2025-07-17T21:39:19+00:00\",\"dateModified\":\"2026-01-12T01:33:35+00:00\",\"breadcrumb\":{\"@id\":\"https:\\\/\\\/motoleonardo.com\\\/?product=macbor-rockster-125-evo#breadcrumb\"},\"inLanguage\":\"pt-PT\",\"potentialAction\":[{\"@type\":\"ReadAction\",\"target\":[\"https:\\\/\\\/motoleonardo.com\\\/?product=macbor-rockster-125-evo\"]}]},{\"@type\":\"ImageObject\",\"inLanguage\":\"pt-PT\",\"@id\":\"https:\\\/\\\/motoleonardo.com\\\/?product=macbor-rockster-125-evo#primaryimage\",\"url\":\"https:\\\/\\\/i0.wp.com\\\/motoleonardo.com\\\/wp-content\\\/uploads\\\/2025\\\/07\\\/med_fit_macbor-rockster-125-evo-125-nueva-custom-vista-3-4-derecho-rojo.webp?fit=1000%2C800&ssl=1\",\"contentUrl\":\"https:\\\/\\\/i0.wp.com\\\/motoleonardo.com\\\/wp-content\\\/uploads\\\/2025\\\/07\\\/med_fit_macbor-rockster-125-evo-125-nueva-custom-vista-3-4-derecho-rojo.webp?fit=1000%2C800&ssl=1\",\"width\":1000,\"height\":800},{\"@type\":\"BreadcrumbList\",\"@id\":\"https:\\\/\\\/motoleonardo.com\\\/?product=macbor-rockster-125-evo#breadcrumb\",\"itemListElement\":[{\"@type\":\"ListItem\",\"position\":1,\"name\":\"In\u00edcio\",\"item\":\"https:\\\/\\\/motoleonardo.com\\\/\"},{\"@type\":\"ListItem\",\"position\":2,\"name\":\"Todas Categorias\",\"item\":\"https:\\\/\\\/motoleonardo.com\\\/?page_id=252\"},{\"@type\":\"ListItem\",\"position\":3,\"name\":\"Macbor Rockster 125 EVO &#8211; Oferta 250\u20ac \ud83d\udce2\"}]},{\"@type\":\"WebSite\",\"@id\":\"https:\\\/\\\/motoleonardo.com\\\/#website\",\"url\":\"https:\\\/\\\/motoleonardo.com\\\/\",\"name\":\"Moto Leonardo\",\"description\":\"Motas Novas e Usadas - Oficina Multimarcas - Pe\u00e7as, Acess\u00f3rios e Equipamento\",\"publisher\":{\"@id\":\"https:\\\/\\\/motoleonardo.com\\\/#organization\"},\"potentialAction\":[{\"@type\":\"SearchAction\",\"target\":{\"@type\":\"EntryPoint\",\"urlTemplate\":\"https:\\\/\\\/motoleonardo.com\\\/?s={search_term_string}\"},\"query-input\":{\"@type\":\"PropertyValueSpecification\",\"valueRequired\":true,\"valueName\":\"search_term_string\"}}],\"inLanguage\":\"pt-PT\"},{\"@type\":\"Organization\",\"@id\":\"https:\\\/\\\/motoleonardo.com\\\/#organization\",\"name\":\"Moto Leonardo\",\"url\":\"https:\\\/\\\/motoleonardo.com\\\/\",\"logo\":{\"@type\":\"ImageObject\",\"inLanguage\":\"pt-PT\",\"@id\":\"https:\\\/\\\/motoleonardo.com\\\/#\\\/schema\\\/logo\\\/image\\\/\",\"url\":\"https:\\\/\\\/i0.wp.com\\\/motoleonardo.com\\\/wp-content\\\/uploads\\\/2022\\\/10\\\/cropped-Professional-Initial-Letter-Typography-Logo.png?fit=512%2C512&ssl=1\",\"contentUrl\":\"https:\\\/\\\/i0.wp.com\\\/motoleonardo.com\\\/wp-content\\\/uploads\\\/2022\\\/10\\\/cropped-Professional-Initial-Letter-Typography-Logo.png?fit=512%2C512&ssl=1\",\"width\":512,\"height\":512,\"caption\":\"Moto Leonardo\"},\"image\":{\"@id\":\"https:\\\/\\\/motoleonardo.com\\\/#\\\/schema\\\/logo\\\/image\\\/\"},\"sameAs\":[\"https:\\\/\\\/www.facebook.com\\\/motoleonardopt\",\"https:\\\/\\\/www.instagram.com\\\/moto_leonardo\\\/\"]}]}<\/script>\n<!-- \/ Yoast SEO plugin. -->","yoast_head_json":{"title":"Macbor Rockster 125 EVO - Oferta 250\u20ac \ud83d\udce2 - Moto Leonardo","robots":{"index":"index","follow":"follow","max-snippet":"max-snippet:-1","max-image-preview":"max-image-preview:large","max-video-preview":"max-video-preview:-1"},"canonical":"https:\/\/motoleonardo.com\/?product=macbor-rockster-125-evo","og_locale":"pt_PT","og_type":"article","og_title":"Macbor Rockster 125 EVO - Oferta 250\u20ac \ud83d\udce2 - Moto Leonardo","og_description":"CAMPANHA ANIVERS\u00c1RIO MOTO LEONARDO &#8211; POUPE 150\u20ac OU OFERTA 250\u20ac EM EXTRAS\/EQUIPAMENTO &#8211; V\u00c1LIDO APENAS AT\u00c9 28\/02\/2026 PARA A NOSSA UNIDADE EM STOCK! Macbor Rockster 125 EVO PVP: 2.799\u20ac IVA inclu\u00eddo. Acresce Documenta\u00e7\u00e3o, Transporte, ISV e IUC. Sente a autenticidade. Vive o teu estilo. S\u00ea tu pr\u00f3prio. \u27a1\ufe0f Carta de carro B ou de mota A1 \u27a1\ufe0f\u00a0Possibilidade de financiamento \u27a1\ufe0f\u00a0Entrega em casa \u27a1\ufe0f\u00a0Oficina para assist\u00eancia e manuten\u00e7\u00e3o \u27a1\ufe0f\u00a0Garantia 36 meses de f\u00e1brica Informa\u00e7\u00e3o: \u2705 Vers\u00e3o 2025 atualizada com entrega de pot\u00eancia melhorada em 28% \u2705 Sistema de travagem ABS \u2705 Pin\u00e7a dianteira de dois pist\u00f5es \u2705 Jantes de raios \u2705 Encosto passageiro \u2705 Ilumina\u00e7\u00e3o Full LED \u2705 Prote\u00e7\u00e3o de c\u00e1rter Caracter\u00edsticas: \u2705\u00a0Novo motor monocil\u00edndrico de 125cc, com 4 v\u00e1lvulas e refrigera\u00e7\u00e3o a ar. Motor com quase 13cv, ou seja, +28% face ao modelo anterior \u2705Capacidade de dep\u00f3sito de 13,5 Litros \u2705 Peso em andamento 147 Kg \u2705 Altura do assento 730 mm \u2705 Dist\u00e2ncia m\u00ednima ao solo 145 mm A nova\u00a0Rockster 125 EVO\u00a0d\u00e1 um passo firme na evolu\u00e7\u00e3o do ic\u00f3nico modelo da gama custom 125 cc da Macbor. Fiel ao ADN da marca, esta\u00a0vers\u00e3o de 2025\u00a0incorpora melhorias que se traduzem numa experi\u00eancia de\u00a0condu\u00e7\u00e3o mais potente, segura\u00a0e\u00a0refinada. O seu\u00a0novo motor monocil\u00edndrico de 125 cc e 4 v\u00e1lvulas\u00a0oferece uma pot\u00eancia m\u00e1xima de\u00a012,2 CV \u00e0s 9.500 rpm. Esta evolu\u00e7\u00e3o\u00a0melhora a entrega de pot\u00eancia em 28%, proporcionando uma resposta mais viva e eficaz tanto em\u00a0cidade\u00a0como\u00a0fora dela. Em termos de seguran\u00e7a, incorpora um\u00a0sistema de travagem com ABS, marcando um salto em termos qualitativos.\u00a0A pin\u00e7a dianteira de dois pist\u00f5es melhora a for\u00e7a e a sensibilidade na travagem, enquanto o novo disco dianteiro convencional oferece um\u00a0tato mais progressivo e est\u00e1vel. O\u00a0design\u00a0tamb\u00e9m foi\u00a0atualizado\u00a0para refor\u00e7ar a sua presen\u00e7a urbana e o seu car\u00e1cter custom.\u00a0A Rockster 125 EVO estreia novas cores, gr\u00e1ficos e detalhes est\u00e9ticos de maior qualidade, conseguindo uma imagem mais moderna sem perder a sua ess\u00eancia cl\u00e1ssica.","og_url":"https:\/\/motoleonardo.com\/?product=macbor-rockster-125-evo","og_site_name":"Moto Leonardo","article_publisher":"https:\/\/www.facebook.com\/motoleonardopt","article_modified_time":"2026-01-12T01:33:35+00:00","og_image":[{"width":1000,"height":800,"url":"https:\/\/motoleonardo.com\/wp-content\/uploads\/2025\/07\/med_fit_macbor-rockster-125-evo-125-nueva-custom-vista-3-4-derecho-rojo.webp","type":"image\/webp"}],"twitter_card":"summary_large_image","twitter_misc":{"Tempo estimado de leitura":"3 minutos"},"schema":{"@context":"https:\/\/schema.org","@graph":[{"@type":"WebPage","@id":"https:\/\/motoleonardo.com\/?product=macbor-rockster-125-evo","url":"https:\/\/motoleonardo.com\/?product=macbor-rockster-125-evo","name":"Macbor Rockster 125 EVO - Oferta 250\u20ac \ud83d\udce2 - Moto Leonardo","isPartOf":{"@id":"https:\/\/motoleonardo.com\/#website"},"primaryImageOfPage":{"@id":"https:\/\/motoleonardo.com\/?product=macbor-rockster-125-evo#primaryimage"},"image":{"@id":"https:\/\/motoleonardo.com\/?product=macbor-rockster-125-evo#primaryimage"},"thumbnailUrl":"https:\/\/i0.wp.com\/motoleonardo.com\/wp-content\/uploads\/2025\/07\/med_fit_macbor-rockster-125-evo-125-nueva-custom-vista-3-4-derecho-rojo.webp?fit=1000%2C800&ssl=1","datePublished":"2025-07-17T21:39:19+00:00","dateModified":"2026-01-12T01:33:35+00:00","breadcrumb":{"@id":"https:\/\/motoleonardo.com\/?product=macbor-rockster-125-evo#breadcrumb"},"inLanguage":"pt-PT","potentialAction":[{"@type":"ReadAction","target":["https:\/\/motoleonardo.com\/?product=macbor-rockster-125-evo"]}]},{"@type":"ImageObject","inLanguage":"pt-PT","@id":"https:\/\/motoleonardo.com\/?product=macbor-rockster-125-evo#primaryimage","url":"https:\/\/i0.wp.com\/motoleonardo.com\/wp-content\/uploads\/2025\/07\/med_fit_macbor-rockster-125-evo-125-nueva-custom-vista-3-4-derecho-rojo.webp?fit=1000%2C800&ssl=1","contentUrl":"https:\/\/i0.wp.com\/motoleonardo.com\/wp-content\/uploads\/2025\/07\/med_fit_macbor-rockster-125-evo-125-nueva-custom-vista-3-4-derecho-rojo.webp?fit=1000%2C800&ssl=1","width":1000,"height":800},{"@type":"BreadcrumbList","@id":"https:\/\/motoleonardo.com\/?product=macbor-rockster-125-evo#breadcrumb","itemListElement":[{"@type":"ListItem","position":1,"name":"In\u00edcio","item":"https:\/\/motoleonardo.com\/"},{"@type":"ListItem","position":2,"name":"Todas Categorias","item":"https:\/\/motoleonardo.com\/?page_id=252"},{"@type":"ListItem","position":3,"name":"Macbor Rockster 125 EVO &#8211; Oferta 250\u20ac \ud83d\udce2"}]},{"@type":"WebSite","@id":"https:\/\/motoleonardo.com\/#website","url":"https:\/\/motoleonardo.com\/","name":"Moto Leonardo","description":"Motas Novas e Usadas - Oficina Multimarcas - Pe\u00e7as, Acess\u00f3rios e Equipamento","publisher":{"@id":"https:\/\/motoleonardo.com\/#organization"},"potentialAction":[{"@type":"SearchAction","target":{"@type":"EntryPoint","urlTemplate":"https:\/\/motoleonardo.com\/?s={search_term_string}"},"query-input":{"@type":"PropertyValueSpecification","valueRequired":true,"valueName":"search_term_string"}}],"inLanguage":"pt-PT"},{"@type":"Organization","@id":"https:\/\/motoleonardo.com\/#organization","name":"Moto Leonardo","url":"https:\/\/motoleonardo.com\/","logo":{"@type":"ImageObject","inLanguage":"pt-PT","@id":"https:\/\/motoleonardo.com\/#\/schema\/logo\/image\/","url":"https:\/\/i0.wp.com\/motoleonardo.com\/wp-content\/uploads\/2022\/10\/cropped-Professional-Initial-Letter-Typography-Logo.png?fit=512%2C512&ssl=1","contentUrl":"https:\/\/i0.wp.com\/motoleonardo.com\/wp-content\/uploads\/2022\/10\/cropped-Professional-Initial-Letter-Typography-Logo.png?fit=512%2C512&ssl=1","width":512,"height":512,"caption":"Moto Leonardo"},"image":{"@id":"https:\/\/motoleonardo.com\/#\/schema\/logo\/image\/"},"sameAs":["https:\/\/www.facebook.com\/motoleonardopt","https:\/\/www.instagram.com\/moto_leonardo\/"]}]}},"jetpack_sharing_enabled":true,"_links":{"self":[{"href":"https:\/\/motoleonardo.com\/index.php?rest_route=\/wp\/v2\/product\/8216","targetHints":{"allow":["GET"]}}],"collection":[{"href":"https:\/\/motoleonardo.com\/index.php?rest_route=\/wp\/v2\/product"}],"about":[{"href":"https:\/\/motoleonardo.com\/index.php?rest_route=\/wp\/v2\/types\/product"}],"wp:featuredmedia":[{"embeddable":true,"href":"https:\/\/motoleonardo.com\/index.php?rest_route=\/wp\/v2\/media\/8267"}],"wp:attachment":[{"href":"https:\/\/motoleonardo.com\/index.php?rest_route=%2Fwp%2Fv2%2Fmedia&parent=8216"}],"wp:term":[{"taxonomy":"product_brand","embeddable":true,"href":"https:\/\/motoleonardo.com\/index.php?rest_route=%2Fwp%2Fv2%2Fproduct_brand&post=8216"},{"taxonomy":"product_cat","embeddable":true,"href":"https:\/\/motoleonardo.com\/index.php?rest_route=%2Fwp%2Fv2%2Fproduct_cat&post=8216"},{"taxonomy":"product_tag","embeddable":true,"href":"https:\/\/motoleonardo.com\/index.php?rest_route=%2Fwp%2Fv2%2Fproduct_tag&post=8216"}],"curies":[{"name":"wp","href":"https:\/\/api.w.org\/{rel}","templated":true}]}}