{"id":8373,"date":"2025-08-27T22:11:33","date_gmt":"2025-08-27T22:11:33","guid":{"rendered":"https:\/\/motoleonardo.com\/?post_type=product&#038;p=8373"},"modified":"2025-08-27T22:12:06","modified_gmt":"2025-08-27T22:12:06","slug":"capacete-axxis-panther-sv-solid-a0-ece-22-06-branco-gloss","status":"publish","type":"product","link":"https:\/\/motoleonardo.com\/?product=capacete-axxis-panther-sv-solid-a0-ece-22-06-branco-gloss","title":{"rendered":"Capacete AXXIS PANTHER SV SOLID A0 (ECE 22.06) &#8211; Branco Gloss"},"content":{"rendered":"<p>Este capacete atende e supera a nova norma europeia de seguran\u00e7a <strong>ECE 22.06<\/strong>, implementada em 2022.<br \/>\nPadr\u00e3o que garante a comercializa\u00e7\u00e3o e o uso deste capacete, que passou nos mais rigorosos testes de qualidade e seguran\u00e7a.<br \/>\nEste capacete tamb\u00e9m possui a aprova\u00e7\u00e3o da norma DOT e Inmetro.<br \/>\n<img data-recalc-dims=\"1\" fetchpriority=\"high\" decoding=\"async\" class=\"alignnone wp-image-8364 size-full\" src=\"https:\/\/i0.wp.com\/motoleonardo.com\/wp-content\/uploads\/2025\/08\/panthersv-features.png?resize=717%2C160&#038;ssl=1\" alt=\"\" width=\"717\" height=\"160\" srcset=\"https:\/\/i0.wp.com\/motoleonardo.com\/wp-content\/uploads\/2025\/08\/panthersv-features.png?w=717&amp;ssl=1 717w, https:\/\/i0.wp.com\/motoleonardo.com\/wp-content\/uploads\/2025\/08\/panthersv-features.png?resize=300%2C67&amp;ssl=1 300w, https:\/\/i0.wp.com\/motoleonardo.com\/wp-content\/uploads\/2025\/08\/panthersv-features.png?resize=454%2C101&amp;ssl=1 454w\" sizes=\"(max-width: 717px) 100vw, 717px\" \/><strong><br \/>\nViseira Solar interna.<\/strong><br \/>\nSempre que o nome do capacete incluir as letras SV, indicar\u00e1 que ele vem com o sistema Sun Visor. O Axxis Panther SV \u00e9 equipado com essa tecnologia, que oferece um \u00f3culos solar interno, ideal para diferentes condi\u00e7\u00f5es de ilumina\u00e7\u00e3o. Em dias ensolarados, o Sun Visor poder\u00e1 ser acionado para proporcionar uma vis\u00e3o mais clara, com o intuito de melhorar a seguran\u00e7a do piloto, garantindo uma experi\u00eancia de pilotagem mais confort\u00e1vel e segura.<\/p>\n<p><strong>Pol\u00edmero de Alta Resist\u00eancia ao Impacto (HIRP).<\/strong><br \/>\nO HIRP, \u00e9 um tipo de material projetado para suportar impactos significativos, mantendo sua integridade estrutural. . \u00c9 composto por uma combina\u00e7\u00e3o de pol\u00edmeros que oferecem um excelente desempenho em caso de impacto, tornando-se ideal para aplica\u00e7\u00f5es que exigem alta durabilidade e seguran\u00e7a.<\/p>\n<p>&#8211; Estrutura interna em EPS com diferentes densidades que proporciona prote\u00e7\u00e3o excepcional<\/p>\n<p>&#8211; Viseira de 2,2mm de espessura de policarbonato \u00f3ptico, com prote\u00e7\u00e3o anti-riscos, prote\u00e7\u00e3o UV e sem distor\u00e7\u00e3o \u00f3ptica.<\/p>\n<p>&#8211; Compat\u00edvel com Pin-lock: Sistema Max Vision.<\/p>\n<p>&#8211; Compat\u00edvel com Fog Off e Pinlock<\/p>\n<p>&#8211; O Panther SV possui um sistema de ventila\u00e7\u00e3o eficiente, garantindo uma circula\u00e7\u00e3o de ar interna superior.<\/p>\n<p>&#8211; Entradas de ar: Duas entradas de ar superiores e uma frontal.<\/p>\n<p>&#8211; Sa\u00eddas de ar: Duas sa\u00eddas traseiras localizadas sob o spoiler.<\/p>\n<p>-Forro composto por tecido antial\u00e9rgico, totalmente remov\u00edvel, sendo projetados para melhorar a ventila\u00e7\u00e3o interna.<\/p>\n<p>&#8211; Spoiler: projetado para gerar maior aerodin\u00e2mica e estabilidade, reduzindo turbul\u00eancias<\/p>\n<p>&#8211; EPS: utilizado como revestimento interno para garantir melhor absor\u00e7\u00e3o de impactos<\/p>\n<p>&#8211; Espa\u00e7o para intercomunicador<\/p>\n<p><strong>Peso aproximado<\/strong><br \/>\nAproximadamente 1550g. (H\u00e1 uma pequena varia\u00e7\u00e3o de acordo com o tamanho escolhido).<\/p>\n<div id=\"ac-2\" class=\"htwoolentor-faq-card js-enabled is-active\">\n<div class=\"htwoolentor-faq-body\" role=\"tabpanel\">\n<div class=\"htwoolentor-faq-content\">\n<p><strong>Tamanhos dispon\u00edveis<\/strong><br \/>\nMedida da cabe\u00e7a: Me\u00e7a a sua cabe\u00e7a passando uma fita m\u00e9trica acima das sobrancelhas e das orelhas.<\/p>\n<\/div>\n<\/div>\n<\/div>\n<div id=\"ac-3\" class=\"htwoolentor-faq-card js-enabled\">\n<div class=\"htwoolentor-faq-head\" role=\"tab\" aria-expanded=\"false\"><strong><img data-recalc-dims=\"1\" decoding=\"async\" class=\"alignnone wp-image-8363 size-full\" src=\"https:\/\/i0.wp.com\/motoleonardo.com\/wp-content\/uploads\/2025\/08\/tamanhos-axxis.png?resize=300%2C61&#038;ssl=1\" alt=\"\" width=\"300\" height=\"61\" \/><\/strong><\/div>\n<\/div>\n","protected":false},"excerpt":{"rendered":"<p>Este capacete atende e supera a nova norma europeia de seguran\u00e7a ECE 22.06, implementada em 2022. Padr\u00e3o que garante a comercializa\u00e7\u00e3o e o uso deste capacete, que passou nos mais rigorosos testes de qualidade e seguran\u00e7a. Este capacete tamb\u00e9m possui a aprova\u00e7\u00e3o da norma DOT e Inmetro. Viseira Solar interna. Sempre que o nome do capacete incluir as letras SV, indicar\u00e1 que ele vem com o sistema Sun Visor. O Axxis Panther SV \u00e9 equipado com essa tecnologia, que oferece um \u00f3culos solar interno, ideal para diferentes condi\u00e7\u00f5es de ilumina\u00e7\u00e3o. Em dias ensolarados, o Sun Visor poder\u00e1 ser acionado para proporcionar uma vis\u00e3o mais clara, com o intuito de melhorar a seguran\u00e7a do piloto, garantindo uma experi\u00eancia de pilotagem mais confort\u00e1vel e segura. Pol\u00edmero de Alta Resist\u00eancia ao Impacto (HIRP). O HIRP, \u00e9 um tipo de material projetado para suportar impactos significativos, mantendo sua integridade estrutural. . \u00c9 composto por uma combina\u00e7\u00e3o de pol\u00edmeros que oferecem um excelente desempenho em caso de impacto, tornando-se ideal para aplica\u00e7\u00f5es que exigem alta durabilidade e seguran\u00e7a. &#8211; Estrutura interna em EPS com diferentes densidades que proporciona prote\u00e7\u00e3o excepcional &#8211; Viseira de 2,2mm de espessura de policarbonato \u00f3ptico, com prote\u00e7\u00e3o anti-riscos, prote\u00e7\u00e3o UV e sem distor\u00e7\u00e3o \u00f3ptica. &#8211; Compat\u00edvel com Pin-lock: Sistema Max Vision. &#8211; Compat\u00edvel com Fog Off e Pinlock &#8211; O Panther SV possui um sistema de ventila\u00e7\u00e3o eficiente, garantindo uma circula\u00e7\u00e3o de ar interna superior. &#8211; Entradas de ar: Duas entradas de ar superiores e uma frontal. &#8211; Sa\u00eddas de ar: Duas sa\u00eddas traseiras localizadas sob o spoiler. -Forro composto por tecido antial\u00e9rgico, totalmente remov\u00edvel, sendo projetados para melhorar a ventila\u00e7\u00e3o interna. &#8211; Spoiler: projetado para gerar maior aerodin\u00e2mica e estabilidade, reduzindo turbul\u00eancias &#8211; EPS: utilizado como revestimento interno para garantir melhor absor\u00e7\u00e3o de impactos &#8211; Espa\u00e7o para intercomunicador Peso aproximado Aproximadamente 1550g. (H\u00e1 uma pequena varia\u00e7\u00e3o de acordo com o tamanho escolhido). Tamanhos dispon\u00edveis Medida da cabe\u00e7a: Me\u00e7a a sua cabe\u00e7a passando uma fita m\u00e9trica acima das sobrancelhas e das orelhas.<\/p>\n","protected":false},"featured_media":8375,"template":"","meta":{"ocean_post_layout":"","ocean_both_sidebars_style":"","ocean_both_sidebars_content_width":0,"ocean_both_sidebars_sidebars_width":0,"ocean_sidebar":"0","ocean_second_sidebar":"0","ocean_disable_margins":"enable","ocean_add_body_class":"","ocean_shortcode_before_top_bar":"","ocean_shortcode_after_top_bar":"","ocean_shortcode_before_header":"","ocean_shortcode_after_header":"","ocean_has_shortcode":"","ocean_shortcode_after_title":"","ocean_shortcode_before_footer_widgets":"","ocean_shortcode_after_footer_widgets":"","ocean_shortcode_before_footer_bottom":"","ocean_shortcode_after_footer_bottom":"","ocean_display_top_bar":"default","ocean_display_header":"default","ocean_header_style":"","ocean_center_header_left_menu":"0","ocean_custom_header_template":"0","ocean_custom_logo":0,"ocean_custom_retina_logo":0,"ocean_custom_logo_max_width":0,"ocean_custom_logo_tablet_max_width":0,"ocean_custom_logo_mobile_max_width":0,"ocean_custom_logo_max_height":0,"ocean_custom_logo_tablet_max_height":0,"ocean_custom_logo_mobile_max_height":0,"ocean_header_custom_menu":"0","ocean_menu_typo_font_family":"0","ocean_menu_typo_font_subset":"","ocean_menu_typo_font_size":0,"ocean_menu_typo_font_size_tablet":0,"ocean_menu_typo_font_size_mobile":0,"ocean_menu_typo_font_size_unit":"px","ocean_menu_typo_font_weight":"","ocean_menu_typo_font_weight_tablet":"","ocean_menu_typo_font_weight_mobile":"","ocean_menu_typo_transform":"","ocean_menu_typo_transform_tablet":"","ocean_menu_typo_transform_mobile":"","ocean_menu_typo_line_height":0,"ocean_menu_typo_line_height_tablet":0,"ocean_menu_typo_line_height_mobile":0,"ocean_menu_typo_line_height_unit":"","ocean_menu_typo_spacing":0,"ocean_menu_typo_spacing_tablet":0,"ocean_menu_typo_spacing_mobile":0,"ocean_menu_typo_spacing_unit":"","ocean_menu_link_color":"","ocean_menu_link_color_hover":"","ocean_menu_link_color_active":"","ocean_menu_link_background":"","ocean_menu_link_hover_background":"","ocean_menu_link_active_background":"","ocean_menu_social_links_bg":"","ocean_menu_social_hover_links_bg":"","ocean_menu_social_links_color":"","ocean_menu_social_hover_links_color":"","ocean_disable_title":"default","ocean_disable_heading":"default","ocean_post_title":"","ocean_post_subheading":"","ocean_post_title_style":"","ocean_post_title_background_color":"","ocean_post_title_background":0,"ocean_post_title_bg_image_position":"","ocean_post_title_bg_image_attachment":"","ocean_post_title_bg_image_repeat":"","ocean_post_title_bg_image_size":"","ocean_post_title_height":0,"ocean_post_title_bg_overlay":0.5,"ocean_post_title_bg_overlay_color":"","ocean_disable_breadcrumbs":"default","ocean_breadcrumbs_color":"","ocean_breadcrumbs_separator_color":"","ocean_breadcrumbs_links_color":"","ocean_breadcrumbs_links_hover_color":"","ocean_display_footer_widgets":"default","ocean_display_footer_bottom":"default","ocean_custom_footer_template":"0","omw_enable_modal_window":"enable"},"product_brand":[781],"product_cat":[26,33],"product_tag":[],"class_list":{"0":"post-8373","1":"product","2":"type-product","3":"status-publish","4":"has-post-thumbnail","6":"product_brand-axxis","7":"product_cat-capacetes","8":"product_cat-capacetes-integrais","10":"entry","11":"has-media","13":"first","14":"instock","15":"shipping-taxable","16":"purchasable","17":"product-type-variable","18":"has-default-attributes","19":"has-product-nav","20":"col","21":"span_1_of_4","22":"owp-content-right","23":"owp-thumbs-layout-horizontal","24":"owp-btn-normal","25":"owp-tabs-layout-horizontal"},"yoast_head":"<!-- This site is optimized with the Yoast SEO plugin v27.3 - https:\/\/yoast.com\/product\/yoast-seo-wordpress\/ -->\n<title>Capacete AXXIS PANTHER SV SOLID A0 (ECE 22.06) - Branco Gloss - Moto Leonardo<\/title>\n<meta name=\"robots\" content=\"index, follow, max-snippet:-1, max-image-preview:large, max-video-preview:-1\" \/>\n<link rel=\"canonical\" href=\"https:\/\/motoleonardo.com\/?product=capacete-axxis-panther-sv-solid-a0-ece-22-06-branco-gloss\" \/>\n<meta property=\"og:locale\" content=\"pt_PT\" \/>\n<meta property=\"og:type\" content=\"article\" \/>\n<meta property=\"og:title\" content=\"Capacete AXXIS PANTHER SV SOLID A0 (ECE 22.06) - Branco Gloss - Moto Leonardo\" \/>\n<meta property=\"og:description\" content=\"Este capacete atende e supera a nova norma europeia de seguran\u00e7a ECE 22.06, implementada em 2022. Padr\u00e3o que garante a comercializa\u00e7\u00e3o e o uso deste capacete, que passou nos mais rigorosos testes de qualidade e seguran\u00e7a. Este capacete tamb\u00e9m possui a aprova\u00e7\u00e3o da norma DOT e Inmetro. Viseira Solar interna. Sempre que o nome do capacete incluir as letras SV, indicar\u00e1 que ele vem com o sistema Sun Visor. O Axxis Panther SV \u00e9 equipado com essa tecnologia, que oferece um \u00f3culos solar interno, ideal para diferentes condi\u00e7\u00f5es de ilumina\u00e7\u00e3o. Em dias ensolarados, o Sun Visor poder\u00e1 ser acionado para proporcionar uma vis\u00e3o mais clara, com o intuito de melhorar a seguran\u00e7a do piloto, garantindo uma experi\u00eancia de pilotagem mais confort\u00e1vel e segura. Pol\u00edmero de Alta Resist\u00eancia ao Impacto (HIRP). O HIRP, \u00e9 um tipo de material projetado para suportar impactos significativos, mantendo sua integridade estrutural. . \u00c9 composto por uma combina\u00e7\u00e3o de pol\u00edmeros que oferecem um excelente desempenho em caso de impacto, tornando-se ideal para aplica\u00e7\u00f5es que exigem alta durabilidade e seguran\u00e7a. &#8211; Estrutura interna em EPS com diferentes densidades que proporciona prote\u00e7\u00e3o excepcional &#8211; Viseira de 2,2mm de espessura de policarbonato \u00f3ptico, com prote\u00e7\u00e3o anti-riscos, prote\u00e7\u00e3o UV e sem distor\u00e7\u00e3o \u00f3ptica. &#8211; Compat\u00edvel com Pin-lock: Sistema Max Vision. &#8211; Compat\u00edvel com Fog Off e Pinlock &#8211; O Panther SV possui um sistema de ventila\u00e7\u00e3o eficiente, garantindo uma circula\u00e7\u00e3o de ar interna superior. &#8211; Entradas de ar: Duas entradas de ar superiores e uma frontal. &#8211; Sa\u00eddas de ar: Duas sa\u00eddas traseiras localizadas sob o spoiler. -Forro composto por tecido antial\u00e9rgico, totalmente remov\u00edvel, sendo projetados para melhorar a ventila\u00e7\u00e3o interna. &#8211; Spoiler: projetado para gerar maior aerodin\u00e2mica e estabilidade, reduzindo turbul\u00eancias &#8211; EPS: utilizado como revestimento interno para garantir melhor absor\u00e7\u00e3o de impactos &#8211; Espa\u00e7o para intercomunicador Peso aproximado Aproximadamente 1550g. (H\u00e1 uma pequena varia\u00e7\u00e3o de acordo com o tamanho escolhido). Tamanhos dispon\u00edveis Medida da cabe\u00e7a: Me\u00e7a a sua cabe\u00e7a passando uma fita m\u00e9trica acima das sobrancelhas e das orelhas.\" \/>\n<meta property=\"og:url\" content=\"https:\/\/motoleonardo.com\/?product=capacete-axxis-panther-sv-solid-a0-ece-22-06-branco-gloss\" \/>\n<meta property=\"og:site_name\" content=\"Moto Leonardo\" \/>\n<meta property=\"article:publisher\" content=\"https:\/\/www.facebook.com\/motoleonardopt\" \/>\n<meta property=\"article:modified_time\" content=\"2025-08-27T22:12:06+00:00\" \/>\n<meta property=\"og:image\" content=\"https:\/\/i0.wp.com\/motoleonardo.com\/wp-content\/uploads\/2025\/08\/48556-0-full-axxis-panther-sv-solid-a0-gloss-white-391.jpg?fit=2000%2C2000&ssl=1\" \/>\n\t<meta property=\"og:image:width\" content=\"2000\" \/>\n\t<meta property=\"og:image:height\" content=\"2000\" \/>\n\t<meta property=\"og:image:type\" content=\"image\/jpeg\" \/>\n<meta name=\"twitter:card\" content=\"summary_large_image\" \/>\n<meta name=\"twitter:label1\" content=\"Tempo estimado de leitura\" \/>\n\t<meta name=\"twitter:data1\" content=\"2 minutos\" \/>\n<script type=\"application\/ld+json\" class=\"yoast-schema-graph\">{\"@context\":\"https:\\\/\\\/schema.org\",\"@graph\":[{\"@type\":\"WebPage\",\"@id\":\"https:\\\/\\\/motoleonardo.com\\\/?product=capacete-axxis-panther-sv-solid-a0-ece-22-06-branco-gloss\",\"url\":\"https:\\\/\\\/motoleonardo.com\\\/?product=capacete-axxis-panther-sv-solid-a0-ece-22-06-branco-gloss\",\"name\":\"Capacete AXXIS PANTHER SV SOLID A0 (ECE 22.06) - Branco Gloss - Moto Leonardo\",\"isPartOf\":{\"@id\":\"https:\\\/\\\/motoleonardo.com\\\/#website\"},\"primaryImageOfPage\":{\"@id\":\"https:\\\/\\\/motoleonardo.com\\\/?product=capacete-axxis-panther-sv-solid-a0-ece-22-06-branco-gloss#primaryimage\"},\"image\":{\"@id\":\"https:\\\/\\\/motoleonardo.com\\\/?product=capacete-axxis-panther-sv-solid-a0-ece-22-06-branco-gloss#primaryimage\"},\"thumbnailUrl\":\"https:\\\/\\\/i0.wp.com\\\/motoleonardo.com\\\/wp-content\\\/uploads\\\/2025\\\/08\\\/48556-0-full-axxis-panther-sv-solid-a0-gloss-white-391.jpg?fit=2000%2C2000&ssl=1\",\"datePublished\":\"2025-08-27T22:11:33+00:00\",\"dateModified\":\"2025-08-27T22:12:06+00:00\",\"breadcrumb\":{\"@id\":\"https:\\\/\\\/motoleonardo.com\\\/?product=capacete-axxis-panther-sv-solid-a0-ece-22-06-branco-gloss#breadcrumb\"},\"inLanguage\":\"pt-PT\",\"potentialAction\":[{\"@type\":\"ReadAction\",\"target\":[\"https:\\\/\\\/motoleonardo.com\\\/?product=capacete-axxis-panther-sv-solid-a0-ece-22-06-branco-gloss\"]}]},{\"@type\":\"ImageObject\",\"inLanguage\":\"pt-PT\",\"@id\":\"https:\\\/\\\/motoleonardo.com\\\/?product=capacete-axxis-panther-sv-solid-a0-ece-22-06-branco-gloss#primaryimage\",\"url\":\"https:\\\/\\\/i0.wp.com\\\/motoleonardo.com\\\/wp-content\\\/uploads\\\/2025\\\/08\\\/48556-0-full-axxis-panther-sv-solid-a0-gloss-white-391.jpg?fit=2000%2C2000&ssl=1\",\"contentUrl\":\"https:\\\/\\\/i0.wp.com\\\/motoleonardo.com\\\/wp-content\\\/uploads\\\/2025\\\/08\\\/48556-0-full-axxis-panther-sv-solid-a0-gloss-white-391.jpg?fit=2000%2C2000&ssl=1\",\"width\":2000,\"height\":2000},{\"@type\":\"BreadcrumbList\",\"@id\":\"https:\\\/\\\/motoleonardo.com\\\/?product=capacete-axxis-panther-sv-solid-a0-ece-22-06-branco-gloss#breadcrumb\",\"itemListElement\":[{\"@type\":\"ListItem\",\"position\":1,\"name\":\"In\u00edcio\",\"item\":\"https:\\\/\\\/motoleonardo.com\\\/\"},{\"@type\":\"ListItem\",\"position\":2,\"name\":\"Todas Categorias\",\"item\":\"https:\\\/\\\/motoleonardo.com\\\/?page_id=252\"},{\"@type\":\"ListItem\",\"position\":3,\"name\":\"Capacete AXXIS PANTHER SV SOLID A0 (ECE 22.06) &#8211; Branco Gloss\"}]},{\"@type\":\"WebSite\",\"@id\":\"https:\\\/\\\/motoleonardo.com\\\/#website\",\"url\":\"https:\\\/\\\/motoleonardo.com\\\/\",\"name\":\"Moto Leonardo\",\"description\":\"Motas Novas e Usadas - Oficina Multimarcas - Pe\u00e7as, Acess\u00f3rios e Equipamento\",\"publisher\":{\"@id\":\"https:\\\/\\\/motoleonardo.com\\\/#organization\"},\"potentialAction\":[{\"@type\":\"SearchAction\",\"target\":{\"@type\":\"EntryPoint\",\"urlTemplate\":\"https:\\\/\\\/motoleonardo.com\\\/?s={search_term_string}\"},\"query-input\":{\"@type\":\"PropertyValueSpecification\",\"valueRequired\":true,\"valueName\":\"search_term_string\"}}],\"inLanguage\":\"pt-PT\"},{\"@type\":\"Organization\",\"@id\":\"https:\\\/\\\/motoleonardo.com\\\/#organization\",\"name\":\"Moto Leonardo\",\"url\":\"https:\\\/\\\/motoleonardo.com\\\/\",\"logo\":{\"@type\":\"ImageObject\",\"inLanguage\":\"pt-PT\",\"@id\":\"https:\\\/\\\/motoleonardo.com\\\/#\\\/schema\\\/logo\\\/image\\\/\",\"url\":\"https:\\\/\\\/i0.wp.com\\\/motoleonardo.com\\\/wp-content\\\/uploads\\\/2022\\\/10\\\/cropped-Professional-Initial-Letter-Typography-Logo.png?fit=512%2C512&ssl=1\",\"contentUrl\":\"https:\\\/\\\/i0.wp.com\\\/motoleonardo.com\\\/wp-content\\\/uploads\\\/2022\\\/10\\\/cropped-Professional-Initial-Letter-Typography-Logo.png?fit=512%2C512&ssl=1\",\"width\":512,\"height\":512,\"caption\":\"Moto Leonardo\"},\"image\":{\"@id\":\"https:\\\/\\\/motoleonardo.com\\\/#\\\/schema\\\/logo\\\/image\\\/\"},\"sameAs\":[\"https:\\\/\\\/www.facebook.com\\\/motoleonardopt\",\"https:\\\/\\\/www.instagram.com\\\/moto_leonardo\\\/\"]}]}<\/script>\n<!-- \/ Yoast SEO plugin. -->","yoast_head_json":{"title":"Capacete AXXIS PANTHER SV SOLID A0 (ECE 22.06) - Branco Gloss - Moto Leonardo","robots":{"index":"index","follow":"follow","max-snippet":"max-snippet:-1","max-image-preview":"max-image-preview:large","max-video-preview":"max-video-preview:-1"},"canonical":"https:\/\/motoleonardo.com\/?product=capacete-axxis-panther-sv-solid-a0-ece-22-06-branco-gloss","og_locale":"pt_PT","og_type":"article","og_title":"Capacete AXXIS PANTHER SV SOLID A0 (ECE 22.06) - Branco Gloss - Moto Leonardo","og_description":"Este capacete atende e supera a nova norma europeia de seguran\u00e7a ECE 22.06, implementada em 2022. Padr\u00e3o que garante a comercializa\u00e7\u00e3o e o uso deste capacete, que passou nos mais rigorosos testes de qualidade e seguran\u00e7a. Este capacete tamb\u00e9m possui a aprova\u00e7\u00e3o da norma DOT e Inmetro. Viseira Solar interna. Sempre que o nome do capacete incluir as letras SV, indicar\u00e1 que ele vem com o sistema Sun Visor. O Axxis Panther SV \u00e9 equipado com essa tecnologia, que oferece um \u00f3culos solar interno, ideal para diferentes condi\u00e7\u00f5es de ilumina\u00e7\u00e3o. Em dias ensolarados, o Sun Visor poder\u00e1 ser acionado para proporcionar uma vis\u00e3o mais clara, com o intuito de melhorar a seguran\u00e7a do piloto, garantindo uma experi\u00eancia de pilotagem mais confort\u00e1vel e segura. Pol\u00edmero de Alta Resist\u00eancia ao Impacto (HIRP). O HIRP, \u00e9 um tipo de material projetado para suportar impactos significativos, mantendo sua integridade estrutural. . \u00c9 composto por uma combina\u00e7\u00e3o de pol\u00edmeros que oferecem um excelente desempenho em caso de impacto, tornando-se ideal para aplica\u00e7\u00f5es que exigem alta durabilidade e seguran\u00e7a. &#8211; Estrutura interna em EPS com diferentes densidades que proporciona prote\u00e7\u00e3o excepcional &#8211; Viseira de 2,2mm de espessura de policarbonato \u00f3ptico, com prote\u00e7\u00e3o anti-riscos, prote\u00e7\u00e3o UV e sem distor\u00e7\u00e3o \u00f3ptica. &#8211; Compat\u00edvel com Pin-lock: Sistema Max Vision. &#8211; Compat\u00edvel com Fog Off e Pinlock &#8211; O Panther SV possui um sistema de ventila\u00e7\u00e3o eficiente, garantindo uma circula\u00e7\u00e3o de ar interna superior. &#8211; Entradas de ar: Duas entradas de ar superiores e uma frontal. &#8211; Sa\u00eddas de ar: Duas sa\u00eddas traseiras localizadas sob o spoiler. -Forro composto por tecido antial\u00e9rgico, totalmente remov\u00edvel, sendo projetados para melhorar a ventila\u00e7\u00e3o interna. &#8211; Spoiler: projetado para gerar maior aerodin\u00e2mica e estabilidade, reduzindo turbul\u00eancias &#8211; EPS: utilizado como revestimento interno para garantir melhor absor\u00e7\u00e3o de impactos &#8211; Espa\u00e7o para intercomunicador Peso aproximado Aproximadamente 1550g. (H\u00e1 uma pequena varia\u00e7\u00e3o de acordo com o tamanho escolhido). Tamanhos dispon\u00edveis Medida da cabe\u00e7a: Me\u00e7a a sua cabe\u00e7a passando uma fita m\u00e9trica acima das sobrancelhas e das orelhas.","og_url":"https:\/\/motoleonardo.com\/?product=capacete-axxis-panther-sv-solid-a0-ece-22-06-branco-gloss","og_site_name":"Moto Leonardo","article_publisher":"https:\/\/www.facebook.com\/motoleonardopt","article_modified_time":"2025-08-27T22:12:06+00:00","og_image":[{"width":2000,"height":2000,"url":"https:\/\/i0.wp.com\/motoleonardo.com\/wp-content\/uploads\/2025\/08\/48556-0-full-axxis-panther-sv-solid-a0-gloss-white-391.jpg?fit=2000%2C2000&ssl=1","type":"image\/jpeg"}],"twitter_card":"summary_large_image","twitter_misc":{"Tempo estimado de leitura":"2 minutos"},"schema":{"@context":"https:\/\/schema.org","@graph":[{"@type":"WebPage","@id":"https:\/\/motoleonardo.com\/?product=capacete-axxis-panther-sv-solid-a0-ece-22-06-branco-gloss","url":"https:\/\/motoleonardo.com\/?product=capacete-axxis-panther-sv-solid-a0-ece-22-06-branco-gloss","name":"Capacete AXXIS PANTHER SV SOLID A0 (ECE 22.06) - Branco Gloss - Moto Leonardo","isPartOf":{"@id":"https:\/\/motoleonardo.com\/#website"},"primaryImageOfPage":{"@id":"https:\/\/motoleonardo.com\/?product=capacete-axxis-panther-sv-solid-a0-ece-22-06-branco-gloss#primaryimage"},"image":{"@id":"https:\/\/motoleonardo.com\/?product=capacete-axxis-panther-sv-solid-a0-ece-22-06-branco-gloss#primaryimage"},"thumbnailUrl":"https:\/\/i0.wp.com\/motoleonardo.com\/wp-content\/uploads\/2025\/08\/48556-0-full-axxis-panther-sv-solid-a0-gloss-white-391.jpg?fit=2000%2C2000&ssl=1","datePublished":"2025-08-27T22:11:33+00:00","dateModified":"2025-08-27T22:12:06+00:00","breadcrumb":{"@id":"https:\/\/motoleonardo.com\/?product=capacete-axxis-panther-sv-solid-a0-ece-22-06-branco-gloss#breadcrumb"},"inLanguage":"pt-PT","potentialAction":[{"@type":"ReadAction","target":["https:\/\/motoleonardo.com\/?product=capacete-axxis-panther-sv-solid-a0-ece-22-06-branco-gloss"]}]},{"@type":"ImageObject","inLanguage":"pt-PT","@id":"https:\/\/motoleonardo.com\/?product=capacete-axxis-panther-sv-solid-a0-ece-22-06-branco-gloss#primaryimage","url":"https:\/\/i0.wp.com\/motoleonardo.com\/wp-content\/uploads\/2025\/08\/48556-0-full-axxis-panther-sv-solid-a0-gloss-white-391.jpg?fit=2000%2C2000&ssl=1","contentUrl":"https:\/\/i0.wp.com\/motoleonardo.com\/wp-content\/uploads\/2025\/08\/48556-0-full-axxis-panther-sv-solid-a0-gloss-white-391.jpg?fit=2000%2C2000&ssl=1","width":2000,"height":2000},{"@type":"BreadcrumbList","@id":"https:\/\/motoleonardo.com\/?product=capacete-axxis-panther-sv-solid-a0-ece-22-06-branco-gloss#breadcrumb","itemListElement":[{"@type":"ListItem","position":1,"name":"In\u00edcio","item":"https:\/\/motoleonardo.com\/"},{"@type":"ListItem","position":2,"name":"Todas Categorias","item":"https:\/\/motoleonardo.com\/?page_id=252"},{"@type":"ListItem","position":3,"name":"Capacete AXXIS PANTHER SV SOLID A0 (ECE 22.06) &#8211; Branco Gloss"}]},{"@type":"WebSite","@id":"https:\/\/motoleonardo.com\/#website","url":"https:\/\/motoleonardo.com\/","name":"Moto Leonardo","description":"Motas Novas e Usadas - Oficina Multimarcas - Pe\u00e7as, Acess\u00f3rios e Equipamento","publisher":{"@id":"https:\/\/motoleonardo.com\/#organization"},"potentialAction":[{"@type":"SearchAction","target":{"@type":"EntryPoint","urlTemplate":"https:\/\/motoleonardo.com\/?s={search_term_string}"},"query-input":{"@type":"PropertyValueSpecification","valueRequired":true,"valueName":"search_term_string"}}],"inLanguage":"pt-PT"},{"@type":"Organization","@id":"https:\/\/motoleonardo.com\/#organization","name":"Moto Leonardo","url":"https:\/\/motoleonardo.com\/","logo":{"@type":"ImageObject","inLanguage":"pt-PT","@id":"https:\/\/motoleonardo.com\/#\/schema\/logo\/image\/","url":"https:\/\/i0.wp.com\/motoleonardo.com\/wp-content\/uploads\/2022\/10\/cropped-Professional-Initial-Letter-Typography-Logo.png?fit=512%2C512&ssl=1","contentUrl":"https:\/\/i0.wp.com\/motoleonardo.com\/wp-content\/uploads\/2022\/10\/cropped-Professional-Initial-Letter-Typography-Logo.png?fit=512%2C512&ssl=1","width":512,"height":512,"caption":"Moto Leonardo"},"image":{"@id":"https:\/\/motoleonardo.com\/#\/schema\/logo\/image\/"},"sameAs":["https:\/\/www.facebook.com\/motoleonardopt","https:\/\/www.instagram.com\/moto_leonardo\/"]}]}},"jetpack_sharing_enabled":true,"_links":{"self":[{"href":"https:\/\/motoleonardo.com\/index.php?rest_route=\/wp\/v2\/product\/8373","targetHints":{"allow":["GET"]}}],"collection":[{"href":"https:\/\/motoleonardo.com\/index.php?rest_route=\/wp\/v2\/product"}],"about":[{"href":"https:\/\/motoleonardo.com\/index.php?rest_route=\/wp\/v2\/types\/product"}],"wp:featuredmedia":[{"embeddable":true,"href":"https:\/\/motoleonardo.com\/index.php?rest_route=\/wp\/v2\/media\/8375"}],"wp:attachment":[{"href":"https:\/\/motoleonardo.com\/index.php?rest_route=%2Fwp%2Fv2%2Fmedia&parent=8373"}],"wp:term":[{"taxonomy":"product_brand","embeddable":true,"href":"https:\/\/motoleonardo.com\/index.php?rest_route=%2Fwp%2Fv2%2Fproduct_brand&post=8373"},{"taxonomy":"product_cat","embeddable":true,"href":"https:\/\/motoleonardo.com\/index.php?rest_route=%2Fwp%2Fv2%2Fproduct_cat&post=8373"},{"taxonomy":"product_tag","embeddable":true,"href":"https:\/\/motoleonardo.com\/index.php?rest_route=%2Fwp%2Fv2%2Fproduct_tag&post=8373"}],"curies":[{"name":"wp","href":"https:\/\/api.w.org\/{rel}","templated":true}]}}