{"id":8434,"date":"2025-09-10T11:33:39","date_gmt":"2025-09-10T11:33:39","guid":{"rendered":"https:\/\/motoleonardo.com\/?post_type=product&#038;p=8434"},"modified":"2025-09-10T11:35:46","modified_gmt":"2025-09-10T11:35:46","slug":"capacete-airoh-commander-concrete-grey-mate","status":"publish","type":"product","link":"https:\/\/motoleonardo.com\/?product=capacete-airoh-commander-concrete-grey-mate","title":{"rendered":"Capacete Airoh Commander Concrete Grey Mate"},"content":{"rendered":"<p><b>Capacete Airoh Commander Full Face concrete grey mate<\/b><\/p>\n<p>Airoh Commander tem sido o capacete de motociclista mais vendido para os verdadeiros amantes da aventura que pode ser usado em 3 vers\u00f5es diferentes, para estar sempre impec\u00e1vel. Esta nova atualiza\u00e7\u00e3o reescreve completamente as regras do jogo!<\/p>\n<p>Capacete Airoh com tr\u00eas conchas diferentes para enfatizar um ajuste confort\u00e1vel, dispon\u00edvel em Full Carbon 6K ou Composite Carbon, com um sofisticado sistema de ventila\u00e7\u00e3o projetado e otimizado diretamente dentro do t\u00fanel de vento. Entre as principais novidades do Commander 2 est\u00e3o os sistemas ASN e AEFR para aumentar ainda mais a seguran\u00e7a do piloto, que agora pode desfrutar de sua viagem com total liberdade, sem perder nem o menor detalhe.<\/p>\n<p>Isto tamb\u00e9m se deve \u00e0 incr\u00edvel viseira que permite uma vis\u00e3o extra ampla e \u00e9 completada com o A3S (Airoh Automatic Antifog System) e sistemas de bloqueio. A tudo isto junta-se um equipamento excecional dentro da caixa que inclui tamb\u00e9m a lente Pinlock 120 XLT, para aumentar exponencialmente o prazer de condu\u00e7\u00e3o.<\/p>\n<p><strong>FORRO INTERIOR;<\/strong><\/p>\n<p>Coolmax\u00ae | T\u00eaxteis T\u00e9cnicos de Desempenho Superior 2dry Microsense Sanited | Remov\u00edvel e Lav\u00e1vel | Hipoalerg\u00eanico<\/p>\n<p><strong>DENTRO DA CAIXA:<\/strong><\/p>\n<p>Pare o vento | Pinlock 120 XLT<\/p>\n<p><strong>ESPECIFICA\u00c7\u00d5ES:<\/strong><\/p>\n<ul>\n<li>Aprovado pela CEE<\/li>\n<li>Shell em HPC (composto de alto desempenho)<\/li>\n<li>Dois tamanhos de concha<\/li>\n<li>Fecho de fivela dupla<\/li>\n<li>Tela grande resistente a arranh\u00f5es e UV<\/li>\n<li>Sistema de bloqueio de tela<\/li>\n<li>Posi\u00e7\u00e3o antiemba\u00e7ante<\/li>\n<li>Pinlock inclu\u00eddo<\/li>\n<li>Aberturas superiores, frontais e queixo<\/li>\n<li>Interiores hipoalerg\u00eanicos remov\u00edveis e lav\u00e1veis<\/li>\n<li>V\u00e1rias configura\u00e7\u00f5es de capacete (vers\u00f5es off-road, naked e on\/off)<\/li>\n<li>Suporte GoPro inclu\u00eddo para a vers\u00e3o nua<\/li>\n<li>Suporte GoPro inclu\u00eddo para vers\u00e3o enduro<\/li>\n<li>Capas para a vers\u00e3o nua inclu\u00eddas<\/li>\n<li>Capas para a vers\u00e3o nua inclu\u00eddas<\/li>\n<\/ul>\n<p>&nbsp;<\/p>\n<p><b>INFORMA\u00c7\u00d5ES EXTRAS:<\/b><\/p>\n<p>Marca AIROH<\/p>\n<p>Aumento do modelo Commander<\/p>\n<p>Certifica\u00e7\u00e3o ECE 22.05<\/p>\n<p>Fermeture Double boucl\u00e9<\/p>\n<p>Cor Cinza Cimento Mate<\/p>\n<p>Peso 1240g \u00b150g<\/p>\n<p>HPC Carbon<\/p>\n<p>Sexo unissex adulto<\/p>\n<p>&nbsp;<\/p>\n","protected":false},"excerpt":{"rendered":"<p>Capacete Airoh Commander Full Face concrete grey mate Airoh Commander tem sido o capacete de motociclista mais vendido para os verdadeiros amantes da aventura que pode ser usado em 3 vers\u00f5es diferentes, para estar sempre impec\u00e1vel. Esta nova atualiza\u00e7\u00e3o reescreve completamente as regras do jogo! Capacete Airoh com tr\u00eas conchas diferentes para enfatizar um ajuste confort\u00e1vel, dispon\u00edvel em Full Carbon 6K ou Composite Carbon, com um sofisticado sistema de ventila\u00e7\u00e3o projetado e otimizado diretamente dentro do t\u00fanel de vento. Entre as principais novidades do Commander 2 est\u00e3o os sistemas ASN e AEFR para aumentar ainda mais a seguran\u00e7a do piloto, que agora pode desfrutar de sua viagem com total liberdade, sem perder nem o menor detalhe. Isto tamb\u00e9m se deve \u00e0 incr\u00edvel viseira que permite uma vis\u00e3o extra ampla e \u00e9 completada com o A3S (Airoh Automatic Antifog System) e sistemas de bloqueio. A tudo isto junta-se um equipamento excecional dentro da caixa que inclui tamb\u00e9m a lente Pinlock 120 XLT, para aumentar exponencialmente o prazer de condu\u00e7\u00e3o. FORRO INTERIOR; Coolmax\u00ae | T\u00eaxteis T\u00e9cnicos de Desempenho Superior 2dry Microsense Sanited | Remov\u00edvel e Lav\u00e1vel | Hipoalerg\u00eanico DENTRO DA CAIXA: Pare o vento | Pinlock 120 XLT ESPECIFICA\u00c7\u00d5ES: Aprovado pela CEE Shell em HPC (composto de alto desempenho) Dois tamanhos de concha Fecho de fivela dupla Tela grande resistente a arranh\u00f5es e UV Sistema de bloqueio de tela Posi\u00e7\u00e3o antiemba\u00e7ante Pinlock inclu\u00eddo Aberturas superiores, frontais e queixo Interiores hipoalerg\u00eanicos remov\u00edveis e lav\u00e1veis V\u00e1rias configura\u00e7\u00f5es de capacete (vers\u00f5es off-road, naked e on\/off) Suporte GoPro inclu\u00eddo para a vers\u00e3o nua Suporte GoPro inclu\u00eddo para vers\u00e3o enduro Capas para a vers\u00e3o nua inclu\u00eddas Capas para a vers\u00e3o nua inclu\u00eddas &nbsp; INFORMA\u00c7\u00d5ES EXTRAS: Marca AIROH Aumento do modelo Commander Certifica\u00e7\u00e3o ECE 22.05 Fermeture Double boucl\u00e9 Cor Cinza Cimento Mate Peso 1240g \u00b150g HPC Carbon Sexo unissex adulto &nbsp;<\/p>\n","protected":false},"featured_media":8435,"template":"","meta":{"ocean_post_layout":"","ocean_both_sidebars_style":"","ocean_both_sidebars_content_width":0,"ocean_both_sidebars_sidebars_width":0,"ocean_sidebar":"0","ocean_second_sidebar":"0","ocean_disable_margins":"enable","ocean_add_body_class":"","ocean_shortcode_before_top_bar":"","ocean_shortcode_after_top_bar":"","ocean_shortcode_before_header":"","ocean_shortcode_after_header":"","ocean_has_shortcode":"","ocean_shortcode_after_title":"","ocean_shortcode_before_footer_widgets":"","ocean_shortcode_after_footer_widgets":"","ocean_shortcode_before_footer_bottom":"","ocean_shortcode_after_footer_bottom":"","ocean_display_top_bar":"default","ocean_display_header":"default","ocean_header_style":"","ocean_center_header_left_menu":"0","ocean_custom_header_template":"0","ocean_custom_logo":0,"ocean_custom_retina_logo":0,"ocean_custom_logo_max_width":0,"ocean_custom_logo_tablet_max_width":0,"ocean_custom_logo_mobile_max_width":0,"ocean_custom_logo_max_height":0,"ocean_custom_logo_tablet_max_height":0,"ocean_custom_logo_mobile_max_height":0,"ocean_header_custom_menu":"0","ocean_menu_typo_font_family":"0","ocean_menu_typo_font_subset":"","ocean_menu_typo_font_size":0,"ocean_menu_typo_font_size_tablet":0,"ocean_menu_typo_font_size_mobile":0,"ocean_menu_typo_font_size_unit":"px","ocean_menu_typo_font_weight":"","ocean_menu_typo_font_weight_tablet":"","ocean_menu_typo_font_weight_mobile":"","ocean_menu_typo_transform":"","ocean_menu_typo_transform_tablet":"","ocean_menu_typo_transform_mobile":"","ocean_menu_typo_line_height":0,"ocean_menu_typo_line_height_tablet":0,"ocean_menu_typo_line_height_mobile":0,"ocean_menu_typo_line_height_unit":"","ocean_menu_typo_spacing":0,"ocean_menu_typo_spacing_tablet":0,"ocean_menu_typo_spacing_mobile":0,"ocean_menu_typo_spacing_unit":"","ocean_menu_link_color":"","ocean_menu_link_color_hover":"","ocean_menu_link_color_active":"","ocean_menu_link_background":"","ocean_menu_link_hover_background":"","ocean_menu_link_active_background":"","ocean_menu_social_links_bg":"","ocean_menu_social_hover_links_bg":"","ocean_menu_social_links_color":"","ocean_menu_social_hover_links_color":"","ocean_disable_title":"default","ocean_disable_heading":"default","ocean_post_title":"","ocean_post_subheading":"","ocean_post_title_style":"","ocean_post_title_background_color":"","ocean_post_title_background":0,"ocean_post_title_bg_image_position":"","ocean_post_title_bg_image_attachment":"","ocean_post_title_bg_image_repeat":"","ocean_post_title_bg_image_size":"","ocean_post_title_height":0,"ocean_post_title_bg_overlay":0.5,"ocean_post_title_bg_overlay_color":"","ocean_disable_breadcrumbs":"default","ocean_breadcrumbs_color":"","ocean_breadcrumbs_separator_color":"","ocean_breadcrumbs_links_color":"","ocean_breadcrumbs_links_hover_color":"","ocean_display_footer_widgets":"default","ocean_display_footer_bottom":"default","ocean_custom_footer_template":"0","omw_enable_modal_window":"enable"},"product_brand":[779],"product_cat":[26,364],"product_tag":[713],"class_list":{"0":"post-8434","1":"product","2":"type-product","3":"status-publish","4":"has-post-thumbnail","6":"product_brand-airoh","7":"product_cat-capacetes","8":"product_cat-off-road","9":"product_tag-oportunidade","11":"entry","12":"has-media","14":"first","15":"instock","16":"sale","17":"shipping-taxable","18":"purchasable","19":"product-type-variable","20":"has-default-attributes","21":"has-product-nav","22":"col","23":"span_1_of_4","24":"owp-content-right","25":"owp-thumbs-layout-horizontal","26":"owp-btn-normal","27":"owp-tabs-layout-horizontal","28":"has-no-thumbnails"},"yoast_head":"<!-- This site is optimized with the Yoast SEO plugin v27.4 - https:\/\/yoast.com\/product\/yoast-seo-wordpress\/ -->\n<title>Capacete Airoh Commander Concrete Grey Mate - Moto Leonardo<\/title>\n<meta name=\"robots\" content=\"index, follow, max-snippet:-1, max-image-preview:large, max-video-preview:-1\" \/>\n<link rel=\"canonical\" href=\"https:\/\/motoleonardo.com\/?product=capacete-airoh-commander-concrete-grey-mate\" \/>\n<meta property=\"og:locale\" content=\"pt_PT\" \/>\n<meta property=\"og:type\" content=\"article\" \/>\n<meta property=\"og:title\" content=\"Capacete Airoh Commander Concrete Grey Mate - Moto Leonardo\" \/>\n<meta property=\"og:description\" content=\"Capacete Airoh Commander Full Face concrete grey mate Airoh Commander tem sido o capacete de motociclista mais vendido para os verdadeiros amantes da aventura que pode ser usado em 3 vers\u00f5es diferentes, para estar sempre impec\u00e1vel. Esta nova atualiza\u00e7\u00e3o reescreve completamente as regras do jogo! Capacete Airoh com tr\u00eas conchas diferentes para enfatizar um ajuste confort\u00e1vel, dispon\u00edvel em Full Carbon 6K ou Composite Carbon, com um sofisticado sistema de ventila\u00e7\u00e3o projetado e otimizado diretamente dentro do t\u00fanel de vento. Entre as principais novidades do Commander 2 est\u00e3o os sistemas ASN e AEFR para aumentar ainda mais a seguran\u00e7a do piloto, que agora pode desfrutar de sua viagem com total liberdade, sem perder nem o menor detalhe. Isto tamb\u00e9m se deve \u00e0 incr\u00edvel viseira que permite uma vis\u00e3o extra ampla e \u00e9 completada com o A3S (Airoh Automatic Antifog System) e sistemas de bloqueio. A tudo isto junta-se um equipamento excecional dentro da caixa que inclui tamb\u00e9m a lente Pinlock 120 XLT, para aumentar exponencialmente o prazer de condu\u00e7\u00e3o. FORRO INTERIOR; Coolmax\u00ae | T\u00eaxteis T\u00e9cnicos de Desempenho Superior 2dry Microsense Sanited | Remov\u00edvel e Lav\u00e1vel | Hipoalerg\u00eanico DENTRO DA CAIXA: Pare o vento | Pinlock 120 XLT ESPECIFICA\u00c7\u00d5ES: Aprovado pela CEE Shell em HPC (composto de alto desempenho) Dois tamanhos de concha Fecho de fivela dupla Tela grande resistente a arranh\u00f5es e UV Sistema de bloqueio de tela Posi\u00e7\u00e3o antiemba\u00e7ante Pinlock inclu\u00eddo Aberturas superiores, frontais e queixo Interiores hipoalerg\u00eanicos remov\u00edveis e lav\u00e1veis V\u00e1rias configura\u00e7\u00f5es de capacete (vers\u00f5es off-road, naked e on\/off) Suporte GoPro inclu\u00eddo para a vers\u00e3o nua Suporte GoPro inclu\u00eddo para vers\u00e3o enduro Capas para a vers\u00e3o nua inclu\u00eddas Capas para a vers\u00e3o nua inclu\u00eddas &nbsp; INFORMA\u00c7\u00d5ES EXTRAS: Marca AIROH Aumento do modelo Commander Certifica\u00e7\u00e3o ECE 22.05 Fermeture Double boucl\u00e9 Cor Cinza Cimento Mate Peso 1240g \u00b150g HPC Carbon Sexo unissex adulto &nbsp;\" \/>\n<meta property=\"og:url\" content=\"https:\/\/motoleonardo.com\/?product=capacete-airoh-commander-concrete-grey-mate\" \/>\n<meta property=\"og:site_name\" content=\"Moto Leonardo\" \/>\n<meta property=\"article:publisher\" content=\"https:\/\/www.facebook.com\/motoleonardopt\" \/>\n<meta property=\"article:modified_time\" content=\"2025-09-10T11:35:46+00:00\" \/>\n<meta property=\"og:image\" content=\"https:\/\/i0.wp.com\/motoleonardo.com\/wp-content\/uploads\/2025\/09\/airoh-commander-color-concrete-greymate.webp?fit=1200%2C1200&ssl=1\" \/>\n\t<meta property=\"og:image:width\" content=\"1200\" \/>\n\t<meta property=\"og:image:height\" content=\"1200\" \/>\n\t<meta property=\"og:image:type\" content=\"image\/webp\" \/>\n<meta name=\"twitter:card\" content=\"summary_large_image\" \/>\n<meta name=\"twitter:label1\" content=\"Tempo estimado de leitura\" \/>\n\t<meta name=\"twitter:data1\" content=\"2 minutos\" \/>\n<script type=\"application\/ld+json\" class=\"yoast-schema-graph\">{\"@context\":\"https:\\\/\\\/schema.org\",\"@graph\":[{\"@type\":\"WebPage\",\"@id\":\"https:\\\/\\\/motoleonardo.com\\\/?product=capacete-airoh-commander-concrete-grey-mate\",\"url\":\"https:\\\/\\\/motoleonardo.com\\\/?product=capacete-airoh-commander-concrete-grey-mate\",\"name\":\"Capacete Airoh Commander Concrete Grey Mate - Moto Leonardo\",\"isPartOf\":{\"@id\":\"https:\\\/\\\/motoleonardo.com\\\/#website\"},\"primaryImageOfPage\":{\"@id\":\"https:\\\/\\\/motoleonardo.com\\\/?product=capacete-airoh-commander-concrete-grey-mate#primaryimage\"},\"image\":{\"@id\":\"https:\\\/\\\/motoleonardo.com\\\/?product=capacete-airoh-commander-concrete-grey-mate#primaryimage\"},\"thumbnailUrl\":\"https:\\\/\\\/i0.wp.com\\\/motoleonardo.com\\\/wp-content\\\/uploads\\\/2025\\\/09\\\/airoh-commander-color-concrete-greymate.webp?fit=1200%2C1200&ssl=1\",\"datePublished\":\"2025-09-10T11:33:39+00:00\",\"dateModified\":\"2025-09-10T11:35:46+00:00\",\"breadcrumb\":{\"@id\":\"https:\\\/\\\/motoleonardo.com\\\/?product=capacete-airoh-commander-concrete-grey-mate#breadcrumb\"},\"inLanguage\":\"pt-PT\",\"potentialAction\":[{\"@type\":\"ReadAction\",\"target\":[\"https:\\\/\\\/motoleonardo.com\\\/?product=capacete-airoh-commander-concrete-grey-mate\"]}]},{\"@type\":\"ImageObject\",\"inLanguage\":\"pt-PT\",\"@id\":\"https:\\\/\\\/motoleonardo.com\\\/?product=capacete-airoh-commander-concrete-grey-mate#primaryimage\",\"url\":\"https:\\\/\\\/i0.wp.com\\\/motoleonardo.com\\\/wp-content\\\/uploads\\\/2025\\\/09\\\/airoh-commander-color-concrete-greymate.webp?fit=1200%2C1200&ssl=1\",\"contentUrl\":\"https:\\\/\\\/i0.wp.com\\\/motoleonardo.com\\\/wp-content\\\/uploads\\\/2025\\\/09\\\/airoh-commander-color-concrete-greymate.webp?fit=1200%2C1200&ssl=1\",\"width\":1200,\"height\":1200},{\"@type\":\"BreadcrumbList\",\"@id\":\"https:\\\/\\\/motoleonardo.com\\\/?product=capacete-airoh-commander-concrete-grey-mate#breadcrumb\",\"itemListElement\":[{\"@type\":\"ListItem\",\"position\":1,\"name\":\"In\u00edcio\",\"item\":\"https:\\\/\\\/motoleonardo.com\\\/\"},{\"@type\":\"ListItem\",\"position\":2,\"name\":\"Todas Categorias\",\"item\":\"https:\\\/\\\/motoleonardo.com\\\/?page_id=252\"},{\"@type\":\"ListItem\",\"position\":3,\"name\":\"Capacete Airoh Commander Concrete Grey Mate\"}]},{\"@type\":\"WebSite\",\"@id\":\"https:\\\/\\\/motoleonardo.com\\\/#website\",\"url\":\"https:\\\/\\\/motoleonardo.com\\\/\",\"name\":\"Moto Leonardo\",\"description\":\"Motas Novas e Usadas - Oficina Multimarcas - Pe\u00e7as, Acess\u00f3rios e Equipamento\",\"publisher\":{\"@id\":\"https:\\\/\\\/motoleonardo.com\\\/#organization\"},\"potentialAction\":[{\"@type\":\"SearchAction\",\"target\":{\"@type\":\"EntryPoint\",\"urlTemplate\":\"https:\\\/\\\/motoleonardo.com\\\/?s={search_term_string}\"},\"query-input\":{\"@type\":\"PropertyValueSpecification\",\"valueRequired\":true,\"valueName\":\"search_term_string\"}}],\"inLanguage\":\"pt-PT\"},{\"@type\":\"Organization\",\"@id\":\"https:\\\/\\\/motoleonardo.com\\\/#organization\",\"name\":\"Moto Leonardo\",\"url\":\"https:\\\/\\\/motoleonardo.com\\\/\",\"logo\":{\"@type\":\"ImageObject\",\"inLanguage\":\"pt-PT\",\"@id\":\"https:\\\/\\\/motoleonardo.com\\\/#\\\/schema\\\/logo\\\/image\\\/\",\"url\":\"https:\\\/\\\/i0.wp.com\\\/motoleonardo.com\\\/wp-content\\\/uploads\\\/2022\\\/10\\\/cropped-Professional-Initial-Letter-Typography-Logo.png?fit=512%2C512&ssl=1\",\"contentUrl\":\"https:\\\/\\\/i0.wp.com\\\/motoleonardo.com\\\/wp-content\\\/uploads\\\/2022\\\/10\\\/cropped-Professional-Initial-Letter-Typography-Logo.png?fit=512%2C512&ssl=1\",\"width\":512,\"height\":512,\"caption\":\"Moto Leonardo\"},\"image\":{\"@id\":\"https:\\\/\\\/motoleonardo.com\\\/#\\\/schema\\\/logo\\\/image\\\/\"},\"sameAs\":[\"https:\\\/\\\/www.facebook.com\\\/motoleonardopt\",\"https:\\\/\\\/www.instagram.com\\\/moto_leonardo\\\/\"]}]}<\/script>\n<!-- \/ Yoast SEO plugin. -->","yoast_head_json":{"title":"Capacete Airoh Commander Concrete Grey Mate - Moto Leonardo","robots":{"index":"index","follow":"follow","max-snippet":"max-snippet:-1","max-image-preview":"max-image-preview:large","max-video-preview":"max-video-preview:-1"},"canonical":"https:\/\/motoleonardo.com\/?product=capacete-airoh-commander-concrete-grey-mate","og_locale":"pt_PT","og_type":"article","og_title":"Capacete Airoh Commander Concrete Grey Mate - Moto Leonardo","og_description":"Capacete Airoh Commander Full Face concrete grey mate Airoh Commander tem sido o capacete de motociclista mais vendido para os verdadeiros amantes da aventura que pode ser usado em 3 vers\u00f5es diferentes, para estar sempre impec\u00e1vel. Esta nova atualiza\u00e7\u00e3o reescreve completamente as regras do jogo! Capacete Airoh com tr\u00eas conchas diferentes para enfatizar um ajuste confort\u00e1vel, dispon\u00edvel em Full Carbon 6K ou Composite Carbon, com um sofisticado sistema de ventila\u00e7\u00e3o projetado e otimizado diretamente dentro do t\u00fanel de vento. Entre as principais novidades do Commander 2 est\u00e3o os sistemas ASN e AEFR para aumentar ainda mais a seguran\u00e7a do piloto, que agora pode desfrutar de sua viagem com total liberdade, sem perder nem o menor detalhe. Isto tamb\u00e9m se deve \u00e0 incr\u00edvel viseira que permite uma vis\u00e3o extra ampla e \u00e9 completada com o A3S (Airoh Automatic Antifog System) e sistemas de bloqueio. A tudo isto junta-se um equipamento excecional dentro da caixa que inclui tamb\u00e9m a lente Pinlock 120 XLT, para aumentar exponencialmente o prazer de condu\u00e7\u00e3o. FORRO INTERIOR; Coolmax\u00ae | T\u00eaxteis T\u00e9cnicos de Desempenho Superior 2dry Microsense Sanited | Remov\u00edvel e Lav\u00e1vel | Hipoalerg\u00eanico DENTRO DA CAIXA: Pare o vento | Pinlock 120 XLT ESPECIFICA\u00c7\u00d5ES: Aprovado pela CEE Shell em HPC (composto de alto desempenho) Dois tamanhos de concha Fecho de fivela dupla Tela grande resistente a arranh\u00f5es e UV Sistema de bloqueio de tela Posi\u00e7\u00e3o antiemba\u00e7ante Pinlock inclu\u00eddo Aberturas superiores, frontais e queixo Interiores hipoalerg\u00eanicos remov\u00edveis e lav\u00e1veis V\u00e1rias configura\u00e7\u00f5es de capacete (vers\u00f5es off-road, naked e on\/off) Suporte GoPro inclu\u00eddo para a vers\u00e3o nua Suporte GoPro inclu\u00eddo para vers\u00e3o enduro Capas para a vers\u00e3o nua inclu\u00eddas Capas para a vers\u00e3o nua inclu\u00eddas &nbsp; INFORMA\u00c7\u00d5ES EXTRAS: Marca AIROH Aumento do modelo Commander Certifica\u00e7\u00e3o ECE 22.05 Fermeture Double boucl\u00e9 Cor Cinza Cimento Mate Peso 1240g \u00b150g HPC Carbon Sexo unissex adulto &nbsp;","og_url":"https:\/\/motoleonardo.com\/?product=capacete-airoh-commander-concrete-grey-mate","og_site_name":"Moto Leonardo","article_publisher":"https:\/\/www.facebook.com\/motoleonardopt","article_modified_time":"2025-09-10T11:35:46+00:00","og_image":[{"width":1200,"height":1200,"url":"https:\/\/i0.wp.com\/motoleonardo.com\/wp-content\/uploads\/2025\/09\/airoh-commander-color-concrete-greymate.webp?fit=1200%2C1200&ssl=1","type":"image\/webp"}],"twitter_card":"summary_large_image","twitter_misc":{"Tempo estimado de leitura":"2 minutos"},"schema":{"@context":"https:\/\/schema.org","@graph":[{"@type":"WebPage","@id":"https:\/\/motoleonardo.com\/?product=capacete-airoh-commander-concrete-grey-mate","url":"https:\/\/motoleonardo.com\/?product=capacete-airoh-commander-concrete-grey-mate","name":"Capacete Airoh Commander Concrete Grey Mate - Moto Leonardo","isPartOf":{"@id":"https:\/\/motoleonardo.com\/#website"},"primaryImageOfPage":{"@id":"https:\/\/motoleonardo.com\/?product=capacete-airoh-commander-concrete-grey-mate#primaryimage"},"image":{"@id":"https:\/\/motoleonardo.com\/?product=capacete-airoh-commander-concrete-grey-mate#primaryimage"},"thumbnailUrl":"https:\/\/i0.wp.com\/motoleonardo.com\/wp-content\/uploads\/2025\/09\/airoh-commander-color-concrete-greymate.webp?fit=1200%2C1200&ssl=1","datePublished":"2025-09-10T11:33:39+00:00","dateModified":"2025-09-10T11:35:46+00:00","breadcrumb":{"@id":"https:\/\/motoleonardo.com\/?product=capacete-airoh-commander-concrete-grey-mate#breadcrumb"},"inLanguage":"pt-PT","potentialAction":[{"@type":"ReadAction","target":["https:\/\/motoleonardo.com\/?product=capacete-airoh-commander-concrete-grey-mate"]}]},{"@type":"ImageObject","inLanguage":"pt-PT","@id":"https:\/\/motoleonardo.com\/?product=capacete-airoh-commander-concrete-grey-mate#primaryimage","url":"https:\/\/i0.wp.com\/motoleonardo.com\/wp-content\/uploads\/2025\/09\/airoh-commander-color-concrete-greymate.webp?fit=1200%2C1200&ssl=1","contentUrl":"https:\/\/i0.wp.com\/motoleonardo.com\/wp-content\/uploads\/2025\/09\/airoh-commander-color-concrete-greymate.webp?fit=1200%2C1200&ssl=1","width":1200,"height":1200},{"@type":"BreadcrumbList","@id":"https:\/\/motoleonardo.com\/?product=capacete-airoh-commander-concrete-grey-mate#breadcrumb","itemListElement":[{"@type":"ListItem","position":1,"name":"In\u00edcio","item":"https:\/\/motoleonardo.com\/"},{"@type":"ListItem","position":2,"name":"Todas Categorias","item":"https:\/\/motoleonardo.com\/?page_id=252"},{"@type":"ListItem","position":3,"name":"Capacete Airoh Commander Concrete Grey Mate"}]},{"@type":"WebSite","@id":"https:\/\/motoleonardo.com\/#website","url":"https:\/\/motoleonardo.com\/","name":"Moto Leonardo","description":"Motas Novas e Usadas - Oficina Multimarcas - Pe\u00e7as, Acess\u00f3rios e Equipamento","publisher":{"@id":"https:\/\/motoleonardo.com\/#organization"},"potentialAction":[{"@type":"SearchAction","target":{"@type":"EntryPoint","urlTemplate":"https:\/\/motoleonardo.com\/?s={search_term_string}"},"query-input":{"@type":"PropertyValueSpecification","valueRequired":true,"valueName":"search_term_string"}}],"inLanguage":"pt-PT"},{"@type":"Organization","@id":"https:\/\/motoleonardo.com\/#organization","name":"Moto Leonardo","url":"https:\/\/motoleonardo.com\/","logo":{"@type":"ImageObject","inLanguage":"pt-PT","@id":"https:\/\/motoleonardo.com\/#\/schema\/logo\/image\/","url":"https:\/\/i0.wp.com\/motoleonardo.com\/wp-content\/uploads\/2022\/10\/cropped-Professional-Initial-Letter-Typography-Logo.png?fit=512%2C512&ssl=1","contentUrl":"https:\/\/i0.wp.com\/motoleonardo.com\/wp-content\/uploads\/2022\/10\/cropped-Professional-Initial-Letter-Typography-Logo.png?fit=512%2C512&ssl=1","width":512,"height":512,"caption":"Moto Leonardo"},"image":{"@id":"https:\/\/motoleonardo.com\/#\/schema\/logo\/image\/"},"sameAs":["https:\/\/www.facebook.com\/motoleonardopt","https:\/\/www.instagram.com\/moto_leonardo\/"]}]}},"jetpack_sharing_enabled":true,"_links":{"self":[{"href":"https:\/\/motoleonardo.com\/index.php?rest_route=\/wp\/v2\/product\/8434","targetHints":{"allow":["GET"]}}],"collection":[{"href":"https:\/\/motoleonardo.com\/index.php?rest_route=\/wp\/v2\/product"}],"about":[{"href":"https:\/\/motoleonardo.com\/index.php?rest_route=\/wp\/v2\/types\/product"}],"wp:featuredmedia":[{"embeddable":true,"href":"https:\/\/motoleonardo.com\/index.php?rest_route=\/wp\/v2\/media\/8435"}],"wp:attachment":[{"href":"https:\/\/motoleonardo.com\/index.php?rest_route=%2Fwp%2Fv2%2Fmedia&parent=8434"}],"wp:term":[{"taxonomy":"product_brand","embeddable":true,"href":"https:\/\/motoleonardo.com\/index.php?rest_route=%2Fwp%2Fv2%2Fproduct_brand&post=8434"},{"taxonomy":"product_cat","embeddable":true,"href":"https:\/\/motoleonardo.com\/index.php?rest_route=%2Fwp%2Fv2%2Fproduct_cat&post=8434"},{"taxonomy":"product_tag","embeddable":true,"href":"https:\/\/motoleonardo.com\/index.php?rest_route=%2Fwp%2Fv2%2Fproduct_tag&post=8434"}],"curies":[{"name":"wp","href":"https:\/\/api.w.org\/{rel}","templated":true}]}}