{"id":8484,"date":"2025-09-17T10:15:39","date_gmt":"2025-09-17T10:15:39","guid":{"rendered":"https:\/\/motoleonardo.com\/?post_type=product&#038;p=8484"},"modified":"2026-04-02T08:26:45","modified_gmt":"2026-04-02T08:26:45","slug":"moto-morini-alltrhike-450-2","status":"publish","type":"product","link":"https:\/\/motoleonardo.com\/?product=moto-morini-alltrhike-450-2","title":{"rendered":"Moto Morini ALLTRHIKE 450"},"content":{"rendered":"<p><strong>Moto Morini Alltrhike 450<\/strong><br \/>\n<strong>PVP:<\/strong> 5.988\u20ac<br \/>\nIVA inclu\u00eddo. Acresce Documenta\u00e7\u00e3o, Transporte, ISV e IUC.<\/p>\n<p>Tamb\u00e9m dispon\u00edvel na vers\u00e3o <a href=\"https:\/\/motoleonardo.com\/?product=moto-morini-alltrhike-450\"><strong>High Equipped<\/strong><\/a> em Branco que inclui <strong>prote\u00e7\u00e3o de m\u00e3os, banco aquecido e punhos aquecidos<\/strong>.<\/p>\n<p><strong>A ALLTRHIKE CHEGOU, A NOVA 450 COM JANTES DE 21&#8243;<\/strong><\/p>\n<p>\u27a1\ufe0f Possibilidade de financiamento<br \/>\n\u27a1\ufe0f Carta A2<br \/>\n\u27a1\ufe0f Entrega em casa<br \/>\n\u27a1\ufe0f Oficina para assist\u00eancia e manuten\u00e7\u00e3o<br \/>\n\u27a1\ufe0f Garantia 36 meses de f\u00e1brica<\/p>\n<p>Informa\u00e7\u00e3o:<br \/>\n\u2705 TFT com conectividade Bluetooth e sistema GPS integrado<br \/>\n\u2705 Comutadores retro iluminados<br \/>\n\u2705 Descanso central<br \/>\n\u2705 Ajustes posi\u00e7\u00e3o torres do guiador<br \/>\n\u2705 Viseira ajust\u00e1vel<br \/>\n\u2705 Prote\u00e7\u00e3o de motor<br \/>\n\u2705 Suspens\u00e3o totalmente ajust\u00e1vel Kayaba<br \/>\n\u2705 Travagem J.Juan<br \/>\n\u2705 Pegas no deposito<br \/>\n\u2705 Estrutura &#8220;afiada&#8221; para melhor controlo e visibilidade em off road<br \/>\n\u2705 Controlo de tra\u00e7\u00e3o desconect\u00e1vel<br \/>\n\u2705 ABS desconect\u00e1vel<br \/>\n\u2705 Tomada USB + USB-C<\/p>\n<p>Caracter\u00edsticas:<br \/>\n\u2705 Motor 450cc de refrigera\u00e7\u00e3o l\u00edquida DOHC bicil\u00edndrico de 8 v\u00e1lvulas com 33kW \/ 44.8 cv \/ 8500 rpm e 42 Nm \/ 4.3 kgm \/ 6500 rpm<br \/>\n\u2705 Embraiagem deslizante<br \/>\n\u2705 Deposito com capacidade de 18,5Lts<br \/>\n\u2705 Altura do assento ao ch\u00e3o 840mm<br \/>\n\u2705 Dist\u00e2ncia ao solo 215mm<br \/>\n\u2705 Suspens\u00e3o frente: invertida Kayaba \u00f841 mm, curso da roda 208 mm, ajust\u00e1vel na pr\u00e9-carga da mola, ajuste de amortecimento em rebound e compress\u00e3o<br \/>\n\u2705 Suspens\u00e3o traseira: monoamortecedor Kayaba, curso da roda 190 mm, ajust\u00e1vel na pr\u00e9-carga da mola, ajuste de amortecimento no retorno<\/p>\n<p>A Moto Morini anuncia o lan\u00e7amento da\u00a0<strong>ALLTRHIKE<\/strong>, a sua\u00a0<strong>primeira moto todo-o-terreno de pequena cilindrada<\/strong>\u00a0da\u00a0<em>House of the Golden Eagle<\/em>. O pr\u00f3prio nome sintetiza a sua ess\u00eancia: \u201cALLTRHIKE\u201d evoca a palavra inglesa \u2018Hike\u2019, que significa \u2018excurs\u00e3o\u2019, real\u00e7ando o seu esp\u00edrito aventureiro e a sua capacidade para enfrentar caminhos acidentados e longas viagens off-road.<\/p>\n<p>\u00c9 o parceiro perfeito para aqueles que procuram mergulhar na natureza e experimentar a liberdade que s\u00f3 esta moto de dois cilindros pode oferecer.<\/p>\n<p>As principais carater\u00edsticas deste modelo incluem o seu design marcante, o tamanho do motor, o peso leve e a <strong>assinatura do pneu dianteiro de 21\u201d<\/strong>, posicionando a Moto Morini neste segmento com uma moto destinada a conquistar cora\u00e7\u00f5es.<\/p>\n","protected":false},"excerpt":{"rendered":"<p>Moto Morini Alltrhike 450 PVP: 5.988\u20ac IVA inclu\u00eddo. Acresce Documenta\u00e7\u00e3o, Transporte, ISV e IUC. Tamb\u00e9m dispon\u00edvel na vers\u00e3o High Equipped em Branco que inclui prote\u00e7\u00e3o de m\u00e3os, banco aquecido e punhos aquecidos. A ALLTRHIKE CHEGOU, A NOVA 450 COM JANTES DE 21&#8243; \u27a1\ufe0f Possibilidade de financiamento \u27a1\ufe0f Carta A2 \u27a1\ufe0f Entrega em casa \u27a1\ufe0f Oficina para assist\u00eancia e manuten\u00e7\u00e3o \u27a1\ufe0f Garantia 36 meses de f\u00e1brica Informa\u00e7\u00e3o: \u2705 TFT com conectividade Bluetooth e sistema GPS integrado \u2705 Comutadores retro iluminados \u2705 Descanso central \u2705 Ajustes posi\u00e7\u00e3o torres do guiador \u2705 Viseira ajust\u00e1vel \u2705 Prote\u00e7\u00e3o de motor \u2705 Suspens\u00e3o totalmente ajust\u00e1vel Kayaba \u2705 Travagem J.Juan \u2705 Pegas no deposito \u2705 Estrutura &#8220;afiada&#8221; para melhor controlo e visibilidade em off road \u2705 Controlo de tra\u00e7\u00e3o desconect\u00e1vel \u2705 ABS desconect\u00e1vel \u2705 Tomada USB + USB-C Caracter\u00edsticas: \u2705 Motor 450cc de refrigera\u00e7\u00e3o l\u00edquida DOHC bicil\u00edndrico de 8 v\u00e1lvulas com 33kW \/ 44.8 cv \/ 8500 rpm e 42 Nm \/ 4.3 kgm \/ 6500 rpm \u2705 Embraiagem deslizante \u2705 Deposito com capacidade de 18,5Lts \u2705 Altura do assento ao ch\u00e3o 840mm \u2705 Dist\u00e2ncia ao solo 215mm \u2705 Suspens\u00e3o frente: invertida Kayaba \u00f841 mm, curso da roda 208 mm, ajust\u00e1vel na pr\u00e9-carga da mola, ajuste de amortecimento em rebound e compress\u00e3o \u2705 Suspens\u00e3o traseira: monoamortecedor Kayaba, curso da roda 190 mm, ajust\u00e1vel na pr\u00e9-carga da mola, ajuste de amortecimento no retorno A Moto Morini anuncia o lan\u00e7amento da\u00a0ALLTRHIKE, a sua\u00a0primeira moto todo-o-terreno de pequena cilindrada\u00a0da\u00a0House of the Golden Eagle. O pr\u00f3prio nome sintetiza a sua ess\u00eancia: \u201cALLTRHIKE\u201d evoca a palavra inglesa \u2018Hike\u2019, que significa \u2018excurs\u00e3o\u2019, real\u00e7ando o seu esp\u00edrito aventureiro e a sua capacidade para enfrentar caminhos acidentados e longas viagens off-road. \u00c9 o parceiro perfeito para aqueles que procuram mergulhar na natureza e experimentar a liberdade que s\u00f3 esta moto de dois cilindros pode oferecer. As principais carater\u00edsticas deste modelo incluem o seu design marcante, o tamanho do motor, o peso leve e a assinatura do pneu dianteiro de 21\u201d, posicionando a Moto Morini neste segmento com uma moto destinada a conquistar cora\u00e7\u00f5es.<\/p>\n","protected":false},"featured_media":8485,"template":"","meta":{"ocean_post_layout":"","ocean_both_sidebars_style":"","ocean_both_sidebars_content_width":0,"ocean_both_sidebars_sidebars_width":0,"ocean_sidebar":"0","ocean_second_sidebar":"0","ocean_disable_margins":"enable","ocean_add_body_class":"","ocean_shortcode_before_top_bar":"","ocean_shortcode_after_top_bar":"","ocean_shortcode_before_header":"","ocean_shortcode_after_header":"","ocean_has_shortcode":"","ocean_shortcode_after_title":"","ocean_shortcode_before_footer_widgets":"","ocean_shortcode_after_footer_widgets":"","ocean_shortcode_before_footer_bottom":"","ocean_shortcode_after_footer_bottom":"","ocean_display_top_bar":"default","ocean_display_header":"default","ocean_header_style":"","ocean_center_header_left_menu":"0","ocean_custom_header_template":"0","ocean_custom_logo":0,"ocean_custom_retina_logo":0,"ocean_custom_logo_max_width":0,"ocean_custom_logo_tablet_max_width":0,"ocean_custom_logo_mobile_max_width":0,"ocean_custom_logo_max_height":0,"ocean_custom_logo_tablet_max_height":0,"ocean_custom_logo_mobile_max_height":0,"ocean_header_custom_menu":"0","ocean_menu_typo_font_family":"0","ocean_menu_typo_font_subset":"","ocean_menu_typo_font_size":0,"ocean_menu_typo_font_size_tablet":0,"ocean_menu_typo_font_size_mobile":0,"ocean_menu_typo_font_size_unit":"px","ocean_menu_typo_font_weight":"","ocean_menu_typo_font_weight_tablet":"","ocean_menu_typo_font_weight_mobile":"","ocean_menu_typo_transform":"","ocean_menu_typo_transform_tablet":"","ocean_menu_typo_transform_mobile":"","ocean_menu_typo_line_height":0,"ocean_menu_typo_line_height_tablet":0,"ocean_menu_typo_line_height_mobile":0,"ocean_menu_typo_line_height_unit":"","ocean_menu_typo_spacing":0,"ocean_menu_typo_spacing_tablet":0,"ocean_menu_typo_spacing_mobile":0,"ocean_menu_typo_spacing_unit":"","ocean_menu_link_color":"","ocean_menu_link_color_hover":"","ocean_menu_link_color_active":"","ocean_menu_link_background":"","ocean_menu_link_hover_background":"","ocean_menu_link_active_background":"","ocean_menu_social_links_bg":"","ocean_menu_social_hover_links_bg":"","ocean_menu_social_links_color":"","ocean_menu_social_hover_links_color":"","ocean_disable_title":"default","ocean_disable_heading":"default","ocean_post_title":"","ocean_post_subheading":"","ocean_post_title_style":"","ocean_post_title_background_color":"","ocean_post_title_background":0,"ocean_post_title_bg_image_position":"","ocean_post_title_bg_image_attachment":"","ocean_post_title_bg_image_repeat":"","ocean_post_title_bg_image_size":"","ocean_post_title_height":0,"ocean_post_title_bg_overlay":0.5,"ocean_post_title_bg_overlay_color":"","ocean_disable_breadcrumbs":"default","ocean_breadcrumbs_color":"","ocean_breadcrumbs_separator_color":"","ocean_breadcrumbs_links_color":"","ocean_breadcrumbs_links_hover_color":"","ocean_display_footer_widgets":"default","ocean_display_footer_bottom":"default","ocean_custom_footer_template":"0","omw_enable_modal_window":"enable"},"product_brand":[790],"product_cat":[738,789,740],"product_tag":[783,792],"class_list":{"0":"post-8484","1":"product","2":"type-product","3":"status-publish","4":"has-post-thumbnail","6":"product_brand-moto-morini","7":"product_cat-motas-novas","8":"product_cat-moto-morini","9":"product_cat-superior-a-125cc","10":"product_tag-campanha-exclusiva","11":"product_tag-moto-morini","13":"entry","14":"has-media","16":"first","17":"instock","18":"sale","19":"shipping-taxable","20":"purchasable","21":"product-type-variable","22":"has-default-attributes","23":"has-product-nav","24":"col","25":"span_1_of_4","26":"owp-content-right","27":"owp-thumbs-layout-horizontal","28":"owp-btn-normal","29":"owp-tabs-layout-horizontal"},"yoast_head":"<!-- This site is optimized with the Yoast SEO plugin v27.4 - https:\/\/yoast.com\/product\/yoast-seo-wordpress\/ -->\n<title>Moto Morini ALLTRHIKE 450 - Moto Leonardo<\/title>\n<meta name=\"description\" content=\"Descubra a nova Moto Morini Alltrhike 450: a simbiose perfeita entre agilidade e esp\u00edrito trail. Equipada com motor bicil\u00edndrico de 450cc. Veja mais aqui.\" \/>\n<meta name=\"robots\" content=\"index, follow, max-snippet:-1, max-image-preview:large, max-video-preview:-1\" \/>\n<link rel=\"canonical\" href=\"https:\/\/motoleonardo.com\/?product=moto-morini-alltrhike-450-2\" \/>\n<meta property=\"og:locale\" content=\"pt_PT\" \/>\n<meta property=\"og:type\" content=\"article\" \/>\n<meta property=\"og:title\" content=\"Moto Morini ALLTRHIKE 450 - Moto Leonardo\" \/>\n<meta property=\"og:description\" content=\"Descubra a nova Moto Morini Alltrhike 450: a simbiose perfeita entre agilidade e esp\u00edrito trail. Equipada com motor bicil\u00edndrico de 450cc. Veja mais aqui.\" \/>\n<meta property=\"og:url\" content=\"https:\/\/motoleonardo.com\/?product=moto-morini-alltrhike-450-2\" \/>\n<meta property=\"og:site_name\" content=\"Moto Leonardo\" \/>\n<meta property=\"article:publisher\" content=\"https:\/\/www.facebook.com\/motoleonardopt\" \/>\n<meta property=\"article:modified_time\" content=\"2026-04-02T08:26:45+00:00\" \/>\n<meta property=\"og:image\" content=\"https:\/\/motoleonardo.com\/wp-content\/uploads\/2025\/09\/2-scaled.png\" \/>\n\t<meta property=\"og:image:width\" content=\"2560\" \/>\n\t<meta property=\"og:image:height\" content=\"1440\" \/>\n\t<meta property=\"og:image:type\" content=\"image\/png\" \/>\n<meta name=\"twitter:card\" content=\"summary_large_image\" \/>\n<meta name=\"twitter:label1\" content=\"Tempo estimado de leitura\" \/>\n\t<meta name=\"twitter:data1\" content=\"3 minutos\" \/>\n<script type=\"application\/ld+json\" class=\"yoast-schema-graph\">{\"@context\":\"https:\\\/\\\/schema.org\",\"@graph\":[{\"@type\":\"WebPage\",\"@id\":\"https:\\\/\\\/motoleonardo.com\\\/?product=moto-morini-alltrhike-450-2\",\"url\":\"https:\\\/\\\/motoleonardo.com\\\/?product=moto-morini-alltrhike-450-2\",\"name\":\"Moto Morini ALLTRHIKE 450 - Moto Leonardo\",\"isPartOf\":{\"@id\":\"https:\\\/\\\/motoleonardo.com\\\/#website\"},\"primaryImageOfPage\":{\"@id\":\"https:\\\/\\\/motoleonardo.com\\\/?product=moto-morini-alltrhike-450-2#primaryimage\"},\"image\":{\"@id\":\"https:\\\/\\\/motoleonardo.com\\\/?product=moto-morini-alltrhike-450-2#primaryimage\"},\"thumbnailUrl\":\"https:\\\/\\\/i0.wp.com\\\/motoleonardo.com\\\/wp-content\\\/uploads\\\/2025\\\/09\\\/2-scaled.png?fit=2560%2C1440&ssl=1\",\"datePublished\":\"2025-09-17T10:15:39+00:00\",\"dateModified\":\"2026-04-02T08:26:45+00:00\",\"description\":\"Descubra a nova Moto Morini Alltrhike 450: a simbiose perfeita entre agilidade e esp\u00edrito trail. Equipada com motor bicil\u00edndrico de 450cc. Veja mais aqui.\",\"breadcrumb\":{\"@id\":\"https:\\\/\\\/motoleonardo.com\\\/?product=moto-morini-alltrhike-450-2#breadcrumb\"},\"inLanguage\":\"pt-PT\",\"potentialAction\":[{\"@type\":\"ReadAction\",\"target\":[\"https:\\\/\\\/motoleonardo.com\\\/?product=moto-morini-alltrhike-450-2\"]}]},{\"@type\":\"ImageObject\",\"inLanguage\":\"pt-PT\",\"@id\":\"https:\\\/\\\/motoleonardo.com\\\/?product=moto-morini-alltrhike-450-2#primaryimage\",\"url\":\"https:\\\/\\\/i0.wp.com\\\/motoleonardo.com\\\/wp-content\\\/uploads\\\/2025\\\/09\\\/2-scaled.png?fit=2560%2C1440&ssl=1\",\"contentUrl\":\"https:\\\/\\\/i0.wp.com\\\/motoleonardo.com\\\/wp-content\\\/uploads\\\/2025\\\/09\\\/2-scaled.png?fit=2560%2C1440&ssl=1\",\"width\":2560,\"height\":1440},{\"@type\":\"BreadcrumbList\",\"@id\":\"https:\\\/\\\/motoleonardo.com\\\/?product=moto-morini-alltrhike-450-2#breadcrumb\",\"itemListElement\":[{\"@type\":\"ListItem\",\"position\":1,\"name\":\"In\u00edcio\",\"item\":\"https:\\\/\\\/motoleonardo.com\\\/\"},{\"@type\":\"ListItem\",\"position\":2,\"name\":\"Todas Categorias\",\"item\":\"https:\\\/\\\/motoleonardo.com\\\/?page_id=252\"},{\"@type\":\"ListItem\",\"position\":3,\"name\":\"Moto Morini ALLTRHIKE 450\"}]},{\"@type\":\"WebSite\",\"@id\":\"https:\\\/\\\/motoleonardo.com\\\/#website\",\"url\":\"https:\\\/\\\/motoleonardo.com\\\/\",\"name\":\"Moto Leonardo\",\"description\":\"Motas Novas e Usadas - Oficina Multimarcas - Pe\u00e7as, Acess\u00f3rios e Equipamento\",\"publisher\":{\"@id\":\"https:\\\/\\\/motoleonardo.com\\\/#organization\"},\"potentialAction\":[{\"@type\":\"SearchAction\",\"target\":{\"@type\":\"EntryPoint\",\"urlTemplate\":\"https:\\\/\\\/motoleonardo.com\\\/?s={search_term_string}\"},\"query-input\":{\"@type\":\"PropertyValueSpecification\",\"valueRequired\":true,\"valueName\":\"search_term_string\"}}],\"inLanguage\":\"pt-PT\"},{\"@type\":\"Organization\",\"@id\":\"https:\\\/\\\/motoleonardo.com\\\/#organization\",\"name\":\"Moto Leonardo\",\"url\":\"https:\\\/\\\/motoleonardo.com\\\/\",\"logo\":{\"@type\":\"ImageObject\",\"inLanguage\":\"pt-PT\",\"@id\":\"https:\\\/\\\/motoleonardo.com\\\/#\\\/schema\\\/logo\\\/image\\\/\",\"url\":\"https:\\\/\\\/i0.wp.com\\\/motoleonardo.com\\\/wp-content\\\/uploads\\\/2022\\\/10\\\/cropped-Professional-Initial-Letter-Typography-Logo.png?fit=512%2C512&ssl=1\",\"contentUrl\":\"https:\\\/\\\/i0.wp.com\\\/motoleonardo.com\\\/wp-content\\\/uploads\\\/2022\\\/10\\\/cropped-Professional-Initial-Letter-Typography-Logo.png?fit=512%2C512&ssl=1\",\"width\":512,\"height\":512,\"caption\":\"Moto Leonardo\"},\"image\":{\"@id\":\"https:\\\/\\\/motoleonardo.com\\\/#\\\/schema\\\/logo\\\/image\\\/\"},\"sameAs\":[\"https:\\\/\\\/www.facebook.com\\\/motoleonardopt\",\"https:\\\/\\\/www.instagram.com\\\/moto_leonardo\\\/\"]}]}<\/script>\n<!-- \/ Yoast SEO plugin. -->","yoast_head_json":{"title":"Moto Morini ALLTRHIKE 450 - Moto Leonardo","description":"Descubra a nova Moto Morini Alltrhike 450: a simbiose perfeita entre agilidade e esp\u00edrito trail. Equipada com motor bicil\u00edndrico de 450cc. Veja mais aqui.","robots":{"index":"index","follow":"follow","max-snippet":"max-snippet:-1","max-image-preview":"max-image-preview:large","max-video-preview":"max-video-preview:-1"},"canonical":"https:\/\/motoleonardo.com\/?product=moto-morini-alltrhike-450-2","og_locale":"pt_PT","og_type":"article","og_title":"Moto Morini ALLTRHIKE 450 - Moto Leonardo","og_description":"Descubra a nova Moto Morini Alltrhike 450: a simbiose perfeita entre agilidade e esp\u00edrito trail. Equipada com motor bicil\u00edndrico de 450cc. Veja mais aqui.","og_url":"https:\/\/motoleonardo.com\/?product=moto-morini-alltrhike-450-2","og_site_name":"Moto Leonardo","article_publisher":"https:\/\/www.facebook.com\/motoleonardopt","article_modified_time":"2026-04-02T08:26:45+00:00","og_image":[{"width":2560,"height":1440,"url":"https:\/\/motoleonardo.com\/wp-content\/uploads\/2025\/09\/2-scaled.png","type":"image\/png"}],"twitter_card":"summary_large_image","twitter_misc":{"Tempo estimado de leitura":"3 minutos"},"schema":{"@context":"https:\/\/schema.org","@graph":[{"@type":"WebPage","@id":"https:\/\/motoleonardo.com\/?product=moto-morini-alltrhike-450-2","url":"https:\/\/motoleonardo.com\/?product=moto-morini-alltrhike-450-2","name":"Moto Morini ALLTRHIKE 450 - Moto Leonardo","isPartOf":{"@id":"https:\/\/motoleonardo.com\/#website"},"primaryImageOfPage":{"@id":"https:\/\/motoleonardo.com\/?product=moto-morini-alltrhike-450-2#primaryimage"},"image":{"@id":"https:\/\/motoleonardo.com\/?product=moto-morini-alltrhike-450-2#primaryimage"},"thumbnailUrl":"https:\/\/i0.wp.com\/motoleonardo.com\/wp-content\/uploads\/2025\/09\/2-scaled.png?fit=2560%2C1440&ssl=1","datePublished":"2025-09-17T10:15:39+00:00","dateModified":"2026-04-02T08:26:45+00:00","description":"Descubra a nova Moto Morini Alltrhike 450: a simbiose perfeita entre agilidade e esp\u00edrito trail. Equipada com motor bicil\u00edndrico de 450cc. Veja mais aqui.","breadcrumb":{"@id":"https:\/\/motoleonardo.com\/?product=moto-morini-alltrhike-450-2#breadcrumb"},"inLanguage":"pt-PT","potentialAction":[{"@type":"ReadAction","target":["https:\/\/motoleonardo.com\/?product=moto-morini-alltrhike-450-2"]}]},{"@type":"ImageObject","inLanguage":"pt-PT","@id":"https:\/\/motoleonardo.com\/?product=moto-morini-alltrhike-450-2#primaryimage","url":"https:\/\/i0.wp.com\/motoleonardo.com\/wp-content\/uploads\/2025\/09\/2-scaled.png?fit=2560%2C1440&ssl=1","contentUrl":"https:\/\/i0.wp.com\/motoleonardo.com\/wp-content\/uploads\/2025\/09\/2-scaled.png?fit=2560%2C1440&ssl=1","width":2560,"height":1440},{"@type":"BreadcrumbList","@id":"https:\/\/motoleonardo.com\/?product=moto-morini-alltrhike-450-2#breadcrumb","itemListElement":[{"@type":"ListItem","position":1,"name":"In\u00edcio","item":"https:\/\/motoleonardo.com\/"},{"@type":"ListItem","position":2,"name":"Todas Categorias","item":"https:\/\/motoleonardo.com\/?page_id=252"},{"@type":"ListItem","position":3,"name":"Moto Morini ALLTRHIKE 450"}]},{"@type":"WebSite","@id":"https:\/\/motoleonardo.com\/#website","url":"https:\/\/motoleonardo.com\/","name":"Moto Leonardo","description":"Motas Novas e Usadas - Oficina Multimarcas - Pe\u00e7as, Acess\u00f3rios e Equipamento","publisher":{"@id":"https:\/\/motoleonardo.com\/#organization"},"potentialAction":[{"@type":"SearchAction","target":{"@type":"EntryPoint","urlTemplate":"https:\/\/motoleonardo.com\/?s={search_term_string}"},"query-input":{"@type":"PropertyValueSpecification","valueRequired":true,"valueName":"search_term_string"}}],"inLanguage":"pt-PT"},{"@type":"Organization","@id":"https:\/\/motoleonardo.com\/#organization","name":"Moto Leonardo","url":"https:\/\/motoleonardo.com\/","logo":{"@type":"ImageObject","inLanguage":"pt-PT","@id":"https:\/\/motoleonardo.com\/#\/schema\/logo\/image\/","url":"https:\/\/i0.wp.com\/motoleonardo.com\/wp-content\/uploads\/2022\/10\/cropped-Professional-Initial-Letter-Typography-Logo.png?fit=512%2C512&ssl=1","contentUrl":"https:\/\/i0.wp.com\/motoleonardo.com\/wp-content\/uploads\/2022\/10\/cropped-Professional-Initial-Letter-Typography-Logo.png?fit=512%2C512&ssl=1","width":512,"height":512,"caption":"Moto Leonardo"},"image":{"@id":"https:\/\/motoleonardo.com\/#\/schema\/logo\/image\/"},"sameAs":["https:\/\/www.facebook.com\/motoleonardopt","https:\/\/www.instagram.com\/moto_leonardo\/"]}]}},"jetpack_sharing_enabled":true,"_links":{"self":[{"href":"https:\/\/motoleonardo.com\/index.php?rest_route=\/wp\/v2\/product\/8484","targetHints":{"allow":["GET"]}}],"collection":[{"href":"https:\/\/motoleonardo.com\/index.php?rest_route=\/wp\/v2\/product"}],"about":[{"href":"https:\/\/motoleonardo.com\/index.php?rest_route=\/wp\/v2\/types\/product"}],"wp:featuredmedia":[{"embeddable":true,"href":"https:\/\/motoleonardo.com\/index.php?rest_route=\/wp\/v2\/media\/8485"}],"wp:attachment":[{"href":"https:\/\/motoleonardo.com\/index.php?rest_route=%2Fwp%2Fv2%2Fmedia&parent=8484"}],"wp:term":[{"taxonomy":"product_brand","embeddable":true,"href":"https:\/\/motoleonardo.com\/index.php?rest_route=%2Fwp%2Fv2%2Fproduct_brand&post=8484"},{"taxonomy":"product_cat","embeddable":true,"href":"https:\/\/motoleonardo.com\/index.php?rest_route=%2Fwp%2Fv2%2Fproduct_cat&post=8484"},{"taxonomy":"product_tag","embeddable":true,"href":"https:\/\/motoleonardo.com\/index.php?rest_route=%2Fwp%2Fv2%2Fproduct_tag&post=8484"}],"curies":[{"name":"wp","href":"https:\/\/api.w.org\/{rel}","templated":true}]}}