{"id":8493,"date":"2025-09-17T12:53:17","date_gmt":"2025-09-17T12:53:17","guid":{"rendered":"https:\/\/motoleonardo.com\/?post_type=product&#038;p=8493"},"modified":"2025-10-21T08:37:53","modified_gmt":"2025-10-21T08:37:53","slug":"moto-morini-x-cape-1200","status":"publish","type":"product","link":"https:\/\/motoleonardo.com\/?product=moto-morini-x-cape-1200","title":{"rendered":"Moto Morini X-Cape 1200"},"content":{"rendered":"<p><strong>Moto Morini X-Cape 1200<br \/>\nPVP: <\/strong>13.888\u20ac (Campanha de lan\u00e7amento) + Oferta kit de 3 malas<strong><br \/>\n<\/strong>IVA inclu\u00eddo. Acresce Documenta\u00e7\u00e3o, Transporte, ISV e IUC.<br \/>\n<strong><br \/>\nAVENTURA SEM COMPROMISSOS!<\/strong><\/p>\n<p>\u27a1\ufe0f\u00a0Possibilidade de financiamento<br \/>\n\u27a1\ufe0f\u00a0Entrega em casa<br \/>\n\u27a1\ufe0f\u00a0Oficina para assist\u00eancia e manuten\u00e7\u00e3o<br \/>\n\u27a1\ufe0f\u00a0Garantia 36 meses de f\u00e1brica<\/p>\n<p>Informa\u00e7\u00e3o:<br \/>\n\u2705 Radar de \u00e2ngulo morto com luz de aviso nos retrovisores<br \/>\n\u2705 Cruise control<br \/>\n\u2705 3 mapas de condu\u00e7\u00e3o<br \/>\n\u2705 3 n\u00edveis de controlo de tra\u00e7\u00e3o<br \/>\n\u2705 ABS em curva Bosch Cornering desconect\u00e1vel<br \/>\n\u2705 Luz auxiliar em curva<br \/>\n\u2705 C\u00e2mara frontal<br \/>\n\u2705 Sensor press\u00e3o de pneus<br \/>\n\u2705 Tomada USB + USB-C<br \/>\n\u2705 Protetor de calor de motor<br \/>\n\u2705 Banco completo aquecido (condutor+pendura)<br \/>\n\u2705 Punhos aquecidos<br \/>\n\u2705 Descanso central<br \/>\n\u2705 Viseira ajust\u00e1vel<br \/>\n\u2705 Prote\u00e7\u00e3o de m\u00e3os<br \/>\n\u2705 Embraiagem deslizante<br \/>\n\u2705 Jantes raiadas<br \/>\n\u2705 TFT com sistema de navega\u00e7\u00e3o<br \/>\n\u2705 Sistema de travagem Brembo<br \/>\n\u2705 Pneus Pirelli Scorpion Trail 3<br \/>\n\u2705 Suspens\u00e3o totalmente ajust\u00e1vel Kayaba<\/p>\n<p>Caracter\u00edsticas:<br \/>\n\u2705 Motor de curto curso &#8211; Corsa Corta EVO 1187cc Euro5+ de 87\u00ba a 4 tempos DOHC bicil\u00edndrico de 8 v\u00e1lvulas com debito 129cv \u00e0s 9000 rpms e 105Nm\/ 10.7kgm \u00e0s 7000rpm<br \/>\n\u2705 Sistema de inje\u00e7\u00e3o Magneti Marelli<br \/>\n\u2705 Dep\u00f3sito de 23Lts<br \/>\n\u2705 Altura do assento 860mm<br \/>\n\u2705 Dist\u00e2ncia ao solo 190mm<br \/>\n\u2705 Trav\u00e3o dianteiro Brembo: Discos duplos de 320 mm com pin\u00e7as monobloco<br \/>\n\u2705 Trav\u00e3o traseiro Brembo: Disco \u00fanico de 280 mm com pin\u00e7a fixa<br \/>\n\u2705 Suspens\u00e3o frente: forquilha invertida totalmente ajust\u00e1vel, curso da roda de 180 mm<br \/>\n\u2705 Suspens\u00e3o traseira: articula\u00e7\u00e3o progressiva com amortecedor \u00fanico, curso da roda de 180 mm<br \/>\n\u2705 Roda frente: 120\/70-R19<br \/>\n\u2705 Roda traseira: 170\/60-R17<\/p>\n<p>Esta moto de maxi-aventura, equipada com o motor V2 Corsa Corta EVO com 125 cavalos de pot\u00eancia e um bin\u00e1rio robusto, garante um desempenho suave mesmo a baixas rota\u00e7\u00f5es. \u00c9 uma mistura de pot\u00eancia e controlo, tecnologia avan\u00e7ada e componentes de topo de gama, tudo concebido para aumentar a seguran\u00e7a e o prazer de condu\u00e7\u00e3o.<\/p>\n<p>O design real\u00e7a a sua versatilidade e facilidade de utiliza\u00e7\u00e3o, quer seja nas ruas da cidade, nas longas auto-estradas, nas passagens de montanha ou nos trilhos fora de estrada.<\/p>\n<p>O equil\u00edbrio harmonioso entre desempenho, agilidade, pot\u00eancia, conforto e o inconfund\u00edvel estilo italiano foi o princ\u00edpio orientador da equipa da Moto Morini durante todo o processo de conce\u00e7\u00e3o da X-CAPE 1200.<\/p>\n<p>&nbsp;<\/p>\n<p>&nbsp;<\/p>\n","protected":false},"excerpt":{"rendered":"<p>Moto Morini X-Cape 1200 PVP: 13.888\u20ac (Campanha de lan\u00e7amento) + Oferta kit de 3 malas IVA inclu\u00eddo. Acresce Documenta\u00e7\u00e3o, Transporte, ISV e IUC. AVENTURA SEM COMPROMISSOS! \u27a1\ufe0f\u00a0Possibilidade de financiamento \u27a1\ufe0f\u00a0Entrega em casa \u27a1\ufe0f\u00a0Oficina para assist\u00eancia e manuten\u00e7\u00e3o \u27a1\ufe0f\u00a0Garantia 36 meses de f\u00e1brica Informa\u00e7\u00e3o: \u2705 Radar de \u00e2ngulo morto com luz de aviso nos retrovisores \u2705 Cruise control \u2705 3 mapas de condu\u00e7\u00e3o \u2705 3 n\u00edveis de controlo de tra\u00e7\u00e3o \u2705 ABS em curva Bosch Cornering desconect\u00e1vel \u2705 Luz auxiliar em curva \u2705 C\u00e2mara frontal \u2705 Sensor press\u00e3o de pneus \u2705 Tomada USB + USB-C \u2705 Protetor de calor de motor \u2705 Banco completo aquecido (condutor+pendura) \u2705 Punhos aquecidos \u2705 Descanso central \u2705 Viseira ajust\u00e1vel \u2705 Prote\u00e7\u00e3o de m\u00e3os \u2705 Embraiagem deslizante \u2705 Jantes raiadas \u2705 TFT com sistema de navega\u00e7\u00e3o \u2705 Sistema de travagem Brembo \u2705 Pneus Pirelli Scorpion Trail 3 \u2705 Suspens\u00e3o totalmente ajust\u00e1vel Kayaba Caracter\u00edsticas: \u2705 Motor de curto curso &#8211; Corsa Corta EVO 1187cc Euro5+ de 87\u00ba a 4 tempos DOHC bicil\u00edndrico de 8 v\u00e1lvulas com debito 129cv \u00e0s 9000 rpms e 105Nm\/ 10.7kgm \u00e0s 7000rpm \u2705 Sistema de inje\u00e7\u00e3o Magneti Marelli \u2705 Dep\u00f3sito de 23Lts \u2705 Altura do assento 860mm \u2705 Dist\u00e2ncia ao solo 190mm \u2705 Trav\u00e3o dianteiro Brembo: Discos duplos de 320 mm com pin\u00e7as monobloco \u2705 Trav\u00e3o traseiro Brembo: Disco \u00fanico de 280 mm com pin\u00e7a fixa \u2705 Suspens\u00e3o frente: forquilha invertida totalmente ajust\u00e1vel, curso da roda de 180 mm \u2705 Suspens\u00e3o traseira: articula\u00e7\u00e3o progressiva com amortecedor \u00fanico, curso da roda de 180 mm \u2705 Roda frente: 120\/70-R19 \u2705 Roda traseira: 170\/60-R17 Esta moto de maxi-aventura, equipada com o motor V2 Corsa Corta EVO com 125 cavalos de pot\u00eancia e um bin\u00e1rio robusto, garante um desempenho suave mesmo a baixas rota\u00e7\u00f5es. \u00c9 uma mistura de pot\u00eancia e controlo, tecnologia avan\u00e7ada e componentes de topo de gama, tudo concebido para aumentar a seguran\u00e7a e o prazer de condu\u00e7\u00e3o. O design real\u00e7a a sua versatilidade e facilidade de utiliza\u00e7\u00e3o, quer seja nas ruas da cidade, nas longas auto-estradas, nas passagens de montanha ou nos trilhos fora de estrada. O equil\u00edbrio harmonioso entre desempenho, agilidade, pot\u00eancia, conforto e o inconfund\u00edvel estilo italiano foi o princ\u00edpio orientador da equipa da Moto Morini durante todo o processo de conce\u00e7\u00e3o da X-CAPE 1200. &nbsp; &nbsp;<\/p>\n","protected":false},"featured_media":8512,"template":"","meta":{"ocean_post_layout":"","ocean_both_sidebars_style":"","ocean_both_sidebars_content_width":0,"ocean_both_sidebars_sidebars_width":0,"ocean_sidebar":"0","ocean_second_sidebar":"0","ocean_disable_margins":"enable","ocean_add_body_class":"","ocean_shortcode_before_top_bar":"","ocean_shortcode_after_top_bar":"","ocean_shortcode_before_header":"","ocean_shortcode_after_header":"","ocean_has_shortcode":"","ocean_shortcode_after_title":"","ocean_shortcode_before_footer_widgets":"","ocean_shortcode_after_footer_widgets":"","ocean_shortcode_before_footer_bottom":"","ocean_shortcode_after_footer_bottom":"","ocean_display_top_bar":"default","ocean_display_header":"default","ocean_header_style":"","ocean_center_header_left_menu":"0","ocean_custom_header_template":"0","ocean_custom_logo":0,"ocean_custom_retina_logo":0,"ocean_custom_logo_max_width":0,"ocean_custom_logo_tablet_max_width":0,"ocean_custom_logo_mobile_max_width":0,"ocean_custom_logo_max_height":0,"ocean_custom_logo_tablet_max_height":0,"ocean_custom_logo_mobile_max_height":0,"ocean_header_custom_menu":"0","ocean_menu_typo_font_family":"0","ocean_menu_typo_font_subset":"","ocean_menu_typo_font_size":0,"ocean_menu_typo_font_size_tablet":0,"ocean_menu_typo_font_size_mobile":0,"ocean_menu_typo_font_size_unit":"px","ocean_menu_typo_font_weight":"","ocean_menu_typo_font_weight_tablet":"","ocean_menu_typo_font_weight_mobile":"","ocean_menu_typo_transform":"","ocean_menu_typo_transform_tablet":"","ocean_menu_typo_transform_mobile":"","ocean_menu_typo_line_height":0,"ocean_menu_typo_line_height_tablet":0,"ocean_menu_typo_line_height_mobile":0,"ocean_menu_typo_line_height_unit":"","ocean_menu_typo_spacing":0,"ocean_menu_typo_spacing_tablet":0,"ocean_menu_typo_spacing_mobile":0,"ocean_menu_typo_spacing_unit":"","ocean_menu_link_color":"","ocean_menu_link_color_hover":"","ocean_menu_link_color_active":"","ocean_menu_link_background":"","ocean_menu_link_hover_background":"","ocean_menu_link_active_background":"","ocean_menu_social_links_bg":"","ocean_menu_social_hover_links_bg":"","ocean_menu_social_links_color":"","ocean_menu_social_hover_links_color":"","ocean_disable_title":"default","ocean_disable_heading":"default","ocean_post_title":"","ocean_post_subheading":"","ocean_post_title_style":"","ocean_post_title_background_color":"","ocean_post_title_background":0,"ocean_post_title_bg_image_position":"","ocean_post_title_bg_image_attachment":"","ocean_post_title_bg_image_repeat":"","ocean_post_title_bg_image_size":"","ocean_post_title_height":0,"ocean_post_title_bg_overlay":0.5,"ocean_post_title_bg_overlay_color":"","ocean_disable_breadcrumbs":"default","ocean_breadcrumbs_color":"","ocean_breadcrumbs_separator_color":"","ocean_breadcrumbs_links_color":"","ocean_breadcrumbs_links_hover_color":"","ocean_display_footer_widgets":"default","ocean_display_footer_bottom":"default","ocean_custom_footer_template":"0","omw_enable_modal_window":"enable"},"product_brand":[],"product_cat":[738,789,740],"product_tag":[791],"class_list":{"0":"post-8493","1":"product","2":"type-product","3":"status-publish","4":"has-post-thumbnail","6":"product_cat-motas-novas","7":"product_cat-moto-morini","8":"product_cat-superior-a-125cc","9":"product_tag-brevemente-disponivel-mm","11":"entry","12":"has-media","14":"first","15":"instock","16":"shipping-taxable","17":"purchasable","18":"product-type-variable","19":"has-product-nav","20":"col","21":"span_1_of_4","22":"owp-content-right","23":"owp-thumbs-layout-horizontal","24":"owp-btn-normal","25":"owp-tabs-layout-horizontal"},"yoast_head":"<!-- This site is optimized with the Yoast SEO plugin v27.4 - https:\/\/yoast.com\/product\/yoast-seo-wordpress\/ -->\n<title>Moto Morini X-Cape 1200 - Moto Leonardo<\/title>\n<meta name=\"robots\" content=\"index, follow, max-snippet:-1, max-image-preview:large, max-video-preview:-1\" \/>\n<link rel=\"canonical\" href=\"https:\/\/motoleonardo.com\/?product=moto-morini-x-cape-1200\" \/>\n<meta property=\"og:locale\" content=\"pt_PT\" \/>\n<meta property=\"og:type\" content=\"article\" \/>\n<meta property=\"og:title\" content=\"Moto Morini X-Cape 1200 - Moto Leonardo\" \/>\n<meta property=\"og:description\" content=\"Moto Morini X-Cape 1200 PVP: 13.888\u20ac (Campanha de lan\u00e7amento) + Oferta kit de 3 malas IVA inclu\u00eddo. Acresce Documenta\u00e7\u00e3o, Transporte, ISV e IUC. AVENTURA SEM COMPROMISSOS! \u27a1\ufe0f\u00a0Possibilidade de financiamento \u27a1\ufe0f\u00a0Entrega em casa \u27a1\ufe0f\u00a0Oficina para assist\u00eancia e manuten\u00e7\u00e3o \u27a1\ufe0f\u00a0Garantia 36 meses de f\u00e1brica Informa\u00e7\u00e3o: \u2705 Radar de \u00e2ngulo morto com luz de aviso nos retrovisores \u2705 Cruise control \u2705 3 mapas de condu\u00e7\u00e3o \u2705 3 n\u00edveis de controlo de tra\u00e7\u00e3o \u2705 ABS em curva Bosch Cornering desconect\u00e1vel \u2705 Luz auxiliar em curva \u2705 C\u00e2mara frontal \u2705 Sensor press\u00e3o de pneus \u2705 Tomada USB + USB-C \u2705 Protetor de calor de motor \u2705 Banco completo aquecido (condutor+pendura) \u2705 Punhos aquecidos \u2705 Descanso central \u2705 Viseira ajust\u00e1vel \u2705 Prote\u00e7\u00e3o de m\u00e3os \u2705 Embraiagem deslizante \u2705 Jantes raiadas \u2705 TFT com sistema de navega\u00e7\u00e3o \u2705 Sistema de travagem Brembo \u2705 Pneus Pirelli Scorpion Trail 3 \u2705 Suspens\u00e3o totalmente ajust\u00e1vel Kayaba Caracter\u00edsticas: \u2705 Motor de curto curso &#8211; Corsa Corta EVO 1187cc Euro5+ de 87\u00ba a 4 tempos DOHC bicil\u00edndrico de 8 v\u00e1lvulas com debito 129cv \u00e0s 9000 rpms e 105Nm\/ 10.7kgm \u00e0s 7000rpm \u2705 Sistema de inje\u00e7\u00e3o Magneti Marelli \u2705 Dep\u00f3sito de 23Lts \u2705 Altura do assento 860mm \u2705 Dist\u00e2ncia ao solo 190mm \u2705 Trav\u00e3o dianteiro Brembo: Discos duplos de 320 mm com pin\u00e7as monobloco \u2705 Trav\u00e3o traseiro Brembo: Disco \u00fanico de 280 mm com pin\u00e7a fixa \u2705 Suspens\u00e3o frente: forquilha invertida totalmente ajust\u00e1vel, curso da roda de 180 mm \u2705 Suspens\u00e3o traseira: articula\u00e7\u00e3o progressiva com amortecedor \u00fanico, curso da roda de 180 mm \u2705 Roda frente: 120\/70-R19 \u2705 Roda traseira: 170\/60-R17 Esta moto de maxi-aventura, equipada com o motor V2 Corsa Corta EVO com 125 cavalos de pot\u00eancia e um bin\u00e1rio robusto, garante um desempenho suave mesmo a baixas rota\u00e7\u00f5es. \u00c9 uma mistura de pot\u00eancia e controlo, tecnologia avan\u00e7ada e componentes de topo de gama, tudo concebido para aumentar a seguran\u00e7a e o prazer de condu\u00e7\u00e3o. O design real\u00e7a a sua versatilidade e facilidade de utiliza\u00e7\u00e3o, quer seja nas ruas da cidade, nas longas auto-estradas, nas passagens de montanha ou nos trilhos fora de estrada. O equil\u00edbrio harmonioso entre desempenho, agilidade, pot\u00eancia, conforto e o inconfund\u00edvel estilo italiano foi o princ\u00edpio orientador da equipa da Moto Morini durante todo o processo de conce\u00e7\u00e3o da X-CAPE 1200. &nbsp; &nbsp;\" \/>\n<meta property=\"og:url\" content=\"https:\/\/motoleonardo.com\/?product=moto-morini-x-cape-1200\" \/>\n<meta property=\"og:site_name\" content=\"Moto Leonardo\" \/>\n<meta property=\"article:publisher\" content=\"https:\/\/www.facebook.com\/motoleonardopt\" \/>\n<meta property=\"article:modified_time\" content=\"2025-10-21T08:37:53+00:00\" \/>\n<meta property=\"og:image\" content=\"https:\/\/i0.wp.com\/motoleonardo.com\/wp-content\/uploads\/2025\/09\/DX-ANT-scaled.png?fit=2560%2C1440&ssl=1\" \/>\n\t<meta property=\"og:image:width\" content=\"2560\" \/>\n\t<meta property=\"og:image:height\" content=\"1440\" \/>\n\t<meta property=\"og:image:type\" content=\"image\/png\" \/>\n<meta name=\"twitter:card\" content=\"summary_large_image\" \/>\n<meta name=\"twitter:label1\" content=\"Tempo estimado de leitura\" \/>\n\t<meta name=\"twitter:data1\" content=\"2 minutos\" \/>\n<script type=\"application\/ld+json\" class=\"yoast-schema-graph\">{\"@context\":\"https:\\\/\\\/schema.org\",\"@graph\":[{\"@type\":\"WebPage\",\"@id\":\"https:\\\/\\\/motoleonardo.com\\\/?product=moto-morini-x-cape-1200\",\"url\":\"https:\\\/\\\/motoleonardo.com\\\/?product=moto-morini-x-cape-1200\",\"name\":\"Moto Morini X-Cape 1200 - Moto Leonardo\",\"isPartOf\":{\"@id\":\"https:\\\/\\\/motoleonardo.com\\\/#website\"},\"primaryImageOfPage\":{\"@id\":\"https:\\\/\\\/motoleonardo.com\\\/?product=moto-morini-x-cape-1200#primaryimage\"},\"image\":{\"@id\":\"https:\\\/\\\/motoleonardo.com\\\/?product=moto-morini-x-cape-1200#primaryimage\"},\"thumbnailUrl\":\"https:\\\/\\\/i0.wp.com\\\/motoleonardo.com\\\/wp-content\\\/uploads\\\/2025\\\/09\\\/DX-ANT-scaled.png?fit=2560%2C1440&ssl=1\",\"datePublished\":\"2025-09-17T12:53:17+00:00\",\"dateModified\":\"2025-10-21T08:37:53+00:00\",\"breadcrumb\":{\"@id\":\"https:\\\/\\\/motoleonardo.com\\\/?product=moto-morini-x-cape-1200#breadcrumb\"},\"inLanguage\":\"pt-PT\",\"potentialAction\":[{\"@type\":\"ReadAction\",\"target\":[\"https:\\\/\\\/motoleonardo.com\\\/?product=moto-morini-x-cape-1200\"]}]},{\"@type\":\"ImageObject\",\"inLanguage\":\"pt-PT\",\"@id\":\"https:\\\/\\\/motoleonardo.com\\\/?product=moto-morini-x-cape-1200#primaryimage\",\"url\":\"https:\\\/\\\/i0.wp.com\\\/motoleonardo.com\\\/wp-content\\\/uploads\\\/2025\\\/09\\\/DX-ANT-scaled.png?fit=2560%2C1440&ssl=1\",\"contentUrl\":\"https:\\\/\\\/i0.wp.com\\\/motoleonardo.com\\\/wp-content\\\/uploads\\\/2025\\\/09\\\/DX-ANT-scaled.png?fit=2560%2C1440&ssl=1\",\"width\":2560,\"height\":1440},{\"@type\":\"BreadcrumbList\",\"@id\":\"https:\\\/\\\/motoleonardo.com\\\/?product=moto-morini-x-cape-1200#breadcrumb\",\"itemListElement\":[{\"@type\":\"ListItem\",\"position\":1,\"name\":\"In\u00edcio\",\"item\":\"https:\\\/\\\/motoleonardo.com\\\/\"},{\"@type\":\"ListItem\",\"position\":2,\"name\":\"Todas Categorias\",\"item\":\"https:\\\/\\\/motoleonardo.com\\\/?page_id=252\"},{\"@type\":\"ListItem\",\"position\":3,\"name\":\"Moto Morini X-Cape 1200\"}]},{\"@type\":\"WebSite\",\"@id\":\"https:\\\/\\\/motoleonardo.com\\\/#website\",\"url\":\"https:\\\/\\\/motoleonardo.com\\\/\",\"name\":\"Moto Leonardo\",\"description\":\"Motas Novas e Usadas - Oficina Multimarcas - Pe\u00e7as, Acess\u00f3rios e Equipamento\",\"publisher\":{\"@id\":\"https:\\\/\\\/motoleonardo.com\\\/#organization\"},\"potentialAction\":[{\"@type\":\"SearchAction\",\"target\":{\"@type\":\"EntryPoint\",\"urlTemplate\":\"https:\\\/\\\/motoleonardo.com\\\/?s={search_term_string}\"},\"query-input\":{\"@type\":\"PropertyValueSpecification\",\"valueRequired\":true,\"valueName\":\"search_term_string\"}}],\"inLanguage\":\"pt-PT\"},{\"@type\":\"Organization\",\"@id\":\"https:\\\/\\\/motoleonardo.com\\\/#organization\",\"name\":\"Moto Leonardo\",\"url\":\"https:\\\/\\\/motoleonardo.com\\\/\",\"logo\":{\"@type\":\"ImageObject\",\"inLanguage\":\"pt-PT\",\"@id\":\"https:\\\/\\\/motoleonardo.com\\\/#\\\/schema\\\/logo\\\/image\\\/\",\"url\":\"https:\\\/\\\/i0.wp.com\\\/motoleonardo.com\\\/wp-content\\\/uploads\\\/2022\\\/10\\\/cropped-Professional-Initial-Letter-Typography-Logo.png?fit=512%2C512&ssl=1\",\"contentUrl\":\"https:\\\/\\\/i0.wp.com\\\/motoleonardo.com\\\/wp-content\\\/uploads\\\/2022\\\/10\\\/cropped-Professional-Initial-Letter-Typography-Logo.png?fit=512%2C512&ssl=1\",\"width\":512,\"height\":512,\"caption\":\"Moto Leonardo\"},\"image\":{\"@id\":\"https:\\\/\\\/motoleonardo.com\\\/#\\\/schema\\\/logo\\\/image\\\/\"},\"sameAs\":[\"https:\\\/\\\/www.facebook.com\\\/motoleonardopt\",\"https:\\\/\\\/www.instagram.com\\\/moto_leonardo\\\/\"]}]}<\/script>\n<!-- \/ Yoast SEO plugin. -->","yoast_head_json":{"title":"Moto Morini X-Cape 1200 - Moto Leonardo","robots":{"index":"index","follow":"follow","max-snippet":"max-snippet:-1","max-image-preview":"max-image-preview:large","max-video-preview":"max-video-preview:-1"},"canonical":"https:\/\/motoleonardo.com\/?product=moto-morini-x-cape-1200","og_locale":"pt_PT","og_type":"article","og_title":"Moto Morini X-Cape 1200 - Moto Leonardo","og_description":"Moto Morini X-Cape 1200 PVP: 13.888\u20ac (Campanha de lan\u00e7amento) + Oferta kit de 3 malas IVA inclu\u00eddo. Acresce Documenta\u00e7\u00e3o, Transporte, ISV e IUC. AVENTURA SEM COMPROMISSOS! \u27a1\ufe0f\u00a0Possibilidade de financiamento \u27a1\ufe0f\u00a0Entrega em casa \u27a1\ufe0f\u00a0Oficina para assist\u00eancia e manuten\u00e7\u00e3o \u27a1\ufe0f\u00a0Garantia 36 meses de f\u00e1brica Informa\u00e7\u00e3o: \u2705 Radar de \u00e2ngulo morto com luz de aviso nos retrovisores \u2705 Cruise control \u2705 3 mapas de condu\u00e7\u00e3o \u2705 3 n\u00edveis de controlo de tra\u00e7\u00e3o \u2705 ABS em curva Bosch Cornering desconect\u00e1vel \u2705 Luz auxiliar em curva \u2705 C\u00e2mara frontal \u2705 Sensor press\u00e3o de pneus \u2705 Tomada USB + USB-C \u2705 Protetor de calor de motor \u2705 Banco completo aquecido (condutor+pendura) \u2705 Punhos aquecidos \u2705 Descanso central \u2705 Viseira ajust\u00e1vel \u2705 Prote\u00e7\u00e3o de m\u00e3os \u2705 Embraiagem deslizante \u2705 Jantes raiadas \u2705 TFT com sistema de navega\u00e7\u00e3o \u2705 Sistema de travagem Brembo \u2705 Pneus Pirelli Scorpion Trail 3 \u2705 Suspens\u00e3o totalmente ajust\u00e1vel Kayaba Caracter\u00edsticas: \u2705 Motor de curto curso &#8211; Corsa Corta EVO 1187cc Euro5+ de 87\u00ba a 4 tempos DOHC bicil\u00edndrico de 8 v\u00e1lvulas com debito 129cv \u00e0s 9000 rpms e 105Nm\/ 10.7kgm \u00e0s 7000rpm \u2705 Sistema de inje\u00e7\u00e3o Magneti Marelli \u2705 Dep\u00f3sito de 23Lts \u2705 Altura do assento 860mm \u2705 Dist\u00e2ncia ao solo 190mm \u2705 Trav\u00e3o dianteiro Brembo: Discos duplos de 320 mm com pin\u00e7as monobloco \u2705 Trav\u00e3o traseiro Brembo: Disco \u00fanico de 280 mm com pin\u00e7a fixa \u2705 Suspens\u00e3o frente: forquilha invertida totalmente ajust\u00e1vel, curso da roda de 180 mm \u2705 Suspens\u00e3o traseira: articula\u00e7\u00e3o progressiva com amortecedor \u00fanico, curso da roda de 180 mm \u2705 Roda frente: 120\/70-R19 \u2705 Roda traseira: 170\/60-R17 Esta moto de maxi-aventura, equipada com o motor V2 Corsa Corta EVO com 125 cavalos de pot\u00eancia e um bin\u00e1rio robusto, garante um desempenho suave mesmo a baixas rota\u00e7\u00f5es. \u00c9 uma mistura de pot\u00eancia e controlo, tecnologia avan\u00e7ada e componentes de topo de gama, tudo concebido para aumentar a seguran\u00e7a e o prazer de condu\u00e7\u00e3o. O design real\u00e7a a sua versatilidade e facilidade de utiliza\u00e7\u00e3o, quer seja nas ruas da cidade, nas longas auto-estradas, nas passagens de montanha ou nos trilhos fora de estrada. O equil\u00edbrio harmonioso entre desempenho, agilidade, pot\u00eancia, conforto e o inconfund\u00edvel estilo italiano foi o princ\u00edpio orientador da equipa da Moto Morini durante todo o processo de conce\u00e7\u00e3o da X-CAPE 1200. &nbsp; &nbsp;","og_url":"https:\/\/motoleonardo.com\/?product=moto-morini-x-cape-1200","og_site_name":"Moto Leonardo","article_publisher":"https:\/\/www.facebook.com\/motoleonardopt","article_modified_time":"2025-10-21T08:37:53+00:00","og_image":[{"width":2560,"height":1440,"url":"https:\/\/i0.wp.com\/motoleonardo.com\/wp-content\/uploads\/2025\/09\/DX-ANT-scaled.png?fit=2560%2C1440&ssl=1","type":"image\/png"}],"twitter_card":"summary_large_image","twitter_misc":{"Tempo estimado de leitura":"2 minutos"},"schema":{"@context":"https:\/\/schema.org","@graph":[{"@type":"WebPage","@id":"https:\/\/motoleonardo.com\/?product=moto-morini-x-cape-1200","url":"https:\/\/motoleonardo.com\/?product=moto-morini-x-cape-1200","name":"Moto Morini X-Cape 1200 - Moto Leonardo","isPartOf":{"@id":"https:\/\/motoleonardo.com\/#website"},"primaryImageOfPage":{"@id":"https:\/\/motoleonardo.com\/?product=moto-morini-x-cape-1200#primaryimage"},"image":{"@id":"https:\/\/motoleonardo.com\/?product=moto-morini-x-cape-1200#primaryimage"},"thumbnailUrl":"https:\/\/i0.wp.com\/motoleonardo.com\/wp-content\/uploads\/2025\/09\/DX-ANT-scaled.png?fit=2560%2C1440&ssl=1","datePublished":"2025-09-17T12:53:17+00:00","dateModified":"2025-10-21T08:37:53+00:00","breadcrumb":{"@id":"https:\/\/motoleonardo.com\/?product=moto-morini-x-cape-1200#breadcrumb"},"inLanguage":"pt-PT","potentialAction":[{"@type":"ReadAction","target":["https:\/\/motoleonardo.com\/?product=moto-morini-x-cape-1200"]}]},{"@type":"ImageObject","inLanguage":"pt-PT","@id":"https:\/\/motoleonardo.com\/?product=moto-morini-x-cape-1200#primaryimage","url":"https:\/\/i0.wp.com\/motoleonardo.com\/wp-content\/uploads\/2025\/09\/DX-ANT-scaled.png?fit=2560%2C1440&ssl=1","contentUrl":"https:\/\/i0.wp.com\/motoleonardo.com\/wp-content\/uploads\/2025\/09\/DX-ANT-scaled.png?fit=2560%2C1440&ssl=1","width":2560,"height":1440},{"@type":"BreadcrumbList","@id":"https:\/\/motoleonardo.com\/?product=moto-morini-x-cape-1200#breadcrumb","itemListElement":[{"@type":"ListItem","position":1,"name":"In\u00edcio","item":"https:\/\/motoleonardo.com\/"},{"@type":"ListItem","position":2,"name":"Todas Categorias","item":"https:\/\/motoleonardo.com\/?page_id=252"},{"@type":"ListItem","position":3,"name":"Moto Morini X-Cape 1200"}]},{"@type":"WebSite","@id":"https:\/\/motoleonardo.com\/#website","url":"https:\/\/motoleonardo.com\/","name":"Moto Leonardo","description":"Motas Novas e Usadas - Oficina Multimarcas - Pe\u00e7as, Acess\u00f3rios e Equipamento","publisher":{"@id":"https:\/\/motoleonardo.com\/#organization"},"potentialAction":[{"@type":"SearchAction","target":{"@type":"EntryPoint","urlTemplate":"https:\/\/motoleonardo.com\/?s={search_term_string}"},"query-input":{"@type":"PropertyValueSpecification","valueRequired":true,"valueName":"search_term_string"}}],"inLanguage":"pt-PT"},{"@type":"Organization","@id":"https:\/\/motoleonardo.com\/#organization","name":"Moto Leonardo","url":"https:\/\/motoleonardo.com\/","logo":{"@type":"ImageObject","inLanguage":"pt-PT","@id":"https:\/\/motoleonardo.com\/#\/schema\/logo\/image\/","url":"https:\/\/i0.wp.com\/motoleonardo.com\/wp-content\/uploads\/2022\/10\/cropped-Professional-Initial-Letter-Typography-Logo.png?fit=512%2C512&ssl=1","contentUrl":"https:\/\/i0.wp.com\/motoleonardo.com\/wp-content\/uploads\/2022\/10\/cropped-Professional-Initial-Letter-Typography-Logo.png?fit=512%2C512&ssl=1","width":512,"height":512,"caption":"Moto Leonardo"},"image":{"@id":"https:\/\/motoleonardo.com\/#\/schema\/logo\/image\/"},"sameAs":["https:\/\/www.facebook.com\/motoleonardopt","https:\/\/www.instagram.com\/moto_leonardo\/"]}]}},"jetpack_sharing_enabled":true,"_links":{"self":[{"href":"https:\/\/motoleonardo.com\/index.php?rest_route=\/wp\/v2\/product\/8493","targetHints":{"allow":["GET"]}}],"collection":[{"href":"https:\/\/motoleonardo.com\/index.php?rest_route=\/wp\/v2\/product"}],"about":[{"href":"https:\/\/motoleonardo.com\/index.php?rest_route=\/wp\/v2\/types\/product"}],"wp:featuredmedia":[{"embeddable":true,"href":"https:\/\/motoleonardo.com\/index.php?rest_route=\/wp\/v2\/media\/8512"}],"wp:attachment":[{"href":"https:\/\/motoleonardo.com\/index.php?rest_route=%2Fwp%2Fv2%2Fmedia&parent=8493"}],"wp:term":[{"taxonomy":"product_brand","embeddable":true,"href":"https:\/\/motoleonardo.com\/index.php?rest_route=%2Fwp%2Fv2%2Fproduct_brand&post=8493"},{"taxonomy":"product_cat","embeddable":true,"href":"https:\/\/motoleonardo.com\/index.php?rest_route=%2Fwp%2Fv2%2Fproduct_cat&post=8493"},{"taxonomy":"product_tag","embeddable":true,"href":"https:\/\/motoleonardo.com\/index.php?rest_route=%2Fwp%2Fv2%2Fproduct_tag&post=8493"}],"curies":[{"name":"wp","href":"https:\/\/api.w.org\/{rel}","templated":true}]}}