{"id":9887,"date":"2026-04-13T20:06:10","date_gmt":"2026-04-13T20:06:10","guid":{"rendered":"https:\/\/motoleonardo.com\/?post_type=product&#038;p=9887"},"modified":"2026-04-13T20:07:23","modified_gmt":"2026-04-13T20:07:23","slug":"oleo-travoes-vspec-dot-5-silicone-1-litro","status":"publish","type":"product","link":"https:\/\/motoleonardo.com\/?product=oleo-travoes-vspec-dot-5-silicone-1-litro","title":{"rendered":"\u00d3leo Trav\u00f5es Vspec DOT 5 Silicone 1 Litro"},"content":{"rendered":"<p>Frasco de 1 litro. \u00c0 base de silicone. N\u00e3o agressivo para superf\u00edcies pintadas e pl\u00e1sticos. O DOT 5 n\u00e3o \u00e9 higrosc\u00f3pico e, por isso, n\u00e3o absorve \u00e1gua. N\u00e3o \u00e9 compat\u00edvel com trav\u00f5es ABS.<br \/>\nDesenvolvido para utiliza\u00e7\u00e3o em modelos Harley-Davidson V-Twin de s\u00e9rie e do mercado de acess\u00f3rios. Com caracter\u00edsticas em que pode confiar para proporcionar o m\u00e1ximo desempenho \u00e0 sua moto em todas as circunst\u00e2ncias.<br \/>\nConcebido e fabricado na Holanda.<br \/>\nNota: N\u00e3o misture com fluidos de trav\u00f5es DOT 3 e 4.<\/p>\n<p>Dica t\u00e9cnica: Se pretender utilizar DOT 5, poder\u00e1 ser mais f\u00e1cil decidir se \u00e9 adequado para si com algum conhecimento adicional sobre este tipo de fluido de trav\u00f5es. O DOT 5 de silicone n\u00e3o \u00e9 agressivo para superf\u00edcies pintadas e pl\u00e1sticos, possui caracter\u00edsticas anticorrosivas, n\u00e3o \u00e9 higrosc\u00f3pico e, por isso, n\u00e3o absorve \u00e1gua. Excelentes caracter\u00edsticas para ve\u00edculos que n\u00e3o s\u00e3o muito utilizados. No entanto, quando a \u00e1gua se acumula no sistema de trav\u00f5es ao longo do tempo e n\u00e3o \u00e9 absorvida pelo fluido de trav\u00f5es, em teoria, pode criar bolsas de \u00e1gua que podem ferver em circunst\u00e2ncias extremas. Isto pode resultar em bloqueio por vapor e falha total dos trav\u00f5es. Uma vez que o DOT 5 de silicone n\u00e3o absorve \u00e1gua, a \u00e1gua acumulada pode n\u00e3o ser totalmente removida do sistema de trav\u00f5es quando o fluido de trav\u00f5es \u00e9 substitu\u00eddo. O silicone DOT 5 nunca deve ser misturado com fluidos de trav\u00e3o DOT 3 ou 4. Tamb\u00e9m n\u00e3o \u00e9 compat\u00edvel com ABS (Sistema de Trav\u00f5es Antibloqueio) ou ASR (Regula\u00e7\u00e3o Antiderrapagem), uma vez que forma espuma mais facilmente. Note-se que a H-D Motor Company utilizou o DOT 5 at\u00e9 cerca de 2006, aproximadamente na altura em que o ABS foi introduzido.<\/p>\n<p>Refer\u00eancia de pe\u00e7a de substitui\u00e7\u00e3o OEM 41800220<\/p>\n","protected":false},"excerpt":{"rendered":"<p>Frasco de 1 litro. \u00c0 base de silicone. N\u00e3o agressivo para superf\u00edcies pintadas e pl\u00e1sticos. O DOT 5 n\u00e3o \u00e9 higrosc\u00f3pico e, por isso, n\u00e3o absorve \u00e1gua. N\u00e3o \u00e9 compat\u00edvel com trav\u00f5es ABS. Desenvolvido para utiliza\u00e7\u00e3o em modelos Harley-Davidson V-Twin de s\u00e9rie e do mercado de acess\u00f3rios. Com caracter\u00edsticas em que pode confiar para proporcionar o m\u00e1ximo desempenho \u00e0 sua moto em todas as circunst\u00e2ncias. Concebido e fabricado na Holanda. Nota: N\u00e3o misture com fluidos de trav\u00f5es DOT 3 e 4. Dica t\u00e9cnica: Se pretender utilizar DOT 5, poder\u00e1 ser mais f\u00e1cil decidir se \u00e9 adequado para si com algum conhecimento adicional sobre este tipo de fluido de trav\u00f5es. O DOT 5 de silicone n\u00e3o \u00e9 agressivo para superf\u00edcies pintadas e pl\u00e1sticos, possui caracter\u00edsticas anticorrosivas, n\u00e3o \u00e9 higrosc\u00f3pico e, por isso, n\u00e3o absorve \u00e1gua. Excelentes caracter\u00edsticas para ve\u00edculos que n\u00e3o s\u00e3o muito utilizados. No entanto, quando a \u00e1gua se acumula no sistema de trav\u00f5es ao longo do tempo e n\u00e3o \u00e9 absorvida pelo fluido de trav\u00f5es, em teoria, pode criar bolsas de \u00e1gua que podem ferver em circunst\u00e2ncias extremas. Isto pode resultar em bloqueio por vapor e falha total dos trav\u00f5es. Uma vez que o DOT 5 de silicone n\u00e3o absorve \u00e1gua, a \u00e1gua acumulada pode n\u00e3o ser totalmente removida do sistema de trav\u00f5es quando o fluido de trav\u00f5es \u00e9 substitu\u00eddo. O silicone DOT 5 nunca deve ser misturado com fluidos de trav\u00e3o DOT 3 ou 4. Tamb\u00e9m n\u00e3o \u00e9 compat\u00edvel com ABS (Sistema de Trav\u00f5es Antibloqueio) ou ASR (Regula\u00e7\u00e3o Antiderrapagem), uma vez que forma espuma mais facilmente. Note-se que a H-D Motor Company utilizou o DOT 5 at\u00e9 cerca de 2006, aproximadamente na altura em que o ABS foi introduzido. Refer\u00eancia de pe\u00e7a de substitui\u00e7\u00e3o OEM 41800220<\/p>\n","protected":false},"featured_media":9888,"template":"","meta":{"ocean_post_layout":"","ocean_both_sidebars_style":"","ocean_both_sidebars_content_width":0,"ocean_both_sidebars_sidebars_width":0,"ocean_sidebar":"0","ocean_second_sidebar":"0","ocean_disable_margins":"enable","ocean_add_body_class":"","ocean_shortcode_before_top_bar":"","ocean_shortcode_after_top_bar":"","ocean_shortcode_before_header":"","ocean_shortcode_after_header":"","ocean_has_shortcode":"","ocean_shortcode_after_title":"","ocean_shortcode_before_footer_widgets":"","ocean_shortcode_after_footer_widgets":"","ocean_shortcode_before_footer_bottom":"","ocean_shortcode_after_footer_bottom":"","ocean_display_top_bar":"default","ocean_display_header":"default","ocean_header_style":"","ocean_center_header_left_menu":"0","ocean_custom_header_template":"0","ocean_custom_logo":0,"ocean_custom_retina_logo":0,"ocean_custom_logo_max_width":0,"ocean_custom_logo_tablet_max_width":0,"ocean_custom_logo_mobile_max_width":0,"ocean_custom_logo_max_height":0,"ocean_custom_logo_tablet_max_height":0,"ocean_custom_logo_mobile_max_height":0,"ocean_header_custom_menu":"0","ocean_menu_typo_font_family":"0","ocean_menu_typo_font_subset":"","ocean_menu_typo_font_size":0,"ocean_menu_typo_font_size_tablet":0,"ocean_menu_typo_font_size_mobile":0,"ocean_menu_typo_font_size_unit":"px","ocean_menu_typo_font_weight":"","ocean_menu_typo_font_weight_tablet":"","ocean_menu_typo_font_weight_mobile":"","ocean_menu_typo_transform":"","ocean_menu_typo_transform_tablet":"","ocean_menu_typo_transform_mobile":"","ocean_menu_typo_line_height":0,"ocean_menu_typo_line_height_tablet":0,"ocean_menu_typo_line_height_mobile":0,"ocean_menu_typo_line_height_unit":"","ocean_menu_typo_spacing":0,"ocean_menu_typo_spacing_tablet":0,"ocean_menu_typo_spacing_mobile":0,"ocean_menu_typo_spacing_unit":"","ocean_menu_link_color":"","ocean_menu_link_color_hover":"","ocean_menu_link_color_active":"","ocean_menu_link_background":"","ocean_menu_link_hover_background":"","ocean_menu_link_active_background":"","ocean_menu_social_links_bg":"","ocean_menu_social_hover_links_bg":"","ocean_menu_social_links_color":"","ocean_menu_social_hover_links_color":"","ocean_disable_title":"default","ocean_disable_heading":"default","ocean_post_title":"","ocean_post_subheading":"","ocean_post_title_style":"","ocean_post_title_background_color":"","ocean_post_title_background":0,"ocean_post_title_bg_image_position":"","ocean_post_title_bg_image_attachment":"","ocean_post_title_bg_image_repeat":"","ocean_post_title_bg_image_size":"","ocean_post_title_height":0,"ocean_post_title_bg_overlay":0.5,"ocean_post_title_bg_overlay_color":"","ocean_disable_breadcrumbs":"default","ocean_breadcrumbs_color":"","ocean_breadcrumbs_separator_color":"","ocean_breadcrumbs_links_color":"","ocean_breadcrumbs_links_hover_color":"","ocean_display_footer_widgets":"default","ocean_display_footer_bottom":"default","ocean_custom_footer_template":"0","omw_enable_modal_window":"enable"},"product_brand":[842],"product_cat":[68,96],"product_tag":[],"class_list":{"0":"post-9887","1":"product","2":"type-product","3":"status-publish","4":"has-post-thumbnail","6":"product_brand-vspec","7":"product_cat-manutencao","8":"product_cat-oleo-travoes","10":"entry","11":"has-media","13":"first","14":"instock","15":"sale","16":"shipping-taxable","17":"purchasable","18":"product-type-simple","19":"has-product-nav","20":"col","21":"span_1_of_4","22":"owp-content-right","23":"owp-thumbs-layout-horizontal","24":"owp-btn-normal","25":"owp-tabs-layout-horizontal","26":"has-no-thumbnails"},"yoast_head":"<!-- This site is optimized with the Yoast SEO plugin v27.4 - https:\/\/yoast.com\/product\/yoast-seo-wordpress\/ -->\n<title>\u00d3leo Trav\u00f5es Vspec DOT 5 Silicone 1 Litro - Moto Leonardo<\/title>\n<meta name=\"robots\" content=\"index, follow, max-snippet:-1, max-image-preview:large, max-video-preview:-1\" \/>\n<link rel=\"canonical\" href=\"https:\/\/motoleonardo.com\/?product=oleo-travoes-vspec-dot-5-silicone-1-litro\" \/>\n<meta property=\"og:locale\" content=\"pt_PT\" \/>\n<meta property=\"og:type\" content=\"article\" \/>\n<meta property=\"og:title\" content=\"\u00d3leo Trav\u00f5es Vspec DOT 5 Silicone 1 Litro - Moto Leonardo\" \/>\n<meta property=\"og:description\" content=\"Frasco de 1 litro. \u00c0 base de silicone. N\u00e3o agressivo para superf\u00edcies pintadas e pl\u00e1sticos. O DOT 5 n\u00e3o \u00e9 higrosc\u00f3pico e, por isso, n\u00e3o absorve \u00e1gua. N\u00e3o \u00e9 compat\u00edvel com trav\u00f5es ABS. Desenvolvido para utiliza\u00e7\u00e3o em modelos Harley-Davidson V-Twin de s\u00e9rie e do mercado de acess\u00f3rios. Com caracter\u00edsticas em que pode confiar para proporcionar o m\u00e1ximo desempenho \u00e0 sua moto em todas as circunst\u00e2ncias. Concebido e fabricado na Holanda. Nota: N\u00e3o misture com fluidos de trav\u00f5es DOT 3 e 4. Dica t\u00e9cnica: Se pretender utilizar DOT 5, poder\u00e1 ser mais f\u00e1cil decidir se \u00e9 adequado para si com algum conhecimento adicional sobre este tipo de fluido de trav\u00f5es. O DOT 5 de silicone n\u00e3o \u00e9 agressivo para superf\u00edcies pintadas e pl\u00e1sticos, possui caracter\u00edsticas anticorrosivas, n\u00e3o \u00e9 higrosc\u00f3pico e, por isso, n\u00e3o absorve \u00e1gua. Excelentes caracter\u00edsticas para ve\u00edculos que n\u00e3o s\u00e3o muito utilizados. No entanto, quando a \u00e1gua se acumula no sistema de trav\u00f5es ao longo do tempo e n\u00e3o \u00e9 absorvida pelo fluido de trav\u00f5es, em teoria, pode criar bolsas de \u00e1gua que podem ferver em circunst\u00e2ncias extremas. Isto pode resultar em bloqueio por vapor e falha total dos trav\u00f5es. Uma vez que o DOT 5 de silicone n\u00e3o absorve \u00e1gua, a \u00e1gua acumulada pode n\u00e3o ser totalmente removida do sistema de trav\u00f5es quando o fluido de trav\u00f5es \u00e9 substitu\u00eddo. O silicone DOT 5 nunca deve ser misturado com fluidos de trav\u00e3o DOT 3 ou 4. Tamb\u00e9m n\u00e3o \u00e9 compat\u00edvel com ABS (Sistema de Trav\u00f5es Antibloqueio) ou ASR (Regula\u00e7\u00e3o Antiderrapagem), uma vez que forma espuma mais facilmente. Note-se que a H-D Motor Company utilizou o DOT 5 at\u00e9 cerca de 2006, aproximadamente na altura em que o ABS foi introduzido. Refer\u00eancia de pe\u00e7a de substitui\u00e7\u00e3o OEM 41800220\" \/>\n<meta property=\"og:url\" content=\"https:\/\/motoleonardo.com\/?product=oleo-travoes-vspec-dot-5-silicone-1-litro\" \/>\n<meta property=\"og:site_name\" content=\"Moto Leonardo\" \/>\n<meta property=\"article:publisher\" content=\"https:\/\/www.facebook.com\/motoleonardopt\" \/>\n<meta property=\"article:modified_time\" content=\"2026-04-13T20:07:23+00:00\" \/>\n<meta property=\"og:image\" content=\"https:\/\/i0.wp.com\/motoleonardo.com\/wp-content\/uploads\/2022\/10\/Professional-Initial-Letter-Typography-Logo.png?fit=500%2C500&ssl=1\" \/>\n\t<meta property=\"og:image:width\" content=\"500\" \/>\n\t<meta property=\"og:image:height\" content=\"500\" \/>\n\t<meta property=\"og:image:type\" content=\"image\/png\" \/>\n<meta name=\"twitter:card\" content=\"summary_large_image\" \/>\n<meta name=\"twitter:label1\" content=\"Tempo estimado de leitura\" \/>\n\t<meta name=\"twitter:data1\" content=\"2 minutos\" \/>\n<script type=\"application\/ld+json\" class=\"yoast-schema-graph\">{\"@context\":\"https:\\\/\\\/schema.org\",\"@graph\":[{\"@type\":\"WebPage\",\"@id\":\"https:\\\/\\\/motoleonardo.com\\\/?product=oleo-travoes-vspec-dot-5-silicone-1-litro\",\"url\":\"https:\\\/\\\/motoleonardo.com\\\/?product=oleo-travoes-vspec-dot-5-silicone-1-litro\",\"name\":\"\u00d3leo Trav\u00f5es Vspec DOT 5 Silicone 1 Litro - Moto Leonardo\",\"isPartOf\":{\"@id\":\"https:\\\/\\\/motoleonardo.com\\\/#website\"},\"primaryImageOfPage\":{\"@id\":\"https:\\\/\\\/motoleonardo.com\\\/?product=oleo-travoes-vspec-dot-5-silicone-1-litro#primaryimage\"},\"image\":{\"@id\":\"https:\\\/\\\/motoleonardo.com\\\/?product=oleo-travoes-vspec-dot-5-silicone-1-litro#primaryimage\"},\"thumbnailUrl\":\"https:\\\/\\\/motoleonardo.com\\\/wp-content\\\/uploads\\\/2026\\\/04\\\/904509k_1742211259-3t48jd_i.avif\",\"datePublished\":\"2026-04-13T20:06:10+00:00\",\"dateModified\":\"2026-04-13T20:07:23+00:00\",\"breadcrumb\":{\"@id\":\"https:\\\/\\\/motoleonardo.com\\\/?product=oleo-travoes-vspec-dot-5-silicone-1-litro#breadcrumb\"},\"inLanguage\":\"pt-PT\",\"potentialAction\":[{\"@type\":\"ReadAction\",\"target\":[\"https:\\\/\\\/motoleonardo.com\\\/?product=oleo-travoes-vspec-dot-5-silicone-1-litro\"]}]},{\"@type\":\"ImageObject\",\"inLanguage\":\"pt-PT\",\"@id\":\"https:\\\/\\\/motoleonardo.com\\\/?product=oleo-travoes-vspec-dot-5-silicone-1-litro#primaryimage\",\"url\":\"https:\\\/\\\/motoleonardo.com\\\/wp-content\\\/uploads\\\/2026\\\/04\\\/904509k_1742211259-3t48jd_i.avif\",\"contentUrl\":\"https:\\\/\\\/motoleonardo.com\\\/wp-content\\\/uploads\\\/2026\\\/04\\\/904509k_1742211259-3t48jd_i.avif\",\"width\":459,\"height\":459},{\"@type\":\"BreadcrumbList\",\"@id\":\"https:\\\/\\\/motoleonardo.com\\\/?product=oleo-travoes-vspec-dot-5-silicone-1-litro#breadcrumb\",\"itemListElement\":[{\"@type\":\"ListItem\",\"position\":1,\"name\":\"In\u00edcio\",\"item\":\"https:\\\/\\\/motoleonardo.com\\\/\"},{\"@type\":\"ListItem\",\"position\":2,\"name\":\"Todas Categorias\",\"item\":\"https:\\\/\\\/motoleonardo.com\\\/?page_id=252\"},{\"@type\":\"ListItem\",\"position\":3,\"name\":\"\u00d3leo Trav\u00f5es Vspec DOT 5 Silicone 1 Litro\"}]},{\"@type\":\"WebSite\",\"@id\":\"https:\\\/\\\/motoleonardo.com\\\/#website\",\"url\":\"https:\\\/\\\/motoleonardo.com\\\/\",\"name\":\"Moto Leonardo\",\"description\":\"Motas Novas e Usadas - Oficina Multimarcas - Pe\u00e7as, Acess\u00f3rios e Equipamento\",\"publisher\":{\"@id\":\"https:\\\/\\\/motoleonardo.com\\\/#organization\"},\"potentialAction\":[{\"@type\":\"SearchAction\",\"target\":{\"@type\":\"EntryPoint\",\"urlTemplate\":\"https:\\\/\\\/motoleonardo.com\\\/?s={search_term_string}\"},\"query-input\":{\"@type\":\"PropertyValueSpecification\",\"valueRequired\":true,\"valueName\":\"search_term_string\"}}],\"inLanguage\":\"pt-PT\"},{\"@type\":\"Organization\",\"@id\":\"https:\\\/\\\/motoleonardo.com\\\/#organization\",\"name\":\"Moto Leonardo\",\"url\":\"https:\\\/\\\/motoleonardo.com\\\/\",\"logo\":{\"@type\":\"ImageObject\",\"inLanguage\":\"pt-PT\",\"@id\":\"https:\\\/\\\/motoleonardo.com\\\/#\\\/schema\\\/logo\\\/image\\\/\",\"url\":\"https:\\\/\\\/i0.wp.com\\\/motoleonardo.com\\\/wp-content\\\/uploads\\\/2022\\\/10\\\/cropped-Professional-Initial-Letter-Typography-Logo.png?fit=512%2C512&ssl=1\",\"contentUrl\":\"https:\\\/\\\/i0.wp.com\\\/motoleonardo.com\\\/wp-content\\\/uploads\\\/2022\\\/10\\\/cropped-Professional-Initial-Letter-Typography-Logo.png?fit=512%2C512&ssl=1\",\"width\":512,\"height\":512,\"caption\":\"Moto Leonardo\"},\"image\":{\"@id\":\"https:\\\/\\\/motoleonardo.com\\\/#\\\/schema\\\/logo\\\/image\\\/\"},\"sameAs\":[\"https:\\\/\\\/www.facebook.com\\\/motoleonardopt\",\"https:\\\/\\\/www.instagram.com\\\/moto_leonardo\\\/\"]}]}<\/script>\n<!-- \/ Yoast SEO plugin. -->","yoast_head_json":{"title":"\u00d3leo Trav\u00f5es Vspec DOT 5 Silicone 1 Litro - Moto Leonardo","robots":{"index":"index","follow":"follow","max-snippet":"max-snippet:-1","max-image-preview":"max-image-preview:large","max-video-preview":"max-video-preview:-1"},"canonical":"https:\/\/motoleonardo.com\/?product=oleo-travoes-vspec-dot-5-silicone-1-litro","og_locale":"pt_PT","og_type":"article","og_title":"\u00d3leo Trav\u00f5es Vspec DOT 5 Silicone 1 Litro - Moto Leonardo","og_description":"Frasco de 1 litro. \u00c0 base de silicone. N\u00e3o agressivo para superf\u00edcies pintadas e pl\u00e1sticos. O DOT 5 n\u00e3o \u00e9 higrosc\u00f3pico e, por isso, n\u00e3o absorve \u00e1gua. N\u00e3o \u00e9 compat\u00edvel com trav\u00f5es ABS. Desenvolvido para utiliza\u00e7\u00e3o em modelos Harley-Davidson V-Twin de s\u00e9rie e do mercado de acess\u00f3rios. Com caracter\u00edsticas em que pode confiar para proporcionar o m\u00e1ximo desempenho \u00e0 sua moto em todas as circunst\u00e2ncias. Concebido e fabricado na Holanda. Nota: N\u00e3o misture com fluidos de trav\u00f5es DOT 3 e 4. Dica t\u00e9cnica: Se pretender utilizar DOT 5, poder\u00e1 ser mais f\u00e1cil decidir se \u00e9 adequado para si com algum conhecimento adicional sobre este tipo de fluido de trav\u00f5es. O DOT 5 de silicone n\u00e3o \u00e9 agressivo para superf\u00edcies pintadas e pl\u00e1sticos, possui caracter\u00edsticas anticorrosivas, n\u00e3o \u00e9 higrosc\u00f3pico e, por isso, n\u00e3o absorve \u00e1gua. Excelentes caracter\u00edsticas para ve\u00edculos que n\u00e3o s\u00e3o muito utilizados. No entanto, quando a \u00e1gua se acumula no sistema de trav\u00f5es ao longo do tempo e n\u00e3o \u00e9 absorvida pelo fluido de trav\u00f5es, em teoria, pode criar bolsas de \u00e1gua que podem ferver em circunst\u00e2ncias extremas. Isto pode resultar em bloqueio por vapor e falha total dos trav\u00f5es. Uma vez que o DOT 5 de silicone n\u00e3o absorve \u00e1gua, a \u00e1gua acumulada pode n\u00e3o ser totalmente removida do sistema de trav\u00f5es quando o fluido de trav\u00f5es \u00e9 substitu\u00eddo. O silicone DOT 5 nunca deve ser misturado com fluidos de trav\u00e3o DOT 3 ou 4. Tamb\u00e9m n\u00e3o \u00e9 compat\u00edvel com ABS (Sistema de Trav\u00f5es Antibloqueio) ou ASR (Regula\u00e7\u00e3o Antiderrapagem), uma vez que forma espuma mais facilmente. Note-se que a H-D Motor Company utilizou o DOT 5 at\u00e9 cerca de 2006, aproximadamente na altura em que o ABS foi introduzido. Refer\u00eancia de pe\u00e7a de substitui\u00e7\u00e3o OEM 41800220","og_url":"https:\/\/motoleonardo.com\/?product=oleo-travoes-vspec-dot-5-silicone-1-litro","og_site_name":"Moto Leonardo","article_publisher":"https:\/\/www.facebook.com\/motoleonardopt","article_modified_time":"2026-04-13T20:07:23+00:00","og_image":[{"width":500,"height":500,"url":"https:\/\/i0.wp.com\/motoleonardo.com\/wp-content\/uploads\/2022\/10\/Professional-Initial-Letter-Typography-Logo.png?fit=500%2C500&ssl=1","type":"image\/png"}],"twitter_card":"summary_large_image","twitter_misc":{"Tempo estimado de leitura":"2 minutos"},"schema":{"@context":"https:\/\/schema.org","@graph":[{"@type":"WebPage","@id":"https:\/\/motoleonardo.com\/?product=oleo-travoes-vspec-dot-5-silicone-1-litro","url":"https:\/\/motoleonardo.com\/?product=oleo-travoes-vspec-dot-5-silicone-1-litro","name":"\u00d3leo Trav\u00f5es Vspec DOT 5 Silicone 1 Litro - Moto Leonardo","isPartOf":{"@id":"https:\/\/motoleonardo.com\/#website"},"primaryImageOfPage":{"@id":"https:\/\/motoleonardo.com\/?product=oleo-travoes-vspec-dot-5-silicone-1-litro#primaryimage"},"image":{"@id":"https:\/\/motoleonardo.com\/?product=oleo-travoes-vspec-dot-5-silicone-1-litro#primaryimage"},"thumbnailUrl":"https:\/\/motoleonardo.com\/wp-content\/uploads\/2026\/04\/904509k_1742211259-3t48jd_i.avif","datePublished":"2026-04-13T20:06:10+00:00","dateModified":"2026-04-13T20:07:23+00:00","breadcrumb":{"@id":"https:\/\/motoleonardo.com\/?product=oleo-travoes-vspec-dot-5-silicone-1-litro#breadcrumb"},"inLanguage":"pt-PT","potentialAction":[{"@type":"ReadAction","target":["https:\/\/motoleonardo.com\/?product=oleo-travoes-vspec-dot-5-silicone-1-litro"]}]},{"@type":"ImageObject","inLanguage":"pt-PT","@id":"https:\/\/motoleonardo.com\/?product=oleo-travoes-vspec-dot-5-silicone-1-litro#primaryimage","url":"https:\/\/motoleonardo.com\/wp-content\/uploads\/2026\/04\/904509k_1742211259-3t48jd_i.avif","contentUrl":"https:\/\/motoleonardo.com\/wp-content\/uploads\/2026\/04\/904509k_1742211259-3t48jd_i.avif","width":459,"height":459},{"@type":"BreadcrumbList","@id":"https:\/\/motoleonardo.com\/?product=oleo-travoes-vspec-dot-5-silicone-1-litro#breadcrumb","itemListElement":[{"@type":"ListItem","position":1,"name":"In\u00edcio","item":"https:\/\/motoleonardo.com\/"},{"@type":"ListItem","position":2,"name":"Todas Categorias","item":"https:\/\/motoleonardo.com\/?page_id=252"},{"@type":"ListItem","position":3,"name":"\u00d3leo Trav\u00f5es Vspec DOT 5 Silicone 1 Litro"}]},{"@type":"WebSite","@id":"https:\/\/motoleonardo.com\/#website","url":"https:\/\/motoleonardo.com\/","name":"Moto Leonardo","description":"Motas Novas e Usadas - Oficina Multimarcas - Pe\u00e7as, Acess\u00f3rios e Equipamento","publisher":{"@id":"https:\/\/motoleonardo.com\/#organization"},"potentialAction":[{"@type":"SearchAction","target":{"@type":"EntryPoint","urlTemplate":"https:\/\/motoleonardo.com\/?s={search_term_string}"},"query-input":{"@type":"PropertyValueSpecification","valueRequired":true,"valueName":"search_term_string"}}],"inLanguage":"pt-PT"},{"@type":"Organization","@id":"https:\/\/motoleonardo.com\/#organization","name":"Moto Leonardo","url":"https:\/\/motoleonardo.com\/","logo":{"@type":"ImageObject","inLanguage":"pt-PT","@id":"https:\/\/motoleonardo.com\/#\/schema\/logo\/image\/","url":"https:\/\/i0.wp.com\/motoleonardo.com\/wp-content\/uploads\/2022\/10\/cropped-Professional-Initial-Letter-Typography-Logo.png?fit=512%2C512&ssl=1","contentUrl":"https:\/\/i0.wp.com\/motoleonardo.com\/wp-content\/uploads\/2022\/10\/cropped-Professional-Initial-Letter-Typography-Logo.png?fit=512%2C512&ssl=1","width":512,"height":512,"caption":"Moto Leonardo"},"image":{"@id":"https:\/\/motoleonardo.com\/#\/schema\/logo\/image\/"},"sameAs":["https:\/\/www.facebook.com\/motoleonardopt","https:\/\/www.instagram.com\/moto_leonardo\/"]}]}},"jetpack_sharing_enabled":true,"_links":{"self":[{"href":"https:\/\/motoleonardo.com\/index.php?rest_route=\/wp\/v2\/product\/9887","targetHints":{"allow":["GET"]}}],"collection":[{"href":"https:\/\/motoleonardo.com\/index.php?rest_route=\/wp\/v2\/product"}],"about":[{"href":"https:\/\/motoleonardo.com\/index.php?rest_route=\/wp\/v2\/types\/product"}],"wp:featuredmedia":[{"embeddable":true,"href":"https:\/\/motoleonardo.com\/index.php?rest_route=\/wp\/v2\/media\/9888"}],"wp:attachment":[{"href":"https:\/\/motoleonardo.com\/index.php?rest_route=%2Fwp%2Fv2%2Fmedia&parent=9887"}],"wp:term":[{"taxonomy":"product_brand","embeddable":true,"href":"https:\/\/motoleonardo.com\/index.php?rest_route=%2Fwp%2Fv2%2Fproduct_brand&post=9887"},{"taxonomy":"product_cat","embeddable":true,"href":"https:\/\/motoleonardo.com\/index.php?rest_route=%2Fwp%2Fv2%2Fproduct_cat&post=9887"},{"taxonomy":"product_tag","embeddable":true,"href":"https:\/\/motoleonardo.com\/index.php?rest_route=%2Fwp%2Fv2%2Fproduct_tag&post=9887"}],"curies":[{"name":"wp","href":"https:\/\/api.w.org\/{rel}","templated":true}]}}