{"id":9892,"date":"2026-04-13T20:23:04","date_gmt":"2026-04-13T20:23:04","guid":{"rendered":"https:\/\/motoleonardo.com\/?post_type=product&#038;p=9892"},"modified":"2026-04-13T20:23:04","modified_gmt":"2026-04-13T20:23:04","slug":"kn-filtro-de-oleo-kn-171b-harley-davidson","status":"publish","type":"product","link":"https:\/\/motoleonardo.com\/?product=kn-filtro-de-oleo-kn-171b-harley-davidson","title":{"rendered":"K&#038;N Filtro de \u00f3leo KN-171B (Harley-Davidson)"},"content":{"rendered":"<p>A K&amp;N oferece um filtro de \u00f3leo de alta qualidade, fabricado com um meio filtrante sint\u00e9tico especificamente concebido para suportar as elevadas concentra\u00e7\u00f5es dos \u00f3leos sint\u00e9ticos de competi\u00e7\u00e3o<br \/>\nUm meio filtrante de grandes dimens\u00f5es proporciona caudais elevados e uma filtragem de \u00f3leo excecional, para manter o seu motor a funcionar de forma limpa e suave<br \/>\nO meio filtrante sint\u00e9tico com pregas uniformes oferece uma elevada capacidade e uma filtragem excecional<br \/>\nO meio filtrante sint\u00e9tico permite taxas de fluxo mais elevadas associadas a \u00f3leos sint\u00e9ticos e misturas de \u00f3leos sint\u00e9ticos<br \/>\nProtegido por um inv\u00f3lucro e uma placa de base resistentes, com uma veda\u00e7\u00e3o de dupla lamina\u00e7\u00e3o<br \/>\nJunta de base pr\u00e9-lubrificada<br \/>\nA v\u00e1lvula de reten\u00e7\u00e3o\/anti-retorno impede o refluxo e os arranques a seco (quando aplic\u00e1vel)<br \/>\nPorca hexagonal de 17 mm (pr\u00e9-perfurada para fixa\u00e7\u00e3o com fio de seguran\u00e7a) permite uma instala\u00e7\u00e3o f\u00e1cil e remo\u00e7\u00e3o com chave<\/p>\n","protected":false},"excerpt":{"rendered":"<p>A K&amp;N oferece um filtro de \u00f3leo de alta qualidade, fabricado com um meio filtrante sint\u00e9tico especificamente concebido para suportar as elevadas concentra\u00e7\u00f5es dos \u00f3leos sint\u00e9ticos de competi\u00e7\u00e3o Um meio filtrante de grandes dimens\u00f5es proporciona caudais elevados e uma filtragem de \u00f3leo excecional, para manter o seu motor a funcionar de forma limpa e suave O meio filtrante sint\u00e9tico com pregas uniformes oferece uma elevada capacidade e uma filtragem excecional O meio filtrante sint\u00e9tico permite taxas de fluxo mais elevadas associadas a \u00f3leos sint\u00e9ticos e misturas de \u00f3leos sint\u00e9ticos Protegido por um inv\u00f3lucro e uma placa de base resistentes, com uma veda\u00e7\u00e3o de dupla lamina\u00e7\u00e3o Junta de base pr\u00e9-lubrificada A v\u00e1lvula de reten\u00e7\u00e3o\/anti-retorno impede o refluxo e os arranques a seco (quando aplic\u00e1vel) Porca hexagonal de 17 mm (pr\u00e9-perfurada para fixa\u00e7\u00e3o com fio de seguran\u00e7a) permite uma instala\u00e7\u00e3o f\u00e1cil e remo\u00e7\u00e3o com chave<\/p>\n","protected":false},"featured_media":5246,"template":"","meta":{"ocean_post_layout":"","ocean_both_sidebars_style":"","ocean_both_sidebars_content_width":0,"ocean_both_sidebars_sidebars_width":0,"ocean_sidebar":"0","ocean_second_sidebar":"0","ocean_disable_margins":"enable","ocean_add_body_class":"","ocean_shortcode_before_top_bar":"","ocean_shortcode_after_top_bar":"","ocean_shortcode_before_header":"","ocean_shortcode_after_header":"","ocean_has_shortcode":"","ocean_shortcode_after_title":"","ocean_shortcode_before_footer_widgets":"","ocean_shortcode_after_footer_widgets":"","ocean_shortcode_before_footer_bottom":"","ocean_shortcode_after_footer_bottom":"","ocean_display_top_bar":"default","ocean_display_header":"default","ocean_header_style":"","ocean_center_header_left_menu":"0","ocean_custom_header_template":"0","ocean_custom_logo":0,"ocean_custom_retina_logo":0,"ocean_custom_logo_max_width":0,"ocean_custom_logo_tablet_max_width":0,"ocean_custom_logo_mobile_max_width":0,"ocean_custom_logo_max_height":0,"ocean_custom_logo_tablet_max_height":0,"ocean_custom_logo_mobile_max_height":0,"ocean_header_custom_menu":"0","ocean_menu_typo_font_family":"0","ocean_menu_typo_font_subset":"","ocean_menu_typo_font_size":0,"ocean_menu_typo_font_size_tablet":0,"ocean_menu_typo_font_size_mobile":0,"ocean_menu_typo_font_size_unit":"px","ocean_menu_typo_font_weight":"","ocean_menu_typo_font_weight_tablet":"","ocean_menu_typo_font_weight_mobile":"","ocean_menu_typo_transform":"","ocean_menu_typo_transform_tablet":"","ocean_menu_typo_transform_mobile":"","ocean_menu_typo_line_height":0,"ocean_menu_typo_line_height_tablet":0,"ocean_menu_typo_line_height_mobile":0,"ocean_menu_typo_line_height_unit":"","ocean_menu_typo_spacing":0,"ocean_menu_typo_spacing_tablet":0,"ocean_menu_typo_spacing_mobile":0,"ocean_menu_typo_spacing_unit":"","ocean_menu_link_color":"","ocean_menu_link_color_hover":"","ocean_menu_link_color_active":"","ocean_menu_link_background":"","ocean_menu_link_hover_background":"","ocean_menu_link_active_background":"","ocean_menu_social_links_bg":"","ocean_menu_social_hover_links_bg":"","ocean_menu_social_links_color":"","ocean_menu_social_hover_links_color":"","ocean_disable_title":"default","ocean_disable_heading":"default","ocean_post_title":"","ocean_post_subheading":"","ocean_post_title_style":"","ocean_post_title_background_color":"","ocean_post_title_background":0,"ocean_post_title_bg_image_position":"","ocean_post_title_bg_image_attachment":"","ocean_post_title_bg_image_repeat":"","ocean_post_title_bg_image_size":"","ocean_post_title_height":0,"ocean_post_title_bg_overlay":0.5,"ocean_post_title_bg_overlay_color":"","ocean_disable_breadcrumbs":"default","ocean_breadcrumbs_color":"","ocean_breadcrumbs_separator_color":"","ocean_breadcrumbs_links_color":"","ocean_breadcrumbs_links_hover_color":"","ocean_display_footer_widgets":"default","ocean_display_footer_bottom":"default","ocean_custom_footer_template":"0","omw_enable_modal_window":"enable"},"product_brand":[843],"product_cat":[73,68],"product_tag":[],"class_list":{"0":"post-9892","1":"product","2":"type-product","3":"status-publish","4":"has-post-thumbnail","6":"product_brand-kn","7":"product_cat-filtros-de-oleo","8":"product_cat-manutencao","10":"entry","11":"has-media","13":"first","14":"instock","15":"shipping-taxable","16":"purchasable","17":"product-type-simple","18":"has-product-nav","19":"col","20":"span_1_of_4","21":"owp-content-right","22":"owp-thumbs-layout-horizontal","23":"owp-btn-normal","24":"owp-tabs-layout-horizontal","25":"has-no-thumbnails"},"yoast_head":"<!-- This site is optimized with the Yoast SEO plugin v27.4 - https:\/\/yoast.com\/product\/yoast-seo-wordpress\/ -->\n<title>K&amp;N Filtro de \u00f3leo KN-171B (Harley-Davidson) - Moto Leonardo<\/title>\n<meta name=\"robots\" content=\"index, follow, max-snippet:-1, max-image-preview:large, max-video-preview:-1\" \/>\n<link rel=\"canonical\" href=\"https:\/\/motoleonardo.com\/?product=kn-filtro-de-oleo-kn-171b-harley-davidson\" \/>\n<meta property=\"og:locale\" content=\"pt_PT\" \/>\n<meta property=\"og:type\" content=\"article\" \/>\n<meta property=\"og:title\" content=\"K&amp;N Filtro de \u00f3leo KN-171B (Harley-Davidson) - Moto Leonardo\" \/>\n<meta property=\"og:description\" content=\"A K&amp;N oferece um filtro de \u00f3leo de alta qualidade, fabricado com um meio filtrante sint\u00e9tico especificamente concebido para suportar as elevadas concentra\u00e7\u00f5es dos \u00f3leos sint\u00e9ticos de competi\u00e7\u00e3o Um meio filtrante de grandes dimens\u00f5es proporciona caudais elevados e uma filtragem de \u00f3leo excecional, para manter o seu motor a funcionar de forma limpa e suave O meio filtrante sint\u00e9tico com pregas uniformes oferece uma elevada capacidade e uma filtragem excecional O meio filtrante sint\u00e9tico permite taxas de fluxo mais elevadas associadas a \u00f3leos sint\u00e9ticos e misturas de \u00f3leos sint\u00e9ticos Protegido por um inv\u00f3lucro e uma placa de base resistentes, com uma veda\u00e7\u00e3o de dupla lamina\u00e7\u00e3o Junta de base pr\u00e9-lubrificada A v\u00e1lvula de reten\u00e7\u00e3o\/anti-retorno impede o refluxo e os arranques a seco (quando aplic\u00e1vel) Porca hexagonal de 17 mm (pr\u00e9-perfurada para fixa\u00e7\u00e3o com fio de seguran\u00e7a) permite uma instala\u00e7\u00e3o f\u00e1cil e remo\u00e7\u00e3o com chave\" \/>\n<meta property=\"og:url\" content=\"https:\/\/motoleonardo.com\/?product=kn-filtro-de-oleo-kn-171b-harley-davidson\" \/>\n<meta property=\"og:site_name\" content=\"Moto Leonardo\" \/>\n<meta property=\"article:publisher\" content=\"https:\/\/www.facebook.com\/motoleonardopt\" \/>\n<meta property=\"og:image\" content=\"https:\/\/motoleonardo.com\/wp-content\/uploads\/2024\/04\/KN-148_4.webp\" \/>\n\t<meta property=\"og:image:width\" content=\"1080\" \/>\n\t<meta property=\"og:image:height\" content=\"1080\" \/>\n\t<meta property=\"og:image:type\" content=\"image\/webp\" \/>\n<meta name=\"twitter:card\" content=\"summary_large_image\" \/>\n<meta name=\"twitter:label1\" content=\"Tempo estimado de leitura\" \/>\n\t<meta name=\"twitter:data1\" content=\"1 minuto\" \/>\n<script type=\"application\/ld+json\" class=\"yoast-schema-graph\">{\"@context\":\"https:\\\/\\\/schema.org\",\"@graph\":[{\"@type\":\"WebPage\",\"@id\":\"https:\\\/\\\/motoleonardo.com\\\/?product=kn-filtro-de-oleo-kn-171b-harley-davidson\",\"url\":\"https:\\\/\\\/motoleonardo.com\\\/?product=kn-filtro-de-oleo-kn-171b-harley-davidson\",\"name\":\"K&N Filtro de \u00f3leo KN-171B (Harley-Davidson) - Moto Leonardo\",\"isPartOf\":{\"@id\":\"https:\\\/\\\/motoleonardo.com\\\/#website\"},\"primaryImageOfPage\":{\"@id\":\"https:\\\/\\\/motoleonardo.com\\\/?product=kn-filtro-de-oleo-kn-171b-harley-davidson#primaryimage\"},\"image\":{\"@id\":\"https:\\\/\\\/motoleonardo.com\\\/?product=kn-filtro-de-oleo-kn-171b-harley-davidson#primaryimage\"},\"thumbnailUrl\":\"https:\\\/\\\/i0.wp.com\\\/motoleonardo.com\\\/wp-content\\\/uploads\\\/2024\\\/04\\\/KN-148_4.webp?fit=1080%2C1080&ssl=1\",\"datePublished\":\"2026-04-13T20:23:04+00:00\",\"breadcrumb\":{\"@id\":\"https:\\\/\\\/motoleonardo.com\\\/?product=kn-filtro-de-oleo-kn-171b-harley-davidson#breadcrumb\"},\"inLanguage\":\"pt-PT\",\"potentialAction\":[{\"@type\":\"ReadAction\",\"target\":[\"https:\\\/\\\/motoleonardo.com\\\/?product=kn-filtro-de-oleo-kn-171b-harley-davidson\"]}]},{\"@type\":\"ImageObject\",\"inLanguage\":\"pt-PT\",\"@id\":\"https:\\\/\\\/motoleonardo.com\\\/?product=kn-filtro-de-oleo-kn-171b-harley-davidson#primaryimage\",\"url\":\"https:\\\/\\\/i0.wp.com\\\/motoleonardo.com\\\/wp-content\\\/uploads\\\/2024\\\/04\\\/KN-148_4.webp?fit=1080%2C1080&ssl=1\",\"contentUrl\":\"https:\\\/\\\/i0.wp.com\\\/motoleonardo.com\\\/wp-content\\\/uploads\\\/2024\\\/04\\\/KN-148_4.webp?fit=1080%2C1080&ssl=1\",\"width\":1080,\"height\":1080},{\"@type\":\"BreadcrumbList\",\"@id\":\"https:\\\/\\\/motoleonardo.com\\\/?product=kn-filtro-de-oleo-kn-171b-harley-davidson#breadcrumb\",\"itemListElement\":[{\"@type\":\"ListItem\",\"position\":1,\"name\":\"In\u00edcio\",\"item\":\"https:\\\/\\\/motoleonardo.com\\\/\"},{\"@type\":\"ListItem\",\"position\":2,\"name\":\"Todas Categorias\",\"item\":\"https:\\\/\\\/motoleonardo.com\\\/?page_id=252\"},{\"@type\":\"ListItem\",\"position\":3,\"name\":\"K&#038;N Filtro de \u00f3leo KN-171B (Harley-Davidson)\"}]},{\"@type\":\"WebSite\",\"@id\":\"https:\\\/\\\/motoleonardo.com\\\/#website\",\"url\":\"https:\\\/\\\/motoleonardo.com\\\/\",\"name\":\"Moto Leonardo\",\"description\":\"Motas Novas e Usadas - Oficina Multimarcas - Pe\u00e7as, Acess\u00f3rios e Equipamento\",\"publisher\":{\"@id\":\"https:\\\/\\\/motoleonardo.com\\\/#organization\"},\"potentialAction\":[{\"@type\":\"SearchAction\",\"target\":{\"@type\":\"EntryPoint\",\"urlTemplate\":\"https:\\\/\\\/motoleonardo.com\\\/?s={search_term_string}\"},\"query-input\":{\"@type\":\"PropertyValueSpecification\",\"valueRequired\":true,\"valueName\":\"search_term_string\"}}],\"inLanguage\":\"pt-PT\"},{\"@type\":\"Organization\",\"@id\":\"https:\\\/\\\/motoleonardo.com\\\/#organization\",\"name\":\"Moto Leonardo\",\"url\":\"https:\\\/\\\/motoleonardo.com\\\/\",\"logo\":{\"@type\":\"ImageObject\",\"inLanguage\":\"pt-PT\",\"@id\":\"https:\\\/\\\/motoleonardo.com\\\/#\\\/schema\\\/logo\\\/image\\\/\",\"url\":\"https:\\\/\\\/i0.wp.com\\\/motoleonardo.com\\\/wp-content\\\/uploads\\\/2022\\\/10\\\/cropped-Professional-Initial-Letter-Typography-Logo.png?fit=512%2C512&ssl=1\",\"contentUrl\":\"https:\\\/\\\/i0.wp.com\\\/motoleonardo.com\\\/wp-content\\\/uploads\\\/2022\\\/10\\\/cropped-Professional-Initial-Letter-Typography-Logo.png?fit=512%2C512&ssl=1\",\"width\":512,\"height\":512,\"caption\":\"Moto Leonardo\"},\"image\":{\"@id\":\"https:\\\/\\\/motoleonardo.com\\\/#\\\/schema\\\/logo\\\/image\\\/\"},\"sameAs\":[\"https:\\\/\\\/www.facebook.com\\\/motoleonardopt\",\"https:\\\/\\\/www.instagram.com\\\/moto_leonardo\\\/\"]}]}<\/script>\n<!-- \/ Yoast SEO plugin. -->","yoast_head_json":{"title":"K&N Filtro de \u00f3leo KN-171B (Harley-Davidson) - Moto Leonardo","robots":{"index":"index","follow":"follow","max-snippet":"max-snippet:-1","max-image-preview":"max-image-preview:large","max-video-preview":"max-video-preview:-1"},"canonical":"https:\/\/motoleonardo.com\/?product=kn-filtro-de-oleo-kn-171b-harley-davidson","og_locale":"pt_PT","og_type":"article","og_title":"K&N Filtro de \u00f3leo KN-171B (Harley-Davidson) - Moto Leonardo","og_description":"A K&amp;N oferece um filtro de \u00f3leo de alta qualidade, fabricado com um meio filtrante sint\u00e9tico especificamente concebido para suportar as elevadas concentra\u00e7\u00f5es dos \u00f3leos sint\u00e9ticos de competi\u00e7\u00e3o Um meio filtrante de grandes dimens\u00f5es proporciona caudais elevados e uma filtragem de \u00f3leo excecional, para manter o seu motor a funcionar de forma limpa e suave O meio filtrante sint\u00e9tico com pregas uniformes oferece uma elevada capacidade e uma filtragem excecional O meio filtrante sint\u00e9tico permite taxas de fluxo mais elevadas associadas a \u00f3leos sint\u00e9ticos e misturas de \u00f3leos sint\u00e9ticos Protegido por um inv\u00f3lucro e uma placa de base resistentes, com uma veda\u00e7\u00e3o de dupla lamina\u00e7\u00e3o Junta de base pr\u00e9-lubrificada A v\u00e1lvula de reten\u00e7\u00e3o\/anti-retorno impede o refluxo e os arranques a seco (quando aplic\u00e1vel) Porca hexagonal de 17 mm (pr\u00e9-perfurada para fixa\u00e7\u00e3o com fio de seguran\u00e7a) permite uma instala\u00e7\u00e3o f\u00e1cil e remo\u00e7\u00e3o com chave","og_url":"https:\/\/motoleonardo.com\/?product=kn-filtro-de-oleo-kn-171b-harley-davidson","og_site_name":"Moto Leonardo","article_publisher":"https:\/\/www.facebook.com\/motoleonardopt","og_image":[{"width":1080,"height":1080,"url":"https:\/\/motoleonardo.com\/wp-content\/uploads\/2024\/04\/KN-148_4.webp","type":"image\/webp"}],"twitter_card":"summary_large_image","twitter_misc":{"Tempo estimado de leitura":"1 minuto"},"schema":{"@context":"https:\/\/schema.org","@graph":[{"@type":"WebPage","@id":"https:\/\/motoleonardo.com\/?product=kn-filtro-de-oleo-kn-171b-harley-davidson","url":"https:\/\/motoleonardo.com\/?product=kn-filtro-de-oleo-kn-171b-harley-davidson","name":"K&N Filtro de \u00f3leo KN-171B (Harley-Davidson) - Moto Leonardo","isPartOf":{"@id":"https:\/\/motoleonardo.com\/#website"},"primaryImageOfPage":{"@id":"https:\/\/motoleonardo.com\/?product=kn-filtro-de-oleo-kn-171b-harley-davidson#primaryimage"},"image":{"@id":"https:\/\/motoleonardo.com\/?product=kn-filtro-de-oleo-kn-171b-harley-davidson#primaryimage"},"thumbnailUrl":"https:\/\/i0.wp.com\/motoleonardo.com\/wp-content\/uploads\/2024\/04\/KN-148_4.webp?fit=1080%2C1080&ssl=1","datePublished":"2026-04-13T20:23:04+00:00","breadcrumb":{"@id":"https:\/\/motoleonardo.com\/?product=kn-filtro-de-oleo-kn-171b-harley-davidson#breadcrumb"},"inLanguage":"pt-PT","potentialAction":[{"@type":"ReadAction","target":["https:\/\/motoleonardo.com\/?product=kn-filtro-de-oleo-kn-171b-harley-davidson"]}]},{"@type":"ImageObject","inLanguage":"pt-PT","@id":"https:\/\/motoleonardo.com\/?product=kn-filtro-de-oleo-kn-171b-harley-davidson#primaryimage","url":"https:\/\/i0.wp.com\/motoleonardo.com\/wp-content\/uploads\/2024\/04\/KN-148_4.webp?fit=1080%2C1080&ssl=1","contentUrl":"https:\/\/i0.wp.com\/motoleonardo.com\/wp-content\/uploads\/2024\/04\/KN-148_4.webp?fit=1080%2C1080&ssl=1","width":1080,"height":1080},{"@type":"BreadcrumbList","@id":"https:\/\/motoleonardo.com\/?product=kn-filtro-de-oleo-kn-171b-harley-davidson#breadcrumb","itemListElement":[{"@type":"ListItem","position":1,"name":"In\u00edcio","item":"https:\/\/motoleonardo.com\/"},{"@type":"ListItem","position":2,"name":"Todas Categorias","item":"https:\/\/motoleonardo.com\/?page_id=252"},{"@type":"ListItem","position":3,"name":"K&#038;N Filtro de \u00f3leo KN-171B (Harley-Davidson)"}]},{"@type":"WebSite","@id":"https:\/\/motoleonardo.com\/#website","url":"https:\/\/motoleonardo.com\/","name":"Moto Leonardo","description":"Motas Novas e Usadas - Oficina Multimarcas - Pe\u00e7as, Acess\u00f3rios e Equipamento","publisher":{"@id":"https:\/\/motoleonardo.com\/#organization"},"potentialAction":[{"@type":"SearchAction","target":{"@type":"EntryPoint","urlTemplate":"https:\/\/motoleonardo.com\/?s={search_term_string}"},"query-input":{"@type":"PropertyValueSpecification","valueRequired":true,"valueName":"search_term_string"}}],"inLanguage":"pt-PT"},{"@type":"Organization","@id":"https:\/\/motoleonardo.com\/#organization","name":"Moto Leonardo","url":"https:\/\/motoleonardo.com\/","logo":{"@type":"ImageObject","inLanguage":"pt-PT","@id":"https:\/\/motoleonardo.com\/#\/schema\/logo\/image\/","url":"https:\/\/i0.wp.com\/motoleonardo.com\/wp-content\/uploads\/2022\/10\/cropped-Professional-Initial-Letter-Typography-Logo.png?fit=512%2C512&ssl=1","contentUrl":"https:\/\/i0.wp.com\/motoleonardo.com\/wp-content\/uploads\/2022\/10\/cropped-Professional-Initial-Letter-Typography-Logo.png?fit=512%2C512&ssl=1","width":512,"height":512,"caption":"Moto Leonardo"},"image":{"@id":"https:\/\/motoleonardo.com\/#\/schema\/logo\/image\/"},"sameAs":["https:\/\/www.facebook.com\/motoleonardopt","https:\/\/www.instagram.com\/moto_leonardo\/"]}]}},"jetpack_sharing_enabled":true,"_links":{"self":[{"href":"https:\/\/motoleonardo.com\/index.php?rest_route=\/wp\/v2\/product\/9892","targetHints":{"allow":["GET"]}}],"collection":[{"href":"https:\/\/motoleonardo.com\/index.php?rest_route=\/wp\/v2\/product"}],"about":[{"href":"https:\/\/motoleonardo.com\/index.php?rest_route=\/wp\/v2\/types\/product"}],"wp:featuredmedia":[{"embeddable":true,"href":"https:\/\/motoleonardo.com\/index.php?rest_route=\/wp\/v2\/media\/5246"}],"wp:attachment":[{"href":"https:\/\/motoleonardo.com\/index.php?rest_route=%2Fwp%2Fv2%2Fmedia&parent=9892"}],"wp:term":[{"taxonomy":"product_brand","embeddable":true,"href":"https:\/\/motoleonardo.com\/index.php?rest_route=%2Fwp%2Fv2%2Fproduct_brand&post=9892"},{"taxonomy":"product_cat","embeddable":true,"href":"https:\/\/motoleonardo.com\/index.php?rest_route=%2Fwp%2Fv2%2Fproduct_cat&post=9892"},{"taxonomy":"product_tag","embeddable":true,"href":"https:\/\/motoleonardo.com\/index.php?rest_route=%2Fwp%2Fv2%2Fproduct_tag&post=9892"}],"curies":[{"name":"wp","href":"https:\/\/api.w.org\/{rel}","templated":true}]}}