{"id":9907,"date":"2026-05-09T08:29:45","date_gmt":"2026-05-09T08:29:45","guid":{"rendered":"https:\/\/motoleonardo.com\/?post_type=product&#038;p=9907"},"modified":"2026-05-09T08:33:01","modified_gmt":"2026-05-09T08:33:01","slug":"oleo-de-motor-2-tempos-liqui-moly-sintetico-2t-street-race-frasco-1l","status":"publish","type":"product","link":"https:\/\/motoleonardo.com\/?product=oleo-de-motor-2-tempos-liqui-moly-sintetico-2t-street-race-frasco-1l","title":{"rendered":"\u00d3leo de Motor 2 Tempos LIQUI MOLY Sint\u00e9tico 2T Street Race &#8211; Frasco 1L"},"content":{"rendered":"<p>\u00d3leo para motores de alto rendimento 100 % sint\u00e9tico. Garante o m\u00e1ximo de rendimento, lubrifica\u00e7\u00e3o, prote\u00e7\u00e3o contra o desgaste e limpeza do motor sob todas as condi\u00e7\u00f5es de funcionamento. Proporciona excelentes valores de fric\u00e7\u00e3o, uma reduzida emiss\u00e3o de fumos, aumentando assim o prazer de condu\u00e7\u00e3o. Testado para catalisadores. Aprovado para corridas.<br \/>\nPara lubrifica\u00e7\u00e3o separada e por mistura de motores a 2 tempos arrefecidos por ar e \u00e1gua. Ideal para a condu\u00e7\u00e3o desportiva. Auto mistura. Propor\u00e7\u00e3o de mistura at\u00e9 1:100 de acordo com as prescri\u00e7\u00f5es do fabricante.<strong><br \/>\n<\/strong><\/p>\n<ul class=\"check-list\">\n<li class=\"value\">elevada protec\u00e7\u00e3o contra o desgaste<\/li>\n<li class=\"value\">altamente est\u00e1vel a n\u00edvel t\u00e9rmico<\/li>\n<li class=\"value\">boa protec\u00e7\u00e3o contra a corros\u00e3o<\/li>\n<li class=\"value\">automistura<\/li>\n<li class=\"value\">combust\u00e3o sem res\u00edduos<\/li>\n<\/ul>\n<p><strong><br \/>\nAplica\u00e7\u00e3o<br \/>\n<\/strong>Em caso de lubrifica\u00e7\u00e3o por mistura, deitar o conte\u00fado da lata no dep\u00f3sito de combust\u00edvel e reabastecer de combust\u00edvel de acordo com a rela\u00e7\u00e3o de mistura. A mistura ocorre por ac\u00e7\u00e3o pr\u00f3pria. Em caso de lubrifica\u00e7\u00e3o separada, deitar o conte\u00fado da lata no dep\u00f3sito de \u00f3leo. O \u00f3leo \u00e9 misturado ao combust\u00edvel atrav\u00e9s de um dispositivo de dosagem.<\/p>\n<p><strong>Especifica\u00e7\u00f5es \/ Aprova\u00e7\u00f5es<\/strong><br \/>\nAPI TC, Husqvarna, ISO L-EGD, JASO FD<\/p>\n","protected":false},"excerpt":{"rendered":"<p>\u00d3leo para motores de alto rendimento 100 % sint\u00e9tico. Garante o m\u00e1ximo de rendimento, lubrifica\u00e7\u00e3o, prote\u00e7\u00e3o contra o desgaste e limpeza do motor sob todas as condi\u00e7\u00f5es de funcionamento. Proporciona excelentes valores de fric\u00e7\u00e3o, uma reduzida emiss\u00e3o de fumos, aumentando assim o prazer de condu\u00e7\u00e3o. Testado para catalisadores. Aprovado para corridas. Para lubrifica\u00e7\u00e3o separada e por mistura de motores a 2 tempos arrefecidos por ar e \u00e1gua. Ideal para a condu\u00e7\u00e3o desportiva. Auto mistura. Propor\u00e7\u00e3o de mistura at\u00e9 1:100 de acordo com as prescri\u00e7\u00f5es do fabricante. elevada protec\u00e7\u00e3o contra o desgaste altamente est\u00e1vel a n\u00edvel t\u00e9rmico boa protec\u00e7\u00e3o contra a corros\u00e3o automistura combust\u00e3o sem res\u00edduos Aplica\u00e7\u00e3o Em caso de lubrifica\u00e7\u00e3o por mistura, deitar o conte\u00fado da lata no dep\u00f3sito de combust\u00edvel e reabastecer de combust\u00edvel de acordo com a rela\u00e7\u00e3o de mistura. A mistura ocorre por ac\u00e7\u00e3o pr\u00f3pria. Em caso de lubrifica\u00e7\u00e3o separada, deitar o conte\u00fado da lata no dep\u00f3sito de \u00f3leo. O \u00f3leo \u00e9 misturado ao combust\u00edvel atrav\u00e9s de um dispositivo de dosagem. Especifica\u00e7\u00f5es \/ Aprova\u00e7\u00f5es API TC, Husqvarna, ISO L-EGD, JASO FD<\/p>\n","protected":false},"featured_media":9908,"template":"","meta":{"ocean_post_layout":"","ocean_both_sidebars_style":"","ocean_both_sidebars_content_width":0,"ocean_both_sidebars_sidebars_width":0,"ocean_sidebar":"0","ocean_second_sidebar":"0","ocean_disable_margins":"enable","ocean_add_body_class":"","ocean_shortcode_before_top_bar":"","ocean_shortcode_after_top_bar":"","ocean_shortcode_before_header":"","ocean_shortcode_after_header":"","ocean_has_shortcode":"","ocean_shortcode_after_title":"","ocean_shortcode_before_footer_widgets":"","ocean_shortcode_after_footer_widgets":"","ocean_shortcode_before_footer_bottom":"","ocean_shortcode_after_footer_bottom":"","ocean_display_top_bar":"default","ocean_display_header":"default","ocean_header_style":"","ocean_center_header_left_menu":"0","ocean_custom_header_template":"0","ocean_custom_logo":0,"ocean_custom_retina_logo":0,"ocean_custom_logo_max_width":0,"ocean_custom_logo_tablet_max_width":0,"ocean_custom_logo_mobile_max_width":0,"ocean_custom_logo_max_height":0,"ocean_custom_logo_tablet_max_height":0,"ocean_custom_logo_mobile_max_height":0,"ocean_header_custom_menu":"0","ocean_menu_typo_font_family":"0","ocean_menu_typo_font_subset":"","ocean_menu_typo_font_size":0,"ocean_menu_typo_font_size_tablet":0,"ocean_menu_typo_font_size_mobile":0,"ocean_menu_typo_font_size_unit":"px","ocean_menu_typo_font_weight":"","ocean_menu_typo_font_weight_tablet":"","ocean_menu_typo_font_weight_mobile":"","ocean_menu_typo_transform":"","ocean_menu_typo_transform_tablet":"","ocean_menu_typo_transform_mobile":"","ocean_menu_typo_line_height":0,"ocean_menu_typo_line_height_tablet":0,"ocean_menu_typo_line_height_mobile":0,"ocean_menu_typo_line_height_unit":"","ocean_menu_typo_spacing":0,"ocean_menu_typo_spacing_tablet":0,"ocean_menu_typo_spacing_mobile":0,"ocean_menu_typo_spacing_unit":"","ocean_menu_link_color":"","ocean_menu_link_color_hover":"","ocean_menu_link_color_active":"","ocean_menu_link_background":"","ocean_menu_link_hover_background":"","ocean_menu_link_active_background":"","ocean_menu_social_links_bg":"","ocean_menu_social_hover_links_bg":"","ocean_menu_social_links_color":"","ocean_menu_social_hover_links_color":"","ocean_disable_title":"default","ocean_disable_heading":"default","ocean_post_title":"","ocean_post_subheading":"","ocean_post_title_style":"","ocean_post_title_background_color":"","ocean_post_title_background":0,"ocean_post_title_bg_image_position":"","ocean_post_title_bg_image_attachment":"","ocean_post_title_bg_image_repeat":"","ocean_post_title_bg_image_size":"","ocean_post_title_height":0,"ocean_post_title_bg_overlay":0.5,"ocean_post_title_bg_overlay_color":"","ocean_disable_breadcrumbs":"default","ocean_breadcrumbs_color":"","ocean_breadcrumbs_separator_color":"","ocean_breadcrumbs_links_color":"","ocean_breadcrumbs_links_hover_color":"","ocean_display_footer_widgets":"default","ocean_display_footer_bottom":"default","ocean_custom_footer_template":"0","omw_enable_modal_window":"enable"},"product_brand":[776],"product_cat":[68,145],"product_tag":[],"class_list":{"0":"post-9907","1":"product","2":"type-product","3":"status-publish","4":"has-post-thumbnail","6":"product_brand-liqui-moly","7":"product_cat-manutencao","8":"product_cat-oleo-mistura-2t","10":"entry","11":"has-media","13":"first","14":"instock","15":"sale","16":"shipping-taxable","17":"purchasable","18":"product-type-simple","19":"has-product-nav","20":"col","21":"span_1_of_4","22":"owp-content-right","23":"owp-thumbs-layout-horizontal","24":"owp-btn-normal","25":"owp-tabs-layout-horizontal","26":"has-no-thumbnails"},"yoast_head":"<!-- This site is optimized with the Yoast SEO plugin v27.5 - https:\/\/yoast.com\/product\/yoast-seo-wordpress\/ -->\n<title>\u00d3leo de Motor 2 Tempos LIQUI MOLY Sint\u00e9tico 2T Street Race - Frasco 1L - Moto Leonardo<\/title>\n<meta name=\"description\" content=\"O lubrificante definitivo para motores 2 tempos de alto rendimento. Tecnologia sint\u00e9tica que oferece m\u00e1xima acelera\u00e7\u00e3o e prote\u00e7\u00e3o contra o desgaste.\" \/>\n<meta name=\"robots\" content=\"index, follow, max-snippet:-1, max-image-preview:large, max-video-preview:-1\" \/>\n<link rel=\"canonical\" href=\"https:\/\/motoleonardo.com\/?product=oleo-de-motor-2-tempos-liqui-moly-sintetico-2t-street-race-frasco-1l\" \/>\n<meta property=\"og:locale\" content=\"pt_PT\" \/>\n<meta property=\"og:type\" content=\"article\" \/>\n<meta property=\"og:title\" content=\"\u00d3leo de Motor 2 Tempos LIQUI MOLY Sint\u00e9tico 2T Street Race - Frasco 1L - Moto Leonardo\" \/>\n<meta property=\"og:description\" content=\"O lubrificante definitivo para motores 2 tempos de alto rendimento. Tecnologia sint\u00e9tica que oferece m\u00e1xima acelera\u00e7\u00e3o e prote\u00e7\u00e3o contra o desgaste.\" \/>\n<meta property=\"og:url\" content=\"https:\/\/motoleonardo.com\/?product=oleo-de-motor-2-tempos-liqui-moly-sintetico-2t-street-race-frasco-1l\" \/>\n<meta property=\"og:site_name\" content=\"Moto Leonardo\" \/>\n<meta property=\"article:publisher\" content=\"https:\/\/www.facebook.com\/motoleonardopt\" \/>\n<meta property=\"article:modified_time\" content=\"2026-05-09T08:33:01+00:00\" \/>\n<meta property=\"og:image\" content=\"https:\/\/motoleonardo.com\/wp-content\/uploads\/2026\/05\/liquimoly2tstreetrace.jpeg\" \/>\n\t<meta property=\"og:image:width\" content=\"800\" \/>\n\t<meta property=\"og:image:height\" content=\"800\" \/>\n\t<meta property=\"og:image:type\" content=\"image\/jpeg\" \/>\n<meta name=\"twitter:card\" content=\"summary_large_image\" \/>\n<meta name=\"twitter:label1\" content=\"Tempo estimado de leitura\" \/>\n\t<meta name=\"twitter:data1\" content=\"2 minutos\" \/>\n<script type=\"application\/ld+json\" class=\"yoast-schema-graph\">{\"@context\":\"https:\\\/\\\/schema.org\",\"@graph\":[{\"@type\":\"WebPage\",\"@id\":\"https:\\\/\\\/motoleonardo.com\\\/?product=oleo-de-motor-2-tempos-liqui-moly-sintetico-2t-street-race-frasco-1l\",\"url\":\"https:\\\/\\\/motoleonardo.com\\\/?product=oleo-de-motor-2-tempos-liqui-moly-sintetico-2t-street-race-frasco-1l\",\"name\":\"\u00d3leo de Motor 2 Tempos LIQUI MOLY Sint\u00e9tico 2T Street Race - Frasco 1L - Moto Leonardo\",\"isPartOf\":{\"@id\":\"https:\\\/\\\/motoleonardo.com\\\/#website\"},\"primaryImageOfPage\":{\"@id\":\"https:\\\/\\\/motoleonardo.com\\\/?product=oleo-de-motor-2-tempos-liqui-moly-sintetico-2t-street-race-frasco-1l#primaryimage\"},\"image\":{\"@id\":\"https:\\\/\\\/motoleonardo.com\\\/?product=oleo-de-motor-2-tempos-liqui-moly-sintetico-2t-street-race-frasco-1l#primaryimage\"},\"thumbnailUrl\":\"https:\\\/\\\/i0.wp.com\\\/motoleonardo.com\\\/wp-content\\\/uploads\\\/2026\\\/05\\\/liquimoly2tstreetrace.jpeg?fit=800%2C800&ssl=1\",\"datePublished\":\"2026-05-09T08:29:45+00:00\",\"dateModified\":\"2026-05-09T08:33:01+00:00\",\"description\":\"O lubrificante definitivo para motores 2 tempos de alto rendimento. Tecnologia sint\u00e9tica que oferece m\u00e1xima acelera\u00e7\u00e3o e prote\u00e7\u00e3o contra o desgaste.\",\"breadcrumb\":{\"@id\":\"https:\\\/\\\/motoleonardo.com\\\/?product=oleo-de-motor-2-tempos-liqui-moly-sintetico-2t-street-race-frasco-1l#breadcrumb\"},\"inLanguage\":\"pt-PT\",\"potentialAction\":[{\"@type\":\"ReadAction\",\"target\":[\"https:\\\/\\\/motoleonardo.com\\\/?product=oleo-de-motor-2-tempos-liqui-moly-sintetico-2t-street-race-frasco-1l\"]}]},{\"@type\":\"ImageObject\",\"inLanguage\":\"pt-PT\",\"@id\":\"https:\\\/\\\/motoleonardo.com\\\/?product=oleo-de-motor-2-tempos-liqui-moly-sintetico-2t-street-race-frasco-1l#primaryimage\",\"url\":\"https:\\\/\\\/i0.wp.com\\\/motoleonardo.com\\\/wp-content\\\/uploads\\\/2026\\\/05\\\/liquimoly2tstreetrace.jpeg?fit=800%2C800&ssl=1\",\"contentUrl\":\"https:\\\/\\\/i0.wp.com\\\/motoleonardo.com\\\/wp-content\\\/uploads\\\/2026\\\/05\\\/liquimoly2tstreetrace.jpeg?fit=800%2C800&ssl=1\",\"width\":800,\"height\":800},{\"@type\":\"BreadcrumbList\",\"@id\":\"https:\\\/\\\/motoleonardo.com\\\/?product=oleo-de-motor-2-tempos-liqui-moly-sintetico-2t-street-race-frasco-1l#breadcrumb\",\"itemListElement\":[{\"@type\":\"ListItem\",\"position\":1,\"name\":\"In\u00edcio\",\"item\":\"https:\\\/\\\/motoleonardo.com\\\/\"},{\"@type\":\"ListItem\",\"position\":2,\"name\":\"Todas Categorias\",\"item\":\"https:\\\/\\\/motoleonardo.com\\\/?page_id=252\"},{\"@type\":\"ListItem\",\"position\":3,\"name\":\"\u00d3leo de Motor 2 Tempos LIQUI MOLY Sint\u00e9tico 2T Street Race &#8211; Frasco 1L\"}]},{\"@type\":\"WebSite\",\"@id\":\"https:\\\/\\\/motoleonardo.com\\\/#website\",\"url\":\"https:\\\/\\\/motoleonardo.com\\\/\",\"name\":\"Moto Leonardo\",\"description\":\"Motas Novas e Usadas - Oficina Multimarcas - Pe\u00e7as, Acess\u00f3rios e Equipamento\",\"publisher\":{\"@id\":\"https:\\\/\\\/motoleonardo.com\\\/#organization\"},\"potentialAction\":[{\"@type\":\"SearchAction\",\"target\":{\"@type\":\"EntryPoint\",\"urlTemplate\":\"https:\\\/\\\/motoleonardo.com\\\/?s={search_term_string}\"},\"query-input\":{\"@type\":\"PropertyValueSpecification\",\"valueRequired\":true,\"valueName\":\"search_term_string\"}}],\"inLanguage\":\"pt-PT\"},{\"@type\":\"Organization\",\"@id\":\"https:\\\/\\\/motoleonardo.com\\\/#organization\",\"name\":\"Moto Leonardo\",\"url\":\"https:\\\/\\\/motoleonardo.com\\\/\",\"logo\":{\"@type\":\"ImageObject\",\"inLanguage\":\"pt-PT\",\"@id\":\"https:\\\/\\\/motoleonardo.com\\\/#\\\/schema\\\/logo\\\/image\\\/\",\"url\":\"https:\\\/\\\/i0.wp.com\\\/motoleonardo.com\\\/wp-content\\\/uploads\\\/2022\\\/10\\\/cropped-Professional-Initial-Letter-Typography-Logo.png?fit=512%2C512&ssl=1\",\"contentUrl\":\"https:\\\/\\\/i0.wp.com\\\/motoleonardo.com\\\/wp-content\\\/uploads\\\/2022\\\/10\\\/cropped-Professional-Initial-Letter-Typography-Logo.png?fit=512%2C512&ssl=1\",\"width\":512,\"height\":512,\"caption\":\"Moto Leonardo\"},\"image\":{\"@id\":\"https:\\\/\\\/motoleonardo.com\\\/#\\\/schema\\\/logo\\\/image\\\/\"},\"sameAs\":[\"https:\\\/\\\/www.facebook.com\\\/motoleonardopt\",\"https:\\\/\\\/www.instagram.com\\\/moto_leonardo\\\/\"]}]}<\/script>\n<!-- \/ Yoast SEO plugin. -->","yoast_head_json":{"title":"\u00d3leo de Motor 2 Tempos LIQUI MOLY Sint\u00e9tico 2T Street Race - Frasco 1L - Moto Leonardo","description":"O lubrificante definitivo para motores 2 tempos de alto rendimento. Tecnologia sint\u00e9tica que oferece m\u00e1xima acelera\u00e7\u00e3o e prote\u00e7\u00e3o contra o desgaste.","robots":{"index":"index","follow":"follow","max-snippet":"max-snippet:-1","max-image-preview":"max-image-preview:large","max-video-preview":"max-video-preview:-1"},"canonical":"https:\/\/motoleonardo.com\/?product=oleo-de-motor-2-tempos-liqui-moly-sintetico-2t-street-race-frasco-1l","og_locale":"pt_PT","og_type":"article","og_title":"\u00d3leo de Motor 2 Tempos LIQUI MOLY Sint\u00e9tico 2T Street Race - Frasco 1L - Moto Leonardo","og_description":"O lubrificante definitivo para motores 2 tempos de alto rendimento. Tecnologia sint\u00e9tica que oferece m\u00e1xima acelera\u00e7\u00e3o e prote\u00e7\u00e3o contra o desgaste.","og_url":"https:\/\/motoleonardo.com\/?product=oleo-de-motor-2-tempos-liqui-moly-sintetico-2t-street-race-frasco-1l","og_site_name":"Moto Leonardo","article_publisher":"https:\/\/www.facebook.com\/motoleonardopt","article_modified_time":"2026-05-09T08:33:01+00:00","og_image":[{"width":800,"height":800,"url":"https:\/\/motoleonardo.com\/wp-content\/uploads\/2026\/05\/liquimoly2tstreetrace.jpeg","type":"image\/jpeg"}],"twitter_card":"summary_large_image","twitter_misc":{"Tempo estimado de leitura":"2 minutos"},"schema":{"@context":"https:\/\/schema.org","@graph":[{"@type":"WebPage","@id":"https:\/\/motoleonardo.com\/?product=oleo-de-motor-2-tempos-liqui-moly-sintetico-2t-street-race-frasco-1l","url":"https:\/\/motoleonardo.com\/?product=oleo-de-motor-2-tempos-liqui-moly-sintetico-2t-street-race-frasco-1l","name":"\u00d3leo de Motor 2 Tempos LIQUI MOLY Sint\u00e9tico 2T Street Race - Frasco 1L - Moto Leonardo","isPartOf":{"@id":"https:\/\/motoleonardo.com\/#website"},"primaryImageOfPage":{"@id":"https:\/\/motoleonardo.com\/?product=oleo-de-motor-2-tempos-liqui-moly-sintetico-2t-street-race-frasco-1l#primaryimage"},"image":{"@id":"https:\/\/motoleonardo.com\/?product=oleo-de-motor-2-tempos-liqui-moly-sintetico-2t-street-race-frasco-1l#primaryimage"},"thumbnailUrl":"https:\/\/i0.wp.com\/motoleonardo.com\/wp-content\/uploads\/2026\/05\/liquimoly2tstreetrace.jpeg?fit=800%2C800&ssl=1","datePublished":"2026-05-09T08:29:45+00:00","dateModified":"2026-05-09T08:33:01+00:00","description":"O lubrificante definitivo para motores 2 tempos de alto rendimento. Tecnologia sint\u00e9tica que oferece m\u00e1xima acelera\u00e7\u00e3o e prote\u00e7\u00e3o contra o desgaste.","breadcrumb":{"@id":"https:\/\/motoleonardo.com\/?product=oleo-de-motor-2-tempos-liqui-moly-sintetico-2t-street-race-frasco-1l#breadcrumb"},"inLanguage":"pt-PT","potentialAction":[{"@type":"ReadAction","target":["https:\/\/motoleonardo.com\/?product=oleo-de-motor-2-tempos-liqui-moly-sintetico-2t-street-race-frasco-1l"]}]},{"@type":"ImageObject","inLanguage":"pt-PT","@id":"https:\/\/motoleonardo.com\/?product=oleo-de-motor-2-tempos-liqui-moly-sintetico-2t-street-race-frasco-1l#primaryimage","url":"https:\/\/i0.wp.com\/motoleonardo.com\/wp-content\/uploads\/2026\/05\/liquimoly2tstreetrace.jpeg?fit=800%2C800&ssl=1","contentUrl":"https:\/\/i0.wp.com\/motoleonardo.com\/wp-content\/uploads\/2026\/05\/liquimoly2tstreetrace.jpeg?fit=800%2C800&ssl=1","width":800,"height":800},{"@type":"BreadcrumbList","@id":"https:\/\/motoleonardo.com\/?product=oleo-de-motor-2-tempos-liqui-moly-sintetico-2t-street-race-frasco-1l#breadcrumb","itemListElement":[{"@type":"ListItem","position":1,"name":"In\u00edcio","item":"https:\/\/motoleonardo.com\/"},{"@type":"ListItem","position":2,"name":"Todas Categorias","item":"https:\/\/motoleonardo.com\/?page_id=252"},{"@type":"ListItem","position":3,"name":"\u00d3leo de Motor 2 Tempos LIQUI MOLY Sint\u00e9tico 2T Street Race &#8211; Frasco 1L"}]},{"@type":"WebSite","@id":"https:\/\/motoleonardo.com\/#website","url":"https:\/\/motoleonardo.com\/","name":"Moto Leonardo","description":"Motas Novas e Usadas - Oficina Multimarcas - Pe\u00e7as, Acess\u00f3rios e Equipamento","publisher":{"@id":"https:\/\/motoleonardo.com\/#organization"},"potentialAction":[{"@type":"SearchAction","target":{"@type":"EntryPoint","urlTemplate":"https:\/\/motoleonardo.com\/?s={search_term_string}"},"query-input":{"@type":"PropertyValueSpecification","valueRequired":true,"valueName":"search_term_string"}}],"inLanguage":"pt-PT"},{"@type":"Organization","@id":"https:\/\/motoleonardo.com\/#organization","name":"Moto Leonardo","url":"https:\/\/motoleonardo.com\/","logo":{"@type":"ImageObject","inLanguage":"pt-PT","@id":"https:\/\/motoleonardo.com\/#\/schema\/logo\/image\/","url":"https:\/\/i0.wp.com\/motoleonardo.com\/wp-content\/uploads\/2022\/10\/cropped-Professional-Initial-Letter-Typography-Logo.png?fit=512%2C512&ssl=1","contentUrl":"https:\/\/i0.wp.com\/motoleonardo.com\/wp-content\/uploads\/2022\/10\/cropped-Professional-Initial-Letter-Typography-Logo.png?fit=512%2C512&ssl=1","width":512,"height":512,"caption":"Moto Leonardo"},"image":{"@id":"https:\/\/motoleonardo.com\/#\/schema\/logo\/image\/"},"sameAs":["https:\/\/www.facebook.com\/motoleonardopt","https:\/\/www.instagram.com\/moto_leonardo\/"]}]}},"jetpack_sharing_enabled":true,"_links":{"self":[{"href":"https:\/\/motoleonardo.com\/index.php?rest_route=\/wp\/v2\/product\/9907","targetHints":{"allow":["GET"]}}],"collection":[{"href":"https:\/\/motoleonardo.com\/index.php?rest_route=\/wp\/v2\/product"}],"about":[{"href":"https:\/\/motoleonardo.com\/index.php?rest_route=\/wp\/v2\/types\/product"}],"wp:featuredmedia":[{"embeddable":true,"href":"https:\/\/motoleonardo.com\/index.php?rest_route=\/wp\/v2\/media\/9908"}],"wp:attachment":[{"href":"https:\/\/motoleonardo.com\/index.php?rest_route=%2Fwp%2Fv2%2Fmedia&parent=9907"}],"wp:term":[{"taxonomy":"product_brand","embeddable":true,"href":"https:\/\/motoleonardo.com\/index.php?rest_route=%2Fwp%2Fv2%2Fproduct_brand&post=9907"},{"taxonomy":"product_cat","embeddable":true,"href":"https:\/\/motoleonardo.com\/index.php?rest_route=%2Fwp%2Fv2%2Fproduct_cat&post=9907"},{"taxonomy":"product_tag","embeddable":true,"href":"https:\/\/motoleonardo.com\/index.php?rest_route=%2Fwp%2Fv2%2Fproduct_tag&post=9907"}],"curies":[{"name":"wp","href":"https:\/\/api.w.org\/{rel}","templated":true}]}}